{"id":9536,"date":"2026-01-06T22:53:49","date_gmt":"2026-01-07T02:53:49","guid":{"rendered":"https:\/\/georgiaaccess.gov\/other-types-of-insurance\/"},"modified":"2026-03-03T21:03:40","modified_gmt":"2026-03-04T01:03:40","slug":"otros-tipos-de-cobertura","status":"publish","type":"page","link":"https:\/\/georgiaaccess.gov\/es\/otros-tipos-de-cobertura\/","title":{"rendered":"Otros tipos de cobertura"},"content":{"rendered":"\n<p>Cobertura que puede adquirir por su cuenta. Los Planes de Visi\u00f3n Individuales VSP\u00ae ofrecen cobertura de la vista completa y asequible que puede adquirir por su cuenta. Obtenga m\u00e1s informaci\u00f3n e inscr\u00edbase en <a href=\"https:\/\/nam10.safelinks.protection.outlook.com\/?url=https%3A%2F%2Fwww.vspdirect.com%2Fga-access%2Fwelcome&amp;data=05%7C02%7Cwenmchen%40deloitte.com%7Ce8ecfeedd4a147da3cf808de4d5f21f5%7C36da45f1dd2c4d1faf135abe46b99921%7C0%7C0%7C639033268399477361%7CUnknown%7CTWFpbGZsb3d8eyJFbXB0eU1hcGkiOnRydWUsIlYiOiIwLjAuMDAwMCIsIlAiOiJXaW4zMiIsIkFOIjoiTWFpbCIsIldUIjoyfQ%3D%3D%7C0%7C%7C%7C&amp;sdata=yO4waLGSfeeXNzgqoO7ud9j4Kg0w%2FQZ3T7OmZbZsIAU%3D&amp;reserved=0\" target=\"_blank\" rel=\"noreferrer noopener\">https:\/\/www.vspdirect.com\/ga-access\/welcome<\/a>.<\/p>\n\n\n\n<p><\/p>\n\n\n\n<div style=\"height:240px\" aria-hidden=\"true\" class=\"wp-block-spacer\"><\/div>\n","protected":false},"excerpt":{"rendered":"<p>Cobertura que puede adquirir por su cuenta. Los Planes de Visi\u00f3n Individuales VSP\u00ae ofrecen cobertura de la vista completa y asequible que puede adquirir por su cuenta. Obtenga m\u00e1s informaci\u00f3n e inscr\u00edbase en https:\/\/www.vspdirect.com\/ga-access\/welcome.<\/p>\n","protected":false},"author":23,"featured_media":6615,"parent":0,"menu_order":0,"comment_status":"closed","ping_status":"closed","template":"sidebar-menu-template.php","meta":{"_acf_changed":false,"inline_featured_image":false,"_uag_custom_page_level_css":"","site-sidebar-layout":"default","site-content-layout":"","ast-site-content-layout":"default","site-content-style":"default","site-sidebar-style":"default","ast-global-header-display":"","ast-banner-title-visibility":"","ast-main-header-display":"","ast-hfb-above-header-display":"","ast-hfb-below-header-display":"","ast-hfb-mobile-header-display":"","site-post-title":"","ast-breadcrumbs-content":"","ast-featured-img":"","footer-sml-layout":"","ast-disable-related-posts":"","theme-transparent-header-meta":"","adv-header-id-meta":"","stick-header-meta":"","header-above-stick-meta":"","header-main-stick-meta":"","header-below-stick-meta":"","astra-migrate-meta-layouts":"set","ast-page-background-enabled":"default","ast-page-background-meta":{"desktop":{"background-color":"var(--ast-global-color-4)","background-image":"","background-repeat":"repeat","background-position":"center center","background-size":"auto","background-attachment":"scroll","background-type":"","background-media":"","overlay-type":"","overlay-color":"","overlay-opacity":"","overlay-gradient":""},"tablet":{"background-color":"","background-image":"","background-repeat":"repeat","background-position":"center center","background-size":"auto","background-attachment":"scroll","background-type":"","background-media":"","overlay-type":"","overlay-color":"","overlay-opacity":"","overlay-gradient":""},"mobile":{"background-color":"","background-image":"","background-repeat":"repeat","background-position":"center center","background-size":"auto","background-attachment":"scroll","background-type":"","background-media":"","overlay-type":"","overlay-color":"","overlay-opacity":"","overlay-gradient":""}},"ast-content-background-meta":{"desktop":{"background-color":"var(--ast-global-color-5)","background-image":"","background-repeat":"repeat","background-position":"center center","background-size":"auto","background-attachment":"scroll","background-type":"","background-media":"","overlay-type":"","overlay-color":"","overlay-opacity":"","overlay-gradient":""},"tablet":{"background-color":"var(--ast-global-color-5)","background-image":"","background-repeat":"repeat","background-position":"center center","background-size":"auto","background-attachment":"scroll","background-type":"","background-media":"","overlay-type":"","overlay-color":"","overlay-opacity":"","overlay-gradient":""},"mobile":{"background-color":"var(--ast-global-color-5)","background-image":"","background-repeat":"repeat","background-position":"center center","background-size":"auto","background-attachment":"scroll","background-type":"","background-media":"","overlay-type":"","overlay-color":"","overlay-opacity":"","overlay-gradient":""}},"footnotes":""},"class_list":["post-9536","page","type-page","status-publish","has-post-thumbnail","hentry"],"acf":[],"yoast_head":"<!-- This site is optimized with the Yoast SEO plugin v26.8 - https:\/\/yoast.com\/product\/yoast-seo-wordpress\/ -->\n<title>Otros tipos de cobertura | Georgia Access<\/title>\n<meta name=\"description\" content=\"Descubra otros tipos de cobertura que puede comprar de forma independiente, como cobertura de la vista asequible, que no est\u00e1 disponible a trav\u00e9s del intercambio de salud estatal.\" \/>\n<meta name=\"robots\" content=\"index, follow, max-snippet:-1, max-image-preview:large, max-video-preview:-1\" \/>\n<link rel=\"canonical\" href=\"https:\/\/georgiaaccess.gov\/es\/otros-tipos-de-cobertura\/\" \/>\n<meta property=\"og:locale\" content=\"es_ES\" \/>\n<meta property=\"og:type\" content=\"article\" \/>\n<meta property=\"og:title\" content=\"Otros tipos de cobertura | Georgia Access\" \/>\n<meta property=\"og:description\" content=\"Descubra otros tipos de cobertura que puede comprar de forma independiente, como cobertura de la vista asequible, que no est\u00e1 disponible a trav\u00e9s del intercambio de salud estatal.\" \/>\n<meta property=\"og:url\" content=\"https:\/\/georgiaaccess.gov\/es\/otros-tipos-de-cobertura\/\" \/>\n<meta property=\"og:site_name\" content=\"Georgia Access\" \/>\n<meta property=\"article:modified_time\" content=\"2026-03-04T01:03:40+00:00\" \/>\n<meta property=\"og:image\" content=\"https:\/\/georgiaaccess.gov\/wp-content\/uploads\/2025\/09\/individuals-and-families-header-scaled.jpg\" \/>\n\t<meta property=\"og:image:width\" content=\"2560\" \/>\n\t<meta property=\"og:image:height\" content=\"356\" \/>\n\t<meta property=\"og:image:type\" content=\"image\/jpeg\" \/>\n<meta name=\"twitter:card\" content=\"summary_large_image\" \/>\n<meta name=\"twitter:label1\" content=\"Tiempo de lectura\" \/>\n\t<meta name=\"twitter:data1\" content=\"1 minuto\" \/>\n<script type=\"application\/ld+json\" class=\"yoast-schema-graph\">{\"@context\":\"https:\/\/schema.org\",\"@graph\":[{\"@type\":\"WebPage\",\"@id\":\"https:\/\/georgiaaccess.gov\/es\/otros-tipos-de-cobertura\/\",\"url\":\"https:\/\/georgiaaccess.gov\/es\/otros-tipos-de-cobertura\/\",\"name\":\"Otros tipos de cobertura | Georgia Access\",\"isPartOf\":{\"@id\":\"https:\/\/georgiaaccess.gov\/es\/#website\"},\"primaryImageOfPage\":{\"@id\":\"https:\/\/georgiaaccess.gov\/es\/otros-tipos-de-cobertura\/#primaryimage\"},\"image\":{\"@id\":\"https:\/\/georgiaaccess.gov\/es\/otros-tipos-de-cobertura\/#primaryimage\"},\"thumbnailUrl\":\"https:\/\/georgiaaccess.gov\/wp-content\/uploads\/2025\/09\/individuals-and-families-header-scaled.jpg\",\"datePublished\":\"2026-01-07T02:53:49+00:00\",\"dateModified\":\"2026-03-04T01:03:40+00:00\",\"description\":\"Descubra otros tipos de cobertura que puede comprar de forma independiente, como cobertura de la vista asequible, que no est\u00e1 disponible a trav\u00e9s del intercambio de salud estatal.\",\"breadcrumb\":{\"@id\":\"https:\/\/georgiaaccess.gov\/es\/otros-tipos-de-cobertura\/#breadcrumb\"},\"inLanguage\":\"es\",\"potentialAction\":[{\"@type\":\"ReadAction\",\"target\":[\"https:\/\/georgiaaccess.gov\/es\/otros-tipos-de-cobertura\/\"]}]},{\"@type\":\"ImageObject\",\"inLanguage\":\"es\",\"@id\":\"https:\/\/georgiaaccess.gov\/es\/otros-tipos-de-cobertura\/#primaryimage\",\"url\":\"https:\/\/georgiaaccess.gov\/wp-content\/uploads\/2025\/09\/individuals-and-families-header-scaled.jpg\",\"contentUrl\":\"https:\/\/georgiaaccess.gov\/wp-content\/uploads\/2025\/09\/individuals-and-families-header-scaled.jpg\",\"width\":2560,\"height\":356,\"caption\":\"A man and two young boys smiling and hugging.\"},{\"@type\":\"BreadcrumbList\",\"@id\":\"https:\/\/georgiaaccess.gov\/es\/otros-tipos-de-cobertura\/#breadcrumb\",\"itemListElement\":[{\"@type\":\"ListItem\",\"position\":1,\"name\":\"Home\",\"item\":\"https:\/\/georgiaaccess.gov\/es\/\"},{\"@type\":\"ListItem\",\"position\":2,\"name\":\"Otros tipos de cobertura\"}]},{\"@type\":\"WebSite\",\"@id\":\"https:\/\/georgiaaccess.gov\/es\/#website\",\"url\":\"https:\/\/georgiaaccess.gov\/es\/\",\"name\":\"Georgia Access\",\"description\":\"\",\"publisher\":{\"@id\":\"https:\/\/georgiaaccess.gov\/es\/#organization\"},\"potentialAction\":[{\"@type\":\"SearchAction\",\"target\":{\"@type\":\"EntryPoint\",\"urlTemplate\":\"https:\/\/georgiaaccess.gov\/es\/?s={search_term_string}\"},\"query-input\":{\"@type\":\"PropertyValueSpecification\",\"valueRequired\":true,\"valueName\":\"search_term_string\"}}],\"inLanguage\":\"es\"},{\"@type\":\"Organization\",\"@id\":\"https:\/\/georgiaaccess.gov\/es\/#organization\",\"name\":\"Georgia Access\",\"url\":\"https:\/\/georgiaaccess.gov\/es\/\",\"logo\":{\"@type\":\"ImageObject\",\"inLanguage\":\"es\",\"@id\":\"https:\/\/georgiaaccess.gov\/es\/#\/schema\/logo\/image\/\",\"url\":\"https:\/\/georgiaaccess.gov\/wp-content\/uploads\/2022\/10\/georgia-access-logo-stacked.svg\",\"contentUrl\":\"https:\/\/georgiaaccess.gov\/wp-content\/uploads\/2022\/10\/georgia-access-logo-stacked.svg\",\"width\":180,\"height\":56,\"caption\":\"Georgia Access\"},\"image\":{\"@id\":\"https:\/\/georgiaaccess.gov\/es\/#\/schema\/logo\/image\/\"}}]}<\/script>\n<!-- \/ Yoast SEO plugin. -->","yoast_head_json":{"title":"Otros tipos de cobertura | Georgia Access","description":"Descubra otros tipos de cobertura que puede comprar de forma independiente, como cobertura de la vista asequible, que no est\u00e1 disponible a trav\u00e9s del intercambio de salud estatal.","robots":{"index":"index","follow":"follow","max-snippet":"max-snippet:-1","max-image-preview":"max-image-preview:large","max-video-preview":"max-video-preview:-1"},"canonical":"https:\/\/georgiaaccess.gov\/es\/otros-tipos-de-cobertura\/","og_locale":"es_ES","og_type":"article","og_title":"Otros tipos de cobertura | Georgia Access","og_description":"Descubra otros tipos de cobertura que puede comprar de forma independiente, como cobertura de la vista asequible, que no est\u00e1 disponible a trav\u00e9s del intercambio de salud estatal.","og_url":"https:\/\/georgiaaccess.gov\/es\/otros-tipos-de-cobertura\/","og_site_name":"Georgia Access","article_modified_time":"2026-03-04T01:03:40+00:00","og_image":[{"width":2560,"height":356,"url":"https:\/\/georgiaaccess.gov\/wp-content\/uploads\/2025\/09\/individuals-and-families-header-scaled.jpg","type":"image\/jpeg"}],"twitter_card":"summary_large_image","twitter_misc":{"Tiempo de lectura":"1 minuto"},"schema":{"@context":"https:\/\/schema.org","@graph":[{"@type":"WebPage","@id":"https:\/\/georgiaaccess.gov\/es\/otros-tipos-de-cobertura\/","url":"https:\/\/georgiaaccess.gov\/es\/otros-tipos-de-cobertura\/","name":"Otros tipos de cobertura | Georgia Access","isPartOf":{"@id":"https:\/\/georgiaaccess.gov\/es\/#website"},"primaryImageOfPage":{"@id":"https:\/\/georgiaaccess.gov\/es\/otros-tipos-de-cobertura\/#primaryimage"},"image":{"@id":"https:\/\/georgiaaccess.gov\/es\/otros-tipos-de-cobertura\/#primaryimage"},"thumbnailUrl":"https:\/\/georgiaaccess.gov\/wp-content\/uploads\/2025\/09\/individuals-and-families-header-scaled.jpg","datePublished":"2026-01-07T02:53:49+00:00","dateModified":"2026-03-04T01:03:40+00:00","description":"Descubra otros tipos de cobertura que puede comprar de forma independiente, como cobertura de la vista asequible, que no est\u00e1 disponible a trav\u00e9s del intercambio de salud estatal.","breadcrumb":{"@id":"https:\/\/georgiaaccess.gov\/es\/otros-tipos-de-cobertura\/#breadcrumb"},"inLanguage":"es","potentialAction":[{"@type":"ReadAction","target":["https:\/\/georgiaaccess.gov\/es\/otros-tipos-de-cobertura\/"]}]},{"@type":"ImageObject","inLanguage":"es","@id":"https:\/\/georgiaaccess.gov\/es\/otros-tipos-de-cobertura\/#primaryimage","url":"https:\/\/georgiaaccess.gov\/wp-content\/uploads\/2025\/09\/individuals-and-families-header-scaled.jpg","contentUrl":"https:\/\/georgiaaccess.gov\/wp-content\/uploads\/2025\/09\/individuals-and-families-header-scaled.jpg","width":2560,"height":356,"caption":"A man and two young boys smiling and hugging."},{"@type":"BreadcrumbList","@id":"https:\/\/georgiaaccess.gov\/es\/otros-tipos-de-cobertura\/#breadcrumb","itemListElement":[{"@type":"ListItem","position":1,"name":"Home","item":"https:\/\/georgiaaccess.gov\/es\/"},{"@type":"ListItem","position":2,"name":"Otros tipos de cobertura"}]},{"@type":"WebSite","@id":"https:\/\/georgiaaccess.gov\/es\/#website","url":"https:\/\/georgiaaccess.gov\/es\/","name":"Georgia Access","description":"","publisher":{"@id":"https:\/\/georgiaaccess.gov\/es\/#organization"},"potentialAction":[{"@type":"SearchAction","target":{"@type":"EntryPoint","urlTemplate":"https:\/\/georgiaaccess.gov\/es\/?s={search_term_string}"},"query-input":{"@type":"PropertyValueSpecification","valueRequired":true,"valueName":"search_term_string"}}],"inLanguage":"es"},{"@type":"Organization","@id":"https:\/\/georgiaaccess.gov\/es\/#organization","name":"Georgia Access","url":"https:\/\/georgiaaccess.gov\/es\/","logo":{"@type":"ImageObject","inLanguage":"es","@id":"https:\/\/georgiaaccess.gov\/es\/#\/schema\/logo\/image\/","url":"https:\/\/georgiaaccess.gov\/wp-content\/uploads\/2022\/10\/georgia-access-logo-stacked.svg","contentUrl":"https:\/\/georgiaaccess.gov\/wp-content\/uploads\/2022\/10\/georgia-access-logo-stacked.svg","width":180,"height":56,"caption":"Georgia Access"},"image":{"@id":"https:\/\/georgiaaccess.gov\/es\/#\/schema\/logo\/image\/"}}]}},"uagb_featured_image_src":{"full":["https:\/\/georgiaaccess.gov\/wp-content\/uploads\/2025\/09\/individuals-and-families-header-scaled.jpg",2560,356,false],"thumbnail":["https:\/\/georgiaaccess.gov\/wp-content\/uploads\/2025\/09\/individuals-and-families-header-150x150.jpg",150,150,true],"medium":["https:\/\/georgiaaccess.gov\/wp-content\/uploads\/2025\/09\/individuals-and-families-header-300x42.jpg",300,42,true],"medium_large":["https:\/\/georgiaaccess.gov\/wp-content\/uploads\/2025\/09\/individuals-and-families-header-768x107.jpg",768,107,true],"large":["https:\/\/georgiaaccess.gov\/wp-content\/uploads\/2025\/09\/individuals-and-families-header-1024x142.jpg",1024,142,true],"1536x1536":["https:\/\/georgiaaccess.gov\/wp-content\/uploads\/2025\/09\/individuals-and-families-header-1536x213.jpg",1536,213,true],"2048x2048":["https:\/\/georgiaaccess.gov\/wp-content\/uploads\/2025\/09\/individuals-and-families-header-2048x284.jpg",2048,284,true]},"uagb_author_info":{"display_name":"Wenmin Chen","author_link":"https:\/\/georgiaaccess.gov\/es\/author\/wenminc\/"},"uagb_comment_info":0,"uagb_excerpt":"Cobertura que puede adquirir por su cuenta. Los Planes de Visi\u00f3n Individuales VSP\u00ae ofrecen cobertura de la vista completa y asequible que puede adquirir por su cuenta. Obtenga m\u00e1s informaci\u00f3n e inscr\u00edbase en https:\/\/www.vspdirect.com\/ga-access\/welcome.","_links":{"self":[{"href":"https:\/\/georgiaaccess.gov\/es\/wp-json\/wp\/v2\/pages\/9536","targetHints":{"allow":["GET"]}}],"collection":[{"href":"https:\/\/georgiaaccess.gov\/es\/wp-json\/wp\/v2\/pages"}],"about":[{"href":"https:\/\/georgiaaccess.gov\/es\/wp-json\/wp\/v2\/types\/page"}],"author":[{"embeddable":true,"href":"https:\/\/georgiaaccess.gov\/es\/wp-json\/wp\/v2\/users\/23"}],"replies":[{"embeddable":true,"href":"https:\/\/georgiaaccess.gov\/es\/wp-json\/wp\/v2\/comments?post=9536"}],"version-history":[{"count":4,"href":"https:\/\/georgiaaccess.gov\/es\/wp-json\/wp\/v2\/pages\/9536\/revisions"}],"predecessor-version":[{"id":9780,"href":"https:\/\/georgiaaccess.gov\/es\/wp-json\/wp\/v2\/pages\/9536\/revisions\/9780"}],"wp:featuredmedia":[{"embeddable":true,"href":"https:\/\/georgiaaccess.gov\/es\/wp-json\/wp\/v2\/media\/6615"}],"wp:attachment":[{"href":"https:\/\/georgiaaccess.gov\/es\/wp-json\/wp\/v2\/media?parent=9536"}],"curies":[{"name":"wp","href":"https:\/\/api.w.org\/{rel}","templated":true}]}}