{"id":8971,"date":"2025-08-08T08:44:00","date_gmt":"2025-08-08T12:44:00","guid":{"rendered":"https:\/\/georgiaaccess.gov\/soy-elegible\/cambios-que-afectan-a-los-consumidores\/"},"modified":"2025-10-24T15:54:01","modified_gmt":"2025-10-24T19:54:01","slug":"cambios-que-afectan-a-los-consumidores","status":"publish","type":"page","link":"https:\/\/georgiaaccess.gov\/es\/soy-elegible\/cambios-que-afectan-a-los-consumidores\/","title":{"rendered":"Cambios que afectan a los consumidores"},"content":{"rendered":"\n<p><\/p>\n\n\n\n<p>A medida que evolucionan las pol\u00edticas de salud federales y estatales, estamos aqu\u00ed para ayudarlo a comprender las novedades y c\u00f3mo podr\u00eda afectar su cobertura. Esta p\u00e1gina proporciona un resumen de las actualizaciones clave de las reglas de elegibilidad e inscripci\u00f3n. <\/p>\n\n\n\n<h2 class=\"wp-block-heading h2-heading\">Lo que necesita saber sobre los cambios efectivos para 2026<\/h2>\n\n\n\n<p>De acuerdo con la ley y la pol\u00edtica federal, hay varios cambios que afectan a los consumidores que compran e inscriben planes en Georgia Access para 2026, que incluyen:<\/p>\n\n\n\n<ul class=\"wp-block-list\">\n<li>Cambios en los niveles de asistencia financiera<\/li>\n\n\n\n<li>Requisito de reembolsar el exceso de cr\u00e9ditos fiscales federales<\/li>\n\n\n\n<li>Requisito de tener un <a href=\"https:\/\/help.georgiaaccess.gov\/hc\/en-us\/articles\/16717953503636-Qualifying-Life-Event-QLE\" target=\"_blank\" rel=\"noreferrer noopener\">Evento de Vida Calificado<\/a> para inscribirse en un <a href=\"https:\/\/georgiaaccess.gov\/es\/soy-elegible\/periodos-especiales-de-inscripcion\/\">Per\u00edodo Especial de Inscripci\u00f3n<\/a><\/li>\n\n\n\n<li>Estatus migratorio y elegibilidad para asistencia financiera<\/li>\n\n\n\n<li>Elegibilidad para <a href=\"https:\/\/www.uscis.gov\/DACA\" target=\"_blank\" rel=\"noreferrer noopener\">los beneficiarios de Acci\u00f3n Diferida para los Llegados en la Infancia (DACA)<\/a><\/li>\n\n\n\n<li>Planes de salud con deducible alto y cuentas de ahorro para la salud<\/li>\n<\/ul>\n\n\n\n<p>Para obtener m\u00e1s informaci\u00f3n sobre estos cambios, descargue la hoja informativa de 2026 para consumidores que regresan:<\/p>\n\n\n\n<div class=\"wp-block-uagb-buttons uagb-buttons__outer-wrap uagb-btn__default-btn uagb-btn-tablet__default-btn uagb-btn-mobile__default-btn uagb-block-e8eefa64\"><div class=\"uagb-buttons__wrap uagb-buttons-layout-wrap \">\n<div class=\"wp-block-uagb-buttons-child uagb-buttons__outer-wrap uagb-block-e344e55d wp-block-button primary-cta-button\"><div class=\"uagb-button__wrapper\"><a class=\"uagb-buttons-repeater wp-block-button__link\" aria-label=\"\" href=\"\/wp-content\/uploads\/2025\/10\/Georgia-Access-2026-Changes-for-Returning-Consumers-Informational-Sheet_10.24.2025.pdf\" rel=\"follow noopener\" target=\"_blank\" role=\"button\"><div class=\"uagb-button__link\">Descargar Hoja de Cambios 2026 (Ingl\u00e9s)<\/div><\/a><\/div><\/div>\n<\/div><\/div>\n\n\n\n<div class=\"wp-block-uagb-buttons uagb-buttons__outer-wrap uagb-btn__default-btn uagb-btn-tablet__default-btn uagb-btn-mobile__default-btn uagb-block-0dc34612\"><div class=\"uagb-buttons__wrap uagb-buttons-layout-wrap \">\n<div class=\"wp-block-uagb-buttons-child uagb-buttons__outer-wrap uagb-block-c7895301 wp-block-button secondary-cta-button\"><div class=\"uagb-button__wrapper\"><a class=\"uagb-buttons-repeater wp-block-button__link\" aria-label=\"\" href=\"\/wp-content\/uploads\/2025\/10\/Georgia-Access-2026-Changes-for-Returning-Consumers-Informational-Sheet_10.24.2025_Spanish.pdf\" rel=\"follow noopener\" target=\"_blank\" role=\"button\"><div class=\"uagb-button__link\">Descargar Hoja de Cambios 2026 (Espa\u00f1ol)<\/div><\/a><\/div><\/div>\n<\/div><\/div>\n\n\n\n<div style=\"height:80px\" aria-hidden=\"true\" class=\"wp-block-spacer\"><\/div>\n\n\n\n<h2 class=\"wp-block-heading\">\u00bfQuieres saber m\u00e1s?<\/h2>\n\n\n\n<ul class=\"wp-block-list\">\n<li>Visite la <a href=\"https:\/\/www.cms.gov\/newsroom\/fact-sheets\/2025-marketplace-integrity-and-affordability-final-rule\" target=\"_blank\" rel=\"noreferrer noopener\">Regla Final de Integridad y Asequibilidad del Mercado 2025 | CMS<\/a> para obtener m\u00e1s informaci\u00f3n sobre la Regla Final de Integridad y Asequibilidad del Mercado 2025 de los Centros de Servicios de Medicare y Medicaid (CMS).<\/li>\n\n\n\n<li>Texto de la visita <a href=\"https:\/\/www.congress.gov\/bill\/119th-congress\/house-bill\/1\/text\" target=\"_blank\" rel=\"noreferrer noopener\">&#8211; H.R.1 &#8211; 119\u00ba Congreso (2025-2026): Ley de un proyecto de ley grande y hermoso | Congress.gov | Biblioteca del Congreso<\/a> para leer H.R.1 &#8211; Ley de un proyecto de ley grande y hermoso.<\/li>\n\n\n\n<li>Visite <a href=\"https:\/\/www.congress.gov\/crs-product\/R48290\" target=\"_blank\" rel=\"noreferrer noopener\">Vencimiento del Cr\u00e9dito Tributario de Prima Mejorado: Preguntas Frecuentes | Congress.gov<\/a> para obtener m\u00e1s informaci\u00f3n sobre los subsidios de prima mejorados que actualmente expiran para el a\u00f1o fiscal 2026.<\/li>\n<\/ul>\n\n\n\n<div style=\"height:29px\" aria-hidden=\"true\" class=\"wp-block-spacer\"><\/div>\n\n\n\n<div class=\"wp-block-columns info-card is-layout-flex wp-container-core-columns-is-layout-8d4eccbc wp-block-columns-is-layout-flex\" style=\"border-radius:15px;margin-top:var(--wp--preset--spacing--50);margin-bottom:var(--wp--preset--spacing--50);padding-top:var(--wp--preset--spacing--60);padding-right:var(--wp--preset--spacing--40);padding-bottom:var(--wp--preset--spacing--60);padding-left:var(--wp--preset--spacing--40)\">\n<div class=\"wp-block-column is-layout-flow wp-block-column-is-layout-flow\" style=\"flex-basis:8%\">\n<figure class=\"wp-block-image aligncenter size-full card-icon\"><img loading=\"lazy\" decoding=\"async\" width=\"69\" height=\"66\" src=\"https:\/\/georgiaaccess.gov\/wp-content\/uploads\/2025\/09\/lightbulb-icon.svg\" alt=\"\" class=\"wp-image-6630\"\/><\/figure>\n<\/div>\n\n\n\n<div class=\"wp-block-column is-layout-flow wp-block-column-is-layout-flow\">\n<h2 class=\"wp-block-heading has-ast-global-color-8-color has-text-color has-link-color wp-elements-61e27a1b6e118075b6380f34b47f7de6\">P\u00e1gina actualizada al 24 de octubre de 2025<\/h2>\n\n\n\n<p>Esta p\u00e1gina se ha actualizado con informaci\u00f3n sobre los cambios que afectan a los consumidores en Georgia Access para la inscripci\u00f3n abierta de 2026.<\/p>\n<\/div>\n<\/div>\n\n\n\n<div style=\"height:60px\" aria-hidden=\"true\" class=\"wp-block-spacer\"><\/div>\n","protected":false},"excerpt":{"rendered":"<p>A medida que evolucionan las pol\u00edticas de salud federales y estatales, estamos aqu\u00ed para ayudarlo a comprender las novedades y c\u00f3mo podr\u00eda afectar su cobertura. Esta p\u00e1gina proporciona un resumen de las actualizaciones clave de las reglas de elegibilidad e inscripci\u00f3n. Lo que necesita saber sobre los cambios efectivos para 2026 De acuerdo con la [&hellip;]<\/p>\n","protected":false},"author":23,"featured_media":6615,"parent":7874,"menu_order":0,"comment_status":"closed","ping_status":"closed","template":"sidebar-menu-template.php","meta":{"_acf_changed":false,"inline_featured_image":false,"_uag_custom_page_level_css":"","site-sidebar-layout":"default","site-content-layout":"","ast-site-content-layout":"default","site-content-style":"default","site-sidebar-style":"default","ast-global-header-display":"","ast-banner-title-visibility":"","ast-main-header-display":"","ast-hfb-above-header-display":"","ast-hfb-below-header-display":"","ast-hfb-mobile-header-display":"","site-post-title":"","ast-breadcrumbs-content":"","ast-featured-img":"","footer-sml-layout":"","ast-disable-related-posts":"","theme-transparent-header-meta":"","adv-header-id-meta":"","stick-header-meta":"","header-above-stick-meta":"","header-main-stick-meta":"","header-below-stick-meta":"","astra-migrate-meta-layouts":"set","ast-page-background-enabled":"default","ast-page-background-meta":{"desktop":{"background-color":"var(--ast-global-color-4)","background-image":"","background-repeat":"repeat","background-position":"center center","background-size":"auto","background-attachment":"scroll","background-type":"","background-media":"","overlay-type":"","overlay-color":"","overlay-opacity":"","overlay-gradient":""},"tablet":{"background-color":"","background-image":"","background-repeat":"repeat","background-position":"center center","background-size":"auto","background-attachment":"scroll","background-type":"","background-media":"","overlay-type":"","overlay-color":"","overlay-opacity":"","overlay-gradient":""},"mobile":{"background-color":"","background-image":"","background-repeat":"repeat","background-position":"center center","background-size":"auto","background-attachment":"scroll","background-type":"","background-media":"","overlay-type":"","overlay-color":"","overlay-opacity":"","overlay-gradient":""}},"ast-content-background-meta":{"desktop":{"background-color":"var(--ast-global-color-5)","background-image":"","background-repeat":"repeat","background-position":"center center","background-size":"auto","background-attachment":"scroll","background-type":"","background-media":"","overlay-type":"","overlay-color":"","overlay-opacity":"","overlay-gradient":""},"tablet":{"background-color":"var(--ast-global-color-5)","background-image":"","background-repeat":"repeat","background-position":"center center","background-size":"auto","background-attachment":"scroll","background-type":"","background-media":"","overlay-type":"","overlay-color":"","overlay-opacity":"","overlay-gradient":""},"mobile":{"background-color":"var(--ast-global-color-5)","background-image":"","background-repeat":"repeat","background-position":"center center","background-size":"auto","background-attachment":"scroll","background-type":"","background-media":"","overlay-type":"","overlay-color":"","overlay-opacity":"","overlay-gradient":""}},"footnotes":""},"class_list":["post-8971","page","type-page","status-publish","has-post-thumbnail","hentry"],"acf":[],"yoast_head":"<!-- This site is optimized with the Yoast SEO plugin v26.8 - https:\/\/yoast.com\/product\/yoast-seo-wordpress\/ -->\n<title>Cambios que afectan a los consumidores | Acceso a Georgia<\/title>\n<meta name=\"description\" content=\"Mant\u00e9ngase informado sobre los cambios que afectan a los consumidores de Georgia, incluidas las actualizaciones sobre la cobertura del seguro m\u00e9dico, la inscripci\u00f3n y la asistencia financiera.\" \/>\n<meta name=\"robots\" content=\"index, follow, max-snippet:-1, max-image-preview:large, max-video-preview:-1\" \/>\n<link rel=\"canonical\" href=\"https:\/\/georgiaaccess.gov\/es\/soy-elegible\/cambios-que-afectan-a-los-consumidores\/\" \/>\n<meta property=\"og:locale\" content=\"es_ES\" \/>\n<meta property=\"og:type\" content=\"article\" \/>\n<meta property=\"og:title\" content=\"C\u00f3mo cambiar o cancelar la cobertura | Acceso a Georgia\" \/>\n<meta property=\"og:description\" content=\"Aprenda c\u00f3mo cambiar o cancelar su cobertura de seguro m\u00e9dico a trav\u00e9s de Georgia Access.\" \/>\n<meta property=\"og:url\" content=\"https:\/\/georgiaaccess.gov\/es\/soy-elegible\/cambios-que-afectan-a-los-consumidores\/\" \/>\n<meta property=\"og:site_name\" content=\"Georgia Access\" \/>\n<meta property=\"article:modified_time\" content=\"2025-10-24T19:54:01+00:00\" \/>\n<meta property=\"og:image\" content=\"https:\/\/georgiaaccess.gov\/wp-content\/uploads\/2025\/09\/individuals-and-families-header-scaled.jpg\" \/>\n\t<meta property=\"og:image:width\" content=\"2560\" \/>\n\t<meta property=\"og:image:height\" content=\"356\" \/>\n\t<meta property=\"og:image:type\" content=\"image\/jpeg\" \/>\n<meta name=\"twitter:card\" content=\"summary_large_image\" \/>\n<meta name=\"twitter:label1\" content=\"Tiempo de lectura\" \/>\n\t<meta name=\"twitter:data1\" content=\"2 minutos\" \/>\n<script type=\"application\/ld+json\" class=\"yoast-schema-graph\">{\"@context\":\"https:\/\/schema.org\",\"@graph\":[{\"@type\":\"WebPage\",\"@id\":\"https:\/\/georgiaaccess.gov\/es\/soy-elegible\/cambios-que-afectan-a-los-consumidores\/\",\"url\":\"https:\/\/georgiaaccess.gov\/es\/soy-elegible\/cambios-que-afectan-a-los-consumidores\/\",\"name\":\"Cambios que afectan a los consumidores | Acceso a Georgia\",\"isPartOf\":{\"@id\":\"https:\/\/georgiaaccess.gov\/es\/#website\"},\"primaryImageOfPage\":{\"@id\":\"https:\/\/georgiaaccess.gov\/es\/soy-elegible\/cambios-que-afectan-a-los-consumidores\/#primaryimage\"},\"image\":{\"@id\":\"https:\/\/georgiaaccess.gov\/es\/soy-elegible\/cambios-que-afectan-a-los-consumidores\/#primaryimage\"},\"thumbnailUrl\":\"https:\/\/georgiaaccess.gov\/wp-content\/uploads\/2025\/09\/individuals-and-families-header-scaled.jpg\",\"datePublished\":\"2025-08-08T12:44:00+00:00\",\"dateModified\":\"2025-10-24T19:54:01+00:00\",\"description\":\"Mant\u00e9ngase informado sobre los cambios que afectan a los consumidores de Georgia, incluidas las actualizaciones sobre la cobertura del seguro m\u00e9dico, la inscripci\u00f3n y la asistencia financiera.\",\"breadcrumb\":{\"@id\":\"https:\/\/georgiaaccess.gov\/es\/soy-elegible\/cambios-que-afectan-a-los-consumidores\/#breadcrumb\"},\"inLanguage\":\"es\",\"potentialAction\":[{\"@type\":\"ReadAction\",\"target\":[\"https:\/\/georgiaaccess.gov\/es\/soy-elegible\/cambios-que-afectan-a-los-consumidores\/\"]}]},{\"@type\":\"ImageObject\",\"inLanguage\":\"es\",\"@id\":\"https:\/\/georgiaaccess.gov\/es\/soy-elegible\/cambios-que-afectan-a-los-consumidores\/#primaryimage\",\"url\":\"https:\/\/georgiaaccess.gov\/wp-content\/uploads\/2025\/09\/individuals-and-families-header-scaled.jpg\",\"contentUrl\":\"https:\/\/georgiaaccess.gov\/wp-content\/uploads\/2025\/09\/individuals-and-families-header-scaled.jpg\",\"width\":2560,\"height\":356,\"caption\":\"A man and two young boys smiling and hugging.\"},{\"@type\":\"BreadcrumbList\",\"@id\":\"https:\/\/georgiaaccess.gov\/es\/soy-elegible\/cambios-que-afectan-a-los-consumidores\/#breadcrumb\",\"itemListElement\":[{\"@type\":\"ListItem\",\"position\":1,\"name\":\"Home\",\"item\":\"https:\/\/georgiaaccess.gov\/es\/\"},{\"@type\":\"ListItem\",\"position\":2,\"name\":\"\u00bfSoy elegible?\",\"item\":\"https:\/\/georgiaaccess.gov\/es\/soy-elegible\/\"},{\"@type\":\"ListItem\",\"position\":3,\"name\":\"Cambios que afectan a los consumidores\"}]},{\"@type\":\"WebSite\",\"@id\":\"https:\/\/georgiaaccess.gov\/es\/#website\",\"url\":\"https:\/\/georgiaaccess.gov\/es\/\",\"name\":\"Georgia Access\",\"description\":\"\",\"publisher\":{\"@id\":\"https:\/\/georgiaaccess.gov\/es\/#organization\"},\"potentialAction\":[{\"@type\":\"SearchAction\",\"target\":{\"@type\":\"EntryPoint\",\"urlTemplate\":\"https:\/\/georgiaaccess.gov\/es\/?s={search_term_string}\"},\"query-input\":{\"@type\":\"PropertyValueSpecification\",\"valueRequired\":true,\"valueName\":\"search_term_string\"}}],\"inLanguage\":\"es\"},{\"@type\":\"Organization\",\"@id\":\"https:\/\/georgiaaccess.gov\/es\/#organization\",\"name\":\"Georgia Access\",\"url\":\"https:\/\/georgiaaccess.gov\/es\/\",\"logo\":{\"@type\":\"ImageObject\",\"inLanguage\":\"es\",\"@id\":\"https:\/\/georgiaaccess.gov\/es\/#\/schema\/logo\/image\/\",\"url\":\"https:\/\/georgiaaccess.gov\/wp-content\/uploads\/2022\/10\/georgia-access-logo-stacked.svg\",\"contentUrl\":\"https:\/\/georgiaaccess.gov\/wp-content\/uploads\/2022\/10\/georgia-access-logo-stacked.svg\",\"width\":180,\"height\":56,\"caption\":\"Georgia Access\"},\"image\":{\"@id\":\"https:\/\/georgiaaccess.gov\/es\/#\/schema\/logo\/image\/\"}}]}<\/script>\n<!-- \/ Yoast SEO plugin. -->","yoast_head_json":{"title":"Cambios que afectan a los consumidores | Acceso a Georgia","description":"Mant\u00e9ngase informado sobre los cambios que afectan a los consumidores de Georgia, incluidas las actualizaciones sobre la cobertura del seguro m\u00e9dico, la inscripci\u00f3n y la asistencia financiera.","robots":{"index":"index","follow":"follow","max-snippet":"max-snippet:-1","max-image-preview":"max-image-preview:large","max-video-preview":"max-video-preview:-1"},"canonical":"https:\/\/georgiaaccess.gov\/es\/soy-elegible\/cambios-que-afectan-a-los-consumidores\/","og_locale":"es_ES","og_type":"article","og_title":"C\u00f3mo cambiar o cancelar la cobertura | Acceso a Georgia","og_description":"Aprenda c\u00f3mo cambiar o cancelar su cobertura de seguro m\u00e9dico a trav\u00e9s de Georgia Access.","og_url":"https:\/\/georgiaaccess.gov\/es\/soy-elegible\/cambios-que-afectan-a-los-consumidores\/","og_site_name":"Georgia Access","article_modified_time":"2025-10-24T19:54:01+00:00","og_image":[{"width":2560,"height":356,"url":"https:\/\/georgiaaccess.gov\/wp-content\/uploads\/2025\/09\/individuals-and-families-header-scaled.jpg","type":"image\/jpeg"}],"twitter_card":"summary_large_image","twitter_misc":{"Tiempo de lectura":"2 minutos"},"schema":{"@context":"https:\/\/schema.org","@graph":[{"@type":"WebPage","@id":"https:\/\/georgiaaccess.gov\/es\/soy-elegible\/cambios-que-afectan-a-los-consumidores\/","url":"https:\/\/georgiaaccess.gov\/es\/soy-elegible\/cambios-que-afectan-a-los-consumidores\/","name":"Cambios que afectan a los consumidores | Acceso a Georgia","isPartOf":{"@id":"https:\/\/georgiaaccess.gov\/es\/#website"},"primaryImageOfPage":{"@id":"https:\/\/georgiaaccess.gov\/es\/soy-elegible\/cambios-que-afectan-a-los-consumidores\/#primaryimage"},"image":{"@id":"https:\/\/georgiaaccess.gov\/es\/soy-elegible\/cambios-que-afectan-a-los-consumidores\/#primaryimage"},"thumbnailUrl":"https:\/\/georgiaaccess.gov\/wp-content\/uploads\/2025\/09\/individuals-and-families-header-scaled.jpg","datePublished":"2025-08-08T12:44:00+00:00","dateModified":"2025-10-24T19:54:01+00:00","description":"Mant\u00e9ngase informado sobre los cambios que afectan a los consumidores de Georgia, incluidas las actualizaciones sobre la cobertura del seguro m\u00e9dico, la inscripci\u00f3n y la asistencia financiera.","breadcrumb":{"@id":"https:\/\/georgiaaccess.gov\/es\/soy-elegible\/cambios-que-afectan-a-los-consumidores\/#breadcrumb"},"inLanguage":"es","potentialAction":[{"@type":"ReadAction","target":["https:\/\/georgiaaccess.gov\/es\/soy-elegible\/cambios-que-afectan-a-los-consumidores\/"]}]},{"@type":"ImageObject","inLanguage":"es","@id":"https:\/\/georgiaaccess.gov\/es\/soy-elegible\/cambios-que-afectan-a-los-consumidores\/#primaryimage","url":"https:\/\/georgiaaccess.gov\/wp-content\/uploads\/2025\/09\/individuals-and-families-header-scaled.jpg","contentUrl":"https:\/\/georgiaaccess.gov\/wp-content\/uploads\/2025\/09\/individuals-and-families-header-scaled.jpg","width":2560,"height":356,"caption":"A man and two young boys smiling and hugging."},{"@type":"BreadcrumbList","@id":"https:\/\/georgiaaccess.gov\/es\/soy-elegible\/cambios-que-afectan-a-los-consumidores\/#breadcrumb","itemListElement":[{"@type":"ListItem","position":1,"name":"Home","item":"https:\/\/georgiaaccess.gov\/es\/"},{"@type":"ListItem","position":2,"name":"\u00bfSoy elegible?","item":"https:\/\/georgiaaccess.gov\/es\/soy-elegible\/"},{"@type":"ListItem","position":3,"name":"Cambios que afectan a los consumidores"}]},{"@type":"WebSite","@id":"https:\/\/georgiaaccess.gov\/es\/#website","url":"https:\/\/georgiaaccess.gov\/es\/","name":"Georgia Access","description":"","publisher":{"@id":"https:\/\/georgiaaccess.gov\/es\/#organization"},"potentialAction":[{"@type":"SearchAction","target":{"@type":"EntryPoint","urlTemplate":"https:\/\/georgiaaccess.gov\/es\/?s={search_term_string}"},"query-input":{"@type":"PropertyValueSpecification","valueRequired":true,"valueName":"search_term_string"}}],"inLanguage":"es"},{"@type":"Organization","@id":"https:\/\/georgiaaccess.gov\/es\/#organization","name":"Georgia Access","url":"https:\/\/georgiaaccess.gov\/es\/","logo":{"@type":"ImageObject","inLanguage":"es","@id":"https:\/\/georgiaaccess.gov\/es\/#\/schema\/logo\/image\/","url":"https:\/\/georgiaaccess.gov\/wp-content\/uploads\/2022\/10\/georgia-access-logo-stacked.svg","contentUrl":"https:\/\/georgiaaccess.gov\/wp-content\/uploads\/2022\/10\/georgia-access-logo-stacked.svg","width":180,"height":56,"caption":"Georgia Access"},"image":{"@id":"https:\/\/georgiaaccess.gov\/es\/#\/schema\/logo\/image\/"}}]}},"uagb_featured_image_src":{"full":["https:\/\/georgiaaccess.gov\/wp-content\/uploads\/2025\/09\/individuals-and-families-header-scaled.jpg",2560,356,false],"thumbnail":["https:\/\/georgiaaccess.gov\/wp-content\/uploads\/2025\/09\/individuals-and-families-header-150x150.jpg",150,150,true],"medium":["https:\/\/georgiaaccess.gov\/wp-content\/uploads\/2025\/09\/individuals-and-families-header-300x42.jpg",300,42,true],"medium_large":["https:\/\/georgiaaccess.gov\/wp-content\/uploads\/2025\/09\/individuals-and-families-header-768x107.jpg",768,107,true],"large":["https:\/\/georgiaaccess.gov\/wp-content\/uploads\/2025\/09\/individuals-and-families-header-1024x142.jpg",1024,142,true],"1536x1536":["https:\/\/georgiaaccess.gov\/wp-content\/uploads\/2025\/09\/individuals-and-families-header-1536x213.jpg",1536,213,true],"2048x2048":["https:\/\/georgiaaccess.gov\/wp-content\/uploads\/2025\/09\/individuals-and-families-header-2048x284.jpg",2048,284,true]},"uagb_author_info":{"display_name":"Wenmin Chen","author_link":"https:\/\/georgiaaccess.gov\/es\/author\/wenminc\/"},"uagb_comment_info":0,"uagb_excerpt":"A medida que evolucionan las pol\u00edticas de salud federales y estatales, estamos aqu\u00ed para ayudarlo a comprender las novedades y c\u00f3mo podr\u00eda afectar su cobertura. Esta p\u00e1gina proporciona un resumen de las actualizaciones clave de las reglas de elegibilidad e inscripci\u00f3n. Lo que necesita saber sobre los cambios efectivos para 2026 De acuerdo con la&hellip;","_links":{"self":[{"href":"https:\/\/georgiaaccess.gov\/es\/wp-json\/wp\/v2\/pages\/8971","targetHints":{"allow":["GET"]}}],"collection":[{"href":"https:\/\/georgiaaccess.gov\/es\/wp-json\/wp\/v2\/pages"}],"about":[{"href":"https:\/\/georgiaaccess.gov\/es\/wp-json\/wp\/v2\/types\/page"}],"author":[{"embeddable":true,"href":"https:\/\/georgiaaccess.gov\/es\/wp-json\/wp\/v2\/users\/23"}],"replies":[{"embeddable":true,"href":"https:\/\/georgiaaccess.gov\/es\/wp-json\/wp\/v2\/comments?post=8971"}],"version-history":[{"count":9,"href":"https:\/\/georgiaaccess.gov\/es\/wp-json\/wp\/v2\/pages\/8971\/revisions"}],"predecessor-version":[{"id":9248,"href":"https:\/\/georgiaaccess.gov\/es\/wp-json\/wp\/v2\/pages\/8971\/revisions\/9248"}],"up":[{"embeddable":true,"href":"https:\/\/georgiaaccess.gov\/es\/wp-json\/wp\/v2\/pages\/7874"}],"wp:featuredmedia":[{"embeddable":true,"href":"https:\/\/georgiaaccess.gov\/es\/wp-json\/wp\/v2\/media\/6615"}],"wp:attachment":[{"href":"https:\/\/georgiaaccess.gov\/es\/wp-json\/wp\/v2\/media?parent=8971"}],"curies":[{"name":"wp","href":"https:\/\/api.w.org\/{rel}","templated":true}]}}