{"id":8882,"date":"2025-10-07T12:12:15","date_gmt":"2025-10-07T16:12:15","guid":{"rendered":"https:\/\/georgiaaccess.gov\/informes-y-resumenes\/"},"modified":"2025-10-20T16:52:00","modified_gmt":"2025-10-20T20:52:00","slug":"informes-y-resumenes","status":"publish","type":"page","link":"https:\/\/georgiaaccess.gov\/es\/informes-y-resumenes\/","title":{"rendered":"Informes y res\u00famenes"},"content":{"rendered":"\n<p>Bienvenidos a Informes y res\u00famenes. Aqu\u00ed encontrar\u00e1 una colecci\u00f3n de informes basados en datos, res\u00famenes concisos y conocimientos anal\u00edticos dise\u00f1ados para informar y respaldar la toma de decisiones en todos nuestros programas y servicios. Ya sea que est\u00e9 buscando m\u00e9tricas de rendimiento, actualizaciones de pol\u00edticas o res\u00famenes espec\u00edficos, esta p\u00e1gina sirve como un recurso central para mantenerse informado y actualizado. Nuestro objetivo es proporcionar informaci\u00f3n clara y accesible que empodere a las partes interesadas, los socios y el p\u00fablico por igual.   <\/p>\n\n\n\n<h2 class=\"wp-block-heading h2-heading\">Acceso a Georgia OE 2025<\/h2>\n\n\n\n<p>En este <a href=\"https:\/\/georgiaaccess.gov\/wp-content\/uploads\/2025\/10\/Georgia-Access-OE-2025-Report_Final.pdf\" target=\"_blank\" rel=\"noreferrer noopener\">Informe OE 2025 de Georgia Access<\/a>, Georgia Access reflexiona sobre un primer a\u00f1o exitoso como intercambio estatal.<\/p>\n\n\n\n<h2 class=\"wp-block-heading h2-heading\">Res\u00famenes de innovaci\u00f3n<\/h2>\n\n\n\n<p>El enfoque innovador de Georgia Access conecta mejor a los consumidores con la inscripci\u00f3n directa mejorada (<a href=\"\/wp-content\/uploads\/2025\/10\/EDE-Technology-Brief-Final.pdf\" target=\"_blank\" rel=\"noreferrer noopener\">Enlace al resumen de tecnolog\u00eda de EDE<\/a>) y est\u00e1ndares de elegibilidad m\u00e1s inteligentes y compatibles (<a href=\"\/wp-content\/uploads\/2025\/10\/GDOL-Technology-Brief-Final.pdf\" target=\"_blank\" rel=\"noreferrer noopener\">Enlace al resumen de tecnolog\u00eda de GDOL<\/a>).<\/p>\n\n\n\n<div style=\"height:95px\" aria-hidden=\"true\" class=\"wp-block-spacer\"><\/div>\n","protected":false},"excerpt":{"rendered":"<p>Bienvenidos a Informes y res\u00famenes. Aqu\u00ed encontrar\u00e1 una colecci\u00f3n de informes basados en datos, res\u00famenes concisos y conocimientos anal\u00edticos dise\u00f1ados para informar y respaldar la toma de decisiones en todos nuestros programas y servicios. Ya sea que est\u00e9 buscando m\u00e9tricas de rendimiento, actualizaciones de pol\u00edticas o res\u00famenes espec\u00edficos, esta p\u00e1gina sirve como un recurso central [&hellip;]<\/p>\n","protected":false},"author":23,"featured_media":6611,"parent":0,"menu_order":0,"comment_status":"closed","ping_status":"closed","template":"sidebar-menu-template.php","meta":{"_acf_changed":false,"inline_featured_image":false,"_uag_custom_page_level_css":"","site-sidebar-layout":"default","site-content-layout":"","ast-site-content-layout":"default","site-content-style":"default","site-sidebar-style":"default","ast-global-header-display":"","ast-banner-title-visibility":"","ast-main-header-display":"","ast-hfb-above-header-display":"","ast-hfb-below-header-display":"","ast-hfb-mobile-header-display":"","site-post-title":"","ast-breadcrumbs-content":"","ast-featured-img":"disabled","footer-sml-layout":"","ast-disable-related-posts":"","theme-transparent-header-meta":"","adv-header-id-meta":"","stick-header-meta":"","header-above-stick-meta":"","header-main-stick-meta":"","header-below-stick-meta":"","astra-migrate-meta-layouts":"set","ast-page-background-enabled":"default","ast-page-background-meta":{"desktop":{"background-color":"var(--ast-global-color-4)","background-image":"","background-repeat":"repeat","background-position":"center center","background-size":"auto","background-attachment":"scroll","background-type":"","background-media":"","overlay-type":"","overlay-color":"","overlay-opacity":"","overlay-gradient":""},"tablet":{"background-color":"","background-image":"","background-repeat":"repeat","background-position":"center center","background-size":"auto","background-attachment":"scroll","background-type":"","background-media":"","overlay-type":"","overlay-color":"","overlay-opacity":"","overlay-gradient":""},"mobile":{"background-color":"","background-image":"","background-repeat":"repeat","background-position":"center center","background-size":"auto","background-attachment":"scroll","background-type":"","background-media":"","overlay-type":"","overlay-color":"","overlay-opacity":"","overlay-gradient":""}},"ast-content-background-meta":{"desktop":{"background-color":"var(--ast-global-color-5)","background-image":"","background-repeat":"repeat","background-position":"center center","background-size":"auto","background-attachment":"scroll","background-type":"","background-media":"","overlay-type":"","overlay-color":"","overlay-opacity":"","overlay-gradient":""},"tablet":{"background-color":"var(--ast-global-color-5)","background-image":"","background-repeat":"repeat","background-position":"center center","background-size":"auto","background-attachment":"scroll","background-type":"","background-media":"","overlay-type":"","overlay-color":"","overlay-opacity":"","overlay-gradient":""},"mobile":{"background-color":"var(--ast-global-color-5)","background-image":"","background-repeat":"repeat","background-position":"center center","background-size":"auto","background-attachment":"scroll","background-type":"","background-media":"","overlay-type":"","overlay-color":"","overlay-opacity":"","overlay-gradient":""}},"footnotes":""},"class_list":["post-8882","page","type-page","status-publish","has-post-thumbnail","hentry"],"acf":[],"yoast_head":"<!-- This site is optimized with the Yoast SEO plugin v26.8 - https:\/\/yoast.com\/product\/yoast-seo-wordpress\/ -->\n<title>Informes y res\u00famenes | Acceso a Georgia<\/title>\n<meta name=\"description\" content=\"Explore los informes, res\u00famenes y perspectivas de Georgia Access para una toma de decisiones informada e informaci\u00f3n actualizada sobre programas y servicios.\" \/>\n<meta name=\"robots\" content=\"index, follow, max-snippet:-1, max-image-preview:large, max-video-preview:-1\" \/>\n<link rel=\"canonical\" href=\"https:\/\/georgiaaccess.gov\/es\/informes-y-resumenes\/\" \/>\n<meta property=\"og:locale\" content=\"es_ES\" \/>\n<meta property=\"og:type\" content=\"article\" \/>\n<meta property=\"og:title\" content=\"Elegibilidad y Asistencia Financiera | Acceso a Georgia\" \/>\n<meta property=\"og:description\" content=\"Obtenga m\u00e1s informaci\u00f3n sobre los requisitos de elegibilidad y las opciones de asistencia financiera para el seguro m\u00e9dico en Georgia. Averig\u00fce si califica para ahorros con Georgia Access.\" \/>\n<meta property=\"og:url\" content=\"https:\/\/georgiaaccess.gov\/es\/informes-y-resumenes\/\" \/>\n<meta property=\"og:site_name\" content=\"Georgia Access\" \/>\n<meta property=\"article:modified_time\" content=\"2025-10-20T20:52:00+00:00\" \/>\n<meta property=\"og:image\" content=\"https:\/\/georgiaaccess.gov\/wp-content\/uploads\/2025\/09\/about-georgia-access-header-scaled.jpg\" \/>\n\t<meta property=\"og:image:width\" content=\"2560\" \/>\n\t<meta property=\"og:image:height\" content=\"356\" \/>\n\t<meta property=\"og:image:type\" content=\"image\/jpeg\" \/>\n<meta name=\"twitter:card\" content=\"summary_large_image\" \/>\n<meta name=\"twitter:label1\" content=\"Tiempo de lectura\" \/>\n\t<meta name=\"twitter:data1\" content=\"1 minuto\" \/>\n<script type=\"application\/ld+json\" class=\"yoast-schema-graph\">{\"@context\":\"https:\/\/schema.org\",\"@graph\":[{\"@type\":\"WebPage\",\"@id\":\"https:\/\/georgiaaccess.gov\/es\/informes-y-resumenes\/\",\"url\":\"https:\/\/georgiaaccess.gov\/es\/informes-y-resumenes\/\",\"name\":\"Informes y res\u00famenes | Acceso a Georgia\",\"isPartOf\":{\"@id\":\"https:\/\/georgiaaccess.gov\/es\/#website\"},\"primaryImageOfPage\":{\"@id\":\"https:\/\/georgiaaccess.gov\/es\/informes-y-resumenes\/#primaryimage\"},\"image\":{\"@id\":\"https:\/\/georgiaaccess.gov\/es\/informes-y-resumenes\/#primaryimage\"},\"thumbnailUrl\":\"https:\/\/georgiaaccess.gov\/wp-content\/uploads\/2025\/09\/about-georgia-access-header-scaled.jpg\",\"datePublished\":\"2025-10-07T16:12:15+00:00\",\"dateModified\":\"2025-10-20T20:52:00+00:00\",\"description\":\"Explore los informes, res\u00famenes y perspectivas de Georgia Access para una toma de decisiones informada e informaci\u00f3n actualizada sobre programas y servicios.\",\"breadcrumb\":{\"@id\":\"https:\/\/georgiaaccess.gov\/es\/informes-y-resumenes\/#breadcrumb\"},\"inLanguage\":\"es\",\"potentialAction\":[{\"@type\":\"ReadAction\",\"target\":[\"https:\/\/georgiaaccess.gov\/es\/informes-y-resumenes\/\"]}]},{\"@type\":\"ImageObject\",\"inLanguage\":\"es\",\"@id\":\"https:\/\/georgiaaccess.gov\/es\/informes-y-resumenes\/#primaryimage\",\"url\":\"https:\/\/georgiaaccess.gov\/wp-content\/uploads\/2025\/09\/about-georgia-access-header-scaled.jpg\",\"contentUrl\":\"https:\/\/georgiaaccess.gov\/wp-content\/uploads\/2025\/09\/about-georgia-access-header-scaled.jpg\",\"width\":2560,\"height\":356,\"caption\":\"Two men smiling.\"},{\"@type\":\"BreadcrumbList\",\"@id\":\"https:\/\/georgiaaccess.gov\/es\/informes-y-resumenes\/#breadcrumb\",\"itemListElement\":[{\"@type\":\"ListItem\",\"position\":1,\"name\":\"Home\",\"item\":\"https:\/\/georgiaaccess.gov\/es\/\"},{\"@type\":\"ListItem\",\"position\":2,\"name\":\"Informes y res\u00famenes\"}]},{\"@type\":\"WebSite\",\"@id\":\"https:\/\/georgiaaccess.gov\/es\/#website\",\"url\":\"https:\/\/georgiaaccess.gov\/es\/\",\"name\":\"Georgia Access\",\"description\":\"\",\"publisher\":{\"@id\":\"https:\/\/georgiaaccess.gov\/es\/#organization\"},\"potentialAction\":[{\"@type\":\"SearchAction\",\"target\":{\"@type\":\"EntryPoint\",\"urlTemplate\":\"https:\/\/georgiaaccess.gov\/es\/?s={search_term_string}\"},\"query-input\":{\"@type\":\"PropertyValueSpecification\",\"valueRequired\":true,\"valueName\":\"search_term_string\"}}],\"inLanguage\":\"es\"},{\"@type\":\"Organization\",\"@id\":\"https:\/\/georgiaaccess.gov\/es\/#organization\",\"name\":\"Georgia Access\",\"url\":\"https:\/\/georgiaaccess.gov\/es\/\",\"logo\":{\"@type\":\"ImageObject\",\"inLanguage\":\"es\",\"@id\":\"https:\/\/georgiaaccess.gov\/es\/#\/schema\/logo\/image\/\",\"url\":\"https:\/\/georgiaaccess.gov\/wp-content\/uploads\/2022\/10\/georgia-access-logo-stacked.svg\",\"contentUrl\":\"https:\/\/georgiaaccess.gov\/wp-content\/uploads\/2022\/10\/georgia-access-logo-stacked.svg\",\"width\":180,\"height\":56,\"caption\":\"Georgia Access\"},\"image\":{\"@id\":\"https:\/\/georgiaaccess.gov\/es\/#\/schema\/logo\/image\/\"}}]}<\/script>\n<!-- \/ Yoast SEO plugin. -->","yoast_head_json":{"title":"Informes y res\u00famenes | Acceso a Georgia","description":"Explore los informes, res\u00famenes y perspectivas de Georgia Access para una toma de decisiones informada e informaci\u00f3n actualizada sobre programas y servicios.","robots":{"index":"index","follow":"follow","max-snippet":"max-snippet:-1","max-image-preview":"max-image-preview:large","max-video-preview":"max-video-preview:-1"},"canonical":"https:\/\/georgiaaccess.gov\/es\/informes-y-resumenes\/","og_locale":"es_ES","og_type":"article","og_title":"Elegibilidad y Asistencia Financiera | Acceso a Georgia","og_description":"Obtenga m\u00e1s informaci\u00f3n sobre los requisitos de elegibilidad y las opciones de asistencia financiera para el seguro m\u00e9dico en Georgia. Averig\u00fce si califica para ahorros con Georgia Access.","og_url":"https:\/\/georgiaaccess.gov\/es\/informes-y-resumenes\/","og_site_name":"Georgia Access","article_modified_time":"2025-10-20T20:52:00+00:00","og_image":[{"width":2560,"height":356,"url":"https:\/\/georgiaaccess.gov\/wp-content\/uploads\/2025\/09\/about-georgia-access-header-scaled.jpg","type":"image\/jpeg"}],"twitter_card":"summary_large_image","twitter_misc":{"Tiempo de lectura":"1 minuto"},"schema":{"@context":"https:\/\/schema.org","@graph":[{"@type":"WebPage","@id":"https:\/\/georgiaaccess.gov\/es\/informes-y-resumenes\/","url":"https:\/\/georgiaaccess.gov\/es\/informes-y-resumenes\/","name":"Informes y res\u00famenes | Acceso a Georgia","isPartOf":{"@id":"https:\/\/georgiaaccess.gov\/es\/#website"},"primaryImageOfPage":{"@id":"https:\/\/georgiaaccess.gov\/es\/informes-y-resumenes\/#primaryimage"},"image":{"@id":"https:\/\/georgiaaccess.gov\/es\/informes-y-resumenes\/#primaryimage"},"thumbnailUrl":"https:\/\/georgiaaccess.gov\/wp-content\/uploads\/2025\/09\/about-georgia-access-header-scaled.jpg","datePublished":"2025-10-07T16:12:15+00:00","dateModified":"2025-10-20T20:52:00+00:00","description":"Explore los informes, res\u00famenes y perspectivas de Georgia Access para una toma de decisiones informada e informaci\u00f3n actualizada sobre programas y servicios.","breadcrumb":{"@id":"https:\/\/georgiaaccess.gov\/es\/informes-y-resumenes\/#breadcrumb"},"inLanguage":"es","potentialAction":[{"@type":"ReadAction","target":["https:\/\/georgiaaccess.gov\/es\/informes-y-resumenes\/"]}]},{"@type":"ImageObject","inLanguage":"es","@id":"https:\/\/georgiaaccess.gov\/es\/informes-y-resumenes\/#primaryimage","url":"https:\/\/georgiaaccess.gov\/wp-content\/uploads\/2025\/09\/about-georgia-access-header-scaled.jpg","contentUrl":"https:\/\/georgiaaccess.gov\/wp-content\/uploads\/2025\/09\/about-georgia-access-header-scaled.jpg","width":2560,"height":356,"caption":"Two men smiling."},{"@type":"BreadcrumbList","@id":"https:\/\/georgiaaccess.gov\/es\/informes-y-resumenes\/#breadcrumb","itemListElement":[{"@type":"ListItem","position":1,"name":"Home","item":"https:\/\/georgiaaccess.gov\/es\/"},{"@type":"ListItem","position":2,"name":"Informes y res\u00famenes"}]},{"@type":"WebSite","@id":"https:\/\/georgiaaccess.gov\/es\/#website","url":"https:\/\/georgiaaccess.gov\/es\/","name":"Georgia Access","description":"","publisher":{"@id":"https:\/\/georgiaaccess.gov\/es\/#organization"},"potentialAction":[{"@type":"SearchAction","target":{"@type":"EntryPoint","urlTemplate":"https:\/\/georgiaaccess.gov\/es\/?s={search_term_string}"},"query-input":{"@type":"PropertyValueSpecification","valueRequired":true,"valueName":"search_term_string"}}],"inLanguage":"es"},{"@type":"Organization","@id":"https:\/\/georgiaaccess.gov\/es\/#organization","name":"Georgia Access","url":"https:\/\/georgiaaccess.gov\/es\/","logo":{"@type":"ImageObject","inLanguage":"es","@id":"https:\/\/georgiaaccess.gov\/es\/#\/schema\/logo\/image\/","url":"https:\/\/georgiaaccess.gov\/wp-content\/uploads\/2022\/10\/georgia-access-logo-stacked.svg","contentUrl":"https:\/\/georgiaaccess.gov\/wp-content\/uploads\/2022\/10\/georgia-access-logo-stacked.svg","width":180,"height":56,"caption":"Georgia Access"},"image":{"@id":"https:\/\/georgiaaccess.gov\/es\/#\/schema\/logo\/image\/"}}]}},"uagb_featured_image_src":{"full":["https:\/\/georgiaaccess.gov\/wp-content\/uploads\/2025\/09\/about-georgia-access-header-scaled.jpg",2560,356,false],"thumbnail":["https:\/\/georgiaaccess.gov\/wp-content\/uploads\/2025\/09\/about-georgia-access-header-150x150.jpg",150,150,true],"medium":["https:\/\/georgiaaccess.gov\/wp-content\/uploads\/2025\/09\/about-georgia-access-header-300x42.jpg",300,42,true],"medium_large":["https:\/\/georgiaaccess.gov\/wp-content\/uploads\/2025\/09\/about-georgia-access-header-768x107.jpg",768,107,true],"large":["https:\/\/georgiaaccess.gov\/wp-content\/uploads\/2025\/09\/about-georgia-access-header-1024x142.jpg",1024,142,true],"1536x1536":["https:\/\/georgiaaccess.gov\/wp-content\/uploads\/2025\/09\/about-georgia-access-header-1536x213.jpg",1536,213,true],"2048x2048":["https:\/\/georgiaaccess.gov\/wp-content\/uploads\/2025\/09\/about-georgia-access-header-2048x284.jpg",2048,284,true]},"uagb_author_info":{"display_name":"Wenmin Chen","author_link":"https:\/\/georgiaaccess.gov\/es\/author\/wenminc\/"},"uagb_comment_info":0,"uagb_excerpt":"Bienvenidos a Informes y res\u00famenes. Aqu\u00ed encontrar\u00e1 una colecci\u00f3n de informes basados en datos, res\u00famenes concisos y conocimientos anal\u00edticos dise\u00f1ados para informar y respaldar la toma de decisiones en todos nuestros programas y servicios. Ya sea que est\u00e9 buscando m\u00e9tricas de rendimiento, actualizaciones de pol\u00edticas o res\u00famenes espec\u00edficos, esta p\u00e1gina sirve como un recurso central&hellip;","_links":{"self":[{"href":"https:\/\/georgiaaccess.gov\/es\/wp-json\/wp\/v2\/pages\/8882","targetHints":{"allow":["GET"]}}],"collection":[{"href":"https:\/\/georgiaaccess.gov\/es\/wp-json\/wp\/v2\/pages"}],"about":[{"href":"https:\/\/georgiaaccess.gov\/es\/wp-json\/wp\/v2\/types\/page"}],"author":[{"embeddable":true,"href":"https:\/\/georgiaaccess.gov\/es\/wp-json\/wp\/v2\/users\/23"}],"replies":[{"embeddable":true,"href":"https:\/\/georgiaaccess.gov\/es\/wp-json\/wp\/v2\/comments?post=8882"}],"version-history":[{"count":3,"href":"https:\/\/georgiaaccess.gov\/es\/wp-json\/wp\/v2\/pages\/8882\/revisions"}],"predecessor-version":[{"id":9211,"href":"https:\/\/georgiaaccess.gov\/es\/wp-json\/wp\/v2\/pages\/8882\/revisions\/9211"}],"wp:featuredmedia":[{"embeddable":true,"href":"https:\/\/georgiaaccess.gov\/es\/wp-json\/wp\/v2\/media\/6611"}],"wp:attachment":[{"href":"https:\/\/georgiaaccess.gov\/es\/wp-json\/wp\/v2\/media?parent=8882"}],"curies":[{"name":"wp","href":"https:\/\/api.w.org\/{rel}","templated":true}]}}