{"id":8031,"date":"2025-08-16T16:13:00","date_gmt":"2025-08-16T20:13:00","guid":{"rendered":"https:\/\/georgiaaccess.gov\/?page_id=8031"},"modified":"2025-09-29T09:10:20","modified_gmt":"2025-09-29T13:10:20","slug":"comunicados-de-prensa","status":"publish","type":"page","link":"https:\/\/georgiaaccess.gov\/es\/comunicados-de-prensa\/","title":{"rendered":"Comunicados de prensa"},"content":{"rendered":"\n<p>Mant\u00e9ngase informado sobre los \u00faltimos anuncios, actualizaciones de inscripci\u00f3n y desarrollos clave en la cobertura de salud para los georgianos. Para consultas de prensa y medios de comunicaci\u00f3n, comun\u00edquese con &nbsp;<a href=\"mailto:media@oci.ga.gov\">media@oci.ga.gov<\/a>.<\/p>\n\n\n\n<div style=\"height:15px\" aria-hidden=\"true\" class=\"wp-block-spacer\"><\/div>\n\n\n\n<div class=\"wp-block-query press-releases is-layout-flow wp-block-query-is-layout-flow\"><ul class=\"wp-block-post-template is-layout-flow wp-block-post-template-is-layout-flow\"><li class=\"wp-block-post post-4986 press_release type-press_release status-publish format-standard hentry\">\n<h2 class=\"has-link-color wp-elements-1fc1af05dd9197555895d80375003b9f wp-block-post-title has-text-color has-ast-global-color-8-color\">El primer per\u00edodo de inscripci\u00f3n abierta de Georgia como intercambio estatal termina con resultados r\u00e9cord<\/h2>\n\n<div class=\"wp-block-post-excerpt\"><p class=\"wp-block-post-excerpt__excerpt\">El Comisionado de Seguros y Seguridad contra Incendios, John F. King, anunci\u00f3 hoy que Georgia Access, el mercado de seguros de salud del Estado, concluy\u00f3 con \u00e9xito el per\u00edodo de Inscripci\u00f3n Abierta (OE) de 2025, inscribiendo a m\u00e1s de 1.5 millones de consumidores para el A\u00f1o del Plan&hellip;<\/p><p class=\"wp-block-post-excerpt__more-text\"><a class=\"wp-block-post-excerpt__more-link\" href=\"https:\/\/georgiaaccess.gov\/es\/press_release\/el-primer-periodo-de-inscripcion-abierta-de-georgia-como-intercambio-con-sede-en-el-estado-termina-con-resultados-record\/\">Read More <\/a><\/p><\/div>\n<\/li><li class=\"wp-block-post post-4720 press_release type-press_release status-publish format-standard hentry\">\n<h2 class=\"has-link-color wp-elements-1fc1af05dd9197555895d80375003b9f wp-block-post-title has-text-color has-ast-global-color-8-color\">Georgia Access anuncia la extensi\u00f3n de la fecha l\u00edmite para la cobertura del 1 de enero de 2025<\/h2>\n\n<div class=\"wp-block-post-excerpt\"><p class=\"wp-block-post-excerpt__excerpt\">Oportunidad adicional para que los georgianos se inscriban en la cobertura de salud que comenzar\u00e1 el 1 de enero de 2025; la cobertura comienza el 1 de enero para los planes seleccionados antes del 20 de diciembre. La Oficina del Comisionado de Seguros y Seguridad contra Incendios (OCI,&hellip;<\/p><p class=\"wp-block-post-excerpt__more-text\"><a class=\"wp-block-post-excerpt__more-link\" href=\"https:\/\/georgiaaccess.gov\/es\/press_release\/georgia-access-anuncia-la-extension-de-la-fecha-limite-para-la-cobertura-del-1-de-enero-de-2025\/\">Read More <\/a><\/p><\/div>\n<\/li><li class=\"wp-block-post post-4312 press_release type-press_release status-publish format-standard hentry\">\n<h2 class=\"has-link-color wp-elements-1fc1af05dd9197555895d80375003b9f wp-block-post-title has-text-color has-ast-global-color-8-color\">El per\u00edodo de inscripci\u00f3n abierta de Georgia para 2025 comienza con la puesta en marcha del nuevo intercambio estatal, Georgia Access<\/h2>\n\n<div class=\"wp-block-post-excerpt\"><p class=\"wp-block-post-excerpt__excerpt\">Los georgianos ahora pueden inscribirse para obtener cobertura de salud de alta calidad. Los hitos se celebraron con el evento de lanzamiento y el anuncio de asociaciones con los Georgia Bulldogs y el Atlanta Dream. El Comisionado de Seguros y Seguridad contra Incendios, John F. King, anunci\u00f3 hoy&hellip;<\/p><p class=\"wp-block-post-excerpt__more-text\"><a class=\"wp-block-post-excerpt__more-link\" href=\"https:\/\/georgiaaccess.gov\/es\/press_release\/el-periodo-de-inscripcion-abierta-de-georgia-para-2025-comienza-con-la-puesta-en-marcha-del-nuevo-intercambio-estatal-georgia-access\/\">Read More <\/a><\/p><\/div>\n<\/li><li class=\"wp-block-post post-3996 press_release type-press_release status-publish format-standard hentry\">\n<h2 class=\"has-link-color wp-elements-1fc1af05dd9197555895d80375003b9f wp-block-post-title has-text-color has-ast-global-color-8-color\">Georgia Access se prepara para inscribir a los georgianos en una cobertura de salud asequible para la Inscripci\u00f3n Abierta 2025 con m\u00e1s de 15,000 agentes certificados, asociaciones innovadoras y m\u00faltiples canales de inscripci\u00f3n<\/h2>\n\n<div class=\"wp-block-post-excerpt\"><p class=\"wp-block-post-excerpt__excerpt\">Georgia Access, el nuevo Intercambio con sede en el estado de Georgia, anunci\u00f3 hoy su preparaci\u00f3n para el pr\u00f3ximo per\u00edodo de Inscripci\u00f3n Abierta, que incluye una s\u00f3lida lista de m\u00e1s de 15,000 agentes certificados nuevos y que regresan hasta la fecha y m\u00faltiples opciones de inscripci\u00f3n para que&hellip;<\/p><p class=\"wp-block-post-excerpt__more-text\"><a class=\"wp-block-post-excerpt__more-link\" href=\"https:\/\/georgiaaccess.gov\/es\/press_release\/georgia-access-se-prepara-para-inscribir-a-los-georgianos-en-una-cobertura-de-salud-asequible-para-la-inscripcion-abierta-2025-con-mas-de-15000-agentes-certificados-asociaciones-innovadoras-y-multip\/\">Read More <\/a><\/p><\/div>\n<\/li><li class=\"wp-block-post post-3279 press_release type-press_release status-publish format-standard hentry\">\n<h2 class=\"has-link-color wp-elements-1fc1af05dd9197555895d80375003b9f wp-block-post-title has-text-color has-ast-global-color-8-color\">Los Centros de Servicios de Medicare y Medicaid dan luz verde a la transici\u00f3n de Georgia a un intercambio de atenci\u00f3n m\u00e9dica estatal, Georgia Access<\/h2>\n\n<div class=\"wp-block-post-excerpt\"><p class=\"wp-block-post-excerpt__excerpt\">Georgia Access reemplazar\u00e1 Healthcare.gov, mejorando el acceso a una cobertura de salud asequible y de calidad para los georgianos. El Comisionado de Seguros y Seguridad contra los Bomberos, John F. King, anunci\u00f3 hoy que los Centros de Servicios de Medicare y Medicaid (CMS, por sus siglas en ingl\u00e9s)&hellip;<\/p><p class=\"wp-block-post-excerpt__more-text\"><a class=\"wp-block-post-excerpt__more-link\" href=\"https:\/\/georgiaaccess.gov\/es\/press_release\/los-centros-de-servicios-de-medicare-y-medicaid-dan-luz-verde-a-la-transicion-de-georgia-a-un-intercambio-de-atencion-medica-con-sede-en-el-estado-georgia-access\/\">Read More <\/a><\/p><\/div>\n<\/li><li class=\"wp-block-post post-3278 press_release type-press_release status-publish format-standard hentry\">\n<h2 class=\"has-link-color wp-elements-1fc1af05dd9197555895d80375003b9f wp-block-post-title has-text-color has-ast-global-color-8-color\">Georgia Access revoluciona el seguro de salud con asociaciones innovadoras con el sector privado<\/h2>\n\n<div class=\"wp-block-post-excerpt\"><p class=\"wp-block-post-excerpt__excerpt\">Los georgianos ahora tienen m\u00faltiples opciones para inscribirse en una cobertura asequible a trav\u00e9s de corredores web, agentes, compa\u00f1\u00edas de seguros y el Portal de Acceso de Georgia. Georgia Access, el nuevo intercambio estatal del estado, anunci\u00f3 hoy que se asociar\u00e1 con entidades de Inscripci\u00f3n Directa Mejorada (EDE)&hellip;<\/p><p class=\"wp-block-post-excerpt__more-text\"><a class=\"wp-block-post-excerpt__more-link\" href=\"https:\/\/georgiaaccess.gov\/es\/press_release\/georgia-access-revoluciona-los-seguros-de-salud-con-asociaciones-innovadoras-del-sector-privado\/\">Read More <\/a><\/p><\/div>\n<\/li><li class=\"wp-block-post post-3277 press_release type-press_release status-publish format-standard hentry\">\n<h2 class=\"has-link-color wp-elements-1fc1af05dd9197555895d80375003b9f wp-block-post-title has-text-color has-ast-global-color-8-color\">Georgia Access se lanzar\u00e1 como intercambio estatal en noviembre<\/h2>\n\n<div class=\"wp-block-post-excerpt\"><p class=\"wp-block-post-excerpt__excerpt\">Los Centros de Servicios de Medicare y Medicaid dan luz verde a la transici\u00f3n de Georgia a un intercambio de atenci\u00f3n m\u00e9dica estatal, Georgia Access. Georgia Access reemplazar\u00e1 a Healthcare.gov, mejorando el acceso a una cobertura de salud asequible y de calidad para los georgianos. El Comisionado de&hellip;<\/p><p class=\"wp-block-post-excerpt__more-text\"><a class=\"wp-block-post-excerpt__more-link\" href=\"https:\/\/georgiaaccess.gov\/es\/press_release\/georgia-access-se-lanzara-como-exchange-estatal-en-noviembre\/\">Read More <\/a><\/p><\/div>\n<\/li><li class=\"wp-block-post post-3276 press_release type-press_release status-publish format-standard hentry\">\n<h2 class=\"has-link-color wp-elements-1fc1af05dd9197555895d80375003b9f wp-block-post-title has-text-color has-ast-global-color-8-color\">El Comisionado King nombra director ejecutivo para el intercambio de atenci\u00f3n m\u00e9dica con sede en el estado de Georgia<\/h2>\n\n<div class=\"wp-block-post-excerpt\"><p class=\"wp-block-post-excerpt__excerpt\">El Comisionado de Seguros y Seguridad contra Incendios, John F. King, anunci\u00f3 hoy que ha nombrado a Cheryl S. Gardner como Directora Ejecutiva del Intercambio de Seguros y Seguridad de Georgia, tambi\u00e9n conocido como Georgia Access.&nbsp; \u00abNuestra oficina ha trabajado incansablemente durante los \u00faltimos a\u00f1os para alejar a&hellip;<\/p><p class=\"wp-block-post-excerpt__more-text\"><a class=\"wp-block-post-excerpt__more-link\" href=\"https:\/\/georgiaaccess.gov\/es\/press_release\/el-comisionado-king-nombra-director-ejecutivo-de-healthcare-exchange-con-sede-en-el-estado-de-georgia\/\">Read More <\/a><\/p><\/div>\n<\/li><\/ul><\/div>\n\n\n\n<div style=\"height:40px\" aria-hidden=\"true\" class=\"wp-block-spacer\"><\/div>\n","protected":false},"excerpt":{"rendered":"<p>Mant\u00e9ngase informado sobre los \u00faltimos anuncios, actualizaciones de inscripci\u00f3n y desarrollos clave en la cobertura de salud para los georgianos. Para consultas de prensa y medios de comunicaci\u00f3n, comun\u00edquese con &nbsp;media@oci.ga.gov.<\/p>\n","protected":false},"author":23,"featured_media":6611,"parent":0,"menu_order":0,"comment_status":"closed","ping_status":"closed","template":"sidebar-menu-template.php","meta":{"_acf_changed":false,"inline_featured_image":false,"_uag_custom_page_level_css":"","site-sidebar-layout":"default","site-content-layout":"","ast-site-content-layout":"default","site-content-style":"default","site-sidebar-style":"default","ast-global-header-display":"","ast-banner-title-visibility":"","ast-main-header-display":"","ast-hfb-above-header-display":"","ast-hfb-below-header-display":"","ast-hfb-mobile-header-display":"","site-post-title":"","ast-breadcrumbs-content":"","ast-featured-img":"disabled","footer-sml-layout":"","ast-disable-related-posts":"","theme-transparent-header-meta":"","adv-header-id-meta":"","stick-header-meta":"","header-above-stick-meta":"","header-main-stick-meta":"","header-below-stick-meta":"","astra-migrate-meta-layouts":"set","ast-page-background-enabled":"default","ast-page-background-meta":{"desktop":{"background-color":"var(--ast-global-color-4)","background-image":"","background-repeat":"repeat","background-position":"center center","background-size":"auto","background-attachment":"scroll","background-type":"","background-media":"","overlay-type":"","overlay-color":"","overlay-opacity":"","overlay-gradient":""},"tablet":{"background-color":"","background-image":"","background-repeat":"repeat","background-position":"center center","background-size":"auto","background-attachment":"scroll","background-type":"","background-media":"","overlay-type":"","overlay-color":"","overlay-opacity":"","overlay-gradient":""},"mobile":{"background-color":"","background-image":"","background-repeat":"repeat","background-position":"center center","background-size":"auto","background-attachment":"scroll","background-type":"","background-media":"","overlay-type":"","overlay-color":"","overlay-opacity":"","overlay-gradient":""}},"ast-content-background-meta":{"desktop":{"background-color":"var(--ast-global-color-5)","background-image":"","background-repeat":"repeat","background-position":"center center","background-size":"auto","background-attachment":"scroll","background-type":"","background-media":"","overlay-type":"","overlay-color":"","overlay-opacity":"","overlay-gradient":""},"tablet":{"background-color":"var(--ast-global-color-5)","background-image":"","background-repeat":"repeat","background-position":"center center","background-size":"auto","background-attachment":"scroll","background-type":"","background-media":"","overlay-type":"","overlay-color":"","overlay-opacity":"","overlay-gradient":""},"mobile":{"background-color":"var(--ast-global-color-5)","background-image":"","background-repeat":"repeat","background-position":"center center","background-size":"auto","background-attachment":"scroll","background-type":"","background-media":"","overlay-type":"","overlay-color":"","overlay-opacity":"","overlay-gradient":""}},"footnotes":""},"class_list":["post-8031","page","type-page","status-publish","has-post-thumbnail","hentry"],"acf":[],"yoast_head":"<!-- This site is optimized with the Yoast SEO plugin v26.8 - https:\/\/yoast.com\/product\/yoast-seo-wordpress\/ -->\n<title>Comunicados de prensa | Acceso a Georgia<\/title>\n<meta name=\"description\" content=\"Encuentre las \u00faltimas noticias y comunicados de prensa. Obtenga m\u00e1s informaci\u00f3n sobre actualizaciones de seguros de salud, nuevos programas y anuncios clave para los georgianos.\" \/>\n<meta name=\"robots\" content=\"index, follow, max-snippet:-1, max-image-preview:large, max-video-preview:-1\" \/>\n<link rel=\"canonical\" href=\"https:\/\/georgiaaccess.gov\/es\/comunicados-de-prensa\/\" \/>\n<meta property=\"og:locale\" content=\"es_ES\" \/>\n<meta property=\"og:type\" content=\"article\" \/>\n<meta property=\"og:title\" content=\"Pr\u00f3ximos eventos | Acceso a Georgia\" \/>\n<meta property=\"og:description\" content=\"\u00a1Estamos visitando comunidades en todo el estado para cubrir a m\u00e1s georgianos! Consulte nuestros pr\u00f3ximos eventos para obtener m\u00e1s informaci\u00f3n sobre Georgia Access en persona.\" \/>\n<meta property=\"og:url\" content=\"https:\/\/georgiaaccess.gov\/es\/comunicados-de-prensa\/\" \/>\n<meta property=\"og:site_name\" content=\"Georgia Access\" \/>\n<meta property=\"article:modified_time\" content=\"2025-09-29T13:10:20+00:00\" \/>\n<meta property=\"og:image\" content=\"https:\/\/georgiaaccess.gov\/wp-content\/uploads\/2025\/09\/about-georgia-access-header-scaled.jpg\" \/>\n\t<meta property=\"og:image:width\" content=\"2560\" \/>\n\t<meta property=\"og:image:height\" content=\"356\" \/>\n\t<meta property=\"og:image:type\" content=\"image\/jpeg\" \/>\n<meta name=\"twitter:card\" content=\"summary_large_image\" \/>\n<meta name=\"twitter:label1\" content=\"Tiempo de lectura\" \/>\n\t<meta name=\"twitter:data1\" content=\"1 minuto\" \/>\n<script type=\"application\/ld+json\" class=\"yoast-schema-graph\">{\"@context\":\"https:\/\/schema.org\",\"@graph\":[{\"@type\":\"WebPage\",\"@id\":\"https:\/\/georgiaaccess.gov\/es\/comunicados-de-prensa\/\",\"url\":\"https:\/\/georgiaaccess.gov\/es\/comunicados-de-prensa\/\",\"name\":\"Comunicados de prensa | Acceso a Georgia\",\"isPartOf\":{\"@id\":\"https:\/\/georgiaaccess.gov\/es\/#website\"},\"primaryImageOfPage\":{\"@id\":\"https:\/\/georgiaaccess.gov\/es\/comunicados-de-prensa\/#primaryimage\"},\"image\":{\"@id\":\"https:\/\/georgiaaccess.gov\/es\/comunicados-de-prensa\/#primaryimage\"},\"thumbnailUrl\":\"https:\/\/georgiaaccess.gov\/wp-content\/uploads\/2025\/09\/about-georgia-access-header-scaled.jpg\",\"datePublished\":\"2025-08-16T20:13:00+00:00\",\"dateModified\":\"2025-09-29T13:10:20+00:00\",\"description\":\"Encuentre las \u00faltimas noticias y comunicados de prensa. Obtenga m\u00e1s informaci\u00f3n sobre actualizaciones de seguros de salud, nuevos programas y anuncios clave para los georgianos.\",\"breadcrumb\":{\"@id\":\"https:\/\/georgiaaccess.gov\/es\/comunicados-de-prensa\/#breadcrumb\"},\"inLanguage\":\"es\",\"potentialAction\":[{\"@type\":\"ReadAction\",\"target\":[\"https:\/\/georgiaaccess.gov\/es\/comunicados-de-prensa\/\"]}]},{\"@type\":\"ImageObject\",\"inLanguage\":\"es\",\"@id\":\"https:\/\/georgiaaccess.gov\/es\/comunicados-de-prensa\/#primaryimage\",\"url\":\"https:\/\/georgiaaccess.gov\/wp-content\/uploads\/2025\/09\/about-georgia-access-header-scaled.jpg\",\"contentUrl\":\"https:\/\/georgiaaccess.gov\/wp-content\/uploads\/2025\/09\/about-georgia-access-header-scaled.jpg\",\"width\":2560,\"height\":356,\"caption\":\"Two men smiling.\"},{\"@type\":\"BreadcrumbList\",\"@id\":\"https:\/\/georgiaaccess.gov\/es\/comunicados-de-prensa\/#breadcrumb\",\"itemListElement\":[{\"@type\":\"ListItem\",\"position\":1,\"name\":\"Home\",\"item\":\"https:\/\/georgiaaccess.gov\/es\/\"},{\"@type\":\"ListItem\",\"position\":2,\"name\":\"Comunicados de prensa\"}]},{\"@type\":\"WebSite\",\"@id\":\"https:\/\/georgiaaccess.gov\/es\/#website\",\"url\":\"https:\/\/georgiaaccess.gov\/es\/\",\"name\":\"Georgia Access\",\"description\":\"\",\"publisher\":{\"@id\":\"https:\/\/georgiaaccess.gov\/es\/#organization\"},\"potentialAction\":[{\"@type\":\"SearchAction\",\"target\":{\"@type\":\"EntryPoint\",\"urlTemplate\":\"https:\/\/georgiaaccess.gov\/es\/?s={search_term_string}\"},\"query-input\":{\"@type\":\"PropertyValueSpecification\",\"valueRequired\":true,\"valueName\":\"search_term_string\"}}],\"inLanguage\":\"es\"},{\"@type\":\"Organization\",\"@id\":\"https:\/\/georgiaaccess.gov\/es\/#organization\",\"name\":\"Georgia Access\",\"url\":\"https:\/\/georgiaaccess.gov\/es\/\",\"logo\":{\"@type\":\"ImageObject\",\"inLanguage\":\"es\",\"@id\":\"https:\/\/georgiaaccess.gov\/es\/#\/schema\/logo\/image\/\",\"url\":\"https:\/\/georgiaaccess.gov\/wp-content\/uploads\/2022\/10\/georgia-access-logo-stacked.svg\",\"contentUrl\":\"https:\/\/georgiaaccess.gov\/wp-content\/uploads\/2022\/10\/georgia-access-logo-stacked.svg\",\"width\":180,\"height\":56,\"caption\":\"Georgia Access\"},\"image\":{\"@id\":\"https:\/\/georgiaaccess.gov\/es\/#\/schema\/logo\/image\/\"}}]}<\/script>\n<!-- \/ Yoast SEO plugin. -->","yoast_head_json":{"title":"Comunicados de prensa | Acceso a Georgia","description":"Encuentre las \u00faltimas noticias y comunicados de prensa. Obtenga m\u00e1s informaci\u00f3n sobre actualizaciones de seguros de salud, nuevos programas y anuncios clave para los georgianos.","robots":{"index":"index","follow":"follow","max-snippet":"max-snippet:-1","max-image-preview":"max-image-preview:large","max-video-preview":"max-video-preview:-1"},"canonical":"https:\/\/georgiaaccess.gov\/es\/comunicados-de-prensa\/","og_locale":"es_ES","og_type":"article","og_title":"Pr\u00f3ximos eventos | Acceso a Georgia","og_description":"\u00a1Estamos visitando comunidades en todo el estado para cubrir a m\u00e1s georgianos! Consulte nuestros pr\u00f3ximos eventos para obtener m\u00e1s informaci\u00f3n sobre Georgia Access en persona.","og_url":"https:\/\/georgiaaccess.gov\/es\/comunicados-de-prensa\/","og_site_name":"Georgia Access","article_modified_time":"2025-09-29T13:10:20+00:00","og_image":[{"width":2560,"height":356,"url":"https:\/\/georgiaaccess.gov\/wp-content\/uploads\/2025\/09\/about-georgia-access-header-scaled.jpg","type":"image\/jpeg"}],"twitter_card":"summary_large_image","twitter_misc":{"Tiempo de lectura":"1 minuto"},"schema":{"@context":"https:\/\/schema.org","@graph":[{"@type":"WebPage","@id":"https:\/\/georgiaaccess.gov\/es\/comunicados-de-prensa\/","url":"https:\/\/georgiaaccess.gov\/es\/comunicados-de-prensa\/","name":"Comunicados de prensa | Acceso a Georgia","isPartOf":{"@id":"https:\/\/georgiaaccess.gov\/es\/#website"},"primaryImageOfPage":{"@id":"https:\/\/georgiaaccess.gov\/es\/comunicados-de-prensa\/#primaryimage"},"image":{"@id":"https:\/\/georgiaaccess.gov\/es\/comunicados-de-prensa\/#primaryimage"},"thumbnailUrl":"https:\/\/georgiaaccess.gov\/wp-content\/uploads\/2025\/09\/about-georgia-access-header-scaled.jpg","datePublished":"2025-08-16T20:13:00+00:00","dateModified":"2025-09-29T13:10:20+00:00","description":"Encuentre las \u00faltimas noticias y comunicados de prensa. Obtenga m\u00e1s informaci\u00f3n sobre actualizaciones de seguros de salud, nuevos programas y anuncios clave para los georgianos.","breadcrumb":{"@id":"https:\/\/georgiaaccess.gov\/es\/comunicados-de-prensa\/#breadcrumb"},"inLanguage":"es","potentialAction":[{"@type":"ReadAction","target":["https:\/\/georgiaaccess.gov\/es\/comunicados-de-prensa\/"]}]},{"@type":"ImageObject","inLanguage":"es","@id":"https:\/\/georgiaaccess.gov\/es\/comunicados-de-prensa\/#primaryimage","url":"https:\/\/georgiaaccess.gov\/wp-content\/uploads\/2025\/09\/about-georgia-access-header-scaled.jpg","contentUrl":"https:\/\/georgiaaccess.gov\/wp-content\/uploads\/2025\/09\/about-georgia-access-header-scaled.jpg","width":2560,"height":356,"caption":"Two men smiling."},{"@type":"BreadcrumbList","@id":"https:\/\/georgiaaccess.gov\/es\/comunicados-de-prensa\/#breadcrumb","itemListElement":[{"@type":"ListItem","position":1,"name":"Home","item":"https:\/\/georgiaaccess.gov\/es\/"},{"@type":"ListItem","position":2,"name":"Comunicados de prensa"}]},{"@type":"WebSite","@id":"https:\/\/georgiaaccess.gov\/es\/#website","url":"https:\/\/georgiaaccess.gov\/es\/","name":"Georgia Access","description":"","publisher":{"@id":"https:\/\/georgiaaccess.gov\/es\/#organization"},"potentialAction":[{"@type":"SearchAction","target":{"@type":"EntryPoint","urlTemplate":"https:\/\/georgiaaccess.gov\/es\/?s={search_term_string}"},"query-input":{"@type":"PropertyValueSpecification","valueRequired":true,"valueName":"search_term_string"}}],"inLanguage":"es"},{"@type":"Organization","@id":"https:\/\/georgiaaccess.gov\/es\/#organization","name":"Georgia Access","url":"https:\/\/georgiaaccess.gov\/es\/","logo":{"@type":"ImageObject","inLanguage":"es","@id":"https:\/\/georgiaaccess.gov\/es\/#\/schema\/logo\/image\/","url":"https:\/\/georgiaaccess.gov\/wp-content\/uploads\/2022\/10\/georgia-access-logo-stacked.svg","contentUrl":"https:\/\/georgiaaccess.gov\/wp-content\/uploads\/2022\/10\/georgia-access-logo-stacked.svg","width":180,"height":56,"caption":"Georgia Access"},"image":{"@id":"https:\/\/georgiaaccess.gov\/es\/#\/schema\/logo\/image\/"}}]}},"uagb_featured_image_src":{"full":["https:\/\/georgiaaccess.gov\/wp-content\/uploads\/2025\/09\/about-georgia-access-header-scaled.jpg",2560,356,false],"thumbnail":["https:\/\/georgiaaccess.gov\/wp-content\/uploads\/2025\/09\/about-georgia-access-header-150x150.jpg",150,150,true],"medium":["https:\/\/georgiaaccess.gov\/wp-content\/uploads\/2025\/09\/about-georgia-access-header-300x42.jpg",300,42,true],"medium_large":["https:\/\/georgiaaccess.gov\/wp-content\/uploads\/2025\/09\/about-georgia-access-header-768x107.jpg",768,107,true],"large":["https:\/\/georgiaaccess.gov\/wp-content\/uploads\/2025\/09\/about-georgia-access-header-1024x142.jpg",1024,142,true],"1536x1536":["https:\/\/georgiaaccess.gov\/wp-content\/uploads\/2025\/09\/about-georgia-access-header-1536x213.jpg",1536,213,true],"2048x2048":["https:\/\/georgiaaccess.gov\/wp-content\/uploads\/2025\/09\/about-georgia-access-header-2048x284.jpg",2048,284,true]},"uagb_author_info":{"display_name":"Wenmin Chen","author_link":"https:\/\/georgiaaccess.gov\/es\/author\/wenminc\/"},"uagb_comment_info":0,"uagb_excerpt":"Mant\u00e9ngase informado sobre los \u00faltimos anuncios, actualizaciones de inscripci\u00f3n y desarrollos clave en la cobertura de salud para los georgianos. Para consultas de prensa y medios de comunicaci\u00f3n, comun\u00edquese con &nbsp;media@oci.ga.gov.","_links":{"self":[{"href":"https:\/\/georgiaaccess.gov\/es\/wp-json\/wp\/v2\/pages\/8031","targetHints":{"allow":["GET"]}}],"collection":[{"href":"https:\/\/georgiaaccess.gov\/es\/wp-json\/wp\/v2\/pages"}],"about":[{"href":"https:\/\/georgiaaccess.gov\/es\/wp-json\/wp\/v2\/types\/page"}],"author":[{"embeddable":true,"href":"https:\/\/georgiaaccess.gov\/es\/wp-json\/wp\/v2\/users\/23"}],"replies":[{"embeddable":true,"href":"https:\/\/georgiaaccess.gov\/es\/wp-json\/wp\/v2\/comments?post=8031"}],"version-history":[{"count":3,"href":"https:\/\/georgiaaccess.gov\/es\/wp-json\/wp\/v2\/pages\/8031\/revisions"}],"predecessor-version":[{"id":8598,"href":"https:\/\/georgiaaccess.gov\/es\/wp-json\/wp\/v2\/pages\/8031\/revisions\/8598"}],"wp:featuredmedia":[{"embeddable":true,"href":"https:\/\/georgiaaccess.gov\/es\/wp-json\/wp\/v2\/media\/6611"}],"wp:attachment":[{"href":"https:\/\/georgiaaccess.gov\/es\/wp-json\/wp\/v2\/media?parent=8031"}],"curies":[{"name":"wp","href":"https:\/\/api.w.org\/{rel}","templated":true}]}}