{"id":7904,"date":"2025-08-08T13:55:00","date_gmt":"2025-08-08T17:55:00","guid":{"rendered":"https:\/\/georgiaaccess.gov\/?page_id=7904"},"modified":"2025-09-30T11:45:58","modified_gmt":"2025-09-30T15:45:58","slug":"explore-las-opciones-de-inscripcion-para-pequenas-empresas","status":"publish","type":"page","link":"https:\/\/georgiaaccess.gov\/es\/explore-las-opciones-de-inscripcion-para-pequenas-empresas\/","title":{"rendered":"Explore las opciones de inscripci\u00f3n para peque\u00f1as empresas"},"content":{"rendered":"\n<h1 class=\"wp-block-heading\">Explore las opciones de inscripci\u00f3n para peque\u00f1as empresas<\/h1>\n\n\n\n<p>Si trabaja por cuenta propia o tiene una peque\u00f1a empresa, puede ser dif\u00edcil encontrar opciones de seguro m\u00e9dico asequibles. Consulte las opciones de seguro m\u00e9dico para su peque\u00f1a empresa a continuaci\u00f3n para encontrar la que mejor se adapte a sus necesidades.<\/p>\n\n\n\n<p>Adem\u00e1s, puede haber otras opciones de cobertura de seguro m\u00e9dico disponibles para usted, incluidos los planes de grupos peque\u00f1os fuera del intercambio o los planes de asociaci\u00f3n.<\/p>\n\n\n\t<div class=\"gah-tabs\">\n\t\t<div role=\"tablist\" aria-labelledby=\"tablist-1\" class=\"manual\">\n\t\t\t\t\t\t\t\t\t\t<button id=\"tab-shop\" type=\"button\" role=\"tab\" aria-selected=\"true\" aria-controls=\"tabpanel-shop\">\n\t\t\t\t\t<span class=\"focus\">SHOP<\/span>\n\t\t\t\t<\/button>\n\t\t\t\t\t\t\t\t\t\t<button id=\"tab-ichras\" type=\"button\" role=\"tab\" aria-selected=\"false\" aria-controls=\"tabpanel-ichras\">\n\t\t\t\t\t<span class=\"focus\">ICHRAs<\/span>\n\t\t\t\t<\/button>\n\t\t\t\t\t\t\t\t\t\t<button id=\"tab-qsehras\" type=\"button\" role=\"tab\" aria-selected=\"false\" aria-controls=\"tabpanel-qsehras\">\n\t\t\t\t\t<span class=\"focus\">QSEHRAs<\/span>\n\t\t\t\t<\/button>\n\t\t\t\t\t\t\t\t\t\t<button id=\"tab-georgianos-aut\u00f3nomos\" type=\"button\" role=\"tab\" aria-selected=\"false\" aria-controls=\"tabpanel-georgianos-aut\u00f3nomos\">\n\t\t\t\t\t<span class=\"focus\">Georgianos aut\u00f3nomos<\/span>\n\t\t\t\t<\/button>\n\t\t\t\t\t\t\t\t<\/div>\n\t\t<div class=\"gah-tabs--tabpanels\">\n\t\t\t\t\t\t\t<div id=\"tabpanel-shop\" role=\"tabpanel\" aria-labelledby=\"tab-shop\" class=\"\">\n\t\t\t\t<h3>Programa de Opciones de Salud para Peque\u00f1as Empresas (SHOP)<\/h3>\n<p>Georgia Access certifica planes disponibles para peque\u00f1as empresas de hasta 50 empleados. Los empleadores que utilizan SHOP pueden optar a un cr\u00e9dito fiscal por hasta dos a\u00f1os consecutivos.<\/p>\n\t\t\t\t\t\t\t\t\t<a class=\"cta\" href=\"\/es\/programa-de-opciones-de-salud-para-pequenas-empresas\/\" target=\"\">M\u00c1S INFORMACI\u00d3N<\/a>\n\t\t\t\t\t\t\t<\/div>\n\t\t\t\t\t\t\t\t<div id=\"tabpanel-ichras\" role=\"tabpanel\" aria-labelledby=\"tab-ichras\" class=\"is-hidden\">\n\t\t\t\t<h3>Acuerdos de reembolso de gastos m\u00e9dicos de cobertura individual (ICHRA)<\/h3>\n<p>En lugar de ofrecer un seguro tradicional patrocinado por el empleador, las empresas pueden realizar aportaciones a sus empleados a trav\u00e9s de una cuenta de ahorros para la salud (ICHRA) para adquirir planes en Georgia Access. Los fondos restantes pueden utilizarse para cubrir gastos m\u00e9dicos calificados. Las aportaciones a la ICHRA est\u00e1n exentas de impuestos y no tienen un l\u00edmite establecido. Cabe destacar que las grandes empresas que ofrecen ICHRA deben aportar fondos suficientes para que puedan adquirir una cobertura en el Mercado que cumpla con los l\u00edmites de asequibilidad establecidos por el Servicio de Impuestos Internos (IRS).<\/p>\n\t\t\t\t\t\t\t<\/div>\n\t\t\t\t\t\t\t\t<div id=\"tabpanel-qsehras\" role=\"tabpanel\" aria-labelledby=\"tab-qsehras\" class=\"is-hidden\">\n\t\t\t\t<h3>Acuerdos de reembolso de gastos de salud para peque\u00f1os empleadores calificados (QSEHRAs)<\/h3>\n<p>Las QSEHRA son cuentas de ahorro para gastos m\u00e9dicos disponibles para peque\u00f1as empresas con 50 empleados a tiempo completo o menos. Las empresas aportan fondos que los empleados pueden usar para adquirir un seguro m\u00e9dico en Georgia Access y cubrir gastos m\u00e9dicos. Los empleados pueden combinar los fondos de las QSEHRA con los Cr\u00e9ditos Fiscales para Primas (PTC).<\/p>\n\t\t\t\t\t\t\t<\/div>\n\t\t\t\t\t\t\t\t<div id=\"tabpanel-georgianos-aut\u00f3nomos\" role=\"tabpanel\" aria-labelledby=\"tab-georgianos-aut\u00f3nomos\" class=\"is-hidden\">\n\t\t\t\t<h3>Georgianos aut\u00f3nomos<\/h3>\n<p>Puede inscribirse en un seguro m\u00e9dico en Georgia Access si es trabajador aut\u00f3nomo, consultor, contratista independiente u otro trabajador por cuenta propia. Podr\u00eda ser elegible para recibir asistencia financiera seg\u00fan sus ingresos.<\/p>\n<p>Complete una solicitud de Georgia Access dentro del <a href=\"https:\/\/enroll.georgiaaccess.gov\/hix\/\" target=\"_blank\" rel=\"noopener\">portal del consumidor de Georgia Access<\/a> o con un <a href=\"https:\/\/georgiaaccess.gov\/es\/explore-las-opciones-de-inscripcion\/inscribete-con-un-agente-certificado\/\">agente<\/a>, <a href=\"https:\/\/georgiaaccess.gov\/es\/explore-las-opciones-de-inscripcion\/inscribase-en-una-compania-de-seguros\/\">una compa\u00f1\u00eda de seguros<\/a>, o <a href=\"https:\/\/georgiaaccess.gov\/es\/explore-las-opciones-de-inscripcion\/inscribase-con-un-corredor-web\/\">un corredor web<\/a> para ver a cu\u00e1nta asistencia financiera puede ser elegible.<\/p>\n\t\t\t\t\t\t\t\t\t<a class=\"cta\" href=\"https:\/\/enroll.georgiaaccess.gov\/hix\/\" target=\"_blank\">EXPLORAR LAS OPCIONES DE INSCRIPCI\u00d3N<\/a>\n\t\t\t\t\t\t\t<\/div>\n\t\t\t\t\t\t\t<\/div>\n\t<\/div>\n\n<script>\n\/*\n *   This content is licensed according to the W3C Software License at\n *   https:\/\/www.w3.org\/Consortium\/Legal\/2015\/copyright-software-and-document\n *\n *   File:   tabs-manual.js\n *\n *   Desc:   Tablist widget that implements ARIA Authoring Practices\n *\/\n\n'use strict';\n\nconst debounce = (callback, wait) => {\n  let timeoutId = null;\n  return (...args) => {\n    window.clearTimeout(timeoutId);\n    timeoutId = window.setTimeout(() => {\n      callback(...args);\n    }, wait);\n  };\n}\n\nclass TabsManual {\n  constructor(groupNode) {\n\t\tthis.$ = jQuery;\n    this.tablistNode = groupNode;\n\n    this.tabs = [];\n\n    this.firstTab = null;\n    this.lastTab = null;\n\n    this.tabs = Array.from(this.tablistNode.querySelectorAll('[role=tab]'));\n    this.tabpanels = [];\n\n    for (var i = 0; i < this.tabs.length; i += 1) {\n      var tab = this.tabs[i];\n      var tabpanel = document.getElementById(tab.getAttribute('aria-controls'));\n\n      tab.tabIndex = -1;\n      tab.setAttribute('aria-selected', 'false');\n      this.tabpanels.push(tabpanel);\n\n      tab.addEventListener('keydown', this.onKeydown.bind(this));\n      tab.addEventListener('click', this.onClick.bind(this));\n\n      if (!this.firstTab) {\n        this.firstTab = tab;\n      }\n      this.lastTab = tab;\n    }\n\n    this.setSelectedTab(this.firstTab);\n\n\t\tthis.adjustTabPanelHeight();\n\t\twindow.addEventListener('resize', debounce(this.adjustTabPanelHeight.bind(this), 350));\n  }\n\n\tadjustTabPanelHeight() {\n\t\tif (window.innerWidth < 768) {\n\t\t\tthis.tabpanels.forEach((tab) => tab.style.height = 'auto');\n\t\t\treturn false;\n\t\t};\n\t\t\n\t\tlet maxScrollHeightOfTabPanels = 400;\n\t\tlet parent = this.tabpanels[0].parentElement;\n\t\tlet clonedTabPanels = parent.children;\n\n\t\tfor (let tab of clonedTabPanels) {\n\t\t\ttab.style.height = 'auto';\n\t\t\tmaxScrollHeightOfTabPanels = tab.scrollHeight > maxScrollHeightOfTabPanels ? tab.scrollHeight : maxScrollHeightOfTabPanels;\n\t\t}\n\n\t\tsetTimeout(() => {\n\t\t\tthis.tabpanels.forEach((tab) => {\n\t\t\t\ttab.style.height = maxScrollHeightOfTabPanels + 'px'; \n\t\t\t});\n\t\t});\n\n\t\tparent = null;\n\t}\n\n  setSelectedTab(currentTab) {\n    for (var i = 0; i < this.tabs.length; i += 1) {\n      var tab = this.tabs[i];\n      if (currentTab === tab) {\n        tab.setAttribute('aria-selected', 'true');\n        tab.removeAttribute('tabindex');\n        this.tabpanels[i].classList.remove('is-hidden');\n\t\t\t\tthis.tabpanels[i].setAttribute('aria-hidden', 'false');\n      } else {\n        tab.setAttribute('aria-selected', 'false');\n        tab.tabIndex = -1;\n        this.tabpanels[i].classList.add('is-hidden');\n\t\t\t\tthis.tabpanels[i].setAttribute('aria-hidden', 'true');\n      }\n    }\n  }\n\n  moveFocusToTab(currentTab) {\n    currentTab.focus();\n  }\n\n  moveFocusToPreviousTab(currentTab) {\n    var index;\n\n    if (currentTab === this.firstTab) {\n      this.moveFocusToTab(this.lastTab);\n    } else {\n      index = this.tabs.indexOf(currentTab);\n      this.moveFocusToTab(this.tabs[index - 1]);\n    }\n  }\n\n  moveFocusToNextTab(currentTab) {\n    var index;\n\n    if (currentTab === this.lastTab) {\n      this.moveFocusToTab(this.firstTab);\n    } else {\n      index = this.tabs.indexOf(currentTab);\n      this.moveFocusToTab(this.tabs[index + 1]);\n    }\n  }\n\n  \/* EVENT HANDLERS *\/\n\n  onKeydown(event) {\n    var tgt = event.currentTarget,\n      flag = false;\n\n    switch (event.key) {\n      case 'ArrowLeft':\n        this.moveFocusToPreviousTab(tgt);\n        flag = true;\n        break;\n\n      case 'ArrowRight':\n        this.moveFocusToNextTab(tgt);\n        flag = true;\n        break;\n\n      case 'Home':\n        this.moveFocusToTab(this.firstTab);\n        flag = true;\n        break;\n\n      case 'End':\n        this.moveFocusToTab(this.lastTab);\n        flag = true;\n        break;\n\n      default:\n        break;\n    }\n\n    if (flag) {\n      event.stopPropagation();\n      event.preventDefault();\n    }\n  }\n\n  \/\/ Since this example uses buttons for the tabs, the click onr also is activated\n  \/\/ with the space and enter keys\n  onClick(event) {\n    this.setSelectedTab(event.currentTarget);\n  }\n}\n\n\/\/ Initialize tablist\n\nwindow.addEventListener('load', function () {\n  var tablists = document.querySelectorAll('[role=tablist].manual');\n  for (var i = 0; i < tablists.length; i++) {\n    new TabsManual(tablists[i]);\n  }\n});\n\n<\/script>\n\n\n<h2 class=\"wp-block-heading h2-heading\"><strong>Para obtener m\u00e1s ayuda  <\/strong> <\/h2>\n\n\n\n<p>Comun\u00edquese con su agente certificado o compa\u00f1\u00eda de seguros para obtener informaci\u00f3n y opciones personalizadas para su peque\u00f1a empresa.<\/p>\n\n\n\n<p>Tambi\u00e9n puede comunicarse con el centro de contacto de Georgia Access al <a href=\"tel:1-888-687-1503\">1-888-687-1503<\/a> (l\u00ednea TTY 711) si tiene preguntas relacionadas con la solicitud SHOP o la determinaci\u00f3n de elegibilidad.<\/p>\n\n\n\n<div style=\"height:40px\" aria-hidden=\"true\" class=\"wp-block-spacer\"><\/div>\n","protected":false},"excerpt":{"rendered":"<p>Explore las opciones de inscripci\u00f3n para peque\u00f1as empresas Si trabaja por cuenta propia o tiene una peque\u00f1a empresa, puede ser dif\u00edcil encontrar opciones de seguro m\u00e9dico asequibles. Consulte las opciones de seguro m\u00e9dico para su peque\u00f1a empresa a continuaci\u00f3n para encontrar la que mejor se adapte a sus necesidades. Adem\u00e1s, puede haber otras opciones de [&hellip;]<\/p>\n","protected":false},"author":23,"featured_media":6619,"parent":0,"menu_order":0,"comment_status":"closed","ping_status":"closed","template":"sidebar-menu-template.php","meta":{"_acf_changed":false,"inline_featured_image":false,"_uag_custom_page_level_css":"","site-sidebar-layout":"default","site-content-layout":"","ast-site-content-layout":"default","site-content-style":"default","site-sidebar-style":"default","ast-global-header-display":"","ast-banner-title-visibility":"","ast-main-header-display":"","ast-hfb-above-header-display":"","ast-hfb-below-header-display":"","ast-hfb-mobile-header-display":"","site-post-title":"disabled","ast-breadcrumbs-content":"","ast-featured-img":"disabled","footer-sml-layout":"","ast-disable-related-posts":"","theme-transparent-header-meta":"","adv-header-id-meta":"","stick-header-meta":"","header-above-stick-meta":"","header-main-stick-meta":"","header-below-stick-meta":"","astra-migrate-meta-layouts":"set","ast-page-background-enabled":"default","ast-page-background-meta":{"desktop":{"background-color":"var(--ast-global-color-4)","background-image":"","background-repeat":"repeat","background-position":"center center","background-size":"auto","background-attachment":"scroll","background-type":"","background-media":"","overlay-type":"","overlay-color":"","overlay-opacity":"","overlay-gradient":""},"tablet":{"background-color":"","background-image":"","background-repeat":"repeat","background-position":"center center","background-size":"auto","background-attachment":"scroll","background-type":"","background-media":"","overlay-type":"","overlay-color":"","overlay-opacity":"","overlay-gradient":""},"mobile":{"background-color":"","background-image":"","background-repeat":"repeat","background-position":"center center","background-size":"auto","background-attachment":"scroll","background-type":"","background-media":"","overlay-type":"","overlay-color":"","overlay-opacity":"","overlay-gradient":""}},"ast-content-background-meta":{"desktop":{"background-color":"var(--ast-global-color-5)","background-image":"","background-repeat":"repeat","background-position":"center center","background-size":"auto","background-attachment":"scroll","background-type":"","background-media":"","overlay-type":"","overlay-color":"","overlay-opacity":"","overlay-gradient":""},"tablet":{"background-color":"var(--ast-global-color-5)","background-image":"","background-repeat":"repeat","background-position":"center center","background-size":"auto","background-attachment":"scroll","background-type":"","background-media":"","overlay-type":"","overlay-color":"","overlay-opacity":"","overlay-gradient":""},"mobile":{"background-color":"var(--ast-global-color-5)","background-image":"","background-repeat":"repeat","background-position":"center center","background-size":"auto","background-attachment":"scroll","background-type":"","background-media":"","overlay-type":"","overlay-color":"","overlay-opacity":"","overlay-gradient":""}},"footnotes":""},"class_list":["post-7904","page","type-page","status-publish","has-post-thumbnail","hentry"],"acf":[],"yoast_head":"<!-- This site is optimized with the Yoast SEO plugin v26.8 - https:\/\/yoast.com\/product\/yoast-seo-wordpress\/ -->\n<title>Explore las opciones de inscripci\u00f3n para peque\u00f1as empresas | Acceso a Georgia<\/title>\n<meta name=\"description\" content=\"Inf\u00f3rmese sobre las opciones de seguro m\u00e9dico para peque\u00f1as empresas en Georgia. Explore planes, compare coberturas y encuentre opciones de inscripci\u00f3n.\" \/>\n<meta name=\"robots\" content=\"index, follow, max-snippet:-1, max-image-preview:large, max-video-preview:-1\" \/>\n<link rel=\"canonical\" href=\"https:\/\/georgiaaccess.gov\/es\/explore-las-opciones-de-inscripcion-para-pequenas-empresas\/\" \/>\n<meta property=\"og:locale\" content=\"es_ES\" \/>\n<meta property=\"og:type\" content=\"article\" \/>\n<meta property=\"og:title\" content=\"C\u00f3mo obtener cobertura de seguro m\u00e9dico | Acceso a Georgia\" \/>\n<meta property=\"og:description\" content=\"Obt\u00e9n cobertura con un seguro de salud asequible en Georgia. Usa Georgia Access para comparar planes y encontrar la cobertura adecuada para ti y tu familia.\" \/>\n<meta property=\"og:url\" content=\"https:\/\/georgiaaccess.gov\/es\/explore-las-opciones-de-inscripcion-para-pequenas-empresas\/\" \/>\n<meta property=\"og:site_name\" content=\"Georgia Access\" \/>\n<meta property=\"article:modified_time\" content=\"2025-09-30T15:45:58+00:00\" \/>\n<meta property=\"og:image\" content=\"https:\/\/georgiaaccessprodbeta.disclosuresai.com\/wp-content\/uploads\/2025\/09\/small-businesses-header-scaled.jpg\" \/>\n\t<meta property=\"og:image:width\" content=\"2560\" \/>\n\t<meta property=\"og:image:height\" content=\"356\" \/>\n\t<meta property=\"og:image:type\" content=\"image\/jpeg\" \/>\n<meta name=\"twitter:card\" content=\"summary_large_image\" \/>\n<meta name=\"twitter:label1\" content=\"Tiempo de lectura\" \/>\n\t<meta name=\"twitter:data1\" content=\"1 minuto\" \/>\n<script type=\"application\/ld+json\" class=\"yoast-schema-graph\">{\"@context\":\"https:\/\/schema.org\",\"@graph\":[{\"@type\":\"WebPage\",\"@id\":\"https:\/\/georgiaaccess.gov\/es\/explore-las-opciones-de-inscripcion-para-pequenas-empresas\/\",\"url\":\"https:\/\/georgiaaccess.gov\/es\/explore-las-opciones-de-inscripcion-para-pequenas-empresas\/\",\"name\":\"Explore las opciones de inscripci\u00f3n para peque\u00f1as empresas | Acceso a Georgia\",\"isPartOf\":{\"@id\":\"https:\/\/georgiaaccess.gov\/es\/#website\"},\"primaryImageOfPage\":{\"@id\":\"https:\/\/georgiaaccess.gov\/es\/explore-las-opciones-de-inscripcion-para-pequenas-empresas\/#primaryimage\"},\"image\":{\"@id\":\"https:\/\/georgiaaccess.gov\/es\/explore-las-opciones-de-inscripcion-para-pequenas-empresas\/#primaryimage\"},\"thumbnailUrl\":\"https:\/\/georgiaaccess.gov\/wp-content\/uploads\/2025\/09\/small-businesses-header-scaled.jpg\",\"datePublished\":\"2025-08-08T17:55:00+00:00\",\"dateModified\":\"2025-09-30T15:45:58+00:00\",\"description\":\"Inf\u00f3rmese sobre las opciones de seguro m\u00e9dico para peque\u00f1as empresas en Georgia. Explore planes, compare coberturas y encuentre opciones de inscripci\u00f3n.\",\"breadcrumb\":{\"@id\":\"https:\/\/georgiaaccess.gov\/es\/explore-las-opciones-de-inscripcion-para-pequenas-empresas\/#breadcrumb\"},\"inLanguage\":\"es\",\"potentialAction\":[{\"@type\":\"ReadAction\",\"target\":[\"https:\/\/georgiaaccess.gov\/es\/explore-las-opciones-de-inscripcion-para-pequenas-empresas\/\"]}]},{\"@type\":\"ImageObject\",\"inLanguage\":\"es\",\"@id\":\"https:\/\/georgiaaccess.gov\/es\/explore-las-opciones-de-inscripcion-para-pequenas-empresas\/#primaryimage\",\"url\":\"https:\/\/georgiaaccess.gov\/wp-content\/uploads\/2025\/09\/small-businesses-header-scaled.jpg\",\"contentUrl\":\"https:\/\/georgiaaccess.gov\/wp-content\/uploads\/2025\/09\/small-businesses-header-scaled.jpg\",\"width\":2560,\"height\":356,\"caption\":\"A man and woman smile while working at a small business.\"},{\"@type\":\"BreadcrumbList\",\"@id\":\"https:\/\/georgiaaccess.gov\/es\/explore-las-opciones-de-inscripcion-para-pequenas-empresas\/#breadcrumb\",\"itemListElement\":[{\"@type\":\"ListItem\",\"position\":1,\"name\":\"Home\",\"item\":\"https:\/\/georgiaaccess.gov\/es\/\"},{\"@type\":\"ListItem\",\"position\":2,\"name\":\"Explore las opciones de inscripci\u00f3n para peque\u00f1as empresas\"}]},{\"@type\":\"WebSite\",\"@id\":\"https:\/\/georgiaaccess.gov\/es\/#website\",\"url\":\"https:\/\/georgiaaccess.gov\/es\/\",\"name\":\"Georgia Access\",\"description\":\"\",\"publisher\":{\"@id\":\"https:\/\/georgiaaccess.gov\/es\/#organization\"},\"potentialAction\":[{\"@type\":\"SearchAction\",\"target\":{\"@type\":\"EntryPoint\",\"urlTemplate\":\"https:\/\/georgiaaccess.gov\/es\/?s={search_term_string}\"},\"query-input\":{\"@type\":\"PropertyValueSpecification\",\"valueRequired\":true,\"valueName\":\"search_term_string\"}}],\"inLanguage\":\"es\"},{\"@type\":\"Organization\",\"@id\":\"https:\/\/georgiaaccess.gov\/es\/#organization\",\"name\":\"Georgia Access\",\"url\":\"https:\/\/georgiaaccess.gov\/es\/\",\"logo\":{\"@type\":\"ImageObject\",\"inLanguage\":\"es\",\"@id\":\"https:\/\/georgiaaccess.gov\/es\/#\/schema\/logo\/image\/\",\"url\":\"https:\/\/georgiaaccess.gov\/wp-content\/uploads\/2022\/10\/georgia-access-logo-stacked.svg\",\"contentUrl\":\"https:\/\/georgiaaccess.gov\/wp-content\/uploads\/2022\/10\/georgia-access-logo-stacked.svg\",\"width\":180,\"height\":56,\"caption\":\"Georgia Access\"},\"image\":{\"@id\":\"https:\/\/georgiaaccess.gov\/es\/#\/schema\/logo\/image\/\"}}]}<\/script>\n<!-- \/ Yoast SEO plugin. -->","yoast_head_json":{"title":"Explore las opciones de inscripci\u00f3n para peque\u00f1as empresas | Acceso a Georgia","description":"Inf\u00f3rmese sobre las opciones de seguro m\u00e9dico para peque\u00f1as empresas en Georgia. Explore planes, compare coberturas y encuentre opciones de inscripci\u00f3n.","robots":{"index":"index","follow":"follow","max-snippet":"max-snippet:-1","max-image-preview":"max-image-preview:large","max-video-preview":"max-video-preview:-1"},"canonical":"https:\/\/georgiaaccess.gov\/es\/explore-las-opciones-de-inscripcion-para-pequenas-empresas\/","og_locale":"es_ES","og_type":"article","og_title":"C\u00f3mo obtener cobertura de seguro m\u00e9dico | Acceso a Georgia","og_description":"Obt\u00e9n cobertura con un seguro de salud asequible en Georgia. Usa Georgia Access para comparar planes y encontrar la cobertura adecuada para ti y tu familia.","og_url":"https:\/\/georgiaaccess.gov\/es\/explore-las-opciones-de-inscripcion-para-pequenas-empresas\/","og_site_name":"Georgia Access","article_modified_time":"2025-09-30T15:45:58+00:00","og_image":[{"width":2560,"height":356,"url":"https:\/\/georgiaaccessprodbeta.disclosuresai.com\/wp-content\/uploads\/2025\/09\/small-businesses-header-scaled.jpg","type":"image\/jpeg"}],"twitter_card":"summary_large_image","twitter_misc":{"Tiempo de lectura":"1 minuto"},"schema":{"@context":"https:\/\/schema.org","@graph":[{"@type":"WebPage","@id":"https:\/\/georgiaaccess.gov\/es\/explore-las-opciones-de-inscripcion-para-pequenas-empresas\/","url":"https:\/\/georgiaaccess.gov\/es\/explore-las-opciones-de-inscripcion-para-pequenas-empresas\/","name":"Explore las opciones de inscripci\u00f3n para peque\u00f1as empresas | Acceso a Georgia","isPartOf":{"@id":"https:\/\/georgiaaccess.gov\/es\/#website"},"primaryImageOfPage":{"@id":"https:\/\/georgiaaccess.gov\/es\/explore-las-opciones-de-inscripcion-para-pequenas-empresas\/#primaryimage"},"image":{"@id":"https:\/\/georgiaaccess.gov\/es\/explore-las-opciones-de-inscripcion-para-pequenas-empresas\/#primaryimage"},"thumbnailUrl":"https:\/\/georgiaaccess.gov\/wp-content\/uploads\/2025\/09\/small-businesses-header-scaled.jpg","datePublished":"2025-08-08T17:55:00+00:00","dateModified":"2025-09-30T15:45:58+00:00","description":"Inf\u00f3rmese sobre las opciones de seguro m\u00e9dico para peque\u00f1as empresas en Georgia. Explore planes, compare coberturas y encuentre opciones de inscripci\u00f3n.","breadcrumb":{"@id":"https:\/\/georgiaaccess.gov\/es\/explore-las-opciones-de-inscripcion-para-pequenas-empresas\/#breadcrumb"},"inLanguage":"es","potentialAction":[{"@type":"ReadAction","target":["https:\/\/georgiaaccess.gov\/es\/explore-las-opciones-de-inscripcion-para-pequenas-empresas\/"]}]},{"@type":"ImageObject","inLanguage":"es","@id":"https:\/\/georgiaaccess.gov\/es\/explore-las-opciones-de-inscripcion-para-pequenas-empresas\/#primaryimage","url":"https:\/\/georgiaaccess.gov\/wp-content\/uploads\/2025\/09\/small-businesses-header-scaled.jpg","contentUrl":"https:\/\/georgiaaccess.gov\/wp-content\/uploads\/2025\/09\/small-businesses-header-scaled.jpg","width":2560,"height":356,"caption":"A man and woman smile while working at a small business."},{"@type":"BreadcrumbList","@id":"https:\/\/georgiaaccess.gov\/es\/explore-las-opciones-de-inscripcion-para-pequenas-empresas\/#breadcrumb","itemListElement":[{"@type":"ListItem","position":1,"name":"Home","item":"https:\/\/georgiaaccess.gov\/es\/"},{"@type":"ListItem","position":2,"name":"Explore las opciones de inscripci\u00f3n para peque\u00f1as empresas"}]},{"@type":"WebSite","@id":"https:\/\/georgiaaccess.gov\/es\/#website","url":"https:\/\/georgiaaccess.gov\/es\/","name":"Georgia Access","description":"","publisher":{"@id":"https:\/\/georgiaaccess.gov\/es\/#organization"},"potentialAction":[{"@type":"SearchAction","target":{"@type":"EntryPoint","urlTemplate":"https:\/\/georgiaaccess.gov\/es\/?s={search_term_string}"},"query-input":{"@type":"PropertyValueSpecification","valueRequired":true,"valueName":"search_term_string"}}],"inLanguage":"es"},{"@type":"Organization","@id":"https:\/\/georgiaaccess.gov\/es\/#organization","name":"Georgia Access","url":"https:\/\/georgiaaccess.gov\/es\/","logo":{"@type":"ImageObject","inLanguage":"es","@id":"https:\/\/georgiaaccess.gov\/es\/#\/schema\/logo\/image\/","url":"https:\/\/georgiaaccess.gov\/wp-content\/uploads\/2022\/10\/georgia-access-logo-stacked.svg","contentUrl":"https:\/\/georgiaaccess.gov\/wp-content\/uploads\/2022\/10\/georgia-access-logo-stacked.svg","width":180,"height":56,"caption":"Georgia Access"},"image":{"@id":"https:\/\/georgiaaccess.gov\/es\/#\/schema\/logo\/image\/"}}]}},"uagb_featured_image_src":{"full":["https:\/\/georgiaaccess.gov\/wp-content\/uploads\/2025\/09\/small-businesses-header-scaled.jpg",2560,356,false],"thumbnail":["https:\/\/georgiaaccess.gov\/wp-content\/uploads\/2025\/09\/small-businesses-header-150x150.jpg",150,150,true],"medium":["https:\/\/georgiaaccess.gov\/wp-content\/uploads\/2025\/09\/small-businesses-header-300x42.jpg",300,42,true],"medium_large":["https:\/\/georgiaaccess.gov\/wp-content\/uploads\/2025\/09\/small-businesses-header-768x107.jpg",768,107,true],"large":["https:\/\/georgiaaccess.gov\/wp-content\/uploads\/2025\/09\/small-businesses-header-1024x142.jpg",1024,142,true],"1536x1536":["https:\/\/georgiaaccess.gov\/wp-content\/uploads\/2025\/09\/small-businesses-header-1536x213.jpg",1536,213,true],"2048x2048":["https:\/\/georgiaaccess.gov\/wp-content\/uploads\/2025\/09\/small-businesses-header-2048x284.jpg",2048,284,true]},"uagb_author_info":{"display_name":"Wenmin Chen","author_link":"https:\/\/georgiaaccess.gov\/es\/author\/wenminc\/"},"uagb_comment_info":0,"uagb_excerpt":"Explore las opciones de inscripci\u00f3n para peque\u00f1as empresas Si trabaja por cuenta propia o tiene una peque\u00f1a empresa, puede ser dif\u00edcil encontrar opciones de seguro m\u00e9dico asequibles. Consulte las opciones de seguro m\u00e9dico para su peque\u00f1a empresa a continuaci\u00f3n para encontrar la que mejor se adapte a sus necesidades. Adem\u00e1s, puede haber otras opciones de&hellip;","_links":{"self":[{"href":"https:\/\/georgiaaccess.gov\/es\/wp-json\/wp\/v2\/pages\/7904","targetHints":{"allow":["GET"]}}],"collection":[{"href":"https:\/\/georgiaaccess.gov\/es\/wp-json\/wp\/v2\/pages"}],"about":[{"href":"https:\/\/georgiaaccess.gov\/es\/wp-json\/wp\/v2\/types\/page"}],"author":[{"embeddable":true,"href":"https:\/\/georgiaaccess.gov\/es\/wp-json\/wp\/v2\/users\/23"}],"replies":[{"embeddable":true,"href":"https:\/\/georgiaaccess.gov\/es\/wp-json\/wp\/v2\/comments?post=7904"}],"version-history":[{"count":7,"href":"https:\/\/georgiaaccess.gov\/es\/wp-json\/wp\/v2\/pages\/7904\/revisions"}],"predecessor-version":[{"id":8738,"href":"https:\/\/georgiaaccess.gov\/es\/wp-json\/wp\/v2\/pages\/7904\/revisions\/8738"}],"wp:featuredmedia":[{"embeddable":true,"href":"https:\/\/georgiaaccess.gov\/es\/wp-json\/wp\/v2\/media\/6619"}],"wp:attachment":[{"href":"https:\/\/georgiaaccess.gov\/es\/wp-json\/wp\/v2\/media?parent=7904"}],"curies":[{"name":"wp","href":"https:\/\/api.w.org\/{rel}","templated":true}]}}