{"id":7902,"date":"2025-08-04T19:14:00","date_gmt":"2025-08-04T23:14:00","guid":{"rendered":"https:\/\/georgiaaccess.gov\/?page_id=7902"},"modified":"2026-01-16T08:44:40","modified_gmt":"2026-01-16T12:44:40","slug":"contacto-y-soporte","status":"publish","type":"page","link":"https:\/\/georgiaaccess.gov\/es\/contacto-y-soporte\/","title":{"rendered":"Contacto y soporte"},"content":{"rendered":"\n<h1 class=\"wp-block-heading\">Contacto y soporte<\/h1>\n\n\n\n<p>Ya sea que sea socio, agente o representante de una compa\u00f1\u00eda de seguros, puede encontrar informaci\u00f3n de contacto y soporte para todas sus necesidades.<\/p>\n\n\n\n<h2 class=\"wp-block-heading h2-heading\">As\u00f3ciese con Georgia Access<\/h2>\n\n\n\n<p>\u00bfLe interesa a usted o a su organizaci\u00f3n colaborar con Georgia Access? Descargue las hojas informativas de colaboraci\u00f3n con Georgia Access para obtener m\u00e1s informaci\u00f3n.<\/p>\n\n\n\n<div class=\"wp-block-uagb-buttons uagb-buttons__outer-wrap uagb-btn__default-btn uagb-btn-tablet__default-btn uagb-btn-mobile__default-btn uagb-block-52afb6aa\"><div class=\"uagb-buttons__wrap uagb-buttons-layout-wrap \">\n<div class=\"wp-block-uagb-buttons-child uagb-buttons__outer-wrap uagb-block-23dd7058 wp-block-button primary-cta-button\"><div class=\"uagb-button__wrapper\"><a class=\"uagb-buttons-repeater wp-block-button__link\" aria-label=\"\" href=\"https:\/\/georgiaaccess.gov\/wp-content\/uploads\/2026\/01\/Georgia_Access_2026_Informational_Sheet_to_Partner_with_Georgia_Access_1.7.2026.pdf\" rel=\"follow noopener\" target=\"_blank\" role=\"button\"><div class=\"uagb-button__link\">Descargar la hoja informativa de acceso a socios de Georgia (ingl\u00e9s)<\/div><\/a><\/div><\/div>\n<\/div><\/div>\n\n\n\n<div class=\"wp-block-uagb-buttons uagb-buttons__outer-wrap uagb-btn__default-btn uagb-btn-tablet__default-btn uagb-btn-mobile__default-btn uagb-block-4b4768fb secondary-cta-button\"><div class=\"uagb-buttons__wrap uagb-buttons-layout-wrap \">\n<div class=\"wp-block-uagb-buttons-child uagb-buttons__outer-wrap uagb-block-f8e66680 wp-block-button secondary-cta-button\"><div class=\"uagb-button__wrapper\"><a class=\"uagb-buttons-repeater wp-block-button__link\" aria-label=\"\" href=\"https:\/\/georgiaaccess.gov\/wp-content\/uploads\/2026\/01\/Georgia_Access_2026_Informational_Sheet_to_Partner_with_Georgia_Access_1.7.2026_Spanish.pdf\" rel=\"follow noopener\" target=\"_blank\" role=\"button\"><div class=\"uagb-button__link\">Descargar la hoja informativa de acceso a socios de Georgia (espa\u00f1ol)<\/div><\/a><\/div><\/div>\n<\/div><\/div>\n\n\n\n<p><\/p>\n\n\n\n<h2 class=\"wp-block-heading h2-heading\">Soporte general para socios y agentes<\/h2>\n\n\n\n<ul class=\"wp-block-list\">\n<li>L\u00ednea de asistencia para socios: <a href=\"tel:1-888-312-4237\">1-888-312-4237<\/a> (TTY 711)<\/li>\n\n\n\n<li>Correo electr\u00f3nico: <a href=\"mailto:agents@georgiaaccess.ga.gov\">agents@georgiaaccess.ga.gov<\/a><\/li>\n\n\n\n<li>Horario de atenci\u00f3n: de lunes a viernes, de 8 a. m. a 5 p. m., hora del este (<a href=\"https:\/\/georgia.gov\/georgia-state-holidays-2025\" target=\"_blank\" rel=\"noreferrer noopener\">excepto d\u00edas festivos<\/a>)<\/li>\n<\/ul>\n\n\n\n<h2 class=\"wp-block-heading h2-heading\">Otras opciones de soporte<\/h2>\n\n\n\n<ul class=\"wp-block-list\">\n<li>Soporte por correo electr\u00f3nico para la inscripci\u00f3n directa mejorada (EDE)<br>Socios: <a href=\"mailto:EDESupport@georgiaaccess.ga.gov\">EDESupport@georgiaaccess.ga.gov<\/a><\/li>\n\n\n\n<li>Apoyo al programa federal EDE (HealthCare.gov): <a href=\"tel:1-855-788-6275\">1-855-788-6275<\/a><\/li>\n\n\n\n<li>Soporte por correo electr\u00f3nico para consejeros de solicitudes certificados (CAC) y organizaciones designadas (CDO): <a href=\"mailto:CDOs@georgiaaccess.ga.gov\">CDOs@georgiaaccess.ga.gov<\/a><\/li>\n\n\n\n<li>Soporte por correo electr\u00f3nico para el programa Navigator: <a href=\"mailto:navigators@georgiaaccess.ga.gov\">navigators@georgiaaccess.ga.gov<\/a><\/li>\n<\/ul>\n\n\n\n<h2 class=\"wp-block-heading h2-heading\">Compa\u00f1\u00edas de seguros<\/h2>\n\n\n\n<ul class=\"wp-block-list\">\n<li>Para consultas generales y preguntas sobre facturas:\n<ul class=\"wp-block-list\">\n<li>Correo electr\u00f3nico: <a href=\"mailto:intake@georgiaaccess.ga.gov\">intake@georgiaaccess.ga.gov<\/a><\/li>\n\n\n\n<li>Tel\u00e9fono: <a href=\"tel:1-404-656-2070\">1-404-656-2070<\/a> o <a href=\"tel:1-800-656-2298\">1-800-656-2298<\/a> (l\u00ednea gratuita)<\/li>\n<\/ul>\n<\/li>\n<\/ul>\n\n\n\n<ul class=\"wp-block-list\">\n<li>Para soporte de servicio de pago y cuenta de Sircon:\n<ul class=\"wp-block-list\">\n<li>Tel\u00e9fono: <a href=\"tel:1-877-876-4430\">1-877-876-4430<\/a><\/li>\n\n\n\n<li>Formulario de contacto en l\u00ednea: <a href=\"https:\/\/sirconwalkup.vertafore.com\/apex\/sc_ContactSupport\" target=\"_blank\" rel=\"noreferrer noopener\">https:\/\/sirconwalkup.vertafore.com\/apex\/sc_ContactSupport<\/a><\/li>\n<\/ul>\n<\/li>\n<\/ul>\n\n\n\n<h2 class=\"wp-block-heading h2-heading\">Direcci\u00f3n postal<\/h2>\n\n\n\n<p>Centro de contacto de acceso a Georgia<br>Apartado de correos 12264<br>Birmingham, AL 35202<\/p>\n\n\n\n<div style=\"height:40px\" aria-hidden=\"true\" class=\"wp-block-spacer\"><\/div>\n","protected":false},"excerpt":{"rendered":"<p>Contacto y soporte Ya sea que sea socio, agente o representante de una compa\u00f1\u00eda de seguros, puede encontrar informaci\u00f3n de contacto y soporte para todas sus necesidades. As\u00f3ciese con Georgia Access \u00bfLe interesa a usted o a su organizaci\u00f3n colaborar con Georgia Access? Descargue las hojas informativas de colaboraci\u00f3n con Georgia Access para obtener m\u00e1s [&hellip;]<\/p>\n","protected":false},"author":23,"featured_media":6617,"parent":0,"menu_order":0,"comment_status":"closed","ping_status":"closed","template":"sidebar-menu-template.php","meta":{"_acf_changed":false,"inline_featured_image":false,"_uag_custom_page_level_css":"","site-sidebar-layout":"default","site-content-layout":"","ast-site-content-layout":"default","site-content-style":"default","site-sidebar-style":"default","ast-global-header-display":"","ast-banner-title-visibility":"","ast-main-header-display":"","ast-hfb-above-header-display":"","ast-hfb-below-header-display":"","ast-hfb-mobile-header-display":"","site-post-title":"disabled","ast-breadcrumbs-content":"","ast-featured-img":"disabled","footer-sml-layout":"","ast-disable-related-posts":"","theme-transparent-header-meta":"","adv-header-id-meta":"","stick-header-meta":"","header-above-stick-meta":"","header-main-stick-meta":"","header-below-stick-meta":"","astra-migrate-meta-layouts":"set","ast-page-background-enabled":"default","ast-page-background-meta":{"desktop":{"background-color":"var(--ast-global-color-4)","background-image":"","background-repeat":"repeat","background-position":"center center","background-size":"auto","background-attachment":"scroll","background-type":"","background-media":"","overlay-type":"","overlay-color":"","overlay-opacity":"","overlay-gradient":""},"tablet":{"background-color":"","background-image":"","background-repeat":"repeat","background-position":"center center","background-size":"auto","background-attachment":"scroll","background-type":"","background-media":"","overlay-type":"","overlay-color":"","overlay-opacity":"","overlay-gradient":""},"mobile":{"background-color":"","background-image":"","background-repeat":"repeat","background-position":"center center","background-size":"auto","background-attachment":"scroll","background-type":"","background-media":"","overlay-type":"","overlay-color":"","overlay-opacity":"","overlay-gradient":""}},"ast-content-background-meta":{"desktop":{"background-color":"var(--ast-global-color-5)","background-image":"","background-repeat":"repeat","background-position":"center center","background-size":"auto","background-attachment":"scroll","background-type":"","background-media":"","overlay-type":"","overlay-color":"","overlay-opacity":"","overlay-gradient":""},"tablet":{"background-color":"var(--ast-global-color-5)","background-image":"","background-repeat":"repeat","background-position":"center center","background-size":"auto","background-attachment":"scroll","background-type":"","background-media":"","overlay-type":"","overlay-color":"","overlay-opacity":"","overlay-gradient":""},"mobile":{"background-color":"var(--ast-global-color-5)","background-image":"","background-repeat":"repeat","background-position":"center center","background-size":"auto","background-attachment":"scroll","background-type":"","background-media":"","overlay-type":"","overlay-color":"","overlay-opacity":"","overlay-gradient":""}},"footnotes":""},"class_list":["post-7902","page","type-page","status-publish","has-post-thumbnail","hentry"],"acf":[],"yoast_head":"<!-- This site is optimized with the Yoast SEO plugin v26.8 - https:\/\/yoast.com\/product\/yoast-seo-wordpress\/ -->\n<title>Contacto y soporte para socios | Acceso a Georgia<\/title>\n<meta name=\"description\" content=\"\u00bfNecesita ayuda como socio de Georgia Access? Obtenga informaci\u00f3n de contacto, recursos de soporte y orientaci\u00f3n para agentes, corredores y emisores que trabajan con Georgia Access.\" \/>\n<meta name=\"robots\" content=\"index, follow, max-snippet:-1, max-image-preview:large, max-video-preview:-1\" \/>\n<link rel=\"canonical\" href=\"https:\/\/georgiaaccess.gov\/es\/contacto-y-soporte\/\" \/>\n<meta property=\"og:locale\" content=\"es_ES\" \/>\n<meta property=\"og:type\" content=\"article\" \/>\n<meta property=\"og:title\" content=\"Para socios | Acceso a Georgia\" \/>\n<meta property=\"og:description\" content=\"La p\u00e1gina del socio contiene informaci\u00f3n sobre los requisitos para participar en Georgia Access, as\u00ed como planes, recursos y herramientas relevantes.\" \/>\n<meta property=\"og:url\" content=\"https:\/\/georgiaaccess.gov\/es\/contacto-y-soporte\/\" \/>\n<meta property=\"og:site_name\" content=\"Georgia Access\" \/>\n<meta property=\"article:modified_time\" content=\"2026-01-16T12:44:40+00:00\" \/>\n<meta property=\"og:image\" content=\"https:\/\/georgiaaccessprodbeta.disclosuresai.com\/wp-content\/uploads\/2025\/09\/partners-header-scaled.jpg\" \/>\n\t<meta property=\"og:image:width\" content=\"2560\" \/>\n\t<meta property=\"og:image:height\" content=\"356\" \/>\n\t<meta property=\"og:image:type\" content=\"image\/jpeg\" \/>\n<meta name=\"twitter:card\" content=\"summary_large_image\" \/>\n<meta name=\"twitter:label1\" content=\"Tiempo de lectura\" \/>\n\t<meta name=\"twitter:data1\" content=\"2 minutos\" \/>\n<script type=\"application\/ld+json\" class=\"yoast-schema-graph\">{\"@context\":\"https:\/\/schema.org\",\"@graph\":[{\"@type\":\"WebPage\",\"@id\":\"https:\/\/georgiaaccess.gov\/es\/contacto-y-soporte\/\",\"url\":\"https:\/\/georgiaaccess.gov\/es\/contacto-y-soporte\/\",\"name\":\"Contacto y soporte para socios | Acceso a Georgia\",\"isPartOf\":{\"@id\":\"https:\/\/georgiaaccess.gov\/es\/#website\"},\"primaryImageOfPage\":{\"@id\":\"https:\/\/georgiaaccess.gov\/es\/contacto-y-soporte\/#primaryimage\"},\"image\":{\"@id\":\"https:\/\/georgiaaccess.gov\/es\/contacto-y-soporte\/#primaryimage\"},\"thumbnailUrl\":\"https:\/\/georgiaaccess.gov\/wp-content\/uploads\/2025\/09\/partners-header-scaled.jpg\",\"datePublished\":\"2025-08-04T23:14:00+00:00\",\"dateModified\":\"2026-01-16T12:44:40+00:00\",\"description\":\"\u00bfNecesita ayuda como socio de Georgia Access? Obtenga informaci\u00f3n de contacto, recursos de soporte y orientaci\u00f3n para agentes, corredores y emisores que trabajan con Georgia Access.\",\"breadcrumb\":{\"@id\":\"https:\/\/georgiaaccess.gov\/es\/contacto-y-soporte\/#breadcrumb\"},\"inLanguage\":\"es\",\"potentialAction\":[{\"@type\":\"ReadAction\",\"target\":[\"https:\/\/georgiaaccess.gov\/es\/contacto-y-soporte\/\"]}]},{\"@type\":\"ImageObject\",\"inLanguage\":\"es\",\"@id\":\"https:\/\/georgiaaccess.gov\/es\/contacto-y-soporte\/#primaryimage\",\"url\":\"https:\/\/georgiaaccess.gov\/wp-content\/uploads\/2025\/09\/partners-header-scaled.jpg\",\"contentUrl\":\"https:\/\/georgiaaccess.gov\/wp-content\/uploads\/2025\/09\/partners-header-scaled.jpg\",\"width\":2560,\"height\":356,\"caption\":\"Woman smiling and holding documents.\"},{\"@type\":\"BreadcrumbList\",\"@id\":\"https:\/\/georgiaaccess.gov\/es\/contacto-y-soporte\/#breadcrumb\",\"itemListElement\":[{\"@type\":\"ListItem\",\"position\":1,\"name\":\"Home\",\"item\":\"https:\/\/georgiaaccess.gov\/es\/\"},{\"@type\":\"ListItem\",\"position\":2,\"name\":\"Contacto y soporte\"}]},{\"@type\":\"WebSite\",\"@id\":\"https:\/\/georgiaaccess.gov\/es\/#website\",\"url\":\"https:\/\/georgiaaccess.gov\/es\/\",\"name\":\"Georgia Access\",\"description\":\"\",\"publisher\":{\"@id\":\"https:\/\/georgiaaccess.gov\/es\/#organization\"},\"potentialAction\":[{\"@type\":\"SearchAction\",\"target\":{\"@type\":\"EntryPoint\",\"urlTemplate\":\"https:\/\/georgiaaccess.gov\/es\/?s={search_term_string}\"},\"query-input\":{\"@type\":\"PropertyValueSpecification\",\"valueRequired\":true,\"valueName\":\"search_term_string\"}}],\"inLanguage\":\"es\"},{\"@type\":\"Organization\",\"@id\":\"https:\/\/georgiaaccess.gov\/es\/#organization\",\"name\":\"Georgia Access\",\"url\":\"https:\/\/georgiaaccess.gov\/es\/\",\"logo\":{\"@type\":\"ImageObject\",\"inLanguage\":\"es\",\"@id\":\"https:\/\/georgiaaccess.gov\/es\/#\/schema\/logo\/image\/\",\"url\":\"https:\/\/georgiaaccess.gov\/wp-content\/uploads\/2022\/10\/georgia-access-logo-stacked.svg\",\"contentUrl\":\"https:\/\/georgiaaccess.gov\/wp-content\/uploads\/2022\/10\/georgia-access-logo-stacked.svg\",\"width\":180,\"height\":56,\"caption\":\"Georgia Access\"},\"image\":{\"@id\":\"https:\/\/georgiaaccess.gov\/es\/#\/schema\/logo\/image\/\"}}]}<\/script>\n<!-- \/ Yoast SEO plugin. -->","yoast_head_json":{"title":"Contacto y soporte para socios | Acceso a Georgia","description":"\u00bfNecesita ayuda como socio de Georgia Access? Obtenga informaci\u00f3n de contacto, recursos de soporte y orientaci\u00f3n para agentes, corredores y emisores que trabajan con Georgia Access.","robots":{"index":"index","follow":"follow","max-snippet":"max-snippet:-1","max-image-preview":"max-image-preview:large","max-video-preview":"max-video-preview:-1"},"canonical":"https:\/\/georgiaaccess.gov\/es\/contacto-y-soporte\/","og_locale":"es_ES","og_type":"article","og_title":"Para socios | Acceso a Georgia","og_description":"La p\u00e1gina del socio contiene informaci\u00f3n sobre los requisitos para participar en Georgia Access, as\u00ed como planes, recursos y herramientas relevantes.","og_url":"https:\/\/georgiaaccess.gov\/es\/contacto-y-soporte\/","og_site_name":"Georgia Access","article_modified_time":"2026-01-16T12:44:40+00:00","og_image":[{"width":2560,"height":356,"url":"https:\/\/georgiaaccessprodbeta.disclosuresai.com\/wp-content\/uploads\/2025\/09\/partners-header-scaled.jpg","type":"image\/jpeg"}],"twitter_card":"summary_large_image","twitter_misc":{"Tiempo de lectura":"2 minutos"},"schema":{"@context":"https:\/\/schema.org","@graph":[{"@type":"WebPage","@id":"https:\/\/georgiaaccess.gov\/es\/contacto-y-soporte\/","url":"https:\/\/georgiaaccess.gov\/es\/contacto-y-soporte\/","name":"Contacto y soporte para socios | Acceso a Georgia","isPartOf":{"@id":"https:\/\/georgiaaccess.gov\/es\/#website"},"primaryImageOfPage":{"@id":"https:\/\/georgiaaccess.gov\/es\/contacto-y-soporte\/#primaryimage"},"image":{"@id":"https:\/\/georgiaaccess.gov\/es\/contacto-y-soporte\/#primaryimage"},"thumbnailUrl":"https:\/\/georgiaaccess.gov\/wp-content\/uploads\/2025\/09\/partners-header-scaled.jpg","datePublished":"2025-08-04T23:14:00+00:00","dateModified":"2026-01-16T12:44:40+00:00","description":"\u00bfNecesita ayuda como socio de Georgia Access? Obtenga informaci\u00f3n de contacto, recursos de soporte y orientaci\u00f3n para agentes, corredores y emisores que trabajan con Georgia Access.","breadcrumb":{"@id":"https:\/\/georgiaaccess.gov\/es\/contacto-y-soporte\/#breadcrumb"},"inLanguage":"es","potentialAction":[{"@type":"ReadAction","target":["https:\/\/georgiaaccess.gov\/es\/contacto-y-soporte\/"]}]},{"@type":"ImageObject","inLanguage":"es","@id":"https:\/\/georgiaaccess.gov\/es\/contacto-y-soporte\/#primaryimage","url":"https:\/\/georgiaaccess.gov\/wp-content\/uploads\/2025\/09\/partners-header-scaled.jpg","contentUrl":"https:\/\/georgiaaccess.gov\/wp-content\/uploads\/2025\/09\/partners-header-scaled.jpg","width":2560,"height":356,"caption":"Woman smiling and holding documents."},{"@type":"BreadcrumbList","@id":"https:\/\/georgiaaccess.gov\/es\/contacto-y-soporte\/#breadcrumb","itemListElement":[{"@type":"ListItem","position":1,"name":"Home","item":"https:\/\/georgiaaccess.gov\/es\/"},{"@type":"ListItem","position":2,"name":"Contacto y soporte"}]},{"@type":"WebSite","@id":"https:\/\/georgiaaccess.gov\/es\/#website","url":"https:\/\/georgiaaccess.gov\/es\/","name":"Georgia Access","description":"","publisher":{"@id":"https:\/\/georgiaaccess.gov\/es\/#organization"},"potentialAction":[{"@type":"SearchAction","target":{"@type":"EntryPoint","urlTemplate":"https:\/\/georgiaaccess.gov\/es\/?s={search_term_string}"},"query-input":{"@type":"PropertyValueSpecification","valueRequired":true,"valueName":"search_term_string"}}],"inLanguage":"es"},{"@type":"Organization","@id":"https:\/\/georgiaaccess.gov\/es\/#organization","name":"Georgia Access","url":"https:\/\/georgiaaccess.gov\/es\/","logo":{"@type":"ImageObject","inLanguage":"es","@id":"https:\/\/georgiaaccess.gov\/es\/#\/schema\/logo\/image\/","url":"https:\/\/georgiaaccess.gov\/wp-content\/uploads\/2022\/10\/georgia-access-logo-stacked.svg","contentUrl":"https:\/\/georgiaaccess.gov\/wp-content\/uploads\/2022\/10\/georgia-access-logo-stacked.svg","width":180,"height":56,"caption":"Georgia Access"},"image":{"@id":"https:\/\/georgiaaccess.gov\/es\/#\/schema\/logo\/image\/"}}]}},"uagb_featured_image_src":{"full":["https:\/\/georgiaaccess.gov\/wp-content\/uploads\/2025\/09\/partners-header-scaled.jpg",2560,356,false],"thumbnail":["https:\/\/georgiaaccess.gov\/wp-content\/uploads\/2025\/09\/partners-header-150x150.jpg",150,150,true],"medium":["https:\/\/georgiaaccess.gov\/wp-content\/uploads\/2025\/09\/partners-header-300x42.jpg",300,42,true],"medium_large":["https:\/\/georgiaaccess.gov\/wp-content\/uploads\/2025\/09\/partners-header-768x107.jpg",768,107,true],"large":["https:\/\/georgiaaccess.gov\/wp-content\/uploads\/2025\/09\/partners-header-1024x142.jpg",1024,142,true],"1536x1536":["https:\/\/georgiaaccess.gov\/wp-content\/uploads\/2025\/09\/partners-header-1536x213.jpg",1536,213,true],"2048x2048":["https:\/\/georgiaaccess.gov\/wp-content\/uploads\/2025\/09\/partners-header-2048x284.jpg",2048,284,true]},"uagb_author_info":{"display_name":"Wenmin Chen","author_link":"https:\/\/georgiaaccess.gov\/es\/author\/wenminc\/"},"uagb_comment_info":0,"uagb_excerpt":"Contacto y soporte Ya sea que sea socio, agente o representante de una compa\u00f1\u00eda de seguros, puede encontrar informaci\u00f3n de contacto y soporte para todas sus necesidades. As\u00f3ciese con Georgia Access \u00bfLe interesa a usted o a su organizaci\u00f3n colaborar con Georgia Access? Descargue las hojas informativas de colaboraci\u00f3n con Georgia Access para obtener m\u00e1s&hellip;","_links":{"self":[{"href":"https:\/\/georgiaaccess.gov\/es\/wp-json\/wp\/v2\/pages\/7902","targetHints":{"allow":["GET"]}}],"collection":[{"href":"https:\/\/georgiaaccess.gov\/es\/wp-json\/wp\/v2\/pages"}],"about":[{"href":"https:\/\/georgiaaccess.gov\/es\/wp-json\/wp\/v2\/types\/page"}],"author":[{"embeddable":true,"href":"https:\/\/georgiaaccess.gov\/es\/wp-json\/wp\/v2\/users\/23"}],"replies":[{"embeddable":true,"href":"https:\/\/georgiaaccess.gov\/es\/wp-json\/wp\/v2\/comments?post=7902"}],"version-history":[{"count":11,"href":"https:\/\/georgiaaccess.gov\/es\/wp-json\/wp\/v2\/pages\/7902\/revisions"}],"predecessor-version":[{"id":9663,"href":"https:\/\/georgiaaccess.gov\/es\/wp-json\/wp\/v2\/pages\/7902\/revisions\/9663"}],"wp:featuredmedia":[{"embeddable":true,"href":"https:\/\/georgiaaccess.gov\/es\/wp-json\/wp\/v2\/media\/6617"}],"wp:attachment":[{"href":"https:\/\/georgiaaccess.gov\/es\/wp-json\/wp\/v2\/media?parent=7902"}],"curies":[{"name":"wp","href":"https:\/\/api.w.org\/{rel}","templated":true}]}}