{"id":7892,"date":"2025-08-08T14:53:00","date_gmt":"2025-08-08T18:53:00","guid":{"rendered":"https:\/\/georgiaaccess.gov\/?page_id=7892"},"modified":"2025-10-03T16:26:43","modified_gmt":"2025-10-03T20:26:43","slug":"renovar-o-actualizar-la-cobertura","status":"publish","type":"page","link":"https:\/\/georgiaaccess.gov\/es\/renovar-o-actualizar-la-cobertura\/","title":{"rendered":"Renovar o actualizar la cobertura"},"content":{"rendered":"\n<h1 class=\"wp-block-heading\">Renovar o actualizar la cobertura<\/h1>\n\n\n\n<p>Si est\u00e1 inscrito en la cobertura de atenci\u00f3n m\u00e9dica a trav\u00e9s de Georgia Access y desea mantener su plan, siga la gu\u00eda paso a paso a continuaci\u00f3n para mantener su cobertura.<\/p>\n\n\n\n<h2 class=\"wp-block-heading h2-heading\"><strong>Fechas importantes y reinscripci\u00f3n<\/strong>&nbsp;<\/h2>\n\n\n\n<ul class=\"wp-block-list\">\n<li><strong>Reinscripci\u00f3n autom\u00e1tica<\/strong><br>Georgia Access lo volver\u00e1 a inscribir autom\u00e1ticamente en su plan existente antes de la inscripci\u00f3n abierta y le enviar\u00e1 un aviso. Si su compa\u00f1\u00eda de seguros de 2025 no ofrece planes en su \u00e1rea para 2026, deber\u00e1 seleccionar un nuevo plan. <\/li>\n\n\n\n<li><strong>octubre 1, 2025<\/strong><br>Puede comenzar a buscar planes disponibles para 2026 durante el per\u00edodo de compras.<\/li>\n\n\n\n<li><strong>noviembre 1, 2025<\/strong><br>\u00a1Comienza la inscripci\u00f3n abierta! Puede comprar e inscribirse en la cobertura para 2026. <\/li>\n\n\n\n<li><strong>diciembre 15, 2025<\/strong><br>Este es el \u00faltimo d\u00eda para inscribirse en un plan de cobertura a partir del 1 de enero de 2026.<\/li>\n\n\n\n<li><strong>enero 15, 2026<\/strong><br>\u00a1Termina la inscripci\u00f3n abierta! Este es el \u00faltimo d\u00eda para inscribirse en la cobertura de 2026 a partir del 1 de febrero de 2026. <\/li>\n<\/ul>\n\n\n\n<h2 class=\"wp-block-heading h2-heading\">Pasos para mantenerse cubierto<\/h2>\n\n\n\n<p>Revise los avisos de renovaci\u00f3n, actualice su solicitud, compare y elija un plan y env\u00ede documentos de verificaci\u00f3n para mantener su cobertura existente.<\/p>\n\n\n\n<ol class=\"wp-block-list\">\n<li style=\"font-size:20px\"><strong>Revisar los avisos de renovaci\u00f3n<\/strong>\n<ul class=\"wp-block-list\">\n<li>Antes de que comience la inscripci\u00f3n abierta, busque cartas o correos electr\u00f3nicos de Georgia Access y su compa\u00f1\u00eda de seguros.<\/li>\n\n\n\n<li>Estos avisos detallan los cambios en las primas y la asistencia financiera estimada.<\/li>\n<\/ul>\n<\/li>\n\n\n\n<li style=\"font-size:20px\"><strong>Actualizar la aplicaci\u00f3n<\/strong>\n<ul class=\"wp-block-list\">\n<li><a href=\"https:\/\/enroll.georgiaaccess.gov\/hix\/\" target=\"_blank\" rel=\"noreferrer noopener\">Inicie sesi\u00f3n en<\/a> su cuenta de Georgia Access o comun\u00edquese con su <a href=\"https:\/\/georgiaaccess.gov\/es\/explore-las-opciones-de-inscripcion\/inscribete-con-un-agente-certificado\/\">agente<\/a>, <a href=\"https:\/\/georgiaaccess.gov\/es\/explore-las-opciones-de-inscripcion\/inscribase-con-un-corredor-web\/\">corredor web<\/a> o <a href=\"https:\/\/georgiaaccess.gov\/es\/explore-las-opciones-de-inscripcion\/inscribase-en-una-compania-de-seguros\/\">compa\u00f1\u00eda de seguros<\/a> para revisar y actualizar su informaci\u00f3n para el pr\u00f3ximo a\u00f1o. Este es un paso fundamental para garantizar que sus ingresos estimados y su asistencia financiera sean precisos. <\/li>\n<\/ul>\n<\/li>\n\n\n\n<li style=\"font-size:20px\"><strong>Compara y elige un plan<\/strong>\n<ul class=\"wp-block-list\">\n<li>El plan que mejor se ajustaba este a\u00f1o puede no ser el mejor para el pr\u00f3ximo a\u00f1o.<\/li>\n\n\n\n<li>Compara todos los planes disponibles para encontrar el que mejor se adapte a las necesidades y el presupuesto de tu familia.<\/li>\n<\/ul>\n<\/li>\n\n\n\n<li style=\"font-size:20px\"><strong>Entregue sus documentos a tiempo si es necesario<\/strong>\n<ul class=\"wp-block-list\">\n<li>Si su informaci\u00f3n no coincide, recibir\u00e1 un aviso solicitando pruebas como talones de pago, un pasaporte o una licencia de conducir. Env\u00ede estos documentos r\u00e1pidamente para mantener su inscripci\u00f3n. Vea la <a href=\"https:\/\/help.georgiaaccess.gov\/hc\/en-us\/articles\/16717974736148-Required-documents-to-verify-information-included-on-your-application\" target=\"_blank\" rel=\"noreferrer noopener\">lista completa de documentos de verificaci\u00f3n<\/a>.  <\/li>\n<\/ul>\n<\/li>\n<\/ol>\n\n\n\n<h2 class=\"wp-block-heading h2-heading\">Administre su plan de salud<\/h2>\n\n\n\n<p>Si ya tiene una cuenta en el portal GeorgiaAccess, inicie sesi\u00f3n aqu\u00ed para ver la informaci\u00f3n de su cuenta o informar cambios.<\/p>\n\n\n\n<div class=\"wp-block-uagb-buttons uagb-buttons__outer-wrap uagb-btn__default-btn uagb-btn-tablet__default-btn uagb-btn-mobile__default-btn uagb-block-54e3c46c\"><div class=\"uagb-buttons__wrap uagb-buttons-layout-wrap \">\n<div class=\"wp-block-uagb-buttons-child uagb-buttons__outer-wrap uagb-block-c6f44665 wp-block-button secondary-cta-button\"><div class=\"uagb-button__wrapper\"><a class=\"uagb-buttons-repeater wp-block-button__link\" aria-label=\"\" href=\"https:\/\/enroll.georgiaaccess.gov\/hix\/account\/user\/login\" rel=\"follow noopener\" target=\"_blank\" role=\"button\"><div class=\"uagb-button__link\">Inicia sesi\u00f3n en tu cuenta<\/div><span class=\"uagb-button__icon uagb-button__icon-position-after\"><svg xmlns=\"https:\/\/www.w3.org\/2000\/svg\" viewBox=\"0 0 448 512\" aria-hidden=\"true\" focussable=\"false\"><path d=\"M256 64C256 46.33 270.3 32 288 32H415.1C415.1 32 415.1 32 415.1 32C420.3 32 424.5 32.86 428.2 34.43C431.1 35.98 435.5 38.27 438.6 41.3C438.6 41.35 438.6 41.4 438.7 41.44C444.9 47.66 447.1 55.78 448 63.9C448 63.94 448 63.97 448 64V192C448 209.7 433.7 224 416 224C398.3 224 384 209.7 384 192V141.3L214.6 310.6C202.1 323.1 181.9 323.1 169.4 310.6C156.9 298.1 156.9 277.9 169.4 265.4L338.7 96H288C270.3 96 256 81.67 256 64V64zM0 128C0 92.65 28.65 64 64 64H160C177.7 64 192 78.33 192 96C192 113.7 177.7 128 160 128H64V416H352V320C352 302.3 366.3 288 384 288C401.7 288 416 302.3 416 320V416C416 451.3 387.3 480 352 480H64C28.65 480 0 451.3 0 416V128z\"><\/path><\/svg><\/span><\/a><\/div><\/div>\n<\/div><\/div>\n\n\n\n<div style=\"height:23px\" aria-hidden=\"true\" class=\"wp-block-spacer\"><\/div>\n\n\n\n<div class=\"wp-block-columns info-card is-layout-flex wp-container-core-columns-is-layout-60f52df7 wp-block-columns-is-layout-flex\" style=\"border-radius:20px;margin-top:1.5rem;margin-bottom:1.5rem;padding-top:2.25rem;padding-bottom:2.25rem\">\n<div class=\"wp-block-column is-layout-flow wp-block-column-is-layout-flow\">\n<h2 class=\"wp-block-heading\" style=\"margin-top:0;margin-bottom:0;padding-top:0;padding-bottom:0\">Temas y acciones relacionados<\/h2>\n\n\n\n<div class=\"wp-block-columns are-vertically-aligned-top is-not-stacked-on-mobile company-card has-white-background-color has-background is-layout-flex wp-container-core-columns-is-layout-c574f120 wp-block-columns-is-layout-flex\" style=\"border-radius:15px;margin-top:40px;margin-bottom:36px;padding-top:0;padding-right:0;padding-bottom:0;padding-left:0\">\n<div class=\"wp-block-column is-vertically-aligned-top company-card is-layout-flow wp-block-column-is-layout-flow\" style=\"padding-top:1.88rem;padding-right:var(--wp--preset--spacing--60);padding-bottom:1.88rem;padding-left:var(--wp--preset--spacing--60);flex-basis:100%\">\n<h3 class=\"wp-block-heading has-ast-global-color-8-color has-text-color has-link-color wp-elements-14f5b81a940e78e91e0f2f185a1bcd4a\">Calcule sus primas y explore planes<\/h3>\n\n\n\n<p>El costo del seguro m\u00e9dico y dental depende de d\u00f3nde viva, cu\u00e1ntas personas haya en su hogar e ingresos.<\/p>\n\n\n\n<a href=\"https:\/\/enroll.georgiaaccess.gov\/prescreener\/\" target=\"_blank\">Estimar prima  <i class=\"fa-solid fa-arrow-up-right-from-square\"><\/i><\/a>\n<\/div>\n<\/div>\n<\/div>\n<\/div>\n\n\n\n<div style=\"height:45px\" aria-hidden=\"true\" class=\"wp-block-spacer\"><\/div>\n","protected":false},"excerpt":{"rendered":"<p>Renovar o actualizar la cobertura Si est\u00e1 inscrito en la cobertura de atenci\u00f3n m\u00e9dica a trav\u00e9s de Georgia Access y desea mantener su plan, siga la gu\u00eda paso a paso a continuaci\u00f3n para mantener su cobertura. Fechas importantes y reinscripci\u00f3n&nbsp; Pasos para mantenerse cubierto Revise los avisos de renovaci\u00f3n, actualice su solicitud, compare y elija [&hellip;]<\/p>\n","protected":false},"author":23,"featured_media":6615,"parent":0,"menu_order":0,"comment_status":"closed","ping_status":"closed","template":"sidebar-menu-template.php","meta":{"_acf_changed":false,"inline_featured_image":false,"_uag_custom_page_level_css":"","site-sidebar-layout":"default","site-content-layout":"","ast-site-content-layout":"default","site-content-style":"default","site-sidebar-style":"default","ast-global-header-display":"","ast-banner-title-visibility":"","ast-main-header-display":"","ast-hfb-above-header-display":"","ast-hfb-below-header-display":"","ast-hfb-mobile-header-display":"","site-post-title":"disabled","ast-breadcrumbs-content":"","ast-featured-img":"disabled","footer-sml-layout":"","ast-disable-related-posts":"","theme-transparent-header-meta":"","adv-header-id-meta":"","stick-header-meta":"","header-above-stick-meta":"","header-main-stick-meta":"","header-below-stick-meta":"","astra-migrate-meta-layouts":"set","ast-page-background-enabled":"default","ast-page-background-meta":{"desktop":{"background-color":"var(--ast-global-color-4)","background-image":"","background-repeat":"repeat","background-position":"center center","background-size":"auto","background-attachment":"scroll","background-type":"","background-media":"","overlay-type":"","overlay-color":"","overlay-opacity":"","overlay-gradient":""},"tablet":{"background-color":"","background-image":"","background-repeat":"repeat","background-position":"center center","background-size":"auto","background-attachment":"scroll","background-type":"","background-media":"","overlay-type":"","overlay-color":"","overlay-opacity":"","overlay-gradient":""},"mobile":{"background-color":"","background-image":"","background-repeat":"repeat","background-position":"center center","background-size":"auto","background-attachment":"scroll","background-type":"","background-media":"","overlay-type":"","overlay-color":"","overlay-opacity":"","overlay-gradient":""}},"ast-content-background-meta":{"desktop":{"background-color":"var(--ast-global-color-5)","background-image":"","background-repeat":"repeat","background-position":"center center","background-size":"auto","background-attachment":"scroll","background-type":"","background-media":"","overlay-type":"","overlay-color":"","overlay-opacity":"","overlay-gradient":""},"tablet":{"background-color":"var(--ast-global-color-5)","background-image":"","background-repeat":"repeat","background-position":"center center","background-size":"auto","background-attachment":"scroll","background-type":"","background-media":"","overlay-type":"","overlay-color":"","overlay-opacity":"","overlay-gradient":""},"mobile":{"background-color":"var(--ast-global-color-5)","background-image":"","background-repeat":"repeat","background-position":"center center","background-size":"auto","background-attachment":"scroll","background-type":"","background-media":"","overlay-type":"","overlay-color":"","overlay-opacity":"","overlay-gradient":""}},"footnotes":""},"class_list":["post-7892","page","type-page","status-publish","has-post-thumbnail","hentry"],"acf":[],"yoast_head":"<!-- This site is optimized with the Yoast SEO plugin v26.8 - https:\/\/yoast.com\/product\/yoast-seo-wordpress\/ -->\n<title>Renovar o actualizar la cobertura | Acceso a Georgia<\/title>\n<meta name=\"description\" content=\"Aprenda c\u00f3mo renovar, actualizar o cancelar su cobertura de seguro m\u00e9dico en Georgia. Mant\u00e9ngase informado sobre las novedades y mantenga su plan actualizado con Georgia Access.\" \/>\n<meta name=\"robots\" content=\"index, follow, max-snippet:-1, max-image-preview:large, max-video-preview:-1\" \/>\n<link rel=\"canonical\" href=\"https:\/\/georgiaaccess.gov\/es\/renovar-o-actualizar-la-cobertura\/\" \/>\n<meta property=\"og:locale\" content=\"es_ES\" \/>\n<meta property=\"og:type\" content=\"article\" \/>\n<meta property=\"og:title\" content=\"C\u00f3mo obtener cobertura de seguro m\u00e9dico | Acceso a Georgia\" \/>\n<meta property=\"og:description\" content=\"Obt\u00e9n cobertura con un seguro de salud asequible en Georgia. Usa Georgia Access para comparar planes y encontrar la cobertura adecuada para ti y tu familia.\" \/>\n<meta property=\"og:url\" content=\"https:\/\/georgiaaccess.gov\/es\/renovar-o-actualizar-la-cobertura\/\" \/>\n<meta property=\"og:site_name\" content=\"Georgia Access\" \/>\n<meta property=\"article:modified_time\" content=\"2025-10-03T20:26:43+00:00\" \/>\n<meta property=\"og:image\" content=\"https:\/\/georgiaaccess.gov\/wp-content\/uploads\/2025\/09\/individuals-and-families-header-scaled.jpg\" \/>\n\t<meta property=\"og:image:width\" content=\"2560\" \/>\n\t<meta property=\"og:image:height\" content=\"356\" \/>\n\t<meta property=\"og:image:type\" content=\"image\/jpeg\" \/>\n<meta name=\"twitter:card\" content=\"summary_large_image\" \/>\n<meta name=\"twitter:label1\" content=\"Tiempo de lectura\" \/>\n\t<meta name=\"twitter:data1\" content=\"3 minutos\" \/>\n<script type=\"application\/ld+json\" class=\"yoast-schema-graph\">{\"@context\":\"https:\/\/schema.org\",\"@graph\":[{\"@type\":\"WebPage\",\"@id\":\"https:\/\/georgiaaccess.gov\/es\/renovar-o-actualizar-la-cobertura\/\",\"url\":\"https:\/\/georgiaaccess.gov\/es\/renovar-o-actualizar-la-cobertura\/\",\"name\":\"Renovar o actualizar la cobertura | Acceso a Georgia\",\"isPartOf\":{\"@id\":\"https:\/\/georgiaaccess.gov\/es\/#website\"},\"primaryImageOfPage\":{\"@id\":\"https:\/\/georgiaaccess.gov\/es\/renovar-o-actualizar-la-cobertura\/#primaryimage\"},\"image\":{\"@id\":\"https:\/\/georgiaaccess.gov\/es\/renovar-o-actualizar-la-cobertura\/#primaryimage\"},\"thumbnailUrl\":\"https:\/\/georgiaaccess.gov\/wp-content\/uploads\/2025\/09\/individuals-and-families-header-scaled.jpg\",\"datePublished\":\"2025-08-08T18:53:00+00:00\",\"dateModified\":\"2025-10-03T20:26:43+00:00\",\"description\":\"Aprenda c\u00f3mo renovar, actualizar o cancelar su cobertura de seguro m\u00e9dico en Georgia. Mant\u00e9ngase informado sobre las novedades y mantenga su plan actualizado con Georgia Access.\",\"breadcrumb\":{\"@id\":\"https:\/\/georgiaaccess.gov\/es\/renovar-o-actualizar-la-cobertura\/#breadcrumb\"},\"inLanguage\":\"es\",\"potentialAction\":[{\"@type\":\"ReadAction\",\"target\":[\"https:\/\/georgiaaccess.gov\/es\/renovar-o-actualizar-la-cobertura\/\"]}]},{\"@type\":\"ImageObject\",\"inLanguage\":\"es\",\"@id\":\"https:\/\/georgiaaccess.gov\/es\/renovar-o-actualizar-la-cobertura\/#primaryimage\",\"url\":\"https:\/\/georgiaaccess.gov\/wp-content\/uploads\/2025\/09\/individuals-and-families-header-scaled.jpg\",\"contentUrl\":\"https:\/\/georgiaaccess.gov\/wp-content\/uploads\/2025\/09\/individuals-and-families-header-scaled.jpg\",\"width\":2560,\"height\":356,\"caption\":\"A man and two young boys smiling and hugging.\"},{\"@type\":\"BreadcrumbList\",\"@id\":\"https:\/\/georgiaaccess.gov\/es\/renovar-o-actualizar-la-cobertura\/#breadcrumb\",\"itemListElement\":[{\"@type\":\"ListItem\",\"position\":1,\"name\":\"Home\",\"item\":\"https:\/\/georgiaaccess.gov\/es\/\"},{\"@type\":\"ListItem\",\"position\":2,\"name\":\"Renovar o actualizar la cobertura\"}]},{\"@type\":\"WebSite\",\"@id\":\"https:\/\/georgiaaccess.gov\/es\/#website\",\"url\":\"https:\/\/georgiaaccess.gov\/es\/\",\"name\":\"Georgia Access\",\"description\":\"\",\"publisher\":{\"@id\":\"https:\/\/georgiaaccess.gov\/es\/#organization\"},\"potentialAction\":[{\"@type\":\"SearchAction\",\"target\":{\"@type\":\"EntryPoint\",\"urlTemplate\":\"https:\/\/georgiaaccess.gov\/es\/?s={search_term_string}\"},\"query-input\":{\"@type\":\"PropertyValueSpecification\",\"valueRequired\":true,\"valueName\":\"search_term_string\"}}],\"inLanguage\":\"es\"},{\"@type\":\"Organization\",\"@id\":\"https:\/\/georgiaaccess.gov\/es\/#organization\",\"name\":\"Georgia Access\",\"url\":\"https:\/\/georgiaaccess.gov\/es\/\",\"logo\":{\"@type\":\"ImageObject\",\"inLanguage\":\"es\",\"@id\":\"https:\/\/georgiaaccess.gov\/es\/#\/schema\/logo\/image\/\",\"url\":\"https:\/\/georgiaaccess.gov\/wp-content\/uploads\/2022\/10\/georgia-access-logo-stacked.svg\",\"contentUrl\":\"https:\/\/georgiaaccess.gov\/wp-content\/uploads\/2022\/10\/georgia-access-logo-stacked.svg\",\"width\":180,\"height\":56,\"caption\":\"Georgia Access\"},\"image\":{\"@id\":\"https:\/\/georgiaaccess.gov\/es\/#\/schema\/logo\/image\/\"}}]}<\/script>\n<!-- \/ Yoast SEO plugin. -->","yoast_head_json":{"title":"Renovar o actualizar la cobertura | Acceso a Georgia","description":"Aprenda c\u00f3mo renovar, actualizar o cancelar su cobertura de seguro m\u00e9dico en Georgia. Mant\u00e9ngase informado sobre las novedades y mantenga su plan actualizado con Georgia Access.","robots":{"index":"index","follow":"follow","max-snippet":"max-snippet:-1","max-image-preview":"max-image-preview:large","max-video-preview":"max-video-preview:-1"},"canonical":"https:\/\/georgiaaccess.gov\/es\/renovar-o-actualizar-la-cobertura\/","og_locale":"es_ES","og_type":"article","og_title":"C\u00f3mo obtener cobertura de seguro m\u00e9dico | Acceso a Georgia","og_description":"Obt\u00e9n cobertura con un seguro de salud asequible en Georgia. Usa Georgia Access para comparar planes y encontrar la cobertura adecuada para ti y tu familia.","og_url":"https:\/\/georgiaaccess.gov\/es\/renovar-o-actualizar-la-cobertura\/","og_site_name":"Georgia Access","article_modified_time":"2025-10-03T20:26:43+00:00","og_image":[{"width":2560,"height":356,"url":"https:\/\/georgiaaccess.gov\/wp-content\/uploads\/2025\/09\/individuals-and-families-header-scaled.jpg","type":"image\/jpeg"}],"twitter_card":"summary_large_image","twitter_misc":{"Tiempo de lectura":"3 minutos"},"schema":{"@context":"https:\/\/schema.org","@graph":[{"@type":"WebPage","@id":"https:\/\/georgiaaccess.gov\/es\/renovar-o-actualizar-la-cobertura\/","url":"https:\/\/georgiaaccess.gov\/es\/renovar-o-actualizar-la-cobertura\/","name":"Renovar o actualizar la cobertura | Acceso a Georgia","isPartOf":{"@id":"https:\/\/georgiaaccess.gov\/es\/#website"},"primaryImageOfPage":{"@id":"https:\/\/georgiaaccess.gov\/es\/renovar-o-actualizar-la-cobertura\/#primaryimage"},"image":{"@id":"https:\/\/georgiaaccess.gov\/es\/renovar-o-actualizar-la-cobertura\/#primaryimage"},"thumbnailUrl":"https:\/\/georgiaaccess.gov\/wp-content\/uploads\/2025\/09\/individuals-and-families-header-scaled.jpg","datePublished":"2025-08-08T18:53:00+00:00","dateModified":"2025-10-03T20:26:43+00:00","description":"Aprenda c\u00f3mo renovar, actualizar o cancelar su cobertura de seguro m\u00e9dico en Georgia. Mant\u00e9ngase informado sobre las novedades y mantenga su plan actualizado con Georgia Access.","breadcrumb":{"@id":"https:\/\/georgiaaccess.gov\/es\/renovar-o-actualizar-la-cobertura\/#breadcrumb"},"inLanguage":"es","potentialAction":[{"@type":"ReadAction","target":["https:\/\/georgiaaccess.gov\/es\/renovar-o-actualizar-la-cobertura\/"]}]},{"@type":"ImageObject","inLanguage":"es","@id":"https:\/\/georgiaaccess.gov\/es\/renovar-o-actualizar-la-cobertura\/#primaryimage","url":"https:\/\/georgiaaccess.gov\/wp-content\/uploads\/2025\/09\/individuals-and-families-header-scaled.jpg","contentUrl":"https:\/\/georgiaaccess.gov\/wp-content\/uploads\/2025\/09\/individuals-and-families-header-scaled.jpg","width":2560,"height":356,"caption":"A man and two young boys smiling and hugging."},{"@type":"BreadcrumbList","@id":"https:\/\/georgiaaccess.gov\/es\/renovar-o-actualizar-la-cobertura\/#breadcrumb","itemListElement":[{"@type":"ListItem","position":1,"name":"Home","item":"https:\/\/georgiaaccess.gov\/es\/"},{"@type":"ListItem","position":2,"name":"Renovar o actualizar la cobertura"}]},{"@type":"WebSite","@id":"https:\/\/georgiaaccess.gov\/es\/#website","url":"https:\/\/georgiaaccess.gov\/es\/","name":"Georgia Access","description":"","publisher":{"@id":"https:\/\/georgiaaccess.gov\/es\/#organization"},"potentialAction":[{"@type":"SearchAction","target":{"@type":"EntryPoint","urlTemplate":"https:\/\/georgiaaccess.gov\/es\/?s={search_term_string}"},"query-input":{"@type":"PropertyValueSpecification","valueRequired":true,"valueName":"search_term_string"}}],"inLanguage":"es"},{"@type":"Organization","@id":"https:\/\/georgiaaccess.gov\/es\/#organization","name":"Georgia Access","url":"https:\/\/georgiaaccess.gov\/es\/","logo":{"@type":"ImageObject","inLanguage":"es","@id":"https:\/\/georgiaaccess.gov\/es\/#\/schema\/logo\/image\/","url":"https:\/\/georgiaaccess.gov\/wp-content\/uploads\/2022\/10\/georgia-access-logo-stacked.svg","contentUrl":"https:\/\/georgiaaccess.gov\/wp-content\/uploads\/2022\/10\/georgia-access-logo-stacked.svg","width":180,"height":56,"caption":"Georgia Access"},"image":{"@id":"https:\/\/georgiaaccess.gov\/es\/#\/schema\/logo\/image\/"}}]}},"uagb_featured_image_src":{"full":["https:\/\/georgiaaccess.gov\/wp-content\/uploads\/2025\/09\/individuals-and-families-header-scaled.jpg",2560,356,false],"thumbnail":["https:\/\/georgiaaccess.gov\/wp-content\/uploads\/2025\/09\/individuals-and-families-header-150x150.jpg",150,150,true],"medium":["https:\/\/georgiaaccess.gov\/wp-content\/uploads\/2025\/09\/individuals-and-families-header-300x42.jpg",300,42,true],"medium_large":["https:\/\/georgiaaccess.gov\/wp-content\/uploads\/2025\/09\/individuals-and-families-header-768x107.jpg",768,107,true],"large":["https:\/\/georgiaaccess.gov\/wp-content\/uploads\/2025\/09\/individuals-and-families-header-1024x142.jpg",1024,142,true],"1536x1536":["https:\/\/georgiaaccess.gov\/wp-content\/uploads\/2025\/09\/individuals-and-families-header-1536x213.jpg",1536,213,true],"2048x2048":["https:\/\/georgiaaccess.gov\/wp-content\/uploads\/2025\/09\/individuals-and-families-header-2048x284.jpg",2048,284,true]},"uagb_author_info":{"display_name":"Wenmin Chen","author_link":"https:\/\/georgiaaccess.gov\/es\/author\/wenminc\/"},"uagb_comment_info":0,"uagb_excerpt":"Renovar o actualizar la cobertura Si est\u00e1 inscrito en la cobertura de atenci\u00f3n m\u00e9dica a trav\u00e9s de Georgia Access y desea mantener su plan, siga la gu\u00eda paso a paso a continuaci\u00f3n para mantener su cobertura. Fechas importantes y reinscripci\u00f3n&nbsp; Pasos para mantenerse cubierto Revise los avisos de renovaci\u00f3n, actualice su solicitud, compare y elija&hellip;","_links":{"self":[{"href":"https:\/\/georgiaaccess.gov\/es\/wp-json\/wp\/v2\/pages\/7892","targetHints":{"allow":["GET"]}}],"collection":[{"href":"https:\/\/georgiaaccess.gov\/es\/wp-json\/wp\/v2\/pages"}],"about":[{"href":"https:\/\/georgiaaccess.gov\/es\/wp-json\/wp\/v2\/types\/page"}],"author":[{"embeddable":true,"href":"https:\/\/georgiaaccess.gov\/es\/wp-json\/wp\/v2\/users\/23"}],"replies":[{"embeddable":true,"href":"https:\/\/georgiaaccess.gov\/es\/wp-json\/wp\/v2\/comments?post=7892"}],"version-history":[{"count":7,"href":"https:\/\/georgiaaccess.gov\/es\/wp-json\/wp\/v2\/pages\/7892\/revisions"}],"predecessor-version":[{"id":8836,"href":"https:\/\/georgiaaccess.gov\/es\/wp-json\/wp\/v2\/pages\/7892\/revisions\/8836"}],"wp:featuredmedia":[{"embeddable":true,"href":"https:\/\/georgiaaccess.gov\/es\/wp-json\/wp\/v2\/media\/6615"}],"wp:attachment":[{"href":"https:\/\/georgiaaccess.gov\/es\/wp-json\/wp\/v2\/media?parent=7892"}],"curies":[{"name":"wp","href":"https:\/\/api.w.org\/{rel}","templated":true}]}}