{"id":7884,"date":"2025-08-03T14:20:00","date_gmt":"2025-08-03T18:20:00","guid":{"rendered":"https:\/\/georgiaaccess.gov\/?page_id=7884"},"modified":"2025-09-29T00:56:18","modified_gmt":"2025-09-29T04:56:18","slug":"asistencia-financiera","status":"publish","type":"page","link":"https:\/\/georgiaaccess.gov\/es\/soy-elegible\/asistencia-financiera\/","title":{"rendered":"Asistencia financiera"},"content":{"rendered":"\n<h2 class=\"wp-block-heading\">\u00bfQu\u00e9 asistencia financiera est\u00e1 disponible?<\/h2>\n\n\n\n<p>Cuando solicita cobertura en Georgia Access, puede seleccionar si desea solicitar asistencia financiera. Si selecciona s\u00ed, Georgia Access primero evaluar\u00e1 su elegibilidad para Medicaid y PeachCare for Kids\u00ae, incluidos todos los miembros de su hogar. Si usted o alguno de los miembros de su hogar son potencialmente elegibles, Georgia Access enviar\u00e1 autom\u00e1ticamente su solicitud a la Divisi\u00f3n de Servicios para Familias y Ni\u00f1os del Departamento de Servicios Humanos para una determinaci\u00f3n de elegibilidad. Si no es potencialmente elegible, se le evaluar\u00e1n dos tipos de asistencia financiera disponibles en Georgia Access:   <\/p>\n\n\n\n<ul class=\"wp-block-list\">\n<li>Cr\u00e9ditos fiscales para las primas.<\/li>\n\n\n\n<li>Reducciones de costos compartidos.<\/li>\n<\/ul>\n\n\n\n<div class=\"custom-css-block\"><style>.aagb_accordion_4fb1b6e7-86f4-468e-86af-726776e00c96 {   }<\/style><\/div><style>\n        .aagb_accordion_4fb1b6e7-86f4-468e-86af-726776e00c96 .aagb__accordion_active .aagb__accordion_body {\n            border-top: 1px solid #ebebeb;\n        }\n        .aagb_accordion_4fb1b6e7-86f4-468e-86af-726776e00c96 .aagb__accordion_container.wp-block-aab-accordion-item .aagb__accordion_head {\n          background-color: #bcb6b638;\n          \n          border-top: none; border-right: none; border-bottom: none; border-left: none;\n          \n        }\n        .aagb_accordion_4fb1b6e7-86f4-468e-86af-726776e00c96 .aagb__accordion_container.wp-block-aab-accordion-item .aagb__accordion_body {\n          \n          \n          \n          border-top: 1px solid #bcb6b638; border-right: none; border-bottom: none; border-left: none;\n          \n        }\n        \n        .aagb_accordion_4fb1b6e7-86f4-468e-86af-726776e00c96 .wp-block-aab-accordion-item .aagb__accordion_subheading {\n          margin: 5px 0 0 0;\n          \n        }\n        .aagb_accordion_4fb1b6e7-86f4-468e-86af-726776e00c96 .wp-block-aab-accordion-item .aagb__accordion_icon {\n          \n          \n        }\n        .aagb_accordion_4fb1b6e7-86f4-468e-86af-726776e00c96 .wp-block-aab-accordion-item .aagb__icon {\n          font-size: 23px;\n        }\n        .aagb_accordion_4fb1b6e7-86f4-468e-86af-726776e00c96 .aagb__accordion_title {\n          margin: 0;\n          \n        }\n        .aagb_accordion_4fb1b6e7-86f4-468e-86af-726776e00c96 .aagb__accordion_container {\n          border: 1px solid #bcb6b638;\n          margin-top: 0px;\n          margin-bottom: 15px;\n          \n        }\n          .aagb_accordion_4fb1b6e7-86f4-468e-86af-726776e00c96 .aagb__accordion_number{\n            \n        }\n        .aagb_accordion_4fb1b6e7-86f4-468e-86af-726776e00c96 .wp-block-aab-accordion-item .aagb__accordion_subheading{\n           false\n        }\n\n        .aagb_accordion_4fb1b6e7-86f4-468e-86af-726776e00c96 .aab-step-progress{\n          background-color: #dfd2d2;\n        }\n            \n        .aagb_accordion_4fb1b6e7-86f4-468e-86af-726776e00c96 .aab-step-progress-bar {\n          background-color: #1570ec;\n        }\n\n        .aagb_accordion_4fb1b6e7-86f4-468e-86af-726776e00c96 .aagb__accordion_number{\n          \n        }\n        .aagb_accordion_4fb1b6e7-86f4-468e-86af-726776e00c96 .aab-progress-bar-container{\n          background-color: #f0f0f0;\n        }\n        .aagb_accordion_4fb1b6e7-86f4-468e-86af-726776e00c96 .aab-progress-bar {\n            background-color: #0866ff;\n        }\n        \n       .aagb__group_accordion_container.has_img {\n            \n            flex-direction: row;\n        }\n      \n          .aagb_accordion_4fb1b6e7-86f4-468e-86af-726776e00c96 .aagb__accordion_container {\n            transition-duration: 0ms !important;\n            outline: 2px solid #00000000;\n          }\n          .aagb_accordion_4fb1b6e7-86f4-468e-86af-726776e00c96 .aagb__accordion_container:focus-visible {\n            outline: 2px solid #C2DBFE;\n          }\n        <\/style><div class=\"wp-block-aab-group-accordion searchable aagb_accordion_4fb1b6e7-86f4-468e-86af-726776e00c96 click false\" id=\"group-accordion-4fb1b6e7-86f4-468e-86af-726776e00c96\">\n<div class=\"wp-block-aab-accordion-item aagb__accordion_container panel\" data-autoplay=\"false\" data-duration=\"3000\" data-progress-bar-direction=\"horizontal\" data-feature-image-url=\"\" data-auto-numbering=\"false\" data-progress-bar-on=\"false\" tabindex=\"0\"><div class=\"aagb__accordion_head aab_right_icon \" data-active=\"false\"><div class=\"aagb__accordion_heading aab_right_icon aagb_right_link\"><div class=\"head_content_wrapper\"><div class=\"title_wrapper\"><h3 class=\"aagb__accordion_title\">\u00bfQu\u00e9 es un Cr\u00e9dito Tributario de Prima (PTC)?<\/h3><\/div><\/div><\/div><div class=\"aagb__accordion_icon\"><div class=\"aagb__icon_dashicons_box\"><span class=\"aagb__icon dashicons dashicons-arrow-down-alt2\"><\/span><\/div><\/div><\/div><div class=\"aagb__accordion_body \" role=\"region\"><div class=\"aagb__accordion_component \">\n<p>Un Cr\u00e9dito Tributario de Prima (PTC, por sus siglas en ingl\u00e9s) es un cr\u00e9dito fiscal federal disponible para los consumidores elegibles inscritos en un QHP. Su cr\u00e9dito fiscal se basa en el Ingreso Bruto Ajustado Modificado (MAGI) de su hogar durante la presentaci\u00f3n de impuestos, el umbral de asequibilidad asociado establecido anualmente por el Servicio de Impuestos Internos (IRS) para el seguro de salud basado en el Nivel Federal de Pobreza (FPL) y el costo del Plan Silver del Segundo Costo M\u00e1s Bajo (SLCSP) en su condado. <\/p>\n\n\n\n<p>Puede reclamar su cr\u00e9dito fiscal al final del a\u00f1o cuando presente sus impuestos sobre la renta ante el IRS o puede optar por que su cr\u00e9dito fiscal estimado se aplique por adelantado. Esto se conoce como Cr\u00e9ditos Fiscales Avanzados para Primas (APTC). Los APTC son pagos realizados por adelantado por el gobierno federal a su compa\u00f1\u00eda de seguros cada mes en su nombre para reducir los costos de sus primas mensuales. Si aplica APTC a su prima mensual, se le pedir\u00e1 que concilie los cr\u00e9ditos de prima pagados con la cantidad para la que realmente es elegible cuando presente sus impuestos.   <\/p>\n\n\n\n<ul class=\"wp-block-list\">\n<li>Si recibe menos APTC del que califica, puede obtener la diferencia como un cr\u00e9dito reembolsable cuando presente su declaraci\u00f3n de impuestos sobre la renta.<\/li>\n\n\n\n<li>Si recibe m\u00e1s APTC del que califica, es posible que deba devolver la diferencia cuando presente su declaraci\u00f3n de impuestos.<\/li>\n<\/ul>\n\n\n\n<p>Para ser elegible para los PTC, debe:<\/p>\n\n\n\n<ul class=\"wp-block-list\">\n<li>Obtenga su cobertura de seguro de salud a trav\u00e9s de Georgia Access o a trav\u00e9s de corredores web certificados o una compa\u00f1\u00eda de seguros que opere en un Mercado Estatal (SBE).<\/li>\n\n\n\n<li>No ser elegible ni estar inscrito en otros tipos de cobertura de atenci\u00f3n m\u00e9dica (por ejemplo, Medicaid, Medicare, cobertura del empleador).<\/li>\n\n\n\n<li>Tener un ingreso familiar estimado por encima del 100% del FPL.<\/li>\n\n\n\n<li>No ser reclamado como dependiente en la declaraci\u00f3n de impuestos de otra persona.<\/li>\n\n\n\n<li>Presente una declaraci\u00f3n conjunta si est\u00e1 casado.<\/li>\n<\/ul>\n<\/div><\/div><\/div>\n\n\n\n<div class=\"wp-block-aab-accordion-item aagb__accordion_container panel\" data-autoplay=\"false\" data-duration=\"3000\" data-progress-bar-direction=\"horizontal\" data-feature-image-url=\"\" data-auto-numbering=\"false\" data-progress-bar-on=\"false\" tabindex=\"0\"><div class=\"aagb__accordion_head aab_right_icon \" data-active=\"false\"><div class=\"aagb__accordion_heading aab_right_icon aagb_right_link\"><div class=\"head_content_wrapper\"><div class=\"title_wrapper\"><h3 class=\"aagb__accordion_title\">\u00bfQu\u00e9 es una Reducci\u00f3n de Costos Compartidos (RSE)?<\/h3><\/div><\/div><\/div><div class=\"aagb__accordion_icon\"><div class=\"aagb__icon_dashicons_box\"><span class=\"aagb__icon dashicons dashicons-arrow-down-alt2\"><\/span><\/div><\/div><\/div><div class=\"aagb__accordion_body \" role=\"region\"><div class=\"aagb__accordion_component \">\n<p>El costo compartido es lo que usted paga por los servicios m\u00e9dicos cubiertos por su plan de seguro m\u00e9dico. Una Reducci\u00f3n de Costos Compartidos (CSR, por sus siglas en ingl\u00e9s) es un descuento para los consumidores elegibles que reduce los costos totales en los que podr\u00eda incurrir por los servicios de atenci\u00f3n m\u00e9dica durante el a\u00f1o (por ejemplo, los costos totales del coseguro, los deducibles y los copagos). Las CSR pueden ayudar a reducir los costos totales de bolsillo para gastos m\u00e9dicos.  <\/p>\n\n\n\n<p>Para ser elegible para las CSR, debe:<\/p>\n\n\n\n<ul class=\"wp-block-list\">\n<li>Tener un ingreso familiar entre el 100% y el 250% del FPL<\/li>\n\n\n\n<li>Estar inscrito en un plan Silver.<\/li>\n<\/ul>\n<\/div><\/div><\/div>\n<\/div>\n\n\n\n<div style=\"height:80px\" aria-hidden=\"true\" class=\"wp-block-spacer\"><\/div>\n","protected":false},"excerpt":{"rendered":"<p>\u00bfQu\u00e9 asistencia financiera est\u00e1 disponible? Cuando solicita cobertura en Georgia Access, puede seleccionar si desea solicitar asistencia financiera. Si selecciona s\u00ed, Georgia Access primero evaluar\u00e1 su elegibilidad para Medicaid y PeachCare for Kids\u00ae, incluidos todos los miembros de su hogar. Si usted o alguno de los miembros de su hogar son potencialmente elegibles, Georgia Access [&hellip;]<\/p>\n","protected":false},"author":23,"featured_media":0,"parent":7874,"menu_order":0,"comment_status":"closed","ping_status":"closed","template":"sidebar-menu-template.php","meta":{"_acf_changed":false,"inline_featured_image":false,"_uag_custom_page_level_css":"","site-sidebar-layout":"default","site-content-layout":"","ast-site-content-layout":"default","site-content-style":"default","site-sidebar-style":"default","ast-global-header-display":"","ast-banner-title-visibility":"","ast-main-header-display":"","ast-hfb-above-header-display":"","ast-hfb-below-header-display":"","ast-hfb-mobile-header-display":"","site-post-title":"","ast-breadcrumbs-content":"","ast-featured-img":"","footer-sml-layout":"","ast-disable-related-posts":"","theme-transparent-header-meta":"","adv-header-id-meta":"","stick-header-meta":"","header-above-stick-meta":"","header-main-stick-meta":"","header-below-stick-meta":"","astra-migrate-meta-layouts":"set","ast-page-background-enabled":"default","ast-page-background-meta":{"desktop":{"background-color":"var(--ast-global-color-4)","background-image":"","background-repeat":"repeat","background-position":"center center","background-size":"auto","background-attachment":"scroll","background-type":"","background-media":"","overlay-type":"","overlay-color":"","overlay-opacity":"","overlay-gradient":""},"tablet":{"background-color":"","background-image":"","background-repeat":"repeat","background-position":"center center","background-size":"auto","background-attachment":"scroll","background-type":"","background-media":"","overlay-type":"","overlay-color":"","overlay-opacity":"","overlay-gradient":""},"mobile":{"background-color":"","background-image":"","background-repeat":"repeat","background-position":"center center","background-size":"auto","background-attachment":"scroll","background-type":"","background-media":"","overlay-type":"","overlay-color":"","overlay-opacity":"","overlay-gradient":""}},"ast-content-background-meta":{"desktop":{"background-color":"var(--ast-global-color-5)","background-image":"","background-repeat":"repeat","background-position":"center center","background-size":"auto","background-attachment":"scroll","background-type":"","background-media":"","overlay-type":"","overlay-color":"","overlay-opacity":"","overlay-gradient":""},"tablet":{"background-color":"var(--ast-global-color-5)","background-image":"","background-repeat":"repeat","background-position":"center center","background-size":"auto","background-attachment":"scroll","background-type":"","background-media":"","overlay-type":"","overlay-color":"","overlay-opacity":"","overlay-gradient":""},"mobile":{"background-color":"var(--ast-global-color-5)","background-image":"","background-repeat":"repeat","background-position":"center center","background-size":"auto","background-attachment":"scroll","background-type":"","background-media":"","overlay-type":"","overlay-color":"","overlay-opacity":"","overlay-gradient":""}},"footnotes":""},"class_list":["post-7884","page","type-page","status-publish","hentry"],"acf":[],"yoast_head":"<!-- This site is optimized with the Yoast SEO plugin v26.8 - https:\/\/yoast.com\/product\/yoast-seo-wordpress\/ -->\n<title>\u00bfSoy elegible para recibir asistencia financiera? | Acceso a Georgia<\/title>\n<meta name=\"description\" content=\"Averig\u00fce si califica para recibir asistencia financiera en su seguro m\u00e9dico en Georgia. Georgia Access explica las reglas de elegibilidad, los cr\u00e9ditos fiscales y c\u00f3mo reducir sus costos.\" \/>\n<meta name=\"robots\" content=\"index, follow, max-snippet:-1, max-image-preview:large, max-video-preview:-1\" \/>\n<link rel=\"canonical\" href=\"https:\/\/georgiaaccess.gov\/es\/soy-elegible\/asistencia-financiera\/\" \/>\n<meta property=\"og:locale\" content=\"es_ES\" \/>\n<meta property=\"og:type\" content=\"article\" \/>\n<meta property=\"og:title\" content=\"Elegibilidad y asistencia financiera | Acceso a Georgia\" \/>\n<meta property=\"og:description\" content=\"Obtenga m\u00e1s informaci\u00f3n sobre los requisitos de elegibilidad y las opciones de asistencia financiera para el seguro de salud en Georgia. Averig\u00fce si califica para ahorros con Georgia Access.\" \/>\n<meta property=\"og:url\" content=\"https:\/\/georgiaaccess.gov\/es\/soy-elegible\/asistencia-financiera\/\" \/>\n<meta property=\"og:site_name\" content=\"Georgia Access\" \/>\n<meta property=\"article:modified_time\" content=\"2025-09-29T04:56:18+00:00\" \/>\n<meta name=\"twitter:card\" content=\"summary_large_image\" \/>\n<meta name=\"twitter:label1\" content=\"Tiempo de lectura\" \/>\n\t<meta name=\"twitter:data1\" content=\"3 minutos\" \/>\n<script type=\"application\/ld+json\" class=\"yoast-schema-graph\">{\"@context\":\"https:\/\/schema.org\",\"@graph\":[{\"@type\":\"WebPage\",\"@id\":\"https:\/\/georgiaaccess.gov\/es\/soy-elegible\/asistencia-financiera\/\",\"url\":\"https:\/\/georgiaaccess.gov\/es\/soy-elegible\/asistencia-financiera\/\",\"name\":\"\u00bfSoy elegible para recibir asistencia financiera? | Acceso a Georgia\",\"isPartOf\":{\"@id\":\"https:\/\/georgiaaccess.gov\/es\/#website\"},\"datePublished\":\"2025-08-03T18:20:00+00:00\",\"dateModified\":\"2025-09-29T04:56:18+00:00\",\"description\":\"Averig\u00fce si califica para recibir asistencia financiera en su seguro m\u00e9dico en Georgia. Georgia Access explica las reglas de elegibilidad, los cr\u00e9ditos fiscales y c\u00f3mo reducir sus costos.\",\"breadcrumb\":{\"@id\":\"https:\/\/georgiaaccess.gov\/es\/soy-elegible\/asistencia-financiera\/#breadcrumb\"},\"inLanguage\":\"es\",\"potentialAction\":[{\"@type\":\"ReadAction\",\"target\":[\"https:\/\/georgiaaccess.gov\/es\/soy-elegible\/asistencia-financiera\/\"]}]},{\"@type\":\"BreadcrumbList\",\"@id\":\"https:\/\/georgiaaccess.gov\/es\/soy-elegible\/asistencia-financiera\/#breadcrumb\",\"itemListElement\":[{\"@type\":\"ListItem\",\"position\":1,\"name\":\"Home\",\"item\":\"https:\/\/georgiaaccess.gov\/es\/\"},{\"@type\":\"ListItem\",\"position\":2,\"name\":\"\u00bfSoy elegible?\",\"item\":\"https:\/\/georgiaaccess.gov\/es\/soy-elegible\/\"},{\"@type\":\"ListItem\",\"position\":3,\"name\":\"Asistencia financiera\"}]},{\"@type\":\"WebSite\",\"@id\":\"https:\/\/georgiaaccess.gov\/es\/#website\",\"url\":\"https:\/\/georgiaaccess.gov\/es\/\",\"name\":\"Georgia Access\",\"description\":\"\",\"publisher\":{\"@id\":\"https:\/\/georgiaaccess.gov\/es\/#organization\"},\"potentialAction\":[{\"@type\":\"SearchAction\",\"target\":{\"@type\":\"EntryPoint\",\"urlTemplate\":\"https:\/\/georgiaaccess.gov\/es\/?s={search_term_string}\"},\"query-input\":{\"@type\":\"PropertyValueSpecification\",\"valueRequired\":true,\"valueName\":\"search_term_string\"}}],\"inLanguage\":\"es\"},{\"@type\":\"Organization\",\"@id\":\"https:\/\/georgiaaccess.gov\/es\/#organization\",\"name\":\"Georgia Access\",\"url\":\"https:\/\/georgiaaccess.gov\/es\/\",\"logo\":{\"@type\":\"ImageObject\",\"inLanguage\":\"es\",\"@id\":\"https:\/\/georgiaaccess.gov\/es\/#\/schema\/logo\/image\/\",\"url\":\"https:\/\/georgiaaccess.gov\/wp-content\/uploads\/2022\/10\/georgia-access-logo-stacked.svg\",\"contentUrl\":\"https:\/\/georgiaaccess.gov\/wp-content\/uploads\/2022\/10\/georgia-access-logo-stacked.svg\",\"width\":180,\"height\":56,\"caption\":\"Georgia Access\"},\"image\":{\"@id\":\"https:\/\/georgiaaccess.gov\/es\/#\/schema\/logo\/image\/\"}}]}<\/script>\n<!-- \/ Yoast SEO plugin. -->","yoast_head_json":{"title":"\u00bfSoy elegible para recibir asistencia financiera? | Acceso a Georgia","description":"Averig\u00fce si califica para recibir asistencia financiera en su seguro m\u00e9dico en Georgia. Georgia Access explica las reglas de elegibilidad, los cr\u00e9ditos fiscales y c\u00f3mo reducir sus costos.","robots":{"index":"index","follow":"follow","max-snippet":"max-snippet:-1","max-image-preview":"max-image-preview:large","max-video-preview":"max-video-preview:-1"},"canonical":"https:\/\/georgiaaccess.gov\/es\/soy-elegible\/asistencia-financiera\/","og_locale":"es_ES","og_type":"article","og_title":"Elegibilidad y asistencia financiera | Acceso a Georgia","og_description":"Obtenga m\u00e1s informaci\u00f3n sobre los requisitos de elegibilidad y las opciones de asistencia financiera para el seguro de salud en Georgia. Averig\u00fce si califica para ahorros con Georgia Access.","og_url":"https:\/\/georgiaaccess.gov\/es\/soy-elegible\/asistencia-financiera\/","og_site_name":"Georgia Access","article_modified_time":"2025-09-29T04:56:18+00:00","twitter_card":"summary_large_image","twitter_misc":{"Tiempo de lectura":"3 minutos"},"schema":{"@context":"https:\/\/schema.org","@graph":[{"@type":"WebPage","@id":"https:\/\/georgiaaccess.gov\/es\/soy-elegible\/asistencia-financiera\/","url":"https:\/\/georgiaaccess.gov\/es\/soy-elegible\/asistencia-financiera\/","name":"\u00bfSoy elegible para recibir asistencia financiera? | Acceso a Georgia","isPartOf":{"@id":"https:\/\/georgiaaccess.gov\/es\/#website"},"datePublished":"2025-08-03T18:20:00+00:00","dateModified":"2025-09-29T04:56:18+00:00","description":"Averig\u00fce si califica para recibir asistencia financiera en su seguro m\u00e9dico en Georgia. Georgia Access explica las reglas de elegibilidad, los cr\u00e9ditos fiscales y c\u00f3mo reducir sus costos.","breadcrumb":{"@id":"https:\/\/georgiaaccess.gov\/es\/soy-elegible\/asistencia-financiera\/#breadcrumb"},"inLanguage":"es","potentialAction":[{"@type":"ReadAction","target":["https:\/\/georgiaaccess.gov\/es\/soy-elegible\/asistencia-financiera\/"]}]},{"@type":"BreadcrumbList","@id":"https:\/\/georgiaaccess.gov\/es\/soy-elegible\/asistencia-financiera\/#breadcrumb","itemListElement":[{"@type":"ListItem","position":1,"name":"Home","item":"https:\/\/georgiaaccess.gov\/es\/"},{"@type":"ListItem","position":2,"name":"\u00bfSoy elegible?","item":"https:\/\/georgiaaccess.gov\/es\/soy-elegible\/"},{"@type":"ListItem","position":3,"name":"Asistencia financiera"}]},{"@type":"WebSite","@id":"https:\/\/georgiaaccess.gov\/es\/#website","url":"https:\/\/georgiaaccess.gov\/es\/","name":"Georgia Access","description":"","publisher":{"@id":"https:\/\/georgiaaccess.gov\/es\/#organization"},"potentialAction":[{"@type":"SearchAction","target":{"@type":"EntryPoint","urlTemplate":"https:\/\/georgiaaccess.gov\/es\/?s={search_term_string}"},"query-input":{"@type":"PropertyValueSpecification","valueRequired":true,"valueName":"search_term_string"}}],"inLanguage":"es"},{"@type":"Organization","@id":"https:\/\/georgiaaccess.gov\/es\/#organization","name":"Georgia Access","url":"https:\/\/georgiaaccess.gov\/es\/","logo":{"@type":"ImageObject","inLanguage":"es","@id":"https:\/\/georgiaaccess.gov\/es\/#\/schema\/logo\/image\/","url":"https:\/\/georgiaaccess.gov\/wp-content\/uploads\/2022\/10\/georgia-access-logo-stacked.svg","contentUrl":"https:\/\/georgiaaccess.gov\/wp-content\/uploads\/2022\/10\/georgia-access-logo-stacked.svg","width":180,"height":56,"caption":"Georgia Access"},"image":{"@id":"https:\/\/georgiaaccess.gov\/es\/#\/schema\/logo\/image\/"}}]}},"uagb_featured_image_src":{"full":false,"thumbnail":false,"medium":false,"medium_large":false,"large":false,"1536x1536":false,"2048x2048":false},"uagb_author_info":{"display_name":"Wenmin Chen","author_link":"https:\/\/georgiaaccess.gov\/es\/author\/wenminc\/"},"uagb_comment_info":0,"uagb_excerpt":"\u00bfQu\u00e9 asistencia financiera est\u00e1 disponible? Cuando solicita cobertura en Georgia Access, puede seleccionar si desea solicitar asistencia financiera. Si selecciona s\u00ed, Georgia Access primero evaluar\u00e1 su elegibilidad para Medicaid y PeachCare for Kids\u00ae, incluidos todos los miembros de su hogar. Si usted o alguno de los miembros de su hogar son potencialmente elegibles, Georgia Access&hellip;","_links":{"self":[{"href":"https:\/\/georgiaaccess.gov\/es\/wp-json\/wp\/v2\/pages\/7884","targetHints":{"allow":["GET"]}}],"collection":[{"href":"https:\/\/georgiaaccess.gov\/es\/wp-json\/wp\/v2\/pages"}],"about":[{"href":"https:\/\/georgiaaccess.gov\/es\/wp-json\/wp\/v2\/types\/page"}],"author":[{"embeddable":true,"href":"https:\/\/georgiaaccess.gov\/es\/wp-json\/wp\/v2\/users\/23"}],"replies":[{"embeddable":true,"href":"https:\/\/georgiaaccess.gov\/es\/wp-json\/wp\/v2\/comments?post=7884"}],"version-history":[{"count":5,"href":"https:\/\/georgiaaccess.gov\/es\/wp-json\/wp\/v2\/pages\/7884\/revisions"}],"predecessor-version":[{"id":8502,"href":"https:\/\/georgiaaccess.gov\/es\/wp-json\/wp\/v2\/pages\/7884\/revisions\/8502"}],"up":[{"embeddable":true,"href":"https:\/\/georgiaaccess.gov\/es\/wp-json\/wp\/v2\/pages\/7874"}],"wp:attachment":[{"href":"https:\/\/georgiaaccess.gov\/es\/wp-json\/wp\/v2\/media?parent=7884"}],"curies":[{"name":"wp","href":"https:\/\/api.w.org\/{rel}","templated":true}]}}