{"id":7874,"date":"2025-08-08T14:52:00","date_gmt":"2025-08-08T18:52:00","guid":{"rendered":"https:\/\/georgiaaccess.gov\/soy-elegible\/"},"modified":"2025-10-24T15:32:06","modified_gmt":"2025-10-24T19:32:06","slug":"soy-elegible","status":"publish","type":"page","link":"https:\/\/georgiaaccess.gov\/es\/soy-elegible\/","title":{"rendered":"\u00bfSoy elegible?"},"content":{"rendered":"\n<p>Los georgianos son elegibles para inscribirse en un seguro de salud de alta calidad, integral y asequible si cumplen con todos los requisitos de elegibilidad requeridos. Muchos georgianos tambi\u00e9n pueden calificar para recibir asistencia financiera.   <\/p>\n\n\n\n<h2 class=\"wp-block-heading h2-heading\">\u00bfNuevo en Georgia Access?<\/h2>\n\n\n\n<p>Descargue esta hoja informativa para nuevos consumidores para obtener m\u00e1s informaci\u00f3n.<\/p>\n\n\n\n<div class=\"wp-block-uagb-buttons uagb-buttons__outer-wrap uagb-btn__default-btn uagb-btn-tablet__default-btn uagb-btn-mobile__default-btn uagb-block-1f03010b\"><div class=\"uagb-buttons__wrap uagb-buttons-layout-wrap \">\n<div class=\"wp-block-uagb-buttons-child uagb-buttons__outer-wrap uagb-block-6c9b6c03 wp-block-button primary-cta-button\"><div class=\"uagb-button__wrapper\"><a class=\"uagb-buttons-repeater wp-block-button__link\" aria-label=\"\" href=\"\/wp-content\/uploads\/2025\/10\/Georgia-Access-2026-New-Consumers-Informational-Sheet_10.24.2025.pdf\" rel=\"follow noopener\" target=\"_blank\" role=\"button\"><div class=\"uagb-button__link\">Descargar informaci\u00f3n 2026 (Ingl\u00e9s)<\/div><\/a><\/div><\/div>\n<\/div><\/div>\n\n\n\n<div class=\"wp-block-uagb-buttons uagb-buttons__outer-wrap uagb-btn__default-btn uagb-btn-tablet__default-btn uagb-btn-mobile__default-btn uagb-block-92d3ee85\"><div class=\"uagb-buttons__wrap uagb-buttons-layout-wrap \">\n<div class=\"wp-block-uagb-buttons-child uagb-buttons__outer-wrap uagb-block-6040789d wp-block-button secondary-cta-button\"><div class=\"uagb-button__wrapper\"><a class=\"uagb-buttons-repeater wp-block-button__link\" aria-label=\"\" href=\"\/wp-content\/uploads\/2025\/10\/Georgia-Access-2026-New-Consumers-Informational-Sheet_10.24.2025_Spanish.pdf\" rel=\"follow noopener\" target=\"_blank\" role=\"button\"><div class=\"uagb-button__link\">descargar informaci\u00f3n 2026<\/div><\/a><\/div><\/div>\n<\/div><\/div>\n\n\n\n<h2 class=\"wp-block-heading h2-heading\">\u00bfQui\u00e9n puede inscribirse en un plan de Georgia Access?<\/h2>\n\n\n\n<p>Debe cumplir con los siguientes criterios para ser elegible para inscribirse en un Plan de Salud Calificado (QHP) en Georgia Access:<\/p>\n\n\n\n<ul class=\"wp-block-list\">\n<li>Ser ciudadano estadounidense, nacional o inmigrante legalmente presente.<\/li>\n\n\n\n<li>Ser residente de Georgia.<\/li>\n\n\n\n<li>No ser encarcelado.<\/li>\n<\/ul>\n\n\n\n<p>Para ser elegible para inscribirse en un Plan Dental Independiente (SADP), debe cumplir con los requisitos de elegibilidad de QHP. Para ser elegible para inscribirse en un Plan Catastr\u00f3fico, debe tener 30 a\u00f1os o menos, o solicitar una exenci\u00f3n. Debe inscribirse en la cobertura de salud y\/o dental durante el per\u00edodo anual de inscripci\u00f3n abierta para el pr\u00f3ximo a\u00f1o, a menos que califique para un per\u00edodo de inscripci\u00f3n especial (SEP) a mitad de a\u00f1o.  <\/p>\n\n\n\n<div style=\"height:23px\" aria-hidden=\"true\" class=\"wp-block-spacer\"><\/div>\n\n\n\n<div class=\"wp-block-columns info-card is-layout-flex wp-container-core-columns-is-layout-0884d4d2 wp-block-columns-is-layout-flex\" style=\"border-radius:20px;margin-top:var(--wp--preset--spacing--50);margin-bottom:var(--wp--preset--spacing--50)\">\n<div class=\"wp-block-column is-layout-flow wp-block-column-is-layout-flow\">\n<h2 class=\"wp-block-heading\">Temas relacionados<\/h2>\n\n\n\n<div class=\"wp-block-columns are-vertically-aligned-top is-not-stacked-on-mobile company-card has-white-background-color has-background is-layout-flex wp-container-core-columns-is-layout-9f59aec7 wp-block-columns-is-layout-flex\" style=\"border-radius:15px;margin-top:2.5rem;margin-bottom:2.5rem;padding-top:1.88rem;padding-right:2.25rem;padding-bottom:1.88rem;padding-left:2.25rem\">\n<div class=\"wp-block-column is-vertically-aligned-top is-layout-flow wp-block-column-is-layout-flow\" style=\"padding-right:var(--wp--preset--spacing--40);padding-left:var(--wp--preset--spacing--40);flex-basis:100%\">\n<h3 class=\"wp-block-heading has-ast-global-color-8-color has-text-color has-link-color wp-elements-fcc2dc78798d915cb7b266d98f178c30\">Per\u00edodos Especiales de Inscripci\u00f3n (SEPs)<\/h3>\n\n\n\n<p>Los Per\u00edodos Especiales de Inscripci\u00f3n (SEP) brindan oportunidades para que los consumidores se inscriban en un seguro de salud fuera de la ventana de inscripci\u00f3n habitual. La elegibilidad para los SEP est\u00e1 determinada por eventos de vida calificados (QLE) predefinidos. <\/p>\n\n\n\n<a href=\"https:\/\/georgiaaccess.gov\/es\/soy-elegible\/periodos-especiales-de-inscripcion\/\">Obtenga m\u00e1s informaci\u00f3n sobre los per\u00edodos especiales de inscripci\u00f3n  <i class=\"fa-solid fa-arrow-right\"><\/i><\/a>\n<\/div>\n<\/div>\n\n\n\n<div class=\"wp-block-columns are-vertically-aligned-top is-not-stacked-on-mobile company-card has-ast-global-color-5-background-color has-background is-layout-flex wp-container-core-columns-is-layout-f06a1f59 wp-block-columns-is-layout-flex\" style=\"border-radius:15px;margin-top:0;margin-bottom:0;padding-top:1.88rem;padding-right:2.25rem;padding-bottom:1.88rem;padding-left:2.25rem\">\n<div class=\"wp-block-column is-vertically-aligned-top is-layout-flow wp-block-column-is-layout-flow\" style=\"padding-right:var(--wp--preset--spacing--40);padding-left:var(--wp--preset--spacing--40);flex-basis:100%\">\n<h3 class=\"wp-block-heading has-ast-global-color-8-color has-text-color has-link-color wp-elements-03b46da0d7793e59611f59eed3d6617c\">Asistencia financiera<\/h3>\n\n\n\n<p>Georgia Access eval\u00faa la asistencia financiera cuando solicita cobertura. Si no califica, ofrece ayuda a trav\u00e9s de cr\u00e9ditos fiscales para primas y reducciones de costos compartidos.<\/p>\n\n\n\n<a href=\"https:\/\/georgiaaccess.gov\/es\/soy-elegible\/asistencia-financiera\/\">Obtenga m\u00e1s informaci\u00f3n sobre la asistencia financiera  <i class=\"fa-solid fa-arrow-right\"><\/i><\/a>\n<\/div>\n<\/div>\n<\/div>\n<\/div>\n\n\n\n<div style=\"height:45px\" aria-hidden=\"true\" class=\"wp-block-spacer\"><\/div>\n","protected":false},"excerpt":{"rendered":"<p>Los georgianos son elegibles para inscribirse en un seguro de salud de alta calidad, integral y asequible si cumplen con todos los requisitos de elegibilidad requeridos. Muchos georgianos tambi\u00e9n pueden calificar para recibir asistencia financiera. \u00bfNuevo en Georgia Access? Descargue esta hoja informativa para nuevos consumidores para obtener m\u00e1s informaci\u00f3n. \u00bfQui\u00e9n puede inscribirse en un [&hellip;]<\/p>\n","protected":false},"author":23,"featured_media":6615,"parent":0,"menu_order":0,"comment_status":"closed","ping_status":"closed","template":"sidebar-menu-template.php","meta":{"_acf_changed":false,"inline_featured_image":false,"_uag_custom_page_level_css":"","site-sidebar-layout":"default","site-content-layout":"","ast-site-content-layout":"default","site-content-style":"default","site-sidebar-style":"default","ast-global-header-display":"","ast-banner-title-visibility":"","ast-main-header-display":"","ast-hfb-above-header-display":"","ast-hfb-below-header-display":"","ast-hfb-mobile-header-display":"","site-post-title":"","ast-breadcrumbs-content":"","ast-featured-img":"disabled","footer-sml-layout":"","ast-disable-related-posts":"","theme-transparent-header-meta":"","adv-header-id-meta":"","stick-header-meta":"","header-above-stick-meta":"","header-main-stick-meta":"","header-below-stick-meta":"","astra-migrate-meta-layouts":"set","ast-page-background-enabled":"default","ast-page-background-meta":{"desktop":{"background-color":"var(--ast-global-color-4)","background-image":"","background-repeat":"repeat","background-position":"center center","background-size":"auto","background-attachment":"scroll","background-type":"","background-media":"","overlay-type":"","overlay-color":"","overlay-opacity":"","overlay-gradient":""},"tablet":{"background-color":"","background-image":"","background-repeat":"repeat","background-position":"center center","background-size":"auto","background-attachment":"scroll","background-type":"","background-media":"","overlay-type":"","overlay-color":"","overlay-opacity":"","overlay-gradient":""},"mobile":{"background-color":"","background-image":"","background-repeat":"repeat","background-position":"center center","background-size":"auto","background-attachment":"scroll","background-type":"","background-media":"","overlay-type":"","overlay-color":"","overlay-opacity":"","overlay-gradient":""}},"ast-content-background-meta":{"desktop":{"background-color":"var(--ast-global-color-5)","background-image":"","background-repeat":"repeat","background-position":"center center","background-size":"auto","background-attachment":"scroll","background-type":"","background-media":"","overlay-type":"","overlay-color":"","overlay-opacity":"","overlay-gradient":""},"tablet":{"background-color":"var(--ast-global-color-5)","background-image":"","background-repeat":"repeat","background-position":"center center","background-size":"auto","background-attachment":"scroll","background-type":"","background-media":"","overlay-type":"","overlay-color":"","overlay-opacity":"","overlay-gradient":""},"mobile":{"background-color":"var(--ast-global-color-5)","background-image":"","background-repeat":"repeat","background-position":"center center","background-size":"auto","background-attachment":"scroll","background-type":"","background-media":"","overlay-type":"","overlay-color":"","overlay-opacity":"","overlay-gradient":""}},"footnotes":""},"class_list":["post-7874","page","type-page","status-publish","has-post-thumbnail","hentry"],"acf":[],"yoast_head":"<!-- This site is optimized with the Yoast SEO plugin v26.8 - https:\/\/yoast.com\/product\/yoast-seo-wordpress\/ -->\n<title>\u00bfSoy elegible? | Acceso a Georgia<\/title>\n<meta name=\"description\" content=\"Averig\u00fce si es elegible para un seguro m\u00e9dico en Georgia. Georgia Access explica los requisitos de cobertura, la ayuda financiera y c\u00f3mo solicitar planes asequibles.\" \/>\n<meta name=\"robots\" content=\"index, follow, max-snippet:-1, max-image-preview:large, max-video-preview:-1\" \/>\n<link rel=\"canonical\" href=\"https:\/\/georgiaaccess.gov\/es\/soy-elegible\/\" \/>\n<meta property=\"og:locale\" content=\"es_ES\" \/>\n<meta property=\"og:type\" content=\"article\" \/>\n<meta property=\"og:title\" content=\"Elegibilidad y Asistencia Financiera | Acceso a Georgia\" \/>\n<meta property=\"og:description\" content=\"Obtenga m\u00e1s informaci\u00f3n sobre los requisitos de elegibilidad y las opciones de asistencia financiera para el seguro m\u00e9dico en Georgia. Averig\u00fce si califica para ahorros con Georgia Access.\" \/>\n<meta property=\"og:url\" content=\"https:\/\/georgiaaccess.gov\/es\/soy-elegible\/\" \/>\n<meta property=\"og:site_name\" content=\"Georgia Access\" \/>\n<meta property=\"article:modified_time\" content=\"2025-10-24T19:32:06+00:00\" \/>\n<meta property=\"og:image\" content=\"https:\/\/georgiaaccess.gov\/wp-content\/uploads\/2025\/09\/individuals-and-families-header-scaled.jpg\" \/>\n\t<meta property=\"og:image:width\" content=\"2560\" \/>\n\t<meta property=\"og:image:height\" content=\"356\" \/>\n\t<meta property=\"og:image:type\" content=\"image\/jpeg\" \/>\n<meta name=\"twitter:card\" content=\"summary_large_image\" \/>\n<meta name=\"twitter:label1\" content=\"Tiempo de lectura\" \/>\n\t<meta name=\"twitter:data1\" content=\"2 minutos\" \/>\n<script type=\"application\/ld+json\" class=\"yoast-schema-graph\">{\"@context\":\"https:\/\/schema.org\",\"@graph\":[{\"@type\":\"WebPage\",\"@id\":\"https:\/\/georgiaaccess.gov\/es\/soy-elegible\/\",\"url\":\"https:\/\/georgiaaccess.gov\/es\/soy-elegible\/\",\"name\":\"\u00bfSoy elegible? | Acceso a Georgia\",\"isPartOf\":{\"@id\":\"https:\/\/georgiaaccess.gov\/es\/#website\"},\"primaryImageOfPage\":{\"@id\":\"https:\/\/georgiaaccess.gov\/es\/soy-elegible\/#primaryimage\"},\"image\":{\"@id\":\"https:\/\/georgiaaccess.gov\/es\/soy-elegible\/#primaryimage\"},\"thumbnailUrl\":\"https:\/\/georgiaaccess.gov\/wp-content\/uploads\/2025\/09\/individuals-and-families-header-scaled.jpg\",\"datePublished\":\"2025-08-08T18:52:00+00:00\",\"dateModified\":\"2025-10-24T19:32:06+00:00\",\"description\":\"Averig\u00fce si es elegible para un seguro m\u00e9dico en Georgia. Georgia Access explica los requisitos de cobertura, la ayuda financiera y c\u00f3mo solicitar planes asequibles.\",\"breadcrumb\":{\"@id\":\"https:\/\/georgiaaccess.gov\/es\/soy-elegible\/#breadcrumb\"},\"inLanguage\":\"es\",\"potentialAction\":[{\"@type\":\"ReadAction\",\"target\":[\"https:\/\/georgiaaccess.gov\/es\/soy-elegible\/\"]}]},{\"@type\":\"ImageObject\",\"inLanguage\":\"es\",\"@id\":\"https:\/\/georgiaaccess.gov\/es\/soy-elegible\/#primaryimage\",\"url\":\"https:\/\/georgiaaccess.gov\/wp-content\/uploads\/2025\/09\/individuals-and-families-header-scaled.jpg\",\"contentUrl\":\"https:\/\/georgiaaccess.gov\/wp-content\/uploads\/2025\/09\/individuals-and-families-header-scaled.jpg\",\"width\":2560,\"height\":356,\"caption\":\"A man and two young boys smiling and hugging.\"},{\"@type\":\"BreadcrumbList\",\"@id\":\"https:\/\/georgiaaccess.gov\/es\/soy-elegible\/#breadcrumb\",\"itemListElement\":[{\"@type\":\"ListItem\",\"position\":1,\"name\":\"Home\",\"item\":\"https:\/\/georgiaaccess.gov\/es\/\"},{\"@type\":\"ListItem\",\"position\":2,\"name\":\"\u00bfSoy elegible?\"}]},{\"@type\":\"WebSite\",\"@id\":\"https:\/\/georgiaaccess.gov\/es\/#website\",\"url\":\"https:\/\/georgiaaccess.gov\/es\/\",\"name\":\"Georgia Access\",\"description\":\"\",\"publisher\":{\"@id\":\"https:\/\/georgiaaccess.gov\/es\/#organization\"},\"potentialAction\":[{\"@type\":\"SearchAction\",\"target\":{\"@type\":\"EntryPoint\",\"urlTemplate\":\"https:\/\/georgiaaccess.gov\/es\/?s={search_term_string}\"},\"query-input\":{\"@type\":\"PropertyValueSpecification\",\"valueRequired\":true,\"valueName\":\"search_term_string\"}}],\"inLanguage\":\"es\"},{\"@type\":\"Organization\",\"@id\":\"https:\/\/georgiaaccess.gov\/es\/#organization\",\"name\":\"Georgia Access\",\"url\":\"https:\/\/georgiaaccess.gov\/es\/\",\"logo\":{\"@type\":\"ImageObject\",\"inLanguage\":\"es\",\"@id\":\"https:\/\/georgiaaccess.gov\/es\/#\/schema\/logo\/image\/\",\"url\":\"https:\/\/georgiaaccess.gov\/wp-content\/uploads\/2022\/10\/georgia-access-logo-stacked.svg\",\"contentUrl\":\"https:\/\/georgiaaccess.gov\/wp-content\/uploads\/2022\/10\/georgia-access-logo-stacked.svg\",\"width\":180,\"height\":56,\"caption\":\"Georgia Access\"},\"image\":{\"@id\":\"https:\/\/georgiaaccess.gov\/es\/#\/schema\/logo\/image\/\"}}]}<\/script>\n<!-- \/ Yoast SEO plugin. -->","yoast_head_json":{"title":"\u00bfSoy elegible? | Acceso a Georgia","description":"Averig\u00fce si es elegible para un seguro m\u00e9dico en Georgia. Georgia Access explica los requisitos de cobertura, la ayuda financiera y c\u00f3mo solicitar planes asequibles.","robots":{"index":"index","follow":"follow","max-snippet":"max-snippet:-1","max-image-preview":"max-image-preview:large","max-video-preview":"max-video-preview:-1"},"canonical":"https:\/\/georgiaaccess.gov\/es\/soy-elegible\/","og_locale":"es_ES","og_type":"article","og_title":"Elegibilidad y Asistencia Financiera | Acceso a Georgia","og_description":"Obtenga m\u00e1s informaci\u00f3n sobre los requisitos de elegibilidad y las opciones de asistencia financiera para el seguro m\u00e9dico en Georgia. Averig\u00fce si califica para ahorros con Georgia Access.","og_url":"https:\/\/georgiaaccess.gov\/es\/soy-elegible\/","og_site_name":"Georgia Access","article_modified_time":"2025-10-24T19:32:06+00:00","og_image":[{"width":2560,"height":356,"url":"https:\/\/georgiaaccess.gov\/wp-content\/uploads\/2025\/09\/individuals-and-families-header-scaled.jpg","type":"image\/jpeg"}],"twitter_card":"summary_large_image","twitter_misc":{"Tiempo de lectura":"2 minutos"},"schema":{"@context":"https:\/\/schema.org","@graph":[{"@type":"WebPage","@id":"https:\/\/georgiaaccess.gov\/es\/soy-elegible\/","url":"https:\/\/georgiaaccess.gov\/es\/soy-elegible\/","name":"\u00bfSoy elegible? | Acceso a Georgia","isPartOf":{"@id":"https:\/\/georgiaaccess.gov\/es\/#website"},"primaryImageOfPage":{"@id":"https:\/\/georgiaaccess.gov\/es\/soy-elegible\/#primaryimage"},"image":{"@id":"https:\/\/georgiaaccess.gov\/es\/soy-elegible\/#primaryimage"},"thumbnailUrl":"https:\/\/georgiaaccess.gov\/wp-content\/uploads\/2025\/09\/individuals-and-families-header-scaled.jpg","datePublished":"2025-08-08T18:52:00+00:00","dateModified":"2025-10-24T19:32:06+00:00","description":"Averig\u00fce si es elegible para un seguro m\u00e9dico en Georgia. Georgia Access explica los requisitos de cobertura, la ayuda financiera y c\u00f3mo solicitar planes asequibles.","breadcrumb":{"@id":"https:\/\/georgiaaccess.gov\/es\/soy-elegible\/#breadcrumb"},"inLanguage":"es","potentialAction":[{"@type":"ReadAction","target":["https:\/\/georgiaaccess.gov\/es\/soy-elegible\/"]}]},{"@type":"ImageObject","inLanguage":"es","@id":"https:\/\/georgiaaccess.gov\/es\/soy-elegible\/#primaryimage","url":"https:\/\/georgiaaccess.gov\/wp-content\/uploads\/2025\/09\/individuals-and-families-header-scaled.jpg","contentUrl":"https:\/\/georgiaaccess.gov\/wp-content\/uploads\/2025\/09\/individuals-and-families-header-scaled.jpg","width":2560,"height":356,"caption":"A man and two young boys smiling and hugging."},{"@type":"BreadcrumbList","@id":"https:\/\/georgiaaccess.gov\/es\/soy-elegible\/#breadcrumb","itemListElement":[{"@type":"ListItem","position":1,"name":"Home","item":"https:\/\/georgiaaccess.gov\/es\/"},{"@type":"ListItem","position":2,"name":"\u00bfSoy elegible?"}]},{"@type":"WebSite","@id":"https:\/\/georgiaaccess.gov\/es\/#website","url":"https:\/\/georgiaaccess.gov\/es\/","name":"Georgia Access","description":"","publisher":{"@id":"https:\/\/georgiaaccess.gov\/es\/#organization"},"potentialAction":[{"@type":"SearchAction","target":{"@type":"EntryPoint","urlTemplate":"https:\/\/georgiaaccess.gov\/es\/?s={search_term_string}"},"query-input":{"@type":"PropertyValueSpecification","valueRequired":true,"valueName":"search_term_string"}}],"inLanguage":"es"},{"@type":"Organization","@id":"https:\/\/georgiaaccess.gov\/es\/#organization","name":"Georgia Access","url":"https:\/\/georgiaaccess.gov\/es\/","logo":{"@type":"ImageObject","inLanguage":"es","@id":"https:\/\/georgiaaccess.gov\/es\/#\/schema\/logo\/image\/","url":"https:\/\/georgiaaccess.gov\/wp-content\/uploads\/2022\/10\/georgia-access-logo-stacked.svg","contentUrl":"https:\/\/georgiaaccess.gov\/wp-content\/uploads\/2022\/10\/georgia-access-logo-stacked.svg","width":180,"height":56,"caption":"Georgia Access"},"image":{"@id":"https:\/\/georgiaaccess.gov\/es\/#\/schema\/logo\/image\/"}}]}},"uagb_featured_image_src":{"full":["https:\/\/georgiaaccess.gov\/wp-content\/uploads\/2025\/09\/individuals-and-families-header-scaled.jpg",2560,356,false],"thumbnail":["https:\/\/georgiaaccess.gov\/wp-content\/uploads\/2025\/09\/individuals-and-families-header-150x150.jpg",150,150,true],"medium":["https:\/\/georgiaaccess.gov\/wp-content\/uploads\/2025\/09\/individuals-and-families-header-300x42.jpg",300,42,true],"medium_large":["https:\/\/georgiaaccess.gov\/wp-content\/uploads\/2025\/09\/individuals-and-families-header-768x107.jpg",768,107,true],"large":["https:\/\/georgiaaccess.gov\/wp-content\/uploads\/2025\/09\/individuals-and-families-header-1024x142.jpg",1024,142,true],"1536x1536":["https:\/\/georgiaaccess.gov\/wp-content\/uploads\/2025\/09\/individuals-and-families-header-1536x213.jpg",1536,213,true],"2048x2048":["https:\/\/georgiaaccess.gov\/wp-content\/uploads\/2025\/09\/individuals-and-families-header-2048x284.jpg",2048,284,true]},"uagb_author_info":{"display_name":"Wenmin Chen","author_link":"https:\/\/georgiaaccess.gov\/es\/author\/wenminc\/"},"uagb_comment_info":0,"uagb_excerpt":"Los georgianos son elegibles para inscribirse en un seguro de salud de alta calidad, integral y asequible si cumplen con todos los requisitos de elegibilidad requeridos. Muchos georgianos tambi\u00e9n pueden calificar para recibir asistencia financiera. \u00bfNuevo en Georgia Access? Descargue esta hoja informativa para nuevos consumidores para obtener m\u00e1s informaci\u00f3n. \u00bfQui\u00e9n puede inscribirse en un&hellip;","_links":{"self":[{"href":"https:\/\/georgiaaccess.gov\/es\/wp-json\/wp\/v2\/pages\/7874","targetHints":{"allow":["GET"]}}],"collection":[{"href":"https:\/\/georgiaaccess.gov\/es\/wp-json\/wp\/v2\/pages"}],"about":[{"href":"https:\/\/georgiaaccess.gov\/es\/wp-json\/wp\/v2\/types\/page"}],"author":[{"embeddable":true,"href":"https:\/\/georgiaaccess.gov\/es\/wp-json\/wp\/v2\/users\/23"}],"replies":[{"embeddable":true,"href":"https:\/\/georgiaaccess.gov\/es\/wp-json\/wp\/v2\/comments?post=7874"}],"version-history":[{"count":9,"href":"https:\/\/georgiaaccess.gov\/es\/wp-json\/wp\/v2\/pages\/7874\/revisions"}],"predecessor-version":[{"id":9243,"href":"https:\/\/georgiaaccess.gov\/es\/wp-json\/wp\/v2\/pages\/7874\/revisions\/9243"}],"wp:featuredmedia":[{"embeddable":true,"href":"https:\/\/georgiaaccess.gov\/es\/wp-json\/wp\/v2\/media\/6615"}],"wp:attachment":[{"href":"https:\/\/georgiaaccess.gov\/es\/wp-json\/wp\/v2\/media?parent=7874"}],"curies":[{"name":"wp","href":"https:\/\/api.w.org\/{rel}","templated":true}]}}