{"id":5661,"date":"2025-06-16T10:24:32","date_gmt":"2025-06-16T14:24:32","guid":{"rendered":"https:\/\/georgiaaccess.gov\/consentimiento-por-sms\/"},"modified":"2025-06-16T10:24:32","modified_gmt":"2025-06-16T14:24:32","slug":"consentimiento-por-sms","status":"publish","type":"page","link":"https:\/\/georgiaaccess.gov\/es\/consentimiento-por-sms\/","title":{"rendered":"Consentimiento por SMS"},"content":{"rendered":"\n<p>Doy mi consentimiento para recibir llamadas o mensajes de texto, iniciados por medios electr\u00f3nicos, incluido un sistema de marcaci\u00f3n telef\u00f3nica autom\u00e1tica por parte de Georgia Access, o en su nombre, al n\u00famero de tel\u00e9fono proporcionado. Estas llamadas o mensajes de texto pueden tener cualquier finalidad, incluidos productos y\/o servicios que haya adquirido previamente, otros que no haya adquirido previamente o marketing general. Reconozco que no tengo que dar mi consentimiento para recibir asistencia o servicios de Georgia Access y que mi negativa a dar mi consentimiento no afectar\u00e1 en modo alguno a la disponibilidad de la cantidad de asistencia o servicios que reciba de Georgia Access. Tambi\u00e9n reconozco que este consentimiento puede ser retirado a petici\u00f3n m\u00eda, pero que hasta que dicho consentimiento sea revocado, puedo recibir llamadas o mensajes de texto de Georgia Access en mi n\u00famero de tel\u00e9fono m\u00f3vil. Pueden aplicarse cargos del operador.    <\/p>\n","protected":false},"excerpt":{"rendered":"<p>Doy mi consentimiento para recibir llamadas o mensajes de texto, iniciados por medios electr\u00f3nicos, incluido un sistema de marcaci\u00f3n telef\u00f3nica autom\u00e1tica por parte de Georgia Access, o en su nombre, al n\u00famero de tel\u00e9fono proporcionado. Estas llamadas o mensajes de texto pueden tener cualquier finalidad, incluidos productos y\/o servicios que haya adquirido previamente, otros que [&hellip;]<\/p>\n","protected":false},"author":1,"featured_media":0,"parent":0,"menu_order":0,"comment_status":"closed","ping_status":"closed","template":"text-heavy-template.php","meta":{"_acf_changed":false,"inline_featured_image":false,"_uag_custom_page_level_css":"","site-sidebar-layout":"default","site-content-layout":"","ast-site-content-layout":"default","site-content-style":"default","site-sidebar-style":"default","ast-global-header-display":"","ast-banner-title-visibility":"","ast-main-header-display":"","ast-hfb-above-header-display":"","ast-hfb-below-header-display":"","ast-hfb-mobile-header-display":"","site-post-title":"","ast-breadcrumbs-content":"","ast-featured-img":"","footer-sml-layout":"","ast-disable-related-posts":"","theme-transparent-header-meta":"","adv-header-id-meta":"","stick-header-meta":"","header-above-stick-meta":"","header-main-stick-meta":"","header-below-stick-meta":"","astra-migrate-meta-layouts":"default","ast-page-background-enabled":"default","ast-page-background-meta":{"desktop":{"background-color":"var(--ast-global-color-4)","background-image":"","background-repeat":"repeat","background-position":"center center","background-size":"auto","background-attachment":"scroll","background-type":"","background-media":"","overlay-type":"","overlay-color":"","overlay-opacity":"","overlay-gradient":""},"tablet":{"background-color":"","background-image":"","background-repeat":"repeat","background-position":"center center","background-size":"auto","background-attachment":"scroll","background-type":"","background-media":"","overlay-type":"","overlay-color":"","overlay-opacity":"","overlay-gradient":""},"mobile":{"background-color":"","background-image":"","background-repeat":"repeat","background-position":"center center","background-size":"auto","background-attachment":"scroll","background-type":"","background-media":"","overlay-type":"","overlay-color":"","overlay-opacity":"","overlay-gradient":""}},"ast-content-background-meta":{"desktop":{"background-color":"var(--ast-global-color-5)","background-image":"","background-repeat":"repeat","background-position":"center center","background-size":"auto","background-attachment":"scroll","background-type":"","background-media":"","overlay-type":"","overlay-color":"","overlay-opacity":"","overlay-gradient":""},"tablet":{"background-color":"var(--ast-global-color-5)","background-image":"","background-repeat":"repeat","background-position":"center center","background-size":"auto","background-attachment":"scroll","background-type":"","background-media":"","overlay-type":"","overlay-color":"","overlay-opacity":"","overlay-gradient":""},"mobile":{"background-color":"var(--ast-global-color-5)","background-image":"","background-repeat":"repeat","background-position":"center center","background-size":"auto","background-attachment":"scroll","background-type":"","background-media":"","overlay-type":"","overlay-color":"","overlay-opacity":"","overlay-gradient":""}},"footnotes":""},"class_list":["post-5661","page","type-page","status-publish","hentry"],"acf":[],"yoast_head":"<!-- This site is optimized with the Yoast SEO plugin v26.8 - https:\/\/yoast.com\/product\/yoast-seo-wordpress\/ -->\n<title>Consentimiento por SMS | Georgia Access<\/title>\n<meta name=\"robots\" content=\"index, follow, max-snippet:-1, max-image-preview:large, max-video-preview:-1\" \/>\n<link rel=\"canonical\" href=\"https:\/\/georgiaaccess.gov\/es\/consentimiento-por-sms\/\" \/>\n<meta property=\"og:locale\" content=\"es_ES\" \/>\n<meta property=\"og:type\" content=\"article\" \/>\n<meta property=\"og:title\" content=\"Consentimiento por SMS | Georgia Access\" \/>\n<meta property=\"og:description\" content=\"Doy mi consentimiento para recibir llamadas o mensajes de texto, iniciados por medios electr\u00f3nicos, incluido un sistema de marcaci\u00f3n telef\u00f3nica autom\u00e1tica por parte de Georgia Access, o en su nombre, al n\u00famero de tel\u00e9fono proporcionado. Estas llamadas o mensajes de texto pueden tener cualquier finalidad, incluidos productos y\/o servicios que haya adquirido previamente, otros que [&hellip;]\" \/>\n<meta property=\"og:url\" content=\"https:\/\/georgiaaccess.gov\/es\/consentimiento-por-sms\/\" \/>\n<meta property=\"og:site_name\" content=\"Georgia Access\" \/>\n<meta name=\"twitter:card\" content=\"summary_large_image\" \/>\n<meta name=\"twitter:label1\" content=\"Tiempo de lectura\" \/>\n\t<meta name=\"twitter:data1\" content=\"1 minuto\" \/>\n<script type=\"application\/ld+json\" class=\"yoast-schema-graph\">{\"@context\":\"https:\/\/schema.org\",\"@graph\":[{\"@type\":\"WebPage\",\"@id\":\"https:\/\/georgiaaccess.gov\/es\/consentimiento-por-sms\/\",\"url\":\"https:\/\/georgiaaccess.gov\/es\/consentimiento-por-sms\/\",\"name\":\"Consentimiento por SMS | Georgia Access\",\"isPartOf\":{\"@id\":\"https:\/\/georgiaaccess.gov\/es\/#website\"},\"datePublished\":\"2025-06-16T14:24:32+00:00\",\"breadcrumb\":{\"@id\":\"https:\/\/georgiaaccess.gov\/es\/consentimiento-por-sms\/#breadcrumb\"},\"inLanguage\":\"es\",\"potentialAction\":[{\"@type\":\"ReadAction\",\"target\":[\"https:\/\/georgiaaccess.gov\/es\/consentimiento-por-sms\/\"]}]},{\"@type\":\"BreadcrumbList\",\"@id\":\"https:\/\/georgiaaccess.gov\/es\/consentimiento-por-sms\/#breadcrumb\",\"itemListElement\":[{\"@type\":\"ListItem\",\"position\":1,\"name\":\"Home\",\"item\":\"https:\/\/georgiaaccess.gov\/es\/\"},{\"@type\":\"ListItem\",\"position\":2,\"name\":\"Consentimiento por SMS\"}]},{\"@type\":\"WebSite\",\"@id\":\"https:\/\/georgiaaccess.gov\/es\/#website\",\"url\":\"https:\/\/georgiaaccess.gov\/es\/\",\"name\":\"Georgia Access\",\"description\":\"\",\"publisher\":{\"@id\":\"https:\/\/georgiaaccess.gov\/es\/#organization\"},\"potentialAction\":[{\"@type\":\"SearchAction\",\"target\":{\"@type\":\"EntryPoint\",\"urlTemplate\":\"https:\/\/georgiaaccess.gov\/es\/?s={search_term_string}\"},\"query-input\":{\"@type\":\"PropertyValueSpecification\",\"valueRequired\":true,\"valueName\":\"search_term_string\"}}],\"inLanguage\":\"es\"},{\"@type\":\"Organization\",\"@id\":\"https:\/\/georgiaaccess.gov\/es\/#organization\",\"name\":\"Georgia Access\",\"url\":\"https:\/\/georgiaaccess.gov\/es\/\",\"logo\":{\"@type\":\"ImageObject\",\"inLanguage\":\"es\",\"@id\":\"https:\/\/georgiaaccess.gov\/es\/#\/schema\/logo\/image\/\",\"url\":\"https:\/\/georgiaaccess.gov\/wp-content\/uploads\/2022\/10\/georgia-access-logo-stacked.svg\",\"contentUrl\":\"https:\/\/georgiaaccess.gov\/wp-content\/uploads\/2022\/10\/georgia-access-logo-stacked.svg\",\"width\":180,\"height\":56,\"caption\":\"Georgia Access\"},\"image\":{\"@id\":\"https:\/\/georgiaaccess.gov\/es\/#\/schema\/logo\/image\/\"}}]}<\/script>\n<!-- \/ Yoast SEO plugin. -->","yoast_head_json":{"title":"Consentimiento por SMS | Georgia Access","robots":{"index":"index","follow":"follow","max-snippet":"max-snippet:-1","max-image-preview":"max-image-preview:large","max-video-preview":"max-video-preview:-1"},"canonical":"https:\/\/georgiaaccess.gov\/es\/consentimiento-por-sms\/","og_locale":"es_ES","og_type":"article","og_title":"Consentimiento por SMS | Georgia Access","og_description":"Doy mi consentimiento para recibir llamadas o mensajes de texto, iniciados por medios electr\u00f3nicos, incluido un sistema de marcaci\u00f3n telef\u00f3nica autom\u00e1tica por parte de Georgia Access, o en su nombre, al n\u00famero de tel\u00e9fono proporcionado. Estas llamadas o mensajes de texto pueden tener cualquier finalidad, incluidos productos y\/o servicios que haya adquirido previamente, otros que [&hellip;]","og_url":"https:\/\/georgiaaccess.gov\/es\/consentimiento-por-sms\/","og_site_name":"Georgia Access","twitter_card":"summary_large_image","twitter_misc":{"Tiempo de lectura":"1 minuto"},"schema":{"@context":"https:\/\/schema.org","@graph":[{"@type":"WebPage","@id":"https:\/\/georgiaaccess.gov\/es\/consentimiento-por-sms\/","url":"https:\/\/georgiaaccess.gov\/es\/consentimiento-por-sms\/","name":"Consentimiento por SMS | Georgia Access","isPartOf":{"@id":"https:\/\/georgiaaccess.gov\/es\/#website"},"datePublished":"2025-06-16T14:24:32+00:00","breadcrumb":{"@id":"https:\/\/georgiaaccess.gov\/es\/consentimiento-por-sms\/#breadcrumb"},"inLanguage":"es","potentialAction":[{"@type":"ReadAction","target":["https:\/\/georgiaaccess.gov\/es\/consentimiento-por-sms\/"]}]},{"@type":"BreadcrumbList","@id":"https:\/\/georgiaaccess.gov\/es\/consentimiento-por-sms\/#breadcrumb","itemListElement":[{"@type":"ListItem","position":1,"name":"Home","item":"https:\/\/georgiaaccess.gov\/es\/"},{"@type":"ListItem","position":2,"name":"Consentimiento por SMS"}]},{"@type":"WebSite","@id":"https:\/\/georgiaaccess.gov\/es\/#website","url":"https:\/\/georgiaaccess.gov\/es\/","name":"Georgia Access","description":"","publisher":{"@id":"https:\/\/georgiaaccess.gov\/es\/#organization"},"potentialAction":[{"@type":"SearchAction","target":{"@type":"EntryPoint","urlTemplate":"https:\/\/georgiaaccess.gov\/es\/?s={search_term_string}"},"query-input":{"@type":"PropertyValueSpecification","valueRequired":true,"valueName":"search_term_string"}}],"inLanguage":"es"},{"@type":"Organization","@id":"https:\/\/georgiaaccess.gov\/es\/#organization","name":"Georgia Access","url":"https:\/\/georgiaaccess.gov\/es\/","logo":{"@type":"ImageObject","inLanguage":"es","@id":"https:\/\/georgiaaccess.gov\/es\/#\/schema\/logo\/image\/","url":"https:\/\/georgiaaccess.gov\/wp-content\/uploads\/2022\/10\/georgia-access-logo-stacked.svg","contentUrl":"https:\/\/georgiaaccess.gov\/wp-content\/uploads\/2022\/10\/georgia-access-logo-stacked.svg","width":180,"height":56,"caption":"Georgia Access"},"image":{"@id":"https:\/\/georgiaaccess.gov\/es\/#\/schema\/logo\/image\/"}}]}},"uagb_featured_image_src":{"full":false,"thumbnail":false,"medium":false,"medium_large":false,"large":false,"1536x1536":false,"2048x2048":false},"uagb_author_info":{"display_name":"notadmin","author_link":"https:\/\/georgiaaccess.gov\/es\/author\/notadmin\/"},"uagb_comment_info":0,"uagb_excerpt":"Doy mi consentimiento para recibir llamadas o mensajes de texto, iniciados por medios electr\u00f3nicos, incluido un sistema de marcaci\u00f3n telef\u00f3nica autom\u00e1tica por parte de Georgia Access, o en su nombre, al n\u00famero de tel\u00e9fono proporcionado. Estas llamadas o mensajes de texto pueden tener cualquier finalidad, incluidos productos y\/o servicios que haya adquirido previamente, otros que&hellip;","_links":{"self":[{"href":"https:\/\/georgiaaccess.gov\/es\/wp-json\/wp\/v2\/pages\/5661","targetHints":{"allow":["GET"]}}],"collection":[{"href":"https:\/\/georgiaaccess.gov\/es\/wp-json\/wp\/v2\/pages"}],"about":[{"href":"https:\/\/georgiaaccess.gov\/es\/wp-json\/wp\/v2\/types\/page"}],"author":[{"embeddable":true,"href":"https:\/\/georgiaaccess.gov\/es\/wp-json\/wp\/v2\/users\/1"}],"replies":[{"embeddable":true,"href":"https:\/\/georgiaaccess.gov\/es\/wp-json\/wp\/v2\/comments?post=5661"}],"version-history":[{"count":0,"href":"https:\/\/georgiaaccess.gov\/es\/wp-json\/wp\/v2\/pages\/5661\/revisions"}],"wp:attachment":[{"href":"https:\/\/georgiaaccess.gov\/es\/wp-json\/wp\/v2\/media?parent=5661"}],"curies":[{"name":"wp","href":"https:\/\/api.w.org\/{rel}","templated":true}]}}