{"id":4942,"date":"2025-01-17T12:35:06","date_gmt":"2025-01-17T16:35:06","guid":{"rendered":"https:\/\/georgiaaccess.gov\/acerca-de-georgia-access\/eventos\/eventos-oe-2025\/"},"modified":"2025-09-28T23:55:25","modified_gmt":"2025-09-29T03:55:25","slug":"eventos-anteriores-de-inscripcion-abierta","status":"publish","type":"page","link":"https:\/\/georgiaaccess.gov\/es\/proximos-eventos\/eventos-anteriores-de-inscripcion-abierta\/","title":{"rendered":"Eventos anteriores de inscripci\u00f3n abierta"},"content":{"rendered":"\n<p>Georgia Access organiz\u00f3 y asisti\u00f3 a numerosos eventos durante la inscripci\u00f3n abierta. Nos reunimos con georgianos donde deb\u00edan proporcionar informaci\u00f3n sobre un seguro m\u00e9dico asequible y de calidad. Visite nuestra p\u00e1gina de <a href=\"https:\/\/georgiaaccess.gov\/es\/proximos-eventos\/\">Eventos<\/a> para ver hacia d\u00f3nde nos dirigimos a continuaci\u00f3n.  &nbsp;<\/p>\n\n\n\n<div style=\"height:20px\" aria-hidden=\"true\" class=\"wp-block-spacer\"><\/div>\n\n\n\n<div class=\"custom-css-block\"><style>.aagb_accordion_77f0d30b-b7ad-4e9b-a77a-0a1f4806f961 {   }<\/style><\/div><style>\n        .aagb_accordion_77f0d30b-b7ad-4e9b-a77a-0a1f4806f961 .aagb__accordion_active .aagb__accordion_body {\n            border-top: 1px solid #ebebeb;\n        }\n        .aagb_accordion_77f0d30b-b7ad-4e9b-a77a-0a1f4806f961 .aagb__accordion_container.wp-block-aab-accordion-item .aagb__accordion_head {\n          background-color: #bcb6b638;\n          \n          border-top: none; border-right: none; border-bottom: none; border-left: none;\n          \n        }\n        .aagb_accordion_77f0d30b-b7ad-4e9b-a77a-0a1f4806f961 .aagb__accordion_container.wp-block-aab-accordion-item .aagb__accordion_body {\n          \n          \n          \n          border-top: 1px solid #bcb6b638; border-right: none; border-bottom: none; border-left: none;\n          \n        }\n        \n        .aagb_accordion_77f0d30b-b7ad-4e9b-a77a-0a1f4806f961 .wp-block-aab-accordion-item .aagb__accordion_subheading {\n          margin: 5px 0 0 0;\n          \n        }\n        .aagb_accordion_77f0d30b-b7ad-4e9b-a77a-0a1f4806f961 .wp-block-aab-accordion-item .aagb__accordion_icon {\n          \n          \n        }\n        .aagb_accordion_77f0d30b-b7ad-4e9b-a77a-0a1f4806f961 .wp-block-aab-accordion-item .aagb__icon {\n          font-size: 23px;\n        }\n        .aagb_accordion_77f0d30b-b7ad-4e9b-a77a-0a1f4806f961 .aagb__accordion_title {\n          margin: 0;\n          \n        }\n        .aagb_accordion_77f0d30b-b7ad-4e9b-a77a-0a1f4806f961 .aagb__accordion_container {\n          border: 1px solid #bcb6b638;\n          margin-top: 0px;\n          margin-bottom: 15px;\n          \n        }\n          .aagb_accordion_77f0d30b-b7ad-4e9b-a77a-0a1f4806f961 .aagb__accordion_number{\n            \n        }\n        .aagb_accordion_77f0d30b-b7ad-4e9b-a77a-0a1f4806f961 .wp-block-aab-accordion-item .aagb__accordion_subheading{\n           false\n        }\n\n        .aagb_accordion_77f0d30b-b7ad-4e9b-a77a-0a1f4806f961 .aab-step-progress{\n          background-color: #dfd2d2;\n        }\n            \n        .aagb_accordion_77f0d30b-b7ad-4e9b-a77a-0a1f4806f961 .aab-step-progress-bar {\n          background-color: #1570ec;\n        }\n\n        .aagb_accordion_77f0d30b-b7ad-4e9b-a77a-0a1f4806f961 .aagb__accordion_number{\n          \n        }\n        .aagb_accordion_77f0d30b-b7ad-4e9b-a77a-0a1f4806f961 .aab-progress-bar-container{\n          background-color: #f0f0f0;\n        }\n        .aagb_accordion_77f0d30b-b7ad-4e9b-a77a-0a1f4806f961 .aab-progress-bar {\n            background-color: #0866ff;\n        }\n        \n       .aagb__group_accordion_container.has_img {\n            \n            flex-direction: row;\n        }\n      \n          .aagb_accordion_77f0d30b-b7ad-4e9b-a77a-0a1f4806f961 .aagb__accordion_container {\n            transition-duration: 0ms !important;\n            outline: 2px solid #00000000;\n          }\n          .aagb_accordion_77f0d30b-b7ad-4e9b-a77a-0a1f4806f961 .aagb__accordion_container:focus-visible {\n            outline: 2px solid #C2DBFE;\n          }\n        <\/style><div class=\"wp-block-aab-group-accordion searchable aagb_accordion_77f0d30b-b7ad-4e9b-a77a-0a1f4806f961 click false\" id=\"group-accordion-77f0d30b-b7ad-4e9b-a77a-0a1f4806f961\">\n<div class=\"wp-block-aab-accordion-item aagb__accordion_container panel\" data-autoplay=\"false\" data-duration=\"3000\" data-progress-bar-direction=\"horizontal\" data-feature-image-url=\"\" data-auto-numbering=\"false\" data-progress-bar-on=\"false\" tabindex=\"0\"><div class=\"aagb__accordion_head aab_right_icon  \" data-active=\"false\"><div class=\"aagb__accordion_heading aab_right_icon aagb_right_link\"><div class=\"head_content_wrapper\"><div class=\"title_wrapper\"><h3 class=\"aagb__accordion_title\">2025<\/h3><\/div><\/div><\/div><div class=\"aagb__accordion_icon\"><div class=\"aagb__icon_dashicons_box\"><span class=\"aagb__icon dashicons dashicons-arrow-down-alt2\"><\/span><\/div><\/div><\/div><div class=\"aagb__accordion_body   \" role=\"region\"><div class=\"aagb__accordion_component \">\n<p><strong>Albany<\/strong>&nbsp;<\/p>\n\n\n\n<ul class=\"wp-block-list\">\n<li>Cl\u00ednica de baloncesto de la YMCA del \u00e1rea de Albany&nbsp;&nbsp;<\/li>\n<\/ul>\n\n\n\n<p><strong>Contralto<\/strong>&nbsp;<\/p>\n\n\n\n<ul class=\"wp-block-list\">\n<li>Granjas Jaemor&nbsp;&nbsp;<\/li>\n<\/ul>\n\n\n\n<p><strong>Atenas<\/strong>&nbsp;<\/p>\n\n\n\n<ul class=\"wp-block-list\">\n<li>Jack-O&#8217;-Lantern Jog 5K&nbsp;&nbsp;<\/li>\n\n\n\n<li>Juego de f\u00fatbol americano de la Universidad de Georgia&nbsp;&nbsp;<\/li>\n<\/ul>\n\n\n\n<p><strong>Atlanta<\/strong>&nbsp;<\/p>\n\n\n\n<ul class=\"wp-block-list\">\n<li>Feria de bienestar comunitario de Morehouse&nbsp;&nbsp;<\/li>\n\n\n\n<li>Festival \u00c1rabe de Atlanta&nbsp;&nbsp;<\/li>\n\n\n\n<li>Fiesta de San Vicente de Pa\u00fal en Georgia&nbsp;&nbsp;<\/li>\n\n\n\n<li>Festival del Viejo Barrio Cuarto&nbsp;&nbsp;<\/li>\n\n\n\n<li>Familia Carl E. Sanders YMCA Espeluznante&nbsp;&nbsp;<\/li>\n\n\n\n<li>Plaza Fiesta D\u00eda de los Muertos&nbsp;&nbsp;<\/li>\n\n\n\n<li>Lanzamiento de la inscripci\u00f3n abierta de Georgia Access 2025&nbsp;&nbsp;<\/li>\n\n\n\n<li>D\u00eda del bienestar de los hombres negros&nbsp;&nbsp;<\/li>\n\n\n\n<li>Fundaci\u00f3n Pan: Evento Juntos somos m\u00e1s fuertes&nbsp;&nbsp;<\/li>\n\n\n\n<li>Feria de Salud de la Junta de Salud del Condado de Fulton&nbsp;&nbsp;<\/li>\n\n\n\n<li>Partido de f\u00fatbol americano NC State vs Georgia Tech&nbsp;&nbsp;<\/li>\n\n\n\n<li>Mercado navide\u00f1o de Piedmont Park&nbsp;&nbsp;<\/li>\n\n\n\n<li>YMCA de la familia Carl E. Sanders &#8211; Pa\u00eds de las maravillas invernal&nbsp;&nbsp;<\/li>\n\n\n\n<li>Partido de baloncesto masculino Duke vs Georgia Tech&nbsp;&nbsp;<\/li>\n<\/ul>\n\n\n\n<p><strong>Cizalla negra<\/strong>&nbsp;<\/p>\n\n\n\n<ul class=\"wp-block-list\">\n<li>Festival de la Pecanera&nbsp;&nbsp;<\/li>\n<\/ul>\n\n\n\n<p><strong>Buford<\/strong>&nbsp;<\/p>\n\n\n\n<ul class=\"wp-block-list\">\n<li>Feria de la Salud de Northeast Georgia Health Systems&nbsp;&nbsp;<\/li>\n\n\n\n<li>Carrera de renos 5K\/10K&nbsp;&nbsp;<\/li>\n<\/ul>\n\n\n\n<p><strong>El Cairo<\/strong>&nbsp;<\/p>\n\n\n\n<ul class=\"wp-block-list\">\n<li>Mercado de mu\u00e9rdago de El Cairo&nbsp;&nbsp;<\/li>\n<\/ul>\n\n\n\n<p><strong>Cedartown<\/strong>&nbsp;<\/p>\n\n\n\n<ul class=\"wp-block-list\">\n<li>Festival de oto\u00f1o del centro de Cedartown&nbsp;&nbsp;<\/li>\n<\/ul>\n\n\n\n<p><strong>Cleveland<\/strong>&nbsp;<\/p>\n\n\n\n<ul class=\"wp-block-list\">\n<li>Festival de oto\u00f1o de Cleveland&nbsp;&nbsp;<\/li>\n<\/ul>\n\n\n\n<p><strong>Cumming<\/strong>&nbsp;<\/p>\n\n\n\n<ul class=\"wp-block-list\">\n<li>Mercado del centro de la ciudad de Winter Cumming&nbsp;&nbsp;<\/li>\n<\/ul>\n\n\n\n<p><strong>Dalton<\/strong>&nbsp;<\/p>\n\n\n\n<ul class=\"wp-block-list\">\n<li>Festival del Sabor Latino&nbsp;&nbsp;<\/li>\n\n\n\n<li>Mercado de mu\u00e9rdago de Dalton&nbsp;&nbsp;<\/li>\n<\/ul>\n\n\n\n<p><strong>Dawsonville<\/strong>&nbsp;<\/p>\n\n\n\n<ul class=\"wp-block-list\">\n<li>Feria familiar de conexi\u00f3n familiar de Dawson&nbsp;&nbsp;<\/li>\n<\/ul>\n\n\n\n<p><strong>Decatur<\/strong>&nbsp;<\/p>\n\n\n\n<ul class=\"wp-block-list\">\n<li>Pa\u00eds de las maravillas invernal Decatur&nbsp;&nbsp;<\/li>\n\n\n\n<li>Jam de cascabel&nbsp;&nbsp;<\/li>\n<\/ul>\n\n\n\n<p><strong>Dubl\u00edn<\/strong>&nbsp;<\/p>\n\n\n\n<ul class=\"wp-block-list\">\n<li>Feria de oto\u00f1o de Dubl\u00edn&nbsp;&nbsp;<\/li>\n<\/ul>\n\n\n\n<p><strong>Elberton<\/strong>&nbsp;<\/p>\n\n\n\n<ul class=\"wp-block-list\">\n<li>Feria del Condado de Elberton 12&nbsp;&nbsp;<\/li>\n<\/ul>\n\n\n\n<p><strong>Valle de Ft. <\/strong>&nbsp;<\/p>\n\n\n\n<ul class=\"wp-block-list\">\n<li>Evento de sintonizaci\u00f3n&nbsp;&nbsp;<\/li>\n<\/ul>\n\n\n\n<p><strong>Gainesville<\/strong>&nbsp;<\/p>\n\n\n\n<ul class=\"wp-block-list\">\n<li>Festival del Pollo de Gainesville&nbsp;<\/li>\n<\/ul>\n\n\n\n<p><strong>Hahira<\/strong>&nbsp;<\/p>\n\n\n\n<ul class=\"wp-block-list\">\n<li>Feliz Festival de Navidad de Main Street&nbsp;&nbsp;<\/li>\n<\/ul>\n\n\n\n<p><strong>Homero<\/strong>&nbsp;<\/p>\n\n\n\n<ul class=\"wp-block-list\">\n<li>Festival de oto\u00f1o y feria de salud de Bank County Family Connection&nbsp;<\/li>\n<\/ul>\n\n\n\n<p><strong>Kennesaw<\/strong>&nbsp;<\/p>\n\n\n\n<ul class=\"wp-block-list\">\n<li>Trote de pavo madrugador 5K&nbsp;&nbsp;<\/li>\n<\/ul>\n\n\n\n<p><strong>Kingsland<\/strong>&nbsp;<\/p>\n\n\n\n<ul class=\"wp-block-list\">\n<li>Festival del bagre de Kingsland&nbsp;&nbsp;<\/li>\n<\/ul>\n\n\n\n<p><strong>Lawrenceville<\/strong>&nbsp;<\/p>\n\n\n\n<ul class=\"wp-block-list\">\n<li>Ciudad de Lawrenceville BOOFest&nbsp;&nbsp;<\/li>\n<\/ul>\n\n\n\n<p><strong>Mcdonough<\/strong>&nbsp;<\/p>\n\n\n\n<ul class=\"wp-block-list\">\n<li>Mercado de mu\u00e9rdago de McDonough&nbsp;&nbsp;<\/li>\n<\/ul>\n\n\n\n<p><strong>Norcross<\/strong>&nbsp;<\/p>\n\n\n\n<ul class=\"wp-block-list\">\n<li>Festival Art Splash de Norcross&nbsp;&nbsp;<\/li>\n\n\n\n<li>Un sabor de Gwinnett negro&nbsp;&nbsp;<\/li>\n<\/ul>\n\n\n\n<p><strong>Oglethorpe<\/strong>&nbsp;<\/p>\n\n\n\n<ul class=\"wp-block-list\">\n<li>La Navidad de la ciudad de Oglethorpe en el O Extravaganza&nbsp;&nbsp;<\/li>\n<\/ul>\n\n\n\n<p><strong>Perada<\/strong>&nbsp;<\/p>\n\n\n\n<ul class=\"wp-block-list\">\n<li>Feria Nacional de Georgia&nbsp;&nbsp;<\/li>\n<\/ul>\n\n\n\n<p><strong>Riceboro<\/strong>&nbsp;<\/p>\n\n\n\n<ul class=\"wp-block-list\">\n<li>Festival del arroz&nbsp;&nbsp;<\/li>\n<\/ul>\n\n\n\n<p><strong>Colina de Richmond<\/strong>&nbsp;<\/p>\n\n\n\n<ul class=\"wp-block-list\">\n<li>Iluminaci\u00f3n de \u00e1rboles y mercado de invierno&nbsp;&nbsp;<\/li>\n<\/ul>\n\n\n\n<p><strong>Anillo<\/strong>&nbsp;<\/p>\n\n\n\n<ul class=\"wp-block-list\">\n<li>D\u00eda del seguro TriMed Family Care&nbsp;&nbsp;<\/li>\n<\/ul>\n\n\n\n<p><strong>Riverdale<\/strong>&nbsp;<\/p>\n\n\n\n<ul class=\"wp-block-list\">\n<li>Cumbre de Salud y Bienestar de la Mujer&nbsp;&nbsp;<\/li>\n<\/ul>\n\n\n\n<p><strong>Sabana<\/strong>&nbsp;<\/p>\n\n\n\n<ul class=\"wp-block-list\">\n<li>Exposici\u00f3n de la carrera del puente de Savannah&nbsp;&nbsp;<\/li>\n<\/ul>\n\n\n\n<p><strong>Sharpsburg<\/strong>&nbsp;<\/p>\n\n\n\n<ul class=\"wp-block-list\">\n<li>Mercado de Sharpsburg&nbsp;<\/li>\n<\/ul>\n\n\n\n<p><strong>Sur de Fulton<\/strong>&nbsp;<\/p>\n\n\n\n<ul class=\"wp-block-list\">\n<li>Sorteo anual de Acci\u00f3n de Gracias de la ciudad de South Fulton&nbsp;&nbsp;<\/li>\n\n\n\n<li>Extravagancia de Nochebuena&nbsp;&nbsp;<\/li>\n<\/ul>\n\n\n\n<p><strong>Sylvester<\/strong>&nbsp;<\/p>\n\n\n\n<ul class=\"wp-block-list\">\n<li>Festival del Man\u00ed de Georgia&nbsp;&nbsp;<\/li>\n<\/ul>\n\n\n\n<p><strong>Thomasville<\/strong>&nbsp;<\/p>\n\n\n\n<ul class=\"wp-block-list\">\n<li>Mercado de festivales de invierno&nbsp;&nbsp;<\/li>\n<\/ul>\n\n\n\n<p><strong>Thomson<\/strong>&nbsp;<\/p>\n\n\n\n<ul class=\"wp-block-list\">\n<li>Noche de damas \u2013 C\u00e1mara de Comercio Thomson-McDuffle&nbsp;<\/li>\n<\/ul>\n\n\n\n<p><strong>Ciudad Gemela<\/strong>&nbsp;<\/p>\n\n\n\n<ul class=\"wp-block-list\">\n<li>Festival de la flor de algod\u00f3n del Centro de Bienvenida de Twin City&nbsp;&nbsp;<\/li>\n<\/ul>\n\n\n\n<p><strong>Valdosta<\/strong>&nbsp;<\/p>\n\n\n\n<ul class=\"wp-block-list\">\n<li>Aldea de reclamaciones de ayuda en casos de desastre de OCI&nbsp;&nbsp;<\/li>\n<\/ul>\n\n\n\n<p><strong>Vidalia<\/strong>&nbsp;<\/p>\n\n\n\n<ul class=\"wp-block-list\">\n<li>Aldea de reclamaciones de ayuda en casos de desastre de OCI&nbsp;&nbsp;<\/li>\n<\/ul>\n\n\n\n<p><strong>Warrenton<\/strong>&nbsp;<\/p>\n\n\n\n<ul class=\"wp-block-list\">\n<li>Festival del deportista de Warrenton&nbsp;&nbsp;<\/li>\n<\/ul>\n\n\n\n<p><strong>Waycross<\/strong>&nbsp;<\/p>\n\n\n\n<ul class=\"wp-block-list\">\n<li>Festival y desfile de Navidad del condado de Waycross-Ware&nbsp;&nbsp;<\/li>\n<\/ul>\n<\/div><\/div><\/div>\n<\/div>\n\n\n\n<div style=\"height:72px\" aria-hidden=\"true\" class=\"wp-block-spacer\"><\/div>\n","protected":false},"excerpt":{"rendered":"<p>Georgia Access organiz\u00f3 y asisti\u00f3 a numerosos eventos durante la inscripci\u00f3n abierta. Nos reunimos con georgianos donde deb\u00edan proporcionar informaci\u00f3n sobre un seguro m\u00e9dico asequible y de calidad. Visite nuestra p\u00e1gina de Eventos para ver hacia d\u00f3nde nos dirigimos a continuaci\u00f3n. &nbsp;<\/p>\n","protected":false},"author":18,"featured_media":0,"parent":3143,"menu_order":0,"comment_status":"closed","ping_status":"closed","template":"sidebar-menu-template.php","meta":{"_acf_changed":false,"inline_featured_image":false,"_uag_custom_page_level_css":"","site-sidebar-layout":"default","site-content-layout":"","ast-site-content-layout":"default","site-content-style":"default","site-sidebar-style":"default","ast-global-header-display":"","ast-banner-title-visibility":"","ast-main-header-display":"","ast-hfb-above-header-display":"","ast-hfb-below-header-display":"","ast-hfb-mobile-header-display":"","site-post-title":"","ast-breadcrumbs-content":"","ast-featured-img":"","footer-sml-layout":"","ast-disable-related-posts":"","theme-transparent-header-meta":"","adv-header-id-meta":"","stick-header-meta":"","header-above-stick-meta":"","header-main-stick-meta":"","header-below-stick-meta":"","astra-migrate-meta-layouts":"set","ast-page-background-enabled":"default","ast-page-background-meta":{"desktop":{"background-color":"var(--ast-global-color-4)","background-image":"","background-repeat":"repeat","background-position":"center center","background-size":"auto","background-attachment":"scroll","background-type":"","background-media":"","overlay-type":"","overlay-color":"","overlay-opacity":"","overlay-gradient":""},"tablet":{"background-color":"","background-image":"","background-repeat":"repeat","background-position":"center center","background-size":"auto","background-attachment":"scroll","background-type":"","background-media":"","overlay-type":"","overlay-color":"","overlay-opacity":"","overlay-gradient":""},"mobile":{"background-color":"","background-image":"","background-repeat":"repeat","background-position":"center center","background-size":"auto","background-attachment":"scroll","background-type":"","background-media":"","overlay-type":"","overlay-color":"","overlay-opacity":"","overlay-gradient":""}},"ast-content-background-meta":{"desktop":{"background-color":"var(--ast-global-color-5)","background-image":"","background-repeat":"repeat","background-position":"center center","background-size":"auto","background-attachment":"scroll","background-type":"","background-media":"","overlay-type":"","overlay-color":"","overlay-opacity":"","overlay-gradient":""},"tablet":{"background-color":"var(--ast-global-color-5)","background-image":"","background-repeat":"repeat","background-position":"center center","background-size":"auto","background-attachment":"scroll","background-type":"","background-media":"","overlay-type":"","overlay-color":"","overlay-opacity":"","overlay-gradient":""},"mobile":{"background-color":"var(--ast-global-color-5)","background-image":"","background-repeat":"repeat","background-position":"center center","background-size":"auto","background-attachment":"scroll","background-type":"","background-media":"","overlay-type":"","overlay-color":"","overlay-opacity":"","overlay-gradient":""}},"footnotes":""},"class_list":["post-4942","page","type-page","status-publish","hentry"],"acf":[],"yoast_head":"<!-- This site is optimized with the Yoast SEO plugin v26.8 - https:\/\/yoast.com\/product\/yoast-seo-wordpress\/ -->\n<title>Eventos anteriores de inscripci\u00f3n abierta | Acceso a Georgia<\/title>\n<meta name=\"description\" content=\"Vea d\u00f3nde ha estado Georgia Access durante eventos anteriores de inscripci\u00f3n abierta en todo el estado.\" \/>\n<meta name=\"robots\" content=\"index, follow, max-snippet:-1, max-image-preview:large, max-video-preview:-1\" \/>\n<link rel=\"canonical\" href=\"https:\/\/georgiaaccess.gov\/es\/proximos-eventos\/eventos-anteriores-de-inscripcion-abierta\/\" \/>\n<meta property=\"og:locale\" content=\"es_ES\" \/>\n<meta property=\"og:type\" content=\"article\" \/>\n<meta property=\"og:title\" content=\"Eventos anteriores de inscripci\u00f3n abierta | Acceso a Georgia\" \/>\n<meta property=\"og:description\" content=\"Vea d\u00f3nde ha estado Georgia Access durante eventos anteriores de inscripci\u00f3n abierta en todo el estado.\" \/>\n<meta property=\"og:url\" content=\"https:\/\/georgiaaccess.gov\/es\/proximos-eventos\/eventos-anteriores-de-inscripcion-abierta\/\" \/>\n<meta property=\"og:site_name\" content=\"Georgia Access\" \/>\n<meta property=\"article:modified_time\" content=\"2025-09-29T03:55:25+00:00\" \/>\n<meta name=\"twitter:card\" content=\"summary_large_image\" \/>\n<meta name=\"twitter:label1\" content=\"Tiempo de lectura\" \/>\n\t<meta name=\"twitter:data1\" content=\"3 minutos\" \/>\n<script type=\"application\/ld+json\" class=\"yoast-schema-graph\">{\"@context\":\"https:\/\/schema.org\",\"@graph\":[{\"@type\":\"WebPage\",\"@id\":\"https:\/\/georgiaaccess.gov\/es\/proximos-eventos\/eventos-anteriores-de-inscripcion-abierta\/\",\"url\":\"https:\/\/georgiaaccess.gov\/es\/proximos-eventos\/eventos-anteriores-de-inscripcion-abierta\/\",\"name\":\"Eventos anteriores de inscripci\u00f3n abierta | Acceso a Georgia\",\"isPartOf\":{\"@id\":\"https:\/\/georgiaaccess.gov\/es\/#website\"},\"datePublished\":\"2025-01-17T16:35:06+00:00\",\"dateModified\":\"2025-09-29T03:55:25+00:00\",\"description\":\"Vea d\u00f3nde ha estado Georgia Access durante eventos anteriores de inscripci\u00f3n abierta en todo el estado.\",\"breadcrumb\":{\"@id\":\"https:\/\/georgiaaccess.gov\/es\/proximos-eventos\/eventos-anteriores-de-inscripcion-abierta\/#breadcrumb\"},\"inLanguage\":\"es\",\"potentialAction\":[{\"@type\":\"ReadAction\",\"target\":[\"https:\/\/georgiaaccess.gov\/es\/proximos-eventos\/eventos-anteriores-de-inscripcion-abierta\/\"]}]},{\"@type\":\"BreadcrumbList\",\"@id\":\"https:\/\/georgiaaccess.gov\/es\/proximos-eventos\/eventos-anteriores-de-inscripcion-abierta\/#breadcrumb\",\"itemListElement\":[{\"@type\":\"ListItem\",\"position\":1,\"name\":\"Home\",\"item\":\"https:\/\/georgiaaccess.gov\/es\/\"},{\"@type\":\"ListItem\",\"position\":2,\"name\":\"Eventos\",\"item\":\"https:\/\/georgiaaccess.gov\/es\/proximos-eventos\/\"},{\"@type\":\"ListItem\",\"position\":3,\"name\":\"Eventos anteriores de inscripci\u00f3n abierta\"}]},{\"@type\":\"WebSite\",\"@id\":\"https:\/\/georgiaaccess.gov\/es\/#website\",\"url\":\"https:\/\/georgiaaccess.gov\/es\/\",\"name\":\"Georgia Access\",\"description\":\"\",\"publisher\":{\"@id\":\"https:\/\/georgiaaccess.gov\/es\/#organization\"},\"potentialAction\":[{\"@type\":\"SearchAction\",\"target\":{\"@type\":\"EntryPoint\",\"urlTemplate\":\"https:\/\/georgiaaccess.gov\/es\/?s={search_term_string}\"},\"query-input\":{\"@type\":\"PropertyValueSpecification\",\"valueRequired\":true,\"valueName\":\"search_term_string\"}}],\"inLanguage\":\"es\"},{\"@type\":\"Organization\",\"@id\":\"https:\/\/georgiaaccess.gov\/es\/#organization\",\"name\":\"Georgia Access\",\"url\":\"https:\/\/georgiaaccess.gov\/es\/\",\"logo\":{\"@type\":\"ImageObject\",\"inLanguage\":\"es\",\"@id\":\"https:\/\/georgiaaccess.gov\/es\/#\/schema\/logo\/image\/\",\"url\":\"https:\/\/georgiaaccess.gov\/wp-content\/uploads\/2022\/10\/georgia-access-logo-stacked.svg\",\"contentUrl\":\"https:\/\/georgiaaccess.gov\/wp-content\/uploads\/2022\/10\/georgia-access-logo-stacked.svg\",\"width\":180,\"height\":56,\"caption\":\"Georgia Access\"},\"image\":{\"@id\":\"https:\/\/georgiaaccess.gov\/es\/#\/schema\/logo\/image\/\"}}]}<\/script>\n<!-- \/ Yoast SEO plugin. -->","yoast_head_json":{"title":"Eventos anteriores de inscripci\u00f3n abierta | Acceso a Georgia","description":"Vea d\u00f3nde ha estado Georgia Access durante eventos anteriores de inscripci\u00f3n abierta en todo el estado.","robots":{"index":"index","follow":"follow","max-snippet":"max-snippet:-1","max-image-preview":"max-image-preview:large","max-video-preview":"max-video-preview:-1"},"canonical":"https:\/\/georgiaaccess.gov\/es\/proximos-eventos\/eventos-anteriores-de-inscripcion-abierta\/","og_locale":"es_ES","og_type":"article","og_title":"Eventos anteriores de inscripci\u00f3n abierta | Acceso a Georgia","og_description":"Vea d\u00f3nde ha estado Georgia Access durante eventos anteriores de inscripci\u00f3n abierta en todo el estado.","og_url":"https:\/\/georgiaaccess.gov\/es\/proximos-eventos\/eventos-anteriores-de-inscripcion-abierta\/","og_site_name":"Georgia Access","article_modified_time":"2025-09-29T03:55:25+00:00","twitter_card":"summary_large_image","twitter_misc":{"Tiempo de lectura":"3 minutos"},"schema":{"@context":"https:\/\/schema.org","@graph":[{"@type":"WebPage","@id":"https:\/\/georgiaaccess.gov\/es\/proximos-eventos\/eventos-anteriores-de-inscripcion-abierta\/","url":"https:\/\/georgiaaccess.gov\/es\/proximos-eventos\/eventos-anteriores-de-inscripcion-abierta\/","name":"Eventos anteriores de inscripci\u00f3n abierta | Acceso a Georgia","isPartOf":{"@id":"https:\/\/georgiaaccess.gov\/es\/#website"},"datePublished":"2025-01-17T16:35:06+00:00","dateModified":"2025-09-29T03:55:25+00:00","description":"Vea d\u00f3nde ha estado Georgia Access durante eventos anteriores de inscripci\u00f3n abierta en todo el estado.","breadcrumb":{"@id":"https:\/\/georgiaaccess.gov\/es\/proximos-eventos\/eventos-anteriores-de-inscripcion-abierta\/#breadcrumb"},"inLanguage":"es","potentialAction":[{"@type":"ReadAction","target":["https:\/\/georgiaaccess.gov\/es\/proximos-eventos\/eventos-anteriores-de-inscripcion-abierta\/"]}]},{"@type":"BreadcrumbList","@id":"https:\/\/georgiaaccess.gov\/es\/proximos-eventos\/eventos-anteriores-de-inscripcion-abierta\/#breadcrumb","itemListElement":[{"@type":"ListItem","position":1,"name":"Home","item":"https:\/\/georgiaaccess.gov\/es\/"},{"@type":"ListItem","position":2,"name":"Eventos","item":"https:\/\/georgiaaccess.gov\/es\/proximos-eventos\/"},{"@type":"ListItem","position":3,"name":"Eventos anteriores de inscripci\u00f3n abierta"}]},{"@type":"WebSite","@id":"https:\/\/georgiaaccess.gov\/es\/#website","url":"https:\/\/georgiaaccess.gov\/es\/","name":"Georgia Access","description":"","publisher":{"@id":"https:\/\/georgiaaccess.gov\/es\/#organization"},"potentialAction":[{"@type":"SearchAction","target":{"@type":"EntryPoint","urlTemplate":"https:\/\/georgiaaccess.gov\/es\/?s={search_term_string}"},"query-input":{"@type":"PropertyValueSpecification","valueRequired":true,"valueName":"search_term_string"}}],"inLanguage":"es"},{"@type":"Organization","@id":"https:\/\/georgiaaccess.gov\/es\/#organization","name":"Georgia Access","url":"https:\/\/georgiaaccess.gov\/es\/","logo":{"@type":"ImageObject","inLanguage":"es","@id":"https:\/\/georgiaaccess.gov\/es\/#\/schema\/logo\/image\/","url":"https:\/\/georgiaaccess.gov\/wp-content\/uploads\/2022\/10\/georgia-access-logo-stacked.svg","contentUrl":"https:\/\/georgiaaccess.gov\/wp-content\/uploads\/2022\/10\/georgia-access-logo-stacked.svg","width":180,"height":56,"caption":"Georgia Access"},"image":{"@id":"https:\/\/georgiaaccess.gov\/es\/#\/schema\/logo\/image\/"}}]}},"uagb_featured_image_src":{"full":false,"thumbnail":false,"medium":false,"medium_large":false,"large":false,"1536x1536":false,"2048x2048":false},"uagb_author_info":{"display_name":"Puloma De","author_link":"https:\/\/georgiaaccess.gov\/es\/author\/pde\/"},"uagb_comment_info":0,"uagb_excerpt":"Georgia Access organiz\u00f3 y asisti\u00f3 a numerosos eventos durante la inscripci\u00f3n abierta. Nos reunimos con georgianos donde deb\u00edan proporcionar informaci\u00f3n sobre un seguro m\u00e9dico asequible y de calidad. Visite nuestra p\u00e1gina de Eventos para ver hacia d\u00f3nde nos dirigimos a continuaci\u00f3n. &nbsp;","_links":{"self":[{"href":"https:\/\/georgiaaccess.gov\/es\/wp-json\/wp\/v2\/pages\/4942","targetHints":{"allow":["GET"]}}],"collection":[{"href":"https:\/\/georgiaaccess.gov\/es\/wp-json\/wp\/v2\/pages"}],"about":[{"href":"https:\/\/georgiaaccess.gov\/es\/wp-json\/wp\/v2\/types\/page"}],"author":[{"embeddable":true,"href":"https:\/\/georgiaaccess.gov\/es\/wp-json\/wp\/v2\/users\/18"}],"replies":[{"embeddable":true,"href":"https:\/\/georgiaaccess.gov\/es\/wp-json\/wp\/v2\/comments?post=4942"}],"version-history":[{"count":4,"href":"https:\/\/georgiaaccess.gov\/es\/wp-json\/wp\/v2\/pages\/4942\/revisions"}],"predecessor-version":[{"id":8472,"href":"https:\/\/georgiaaccess.gov\/es\/wp-json\/wp\/v2\/pages\/4942\/revisions\/8472"}],"up":[{"embeddable":true,"href":"https:\/\/georgiaaccess.gov\/es\/wp-json\/wp\/v2\/pages\/3143"}],"wp:attachment":[{"href":"https:\/\/georgiaaccess.gov\/es\/wp-json\/wp\/v2\/media?parent=4942"}],"curies":[{"name":"wp","href":"https:\/\/api.w.org\/{rel}","templated":true}]}}