{"id":4520,"date":"2024-11-18T12:47:18","date_gmt":"2024-11-18T16:47:18","guid":{"rendered":"https:\/\/georgiaaccess.gov\/?page_id=4520"},"modified":"2025-10-17T14:05:30","modified_gmt":"2025-10-17T18:05:30","slug":"ede-con-un-portal-de-agentes","status":"publish","type":"page","link":"https:\/\/georgiaaccess.gov\/es\/agentes\/ede-con-un-portal-de-agentes\/","title":{"rendered":"EDE con un portal de agentes"},"content":{"rendered":"\n<p>Los socios de Enhanced Direct Enrollment (EDE) proporcionan portales de agentes seguros que se vinculan directamente a Georgia Access, lo que agiliza las verificaciones de elegibilidad y las inscripciones. Utilice los enlaces a continuaci\u00f3n para iniciar sesi\u00f3n o registrarse en el portal EDE elegido y comenzar. <\/p>\n\n\n\n<div style=\"height:48px\" aria-hidden=\"true\" class=\"wp-block-spacer\"><\/div>\n\n\n\n<div class=\"wp-block-columns is-not-stacked-on-mobile company-card has-white-background-color has-background is-layout-flex wp-container-core-columns-is-layout-93d432e3 wp-block-columns-is-layout-flex\" style=\"border-radius:15px;margin-top:0rem;margin-bottom:2.5rem;padding-top:2.5rem;padding-right:2rem;padding-bottom:2.5rem;padding-left:2rem\">\n<div class=\"wp-block-column is-vertically-aligned-center is-layout-flow wp-block-column-is-layout-flow\" style=\"flex-basis:25%\">\n<figure class=\"wp-block-image aligncenter size-full info-card-icon\"><img loading=\"lazy\" decoding=\"async\" width=\"400\" height=\"116\" src=\"https:\/\/georgiaaccess.gov\/wp-content\/uploads\/2025\/08\/Allstate-health-solutions-logo.png\" alt=\"Logotipo de Allstate Health Solutions\" class=\"wp-image-6300\" style=\"object-fit:cover\" srcset=\"https:\/\/georgiaaccess.gov\/wp-content\/uploads\/2025\/08\/Allstate-health-solutions-logo.png 400w, https:\/\/georgiaaccess.gov\/wp-content\/uploads\/2025\/08\/Allstate-health-solutions-logo-300x87.png 300w\" sizes=\"auto, (max-width: 400px) 100vw, 400px\" \/><\/figure>\n<\/div>\n\n\n\n<div class=\"wp-block-column is-layout-flow wp-block-column-is-layout-flow\" style=\"flex-basis:75%\">\n<h2 class=\"wp-block-heading\">Soluciones de Allstate Health<\/h2>\n\n\n\n<p>Compre ACA y productos complementarios en un solo sitio e inscr\u00edbase a trav\u00e9s de la plataforma Allstate.<\/p>\n\n\n\n<a href=\"https:\/\/ngahagents.ngic.com\/\" target=\"_blank\">Visita Allstate  <i class=\"fa-solid fa-arrow-up-right-from-square\"><\/i><\/a>\n<\/div>\n<\/div>\n\n\n\n<div class=\"wp-block-columns is-not-stacked-on-mobile company-card has-white-background-color has-background is-layout-flex wp-container-core-columns-is-layout-93d432e3 wp-block-columns-is-layout-flex\" style=\"border-radius:15px;margin-top:0rem;margin-bottom:2.5rem;padding-top:2.5rem;padding-right:2rem;padding-bottom:2.5rem;padding-left:2rem\">\n<div class=\"wp-block-column is-vertically-aligned-center is-layout-flow wp-block-column-is-layout-flow\" style=\"flex-basis:25%\">\n<figure class=\"wp-block-image aligncenter size-full info-card-icon\"><img loading=\"lazy\" decoding=\"async\" width=\"400\" height=\"147\" src=\"https:\/\/georgiaaccess.gov\/wp-content\/uploads\/2025\/08\/HealthMarkets-logo.png\" alt=\"HealthMarkets logo\" class=\"wp-image-6303\" style=\"object-fit:cover\" srcset=\"https:\/\/georgiaaccess.gov\/wp-content\/uploads\/2025\/08\/HealthMarkets-logo.png 400w, https:\/\/georgiaaccess.gov\/wp-content\/uploads\/2025\/08\/HealthMarkets-logo-300x110.png 300w\" sizes=\"auto, (max-width: 400px) 100vw, 400px\" \/><\/figure>\n<\/div>\n\n\n\n<div class=\"wp-block-column is-layout-flow wp-block-column-is-layout-flow\" style=\"flex-basis:75%\">\n<h2 class=\"wp-block-heading\">HealthMarkets<\/h2>\n\n\n\n<p>Haga que la compra de seguros sea f\u00e1cil.<\/p>\n\n\n\n<a href=\"https:\/\/quoteconnect.healthmarkets.com\/\" target=\"_blank\">Visita HealthMarkets  <i class=\"fa-solid fa-arrow-up-right-from-square\"><\/i><\/a>\n<\/div>\n<\/div>\n\n\n\n<div class=\"wp-block-columns is-not-stacked-on-mobile company-card has-white-background-color has-background is-layout-flex wp-container-core-columns-is-layout-93d432e3 wp-block-columns-is-layout-flex\" style=\"border-radius:15px;margin-top:0rem;margin-bottom:2.5rem;padding-top:2.5rem;padding-right:2rem;padding-bottom:2.5rem;padding-left:2rem\">\n<div class=\"wp-block-column is-vertically-aligned-center is-layout-flow wp-block-column-is-layout-flow\" style=\"flex-basis:25%\">\n<figure class=\"wp-block-image aligncenter size-full info-card-icon\"><img loading=\"lazy\" decoding=\"async\" width=\"400\" height=\"63\" src=\"https:\/\/georgiaaccess.gov\/wp-content\/uploads\/2025\/08\/HealthSherpa-logo.png\" alt=\"Logotipo de HealthSherpa\" class=\"wp-image-6304\" style=\"object-fit:cover\" srcset=\"https:\/\/georgiaaccess.gov\/wp-content\/uploads\/2025\/08\/HealthSherpa-logo.png 400w, https:\/\/georgiaaccess.gov\/wp-content\/uploads\/2025\/08\/HealthSherpa-logo-300x47.png 300w\" sizes=\"auto, (max-width: 400px) 100vw, 400px\" \/><\/figure>\n<\/div>\n\n\n\n<div class=\"wp-block-column is-layout-flow wp-block-column-is-layout-flow\" style=\"flex-basis:75%\">\n<h2 class=\"wp-block-heading\">HealthSherpa<\/h2>\n\n\n\n<p>HealthSherpa es el principal intercambio de cobertura de salud de ACA, que brinda a los agentes herramientas y apoyo.<\/p>\n\n\n\n<a href=\"https:\/\/www.healthsherpa.com\/agents\/feature\" target=\"_blank\">Visita HealthSherpa  <i class=\"fa-solid fa-arrow-up-right-from-square\"><\/i><\/a>\n<\/div>\n<\/div>\n\n\n\n<div class=\"wp-block-columns is-not-stacked-on-mobile company-card has-white-background-color has-background is-layout-flex wp-container-core-columns-is-layout-93d432e3 wp-block-columns-is-layout-flex\" style=\"border-radius:15px;margin-top:0rem;margin-bottom:2.5rem;padding-top:2.5rem;padding-right:2rem;padding-bottom:2.5rem;padding-left:2rem\">\n<div class=\"wp-block-column is-vertically-aligned-center is-layout-flow wp-block-column-is-layout-flow\" style=\"flex-basis:25%\">\n<figure class=\"wp-block-image aligncenter size-full info-card-icon\"><img loading=\"lazy\" decoding=\"async\" width=\"400\" height=\"92\" src=\"https:\/\/georgiaaccess.gov\/wp-content\/uploads\/2025\/08\/INSXCloud-logo.png\" alt=\"Logotipo de INSXCloud\" class=\"wp-image-6306\" style=\"object-fit:cover\" srcset=\"https:\/\/georgiaaccess.gov\/wp-content\/uploads\/2025\/08\/INSXCloud-logo.png 400w, https:\/\/georgiaaccess.gov\/wp-content\/uploads\/2025\/08\/INSXCloud-logo-300x69.png 300w\" sizes=\"auto, (max-width: 400px) 100vw, 400px\" \/><\/figure>\n<\/div>\n\n\n\n<div class=\"wp-block-column is-layout-flow wp-block-column-is-layout-flow\" style=\"flex-basis:75%\">\n<h2 class=\"wp-block-heading\">INSXCloud<\/h2>\n\n\n\n<p>Agilice las inscripciones con nuestro portal: \u00a1actualizaciones en tiempo real, herramientas exclusivas y soporte dedicado!<\/p>\n\n\n\n<a href=\"https:\/\/ede.insxcloud.com\/agent-login\" target=\"_blank\">Visita INSXCloud  <i class=\"fa-solid fa-arrow-up-right-from-square\"><\/i><\/a>\n<\/div>\n<\/div>\n\n\n\n<div class=\"wp-block-columns is-not-stacked-on-mobile company-card has-white-background-color has-background is-layout-flex wp-container-core-columns-is-layout-93d432e3 wp-block-columns-is-layout-flex\" style=\"border-radius:15px;margin-top:0rem;margin-bottom:2.5rem;padding-top:2.5rem;padding-right:2rem;padding-bottom:2.5rem;padding-left:2rem\">\n<div class=\"wp-block-column is-vertically-aligned-center is-layout-flow wp-block-column-is-layout-flow\" style=\"flex-basis:25%\">\n<figure class=\"wp-block-image aligncenter size-full info-card-icon\"><img loading=\"lazy\" decoding=\"async\" width=\"400\" height=\"86\" src=\"https:\/\/georgiaaccess.gov\/wp-content\/uploads\/2025\/08\/JetHealth-logo.png\" alt=\"Logotipo de JetHealth\" class=\"wp-image-6295\" style=\"object-fit:cover\" srcset=\"https:\/\/georgiaaccess.gov\/wp-content\/uploads\/2025\/08\/JetHealth-logo.png 400w, https:\/\/georgiaaccess.gov\/wp-content\/uploads\/2025\/08\/JetHealth-logo-300x65.png 300w\" sizes=\"auto, (max-width: 400px) 100vw, 400px\" \/><\/figure>\n<\/div>\n\n\n\n<div class=\"wp-block-column is-layout-flow wp-block-column-is-layout-flow\" style=\"flex-basis:75%\">\n<h2 class=\"wp-block-heading\">JetHealth<\/h2>\n\n\n\n<p>Haga que sea m\u00e1s f\u00e1cil y rentable para los corredores vender varias l\u00edneas de sus productos desde un \u00fanico portal en l\u00ednea.<\/p>\n\n\n\n<a href=\"https:\/\/www.jethealthsolutions.com\/\" target=\"_blank\">Visita JetHealth  <i class=\"fa-solid fa-arrow-up-right-from-square\"><\/i><\/a>\n<\/div>\n<\/div>\n\n\n\n<div class=\"wp-block-columns is-not-stacked-on-mobile company-card has-white-background-color has-background is-layout-flex wp-container-core-columns-is-layout-93d432e3 wp-block-columns-is-layout-flex\" style=\"border-radius:15px;margin-top:0rem;margin-bottom:2.5rem;padding-top:2.5rem;padding-right:2rem;padding-bottom:2.5rem;padding-left:2rem\">\n<div class=\"wp-block-column is-vertically-aligned-center is-layout-flow wp-block-column-is-layout-flow\" style=\"flex-basis:25%\">\n<figure class=\"wp-block-image aligncenter size-full info-card-icon\"><img loading=\"lazy\" decoding=\"async\" width=\"400\" height=\"130\" src=\"https:\/\/georgiaaccess.gov\/wp-content\/uploads\/2025\/08\/MesserFinancialGroup-blue-logo.png\" alt=\"Logotipo de Messer Financial Group\" class=\"wp-image-6308\" style=\"object-fit:cover\" srcset=\"https:\/\/georgiaaccess.gov\/wp-content\/uploads\/2025\/08\/MesserFinancialGroup-blue-logo.png 400w, https:\/\/georgiaaccess.gov\/wp-content\/uploads\/2025\/08\/MesserFinancialGroup-blue-logo-300x98.png 300w\" sizes=\"auto, (max-width: 400px) 100vw, 400px\" \/><\/figure>\n<\/div>\n\n\n\n<div class=\"wp-block-column is-layout-flow wp-block-column-is-layout-flow\" style=\"flex-basis:75%\">\n<h2 class=\"wp-block-heading\">Messer Financial<\/h2>\n\n\n\n<p>Messer Financial Group y nuestra plataforma MyMFG EDE est\u00e1n \u00abayudando a los agentes talentosos a cerrar m\u00e1s ventas.<\/p>\n\n\n\n<a href=\"https:\/\/www.mymfg.app\" target=\"_blank\">Visita Messer  <i class=\"fa-solid fa-arrow-up-right-from-square\"><\/i><\/a>\n<\/div>\n<\/div>\n\n\n\n<div class=\"wp-block-columns is-not-stacked-on-mobile company-card has-white-background-color has-background is-layout-flex wp-container-core-columns-is-layout-93d432e3 wp-block-columns-is-layout-flex\" style=\"border-radius:15px;margin-top:0rem;margin-bottom:2.5rem;padding-top:2.5rem;padding-right:2rem;padding-bottom:2.5rem;padding-left:2rem\">\n<div class=\"wp-block-column is-vertically-aligned-center is-layout-flow wp-block-column-is-layout-flow\" style=\"flex-basis:25%\">\n<figure class=\"wp-block-image aligncenter size-full info-card-icon\"><img loading=\"lazy\" decoding=\"async\" width=\"400\" height=\"129\" src=\"https:\/\/georgiaaccess.gov\/wp-content\/uploads\/2025\/08\/Stride-logo.png\" alt=\"Stride logo\" class=\"wp-image-6319\" style=\"object-fit:cover\" srcset=\"https:\/\/georgiaaccess.gov\/wp-content\/uploads\/2025\/08\/Stride-logo.png 400w, https:\/\/georgiaaccess.gov\/wp-content\/uploads\/2025\/08\/Stride-logo-300x97.png 300w\" sizes=\"auto, (max-width: 400px) 100vw, 400px\" \/><\/figure>\n<\/div>\n\n\n\n<div class=\"wp-block-column is-layout-flow wp-block-column-is-layout-flow\" style=\"flex-basis:75%\">\n<h2 class=\"wp-block-heading\">Stride<\/h2>\n\n\n\n<p>Stride hace que obtener el seguro de salud adecuado sea m\u00e1s f\u00e1cil al brindar recomendaciones de planes personalizados que se adapten mejor a sus necesidades.<\/p>\n\n\n\n<a href=\"https:\/\/benefits.stridehealth.com\/georgia-access\/\" target=\"_blank\">Visita Stride  <i class=\"fa-solid fa-arrow-up-right-from-square\"><\/i><\/a>\n<\/div>\n<\/div>\n\n\n\n<div style=\"height:48px\" aria-hidden=\"true\" class=\"wp-block-spacer\"><\/div>\n","protected":false},"excerpt":{"rendered":"<p>Los socios de Enhanced Direct Enrollment (EDE) proporcionan portales de agentes seguros que se vinculan directamente a Georgia Access, lo que agiliza las verificaciones de elegibilidad y las inscripciones. Utilice los enlaces a continuaci\u00f3n para iniciar sesi\u00f3n o registrarse en el portal EDE elegido y comenzar. Soluciones de Allstate Health Compre ACA y productos complementarios [&hellip;]<\/p>\n","protected":false},"author":18,"featured_media":0,"parent":3171,"menu_order":0,"comment_status":"closed","ping_status":"closed","template":"sidebar-menu-template.php","meta":{"_acf_changed":false,"inline_featured_image":false,"_uag_custom_page_level_css":"","site-sidebar-layout":"default","site-content-layout":"","ast-site-content-layout":"default","site-content-style":"default","site-sidebar-style":"default","ast-global-header-display":"","ast-banner-title-visibility":"","ast-main-header-display":"","ast-hfb-above-header-display":"","ast-hfb-below-header-display":"","ast-hfb-mobile-header-display":"","site-post-title":"","ast-breadcrumbs-content":"","ast-featured-img":"","footer-sml-layout":"","ast-disable-related-posts":"","theme-transparent-header-meta":"","adv-header-id-meta":"","stick-header-meta":"","header-above-stick-meta":"","header-main-stick-meta":"","header-below-stick-meta":"","astra-migrate-meta-layouts":"set","ast-page-background-enabled":"default","ast-page-background-meta":{"desktop":{"background-color":"var(--ast-global-color-4)","background-image":"","background-repeat":"repeat","background-position":"center center","background-size":"auto","background-attachment":"scroll","background-type":"","background-media":"","overlay-type":"","overlay-color":"","overlay-opacity":"","overlay-gradient":""},"tablet":{"background-color":"","background-image":"","background-repeat":"repeat","background-position":"center center","background-size":"auto","background-attachment":"scroll","background-type":"","background-media":"","overlay-type":"","overlay-color":"","overlay-opacity":"","overlay-gradient":""},"mobile":{"background-color":"","background-image":"","background-repeat":"repeat","background-position":"center center","background-size":"auto","background-attachment":"scroll","background-type":"","background-media":"","overlay-type":"","overlay-color":"","overlay-opacity":"","overlay-gradient":""}},"ast-content-background-meta":{"desktop":{"background-color":"var(--ast-global-color-5)","background-image":"","background-repeat":"repeat","background-position":"center center","background-size":"auto","background-attachment":"scroll","background-type":"","background-media":"","overlay-type":"","overlay-color":"","overlay-opacity":"","overlay-gradient":""},"tablet":{"background-color":"var(--ast-global-color-5)","background-image":"","background-repeat":"repeat","background-position":"center center","background-size":"auto","background-attachment":"scroll","background-type":"","background-media":"","overlay-type":"","overlay-color":"","overlay-opacity":"","overlay-gradient":""},"mobile":{"background-color":"var(--ast-global-color-5)","background-image":"","background-repeat":"repeat","background-position":"center center","background-size":"auto","background-attachment":"scroll","background-type":"","background-media":"","overlay-type":"","overlay-color":"","overlay-opacity":"","overlay-gradient":""}},"footnotes":""},"class_list":["post-4520","page","type-page","status-publish","hentry"],"acf":[],"yoast_head":"<!-- This site is optimized with the Yoast SEO plugin v26.8 - https:\/\/yoast.com\/product\/yoast-seo-wordpress\/ -->\n<title>EDE con un portal de agentes | Georgia Access<\/title>\n<meta name=\"robots\" content=\"index, follow, max-snippet:-1, max-image-preview:large, max-video-preview:-1\" \/>\n<link rel=\"canonical\" href=\"https:\/\/georgiaaccess.gov\/es\/agentes\/ede-con-un-portal-de-agentes\/\" \/>\n<meta property=\"og:locale\" content=\"es_ES\" \/>\n<meta property=\"og:type\" content=\"article\" \/>\n<meta property=\"og:title\" content=\"EDE con un portal de agentes | Georgia Access\" \/>\n<meta property=\"og:description\" content=\"Los socios de Enhanced Direct Enrollment (EDE) proporcionan portales de agentes seguros que se vinculan directamente a Georgia Access, lo que agiliza las verificaciones de elegibilidad y las inscripciones. Utilice los enlaces a continuaci\u00f3n para iniciar sesi\u00f3n o registrarse en el portal EDE elegido y comenzar. Soluciones de Allstate Health Compre ACA y productos complementarios [&hellip;]\" \/>\n<meta property=\"og:url\" content=\"https:\/\/georgiaaccess.gov\/es\/agentes\/ede-con-un-portal-de-agentes\/\" \/>\n<meta property=\"og:site_name\" content=\"Georgia Access\" \/>\n<meta property=\"article:modified_time\" content=\"2025-10-17T18:05:30+00:00\" \/>\n<meta property=\"og:image\" content=\"https:\/\/georgiaaccess.gov\/wp-content\/uploads\/2025\/08\/Allstate-health-solutions-logo.png\" \/>\n<meta name=\"twitter:card\" content=\"summary_large_image\" \/>\n<meta name=\"twitter:label1\" content=\"Tiempo de lectura\" \/>\n\t<meta name=\"twitter:data1\" content=\"3 minutos\" \/>\n<script type=\"application\/ld+json\" class=\"yoast-schema-graph\">{\"@context\":\"https:\/\/schema.org\",\"@graph\":[{\"@type\":\"WebPage\",\"@id\":\"https:\/\/georgiaaccess.gov\/es\/agentes\/ede-con-un-portal-de-agentes\/\",\"url\":\"https:\/\/georgiaaccess.gov\/es\/agentes\/ede-con-un-portal-de-agentes\/\",\"name\":\"EDE con un portal de agentes | Georgia Access\",\"isPartOf\":{\"@id\":\"https:\/\/georgiaaccess.gov\/es\/#website\"},\"primaryImageOfPage\":{\"@id\":\"https:\/\/georgiaaccess.gov\/es\/agentes\/ede-con-un-portal-de-agentes\/#primaryimage\"},\"image\":{\"@id\":\"https:\/\/georgiaaccess.gov\/es\/agentes\/ede-con-un-portal-de-agentes\/#primaryimage\"},\"thumbnailUrl\":\"https:\/\/georgiaaccess.gov\/wp-content\/uploads\/2025\/08\/Allstate-health-solutions-logo.png\",\"datePublished\":\"2024-11-18T16:47:18+00:00\",\"dateModified\":\"2025-10-17T18:05:30+00:00\",\"breadcrumb\":{\"@id\":\"https:\/\/georgiaaccess.gov\/es\/agentes\/ede-con-un-portal-de-agentes\/#breadcrumb\"},\"inLanguage\":\"es\",\"potentialAction\":[{\"@type\":\"ReadAction\",\"target\":[\"https:\/\/georgiaaccess.gov\/es\/agentes\/ede-con-un-portal-de-agentes\/\"]}]},{\"@type\":\"ImageObject\",\"inLanguage\":\"es\",\"@id\":\"https:\/\/georgiaaccess.gov\/es\/agentes\/ede-con-un-portal-de-agentes\/#primaryimage\",\"url\":\"https:\/\/georgiaaccess.gov\/wp-content\/uploads\/2025\/08\/Allstate-health-solutions-logo.png\",\"contentUrl\":\"https:\/\/georgiaaccess.gov\/wp-content\/uploads\/2025\/08\/Allstate-health-solutions-logo.png\"},{\"@type\":\"BreadcrumbList\",\"@id\":\"https:\/\/georgiaaccess.gov\/es\/agentes\/ede-con-un-portal-de-agentes\/#breadcrumb\",\"itemListElement\":[{\"@type\":\"ListItem\",\"position\":1,\"name\":\"Home\",\"item\":\"https:\/\/georgiaaccess.gov\/es\/\"},{\"@type\":\"ListItem\",\"position\":2,\"name\":\"Agentes\",\"item\":\"https:\/\/georgiaaccess.gov\/es\/agentes\/\"},{\"@type\":\"ListItem\",\"position\":3,\"name\":\"EDE con un portal de agentes\"}]},{\"@type\":\"WebSite\",\"@id\":\"https:\/\/georgiaaccess.gov\/es\/#website\",\"url\":\"https:\/\/georgiaaccess.gov\/es\/\",\"name\":\"Georgia Access\",\"description\":\"\",\"publisher\":{\"@id\":\"https:\/\/georgiaaccess.gov\/es\/#organization\"},\"potentialAction\":[{\"@type\":\"SearchAction\",\"target\":{\"@type\":\"EntryPoint\",\"urlTemplate\":\"https:\/\/georgiaaccess.gov\/es\/?s={search_term_string}\"},\"query-input\":{\"@type\":\"PropertyValueSpecification\",\"valueRequired\":true,\"valueName\":\"search_term_string\"}}],\"inLanguage\":\"es\"},{\"@type\":\"Organization\",\"@id\":\"https:\/\/georgiaaccess.gov\/es\/#organization\",\"name\":\"Georgia Access\",\"url\":\"https:\/\/georgiaaccess.gov\/es\/\",\"logo\":{\"@type\":\"ImageObject\",\"inLanguage\":\"es\",\"@id\":\"https:\/\/georgiaaccess.gov\/es\/#\/schema\/logo\/image\/\",\"url\":\"https:\/\/georgiaaccess.gov\/wp-content\/uploads\/2022\/10\/georgia-access-logo-stacked.svg\",\"contentUrl\":\"https:\/\/georgiaaccess.gov\/wp-content\/uploads\/2022\/10\/georgia-access-logo-stacked.svg\",\"width\":180,\"height\":56,\"caption\":\"Georgia Access\"},\"image\":{\"@id\":\"https:\/\/georgiaaccess.gov\/es\/#\/schema\/logo\/image\/\"}}]}<\/script>\n<!-- \/ Yoast SEO plugin. -->","yoast_head_json":{"title":"EDE con un portal de agentes | Georgia Access","robots":{"index":"index","follow":"follow","max-snippet":"max-snippet:-1","max-image-preview":"max-image-preview:large","max-video-preview":"max-video-preview:-1"},"canonical":"https:\/\/georgiaaccess.gov\/es\/agentes\/ede-con-un-portal-de-agentes\/","og_locale":"es_ES","og_type":"article","og_title":"EDE con un portal de agentes | Georgia Access","og_description":"Los socios de Enhanced Direct Enrollment (EDE) proporcionan portales de agentes seguros que se vinculan directamente a Georgia Access, lo que agiliza las verificaciones de elegibilidad y las inscripciones. Utilice los enlaces a continuaci\u00f3n para iniciar sesi\u00f3n o registrarse en el portal EDE elegido y comenzar. Soluciones de Allstate Health Compre ACA y productos complementarios [&hellip;]","og_url":"https:\/\/georgiaaccess.gov\/es\/agentes\/ede-con-un-portal-de-agentes\/","og_site_name":"Georgia Access","article_modified_time":"2025-10-17T18:05:30+00:00","og_image":[{"url":"https:\/\/georgiaaccess.gov\/wp-content\/uploads\/2025\/08\/Allstate-health-solutions-logo.png","type":"","width":"","height":""}],"twitter_card":"summary_large_image","twitter_misc":{"Tiempo de lectura":"3 minutos"},"schema":{"@context":"https:\/\/schema.org","@graph":[{"@type":"WebPage","@id":"https:\/\/georgiaaccess.gov\/es\/agentes\/ede-con-un-portal-de-agentes\/","url":"https:\/\/georgiaaccess.gov\/es\/agentes\/ede-con-un-portal-de-agentes\/","name":"EDE con un portal de agentes | Georgia Access","isPartOf":{"@id":"https:\/\/georgiaaccess.gov\/es\/#website"},"primaryImageOfPage":{"@id":"https:\/\/georgiaaccess.gov\/es\/agentes\/ede-con-un-portal-de-agentes\/#primaryimage"},"image":{"@id":"https:\/\/georgiaaccess.gov\/es\/agentes\/ede-con-un-portal-de-agentes\/#primaryimage"},"thumbnailUrl":"https:\/\/georgiaaccess.gov\/wp-content\/uploads\/2025\/08\/Allstate-health-solutions-logo.png","datePublished":"2024-11-18T16:47:18+00:00","dateModified":"2025-10-17T18:05:30+00:00","breadcrumb":{"@id":"https:\/\/georgiaaccess.gov\/es\/agentes\/ede-con-un-portal-de-agentes\/#breadcrumb"},"inLanguage":"es","potentialAction":[{"@type":"ReadAction","target":["https:\/\/georgiaaccess.gov\/es\/agentes\/ede-con-un-portal-de-agentes\/"]}]},{"@type":"ImageObject","inLanguage":"es","@id":"https:\/\/georgiaaccess.gov\/es\/agentes\/ede-con-un-portal-de-agentes\/#primaryimage","url":"https:\/\/georgiaaccess.gov\/wp-content\/uploads\/2025\/08\/Allstate-health-solutions-logo.png","contentUrl":"https:\/\/georgiaaccess.gov\/wp-content\/uploads\/2025\/08\/Allstate-health-solutions-logo.png"},{"@type":"BreadcrumbList","@id":"https:\/\/georgiaaccess.gov\/es\/agentes\/ede-con-un-portal-de-agentes\/#breadcrumb","itemListElement":[{"@type":"ListItem","position":1,"name":"Home","item":"https:\/\/georgiaaccess.gov\/es\/"},{"@type":"ListItem","position":2,"name":"Agentes","item":"https:\/\/georgiaaccess.gov\/es\/agentes\/"},{"@type":"ListItem","position":3,"name":"EDE con un portal de agentes"}]},{"@type":"WebSite","@id":"https:\/\/georgiaaccess.gov\/es\/#website","url":"https:\/\/georgiaaccess.gov\/es\/","name":"Georgia Access","description":"","publisher":{"@id":"https:\/\/georgiaaccess.gov\/es\/#organization"},"potentialAction":[{"@type":"SearchAction","target":{"@type":"EntryPoint","urlTemplate":"https:\/\/georgiaaccess.gov\/es\/?s={search_term_string}"},"query-input":{"@type":"PropertyValueSpecification","valueRequired":true,"valueName":"search_term_string"}}],"inLanguage":"es"},{"@type":"Organization","@id":"https:\/\/georgiaaccess.gov\/es\/#organization","name":"Georgia Access","url":"https:\/\/georgiaaccess.gov\/es\/","logo":{"@type":"ImageObject","inLanguage":"es","@id":"https:\/\/georgiaaccess.gov\/es\/#\/schema\/logo\/image\/","url":"https:\/\/georgiaaccess.gov\/wp-content\/uploads\/2022\/10\/georgia-access-logo-stacked.svg","contentUrl":"https:\/\/georgiaaccess.gov\/wp-content\/uploads\/2022\/10\/georgia-access-logo-stacked.svg","width":180,"height":56,"caption":"Georgia Access"},"image":{"@id":"https:\/\/georgiaaccess.gov\/es\/#\/schema\/logo\/image\/"}}]}},"uagb_featured_image_src":{"full":false,"thumbnail":false,"medium":false,"medium_large":false,"large":false,"1536x1536":false,"2048x2048":false},"uagb_author_info":{"display_name":"Puloma De","author_link":"https:\/\/georgiaaccess.gov\/es\/author\/pde\/"},"uagb_comment_info":0,"uagb_excerpt":"Los socios de Enhanced Direct Enrollment (EDE) proporcionan portales de agentes seguros que se vinculan directamente a Georgia Access, lo que agiliza las verificaciones de elegibilidad y las inscripciones. Utilice los enlaces a continuaci\u00f3n para iniciar sesi\u00f3n o registrarse en el portal EDE elegido y comenzar. Soluciones de Allstate Health Compre ACA y productos complementarios&hellip;","_links":{"self":[{"href":"https:\/\/georgiaaccess.gov\/es\/wp-json\/wp\/v2\/pages\/4520","targetHints":{"allow":["GET"]}}],"collection":[{"href":"https:\/\/georgiaaccess.gov\/es\/wp-json\/wp\/v2\/pages"}],"about":[{"href":"https:\/\/georgiaaccess.gov\/es\/wp-json\/wp\/v2\/types\/page"}],"author":[{"embeddable":true,"href":"https:\/\/georgiaaccess.gov\/es\/wp-json\/wp\/v2\/users\/18"}],"replies":[{"embeddable":true,"href":"https:\/\/georgiaaccess.gov\/es\/wp-json\/wp\/v2\/comments?post=4520"}],"version-history":[{"count":13,"href":"https:\/\/georgiaaccess.gov\/es\/wp-json\/wp\/v2\/pages\/4520\/revisions"}],"predecessor-version":[{"id":9179,"href":"https:\/\/georgiaaccess.gov\/es\/wp-json\/wp\/v2\/pages\/4520\/revisions\/9179"}],"up":[{"embeddable":true,"href":"https:\/\/georgiaaccess.gov\/es\/wp-json\/wp\/v2\/pages\/3171"}],"wp:attachment":[{"href":"https:\/\/georgiaaccess.gov\/es\/wp-json\/wp\/v2\/media?parent=4520"}],"curies":[{"name":"wp","href":"https:\/\/api.w.org\/{rel}","templated":true}]}}