{"id":4507,"date":"2024-11-18T13:09:40","date_gmt":"2024-11-18T17:09:40","guid":{"rendered":"https:\/\/georgiaaccess.gov\/para-los-socios\/agents\/formularios-de-consentimiento-y-mas-informacion\/"},"modified":"2025-09-30T21:06:33","modified_gmt":"2025-10-01T01:06:33","slug":"formularios-de-consentimiento-y-mas-informacion","status":"publish","type":"page","link":"https:\/\/georgiaaccess.gov\/es\/agentes\/formularios-de-consentimiento-y-mas-informacion\/","title":{"rendered":"Formularios de consentimiento y m\u00e1s informaci\u00f3n"},"content":{"rendered":"\n<p>Encuentre formularios de consentimiento y otros recursos \u00fatiles para los agentes.  <\/p>\n\n\n\n<h2 class=\"wp-block-heading\">Formularios de consentimiento<\/h2>\n\n\n\n<ul class=\"wp-block-list\">\n<li><a href=\"\/wp-content\/uploads\/2025\/07\/Consumer-Consent-Form-for-Georgia-Access-Agents-Approved-PY26.pdf\" target=\"_blank\" rel=\"noreferrer noopener\">Formulario de consentimiento del consumidor para agentes de acceso de Georgia (ingl\u00e9s)<\/a><\/li>\n\n\n\n<li><a href=\"\/wp-content\/uploads\/2025\/07\/Consumer-Consent-Form-for-Georgia-Access-Agents-Spanish-PY26.pdf\" target=\"_blank\" rel=\"noreferrer noopener\">Formulario de consentimiento del consumidor para agentes de acceso de Georgia (espa\u00f1ol)<\/a><\/li>\n<\/ul>\n\n\n\n<h2 class=\"wp-block-heading h2-heading\">M\u00e1s informaci\u00f3n<\/h2>\n\n\n\n<ul class=\"wp-block-list\">\n<li>Comun\u00edquese con la l\u00ednea de asistencia para socios del centro de contacto de Georgia Access al <a href=\"tel:1-888-312-4237\">1-888-312-4237<\/a> (l\u00ednea TTY 711).<\/li>\n\n\n\n<li>Env\u00ede un correo electr\u00f3nico\u00a0a <a href=\"mailto:Agents@GeorgiaAccess.ga.gov\">Agents@GeorgiaAccess.ga.gov<\/a>\u00a0con preguntas sobre Georgia Access.<\/li>\n\n\n\n<li>Visite\u00a0<a href=\"https:\/\/oci.georgia.gov\/agents-agency-licensing\" target=\"_blank\" rel=\"noreferrer noopener\">https:\/\/oci.georgia.gov\/agents-agency-licensing<\/a>\u00a0para obtener informaci\u00f3n sobre los requisitos de licencia de Georgia y el proceso de solicitud.<\/li>\n\n\n\n<li>Visite\u00a0<a href=\"http:\/\/www.sircon.com\/Georgia\" target=\"_blank\" rel=\"noreferrer noopener\">www.sircon.com\/georgia<\/a>\u00a0para solicitar una licencia, verificar el estado de una licencia o solicitud y actualizar la informaci\u00f3n de contacto.<\/li>\n\n\n\n<li>Visite\u00a0<a href=\"http:\/\/certification.georgiaaccess.gov\/\" target=\"_blank\" rel=\"noreferrer noopener\">certification.georgiaaccess.gov<\/a>\u00a0para acceder a la capacitaci\u00f3n y evaluaci\u00f3n final de la certificaci\u00f3n Georgia Access.<\/li>\n\n\n\n<li>Tenga en cuenta los\u00a0<a href=\"https:\/\/georgiaaccess.gov\/wp-content\/uploads\/2024\/09\/AgentConnect-Terms-of-Use.docx\" target=\"_blank\" rel=\"noreferrer noopener\">T\u00e9rminos de uso de AgentConnect<\/a>.<\/li>\n<\/ul>\n\n\n\n<p><\/p>\n","protected":false},"excerpt":{"rendered":"<p>Encuentre formularios de consentimiento y otros recursos \u00fatiles para los agentes. Formularios de consentimiento M\u00e1s informaci\u00f3n<\/p>\n","protected":false},"author":18,"featured_media":0,"parent":3171,"menu_order":0,"comment_status":"closed","ping_status":"closed","template":"sidebar-menu-template.php","meta":{"_acf_changed":false,"inline_featured_image":false,"_uag_custom_page_level_css":"","site-sidebar-layout":"default","site-content-layout":"","ast-site-content-layout":"default","site-content-style":"default","site-sidebar-style":"default","ast-global-header-display":"","ast-banner-title-visibility":"","ast-main-header-display":"","ast-hfb-above-header-display":"","ast-hfb-below-header-display":"","ast-hfb-mobile-header-display":"","site-post-title":"","ast-breadcrumbs-content":"","ast-featured-img":"","footer-sml-layout":"","ast-disable-related-posts":"","theme-transparent-header-meta":"","adv-header-id-meta":"","stick-header-meta":"","header-above-stick-meta":"","header-main-stick-meta":"","header-below-stick-meta":"","astra-migrate-meta-layouts":"set","ast-page-background-enabled":"default","ast-page-background-meta":{"desktop":{"background-color":"var(--ast-global-color-4)","background-image":"","background-repeat":"repeat","background-position":"center center","background-size":"auto","background-attachment":"scroll","background-type":"","background-media":"","overlay-type":"","overlay-color":"","overlay-opacity":"","overlay-gradient":""},"tablet":{"background-color":"","background-image":"","background-repeat":"repeat","background-position":"center center","background-size":"auto","background-attachment":"scroll","background-type":"","background-media":"","overlay-type":"","overlay-color":"","overlay-opacity":"","overlay-gradient":""},"mobile":{"background-color":"","background-image":"","background-repeat":"repeat","background-position":"center center","background-size":"auto","background-attachment":"scroll","background-type":"","background-media":"","overlay-type":"","overlay-color":"","overlay-opacity":"","overlay-gradient":""}},"ast-content-background-meta":{"desktop":{"background-color":"var(--ast-global-color-5)","background-image":"","background-repeat":"repeat","background-position":"center center","background-size":"auto","background-attachment":"scroll","background-type":"","background-media":"","overlay-type":"","overlay-color":"","overlay-opacity":"","overlay-gradient":""},"tablet":{"background-color":"var(--ast-global-color-5)","background-image":"","background-repeat":"repeat","background-position":"center center","background-size":"auto","background-attachment":"scroll","background-type":"","background-media":"","overlay-type":"","overlay-color":"","overlay-opacity":"","overlay-gradient":""},"mobile":{"background-color":"var(--ast-global-color-5)","background-image":"","background-repeat":"repeat","background-position":"center center","background-size":"auto","background-attachment":"scroll","background-type":"","background-media":"","overlay-type":"","overlay-color":"","overlay-opacity":"","overlay-gradient":""}},"footnotes":""},"class_list":["post-4507","page","type-page","status-publish","hentry"],"acf":[],"yoast_head":"<!-- This site is optimized with the Yoast SEO plugin v26.8 - https:\/\/yoast.com\/product\/yoast-seo-wordpress\/ -->\n<title>Formularios de consentimiento y recursos | Acceso a Georgia<\/title>\n<meta name=\"description\" content=\"Acceda a los formularios de consentimiento del consumidor para los agentes de Georga Access. Tambi\u00e9n puede encontrar recursos adicionales para agentes, incluida la l\u00ednea de soporte t\u00e9cnico para socios del centro de contacto.\" \/>\n<meta name=\"robots\" content=\"index, follow, max-snippet:-1, max-image-preview:large, max-video-preview:-1\" \/>\n<link rel=\"canonical\" href=\"https:\/\/georgiaaccess.gov\/es\/agentes\/formularios-de-consentimiento-y-mas-informacion\/\" \/>\n<meta property=\"og:locale\" content=\"es_ES\" \/>\n<meta property=\"og:type\" content=\"article\" \/>\n<meta property=\"og:title\" content=\"Formularios de consentimiento y recursos | Acceso a Georgia\" \/>\n<meta property=\"og:description\" content=\"Acceda a los formularios de consentimiento del consumidor para los agentes de Georga Access. Tambi\u00e9n puede encontrar recursos adicionales para agentes, incluida la l\u00ednea de soporte t\u00e9cnico para socios del centro de contacto.\" \/>\n<meta property=\"og:url\" content=\"https:\/\/georgiaaccess.gov\/es\/agentes\/formularios-de-consentimiento-y-mas-informacion\/\" \/>\n<meta property=\"og:site_name\" content=\"Georgia Access\" \/>\n<meta property=\"article:modified_time\" content=\"2025-10-01T01:06:33+00:00\" \/>\n<meta name=\"twitter:card\" content=\"summary_large_image\" \/>\n<meta name=\"twitter:label1\" content=\"Tiempo de lectura\" \/>\n\t<meta name=\"twitter:data1\" content=\"1 minuto\" \/>\n<script type=\"application\/ld+json\" class=\"yoast-schema-graph\">{\"@context\":\"https:\/\/schema.org\",\"@graph\":[{\"@type\":\"WebPage\",\"@id\":\"https:\/\/georgiaaccess.gov\/es\/agentes\/formularios-de-consentimiento-y-mas-informacion\/\",\"url\":\"https:\/\/georgiaaccess.gov\/es\/agentes\/formularios-de-consentimiento-y-mas-informacion\/\",\"name\":\"Formularios de consentimiento y recursos | Acceso a Georgia\",\"isPartOf\":{\"@id\":\"https:\/\/georgiaaccess.gov\/es\/#website\"},\"datePublished\":\"2024-11-18T17:09:40+00:00\",\"dateModified\":\"2025-10-01T01:06:33+00:00\",\"description\":\"Acceda a los formularios de consentimiento del consumidor para los agentes de Georga Access. Tambi\u00e9n puede encontrar recursos adicionales para agentes, incluida la l\u00ednea de soporte t\u00e9cnico para socios del centro de contacto.\",\"breadcrumb\":{\"@id\":\"https:\/\/georgiaaccess.gov\/es\/agentes\/formularios-de-consentimiento-y-mas-informacion\/#breadcrumb\"},\"inLanguage\":\"es\",\"potentialAction\":[{\"@type\":\"ReadAction\",\"target\":[\"https:\/\/georgiaaccess.gov\/es\/agentes\/formularios-de-consentimiento-y-mas-informacion\/\"]}]},{\"@type\":\"BreadcrumbList\",\"@id\":\"https:\/\/georgiaaccess.gov\/es\/agentes\/formularios-de-consentimiento-y-mas-informacion\/#breadcrumb\",\"itemListElement\":[{\"@type\":\"ListItem\",\"position\":1,\"name\":\"Home\",\"item\":\"https:\/\/georgiaaccess.gov\/es\/\"},{\"@type\":\"ListItem\",\"position\":2,\"name\":\"Agentes\",\"item\":\"https:\/\/georgiaaccess.gov\/es\/agentes\/\"},{\"@type\":\"ListItem\",\"position\":3,\"name\":\"Formularios de consentimiento y m\u00e1s informaci\u00f3n\"}]},{\"@type\":\"WebSite\",\"@id\":\"https:\/\/georgiaaccess.gov\/es\/#website\",\"url\":\"https:\/\/georgiaaccess.gov\/es\/\",\"name\":\"Georgia Access\",\"description\":\"\",\"publisher\":{\"@id\":\"https:\/\/georgiaaccess.gov\/es\/#organization\"},\"potentialAction\":[{\"@type\":\"SearchAction\",\"target\":{\"@type\":\"EntryPoint\",\"urlTemplate\":\"https:\/\/georgiaaccess.gov\/es\/?s={search_term_string}\"},\"query-input\":{\"@type\":\"PropertyValueSpecification\",\"valueRequired\":true,\"valueName\":\"search_term_string\"}}],\"inLanguage\":\"es\"},{\"@type\":\"Organization\",\"@id\":\"https:\/\/georgiaaccess.gov\/es\/#organization\",\"name\":\"Georgia Access\",\"url\":\"https:\/\/georgiaaccess.gov\/es\/\",\"logo\":{\"@type\":\"ImageObject\",\"inLanguage\":\"es\",\"@id\":\"https:\/\/georgiaaccess.gov\/es\/#\/schema\/logo\/image\/\",\"url\":\"https:\/\/georgiaaccess.gov\/wp-content\/uploads\/2022\/10\/georgia-access-logo-stacked.svg\",\"contentUrl\":\"https:\/\/georgiaaccess.gov\/wp-content\/uploads\/2022\/10\/georgia-access-logo-stacked.svg\",\"width\":180,\"height\":56,\"caption\":\"Georgia Access\"},\"image\":{\"@id\":\"https:\/\/georgiaaccess.gov\/es\/#\/schema\/logo\/image\/\"}}]}<\/script>\n<!-- \/ Yoast SEO plugin. -->","yoast_head_json":{"title":"Formularios de consentimiento y recursos | Acceso a Georgia","description":"Acceda a los formularios de consentimiento del consumidor para los agentes de Georga Access. Tambi\u00e9n puede encontrar recursos adicionales para agentes, incluida la l\u00ednea de soporte t\u00e9cnico para socios del centro de contacto.","robots":{"index":"index","follow":"follow","max-snippet":"max-snippet:-1","max-image-preview":"max-image-preview:large","max-video-preview":"max-video-preview:-1"},"canonical":"https:\/\/georgiaaccess.gov\/es\/agentes\/formularios-de-consentimiento-y-mas-informacion\/","og_locale":"es_ES","og_type":"article","og_title":"Formularios de consentimiento y recursos | Acceso a Georgia","og_description":"Acceda a los formularios de consentimiento del consumidor para los agentes de Georga Access. Tambi\u00e9n puede encontrar recursos adicionales para agentes, incluida la l\u00ednea de soporte t\u00e9cnico para socios del centro de contacto.","og_url":"https:\/\/georgiaaccess.gov\/es\/agentes\/formularios-de-consentimiento-y-mas-informacion\/","og_site_name":"Georgia Access","article_modified_time":"2025-10-01T01:06:33+00:00","twitter_card":"summary_large_image","twitter_misc":{"Tiempo de lectura":"1 minuto"},"schema":{"@context":"https:\/\/schema.org","@graph":[{"@type":"WebPage","@id":"https:\/\/georgiaaccess.gov\/es\/agentes\/formularios-de-consentimiento-y-mas-informacion\/","url":"https:\/\/georgiaaccess.gov\/es\/agentes\/formularios-de-consentimiento-y-mas-informacion\/","name":"Formularios de consentimiento y recursos | Acceso a Georgia","isPartOf":{"@id":"https:\/\/georgiaaccess.gov\/es\/#website"},"datePublished":"2024-11-18T17:09:40+00:00","dateModified":"2025-10-01T01:06:33+00:00","description":"Acceda a los formularios de consentimiento del consumidor para los agentes de Georga Access. Tambi\u00e9n puede encontrar recursos adicionales para agentes, incluida la l\u00ednea de soporte t\u00e9cnico para socios del centro de contacto.","breadcrumb":{"@id":"https:\/\/georgiaaccess.gov\/es\/agentes\/formularios-de-consentimiento-y-mas-informacion\/#breadcrumb"},"inLanguage":"es","potentialAction":[{"@type":"ReadAction","target":["https:\/\/georgiaaccess.gov\/es\/agentes\/formularios-de-consentimiento-y-mas-informacion\/"]}]},{"@type":"BreadcrumbList","@id":"https:\/\/georgiaaccess.gov\/es\/agentes\/formularios-de-consentimiento-y-mas-informacion\/#breadcrumb","itemListElement":[{"@type":"ListItem","position":1,"name":"Home","item":"https:\/\/georgiaaccess.gov\/es\/"},{"@type":"ListItem","position":2,"name":"Agentes","item":"https:\/\/georgiaaccess.gov\/es\/agentes\/"},{"@type":"ListItem","position":3,"name":"Formularios de consentimiento y m\u00e1s informaci\u00f3n"}]},{"@type":"WebSite","@id":"https:\/\/georgiaaccess.gov\/es\/#website","url":"https:\/\/georgiaaccess.gov\/es\/","name":"Georgia Access","description":"","publisher":{"@id":"https:\/\/georgiaaccess.gov\/es\/#organization"},"potentialAction":[{"@type":"SearchAction","target":{"@type":"EntryPoint","urlTemplate":"https:\/\/georgiaaccess.gov\/es\/?s={search_term_string}"},"query-input":{"@type":"PropertyValueSpecification","valueRequired":true,"valueName":"search_term_string"}}],"inLanguage":"es"},{"@type":"Organization","@id":"https:\/\/georgiaaccess.gov\/es\/#organization","name":"Georgia Access","url":"https:\/\/georgiaaccess.gov\/es\/","logo":{"@type":"ImageObject","inLanguage":"es","@id":"https:\/\/georgiaaccess.gov\/es\/#\/schema\/logo\/image\/","url":"https:\/\/georgiaaccess.gov\/wp-content\/uploads\/2022\/10\/georgia-access-logo-stacked.svg","contentUrl":"https:\/\/georgiaaccess.gov\/wp-content\/uploads\/2022\/10\/georgia-access-logo-stacked.svg","width":180,"height":56,"caption":"Georgia Access"},"image":{"@id":"https:\/\/georgiaaccess.gov\/es\/#\/schema\/logo\/image\/"}}]}},"uagb_featured_image_src":{"full":false,"thumbnail":false,"medium":false,"medium_large":false,"large":false,"1536x1536":false,"2048x2048":false},"uagb_author_info":{"display_name":"Puloma De","author_link":"https:\/\/georgiaaccess.gov\/es\/author\/pde\/"},"uagb_comment_info":0,"uagb_excerpt":"Encuentre formularios de consentimiento y otros recursos \u00fatiles para los agentes. Formularios de consentimiento M\u00e1s informaci\u00f3n","_links":{"self":[{"href":"https:\/\/georgiaaccess.gov\/es\/wp-json\/wp\/v2\/pages\/4507","targetHints":{"allow":["GET"]}}],"collection":[{"href":"https:\/\/georgiaaccess.gov\/es\/wp-json\/wp\/v2\/pages"}],"about":[{"href":"https:\/\/georgiaaccess.gov\/es\/wp-json\/wp\/v2\/types\/page"}],"author":[{"embeddable":true,"href":"https:\/\/georgiaaccess.gov\/es\/wp-json\/wp\/v2\/users\/18"}],"replies":[{"embeddable":true,"href":"https:\/\/georgiaaccess.gov\/es\/wp-json\/wp\/v2\/comments?post=4507"}],"version-history":[{"count":5,"href":"https:\/\/georgiaaccess.gov\/es\/wp-json\/wp\/v2\/pages\/4507\/revisions"}],"predecessor-version":[{"id":8777,"href":"https:\/\/georgiaaccess.gov\/es\/wp-json\/wp\/v2\/pages\/4507\/revisions\/8777"}],"up":[{"embeddable":true,"href":"https:\/\/georgiaaccess.gov\/es\/wp-json\/wp\/v2\/pages\/3171"}],"wp:attachment":[{"href":"https:\/\/georgiaaccess.gov\/es\/wp-json\/wp\/v2\/media?parent=4507"}],"curies":[{"name":"wp","href":"https:\/\/api.w.org\/{rel}","templated":true}]}}