{"id":4506,"date":"2024-11-18T12:50:43","date_gmt":"2024-11-18T16:50:43","guid":{"rendered":"https:\/\/georgiaaccess.gov\/para-los-socios\/agents\/poc-de-designacion-de-agente-emisor\/"},"modified":"2025-09-28T22:54:12","modified_gmt":"2025-09-29T02:54:12","slug":"poc-de-designacion-de-agente-emisor","status":"publish","type":"page","link":"https:\/\/georgiaaccess.gov\/es\/agentes\/poc-de-designacion-de-agente-emisor\/","title":{"rendered":"POC de designaci\u00f3n de agente emisor"},"content":{"rendered":"\n<p>Por&nbsp;<a href=\"https:\/\/secure-web.cisco.com\/1oUGWhEEBAxccpwhaOa_B344a9GDpPoW9qbb_aAPYCJRf-SbQ0FFiWeGYsVy8pwCkRzSP5GT9H5NeNDvfdvNfG2BtfK4EOucCEhIkfqx-K6o8AemLfL57Avwg9ucPFB8zLBvobg4PceD3RY8kJQoiNJShPdkINraEqnJLT_qAvmxyVQy-QMtrDGGf_UoO8Ye2kP-a_jAxuZAkNzDLoACgjLrHyWFPZOxKAuLICtXNrY164Z_Q3N-_g4Pwi7e6oTeeGWVXw089B3jq_wtdquhkFfRDByZjkBLWeP5_tb8C8srHNYaZrzDvkYvyiSvscbKjW9aDkXdE_-OUm_BYIoXV7j6rkmQQeHWpW9eHW_RyTpJMKkdSN_SSv5CjvDM3xc3GpOv899rfdzwi7x1BeCz1PPEh-CqaPExIERTtFZ7ACY5pGn4jBeleYCcxo0x3ksOq930wF6grgieraMvqLJXrkbUBU1xvE6p_kspZXhhrsvraeJ7H1J1aL34RZSNG2r6ULFZvVa2-_7BLDa6owObLCw\/https%3A%2F%2Frules.sos.ga.gov%2FGAC%2F120-2-3-.21\" target=\"_blank\" rel=\"noreferrer noopener\">Regla del C\u00f3digo Administrativo de Georgia 120-2-3-.21<\/a>&nbsp;Los agentes deben obtener un Certificado de Autoridad o \u00abcita\u00bb directamente con la compa\u00f1\u00eda de seguros cuyos productos pretenden vender. Todos los agentes deben recibir una cita con una compa\u00f1\u00eda de seguros asociada dentro de los 15 d\u00edas calendario posteriores a la venta de un producto de seguro. Las citas son documentos legales que permiten a un agente realizar negocios para la compa\u00f1\u00eda de seguros.  <\/p>\n\n\n\n<p>Los agentes deben seguir el c\u00f3digo existente de Georgia y los procesos de la compa\u00f1\u00eda de seguros para establecer citas como se describe en el&nbsp;<a href=\"https:\/\/secure-web.cisco.com\/1L5VTBsRcK2wKqTHZE-oGEz1gmCGcGrM3Bg11DgVB4tHq-QY1EYVW2-lW2fWkLFRpfa5dR7K3Pcyp5_ScjZPOLIAv8iygUVzp_jZBIqzDJiIBjeT04jo5wYYMgB1NEGe-0mHwMXx4H6lOvbbqcFVVSgv7VBhg6OZL8T40diulihVZaVXJRaAFrDSPG_n53NFeKniGdrlRir7ymL5iDd64ELDuM1Wk28Tb8aw40wI2SYHV2yCxUlF6U33P5xT1yyLX3yXswDQO2hco1PUxpvRsTWD4cdOzz21rG57SZO1w8AOHmJAxkY993F4lDCGBHMvjrEaSYjjn9IBn2aZvYf6cNQYK16WjMbtt4LBtUr9tSgHr5yEpinNrFgZBvopJMB9QUglbPQqCPu9vQXPQBDwYVSXqUr0IzqDU3HVvC4nlp47f32Y9SXMvKprASQ3wYrW6YSvlpvQgn2SZmSNZOkJhO7wHI6BgFd3hPzuRFZ71DwfTJ38i0Un1DSMXtMXjz0rQ8xFwXhBMVPilHnUWABGa9A\/https%3A%2F%2Fwww.pearsonvue.com%2Fcontent%2Fdam%2FVUE%2Fvue%2Fen%2Fdocuments%2Fpublications%2F121100.pdf\" target=\"_blank\" rel=\"noreferrer noopener\">Manual del Candidato para Licencias de Seguros de Georgia<\/a>. A continuaci\u00f3n se muestra una lista de POC de citas para los emisores de Georgia Access, QHP y SADP para apoyar a los agentes con el proceso de citas: <\/p>\n\n\n\n<figure class=\"wp-block-table\"><table class=\"has-fixed-layout\"><tbody><tr><td><strong>Emisor<\/strong><\/td><td><strong>Tipo de emisor<\/strong><\/td><td><strong>Nombramiento de agente POC<\/strong><\/td><\/tr><tr><td>Aetna Health, Inc.<\/td><td>QHP<\/td><td><a href=\"mailto:LAAU@aetna.com\">LAAU@aetna.com<\/a><\/td><\/tr><tr><td>Planes de salud Alliant<\/td><td>QHP<\/td><td><a href=\"mailto:BOR@alliantplans.com\" target=\"_blank\" rel=\"noreferrer noopener\">BOR@alliantplans.com<\/a><\/td><\/tr><tr><td>Ambetter de Peach State Health Plan<\/td><td>QHP<\/td><td><a href=\"mailto:latoshia.t.thomas@centene.com\" target=\"_blank\" rel=\"noreferrer noopener\">ambetterbrokers@centene.com<\/a><\/td><\/tr><tr><td>Himno Blue Cross and Blue Shield\/Amerigroup<\/td><td>QHP<\/td><td><a href=\"mailto:producers@elevancehealth.com\" target=\"_blank\" rel=\"noreferrer noopener\">producers@elevancehealth.com<\/a><\/td><\/tr><tr><td>BEST Life and Health Insurance Company<\/td><td>SADP<\/td><td><a href=\"mailto:brokerservice@bestlife.com\">brokerservice@bestlife.com;<\/a> o llame al <a href=\"tel:1-877-205-8767\">1-877-205-8767<\/a><\/td><\/tr><tr><td>CareSource<\/td><td>QHP<\/td><td><a href=\"mailto:SalesSupport@caresource.com\" target=\"_blank\" rel=\"noreferrer noopener\">SalesSupport@caresource.com<\/a><\/td><\/tr><tr><td>Cigna Healthcare<\/td><td>QHP<\/td><td><a href=\"mailto:DASH@Cigna-ifp.com\" target=\"_blank\" rel=\"noreferrer noopener\">DASH@Cigna-ifp.com<\/a><\/td><\/tr><tr><td>Delta Dental Insurance Company<\/td><td>SADP<\/td><td><a href=\"mailto:producerservices@delta.org\" target=\"_blank\" rel=\"noreferrer noopener\">producerservices@delta.org<\/a>; l\u00ednea de apoyo para corredores disponible de lunes a viernes de 8 a. m. a 7 p. m., hora del este @ <a href=\"tel:1-866-760-4080\">1-866-760-4080<\/a><\/td><\/tr><tr><td>DentaQuest<\/td><td>SADP<\/td><td><a href=\"https:\/\/georgiaaccess.gov\/for-partners\/agents\/DQbrokersalessupport@dentaquest.com\" target=\"_blank\" rel=\"noreferrer noopener\">DQbrokersalessupport@dentaquest.com<\/a><\/td><\/tr><tr><td>agent@dominionnational.com Nacional SADP del Dominio<\/td><td><\/td><td><a href=\"mailto:agent@dominionnational.com\"><\/a><\/td><\/tr><tr><td>EMI Health<\/td><td>SADP<\/td><td><a href=\"mailto:nstucki@emihealth.com\" target=\"_blank\" rel=\"noreferrer noopener\">nstucki@emihealth.com<\/a><\/td><\/tr><tr><td>KJohnson182@humana.com<\/td><td>de Humana SADP<\/td><td><a href=\"mailto:%C2%A0KJohnson182@humana.com\"><\/a><\/td><\/tr><tr><td>Kaiser Permanente (que ofrece <a href=\"https:\/\/georgiaaccess.gov\/es\/programa-de-opciones-de-salud-para-pequenas-empresas\/\">planes SHOP<\/a>)<\/td><td>QHP<\/td><td><a href=\"https:\/\/secure-web.cisco.com\/1FnTaIWxKluLpr-qefcDJh1iO0BYGDDszHeDSDlN60s6NZsinGIQ_0tyWpZWjDVYX73d40C5Rma7-R5zvaBhskoeUqWCIsXi7PE1_nPIM0GZ4BjRiy9iclUYtj9Fh6wkdE6vxkcDacqdlQ-QaG-Gp2Z-txnP4P7FpP0iSeaZDnO64zm8LPkZb5Il8R9W9BLCw95za3hVY6_f9DgXHuG8tqfalG2Lf_oq9JL1Lu_9CrjLvGl7b6bEFSjNMsUC7Ik8s-SFn2MbvIL8Rh2KBU98S6HgiopCdNiTP6NJYCicbtRVJNhZOwy8Hc66zNH211Qbv2TR_a6A9SbYMW_tsVdJ0KbFimYaO3CcomTwSQsk0oOLUnzdlXRu3gEKIbRY3Lxyt-4phqDWlbF8Nq9nK0LiJjUOIJ_0SMD1gwUZ8yn9YAsgt_zpr_TGUKrxe2eE3PphpDR5f4sRYYBr3zNdyQjC3mQiJ5dPAQoc1lJ-zbxwzUSWQOdtb7Fozsluc8yZS1qLUTUG4WABOzACHy9FiAw575w\/https%3A%2F%2Faccount.kp.org%2Fbusiness%2Fbroker-appointment\" target=\"_blank\" rel=\"noreferrer noopener\">https:\/\/account.kp.org\/business\/broker-appointment<\/a><\/td><\/tr><tr><td>\u00d3scar Salud<\/td><td>QHP<\/td><td><a href=\"mailto:gaworkgroup@hioscar.com\">gaworkgroup@hioscar.com<\/a><\/td><\/tr><tr><td>Beneficios del solsticio<\/td><td>SADP<\/td><td><a href=\"mailto:chenriquez@solsticebenefits.com\" target=\"_blank\" rel=\"noreferrer noopener\">chenriquez@solsticebenefits.com<\/a><\/td><\/tr><tr><td>UnitedHealthcare de Georgia, Inc.<\/td><td>QHP<\/td><td><a href=\"mailto:exchangescontracting@uhc.com\" target=\"_blank\" rel=\"noreferrer noopener\">exchangescontracting@uhc.com<\/a><\/td><\/tr><\/tbody><\/table><\/figure>\n\n\n\n<div style=\"height:52px\" aria-hidden=\"true\" class=\"wp-block-spacer\"><\/div>\n","protected":false},"excerpt":{"rendered":"<p>Por&nbsp;Regla del C\u00f3digo Administrativo de Georgia 120-2-3-.21&nbsp;Los agentes deben obtener un Certificado de Autoridad o \u00abcita\u00bb directamente con la compa\u00f1\u00eda de seguros cuyos productos pretenden vender. Todos los agentes deben recibir una cita con una compa\u00f1\u00eda de seguros asociada dentro de los 15 d\u00edas calendario posteriores a la venta de un producto de seguro. Las [&hellip;]<\/p>\n","protected":false},"author":18,"featured_media":0,"parent":3171,"menu_order":0,"comment_status":"closed","ping_status":"closed","template":"sidebar-menu-template.php","meta":{"_acf_changed":false,"inline_featured_image":false,"_uag_custom_page_level_css":"","site-sidebar-layout":"default","site-content-layout":"","ast-site-content-layout":"default","site-content-style":"default","site-sidebar-style":"default","ast-global-header-display":"","ast-banner-title-visibility":"","ast-main-header-display":"","ast-hfb-above-header-display":"","ast-hfb-below-header-display":"","ast-hfb-mobile-header-display":"","site-post-title":"","ast-breadcrumbs-content":"","ast-featured-img":"","footer-sml-layout":"","ast-disable-related-posts":"","theme-transparent-header-meta":"","adv-header-id-meta":"","stick-header-meta":"","header-above-stick-meta":"","header-main-stick-meta":"","header-below-stick-meta":"","astra-migrate-meta-layouts":"set","ast-page-background-enabled":"default","ast-page-background-meta":{"desktop":{"background-color":"var(--ast-global-color-4)","background-image":"","background-repeat":"repeat","background-position":"center center","background-size":"auto","background-attachment":"scroll","background-type":"","background-media":"","overlay-type":"","overlay-color":"","overlay-opacity":"","overlay-gradient":""},"tablet":{"background-color":"","background-image":"","background-repeat":"repeat","background-position":"center center","background-size":"auto","background-attachment":"scroll","background-type":"","background-media":"","overlay-type":"","overlay-color":"","overlay-opacity":"","overlay-gradient":""},"mobile":{"background-color":"","background-image":"","background-repeat":"repeat","background-position":"center center","background-size":"auto","background-attachment":"scroll","background-type":"","background-media":"","overlay-type":"","overlay-color":"","overlay-opacity":"","overlay-gradient":""}},"ast-content-background-meta":{"desktop":{"background-color":"var(--ast-global-color-5)","background-image":"","background-repeat":"repeat","background-position":"center center","background-size":"auto","background-attachment":"scroll","background-type":"","background-media":"","overlay-type":"","overlay-color":"","overlay-opacity":"","overlay-gradient":""},"tablet":{"background-color":"var(--ast-global-color-5)","background-image":"","background-repeat":"repeat","background-position":"center center","background-size":"auto","background-attachment":"scroll","background-type":"","background-media":"","overlay-type":"","overlay-color":"","overlay-opacity":"","overlay-gradient":""},"mobile":{"background-color":"var(--ast-global-color-5)","background-image":"","background-repeat":"repeat","background-position":"center center","background-size":"auto","background-attachment":"scroll","background-type":"","background-media":"","overlay-type":"","overlay-color":"","overlay-opacity":"","overlay-gradient":""}},"footnotes":""},"class_list":["post-4506","page","type-page","status-publish","hentry"],"acf":[],"yoast_head":"<!-- This site is optimized with the Yoast SEO plugin v26.8 - https:\/\/yoast.com\/product\/yoast-seo-wordpress\/ -->\n<title>POC de designaci\u00f3n de agente emisor | Georgia Access<\/title>\n<meta name=\"robots\" content=\"index, follow, max-snippet:-1, max-image-preview:large, max-video-preview:-1\" \/>\n<link rel=\"canonical\" href=\"https:\/\/georgiaaccess.gov\/es\/agentes\/poc-de-designacion-de-agente-emisor\/\" \/>\n<meta property=\"og:locale\" content=\"es_ES\" \/>\n<meta property=\"og:type\" content=\"article\" \/>\n<meta property=\"og:title\" content=\"POC de designaci\u00f3n de agente emisor | Georgia Access\" \/>\n<meta property=\"og:description\" content=\"Por&nbsp;Regla del C\u00f3digo Administrativo de Georgia 120-2-3-.21&nbsp;Los agentes deben obtener un Certificado de Autoridad o \u00abcita\u00bb directamente con la compa\u00f1\u00eda de seguros cuyos productos pretenden vender. Todos los agentes deben recibir una cita con una compa\u00f1\u00eda de seguros asociada dentro de los 15 d\u00edas calendario posteriores a la venta de un producto de seguro. Las [&hellip;]\" \/>\n<meta property=\"og:url\" content=\"https:\/\/georgiaaccess.gov\/es\/agentes\/poc-de-designacion-de-agente-emisor\/\" \/>\n<meta property=\"og:site_name\" content=\"Georgia Access\" \/>\n<meta property=\"article:modified_time\" content=\"2025-09-29T02:54:12+00:00\" \/>\n<meta name=\"twitter:card\" content=\"summary_large_image\" \/>\n<meta name=\"twitter:label1\" content=\"Tiempo de lectura\" \/>\n\t<meta name=\"twitter:data1\" content=\"2 minutos\" \/>\n<script type=\"application\/ld+json\" class=\"yoast-schema-graph\">{\"@context\":\"https:\/\/schema.org\",\"@graph\":[{\"@type\":\"WebPage\",\"@id\":\"https:\/\/georgiaaccess.gov\/es\/agentes\/poc-de-designacion-de-agente-emisor\/\",\"url\":\"https:\/\/georgiaaccess.gov\/es\/agentes\/poc-de-designacion-de-agente-emisor\/\",\"name\":\"POC de designaci\u00f3n de agente emisor | Georgia Access\",\"isPartOf\":{\"@id\":\"https:\/\/georgiaaccess.gov\/es\/#website\"},\"datePublished\":\"2024-11-18T16:50:43+00:00\",\"dateModified\":\"2025-09-29T02:54:12+00:00\",\"breadcrumb\":{\"@id\":\"https:\/\/georgiaaccess.gov\/es\/agentes\/poc-de-designacion-de-agente-emisor\/#breadcrumb\"},\"inLanguage\":\"es\",\"potentialAction\":[{\"@type\":\"ReadAction\",\"target\":[\"https:\/\/georgiaaccess.gov\/es\/agentes\/poc-de-designacion-de-agente-emisor\/\"]}]},{\"@type\":\"BreadcrumbList\",\"@id\":\"https:\/\/georgiaaccess.gov\/es\/agentes\/poc-de-designacion-de-agente-emisor\/#breadcrumb\",\"itemListElement\":[{\"@type\":\"ListItem\",\"position\":1,\"name\":\"Home\",\"item\":\"https:\/\/georgiaaccess.gov\/es\/\"},{\"@type\":\"ListItem\",\"position\":2,\"name\":\"Agentes\",\"item\":\"https:\/\/georgiaaccess.gov\/es\/agentes\/\"},{\"@type\":\"ListItem\",\"position\":3,\"name\":\"POC de designaci\u00f3n de agente emisor\"}]},{\"@type\":\"WebSite\",\"@id\":\"https:\/\/georgiaaccess.gov\/es\/#website\",\"url\":\"https:\/\/georgiaaccess.gov\/es\/\",\"name\":\"Georgia Access\",\"description\":\"\",\"publisher\":{\"@id\":\"https:\/\/georgiaaccess.gov\/es\/#organization\"},\"potentialAction\":[{\"@type\":\"SearchAction\",\"target\":{\"@type\":\"EntryPoint\",\"urlTemplate\":\"https:\/\/georgiaaccess.gov\/es\/?s={search_term_string}\"},\"query-input\":{\"@type\":\"PropertyValueSpecification\",\"valueRequired\":true,\"valueName\":\"search_term_string\"}}],\"inLanguage\":\"es\"},{\"@type\":\"Organization\",\"@id\":\"https:\/\/georgiaaccess.gov\/es\/#organization\",\"name\":\"Georgia Access\",\"url\":\"https:\/\/georgiaaccess.gov\/es\/\",\"logo\":{\"@type\":\"ImageObject\",\"inLanguage\":\"es\",\"@id\":\"https:\/\/georgiaaccess.gov\/es\/#\/schema\/logo\/image\/\",\"url\":\"https:\/\/georgiaaccess.gov\/wp-content\/uploads\/2022\/10\/georgia-access-logo-stacked.svg\",\"contentUrl\":\"https:\/\/georgiaaccess.gov\/wp-content\/uploads\/2022\/10\/georgia-access-logo-stacked.svg\",\"width\":180,\"height\":56,\"caption\":\"Georgia Access\"},\"image\":{\"@id\":\"https:\/\/georgiaaccess.gov\/es\/#\/schema\/logo\/image\/\"}}]}<\/script>\n<!-- \/ Yoast SEO plugin. -->","yoast_head_json":{"title":"POC de designaci\u00f3n de agente emisor | Georgia Access","robots":{"index":"index","follow":"follow","max-snippet":"max-snippet:-1","max-image-preview":"max-image-preview:large","max-video-preview":"max-video-preview:-1"},"canonical":"https:\/\/georgiaaccess.gov\/es\/agentes\/poc-de-designacion-de-agente-emisor\/","og_locale":"es_ES","og_type":"article","og_title":"POC de designaci\u00f3n de agente emisor | Georgia Access","og_description":"Por&nbsp;Regla del C\u00f3digo Administrativo de Georgia 120-2-3-.21&nbsp;Los agentes deben obtener un Certificado de Autoridad o \u00abcita\u00bb directamente con la compa\u00f1\u00eda de seguros cuyos productos pretenden vender. Todos los agentes deben recibir una cita con una compa\u00f1\u00eda de seguros asociada dentro de los 15 d\u00edas calendario posteriores a la venta de un producto de seguro. Las [&hellip;]","og_url":"https:\/\/georgiaaccess.gov\/es\/agentes\/poc-de-designacion-de-agente-emisor\/","og_site_name":"Georgia Access","article_modified_time":"2025-09-29T02:54:12+00:00","twitter_card":"summary_large_image","twitter_misc":{"Tiempo de lectura":"2 minutos"},"schema":{"@context":"https:\/\/schema.org","@graph":[{"@type":"WebPage","@id":"https:\/\/georgiaaccess.gov\/es\/agentes\/poc-de-designacion-de-agente-emisor\/","url":"https:\/\/georgiaaccess.gov\/es\/agentes\/poc-de-designacion-de-agente-emisor\/","name":"POC de designaci\u00f3n de agente emisor | Georgia Access","isPartOf":{"@id":"https:\/\/georgiaaccess.gov\/es\/#website"},"datePublished":"2024-11-18T16:50:43+00:00","dateModified":"2025-09-29T02:54:12+00:00","breadcrumb":{"@id":"https:\/\/georgiaaccess.gov\/es\/agentes\/poc-de-designacion-de-agente-emisor\/#breadcrumb"},"inLanguage":"es","potentialAction":[{"@type":"ReadAction","target":["https:\/\/georgiaaccess.gov\/es\/agentes\/poc-de-designacion-de-agente-emisor\/"]}]},{"@type":"BreadcrumbList","@id":"https:\/\/georgiaaccess.gov\/es\/agentes\/poc-de-designacion-de-agente-emisor\/#breadcrumb","itemListElement":[{"@type":"ListItem","position":1,"name":"Home","item":"https:\/\/georgiaaccess.gov\/es\/"},{"@type":"ListItem","position":2,"name":"Agentes","item":"https:\/\/georgiaaccess.gov\/es\/agentes\/"},{"@type":"ListItem","position":3,"name":"POC de designaci\u00f3n de agente emisor"}]},{"@type":"WebSite","@id":"https:\/\/georgiaaccess.gov\/es\/#website","url":"https:\/\/georgiaaccess.gov\/es\/","name":"Georgia Access","description":"","publisher":{"@id":"https:\/\/georgiaaccess.gov\/es\/#organization"},"potentialAction":[{"@type":"SearchAction","target":{"@type":"EntryPoint","urlTemplate":"https:\/\/georgiaaccess.gov\/es\/?s={search_term_string}"},"query-input":{"@type":"PropertyValueSpecification","valueRequired":true,"valueName":"search_term_string"}}],"inLanguage":"es"},{"@type":"Organization","@id":"https:\/\/georgiaaccess.gov\/es\/#organization","name":"Georgia Access","url":"https:\/\/georgiaaccess.gov\/es\/","logo":{"@type":"ImageObject","inLanguage":"es","@id":"https:\/\/georgiaaccess.gov\/es\/#\/schema\/logo\/image\/","url":"https:\/\/georgiaaccess.gov\/wp-content\/uploads\/2022\/10\/georgia-access-logo-stacked.svg","contentUrl":"https:\/\/georgiaaccess.gov\/wp-content\/uploads\/2022\/10\/georgia-access-logo-stacked.svg","width":180,"height":56,"caption":"Georgia Access"},"image":{"@id":"https:\/\/georgiaaccess.gov\/es\/#\/schema\/logo\/image\/"}}]}},"uagb_featured_image_src":{"full":false,"thumbnail":false,"medium":false,"medium_large":false,"large":false,"1536x1536":false,"2048x2048":false},"uagb_author_info":{"display_name":"Puloma De","author_link":"https:\/\/georgiaaccess.gov\/es\/author\/pde\/"},"uagb_comment_info":0,"uagb_excerpt":"Por&nbsp;Regla del C\u00f3digo Administrativo de Georgia 120-2-3-.21&nbsp;Los agentes deben obtener un Certificado de Autoridad o \u00abcita\u00bb directamente con la compa\u00f1\u00eda de seguros cuyos productos pretenden vender. Todos los agentes deben recibir una cita con una compa\u00f1\u00eda de seguros asociada dentro de los 15 d\u00edas calendario posteriores a la venta de un producto de seguro. Las&hellip;","_links":{"self":[{"href":"https:\/\/georgiaaccess.gov\/es\/wp-json\/wp\/v2\/pages\/4506","targetHints":{"allow":["GET"]}}],"collection":[{"href":"https:\/\/georgiaaccess.gov\/es\/wp-json\/wp\/v2\/pages"}],"about":[{"href":"https:\/\/georgiaaccess.gov\/es\/wp-json\/wp\/v2\/types\/page"}],"author":[{"embeddable":true,"href":"https:\/\/georgiaaccess.gov\/es\/wp-json\/wp\/v2\/users\/18"}],"replies":[{"embeddable":true,"href":"https:\/\/georgiaaccess.gov\/es\/wp-json\/wp\/v2\/comments?post=4506"}],"version-history":[{"count":5,"href":"https:\/\/georgiaaccess.gov\/es\/wp-json\/wp\/v2\/pages\/4506\/revisions"}],"predecessor-version":[{"id":8456,"href":"https:\/\/georgiaaccess.gov\/es\/wp-json\/wp\/v2\/pages\/4506\/revisions\/8456"}],"up":[{"embeddable":true,"href":"https:\/\/georgiaaccess.gov\/es\/wp-json\/wp\/v2\/pages\/3171"}],"wp:attachment":[{"href":"https:\/\/georgiaaccess.gov\/es\/wp-json\/wp\/v2\/media?parent=4506"}],"curies":[{"name":"wp","href":"https:\/\/api.w.org\/{rel}","templated":true}]}}