{"id":4050,"date":"2024-10-29T12:57:04","date_gmt":"2024-10-29T16:57:04","guid":{"rendered":"https:\/\/georgiaaccess.gov\/acerca-de-georgia-access\/archivos-de-uso-publico\/"},"modified":"2026-01-07T16:29:12","modified_gmt":"2026-01-07T20:29:12","slug":"archivos-de-uso-publico","status":"publish","type":"page","link":"https:\/\/georgiaaccess.gov\/es\/archivos-de-uso-publico\/","title":{"rendered":"Archivos de uso p\u00fablico"},"content":{"rendered":"\n<p>Los archivos de uso p\u00fablico (PUF) son archivos p\u00fablicos descargables que incluyen informaci\u00f3n a nivel de plan y emisor para planes de salud calificados (QHP) certificados y planes dentales independientes (SADP) vendidos en Georgia Access.<\/p>\n\n\n\n<p>Los nueve PUF incluyen:<\/p>\n\n\n\n<ul style=\"font-size:1.2rem\" class=\"wp-block-list\">\n<li><strong>PUF de beneficios y costos compartidos (BenCS-PUF): <\/strong>Datos a nivel del plan sobre beneficios de salud esenciales (EHB), l\u00edmites de cobertura y costos compartidos.<\/li>\n\n\n\n<li><strong>Tasa PUF (Tasa-PUF): <\/strong>Datos a nivel de plan sobre tasas de mercado individuales.  <\/li>\n\n\n\n<li><strong>Atributos del plan PUF (Plan-PUF): <\/strong>Datos a nivel del plan sobre pagos m\u00e1ximos de bolsillo, deducibles, costos compartidos, elegibilidad para la cuenta de ahorros para la salud (HSA), identificaci\u00f3n del formulario y otra informaci\u00f3n del plan.  <\/li>\n\n\n\n<li><strong>Reglas de negocio PUF (BR-PUF): <\/strong>Datos a nivel de plan sobre la aplicaci\u00f3n de tarifas.  <\/li>\n\n\n\n<li><strong>\u00c1rea de servicio PUF (SA-PUF): <\/strong>Datos a nivel del emisor sobre d\u00f3nde se ofrece el plan (estado, condado y c\u00f3digo postal).  <\/li>\n\n\n\n<li><strong>Red (Ntwrk-PUF): <\/strong>Datos a nivel de emisor que identifican las URL de la red del proveedor.  <\/li>\n\n\n\n<li><strong>Identificaci\u00f3n del plan Cruce de peatones PUF (CW-PUF): <\/strong>Datos a nivel de plan que asignan los planes ofrecidos en el a\u00f1o del plan anterior a los planes ofrecidos en el a\u00f1o del plan actual.<\/li>\n\n\n\n<li><strong>URL PUF legible por m\u00e1quina (MR-PUF): <\/strong>Ubicaciones de URL a nivel de emisor para informaci\u00f3n legible por m\u00e1quina del proveedor de red y del formulario.<\/li>\n\n\n\n<li><strong>PUF de calidad (Qual-PUF):<\/strong> Datos de calificaciones de calidad para los planes ofrecidos a trav\u00e9s de Georgia Access.<\/li>\n<\/ul>\n\n\n\n<h2 class=\"wp-block-heading h2-heading\"><strong><strong>Conjuntos de datos PUF descargables de 2026<\/strong><\/strong><\/h2>\n\n\n\n<ul style=\"font-size:1.2rem\" class=\"wp-block-list\">\n<li><u style=\"color: var(--ast-global-color-7); background-color: var(--ast-global-color-5); font-size: 1rem; font-weight: inherit;\"><a href=\"\/wp-content\/uploads\/2025\/12\/BENCS-PUF_20251216063414_2026.csv\" target=\"_blank\" rel=\"noreferrer noopener\">BenCS-PUF<\/a><\/u><\/li>\n\n\n\n<li><u style=\"color: var(--ast-global-color-7); background-color: var(--ast-global-color-5); font-size: 1rem; font-weight: inherit;\"><a href=\"\/wp-content\/uploads\/2025\/09\/RATE-PUF_20250926212630_2026.csv\" target=\"_blank\" rel=\"noreferrer noopener\">Tasa-PUF<\/a><\/u><\/li>\n\n\n\n<li><u style=\"color: var(--ast-global-color-7); background-color: var(--ast-global-color-5); font-size: 1rem; font-weight: inherit;\"><a href=\"\/wp-content\/uploads\/2025\/12\/PLAN-PUF_20251216063410_2026.csv\" target=\"_blank\" rel=\"noreferrer noopener\">Plan-PUF<\/a><\/u><\/li>\n\n\n\n<li><u style=\"color: var(--ast-global-color-7); background-color: var(--ast-global-color-5); font-size: 1rem; font-weight: inherit;\"><a href=\"\/wp-content\/uploads\/2025\/09\/BR-PUF_20250926212632_2026.csv\" target=\"_blank\" rel=\"noreferrer noopener\">BR-PUF<\/a><\/u><\/li>\n\n\n\n<li><u style=\"color: var(--ast-global-color-7); background-color: var(--ast-global-color-5); font-size: 1rem; font-weight: inherit;\"><a href=\"\/wp-content\/uploads\/2025\/12\/SA-PUF_20251205153240_2026.csv\" target=\"_blank\" rel=\"noreferrer noopener\">SA-PUF<\/a><\/u><\/li>\n\n\n\n<li><u style=\"color: var(--ast-global-color-7); background-color: var(--ast-global-color-5); font-size: 1rem; font-weight: inherit;\"><a href=\"\/wp-content\/uploads\/2025\/12\/NTWRK-PUF_20251205153235_2026.csv\" target=\"_blank\" rel=\"noreferrer noopener\">Ntwrk-PUF<\/a><\/u><\/li>\n\n\n\n<li><u style=\"color: var(--ast-global-color-7); background-color: var(--ast-global-color-5); font-size: 1rem; font-weight: inherit;\"><a href=\"\/wp-content\/uploads\/2025\/09\/CW-PUF_20250929170335_2026.csv\" target=\"_blank\" rel=\"noreferrer noopener\">CW-PUF<\/a><\/u><\/li>\n\n\n\n<li><u style=\"color: var(--ast-global-color-7); background-color: var(--ast-global-color-5); font-size: 1rem; font-weight: inherit;\"><a href=\"\/wp-content\/uploads\/2026\/01\/MR-PUF_20260107105329_2026.csv\" target=\"_blank\" rel=\"noreferrer noopener\">MR-PUF<\/a><\/u><\/li>\n\n\n\n<li style=\"font-size:17px\"><a href=\"\/wp-content\/uploads\/2025\/09\/QUAL-PUF_20250926212643_2026.csv\" target=\"_blank\" rel=\"noreferrer noopener\">Calificaci\u00f3n PUF<\/a><\/li>\n<\/ul>\n\n\n\n<h2 class=\"wp-block-heading h2-heading\"><strong><strong>Conjuntos de datos PUF descargables de 2025<\/strong><\/strong><\/h2>\n\n\n\n<ul style=\"font-size:1.2rem\" class=\"wp-block-list\">\n<li><a href=\"\/wp-content\/uploads\/2025\/09\/BENCS-PUF_20250902173637_2025.csv\" target=\"_blank\" rel=\"noreferrer noopener\">2025 BenCS-PUF<\/a><\/li>\n\n\n\n<li><a href=\"\/wp-content\/uploads\/2025\/09\/RATE-PUF_20250902193306_2025.csv\" target=\"_blank\" rel=\"noreferrer noopener\">Tasa 2025-PUF<\/a><\/li>\n\n\n\n<li><a href=\"\/wp-content\/uploads\/2025\/09\/PLAN-PUF_20250819133340_2025.csv\" target=\"_blank\" rel=\"noreferrer noopener\">Plan 2025-PUF<\/a><\/li>\n\n\n\n<li><a href=\"\/wp-content\/uploads\/2025\/09\/BR-PUF_20250819133353_2025.csv\" target=\"_blank\" rel=\"noreferrer noopener\">2025 BR-PUF<\/a><\/li>\n\n\n\n<li><a href=\"\/wp-content\/uploads\/2025\/09\/SA-PUF_20250819133402_2025.csv\" target=\"_blank\" rel=\"noreferrer noopener\">2025 SA-PUF<\/a><\/li>\n\n\n\n<li><a href=\"\/wp-content\/uploads\/2025\/09\/NTWRK-PUF_20250819133404_2025.csv\" target=\"_blank\" rel=\"noreferrer noopener\">2025 Nombre-PUF<\/a><\/li>\n\n\n\n<li><a href=\"\/wp-content\/uploads\/2025\/09\/CW-PUF_20250819133400_2025.csv\" target=\"_blank\" rel=\"noreferrer noopener\">2025 CW-PUF<\/a><\/li>\n\n\n\n<li><a href=\"\/wp-content\/uploads\/2025\/09\/MR-PUF_20250819133332_2025.csv\" target=\"_blank\" rel=\"noreferrer noopener\">2025 MR-PUF<\/a><\/li>\n\n\n\n<li><a href=\"\/wp-content\/uploads\/2025\/09\/QUAL-PUF_20250819133358_2025.csv\" target=\"_blank\" rel=\"noreferrer noopener\">Clasificaci\u00f3n 2025<\/a><\/li>\n<\/ul>\n\n\n\n<div style=\"height:42px\" aria-hidden=\"true\" class=\"wp-block-spacer\"><\/div>\n\n\n\n<p><\/p>\n","protected":false},"excerpt":{"rendered":"<p>Los archivos de uso p\u00fablico (PUF) son archivos p\u00fablicos descargables que incluyen informaci\u00f3n a nivel de plan y emisor para planes de salud calificados (QHP) certificados y planes dentales independientes (SADP) vendidos en Georgia Access. Los nueve PUF incluyen: Conjuntos de datos PUF descargables de 2026 Conjuntos de datos PUF descargables de 2025<\/p>\n","protected":false},"author":18,"featured_media":6611,"parent":0,"menu_order":0,"comment_status":"closed","ping_status":"closed","template":"sidebar-menu-template.php","meta":{"_acf_changed":false,"inline_featured_image":false,"_uag_custom_page_level_css":"","site-sidebar-layout":"default","site-content-layout":"","ast-site-content-layout":"default","site-content-style":"default","site-sidebar-style":"default","ast-global-header-display":"","ast-banner-title-visibility":"","ast-main-header-display":"","ast-hfb-above-header-display":"","ast-hfb-below-header-display":"","ast-hfb-mobile-header-display":"","site-post-title":"","ast-breadcrumbs-content":"","ast-featured-img":"disabled","footer-sml-layout":"","ast-disable-related-posts":"","theme-transparent-header-meta":"","adv-header-id-meta":"","stick-header-meta":"","header-above-stick-meta":"","header-main-stick-meta":"","header-below-stick-meta":"","astra-migrate-meta-layouts":"set","ast-page-background-enabled":"default","ast-page-background-meta":{"desktop":{"background-color":"var(--ast-global-color-4)","background-image":"","background-repeat":"repeat","background-position":"center center","background-size":"auto","background-attachment":"scroll","background-type":"","background-media":"","overlay-type":"","overlay-color":"","overlay-opacity":"","overlay-gradient":""},"tablet":{"background-color":"","background-image":"","background-repeat":"repeat","background-position":"center center","background-size":"auto","background-attachment":"scroll","background-type":"","background-media":"","overlay-type":"","overlay-color":"","overlay-opacity":"","overlay-gradient":""},"mobile":{"background-color":"","background-image":"","background-repeat":"repeat","background-position":"center center","background-size":"auto","background-attachment":"scroll","background-type":"","background-media":"","overlay-type":"","overlay-color":"","overlay-opacity":"","overlay-gradient":""}},"ast-content-background-meta":{"desktop":{"background-color":"var(--ast-global-color-5)","background-image":"","background-repeat":"repeat","background-position":"center center","background-size":"auto","background-attachment":"scroll","background-type":"","background-media":"","overlay-type":"","overlay-color":"","overlay-opacity":"","overlay-gradient":""},"tablet":{"background-color":"var(--ast-global-color-5)","background-image":"","background-repeat":"repeat","background-position":"center center","background-size":"auto","background-attachment":"scroll","background-type":"","background-media":"","overlay-type":"","overlay-color":"","overlay-opacity":"","overlay-gradient":""},"mobile":{"background-color":"var(--ast-global-color-5)","background-image":"","background-repeat":"repeat","background-position":"center center","background-size":"auto","background-attachment":"scroll","background-type":"","background-media":"","overlay-type":"","overlay-color":"","overlay-opacity":"","overlay-gradient":""}},"footnotes":""},"class_list":["post-4050","page","type-page","status-publish","has-post-thumbnail","hentry"],"acf":[],"yoast_head":"<!-- This site is optimized with the Yoast SEO plugin v26.8 - https:\/\/yoast.com\/product\/yoast-seo-wordpress\/ -->\n<title>Archivos de uso p\u00fablico | Georgia Access<\/title>\n<meta name=\"description\" content=\"Descargue los archivos de uso p\u00fablico de Georgia Access para planes de salud calificados y planes dentales independientes que se ofrecen en Georgia.\" \/>\n<meta name=\"robots\" content=\"index, follow, max-snippet:-1, max-image-preview:large, max-video-preview:-1\" \/>\n<link rel=\"canonical\" href=\"https:\/\/georgiaaccess.gov\/es\/archivos-de-uso-publico\/\" \/>\n<meta property=\"og:locale\" content=\"es_ES\" \/>\n<meta property=\"og:type\" content=\"article\" \/>\n<meta property=\"og:title\" content=\"Archivos de uso p\u00fablico | Georgia Access\" \/>\n<meta property=\"og:description\" content=\"Descargue los archivos de uso p\u00fablico de Georgia Access para planes de salud calificados y planes dentales independientes que se ofrecen en Georgia.\" \/>\n<meta property=\"og:url\" content=\"https:\/\/georgiaaccess.gov\/es\/archivos-de-uso-publico\/\" \/>\n<meta property=\"og:site_name\" content=\"Georgia Access\" \/>\n<meta property=\"article:modified_time\" content=\"2026-01-07T20:29:12+00:00\" \/>\n<meta property=\"og:image\" content=\"https:\/\/georgiaaccess.gov\/wp-content\/uploads\/2025\/09\/about-georgia-access-header-scaled.jpg\" \/>\n\t<meta property=\"og:image:width\" content=\"2560\" \/>\n\t<meta property=\"og:image:height\" content=\"356\" \/>\n\t<meta property=\"og:image:type\" content=\"image\/jpeg\" \/>\n<meta name=\"twitter:card\" content=\"summary_large_image\" \/>\n<meta name=\"twitter:label1\" content=\"Tiempo de lectura\" \/>\n\t<meta name=\"twitter:data1\" content=\"2 minutos\" \/>\n<script type=\"application\/ld+json\" class=\"yoast-schema-graph\">{\"@context\":\"https:\/\/schema.org\",\"@graph\":[{\"@type\":\"WebPage\",\"@id\":\"https:\/\/georgiaaccess.gov\/es\/archivos-de-uso-publico\/\",\"url\":\"https:\/\/georgiaaccess.gov\/es\/archivos-de-uso-publico\/\",\"name\":\"Archivos de uso p\u00fablico | Georgia Access\",\"isPartOf\":{\"@id\":\"https:\/\/georgiaaccess.gov\/es\/#website\"},\"primaryImageOfPage\":{\"@id\":\"https:\/\/georgiaaccess.gov\/es\/archivos-de-uso-publico\/#primaryimage\"},\"image\":{\"@id\":\"https:\/\/georgiaaccess.gov\/es\/archivos-de-uso-publico\/#primaryimage\"},\"thumbnailUrl\":\"https:\/\/georgiaaccess.gov\/wp-content\/uploads\/2025\/09\/about-georgia-access-header-scaled.jpg\",\"datePublished\":\"2024-10-29T16:57:04+00:00\",\"dateModified\":\"2026-01-07T20:29:12+00:00\",\"description\":\"Descargue los archivos de uso p\u00fablico de Georgia Access para planes de salud calificados y planes dentales independientes que se ofrecen en Georgia.\",\"breadcrumb\":{\"@id\":\"https:\/\/georgiaaccess.gov\/es\/archivos-de-uso-publico\/#breadcrumb\"},\"inLanguage\":\"es\",\"potentialAction\":[{\"@type\":\"ReadAction\",\"target\":[\"https:\/\/georgiaaccess.gov\/es\/archivos-de-uso-publico\/\"]}]},{\"@type\":\"ImageObject\",\"inLanguage\":\"es\",\"@id\":\"https:\/\/georgiaaccess.gov\/es\/archivos-de-uso-publico\/#primaryimage\",\"url\":\"https:\/\/georgiaaccess.gov\/wp-content\/uploads\/2025\/09\/about-georgia-access-header-scaled.jpg\",\"contentUrl\":\"https:\/\/georgiaaccess.gov\/wp-content\/uploads\/2025\/09\/about-georgia-access-header-scaled.jpg\",\"width\":2560,\"height\":356,\"caption\":\"Two men smiling.\"},{\"@type\":\"BreadcrumbList\",\"@id\":\"https:\/\/georgiaaccess.gov\/es\/archivos-de-uso-publico\/#breadcrumb\",\"itemListElement\":[{\"@type\":\"ListItem\",\"position\":1,\"name\":\"Home\",\"item\":\"https:\/\/georgiaaccess.gov\/es\/\"},{\"@type\":\"ListItem\",\"position\":2,\"name\":\"Archivos de uso p\u00fablico\"}]},{\"@type\":\"WebSite\",\"@id\":\"https:\/\/georgiaaccess.gov\/es\/#website\",\"url\":\"https:\/\/georgiaaccess.gov\/es\/\",\"name\":\"Georgia Access\",\"description\":\"\",\"publisher\":{\"@id\":\"https:\/\/georgiaaccess.gov\/es\/#organization\"},\"potentialAction\":[{\"@type\":\"SearchAction\",\"target\":{\"@type\":\"EntryPoint\",\"urlTemplate\":\"https:\/\/georgiaaccess.gov\/es\/?s={search_term_string}\"},\"query-input\":{\"@type\":\"PropertyValueSpecification\",\"valueRequired\":true,\"valueName\":\"search_term_string\"}}],\"inLanguage\":\"es\"},{\"@type\":\"Organization\",\"@id\":\"https:\/\/georgiaaccess.gov\/es\/#organization\",\"name\":\"Georgia Access\",\"url\":\"https:\/\/georgiaaccess.gov\/es\/\",\"logo\":{\"@type\":\"ImageObject\",\"inLanguage\":\"es\",\"@id\":\"https:\/\/georgiaaccess.gov\/es\/#\/schema\/logo\/image\/\",\"url\":\"https:\/\/georgiaaccess.gov\/wp-content\/uploads\/2022\/10\/georgia-access-logo-stacked.svg\",\"contentUrl\":\"https:\/\/georgiaaccess.gov\/wp-content\/uploads\/2022\/10\/georgia-access-logo-stacked.svg\",\"width\":180,\"height\":56,\"caption\":\"Georgia Access\"},\"image\":{\"@id\":\"https:\/\/georgiaaccess.gov\/es\/#\/schema\/logo\/image\/\"}}]}<\/script>\n<!-- \/ Yoast SEO plugin. -->","yoast_head_json":{"title":"Archivos de uso p\u00fablico | Georgia Access","description":"Descargue los archivos de uso p\u00fablico de Georgia Access para planes de salud calificados y planes dentales independientes que se ofrecen en Georgia.","robots":{"index":"index","follow":"follow","max-snippet":"max-snippet:-1","max-image-preview":"max-image-preview:large","max-video-preview":"max-video-preview:-1"},"canonical":"https:\/\/georgiaaccess.gov\/es\/archivos-de-uso-publico\/","og_locale":"es_ES","og_type":"article","og_title":"Archivos de uso p\u00fablico | Georgia Access","og_description":"Descargue los archivos de uso p\u00fablico de Georgia Access para planes de salud calificados y planes dentales independientes que se ofrecen en Georgia.","og_url":"https:\/\/georgiaaccess.gov\/es\/archivos-de-uso-publico\/","og_site_name":"Georgia Access","article_modified_time":"2026-01-07T20:29:12+00:00","og_image":[{"width":2560,"height":356,"url":"https:\/\/georgiaaccess.gov\/wp-content\/uploads\/2025\/09\/about-georgia-access-header-scaled.jpg","type":"image\/jpeg"}],"twitter_card":"summary_large_image","twitter_misc":{"Tiempo de lectura":"2 minutos"},"schema":{"@context":"https:\/\/schema.org","@graph":[{"@type":"WebPage","@id":"https:\/\/georgiaaccess.gov\/es\/archivos-de-uso-publico\/","url":"https:\/\/georgiaaccess.gov\/es\/archivos-de-uso-publico\/","name":"Archivos de uso p\u00fablico | Georgia Access","isPartOf":{"@id":"https:\/\/georgiaaccess.gov\/es\/#website"},"primaryImageOfPage":{"@id":"https:\/\/georgiaaccess.gov\/es\/archivos-de-uso-publico\/#primaryimage"},"image":{"@id":"https:\/\/georgiaaccess.gov\/es\/archivos-de-uso-publico\/#primaryimage"},"thumbnailUrl":"https:\/\/georgiaaccess.gov\/wp-content\/uploads\/2025\/09\/about-georgia-access-header-scaled.jpg","datePublished":"2024-10-29T16:57:04+00:00","dateModified":"2026-01-07T20:29:12+00:00","description":"Descargue los archivos de uso p\u00fablico de Georgia Access para planes de salud calificados y planes dentales independientes que se ofrecen en Georgia.","breadcrumb":{"@id":"https:\/\/georgiaaccess.gov\/es\/archivos-de-uso-publico\/#breadcrumb"},"inLanguage":"es","potentialAction":[{"@type":"ReadAction","target":["https:\/\/georgiaaccess.gov\/es\/archivos-de-uso-publico\/"]}]},{"@type":"ImageObject","inLanguage":"es","@id":"https:\/\/georgiaaccess.gov\/es\/archivos-de-uso-publico\/#primaryimage","url":"https:\/\/georgiaaccess.gov\/wp-content\/uploads\/2025\/09\/about-georgia-access-header-scaled.jpg","contentUrl":"https:\/\/georgiaaccess.gov\/wp-content\/uploads\/2025\/09\/about-georgia-access-header-scaled.jpg","width":2560,"height":356,"caption":"Two men smiling."},{"@type":"BreadcrumbList","@id":"https:\/\/georgiaaccess.gov\/es\/archivos-de-uso-publico\/#breadcrumb","itemListElement":[{"@type":"ListItem","position":1,"name":"Home","item":"https:\/\/georgiaaccess.gov\/es\/"},{"@type":"ListItem","position":2,"name":"Archivos de uso p\u00fablico"}]},{"@type":"WebSite","@id":"https:\/\/georgiaaccess.gov\/es\/#website","url":"https:\/\/georgiaaccess.gov\/es\/","name":"Georgia Access","description":"","publisher":{"@id":"https:\/\/georgiaaccess.gov\/es\/#organization"},"potentialAction":[{"@type":"SearchAction","target":{"@type":"EntryPoint","urlTemplate":"https:\/\/georgiaaccess.gov\/es\/?s={search_term_string}"},"query-input":{"@type":"PropertyValueSpecification","valueRequired":true,"valueName":"search_term_string"}}],"inLanguage":"es"},{"@type":"Organization","@id":"https:\/\/georgiaaccess.gov\/es\/#organization","name":"Georgia Access","url":"https:\/\/georgiaaccess.gov\/es\/","logo":{"@type":"ImageObject","inLanguage":"es","@id":"https:\/\/georgiaaccess.gov\/es\/#\/schema\/logo\/image\/","url":"https:\/\/georgiaaccess.gov\/wp-content\/uploads\/2022\/10\/georgia-access-logo-stacked.svg","contentUrl":"https:\/\/georgiaaccess.gov\/wp-content\/uploads\/2022\/10\/georgia-access-logo-stacked.svg","width":180,"height":56,"caption":"Georgia Access"},"image":{"@id":"https:\/\/georgiaaccess.gov\/es\/#\/schema\/logo\/image\/"}}]}},"uagb_featured_image_src":{"full":["https:\/\/georgiaaccess.gov\/wp-content\/uploads\/2025\/09\/about-georgia-access-header-scaled.jpg",2560,356,false],"thumbnail":["https:\/\/georgiaaccess.gov\/wp-content\/uploads\/2025\/09\/about-georgia-access-header-150x150.jpg",150,150,true],"medium":["https:\/\/georgiaaccess.gov\/wp-content\/uploads\/2025\/09\/about-georgia-access-header-300x42.jpg",300,42,true],"medium_large":["https:\/\/georgiaaccess.gov\/wp-content\/uploads\/2025\/09\/about-georgia-access-header-768x107.jpg",768,107,true],"large":["https:\/\/georgiaaccess.gov\/wp-content\/uploads\/2025\/09\/about-georgia-access-header-1024x142.jpg",1024,142,true],"1536x1536":["https:\/\/georgiaaccess.gov\/wp-content\/uploads\/2025\/09\/about-georgia-access-header-1536x213.jpg",1536,213,true],"2048x2048":["https:\/\/georgiaaccess.gov\/wp-content\/uploads\/2025\/09\/about-georgia-access-header-2048x284.jpg",2048,284,true]},"uagb_author_info":{"display_name":"Puloma De","author_link":"https:\/\/georgiaaccess.gov\/es\/author\/pde\/"},"uagb_comment_info":0,"uagb_excerpt":"Los archivos de uso p\u00fablico (PUF) son archivos p\u00fablicos descargables que incluyen informaci\u00f3n a nivel de plan y emisor para planes de salud calificados (QHP) certificados y planes dentales independientes (SADP) vendidos en Georgia Access. Los nueve PUF incluyen: Conjuntos de datos PUF descargables de 2026 Conjuntos de datos PUF descargables de 2025","_links":{"self":[{"href":"https:\/\/georgiaaccess.gov\/es\/wp-json\/wp\/v2\/pages\/4050","targetHints":{"allow":["GET"]}}],"collection":[{"href":"https:\/\/georgiaaccess.gov\/es\/wp-json\/wp\/v2\/pages"}],"about":[{"href":"https:\/\/georgiaaccess.gov\/es\/wp-json\/wp\/v2\/types\/page"}],"author":[{"embeddable":true,"href":"https:\/\/georgiaaccess.gov\/es\/wp-json\/wp\/v2\/users\/18"}],"replies":[{"embeddable":true,"href":"https:\/\/georgiaaccess.gov\/es\/wp-json\/wp\/v2\/comments?post=4050"}],"version-history":[{"count":23,"href":"https:\/\/georgiaaccess.gov\/es\/wp-json\/wp\/v2\/pages\/4050\/revisions"}],"predecessor-version":[{"id":9575,"href":"https:\/\/georgiaaccess.gov\/es\/wp-json\/wp\/v2\/pages\/4050\/revisions\/9575"}],"wp:featuredmedia":[{"embeddable":true,"href":"https:\/\/georgiaaccess.gov\/es\/wp-json\/wp\/v2\/media\/6611"}],"wp:attachment":[{"href":"https:\/\/georgiaaccess.gov\/es\/wp-json\/wp\/v2\/media?parent=4050"}],"curies":[{"name":"wp","href":"https:\/\/api.w.org\/{rel}","templated":true}]}}