{"id":3171,"date":"2023-06-23T11:07:24","date_gmt":"2023-06-23T15:07:24","guid":{"rendered":"https:\/\/georgiaaccess.gov\/para-los-socios\/agentes\/"},"modified":"2025-09-30T12:24:19","modified_gmt":"2025-09-30T16:24:19","slug":"agentes","status":"publish","type":"page","link":"https:\/\/georgiaaccess.gov\/es\/agentes\/","title":{"rendered":"Agentes"},"content":{"rendered":"\n<div class=\"wp-block-columns info-card is-layout-flex wp-container-core-columns-is-layout-8d4eccbc wp-block-columns-is-layout-flex\" style=\"border-radius:20px;margin-top:var(--wp--preset--spacing--50);margin-bottom:var(--wp--preset--spacing--50);padding-top:var(--wp--preset--spacing--60);padding-right:var(--wp--preset--spacing--40);padding-bottom:var(--wp--preset--spacing--60);padding-left:var(--wp--preset--spacing--40)\">\n<div class=\"wp-block-column is-layout-flow wp-block-column-is-layout-flow\" style=\"flex-basis:8%\">\n<figure class=\"wp-block-image aligncenter size-full card-icon\"><img loading=\"lazy\" decoding=\"async\" width=\"69\" height=\"67\" src=\"https:\/\/georgiaaccess.gov\/wp-content\/uploads\/2025\/08\/agent.svg\" alt=\"icono de agente\" class=\"wp-image-6074\"\/><\/figure>\n<\/div>\n\n\n\n<div class=\"wp-block-column is-layout-flow wp-block-column-is-layout-flow\">\n<h2 class=\"wp-block-heading has-ast-global-color-8-color has-text-color has-link-color wp-elements-c56a5980a22484a243d0b8de8a7e4349\">Capacitaci\u00f3n de certificaci\u00f3n del a\u00f1o plan 2026<\/h2>\n\n\n\n<p>La capacitaci\u00f3n para la certificaci\u00f3n del a\u00f1o del plan 2026 se abre el 31 de julio de 2025 para agentes y personal administrativo de agencias.<\/p>\n<\/div>\n<\/div>\n\n\n\n<p>Georgia Access se asocia con agentes y agencias autorizados para ayudar a los georgianos a inscribirse en una cobertura de atenci\u00f3n m\u00e9dica asequible. Esta p\u00e1gina describe lo que necesita saber para completar la certificaci\u00f3n y comenzar a apoyar a los consumidores. <\/p>\n\n\n\n<h2 class=\"wp-block-heading h2-heading\">Comience en 4 sencillos pasos<\/h2>\n\n\n\n<p><strong>Paso 1: Obtenga la certificaci\u00f3n<\/strong><br>Complete su capacitaci\u00f3n de certificaci\u00f3n del Plan A\u00f1o 2026 a trav\u00e9s del LMS. Todos los agentes y el personal administrativo de la agencia deben aprobar la evaluaci\u00f3n requerida para apoyar a los consumidores durante la Inscripci\u00f3n Abierta.<\/p>\n\n\n\n<p><strong>Paso 2: Configura tu perfil del portal de agentes<\/strong><br>Una vez certificado, cree su perfil del Portal de Agentes seg\u00fan su funci\u00f3n. Esto comienza el proceso de aprobaci\u00f3n para ayudar a los consumidores. <\/p>\n\n\n\n<p><strong>Paso 3: Establecer citas con los emisores<\/strong><br>Trabaje directamente con los emisores participantes de planes de salud calificados (QHP) y planes dentales independientes (SADP) para finalizar las citas.<\/p>\n\n\n\n<p><strong>Paso 4: Comience a inscribir a los consumidores<\/strong><br>Use el Portal de Agentes de Georgia Access o un socio aprobado de Inscripci\u00f3n Directa Mejorada (EDE) para ayudar a los consumidores durante la Inscripci\u00f3n Abierta.<\/p>\n\n\n\n<h2 class=\"wp-block-heading h2-heading\">Requisitos del agente<\/h2>\n\n\n\n<p>Para ayudar a los consumidores a trav\u00e9s de Georgia Access, los agentes deben cumplir con los siguientes requisitos:<\/p>\n\n\n\n<ul class=\"wp-block-list\">\n<li>Tener una licencia activa de Accidentes y Enfermedades de Georgia.<\/li>\n\n\n\n<li>Complete la capacitaci\u00f3n de certificaci\u00f3n de Georgia Access y apruebe la evaluaci\u00f3n final con una puntuaci\u00f3n del <strong>80% o m\u00e1s<\/strong>.  \n<ul class=\"wp-block-list\">\n<li><strong>PY26<\/strong> La certificaci\u00f3n se abre el <strong>31 de julio de 2025<\/strong> a las <a href=\"https:\/\/certification.georgiaaccess.gov\/learn\" target=\"_blank\" rel=\"noreferrer noopener\">certification.georgiaaccess.gov<\/a>.<\/li>\n<\/ul>\n<\/li>\n\n\n\n<li>Configure su perfil del portal de agentes de Georgia Access.\n<ul class=\"wp-block-list\">\n<li><strong>Nuevos agentes y personal administrativo de la agencia<\/strong> : deben crear y activar un perfil de portal de agentes.<\/li>\n\n\n\n<li><strong>Agentes que regresan y personal administrativo de la agencia<\/strong> : pueden iniciar sesi\u00f3n en el portal de agentes con sus credenciales existentes para revisar o actualizar su informaci\u00f3n.<\/li>\n<\/ul>\n<\/li>\n\n\n\n<li>Programar citas con compa\u00f1\u00edas de seguros participantes que ofrecen planes de salud calificados (QHP) y planes dentales independientes (SADP).<\/li>\n\n\n\n<li>Ayude a los consumidores a trav\u00e9s del Portal de Agentes de Georgia Access o una plataforma de socios de Inscripci\u00f3n Directa Mejorada (EDE) aprobada.<\/li>\n<\/ul>\n\n\n\n<h2 class=\"wp-block-heading h2-heading\">Notas adicionales<\/h2>\n\n\n\n<p>El personal administrativo de la agencia que apoya a los agentes o agencias tambi\u00e9n debe completar la capacitaci\u00f3n de certificaci\u00f3n a trav\u00e9s de <a href=\"https:\/\/certification.georgiaaccess.gov\/learn\" target=\"_blank\" rel=\"noreferrer noopener\">certification.georgiaaccess.gov<\/a>.<\/p>\n\n\n\n<p>Los subagentes limitados deben obtener la certificaci\u00f3n de personal administrativo de la agencia y est\u00e1n restringidos a funciones administrativas \u00fanicamente. Estos usuarios no requieren la certificaci\u00f3n de agente y no pueden actuar como agentes en Georgia Access.<\/p>\n\n\n\n<p>Solo los agentes residentes con una licencia activa son elegibles para cr\u00e9ditos de Educaci\u00f3n Continua (CE) al completar la capacitaci\u00f3n de certificaci\u00f3n.<\/p>\n\n\n\n<ul class=\"wp-block-list\">\n<li>Los nuevos agentes residentes reciben tres cr\u00e9ditos CE<\/li>\n\n\n\n<li>Los agentes residentes que regresan reciben un cr\u00e9dito CE<\/li>\n<\/ul>\n\n\n\n<h2 class=\"wp-block-heading h2-heading\">Lo que necesitar\u00e1 para crear su perfil de certificaci\u00f3n de LMS<\/h2>\n\n\n\n<p>Antes de comenzar la capacitaci\u00f3n de certificaci\u00f3n, aseg\u00farese de tener lo siguiente listo para crear su perfil de LMS:<\/p>\n\n\n\n<ul class=\"wp-block-list\">\n<li><strong>Su n\u00famero de productor nacional (NPN)<\/strong><br>Esto es necesario para validar su licencia y realizar un seguimiento de su certificaci\u00f3n. Ingresar un NPN incorrecto retrasar\u00e1 la certificaci\u00f3n. <\/li>\n\n\n\n<li><strong>Su afiliaci\u00f3n a la agencia (si corresponde)<\/strong><br>Conozca el nombre de su agencia y el gerente de la agencia.<\/li>\n\n\n\n<li><strong>Una direcci\u00f3n de correo electr\u00f3nico v\u00e1lida<\/strong><br><strong>Importante:<\/strong> Utilice la misma direcci\u00f3n de correo electr\u00f3nico para sus cuentas <strong>de LMS<\/strong> y <strong>Agent Portal<\/strong> .<\/li>\n\n\n\n<li><strong>Ortograf\u00eda correcta de su nombre<\/strong><br>Ingrese su nombre y apellido exactamente como desea que aparezca en su registro de certificaci\u00f3n.<\/li>\n<\/ul>\n\n\n\n<h2 class=\"wp-block-heading h2-heading\">M\u00e1s informaci\u00f3n<\/h2>\n\n\n\n<ul class=\"wp-block-list\">\n<li><a href=\"https:\/\/georgiaaccess.gov\/es\/agentes\/portal-de-agentes-de-acceso-de-georgia\/\">Descripci\u00f3n general y herramienta de configuraci\u00f3n del portal de agentes<\/a><\/li>\n\n\n\n<li><a href=\"https:\/\/georgiaaccess.gov\/es\/agentes\/ede-con-un-portal-de-agentes\/\">EDE con un portal de agentes<\/a><\/li>\n\n\n\n<li><a href=\"https:\/\/georgiaaccess.gov\/es\/agentes\/poc-de-designacion-de-agente-emisor\/\">POC de designaci\u00f3n de agente emisor<\/a><\/li>\n\n\n\n<li><a href=\"https:\/\/georgiaaccess.gov\/es\/agentes\/preguntas-frecuentes\/\">Preguntas frecuentes<\/a><\/li>\n\n\n\n<li><a href=\"https:\/\/georgiaaccess.gov\/es\/agentes\/formularios-de-consentimiento-y-mas-informacion\/\">Formularios de consentimiento y m\u00e1s informaci\u00f3n<\/a><\/li>\n<\/ul>\n\n\n\n<div style=\"height:42px\" aria-hidden=\"true\" class=\"wp-block-spacer\"><\/div>\n","protected":false},"excerpt":{"rendered":"<p>Capacitaci\u00f3n de certificaci\u00f3n del a\u00f1o plan 2026 La capacitaci\u00f3n para la certificaci\u00f3n del a\u00f1o del plan 2026 se abre el 31 de julio de 2025 para agentes y personal administrativo de agencias. Georgia Access se asocia con agentes y agencias autorizados para ayudar a los georgianos a inscribirse en una cobertura de atenci\u00f3n m\u00e9dica asequible. [&hellip;]<\/p>\n","protected":false},"author":1,"featured_media":6617,"parent":0,"menu_order":0,"comment_status":"closed","ping_status":"closed","template":"sidebar-menu-template.php","meta":{"_acf_changed":false,"inline_featured_image":false,"_uag_custom_page_level_css":"","site-sidebar-layout":"default","site-content-layout":"","ast-site-content-layout":"default","site-content-style":"default","site-sidebar-style":"default","ast-global-header-display":"","ast-banner-title-visibility":"","ast-main-header-display":"","ast-hfb-above-header-display":"","ast-hfb-below-header-display":"","ast-hfb-mobile-header-display":"","site-post-title":"","ast-breadcrumbs-content":"","ast-featured-img":"disabled","footer-sml-layout":"","ast-disable-related-posts":"","theme-transparent-header-meta":"","adv-header-id-meta":"","stick-header-meta":"","header-above-stick-meta":"","header-main-stick-meta":"","header-below-stick-meta":"","astra-migrate-meta-layouts":"set","ast-page-background-enabled":"default","ast-page-background-meta":{"desktop":{"background-color":"var(--ast-global-color-4)","background-image":"","background-repeat":"repeat","background-position":"center center","background-size":"auto","background-attachment":"scroll","background-type":"","background-media":"","overlay-type":"","overlay-color":"","overlay-opacity":"","overlay-gradient":""},"tablet":{"background-color":"","background-image":"","background-repeat":"repeat","background-position":"center center","background-size":"auto","background-attachment":"scroll","background-type":"","background-media":"","overlay-type":"","overlay-color":"","overlay-opacity":"","overlay-gradient":""},"mobile":{"background-color":"","background-image":"","background-repeat":"repeat","background-position":"center center","background-size":"auto","background-attachment":"scroll","background-type":"","background-media":"","overlay-type":"","overlay-color":"","overlay-opacity":"","overlay-gradient":""}},"ast-content-background-meta":{"desktop":{"background-color":"var(--ast-global-color-5)","background-image":"","background-repeat":"repeat","background-position":"center center","background-size":"auto","background-attachment":"scroll","background-type":"","background-media":"","overlay-type":"","overlay-color":"","overlay-opacity":"","overlay-gradient":""},"tablet":{"background-color":"var(--ast-global-color-5)","background-image":"","background-repeat":"repeat","background-position":"center center","background-size":"auto","background-attachment":"scroll","background-type":"","background-media":"","overlay-type":"","overlay-color":"","overlay-opacity":"","overlay-gradient":""},"mobile":{"background-color":"var(--ast-global-color-5)","background-image":"","background-repeat":"repeat","background-position":"center center","background-size":"auto","background-attachment":"scroll","background-type":"","background-media":"","overlay-type":"","overlay-color":"","overlay-opacity":"","overlay-gradient":""}},"footnotes":""},"class_list":["post-3171","page","type-page","status-publish","has-post-thumbnail","hentry"],"acf":[],"yoast_head":"<!-- This site is optimized with the Yoast SEO plugin v26.8 - https:\/\/yoast.com\/product\/yoast-seo-wordpress\/ -->\n<title>Agentes | Acceso a Georgia<\/title>\n<meta name=\"description\" content=\"Obtenga m\u00e1s informaci\u00f3n sobre los agentes de seguros de salud de Georgia Access. Reg\u00edstrese para recibir comunicaciones con los agentes de Georgia Access aqu\u00ed.\" \/>\n<meta name=\"robots\" content=\"index, follow, max-snippet:-1, max-image-preview:large, max-video-preview:-1\" \/>\n<link rel=\"canonical\" href=\"https:\/\/georgiaaccess.gov\/es\/agentes\/\" \/>\n<meta property=\"og:locale\" content=\"es_ES\" \/>\n<meta property=\"og:type\" content=\"article\" \/>\n<meta property=\"og:title\" content=\"Agentes | Acceso a Georgia\" \/>\n<meta property=\"og:description\" content=\"Obtenga m\u00e1s informaci\u00f3n sobre los agentes de seguros de salud de Georgia Access. Reg\u00edstrese para recibir comunicaciones con los agentes de Georgia Access aqu\u00ed.\" \/>\n<meta property=\"og:url\" content=\"https:\/\/georgiaaccess.gov\/es\/agentes\/\" \/>\n<meta property=\"og:site_name\" content=\"Georgia Access\" \/>\n<meta property=\"article:modified_time\" content=\"2025-09-30T16:24:19+00:00\" \/>\n<meta property=\"og:image\" content=\"https:\/\/georgiaaccess.gov\/wp-content\/uploads\/2025\/09\/partners-header-scaled.jpg\" \/>\n\t<meta property=\"og:image:width\" content=\"2560\" \/>\n\t<meta property=\"og:image:height\" content=\"356\" \/>\n\t<meta property=\"og:image:type\" content=\"image\/jpeg\" \/>\n<meta name=\"twitter:card\" content=\"summary_large_image\" \/>\n<meta name=\"twitter:label1\" content=\"Tiempo de lectura\" \/>\n\t<meta name=\"twitter:data1\" content=\"4 minutos\" \/>\n<script type=\"application\/ld+json\" class=\"yoast-schema-graph\">{\"@context\":\"https:\/\/schema.org\",\"@graph\":[{\"@type\":\"WebPage\",\"@id\":\"https:\/\/georgiaaccess.gov\/es\/agentes\/\",\"url\":\"https:\/\/georgiaaccess.gov\/es\/agentes\/\",\"name\":\"Agentes | Acceso a Georgia\",\"isPartOf\":{\"@id\":\"https:\/\/georgiaaccess.gov\/es\/#website\"},\"primaryImageOfPage\":{\"@id\":\"https:\/\/georgiaaccess.gov\/es\/agentes\/#primaryimage\"},\"image\":{\"@id\":\"https:\/\/georgiaaccess.gov\/es\/agentes\/#primaryimage\"},\"thumbnailUrl\":\"https:\/\/georgiaaccess.gov\/wp-content\/uploads\/2025\/09\/partners-header-scaled.jpg\",\"datePublished\":\"2023-06-23T15:07:24+00:00\",\"dateModified\":\"2025-09-30T16:24:19+00:00\",\"description\":\"Obtenga m\u00e1s informaci\u00f3n sobre los agentes de seguros de salud de Georgia Access. Reg\u00edstrese para recibir comunicaciones con los agentes de Georgia Access aqu\u00ed.\",\"breadcrumb\":{\"@id\":\"https:\/\/georgiaaccess.gov\/es\/agentes\/#breadcrumb\"},\"inLanguage\":\"es\",\"potentialAction\":[{\"@type\":\"ReadAction\",\"target\":[\"https:\/\/georgiaaccess.gov\/es\/agentes\/\"]}]},{\"@type\":\"ImageObject\",\"inLanguage\":\"es\",\"@id\":\"https:\/\/georgiaaccess.gov\/es\/agentes\/#primaryimage\",\"url\":\"https:\/\/georgiaaccess.gov\/wp-content\/uploads\/2025\/09\/partners-header-scaled.jpg\",\"contentUrl\":\"https:\/\/georgiaaccess.gov\/wp-content\/uploads\/2025\/09\/partners-header-scaled.jpg\",\"width\":2560,\"height\":356,\"caption\":\"Woman smiling and holding documents.\"},{\"@type\":\"BreadcrumbList\",\"@id\":\"https:\/\/georgiaaccess.gov\/es\/agentes\/#breadcrumb\",\"itemListElement\":[{\"@type\":\"ListItem\",\"position\":1,\"name\":\"Home\",\"item\":\"https:\/\/georgiaaccess.gov\/es\/\"},{\"@type\":\"ListItem\",\"position\":2,\"name\":\"Agentes\"}]},{\"@type\":\"WebSite\",\"@id\":\"https:\/\/georgiaaccess.gov\/es\/#website\",\"url\":\"https:\/\/georgiaaccess.gov\/es\/\",\"name\":\"Georgia Access\",\"description\":\"\",\"publisher\":{\"@id\":\"https:\/\/georgiaaccess.gov\/es\/#organization\"},\"potentialAction\":[{\"@type\":\"SearchAction\",\"target\":{\"@type\":\"EntryPoint\",\"urlTemplate\":\"https:\/\/georgiaaccess.gov\/es\/?s={search_term_string}\"},\"query-input\":{\"@type\":\"PropertyValueSpecification\",\"valueRequired\":true,\"valueName\":\"search_term_string\"}}],\"inLanguage\":\"es\"},{\"@type\":\"Organization\",\"@id\":\"https:\/\/georgiaaccess.gov\/es\/#organization\",\"name\":\"Georgia Access\",\"url\":\"https:\/\/georgiaaccess.gov\/es\/\",\"logo\":{\"@type\":\"ImageObject\",\"inLanguage\":\"es\",\"@id\":\"https:\/\/georgiaaccess.gov\/es\/#\/schema\/logo\/image\/\",\"url\":\"https:\/\/georgiaaccess.gov\/wp-content\/uploads\/2022\/10\/georgia-access-logo-stacked.svg\",\"contentUrl\":\"https:\/\/georgiaaccess.gov\/wp-content\/uploads\/2022\/10\/georgia-access-logo-stacked.svg\",\"width\":180,\"height\":56,\"caption\":\"Georgia Access\"},\"image\":{\"@id\":\"https:\/\/georgiaaccess.gov\/es\/#\/schema\/logo\/image\/\"}}]}<\/script>\n<!-- \/ Yoast SEO plugin. -->","yoast_head_json":{"title":"Agentes | Acceso a Georgia","description":"Obtenga m\u00e1s informaci\u00f3n sobre los agentes de seguros de salud de Georgia Access. Reg\u00edstrese para recibir comunicaciones con los agentes de Georgia Access aqu\u00ed.","robots":{"index":"index","follow":"follow","max-snippet":"max-snippet:-1","max-image-preview":"max-image-preview:large","max-video-preview":"max-video-preview:-1"},"canonical":"https:\/\/georgiaaccess.gov\/es\/agentes\/","og_locale":"es_ES","og_type":"article","og_title":"Agentes | Acceso a Georgia","og_description":"Obtenga m\u00e1s informaci\u00f3n sobre los agentes de seguros de salud de Georgia Access. Reg\u00edstrese para recibir comunicaciones con los agentes de Georgia Access aqu\u00ed.","og_url":"https:\/\/georgiaaccess.gov\/es\/agentes\/","og_site_name":"Georgia Access","article_modified_time":"2025-09-30T16:24:19+00:00","og_image":[{"width":2560,"height":356,"url":"https:\/\/georgiaaccess.gov\/wp-content\/uploads\/2025\/09\/partners-header-scaled.jpg","type":"image\/jpeg"}],"twitter_card":"summary_large_image","twitter_misc":{"Tiempo de lectura":"4 minutos"},"schema":{"@context":"https:\/\/schema.org","@graph":[{"@type":"WebPage","@id":"https:\/\/georgiaaccess.gov\/es\/agentes\/","url":"https:\/\/georgiaaccess.gov\/es\/agentes\/","name":"Agentes | Acceso a Georgia","isPartOf":{"@id":"https:\/\/georgiaaccess.gov\/es\/#website"},"primaryImageOfPage":{"@id":"https:\/\/georgiaaccess.gov\/es\/agentes\/#primaryimage"},"image":{"@id":"https:\/\/georgiaaccess.gov\/es\/agentes\/#primaryimage"},"thumbnailUrl":"https:\/\/georgiaaccess.gov\/wp-content\/uploads\/2025\/09\/partners-header-scaled.jpg","datePublished":"2023-06-23T15:07:24+00:00","dateModified":"2025-09-30T16:24:19+00:00","description":"Obtenga m\u00e1s informaci\u00f3n sobre los agentes de seguros de salud de Georgia Access. Reg\u00edstrese para recibir comunicaciones con los agentes de Georgia Access aqu\u00ed.","breadcrumb":{"@id":"https:\/\/georgiaaccess.gov\/es\/agentes\/#breadcrumb"},"inLanguage":"es","potentialAction":[{"@type":"ReadAction","target":["https:\/\/georgiaaccess.gov\/es\/agentes\/"]}]},{"@type":"ImageObject","inLanguage":"es","@id":"https:\/\/georgiaaccess.gov\/es\/agentes\/#primaryimage","url":"https:\/\/georgiaaccess.gov\/wp-content\/uploads\/2025\/09\/partners-header-scaled.jpg","contentUrl":"https:\/\/georgiaaccess.gov\/wp-content\/uploads\/2025\/09\/partners-header-scaled.jpg","width":2560,"height":356,"caption":"Woman smiling and holding documents."},{"@type":"BreadcrumbList","@id":"https:\/\/georgiaaccess.gov\/es\/agentes\/#breadcrumb","itemListElement":[{"@type":"ListItem","position":1,"name":"Home","item":"https:\/\/georgiaaccess.gov\/es\/"},{"@type":"ListItem","position":2,"name":"Agentes"}]},{"@type":"WebSite","@id":"https:\/\/georgiaaccess.gov\/es\/#website","url":"https:\/\/georgiaaccess.gov\/es\/","name":"Georgia Access","description":"","publisher":{"@id":"https:\/\/georgiaaccess.gov\/es\/#organization"},"potentialAction":[{"@type":"SearchAction","target":{"@type":"EntryPoint","urlTemplate":"https:\/\/georgiaaccess.gov\/es\/?s={search_term_string}"},"query-input":{"@type":"PropertyValueSpecification","valueRequired":true,"valueName":"search_term_string"}}],"inLanguage":"es"},{"@type":"Organization","@id":"https:\/\/georgiaaccess.gov\/es\/#organization","name":"Georgia Access","url":"https:\/\/georgiaaccess.gov\/es\/","logo":{"@type":"ImageObject","inLanguage":"es","@id":"https:\/\/georgiaaccess.gov\/es\/#\/schema\/logo\/image\/","url":"https:\/\/georgiaaccess.gov\/wp-content\/uploads\/2022\/10\/georgia-access-logo-stacked.svg","contentUrl":"https:\/\/georgiaaccess.gov\/wp-content\/uploads\/2022\/10\/georgia-access-logo-stacked.svg","width":180,"height":56,"caption":"Georgia Access"},"image":{"@id":"https:\/\/georgiaaccess.gov\/es\/#\/schema\/logo\/image\/"}}]}},"uagb_featured_image_src":{"full":["https:\/\/georgiaaccess.gov\/wp-content\/uploads\/2025\/09\/partners-header-scaled.jpg",2560,356,false],"thumbnail":["https:\/\/georgiaaccess.gov\/wp-content\/uploads\/2025\/09\/partners-header-150x150.jpg",150,150,true],"medium":["https:\/\/georgiaaccess.gov\/wp-content\/uploads\/2025\/09\/partners-header-300x42.jpg",300,42,true],"medium_large":["https:\/\/georgiaaccess.gov\/wp-content\/uploads\/2025\/09\/partners-header-768x107.jpg",768,107,true],"large":["https:\/\/georgiaaccess.gov\/wp-content\/uploads\/2025\/09\/partners-header-1024x142.jpg",1024,142,true],"1536x1536":["https:\/\/georgiaaccess.gov\/wp-content\/uploads\/2025\/09\/partners-header-1536x213.jpg",1536,213,true],"2048x2048":["https:\/\/georgiaaccess.gov\/wp-content\/uploads\/2025\/09\/partners-header-2048x284.jpg",2048,284,true]},"uagb_author_info":{"display_name":"notadmin","author_link":"https:\/\/georgiaaccess.gov\/es\/author\/notadmin\/"},"uagb_comment_info":0,"uagb_excerpt":"Capacitaci\u00f3n de certificaci\u00f3n del a\u00f1o plan 2026 La capacitaci\u00f3n para la certificaci\u00f3n del a\u00f1o del plan 2026 se abre el 31 de julio de 2025 para agentes y personal administrativo de agencias. Georgia Access se asocia con agentes y agencias autorizados para ayudar a los georgianos a inscribirse en una cobertura de atenci\u00f3n m\u00e9dica asequible.&hellip;","_links":{"self":[{"href":"https:\/\/georgiaaccess.gov\/es\/wp-json\/wp\/v2\/pages\/3171","targetHints":{"allow":["GET"]}}],"collection":[{"href":"https:\/\/georgiaaccess.gov\/es\/wp-json\/wp\/v2\/pages"}],"about":[{"href":"https:\/\/georgiaaccess.gov\/es\/wp-json\/wp\/v2\/types\/page"}],"author":[{"embeddable":true,"href":"https:\/\/georgiaaccess.gov\/es\/wp-json\/wp\/v2\/users\/1"}],"replies":[{"embeddable":true,"href":"https:\/\/georgiaaccess.gov\/es\/wp-json\/wp\/v2\/comments?post=3171"}],"version-history":[{"count":32,"href":"https:\/\/georgiaaccess.gov\/es\/wp-json\/wp\/v2\/pages\/3171\/revisions"}],"predecessor-version":[{"id":8752,"href":"https:\/\/georgiaaccess.gov\/es\/wp-json\/wp\/v2\/pages\/3171\/revisions\/8752"}],"wp:featuredmedia":[{"embeddable":true,"href":"https:\/\/georgiaaccess.gov\/es\/wp-json\/wp\/v2\/media\/6617"}],"wp:attachment":[{"href":"https:\/\/georgiaaccess.gov\/es\/wp-json\/wp\/v2\/media?parent=3171"}],"curies":[{"name":"wp","href":"https:\/\/api.w.org\/{rel}","templated":true}]}}