{"id":3170,"date":"2022-11-07T16:17:58","date_gmt":"2022-11-07T20:17:58","guid":{"rendered":"https:\/\/georgiaaccess.gov\/politica-de-privacidad\/"},"modified":"2026-02-12T09:41:45","modified_gmt":"2026-02-12T13:41:45","slug":"politica-de-privacidad","status":"publish","type":"page","link":"https:\/\/georgiaaccess.gov\/es\/politica-de-privacidad\/","title":{"rendered":"Pol\u00edtica de privacidad"},"content":{"rendered":"\n<h2 class=\"wp-block-heading\"><strong>Pol\u00edtica de privacidad&nbsp;de Georgia Access Health Insurance Exchange&nbsp;<\/strong><\/h2>\n\n\n\n<p>El Intercambio de Seguros M\u00e9dicos de Georgia Access, tambi\u00e9n conocido como Georgia Access, se toma muy en serio su privacidad. A continuaci\u00f3n se presenta un resumen de nuestra Pol\u00edtica de Privacidad. Tambi\u00e9n puedes leer toda la <a href=\"\/wp-content\/uploads\/2026\/02\/OCI_GEORGIA_ACCESS_PRIVACY_POLICY_Updated_Jan2026_FINAL.pdf\" target=\"_blank\" rel=\"noreferrer noopener\">pol\u00edtica<\/a>. Nuestra Pol\u00edtica de Privacidad te indica qu\u00e9 tipo de informaci\u00f3n personal recopilamos, c\u00f3mo la utilizamos y c\u00f3mo la protegemos.<\/p>\n\n\n\n<p><strong>Recopilaci\u00f3n y uso de la informaci\u00f3n<\/strong><\/p>\n\n\n\n<p>Recopilamos cierta Informaci\u00f3n Personal Identificable (IPI), como tu nombre, direcci\u00f3n, correo electr\u00f3nico, informaci\u00f3n sobre tus ingresos y situaci\u00f3n de ciudadan\u00eda e inmigraci\u00f3n, para determinar si re\u00fanes los requisitos para la cobertura sanitaria y otros programas de asequibilidad de seguros, y para facilitar la inscripci\u00f3n en dicha cobertura o programas. Limitamos estrictamente el uso que hacemos de la informaci\u00f3n de la solicitud que nos proporcionas a estos fines. S\u00f3lo se te pedir\u00e1 que proporciones la informaci\u00f3n m\u00ednima necesaria para determinar la elegibilidad para los programas o planes de salud aplicables. Tu IIP s\u00f3lo se compartir\u00e1 con las personas autorizadas a recibirla o consultarla.   <\/p>\n\n\n\n<p>Cuando un usuario visita nuestro sitio web, tambi\u00e9n recogemos informaci\u00f3n sobre la visita que no identifica personalmente al usuario. Rastreamos informaci\u00f3n como el dominio desde el que nos visita el usuario y el tipo de navegador del usuario. Tambi\u00e9n recogemos informaci\u00f3n espec\u00edfica sobre la sesi\u00f3n del usuario en nuestro sitio web. Esto incluye elementos como la fecha y hora de la visita y las p\u00e1ginas visitadas.   <\/p>\n\n\n\n<p><strong>C\u00f3mo protegemos su informaci\u00f3n personal<\/strong><\/p>\n\n\n\n<p>Nos adherimos estrictamente a una amplia gama de normas federales y estatales relacionadas con la privacidad y la seguridad de la informaci\u00f3n, incluidas las normas de privacidad de la ACA y las Directrices del Instituto Nacional de Est\u00e1ndares y Tecnolog\u00eda (NIST), y mantendremos la privacidad y seguridad de la informaci\u00f3n que nos proporciones tal y como exigen estas leyes. Tomaremos todas las medidas razonables para garantizar la confidencialidad, integridad y disponibilidad de tu informaci\u00f3n personal. Utilizamos una serie de salvaguardias y controles de seguridad, incluidas interfaces electr\u00f3nicas seguras cuando compartimos informaci\u00f3n personal electr\u00f3nicamente.  <\/p>\n\n\n\n<p><strong>Acceso y correcci\u00f3n de la informaci\u00f3n personal<\/strong><\/p>\n\n\n\n<p>Nuestra&nbsp;Pol\u00edtica&nbsp;de Privacidad&nbsp;le indica c\u00f3mo puede ver la informaci\u00f3n personal que tenemos archivada sobre usted y c\u00f3mo puede corregirla, si es necesario.<\/p>\n\n\n\n<p><strong>Enlaces a otros sitios web<\/strong><\/p>\n\n\n\n<p>El sitio web de Georgia Access puede contener enlaces a otros sitios. No controlamos ni aprobamos los sitios externos y no somos responsables de su contenido.   <\/p>\n\n\n\n<div class=\"wp-block-uagb-container uagb-block-49403f99 alignfull uagb-is-root-container\"><div class=\"uagb-container-inner-blocks-wrap\"><\/div><\/div>\n\n\n\n<div class=\"wp-block-uagb-container uagb-block-de7d42e0 alignfull uagb-is-root-container\"><div class=\"uagb-container-inner-blocks-wrap\"><\/div><\/div>\n\n\n\n<div class=\"wp-block-uagb-container uagb-block-a200cc0f alignfull uagb-is-root-container\"><div class=\"uagb-container-inner-blocks-wrap\"><\/div><\/div>\n\n\n\n<div class=\"wp-block-uagb-container uagb-block-4c2f0728 alignfull uagb-is-root-container\"><div class=\"uagb-container-inner-blocks-wrap\"><\/div><\/div>\n","protected":false},"excerpt":{"rendered":"<p>Pol\u00edtica de privacidad&nbsp;de Georgia Access Health Insurance Exchange&nbsp; El Intercambio de Seguros M\u00e9dicos de Georgia Access, tambi\u00e9n conocido como Georgia Access, se toma muy en serio su privacidad. A continuaci\u00f3n se presenta un resumen de nuestra Pol\u00edtica de Privacidad. Tambi\u00e9n puedes leer toda la pol\u00edtica. Nuestra Pol\u00edtica de Privacidad te indica qu\u00e9 tipo de informaci\u00f3n [&hellip;]<\/p>\n","protected":false},"author":1,"featured_media":6615,"parent":0,"menu_order":0,"comment_status":"closed","ping_status":"closed","template":"text-heavy-template.php","meta":{"_acf_changed":false,"inline_featured_image":false,"_uag_custom_page_level_css":"","site-sidebar-layout":"default","site-content-layout":"","ast-site-content-layout":"default","site-content-style":"default","site-sidebar-style":"default","ast-global-header-display":"","ast-banner-title-visibility":"","ast-main-header-display":"","ast-hfb-above-header-display":"","ast-hfb-below-header-display":"","ast-hfb-mobile-header-display":"","site-post-title":"disabled","ast-breadcrumbs-content":"","ast-featured-img":"disabled","footer-sml-layout":"","ast-disable-related-posts":"","theme-transparent-header-meta":"","adv-header-id-meta":"","stick-header-meta":"","header-above-stick-meta":"","header-main-stick-meta":"","header-below-stick-meta":"","astra-migrate-meta-layouts":"set","ast-page-background-enabled":"default","ast-page-background-meta":{"desktop":{"background-color":"var(--ast-global-color-4)","background-image":"","background-repeat":"repeat","background-position":"center center","background-size":"auto","background-attachment":"scroll","background-type":"","background-media":"","overlay-type":"","overlay-color":"","overlay-opacity":"","overlay-gradient":""},"tablet":{"background-color":"","background-image":"","background-repeat":"repeat","background-position":"center center","background-size":"auto","background-attachment":"scroll","background-type":"","background-media":"","overlay-type":"","overlay-color":"","overlay-opacity":"","overlay-gradient":""},"mobile":{"background-color":"","background-image":"","background-repeat":"repeat","background-position":"center center","background-size":"auto","background-attachment":"scroll","background-type":"","background-media":"","overlay-type":"","overlay-color":"","overlay-opacity":"","overlay-gradient":""}},"ast-content-background-meta":{"desktop":{"background-color":"var(--ast-global-color-5)","background-image":"","background-repeat":"repeat","background-position":"center center","background-size":"auto","background-attachment":"scroll","background-type":"","background-media":"","overlay-type":"","overlay-color":"","overlay-opacity":"","overlay-gradient":""},"tablet":{"background-color":"var(--ast-global-color-5)","background-image":"","background-repeat":"repeat","background-position":"center center","background-size":"auto","background-attachment":"scroll","background-type":"","background-media":"","overlay-type":"","overlay-color":"","overlay-opacity":"","overlay-gradient":""},"mobile":{"background-color":"var(--ast-global-color-5)","background-image":"","background-repeat":"repeat","background-position":"center center","background-size":"auto","background-attachment":"scroll","background-type":"","background-media":"","overlay-type":"","overlay-color":"","overlay-opacity":"","overlay-gradient":""}},"footnotes":""},"class_list":["post-3170","page","type-page","status-publish","has-post-thumbnail","hentry"],"acf":[],"yoast_head":"<!-- This site is optimized with the Yoast SEO plugin v26.8 - https:\/\/yoast.com\/product\/yoast-seo-wordpress\/ -->\n<title>Acerca de Georgia Access | Acceso a Georgia<\/title>\n<meta name=\"description\" content=\"GeorgiaAccess.gov es tu lugar para informarte sobre muchas iniciativas importantes del estado en materia de salud. Forma parte de nuestro compromiso continuo para que todos los ciudadanos tengan cobertura y est\u00e9n sanos.\" \/>\n<meta name=\"robots\" content=\"noindex, nofollow\" \/>\n<meta property=\"og:locale\" content=\"es_ES\" \/>\n<meta property=\"og:type\" content=\"article\" \/>\n<meta property=\"og:title\" content=\"Acerca de Georgia Access | Acceso a Georgia\" \/>\n<meta property=\"og:description\" content=\"GeorgiaAccess.gov es tu lugar para informarte sobre muchas iniciativas importantes del estado en materia de salud. Forma parte de nuestro compromiso continuo para que todos los ciudadanos tengan cobertura y est\u00e9n sanos.\" \/>\n<meta property=\"og:url\" content=\"https:\/\/georgiaaccess.gov\/es\/politica-de-privacidad\/\" \/>\n<meta property=\"og:site_name\" content=\"Georgia Access\" \/>\n<meta property=\"article:modified_time\" content=\"2026-02-12T13:41:45+00:00\" \/>\n<meta property=\"og:image\" content=\"https:\/\/georgiaaccess.gov\/wp-content\/uploads\/2025\/09\/individuals-and-families-header-scaled.jpg\" \/>\n\t<meta property=\"og:image:width\" content=\"2560\" \/>\n\t<meta property=\"og:image:height\" content=\"356\" \/>\n\t<meta property=\"og:image:type\" content=\"image\/jpeg\" \/>\n<meta name=\"twitter:card\" content=\"summary_large_image\" \/>\n<meta name=\"twitter:label1\" content=\"Tiempo de lectura\" \/>\n\t<meta name=\"twitter:data1\" content=\"2 minutos\" \/>\n<script type=\"application\/ld+json\" class=\"yoast-schema-graph\">{\"@context\":\"https:\/\/schema.org\",\"@graph\":[{\"@type\":\"WebPage\",\"@id\":\"https:\/\/georgiaaccess.gov\/es\/politica-de-privacidad\/\",\"url\":\"https:\/\/georgiaaccess.gov\/es\/politica-de-privacidad\/\",\"name\":\"Acerca de Georgia Access | Acceso a Georgia\",\"isPartOf\":{\"@id\":\"https:\/\/georgiaaccess.gov\/es\/#website\"},\"primaryImageOfPage\":{\"@id\":\"https:\/\/georgiaaccess.gov\/es\/politica-de-privacidad\/#primaryimage\"},\"image\":{\"@id\":\"https:\/\/georgiaaccess.gov\/es\/politica-de-privacidad\/#primaryimage\"},\"thumbnailUrl\":\"https:\/\/georgiaaccess.gov\/wp-content\/uploads\/2025\/09\/individuals-and-families-header-scaled.jpg\",\"datePublished\":\"2022-11-07T20:17:58+00:00\",\"dateModified\":\"2026-02-12T13:41:45+00:00\",\"description\":\"GeorgiaAccess.gov es tu lugar para informarte sobre muchas iniciativas importantes del estado en materia de salud. Forma parte de nuestro compromiso continuo para que todos los ciudadanos tengan cobertura y est\u00e9n sanos.\",\"breadcrumb\":{\"@id\":\"https:\/\/georgiaaccess.gov\/es\/politica-de-privacidad\/#breadcrumb\"},\"inLanguage\":\"es\",\"potentialAction\":[{\"@type\":\"ReadAction\",\"target\":[\"https:\/\/georgiaaccess.gov\/es\/politica-de-privacidad\/\"]}]},{\"@type\":\"ImageObject\",\"inLanguage\":\"es\",\"@id\":\"https:\/\/georgiaaccess.gov\/es\/politica-de-privacidad\/#primaryimage\",\"url\":\"https:\/\/georgiaaccess.gov\/wp-content\/uploads\/2025\/09\/individuals-and-families-header-scaled.jpg\",\"contentUrl\":\"https:\/\/georgiaaccess.gov\/wp-content\/uploads\/2025\/09\/individuals-and-families-header-scaled.jpg\",\"width\":2560,\"height\":356,\"caption\":\"A man and two young boys smiling and hugging.\"},{\"@type\":\"BreadcrumbList\",\"@id\":\"https:\/\/georgiaaccess.gov\/es\/politica-de-privacidad\/#breadcrumb\",\"itemListElement\":[{\"@type\":\"ListItem\",\"position\":1,\"name\":\"Home\",\"item\":\"https:\/\/georgiaaccess.gov\/es\/\"},{\"@type\":\"ListItem\",\"position\":2,\"name\":\"Pol\u00edtica de privacidad\"}]},{\"@type\":\"WebSite\",\"@id\":\"https:\/\/georgiaaccess.gov\/es\/#website\",\"url\":\"https:\/\/georgiaaccess.gov\/es\/\",\"name\":\"Georgia Access\",\"description\":\"\",\"publisher\":{\"@id\":\"https:\/\/georgiaaccess.gov\/es\/#organization\"},\"potentialAction\":[{\"@type\":\"SearchAction\",\"target\":{\"@type\":\"EntryPoint\",\"urlTemplate\":\"https:\/\/georgiaaccess.gov\/es\/?s={search_term_string}\"},\"query-input\":{\"@type\":\"PropertyValueSpecification\",\"valueRequired\":true,\"valueName\":\"search_term_string\"}}],\"inLanguage\":\"es\"},{\"@type\":\"Organization\",\"@id\":\"https:\/\/georgiaaccess.gov\/es\/#organization\",\"name\":\"Georgia Access\",\"url\":\"https:\/\/georgiaaccess.gov\/es\/\",\"logo\":{\"@type\":\"ImageObject\",\"inLanguage\":\"es\",\"@id\":\"https:\/\/georgiaaccess.gov\/es\/#\/schema\/logo\/image\/\",\"url\":\"https:\/\/georgiaaccess.gov\/wp-content\/uploads\/2022\/10\/georgia-access-logo-stacked.svg\",\"contentUrl\":\"https:\/\/georgiaaccess.gov\/wp-content\/uploads\/2022\/10\/georgia-access-logo-stacked.svg\",\"width\":180,\"height\":56,\"caption\":\"Georgia Access\"},\"image\":{\"@id\":\"https:\/\/georgiaaccess.gov\/es\/#\/schema\/logo\/image\/\"}}]}<\/script>\n<!-- \/ Yoast SEO plugin. -->","yoast_head_json":{"title":"Acerca de Georgia Access | Acceso a Georgia","description":"GeorgiaAccess.gov es tu lugar para informarte sobre muchas iniciativas importantes del estado en materia de salud. Forma parte de nuestro compromiso continuo para que todos los ciudadanos tengan cobertura y est\u00e9n sanos.","robots":{"index":"noindex","follow":"nofollow"},"og_locale":"es_ES","og_type":"article","og_title":"Acerca de Georgia Access | Acceso a Georgia","og_description":"GeorgiaAccess.gov es tu lugar para informarte sobre muchas iniciativas importantes del estado en materia de salud. Forma parte de nuestro compromiso continuo para que todos los ciudadanos tengan cobertura y est\u00e9n sanos.","og_url":"https:\/\/georgiaaccess.gov\/es\/politica-de-privacidad\/","og_site_name":"Georgia Access","article_modified_time":"2026-02-12T13:41:45+00:00","og_image":[{"width":2560,"height":356,"url":"https:\/\/georgiaaccess.gov\/wp-content\/uploads\/2025\/09\/individuals-and-families-header-scaled.jpg","type":"image\/jpeg"}],"twitter_card":"summary_large_image","twitter_misc":{"Tiempo de lectura":"2 minutos"},"schema":{"@context":"https:\/\/schema.org","@graph":[{"@type":"WebPage","@id":"https:\/\/georgiaaccess.gov\/es\/politica-de-privacidad\/","url":"https:\/\/georgiaaccess.gov\/es\/politica-de-privacidad\/","name":"Acerca de Georgia Access | Acceso a Georgia","isPartOf":{"@id":"https:\/\/georgiaaccess.gov\/es\/#website"},"primaryImageOfPage":{"@id":"https:\/\/georgiaaccess.gov\/es\/politica-de-privacidad\/#primaryimage"},"image":{"@id":"https:\/\/georgiaaccess.gov\/es\/politica-de-privacidad\/#primaryimage"},"thumbnailUrl":"https:\/\/georgiaaccess.gov\/wp-content\/uploads\/2025\/09\/individuals-and-families-header-scaled.jpg","datePublished":"2022-11-07T20:17:58+00:00","dateModified":"2026-02-12T13:41:45+00:00","description":"GeorgiaAccess.gov es tu lugar para informarte sobre muchas iniciativas importantes del estado en materia de salud. Forma parte de nuestro compromiso continuo para que todos los ciudadanos tengan cobertura y est\u00e9n sanos.","breadcrumb":{"@id":"https:\/\/georgiaaccess.gov\/es\/politica-de-privacidad\/#breadcrumb"},"inLanguage":"es","potentialAction":[{"@type":"ReadAction","target":["https:\/\/georgiaaccess.gov\/es\/politica-de-privacidad\/"]}]},{"@type":"ImageObject","inLanguage":"es","@id":"https:\/\/georgiaaccess.gov\/es\/politica-de-privacidad\/#primaryimage","url":"https:\/\/georgiaaccess.gov\/wp-content\/uploads\/2025\/09\/individuals-and-families-header-scaled.jpg","contentUrl":"https:\/\/georgiaaccess.gov\/wp-content\/uploads\/2025\/09\/individuals-and-families-header-scaled.jpg","width":2560,"height":356,"caption":"A man and two young boys smiling and hugging."},{"@type":"BreadcrumbList","@id":"https:\/\/georgiaaccess.gov\/es\/politica-de-privacidad\/#breadcrumb","itemListElement":[{"@type":"ListItem","position":1,"name":"Home","item":"https:\/\/georgiaaccess.gov\/es\/"},{"@type":"ListItem","position":2,"name":"Pol\u00edtica de privacidad"}]},{"@type":"WebSite","@id":"https:\/\/georgiaaccess.gov\/es\/#website","url":"https:\/\/georgiaaccess.gov\/es\/","name":"Georgia Access","description":"","publisher":{"@id":"https:\/\/georgiaaccess.gov\/es\/#organization"},"potentialAction":[{"@type":"SearchAction","target":{"@type":"EntryPoint","urlTemplate":"https:\/\/georgiaaccess.gov\/es\/?s={search_term_string}"},"query-input":{"@type":"PropertyValueSpecification","valueRequired":true,"valueName":"search_term_string"}}],"inLanguage":"es"},{"@type":"Organization","@id":"https:\/\/georgiaaccess.gov\/es\/#organization","name":"Georgia Access","url":"https:\/\/georgiaaccess.gov\/es\/","logo":{"@type":"ImageObject","inLanguage":"es","@id":"https:\/\/georgiaaccess.gov\/es\/#\/schema\/logo\/image\/","url":"https:\/\/georgiaaccess.gov\/wp-content\/uploads\/2022\/10\/georgia-access-logo-stacked.svg","contentUrl":"https:\/\/georgiaaccess.gov\/wp-content\/uploads\/2022\/10\/georgia-access-logo-stacked.svg","width":180,"height":56,"caption":"Georgia Access"},"image":{"@id":"https:\/\/georgiaaccess.gov\/es\/#\/schema\/logo\/image\/"}}]}},"uagb_featured_image_src":{"full":["https:\/\/georgiaaccess.gov\/wp-content\/uploads\/2025\/09\/individuals-and-families-header-scaled.jpg",2560,356,false],"thumbnail":["https:\/\/georgiaaccess.gov\/wp-content\/uploads\/2025\/09\/individuals-and-families-header-150x150.jpg",150,150,true],"medium":["https:\/\/georgiaaccess.gov\/wp-content\/uploads\/2025\/09\/individuals-and-families-header-300x42.jpg",300,42,true],"medium_large":["https:\/\/georgiaaccess.gov\/wp-content\/uploads\/2025\/09\/individuals-and-families-header-768x107.jpg",768,107,true],"large":["https:\/\/georgiaaccess.gov\/wp-content\/uploads\/2025\/09\/individuals-and-families-header-1024x142.jpg",1024,142,true],"1536x1536":["https:\/\/georgiaaccess.gov\/wp-content\/uploads\/2025\/09\/individuals-and-families-header-1536x213.jpg",1536,213,true],"2048x2048":["https:\/\/georgiaaccess.gov\/wp-content\/uploads\/2025\/09\/individuals-and-families-header-2048x284.jpg",2048,284,true]},"uagb_author_info":{"display_name":"notadmin","author_link":"https:\/\/georgiaaccess.gov\/es\/author\/notadmin\/"},"uagb_comment_info":0,"uagb_excerpt":"Pol\u00edtica de privacidad&nbsp;de Georgia Access Health Insurance Exchange&nbsp; El Intercambio de Seguros M\u00e9dicos de Georgia Access, tambi\u00e9n conocido como Georgia Access, se toma muy en serio su privacidad. A continuaci\u00f3n se presenta un resumen de nuestra Pol\u00edtica de Privacidad. Tambi\u00e9n puedes leer toda la pol\u00edtica. Nuestra Pol\u00edtica de Privacidad te indica qu\u00e9 tipo de informaci\u00f3n&hellip;","_links":{"self":[{"href":"https:\/\/georgiaaccess.gov\/es\/wp-json\/wp\/v2\/pages\/3170","targetHints":{"allow":["GET"]}}],"collection":[{"href":"https:\/\/georgiaaccess.gov\/es\/wp-json\/wp\/v2\/pages"}],"about":[{"href":"https:\/\/georgiaaccess.gov\/es\/wp-json\/wp\/v2\/types\/page"}],"author":[{"embeddable":true,"href":"https:\/\/georgiaaccess.gov\/es\/wp-json\/wp\/v2\/users\/1"}],"replies":[{"embeddable":true,"href":"https:\/\/georgiaaccess.gov\/es\/wp-json\/wp\/v2\/comments?post=3170"}],"version-history":[{"count":5,"href":"https:\/\/georgiaaccess.gov\/es\/wp-json\/wp\/v2\/pages\/3170\/revisions"}],"predecessor-version":[{"id":9721,"href":"https:\/\/georgiaaccess.gov\/es\/wp-json\/wp\/v2\/pages\/3170\/revisions\/9721"}],"wp:featuredmedia":[{"embeddable":true,"href":"https:\/\/georgiaaccess.gov\/es\/wp-json\/wp\/v2\/media\/6615"}],"wp:attachment":[{"href":"https:\/\/georgiaaccess.gov\/es\/wp-json\/wp\/v2\/media?parent=3170"}],"curies":[{"name":"wp","href":"https:\/\/api.w.org\/{rel}","templated":true}]}}