{"id":3165,"date":"2023-06-23T11:04:37","date_gmt":"2023-06-23T15:04:37","guid":{"rendered":"https:\/\/georgiaaccess.gov\/para-los-socios\/"},"modified":"2025-10-24T15:14:38","modified_gmt":"2025-10-24T19:14:38","slug":"informacion-para-todos-los-socios","status":"publish","type":"page","link":"https:\/\/georgiaaccess.gov\/es\/informacion-para-todos-los-socios\/","title":{"rendered":"Informaci\u00f3n para todos los socios"},"content":{"rendered":"\n<h1 class=\"wp-block-heading\">Informaci\u00f3n para todos los socios<\/h1>\n\n\n\n<p>Los socios ayudan a los residentes de Georgia a encontrar e inscribirse en un seguro de atenci\u00f3n m\u00e9dica asequible y de calidad.<\/p>\n\n\n\n<h2 class=\"wp-block-heading h2-heading\">Lo que necesita saber sobre los cambios efectivos para 2026<\/h2>\n\n\n\n<p>De acuerdo con la ley y la pol\u00edtica federales, hay varios cambios que afectan a los consumidores que compran e inscriben planes en Georgia Access para 2026. Descargue la hoja informativa de 2026 para socios para obtener m\u00e1s informaci\u00f3n. <\/p>\n\n\n\n<div class=\"wp-block-uagb-buttons uagb-buttons__outer-wrap uagb-btn__default-btn uagb-btn-tablet__default-btn uagb-btn-mobile__default-btn uagb-block-04e8b739\"><div class=\"uagb-buttons__wrap uagb-buttons-layout-wrap \">\n<div class=\"wp-block-uagb-buttons-child uagb-buttons__outer-wrap uagb-block-b75e6c7e wp-block-button primary-cta-button\"><div class=\"uagb-button__wrapper\"><a class=\"uagb-buttons-repeater wp-block-button__link\" aria-label=\"\" href=\"\/wp-content\/uploads\/2025\/10\/Georgia-Access-2026-Changes-for-Partners-Informational-Sheet_10.24.2025.pdf\" rel=\"follow noopener\" target=\"_blank\" role=\"button\"><div class=\"uagb-button__link\">DESCARGAR HOJA DE CAMBIOS DE SOCIOS 2026 (ingl\u00e9s)<\/div><\/a><\/div><\/div>\n<\/div><\/div>\n\n\n\n<div class=\"wp-block-uagb-buttons uagb-buttons__outer-wrap uagb-btn__default-btn uagb-btn-tablet__default-btn uagb-btn-mobile__default-btn uagb-block-404b569f\"><div class=\"uagb-buttons__wrap uagb-buttons-layout-wrap \">\n<div class=\"wp-block-uagb-buttons-child uagb-buttons__outer-wrap uagb-block-42e3ad64 wp-block-button secondary-cta-button\"><div class=\"uagb-button__wrapper\"><a class=\"uagb-buttons-repeater wp-block-button__link\" aria-label=\"\" href=\"\/wp-content\/uploads\/2025\/10\/Georgia-Access-2026-Changes-for-Partners-Informational-Sheet_10.24.2025_Spanish.pdf\" rel=\"follow noopener\" target=\"_blank\" role=\"button\"><div class=\"uagb-button__link\">DESCARGAR HOJA DE CAMBIOS DE SOCIOS 2026 (Espa\u00f1ol)<\/div><\/a><\/div><\/div>\n<\/div><\/div>\n\n\n\n<h2 class=\"wp-block-heading h2-heading\">\u00bfQuieres saber m\u00e1s?<\/h2>\n\n\n\n<ul class=\"wp-block-list\">\n<li>Visite la <a href=\"https:\/\/www.cms.gov\/newsroom\/fact-sheets\/2025-marketplace-integrity-and-affordability-final-rule\" target=\"_blank\" rel=\"noreferrer noopener\">Regla Final de Integridad y Asequibilidad del Mercado 2025 | CMS<\/a> para obtener m\u00e1s informaci\u00f3n sobre la Regla Final de Integridad y Asequibilidad del Mercado 2025 de los Centros de Servicios de Medicare y Medicaid (CMS).<\/li>\n\n\n\n<li>Texto de la visita <a href=\"https:\/\/www.congress.gov\/bill\/119th-congress\/house-bill\/1\/text\" target=\"_blank\" rel=\"noreferrer noopener\">&#8211; H.R.1 &#8211; 119\u00ba Congreso (2025-2026): Ley de un proyecto de ley grande y hermoso | Congress.gov | Biblioteca del Congreso<\/a> para leer H.R.1 &#8211; Ley de un proyecto de ley grande y hermoso.<\/li>\n\n\n\n<li>Visit <a href=\"https:\/\/www.congress.gov\/crs-product\/R48290\" target=\"_blank\" rel=\"noreferrer noopener\">Enhanced Premium Tax Credit Expiration: Frequently Asked Questions | Congress.gov<\/a> to learn more about the enhanced premium subsidies that are currently set to expire for PY 2026.<\/li>\n<\/ul>\n\n\n\n<div style=\"height:29px\" aria-hidden=\"true\" class=\"wp-block-spacer\"><\/div>\n\n\n\n<div class=\"wp-block-columns info-card is-layout-flex wp-container-core-columns-is-layout-8d4eccbc wp-block-columns-is-layout-flex\" style=\"border-radius:15px;margin-top:var(--wp--preset--spacing--50);margin-bottom:var(--wp--preset--spacing--50);padding-top:var(--wp--preset--spacing--60);padding-right:var(--wp--preset--spacing--40);padding-bottom:var(--wp--preset--spacing--60);padding-left:var(--wp--preset--spacing--40)\">\n<div class=\"wp-block-column is-layout-flow wp-block-column-is-layout-flow\" style=\"flex-basis:8%\">\n<figure class=\"wp-block-image aligncenter size-full card-icon\"><img loading=\"lazy\" decoding=\"async\" width=\"69\" height=\"66\" src=\"https:\/\/georgiaaccess.gov\/wp-content\/uploads\/2025\/09\/lightbulb-icon.svg\" alt=\"\" class=\"wp-image-6630\"><\/figure>\n<\/div>\n\n\n\n<div class=\"wp-block-column is-layout-flow wp-block-column-is-layout-flow\">\n<h2 class=\"wp-block-heading has-ast-global-color-8-color has-text-color has-link-color wp-elements-61e27a1b6e118075b6380f34b47f7de6\">P\u00e1gina actualizada al 24 de octubre de 2025<\/h2>\n\n\n\n<p>Esta p\u00e1gina se ha actualizado con informaci\u00f3n sobre los cambios que afectan a los consumidores en Georgia Access para la inscripci\u00f3n abierta de 2026.<\/p>\n<\/div>\n<\/div>\n","protected":false},"excerpt":{"rendered":"<p>Informaci\u00f3n para todos los socios Los socios ayudan a los residentes de Georgia a encontrar e inscribirse en un seguro de atenci\u00f3n m\u00e9dica asequible y de calidad. Lo que necesita saber sobre los cambios efectivos para 2026 De acuerdo con la ley y la pol\u00edtica federales, hay varios cambios que afectan a los consumidores que [&hellip;]<\/p>\n","protected":false},"author":1,"featured_media":6617,"parent":0,"menu_order":0,"comment_status":"closed","ping_status":"closed","template":"sidebar-menu-template.php","meta":{"_acf_changed":false,"inline_featured_image":false,"_uag_custom_page_level_css":"","site-sidebar-layout":"default","site-content-layout":"","ast-site-content-layout":"default","site-content-style":"default","site-sidebar-style":"default","ast-global-header-display":"","ast-banner-title-visibility":"","ast-main-header-display":"","ast-hfb-above-header-display":"","ast-hfb-below-header-display":"","ast-hfb-mobile-header-display":"","site-post-title":"disabled","ast-breadcrumbs-content":"","ast-featured-img":"disabled","footer-sml-layout":"","ast-disable-related-posts":"","theme-transparent-header-meta":"","adv-header-id-meta":"","stick-header-meta":"","header-above-stick-meta":"","header-main-stick-meta":"","header-below-stick-meta":"","astra-migrate-meta-layouts":"set","ast-page-background-enabled":"default","ast-page-background-meta":{"desktop":{"background-color":"var(--ast-global-color-4)","background-image":"","background-repeat":"repeat","background-position":"center center","background-size":"auto","background-attachment":"scroll","background-type":"","background-media":"","overlay-type":"","overlay-color":"","overlay-opacity":"","overlay-gradient":""},"tablet":{"background-color":"","background-image":"","background-repeat":"repeat","background-position":"center center","background-size":"auto","background-attachment":"scroll","background-type":"","background-media":"","overlay-type":"","overlay-color":"","overlay-opacity":"","overlay-gradient":""},"mobile":{"background-color":"","background-image":"","background-repeat":"repeat","background-position":"center center","background-size":"auto","background-attachment":"scroll","background-type":"","background-media":"","overlay-type":"","overlay-color":"","overlay-opacity":"","overlay-gradient":""}},"ast-content-background-meta":{"desktop":{"background-color":"var(--ast-global-color-5)","background-image":"","background-repeat":"repeat","background-position":"center center","background-size":"auto","background-attachment":"scroll","background-type":"","background-media":"","overlay-type":"","overlay-color":"","overlay-opacity":"","overlay-gradient":""},"tablet":{"background-color":"var(--ast-global-color-5)","background-image":"","background-repeat":"repeat","background-position":"center center","background-size":"auto","background-attachment":"scroll","background-type":"","background-media":"","overlay-type":"","overlay-color":"","overlay-opacity":"","overlay-gradient":""},"mobile":{"background-color":"var(--ast-global-color-5)","background-image":"","background-repeat":"repeat","background-position":"center center","background-size":"auto","background-attachment":"scroll","background-type":"","background-media":"","overlay-type":"","overlay-color":"","overlay-opacity":"","overlay-gradient":""}},"footnotes":""},"class_list":["post-3165","page","type-page","status-publish","has-post-thumbnail","hentry"],"acf":[],"yoast_head":"<!-- This site is optimized with the Yoast SEO plugin v26.8 - https:\/\/yoast.com\/product\/yoast-seo-wordpress\/ -->\n<title>Para socios | Acceso a Georgia<\/title>\n<meta name=\"description\" content=\"La p\u00e1gina del socio contiene informaci\u00f3n sobre los requisitos para participar en Georgia Access, as\u00ed como planes, recursos y herramientas relevantes.\" \/>\n<meta name=\"robots\" content=\"index, follow, max-snippet:-1, max-image-preview:large, max-video-preview:-1\" \/>\n<link rel=\"canonical\" href=\"https:\/\/georgiaaccess.gov\/es\/informacion-para-todos-los-socios\/\" \/>\n<meta property=\"og:locale\" content=\"es_ES\" \/>\n<meta property=\"og:type\" content=\"article\" \/>\n<meta property=\"og:title\" content=\"Para socios | Acceso a Georgia\" \/>\n<meta property=\"og:description\" content=\"La p\u00e1gina del socio contiene informaci\u00f3n sobre los requisitos para participar en Georgia Access, as\u00ed como planes, recursos y herramientas relevantes.\" \/>\n<meta property=\"og:url\" content=\"https:\/\/georgiaaccess.gov\/es\/informacion-para-todos-los-socios\/\" \/>\n<meta property=\"og:site_name\" content=\"Georgia Access\" \/>\n<meta property=\"article:modified_time\" content=\"2025-10-24T19:14:38+00:00\" \/>\n<meta property=\"og:image\" content=\"https:\/\/georgiaaccess.gov\/wp-content\/uploads\/2025\/09\/partners-header-scaled.jpg\" \/>\n\t<meta property=\"og:image:width\" content=\"2560\" \/>\n\t<meta property=\"og:image:height\" content=\"356\" \/>\n\t<meta property=\"og:image:type\" content=\"image\/jpeg\" \/>\n<meta name=\"twitter:card\" content=\"summary_large_image\" \/>\n<meta name=\"twitter:label1\" content=\"Tiempo de lectura\" \/>\n\t<meta name=\"twitter:data1\" content=\"2 minutos\" \/>\n<script type=\"application\/ld+json\" class=\"yoast-schema-graph\">{\"@context\":\"https:\/\/schema.org\",\"@graph\":[{\"@type\":\"WebPage\",\"@id\":\"https:\/\/georgiaaccess.gov\/es\/informacion-para-todos-los-socios\/\",\"url\":\"https:\/\/georgiaaccess.gov\/es\/informacion-para-todos-los-socios\/\",\"name\":\"Para socios | Acceso a Georgia\",\"isPartOf\":{\"@id\":\"https:\/\/georgiaaccess.gov\/es\/#website\"},\"primaryImageOfPage\":{\"@id\":\"https:\/\/georgiaaccess.gov\/es\/informacion-para-todos-los-socios\/#primaryimage\"},\"image\":{\"@id\":\"https:\/\/georgiaaccess.gov\/es\/informacion-para-todos-los-socios\/#primaryimage\"},\"thumbnailUrl\":\"https:\/\/georgiaaccess.gov\/wp-content\/uploads\/2025\/09\/partners-header-scaled.jpg\",\"datePublished\":\"2023-06-23T15:04:37+00:00\",\"dateModified\":\"2025-10-24T19:14:38+00:00\",\"description\":\"La p\u00e1gina del socio contiene informaci\u00f3n sobre los requisitos para participar en Georgia Access, as\u00ed como planes, recursos y herramientas relevantes.\",\"breadcrumb\":{\"@id\":\"https:\/\/georgiaaccess.gov\/es\/informacion-para-todos-los-socios\/#breadcrumb\"},\"inLanguage\":\"es\",\"potentialAction\":[{\"@type\":\"ReadAction\",\"target\":[\"https:\/\/georgiaaccess.gov\/es\/informacion-para-todos-los-socios\/\"]}]},{\"@type\":\"ImageObject\",\"inLanguage\":\"es\",\"@id\":\"https:\/\/georgiaaccess.gov\/es\/informacion-para-todos-los-socios\/#primaryimage\",\"url\":\"https:\/\/georgiaaccess.gov\/wp-content\/uploads\/2025\/09\/partners-header-scaled.jpg\",\"contentUrl\":\"https:\/\/georgiaaccess.gov\/wp-content\/uploads\/2025\/09\/partners-header-scaled.jpg\",\"width\":2560,\"height\":356,\"caption\":\"Woman smiling and holding documents.\"},{\"@type\":\"BreadcrumbList\",\"@id\":\"https:\/\/georgiaaccess.gov\/es\/informacion-para-todos-los-socios\/#breadcrumb\",\"itemListElement\":[{\"@type\":\"ListItem\",\"position\":1,\"name\":\"Home\",\"item\":\"https:\/\/georgiaaccess.gov\/es\/\"},{\"@type\":\"ListItem\",\"position\":2,\"name\":\"Informaci\u00f3n para todos los socios\"}]},{\"@type\":\"WebSite\",\"@id\":\"https:\/\/georgiaaccess.gov\/es\/#website\",\"url\":\"https:\/\/georgiaaccess.gov\/es\/\",\"name\":\"Georgia Access\",\"description\":\"\",\"publisher\":{\"@id\":\"https:\/\/georgiaaccess.gov\/es\/#organization\"},\"potentialAction\":[{\"@type\":\"SearchAction\",\"target\":{\"@type\":\"EntryPoint\",\"urlTemplate\":\"https:\/\/georgiaaccess.gov\/es\/?s={search_term_string}\"},\"query-input\":{\"@type\":\"PropertyValueSpecification\",\"valueRequired\":true,\"valueName\":\"search_term_string\"}}],\"inLanguage\":\"es\"},{\"@type\":\"Organization\",\"@id\":\"https:\/\/georgiaaccess.gov\/es\/#organization\",\"name\":\"Georgia Access\",\"url\":\"https:\/\/georgiaaccess.gov\/es\/\",\"logo\":{\"@type\":\"ImageObject\",\"inLanguage\":\"es\",\"@id\":\"https:\/\/georgiaaccess.gov\/es\/#\/schema\/logo\/image\/\",\"url\":\"https:\/\/georgiaaccess.gov\/wp-content\/uploads\/2022\/10\/georgia-access-logo-stacked.svg\",\"contentUrl\":\"https:\/\/georgiaaccess.gov\/wp-content\/uploads\/2022\/10\/georgia-access-logo-stacked.svg\",\"width\":180,\"height\":56,\"caption\":\"Georgia Access\"},\"image\":{\"@id\":\"https:\/\/georgiaaccess.gov\/es\/#\/schema\/logo\/image\/\"}}]}<\/script>\n<!-- \/ Yoast SEO plugin. -->","yoast_head_json":{"title":"Para socios | Acceso a Georgia","description":"La p\u00e1gina del socio contiene informaci\u00f3n sobre los requisitos para participar en Georgia Access, as\u00ed como planes, recursos y herramientas relevantes.","robots":{"index":"index","follow":"follow","max-snippet":"max-snippet:-1","max-image-preview":"max-image-preview:large","max-video-preview":"max-video-preview:-1"},"canonical":"https:\/\/georgiaaccess.gov\/es\/informacion-para-todos-los-socios\/","og_locale":"es_ES","og_type":"article","og_title":"Para socios | Acceso a Georgia","og_description":"La p\u00e1gina del socio contiene informaci\u00f3n sobre los requisitos para participar en Georgia Access, as\u00ed como planes, recursos y herramientas relevantes.","og_url":"https:\/\/georgiaaccess.gov\/es\/informacion-para-todos-los-socios\/","og_site_name":"Georgia Access","article_modified_time":"2025-10-24T19:14:38+00:00","og_image":[{"width":2560,"height":356,"url":"https:\/\/georgiaaccess.gov\/wp-content\/uploads\/2025\/09\/partners-header-scaled.jpg","type":"image\/jpeg"}],"twitter_card":"summary_large_image","twitter_misc":{"Tiempo de lectura":"2 minutos"},"schema":{"@context":"https:\/\/schema.org","@graph":[{"@type":"WebPage","@id":"https:\/\/georgiaaccess.gov\/es\/informacion-para-todos-los-socios\/","url":"https:\/\/georgiaaccess.gov\/es\/informacion-para-todos-los-socios\/","name":"Para socios | Acceso a Georgia","isPartOf":{"@id":"https:\/\/georgiaaccess.gov\/es\/#website"},"primaryImageOfPage":{"@id":"https:\/\/georgiaaccess.gov\/es\/informacion-para-todos-los-socios\/#primaryimage"},"image":{"@id":"https:\/\/georgiaaccess.gov\/es\/informacion-para-todos-los-socios\/#primaryimage"},"thumbnailUrl":"https:\/\/georgiaaccess.gov\/wp-content\/uploads\/2025\/09\/partners-header-scaled.jpg","datePublished":"2023-06-23T15:04:37+00:00","dateModified":"2025-10-24T19:14:38+00:00","description":"La p\u00e1gina del socio contiene informaci\u00f3n sobre los requisitos para participar en Georgia Access, as\u00ed como planes, recursos y herramientas relevantes.","breadcrumb":{"@id":"https:\/\/georgiaaccess.gov\/es\/informacion-para-todos-los-socios\/#breadcrumb"},"inLanguage":"es","potentialAction":[{"@type":"ReadAction","target":["https:\/\/georgiaaccess.gov\/es\/informacion-para-todos-los-socios\/"]}]},{"@type":"ImageObject","inLanguage":"es","@id":"https:\/\/georgiaaccess.gov\/es\/informacion-para-todos-los-socios\/#primaryimage","url":"https:\/\/georgiaaccess.gov\/wp-content\/uploads\/2025\/09\/partners-header-scaled.jpg","contentUrl":"https:\/\/georgiaaccess.gov\/wp-content\/uploads\/2025\/09\/partners-header-scaled.jpg","width":2560,"height":356,"caption":"Woman smiling and holding documents."},{"@type":"BreadcrumbList","@id":"https:\/\/georgiaaccess.gov\/es\/informacion-para-todos-los-socios\/#breadcrumb","itemListElement":[{"@type":"ListItem","position":1,"name":"Home","item":"https:\/\/georgiaaccess.gov\/es\/"},{"@type":"ListItem","position":2,"name":"Informaci\u00f3n para todos los socios"}]},{"@type":"WebSite","@id":"https:\/\/georgiaaccess.gov\/es\/#website","url":"https:\/\/georgiaaccess.gov\/es\/","name":"Georgia Access","description":"","publisher":{"@id":"https:\/\/georgiaaccess.gov\/es\/#organization"},"potentialAction":[{"@type":"SearchAction","target":{"@type":"EntryPoint","urlTemplate":"https:\/\/georgiaaccess.gov\/es\/?s={search_term_string}"},"query-input":{"@type":"PropertyValueSpecification","valueRequired":true,"valueName":"search_term_string"}}],"inLanguage":"es"},{"@type":"Organization","@id":"https:\/\/georgiaaccess.gov\/es\/#organization","name":"Georgia Access","url":"https:\/\/georgiaaccess.gov\/es\/","logo":{"@type":"ImageObject","inLanguage":"es","@id":"https:\/\/georgiaaccess.gov\/es\/#\/schema\/logo\/image\/","url":"https:\/\/georgiaaccess.gov\/wp-content\/uploads\/2022\/10\/georgia-access-logo-stacked.svg","contentUrl":"https:\/\/georgiaaccess.gov\/wp-content\/uploads\/2022\/10\/georgia-access-logo-stacked.svg","width":180,"height":56,"caption":"Georgia Access"},"image":{"@id":"https:\/\/georgiaaccess.gov\/es\/#\/schema\/logo\/image\/"}}]}},"uagb_featured_image_src":{"full":["https:\/\/georgiaaccess.gov\/wp-content\/uploads\/2025\/09\/partners-header-scaled.jpg",2560,356,false],"thumbnail":["https:\/\/georgiaaccess.gov\/wp-content\/uploads\/2025\/09\/partners-header-150x150.jpg",150,150,true],"medium":["https:\/\/georgiaaccess.gov\/wp-content\/uploads\/2025\/09\/partners-header-300x42.jpg",300,42,true],"medium_large":["https:\/\/georgiaaccess.gov\/wp-content\/uploads\/2025\/09\/partners-header-768x107.jpg",768,107,true],"large":["https:\/\/georgiaaccess.gov\/wp-content\/uploads\/2025\/09\/partners-header-1024x142.jpg",1024,142,true],"1536x1536":["https:\/\/georgiaaccess.gov\/wp-content\/uploads\/2025\/09\/partners-header-1536x213.jpg",1536,213,true],"2048x2048":["https:\/\/georgiaaccess.gov\/wp-content\/uploads\/2025\/09\/partners-header-2048x284.jpg",2048,284,true]},"uagb_author_info":{"display_name":"notadmin","author_link":"https:\/\/georgiaaccess.gov\/es\/author\/notadmin\/"},"uagb_comment_info":0,"uagb_excerpt":"Informaci\u00f3n para todos los socios Los socios ayudan a los residentes de Georgia a encontrar e inscribirse en un seguro de atenci\u00f3n m\u00e9dica asequible y de calidad. Lo que necesita saber sobre los cambios efectivos para 2026 De acuerdo con la ley y la pol\u00edtica federales, hay varios cambios que afectan a los consumidores que&hellip;","_links":{"self":[{"href":"https:\/\/georgiaaccess.gov\/es\/wp-json\/wp\/v2\/pages\/3165","targetHints":{"allow":["GET"]}}],"collection":[{"href":"https:\/\/georgiaaccess.gov\/es\/wp-json\/wp\/v2\/pages"}],"about":[{"href":"https:\/\/georgiaaccess.gov\/es\/wp-json\/wp\/v2\/types\/page"}],"author":[{"embeddable":true,"href":"https:\/\/georgiaaccess.gov\/es\/wp-json\/wp\/v2\/users\/1"}],"replies":[{"embeddable":true,"href":"https:\/\/georgiaaccess.gov\/es\/wp-json\/wp\/v2\/comments?post=3165"}],"version-history":[{"count":17,"href":"https:\/\/georgiaaccess.gov\/es\/wp-json\/wp\/v2\/pages\/3165\/revisions"}],"predecessor-version":[{"id":9240,"href":"https:\/\/georgiaaccess.gov\/es\/wp-json\/wp\/v2\/pages\/3165\/revisions\/9240"}],"wp:featuredmedia":[{"embeddable":true,"href":"https:\/\/georgiaaccess.gov\/es\/wp-json\/wp\/v2\/media\/6617"}],"wp:attachment":[{"href":"https:\/\/georgiaaccess.gov\/es\/wp-json\/wp\/v2\/media?parent=3165"}],"curies":[{"name":"wp","href":"https:\/\/api.w.org\/{rel}","templated":true}]}}