{"id":3162,"date":"2022-10-24T06:38:26","date_gmt":"2022-10-24T10:38:26","guid":{"rendered":"https:\/\/georgiaaccess.gov\/cubrete\/otros-programas-de-cobertura-de-salud\/peachcare-para-ninos\/"},"modified":"2025-09-18T15:34:33","modified_gmt":"2025-09-18T19:34:33","slug":"peachcare-para-ninos","status":"publish","type":"page","link":"https:\/\/georgiaaccess.gov\/es\/planes-de-cobertura-de-salud-publica\/peachcare-para-ninos\/","title":{"rendered":"PeachCare para ni\u00f1os\u00ae"},"content":{"rendered":"\n<p>PeachCare for Kids\u00ae es el programa de seguro para ni\u00f1os de Georgia, tambi\u00e9n conocido como S-CHIP. Este programa brinda beneficios de salud integrales que incluyen atenci\u00f3n primaria, preventiva, especializada, dental y de la vista a bajo costo o sin costo para las familias que califiquen. Para ser elegible para PeachCare for Kids\u00ae, los hogares deben cumplir con ciertos criterios, incluidos los requisitos de ingresos espec\u00edficos.    <\/p>\n\n\n\n<h2 class=\"wp-block-heading\">Puede ser elegible para PeachCare for Kids\u00ae si:<\/h2>\n\n\n\n<ul class=\"wp-block-list\">\n<li>Es ciudadano estadounidense o no ciudadano residente legalmente.&nbsp;&nbsp;<\/li>\n\n\n\n<li>Son menores de 19 a\u00f1os.&nbsp;&nbsp;<\/li>\n\n\n\n<li>No tienen cobertura de atenci\u00f3n m\u00e9dica actual y no son elegibles para Medicaid.&nbsp;<\/li>\n\n\n\n<li>Tener ingresos familiares de hasta el 247% del Nivel Federal de Pobreza.&nbsp;&nbsp;<\/li>\n\n\n\n<li>Tener verificaci\u00f3n de ingresos en la solicitud y renovaci\u00f3n anual.&nbsp;&nbsp;<\/li>\n<\/ul>\n\n\n\n<p>Puede solicitar PeachCare for Kids\u00ae en <a href=\"https:\/\/gateway.ga.gov\/access\/\" target=\"_blank\" rel=\"noreferrer noopener\">Georgia Gateway<\/a>. Para presentar una solicitud por tel\u00e9fono, llame a la Divisi\u00f3n de Servicios para Familias y Ni\u00f1os de Georgia (DFCS) al <a href=\"tel:1-877-423-4746\">1-877-423-4746<\/a>.   <\/p>\n\n\n\n<p>Si actualmente est\u00e1 inscrito en Medicaid o PeachCare for Kids\u00ae, verifique su elegibilidad en <a href=\"https:\/\/gateway.ga.gov\/access\/\" target=\"_blank\" rel=\"noreferrer noopener\">Georgia Gateway<\/a> o visite <a href=\"https:\/\/staycovered.ga.gov\/\" target=\"_blank\" rel=\"noreferrer noopener\">Stay Covered<\/a> para obtener m\u00e1s informaci\u00f3n.  <\/p>\n\n\n\n<div class=\"wp-block-uagb-buttons uagb-buttons__outer-wrap uagb-btn__default-btn uagb-btn-tablet__default-btn uagb-btn-mobile__default-btn uagb-block-c47bfe11\"><div class=\"uagb-buttons__wrap uagb-buttons-layout-wrap \">\n<div class=\"wp-block-uagb-buttons-child uagb-buttons__outer-wrap uagb-block-e08a0215 wp-block-button secondary-cta-button\"><div class=\"uagb-button__wrapper\"><a class=\"uagb-buttons-repeater wp-block-button__link\" aria-label=\"\" href=\"https:\/\/dch.georgia.gov\/peachcare-kids\" rel=\"follow noopener\" target=\"_blank\" role=\"button\"><div class=\"uagb-button__link\">M\u00e1s informaci\u00f3n sobre PeachCare for Kids\u00ae<\/div><span class=\"uagb-button__icon uagb-button__icon-position-after\"><svg xmlns=\"https:\/\/www.w3.org\/2000\/svg\" viewbox=\"0 0 512 512\" aria-hidden=\"true\" focussable=\"false\"><path d=\"M384 320c-17.67 0-32 14.33-32 32v96H64V160h96c17.67 0 32-14.32 32-32s-14.33-32-32-32L64 96c-35.35 0-64 28.65-64 64V448c0 35.34 28.65 64 64 64h288c35.35 0 64-28.66 64-64v-96C416 334.3 401.7 320 384 320zM488 0H352c-12.94 0-24.62 7.797-29.56 19.75c-4.969 11.97-2.219 25.72 6.938 34.88L370.8 96L169.4 297.4c-12.5 12.5-12.5 32.75 0 45.25C175.6 348.9 183.8 352 192 352s16.38-3.125 22.62-9.375L416 141.3l41.38 41.38c9.156 9.141 22.88 11.84 34.88 6.938C504.2 184.6 512 172.9 512 160V24C512 10.74 501.3 0 488 0z\"><\/path><\/svg><\/span><\/a><\/div><\/div>\n<\/div><\/div>\n\n\n\n<div style=\"height:48px\" aria-hidden=\"true\" class=\"wp-block-spacer\"><\/div>\n","protected":false},"excerpt":{"rendered":"<p>PeachCare for Kids\u00ae es el programa de seguro para ni\u00f1os de Georgia, tambi\u00e9n conocido como S-CHIP. Este programa brinda beneficios de salud integrales que incluyen atenci\u00f3n primaria, preventiva, especializada, dental y de la vista a bajo costo o sin costo para las familias que califiquen. Para ser elegible para PeachCare for Kids\u00ae, los hogares deben [&hellip;]<\/p>\n","protected":false},"author":1,"featured_media":0,"parent":3156,"menu_order":0,"comment_status":"closed","ping_status":"closed","template":"sidebar-menu-template.php","meta":{"_acf_changed":false,"inline_featured_image":false,"_uag_custom_page_level_css":"","site-sidebar-layout":"default","site-content-layout":"","ast-site-content-layout":"default","site-content-style":"default","site-sidebar-style":"default","ast-global-header-display":"","ast-banner-title-visibility":"","ast-main-header-display":"","ast-hfb-above-header-display":"","ast-hfb-below-header-display":"","ast-hfb-mobile-header-display":"","site-post-title":"","ast-breadcrumbs-content":"","ast-featured-img":"","footer-sml-layout":"","ast-disable-related-posts":"","theme-transparent-header-meta":"","adv-header-id-meta":"","stick-header-meta":"","header-above-stick-meta":"","header-main-stick-meta":"","header-below-stick-meta":"","astra-migrate-meta-layouts":"set","ast-page-background-enabled":"default","ast-page-background-meta":{"desktop":{"background-color":"var(--ast-global-color-4)","background-image":"","background-repeat":"repeat","background-position":"center center","background-size":"auto","background-attachment":"scroll","background-type":"","background-media":"","overlay-type":"","overlay-color":"","overlay-opacity":"","overlay-gradient":""},"tablet":{"background-color":"","background-image":"","background-repeat":"repeat","background-position":"center center","background-size":"auto","background-attachment":"scroll","background-type":"","background-media":"","overlay-type":"","overlay-color":"","overlay-opacity":"","overlay-gradient":""},"mobile":{"background-color":"","background-image":"","background-repeat":"repeat","background-position":"center center","background-size":"auto","background-attachment":"scroll","background-type":"","background-media":"","overlay-type":"","overlay-color":"","overlay-opacity":"","overlay-gradient":""}},"ast-content-background-meta":{"desktop":{"background-color":"var(--ast-global-color-5)","background-image":"","background-repeat":"repeat","background-position":"center center","background-size":"auto","background-attachment":"scroll","background-type":"","background-media":"","overlay-type":"","overlay-color":"","overlay-opacity":"","overlay-gradient":""},"tablet":{"background-color":"var(--ast-global-color-5)","background-image":"","background-repeat":"repeat","background-position":"center center","background-size":"auto","background-attachment":"scroll","background-type":"","background-media":"","overlay-type":"","overlay-color":"","overlay-opacity":"","overlay-gradient":""},"mobile":{"background-color":"var(--ast-global-color-5)","background-image":"","background-repeat":"repeat","background-position":"center center","background-size":"auto","background-attachment":"scroll","background-type":"","background-media":"","overlay-type":"","overlay-color":"","overlay-opacity":"","overlay-gradient":""}},"footnotes":""},"class_list":["post-3162","page","type-page","status-publish","hentry"],"acf":[],"yoast_head":"<!-- This site is optimized with the Yoast SEO plugin v26.8 - https:\/\/yoast.com\/product\/yoast-seo-wordpress\/ -->\n<title>PeachCare para ni\u00f1os\u00ae | Acceso a Georgia<\/title>\n<meta name=\"description\" content=\"PeachCare for Kids\u00ae es el programa de seguro para ni\u00f1os de Georgia que brinda beneficios de salud que incluyen atenci\u00f3n primaria, preventiva, especializada, dental y de la vista.\" \/>\n<meta name=\"robots\" content=\"index, follow, max-snippet:-1, max-image-preview:large, max-video-preview:-1\" \/>\n<link rel=\"canonical\" href=\"https:\/\/georgiaaccess.gov\/es\/planes-de-cobertura-de-salud-publica\/peachcare-para-ninos\/\" \/>\n<meta property=\"og:locale\" content=\"es_ES\" \/>\n<meta property=\"og:type\" content=\"article\" \/>\n<meta property=\"og:title\" content=\"PeachCare para ni\u00f1os\u00ae | Acceso a Georgia\" \/>\n<meta property=\"og:description\" content=\"PeachCare for Kids\u00ae es el programa de seguro para ni\u00f1os de Georgia que brinda beneficios de salud que incluyen atenci\u00f3n primaria, preventiva, especializada, dental y de la vista.\" \/>\n<meta property=\"og:url\" content=\"https:\/\/georgiaaccess.gov\/es\/planes-de-cobertura-de-salud-publica\/peachcare-para-ninos\/\" \/>\n<meta property=\"og:site_name\" content=\"Georgia Access\" \/>\n<meta property=\"article:modified_time\" content=\"2025-09-18T19:34:33+00:00\" \/>\n<meta name=\"twitter:card\" content=\"summary_large_image\" \/>\n<meta name=\"twitter:label1\" content=\"Tiempo de lectura\" \/>\n\t<meta name=\"twitter:data1\" content=\"1 minuto\" \/>\n<script type=\"application\/ld+json\" class=\"yoast-schema-graph\">{\"@context\":\"https:\/\/schema.org\",\"@graph\":[{\"@type\":\"WebPage\",\"@id\":\"https:\/\/georgiaaccess.gov\/es\/planes-de-cobertura-de-salud-publica\/peachcare-para-ninos\/\",\"url\":\"https:\/\/georgiaaccess.gov\/es\/planes-de-cobertura-de-salud-publica\/peachcare-para-ninos\/\",\"name\":\"PeachCare para ni\u00f1os\u00ae | Acceso a Georgia\",\"isPartOf\":{\"@id\":\"https:\/\/georgiaaccess.gov\/es\/#website\"},\"datePublished\":\"2022-10-24T10:38:26+00:00\",\"dateModified\":\"2025-09-18T19:34:33+00:00\",\"description\":\"PeachCare for Kids\u00ae es el programa de seguro para ni\u00f1os de Georgia que brinda beneficios de salud que incluyen atenci\u00f3n primaria, preventiva, especializada, dental y de la vista.\",\"breadcrumb\":{\"@id\":\"https:\/\/georgiaaccess.gov\/es\/planes-de-cobertura-de-salud-publica\/peachcare-para-ninos\/#breadcrumb\"},\"inLanguage\":\"es\",\"potentialAction\":[{\"@type\":\"ReadAction\",\"target\":[\"https:\/\/georgiaaccess.gov\/es\/planes-de-cobertura-de-salud-publica\/peachcare-para-ninos\/\"]}]},{\"@type\":\"BreadcrumbList\",\"@id\":\"https:\/\/georgiaaccess.gov\/es\/planes-de-cobertura-de-salud-publica\/peachcare-para-ninos\/#breadcrumb\",\"itemListElement\":[{\"@type\":\"ListItem\",\"position\":1,\"name\":\"Home\",\"item\":\"https:\/\/georgiaaccess.gov\/es\/\"},{\"@type\":\"ListItem\",\"position\":2,\"name\":\"Planes de cobertura de salud p\u00fablica\",\"item\":\"https:\/\/georgiaaccess.gov\/es\/planes-de-cobertura-de-salud-publica\/\"},{\"@type\":\"ListItem\",\"position\":3,\"name\":\"PeachCare para ni\u00f1os\u00ae\"}]},{\"@type\":\"WebSite\",\"@id\":\"https:\/\/georgiaaccess.gov\/es\/#website\",\"url\":\"https:\/\/georgiaaccess.gov\/es\/\",\"name\":\"Georgia Access\",\"description\":\"\",\"publisher\":{\"@id\":\"https:\/\/georgiaaccess.gov\/es\/#organization\"},\"potentialAction\":[{\"@type\":\"SearchAction\",\"target\":{\"@type\":\"EntryPoint\",\"urlTemplate\":\"https:\/\/georgiaaccess.gov\/es\/?s={search_term_string}\"},\"query-input\":{\"@type\":\"PropertyValueSpecification\",\"valueRequired\":true,\"valueName\":\"search_term_string\"}}],\"inLanguage\":\"es\"},{\"@type\":\"Organization\",\"@id\":\"https:\/\/georgiaaccess.gov\/es\/#organization\",\"name\":\"Georgia Access\",\"url\":\"https:\/\/georgiaaccess.gov\/es\/\",\"logo\":{\"@type\":\"ImageObject\",\"inLanguage\":\"es\",\"@id\":\"https:\/\/georgiaaccess.gov\/es\/#\/schema\/logo\/image\/\",\"url\":\"https:\/\/georgiaaccess.gov\/wp-content\/uploads\/2022\/10\/georgia-access-logo-stacked.svg\",\"contentUrl\":\"https:\/\/georgiaaccess.gov\/wp-content\/uploads\/2022\/10\/georgia-access-logo-stacked.svg\",\"width\":180,\"height\":56,\"caption\":\"Georgia Access\"},\"image\":{\"@id\":\"https:\/\/georgiaaccess.gov\/es\/#\/schema\/logo\/image\/\"}}]}<\/script>\n<!-- \/ Yoast SEO plugin. -->","yoast_head_json":{"title":"PeachCare para ni\u00f1os\u00ae | Acceso a Georgia","description":"PeachCare for Kids\u00ae es el programa de seguro para ni\u00f1os de Georgia que brinda beneficios de salud que incluyen atenci\u00f3n primaria, preventiva, especializada, dental y de la vista.","robots":{"index":"index","follow":"follow","max-snippet":"max-snippet:-1","max-image-preview":"max-image-preview:large","max-video-preview":"max-video-preview:-1"},"canonical":"https:\/\/georgiaaccess.gov\/es\/planes-de-cobertura-de-salud-publica\/peachcare-para-ninos\/","og_locale":"es_ES","og_type":"article","og_title":"PeachCare para ni\u00f1os\u00ae | Acceso a Georgia","og_description":"PeachCare for Kids\u00ae es el programa de seguro para ni\u00f1os de Georgia que brinda beneficios de salud que incluyen atenci\u00f3n primaria, preventiva, especializada, dental y de la vista.","og_url":"https:\/\/georgiaaccess.gov\/es\/planes-de-cobertura-de-salud-publica\/peachcare-para-ninos\/","og_site_name":"Georgia Access","article_modified_time":"2025-09-18T19:34:33+00:00","twitter_card":"summary_large_image","twitter_misc":{"Tiempo de lectura":"1 minuto"},"schema":{"@context":"https:\/\/schema.org","@graph":[{"@type":"WebPage","@id":"https:\/\/georgiaaccess.gov\/es\/planes-de-cobertura-de-salud-publica\/peachcare-para-ninos\/","url":"https:\/\/georgiaaccess.gov\/es\/planes-de-cobertura-de-salud-publica\/peachcare-para-ninos\/","name":"PeachCare para ni\u00f1os\u00ae | Acceso a Georgia","isPartOf":{"@id":"https:\/\/georgiaaccess.gov\/es\/#website"},"datePublished":"2022-10-24T10:38:26+00:00","dateModified":"2025-09-18T19:34:33+00:00","description":"PeachCare for Kids\u00ae es el programa de seguro para ni\u00f1os de Georgia que brinda beneficios de salud que incluyen atenci\u00f3n primaria, preventiva, especializada, dental y de la vista.","breadcrumb":{"@id":"https:\/\/georgiaaccess.gov\/es\/planes-de-cobertura-de-salud-publica\/peachcare-para-ninos\/#breadcrumb"},"inLanguage":"es","potentialAction":[{"@type":"ReadAction","target":["https:\/\/georgiaaccess.gov\/es\/planes-de-cobertura-de-salud-publica\/peachcare-para-ninos\/"]}]},{"@type":"BreadcrumbList","@id":"https:\/\/georgiaaccess.gov\/es\/planes-de-cobertura-de-salud-publica\/peachcare-para-ninos\/#breadcrumb","itemListElement":[{"@type":"ListItem","position":1,"name":"Home","item":"https:\/\/georgiaaccess.gov\/es\/"},{"@type":"ListItem","position":2,"name":"Planes de cobertura de salud p\u00fablica","item":"https:\/\/georgiaaccess.gov\/es\/planes-de-cobertura-de-salud-publica\/"},{"@type":"ListItem","position":3,"name":"PeachCare para ni\u00f1os\u00ae"}]},{"@type":"WebSite","@id":"https:\/\/georgiaaccess.gov\/es\/#website","url":"https:\/\/georgiaaccess.gov\/es\/","name":"Georgia Access","description":"","publisher":{"@id":"https:\/\/georgiaaccess.gov\/es\/#organization"},"potentialAction":[{"@type":"SearchAction","target":{"@type":"EntryPoint","urlTemplate":"https:\/\/georgiaaccess.gov\/es\/?s={search_term_string}"},"query-input":{"@type":"PropertyValueSpecification","valueRequired":true,"valueName":"search_term_string"}}],"inLanguage":"es"},{"@type":"Organization","@id":"https:\/\/georgiaaccess.gov\/es\/#organization","name":"Georgia Access","url":"https:\/\/georgiaaccess.gov\/es\/","logo":{"@type":"ImageObject","inLanguage":"es","@id":"https:\/\/georgiaaccess.gov\/es\/#\/schema\/logo\/image\/","url":"https:\/\/georgiaaccess.gov\/wp-content\/uploads\/2022\/10\/georgia-access-logo-stacked.svg","contentUrl":"https:\/\/georgiaaccess.gov\/wp-content\/uploads\/2022\/10\/georgia-access-logo-stacked.svg","width":180,"height":56,"caption":"Georgia Access"},"image":{"@id":"https:\/\/georgiaaccess.gov\/es\/#\/schema\/logo\/image\/"}}]}},"uagb_featured_image_src":{"full":false,"thumbnail":false,"medium":false,"medium_large":false,"large":false,"1536x1536":false,"2048x2048":false},"uagb_author_info":{"display_name":"notadmin","author_link":"https:\/\/georgiaaccess.gov\/es\/author\/notadmin\/"},"uagb_comment_info":0,"uagb_excerpt":"PeachCare for Kids\u00ae es el programa de seguro para ni\u00f1os de Georgia, tambi\u00e9n conocido como S-CHIP. Este programa brinda beneficios de salud integrales que incluyen atenci\u00f3n primaria, preventiva, especializada, dental y de la vista a bajo costo o sin costo para las familias que califiquen. Para ser elegible para PeachCare for Kids\u00ae, los hogares deben&hellip;","_links":{"self":[{"href":"https:\/\/georgiaaccess.gov\/es\/wp-json\/wp\/v2\/pages\/3162","targetHints":{"allow":["GET"]}}],"collection":[{"href":"https:\/\/georgiaaccess.gov\/es\/wp-json\/wp\/v2\/pages"}],"about":[{"href":"https:\/\/georgiaaccess.gov\/es\/wp-json\/wp\/v2\/types\/page"}],"author":[{"embeddable":true,"href":"https:\/\/georgiaaccess.gov\/es\/wp-json\/wp\/v2\/users\/1"}],"replies":[{"embeddable":true,"href":"https:\/\/georgiaaccess.gov\/es\/wp-json\/wp\/v2\/comments?post=3162"}],"version-history":[{"count":3,"href":"https:\/\/georgiaaccess.gov\/es\/wp-json\/wp\/v2\/pages\/3162\/revisions"}],"predecessor-version":[{"id":6584,"href":"https:\/\/georgiaaccess.gov\/es\/wp-json\/wp\/v2\/pages\/3162\/revisions\/6584"}],"up":[{"embeddable":true,"href":"https:\/\/georgiaaccess.gov\/es\/wp-json\/wp\/v2\/pages\/3156"}],"wp:attachment":[{"href":"https:\/\/georgiaaccess.gov\/es\/wp-json\/wp\/v2\/media?parent=3162"}],"curies":[{"name":"wp","href":"https:\/\/api.w.org\/{rel}","templated":true}]}}