{"id":3159,"date":"2023-10-17T14:36:03","date_gmt":"2023-10-17T18:36:03","guid":{"rendered":"https:\/\/georgiaaccess.gov\/socios-de-inscripcion-directa-mejorados\/"},"modified":"2025-10-17T09:24:44","modified_gmt":"2025-10-17T13:24:44","slug":"socios-de-inscripcion-directa-mejorados","status":"publish","type":"page","link":"https:\/\/georgiaaccess.gov\/es\/socios-de-inscripcion-directa-mejorados\/","title":{"rendered":"Socios de inscripci\u00f3n directa mejorados"},"content":{"rendered":"\n<p>Los socios de Inscripci\u00f3n Directa Mejorada (EDE) est\u00e1n certificados por Georgia Access para proporcionar una experiencia integral de solicitud, compra e inscripci\u00f3n de Exchange para los consumidores, ya sea a trav\u00e9s del autoservicio o trabajando con un agente certificado. Las EDE pueden servir como: <\/p>\n\n\n\n<ul class=\"wp-block-list\">\n<li><strong>Corredores web<\/strong> que ofrecen inscripci\u00f3n directa en todos los planes disponibles en todas las compa\u00f1\u00edas de seguros.<\/li>\n\n\n\n<li><strong>Compa\u00f1\u00edas de seguros<\/strong> que ofrecen inscripci\u00f3n directa solo en los planes propios de esa compa\u00f1\u00eda de seguros.<\/li>\n<\/ul>\n\n\n\n<p>Muchos georgianos est\u00e1n descubriendo que trabajar con un socio de EDE, ya sea a trav\u00e9s de su portal del consumidor, directamente a trav\u00e9s de una compa\u00f1\u00eda de seguros o con un agente que utiliza las herramientas de los socios de EDE, es la mejor manera de encontrar la cobertura de salud adecuada.<\/p>\n\n\n\n<p>Georgia Access proporciona acceso directo y apoyo para ayudar a los socios de EDE a trav\u00e9s de nuestro proceso de certificaci\u00f3n y pruebas tecnol\u00f3gicas, y se relaciona con los socios de EDE a trav\u00e9s de reuniones grupales de EDE programadas regularmente y uno a uno con cada socio de EDE para discutir actualizaciones y abordar preguntas.<\/p>\n\n\n\n<h2 class=\"wp-block-heading h2-heading\"><strong>Nuevos socios de EDE<\/strong><\/h2>\n\n\n\n<p>Como lista de verificaci\u00f3n preliminar, los nuevos socios de EDE interesados en ser socios de EDE de Georgia Access deben:<\/p>\n\n\n\n<ul class=\"wp-block-list\">\n<li>No estar operando como una entidad de Inscripci\u00f3n Directa (DE) \u00abcl\u00e1sica\u00bb que atiende a los consumidores de Georgia. Sin embargo, Georgia Access se complace en colaborar con las organizaciones de DE que trabajan activamente con HealthCare.gov para obtener la certificaci\u00f3n como socios de pleno derecho de EDE a medida que avanzan en esa evoluci\u00f3n. <\/li>\n\n\n\n<li>Haber obtenido la certificaci\u00f3n como EDE en el intercambio facilitado por el gobierno federal (FFE).<\/li>\n\n\n\n<li>Operar como un EDE de Fase 2 o Fase 3. Los EDE de la Fase 2 tendr\u00e1n que hacer la transici\u00f3n a los EDE de la Fase 3 para Georgia Access en el mismo cronograma que el FFE. <\/li>\n<\/ul>\n\n\n\n<p>Georgia Access trabaja para mantenerse lo m\u00e1s alineado posible con HealthCare.gov, tanto en pol\u00edtica como en tecnolog\u00eda, para minimizar las personalizaciones requeridas que nuestros socios de EDE, que pueden servir a muchos estados a trav\u00e9s de HealthCare.gov, deben hacer espec\u00edficamente para Georgia. Estas actualizaciones y las decisiones de Georgia Access sobre los nuevos mandatos de FFE se comparten con los socios de EDE a trav\u00e9s de las reuniones de grupo de EDE y uno a uno con cada socio de EDE. <\/p>\n\n\n\n<p>Las organizaciones que hayan cumplido con los elementos de la lista de verificaci\u00f3n preliminar anterior pueden iniciar el proceso de certificaci\u00f3n para ser un EDE de Georgia Access completando la solicitud de EDE de Georgia Access y envi\u00e1ndola por correo electr\u00f3nico a <a href=\"mailto:EDEsupport@georgiaaccess.ga.gov\">EDEsupport@georgiaaccess.ga.gov<\/a>.<\/p>\n\n\n\n<p>Tras la confirmaci\u00f3n, el equipo de Georgia Access revisar\u00e1 la solicitud, proporcionar\u00e1 una hoja de ruta del proceso de certificaci\u00f3n para convertirse en un socio certificado de Georgia Access, otorgar\u00e1 acceso a ShareFile para que los nuevos socios de EDE revisen el programa y la documentaci\u00f3n t\u00e9cnica, e invitar\u00e1 al solicitante a las reuniones peri\u00f3dicas del grupo de EDE y a las reuniones individuales para conversaciones directas con Georgia Access.<\/p>\n\n\n\n<h2 class=\"wp-block-heading h2-heading\"><strong>Socios actuales certificados de Georgia Access EDE <\/strong>para el a\u00f1o del plan 2026<\/h2>\n\n\n\n<ul class=\"wp-block-list\">\n<li>V\u00eda Beneficios<\/li>\n\n\n\n<li>UnitedHealthcare de Georgia, Inc.<\/li>\n\n\n\n<li>Salud de Stride<\/li>\n\n\n\n<li>\u00d3scar Salud<\/li>\n\n\n\n<li>MyMFG<\/li>\n\n\n\n<li>Kaiser Permanente<\/li>\n\n\n\n<li>Soluciones de salud JET<\/li>\n\n\n\n<li>INSXCloud<\/li>\n\n\n\n<li>HealthSherpa<\/li>\n\n\n\n<li>Cuidado de la salud de Cigna<\/li>\n\n\n\n<li>Atrapar<\/li>\n\n\n\n<li>CareSource<\/li>\n\n\n\n<li>Himno Cruz Azul y Escudo Azul<\/li>\n\n\n\n<li>Ambetter de Peach State Health Plan<\/li>\n\n\n\n<li>Soluciones de Allstate Health<\/li>\n\n\n\n<li>Planes de salud de Alliant<\/li>\n<\/ul>\n\n\n\n<h2 class=\"wp-block-heading h2-heading\"><strong>M\u00e1s informaci\u00f3n<\/strong><\/h2>\n\n\n\n<ul class=\"wp-block-list\">\n<li>Nuevo socio potencial de EDE:\n<ul class=\"wp-block-list\">\n<li>Env\u00ede un correo electr\u00f3nico a <a href=\"mailto:EDEsupport@georgiaaccess.ga.gov\">EDEsupport@georgiaaccess.ga.gov<\/a> con preguntas sobre Georgia Access.<\/li>\n<\/ul>\n<\/li>\n\n\n\n<li>Socio existente de EDE con preguntas t\u00e9cnicas o de programa:  \n<ul class=\"wp-block-list\">\n<li>Env\u00ede un correo electr\u00f3nico a <a href=\"mailto:EDEsupport@georgiaaccess.ga.gov\">EDEsupport@georgiaaccess.ga.gov<\/a> para obtener respuestas a esas preguntas.<\/li>\n<\/ul>\n<\/li>\n\n\n\n<li>Documentaci\u00f3n y recursos de EDE de Georgia Access para los socios existentes de EDE:\n<ul class=\"wp-block-list\">\n<li>Acceda a la <a href=\"https:\/\/gaoci.sharefile.com\/f\/fof25976-9a44-4475-a31e-431a8b17e5b0\" target=\"_blank\" rel=\"noreferrer noopener\">carpeta de soporte de implementaci\u00f3n de socios y emisores de EDE en ShareFile<\/a>.<\/li>\n<\/ul>\n<\/li>\n\n\n\n<li>Preguntas sobre HealthCare.gov certificaci\u00f3n EDE:\n<ul class=\"wp-block-list\">\n<li>Comun\u00edquese con el Centro de llamadas del Mercado al <a href=\"Tel:%201-855-788-6275\">1-855-788-6275<\/a>.<\/li>\n<\/ul>\n<\/li>\n<\/ul>\n\n\n\n<div style=\"height:42px\" aria-hidden=\"true\" class=\"wp-block-spacer\"><\/div>\n","protected":false},"excerpt":{"rendered":"<p>Los socios de Inscripci\u00f3n Directa Mejorada (EDE) est\u00e1n certificados por Georgia Access para proporcionar una experiencia integral de solicitud, compra e inscripci\u00f3n de Exchange para los consumidores, ya sea a trav\u00e9s del autoservicio o trabajando con un agente certificado. Las EDE pueden servir como: Muchos georgianos est\u00e1n descubriendo que trabajar con un socio de EDE, [&hellip;]<\/p>\n","protected":false},"author":1,"featured_media":6617,"parent":0,"menu_order":0,"comment_status":"closed","ping_status":"closed","template":"sidebar-menu-template.php","meta":{"_acf_changed":false,"inline_featured_image":false,"_uag_custom_page_level_css":"","site-sidebar-layout":"default","site-content-layout":"","ast-site-content-layout":"default","site-content-style":"default","site-sidebar-style":"default","ast-global-header-display":"","ast-banner-title-visibility":"","ast-main-header-display":"","ast-hfb-above-header-display":"","ast-hfb-below-header-display":"","ast-hfb-mobile-header-display":"","site-post-title":"","ast-breadcrumbs-content":"","ast-featured-img":"disabled","footer-sml-layout":"","ast-disable-related-posts":"","theme-transparent-header-meta":"","adv-header-id-meta":"","stick-header-meta":"","header-above-stick-meta":"","header-main-stick-meta":"","header-below-stick-meta":"","astra-migrate-meta-layouts":"set","ast-page-background-enabled":"default","ast-page-background-meta":{"desktop":{"background-color":"var(--ast-global-color-4)","background-image":"","background-repeat":"repeat","background-position":"center center","background-size":"auto","background-attachment":"scroll","background-type":"","background-media":"","overlay-type":"","overlay-color":"","overlay-opacity":"","overlay-gradient":""},"tablet":{"background-color":"","background-image":"","background-repeat":"repeat","background-position":"center center","background-size":"auto","background-attachment":"scroll","background-type":"","background-media":"","overlay-type":"","overlay-color":"","overlay-opacity":"","overlay-gradient":""},"mobile":{"background-color":"","background-image":"","background-repeat":"repeat","background-position":"center center","background-size":"auto","background-attachment":"scroll","background-type":"","background-media":"","overlay-type":"","overlay-color":"","overlay-opacity":"","overlay-gradient":""}},"ast-content-background-meta":{"desktop":{"background-color":"var(--ast-global-color-5)","background-image":"","background-repeat":"repeat","background-position":"center center","background-size":"auto","background-attachment":"scroll","background-type":"","background-media":"","overlay-type":"","overlay-color":"","overlay-opacity":"","overlay-gradient":""},"tablet":{"background-color":"var(--ast-global-color-5)","background-image":"","background-repeat":"repeat","background-position":"center center","background-size":"auto","background-attachment":"scroll","background-type":"","background-media":"","overlay-type":"","overlay-color":"","overlay-opacity":"","overlay-gradient":""},"mobile":{"background-color":"var(--ast-global-color-5)","background-image":"","background-repeat":"repeat","background-position":"center center","background-size":"auto","background-attachment":"scroll","background-type":"","background-media":"","overlay-type":"","overlay-color":"","overlay-opacity":"","overlay-gradient":""}},"footnotes":""},"class_list":["post-3159","page","type-page","status-publish","has-post-thumbnail","hentry"],"acf":[],"yoast_head":"<!-- This site is optimized with the Yoast SEO plugin v26.8 - https:\/\/yoast.com\/product\/yoast-seo-wordpress\/ -->\n<title>Socios de inscripci\u00f3n directa mejorados | Acceso a Georgia<\/title>\n<meta name=\"description\" content=\"Los socios de Inscripci\u00f3n Directa Mejorada (EDE, por sus siglas en ingl\u00e9s) est\u00e1n certificados por HealthCare.gov y se asocian con Georgia Access para proporcionar servicios de compra e inscripci\u00f3n de Exchange a los consumidores.\" \/>\n<meta name=\"robots\" content=\"index, follow, max-snippet:-1, max-image-preview:large, max-video-preview:-1\" \/>\n<link rel=\"canonical\" href=\"https:\/\/georgiaaccess.gov\/es\/socios-de-inscripcion-directa-mejorados\/\" \/>\n<meta property=\"og:locale\" content=\"es_ES\" \/>\n<meta property=\"og:type\" content=\"article\" \/>\n<meta property=\"og:title\" content=\"Socios de inscripci\u00f3n directa mejorados | Acceso a Georgia\" \/>\n<meta property=\"og:description\" content=\"Los socios de Inscripci\u00f3n Directa Mejorada (EDE, por sus siglas en ingl\u00e9s) est\u00e1n certificados por HealthCare.gov y se asocian con Georgia Access para proporcionar servicios de compra e inscripci\u00f3n de Exchange a los consumidores.\" \/>\n<meta property=\"og:url\" content=\"https:\/\/georgiaaccess.gov\/es\/socios-de-inscripcion-directa-mejorados\/\" \/>\n<meta property=\"og:site_name\" content=\"Georgia Access\" \/>\n<meta property=\"article:modified_time\" content=\"2025-10-17T13:24:44+00:00\" \/>\n<meta property=\"og:image\" content=\"https:\/\/georgiaaccess.disclosuresai.com\/wp-content\/uploads\/2025\/09\/partners-header-scaled.jpg\" \/>\n\t<meta property=\"og:image:width\" content=\"2560\" \/>\n\t<meta property=\"og:image:height\" content=\"356\" \/>\n\t<meta property=\"og:image:type\" content=\"image\/jpeg\" \/>\n<meta name=\"twitter:card\" content=\"summary_large_image\" \/>\n<meta name=\"twitter:label1\" content=\"Tiempo de lectura\" \/>\n\t<meta name=\"twitter:data1\" content=\"4 minutos\" \/>\n<script type=\"application\/ld+json\" class=\"yoast-schema-graph\">{\"@context\":\"https:\/\/schema.org\",\"@graph\":[{\"@type\":\"WebPage\",\"@id\":\"https:\/\/georgiaaccess.gov\/es\/socios-de-inscripcion-directa-mejorados\/\",\"url\":\"https:\/\/georgiaaccess.gov\/es\/socios-de-inscripcion-directa-mejorados\/\",\"name\":\"Socios de inscripci\u00f3n directa mejorados | Acceso a Georgia\",\"isPartOf\":{\"@id\":\"https:\/\/georgiaaccess.gov\/es\/#website\"},\"primaryImageOfPage\":{\"@id\":\"https:\/\/georgiaaccess.gov\/es\/socios-de-inscripcion-directa-mejorados\/#primaryimage\"},\"image\":{\"@id\":\"https:\/\/georgiaaccess.gov\/es\/socios-de-inscripcion-directa-mejorados\/#primaryimage\"},\"thumbnailUrl\":\"https:\/\/georgiaaccess.gov\/wp-content\/uploads\/2025\/09\/partners-header-scaled.jpg\",\"datePublished\":\"2023-10-17T18:36:03+00:00\",\"dateModified\":\"2025-10-17T13:24:44+00:00\",\"description\":\"Los socios de Inscripci\u00f3n Directa Mejorada (EDE, por sus siglas en ingl\u00e9s) est\u00e1n certificados por HealthCare.gov y se asocian con Georgia Access para proporcionar servicios de compra e inscripci\u00f3n de Exchange a los consumidores.\",\"breadcrumb\":{\"@id\":\"https:\/\/georgiaaccess.gov\/es\/socios-de-inscripcion-directa-mejorados\/#breadcrumb\"},\"inLanguage\":\"es\",\"potentialAction\":[{\"@type\":\"ReadAction\",\"target\":[\"https:\/\/georgiaaccess.gov\/es\/socios-de-inscripcion-directa-mejorados\/\"]}]},{\"@type\":\"ImageObject\",\"inLanguage\":\"es\",\"@id\":\"https:\/\/georgiaaccess.gov\/es\/socios-de-inscripcion-directa-mejorados\/#primaryimage\",\"url\":\"https:\/\/georgiaaccess.gov\/wp-content\/uploads\/2025\/09\/partners-header-scaled.jpg\",\"contentUrl\":\"https:\/\/georgiaaccess.gov\/wp-content\/uploads\/2025\/09\/partners-header-scaled.jpg\",\"width\":2560,\"height\":356,\"caption\":\"Woman smiling and holding documents.\"},{\"@type\":\"BreadcrumbList\",\"@id\":\"https:\/\/georgiaaccess.gov\/es\/socios-de-inscripcion-directa-mejorados\/#breadcrumb\",\"itemListElement\":[{\"@type\":\"ListItem\",\"position\":1,\"name\":\"Home\",\"item\":\"https:\/\/georgiaaccess.gov\/es\/\"},{\"@type\":\"ListItem\",\"position\":2,\"name\":\"Socios de inscripci\u00f3n directa mejorados\"}]},{\"@type\":\"WebSite\",\"@id\":\"https:\/\/georgiaaccess.gov\/es\/#website\",\"url\":\"https:\/\/georgiaaccess.gov\/es\/\",\"name\":\"Georgia Access\",\"description\":\"\",\"publisher\":{\"@id\":\"https:\/\/georgiaaccess.gov\/es\/#organization\"},\"potentialAction\":[{\"@type\":\"SearchAction\",\"target\":{\"@type\":\"EntryPoint\",\"urlTemplate\":\"https:\/\/georgiaaccess.gov\/es\/?s={search_term_string}\"},\"query-input\":{\"@type\":\"PropertyValueSpecification\",\"valueRequired\":true,\"valueName\":\"search_term_string\"}}],\"inLanguage\":\"es\"},{\"@type\":\"Organization\",\"@id\":\"https:\/\/georgiaaccess.gov\/es\/#organization\",\"name\":\"Georgia Access\",\"url\":\"https:\/\/georgiaaccess.gov\/es\/\",\"logo\":{\"@type\":\"ImageObject\",\"inLanguage\":\"es\",\"@id\":\"https:\/\/georgiaaccess.gov\/es\/#\/schema\/logo\/image\/\",\"url\":\"https:\/\/georgiaaccess.gov\/wp-content\/uploads\/2022\/10\/georgia-access-logo-stacked.svg\",\"contentUrl\":\"https:\/\/georgiaaccess.gov\/wp-content\/uploads\/2022\/10\/georgia-access-logo-stacked.svg\",\"width\":180,\"height\":56,\"caption\":\"Georgia Access\"},\"image\":{\"@id\":\"https:\/\/georgiaaccess.gov\/es\/#\/schema\/logo\/image\/\"}}]}<\/script>\n<!-- \/ Yoast SEO plugin. -->","yoast_head_json":{"title":"Socios de inscripci\u00f3n directa mejorados | Acceso a Georgia","description":"Los socios de Inscripci\u00f3n Directa Mejorada (EDE, por sus siglas en ingl\u00e9s) est\u00e1n certificados por HealthCare.gov y se asocian con Georgia Access para proporcionar servicios de compra e inscripci\u00f3n de Exchange a los consumidores.","robots":{"index":"index","follow":"follow","max-snippet":"max-snippet:-1","max-image-preview":"max-image-preview:large","max-video-preview":"max-video-preview:-1"},"canonical":"https:\/\/georgiaaccess.gov\/es\/socios-de-inscripcion-directa-mejorados\/","og_locale":"es_ES","og_type":"article","og_title":"Socios de inscripci\u00f3n directa mejorados | Acceso a Georgia","og_description":"Los socios de Inscripci\u00f3n Directa Mejorada (EDE, por sus siglas en ingl\u00e9s) est\u00e1n certificados por HealthCare.gov y se asocian con Georgia Access para proporcionar servicios de compra e inscripci\u00f3n de Exchange a los consumidores.","og_url":"https:\/\/georgiaaccess.gov\/es\/socios-de-inscripcion-directa-mejorados\/","og_site_name":"Georgia Access","article_modified_time":"2025-10-17T13:24:44+00:00","og_image":[{"width":2560,"height":356,"url":"https:\/\/georgiaaccess.disclosuresai.com\/wp-content\/uploads\/2025\/09\/partners-header-scaled.jpg","type":"image\/jpeg"}],"twitter_card":"summary_large_image","twitter_misc":{"Tiempo de lectura":"4 minutos"},"schema":{"@context":"https:\/\/schema.org","@graph":[{"@type":"WebPage","@id":"https:\/\/georgiaaccess.gov\/es\/socios-de-inscripcion-directa-mejorados\/","url":"https:\/\/georgiaaccess.gov\/es\/socios-de-inscripcion-directa-mejorados\/","name":"Socios de inscripci\u00f3n directa mejorados | Acceso a Georgia","isPartOf":{"@id":"https:\/\/georgiaaccess.gov\/es\/#website"},"primaryImageOfPage":{"@id":"https:\/\/georgiaaccess.gov\/es\/socios-de-inscripcion-directa-mejorados\/#primaryimage"},"image":{"@id":"https:\/\/georgiaaccess.gov\/es\/socios-de-inscripcion-directa-mejorados\/#primaryimage"},"thumbnailUrl":"https:\/\/georgiaaccess.gov\/wp-content\/uploads\/2025\/09\/partners-header-scaled.jpg","datePublished":"2023-10-17T18:36:03+00:00","dateModified":"2025-10-17T13:24:44+00:00","description":"Los socios de Inscripci\u00f3n Directa Mejorada (EDE, por sus siglas en ingl\u00e9s) est\u00e1n certificados por HealthCare.gov y se asocian con Georgia Access para proporcionar servicios de compra e inscripci\u00f3n de Exchange a los consumidores.","breadcrumb":{"@id":"https:\/\/georgiaaccess.gov\/es\/socios-de-inscripcion-directa-mejorados\/#breadcrumb"},"inLanguage":"es","potentialAction":[{"@type":"ReadAction","target":["https:\/\/georgiaaccess.gov\/es\/socios-de-inscripcion-directa-mejorados\/"]}]},{"@type":"ImageObject","inLanguage":"es","@id":"https:\/\/georgiaaccess.gov\/es\/socios-de-inscripcion-directa-mejorados\/#primaryimage","url":"https:\/\/georgiaaccess.gov\/wp-content\/uploads\/2025\/09\/partners-header-scaled.jpg","contentUrl":"https:\/\/georgiaaccess.gov\/wp-content\/uploads\/2025\/09\/partners-header-scaled.jpg","width":2560,"height":356,"caption":"Woman smiling and holding documents."},{"@type":"BreadcrumbList","@id":"https:\/\/georgiaaccess.gov\/es\/socios-de-inscripcion-directa-mejorados\/#breadcrumb","itemListElement":[{"@type":"ListItem","position":1,"name":"Home","item":"https:\/\/georgiaaccess.gov\/es\/"},{"@type":"ListItem","position":2,"name":"Socios de inscripci\u00f3n directa mejorados"}]},{"@type":"WebSite","@id":"https:\/\/georgiaaccess.gov\/es\/#website","url":"https:\/\/georgiaaccess.gov\/es\/","name":"Georgia Access","description":"","publisher":{"@id":"https:\/\/georgiaaccess.gov\/es\/#organization"},"potentialAction":[{"@type":"SearchAction","target":{"@type":"EntryPoint","urlTemplate":"https:\/\/georgiaaccess.gov\/es\/?s={search_term_string}"},"query-input":{"@type":"PropertyValueSpecification","valueRequired":true,"valueName":"search_term_string"}}],"inLanguage":"es"},{"@type":"Organization","@id":"https:\/\/georgiaaccess.gov\/es\/#organization","name":"Georgia Access","url":"https:\/\/georgiaaccess.gov\/es\/","logo":{"@type":"ImageObject","inLanguage":"es","@id":"https:\/\/georgiaaccess.gov\/es\/#\/schema\/logo\/image\/","url":"https:\/\/georgiaaccess.gov\/wp-content\/uploads\/2022\/10\/georgia-access-logo-stacked.svg","contentUrl":"https:\/\/georgiaaccess.gov\/wp-content\/uploads\/2022\/10\/georgia-access-logo-stacked.svg","width":180,"height":56,"caption":"Georgia Access"},"image":{"@id":"https:\/\/georgiaaccess.gov\/es\/#\/schema\/logo\/image\/"}}]}},"uagb_featured_image_src":{"full":["https:\/\/georgiaaccess.gov\/wp-content\/uploads\/2025\/09\/partners-header-scaled.jpg",2560,356,false],"thumbnail":["https:\/\/georgiaaccess.gov\/wp-content\/uploads\/2025\/09\/partners-header-150x150.jpg",150,150,true],"medium":["https:\/\/georgiaaccess.gov\/wp-content\/uploads\/2025\/09\/partners-header-300x42.jpg",300,42,true],"medium_large":["https:\/\/georgiaaccess.gov\/wp-content\/uploads\/2025\/09\/partners-header-768x107.jpg",768,107,true],"large":["https:\/\/georgiaaccess.gov\/wp-content\/uploads\/2025\/09\/partners-header-1024x142.jpg",1024,142,true],"1536x1536":["https:\/\/georgiaaccess.gov\/wp-content\/uploads\/2025\/09\/partners-header-1536x213.jpg",1536,213,true],"2048x2048":["https:\/\/georgiaaccess.gov\/wp-content\/uploads\/2025\/09\/partners-header-2048x284.jpg",2048,284,true]},"uagb_author_info":{"display_name":"notadmin","author_link":"https:\/\/georgiaaccess.gov\/es\/author\/notadmin\/"},"uagb_comment_info":0,"uagb_excerpt":"Los socios de Inscripci\u00f3n Directa Mejorada (EDE) est\u00e1n certificados por Georgia Access para proporcionar una experiencia integral de solicitud, compra e inscripci\u00f3n de Exchange para los consumidores, ya sea a trav\u00e9s del autoservicio o trabajando con un agente certificado. Las EDE pueden servir como: Muchos georgianos est\u00e1n descubriendo que trabajar con un socio de EDE,&hellip;","_links":{"self":[{"href":"https:\/\/georgiaaccess.gov\/es\/wp-json\/wp\/v2\/pages\/3159","targetHints":{"allow":["GET"]}}],"collection":[{"href":"https:\/\/georgiaaccess.gov\/es\/wp-json\/wp\/v2\/pages"}],"about":[{"href":"https:\/\/georgiaaccess.gov\/es\/wp-json\/wp\/v2\/types\/page"}],"author":[{"embeddable":true,"href":"https:\/\/georgiaaccess.gov\/es\/wp-json\/wp\/v2\/users\/1"}],"replies":[{"embeddable":true,"href":"https:\/\/georgiaaccess.gov\/es\/wp-json\/wp\/v2\/comments?post=3159"}],"version-history":[{"count":14,"href":"https:\/\/georgiaaccess.gov\/es\/wp-json\/wp\/v2\/pages\/3159\/revisions"}],"predecessor-version":[{"id":9175,"href":"https:\/\/georgiaaccess.gov\/es\/wp-json\/wp\/v2\/pages\/3159\/revisions\/9175"}],"wp:featuredmedia":[{"embeddable":true,"href":"https:\/\/georgiaaccess.gov\/es\/wp-json\/wp\/v2\/media\/6617"}],"wp:attachment":[{"href":"https:\/\/georgiaaccess.gov\/es\/wp-json\/wp\/v2\/media?parent=3159"}],"curies":[{"name":"wp","href":"https:\/\/api.w.org\/{rel}","templated":true}]}}