{"id":3156,"date":"2023-10-16T21:54:16","date_gmt":"2023-10-17T01:54:16","guid":{"rendered":"https:\/\/georgiaaccess.gov\/cubrete\/otros-programas-de-cobertura-de-salud\/"},"modified":"2026-03-03T20:59:46","modified_gmt":"2026-03-04T00:59:46","slug":"planes-de-cobertura-de-salud-publica","status":"publish","type":"page","link":"https:\/\/georgiaaccess.gov\/es\/planes-de-cobertura-de-salud-publica\/","title":{"rendered":"Planes de cobertura de salud p\u00fablica"},"content":{"rendered":"\n<p>Los georgianos de todas las edades necesitan acceso a programas y servicios de atenci\u00f3n m\u00e9dica asequibles. Aqu\u00ed encontrar\u00e1 informaci\u00f3n sobre las opciones de cobertura de seguro m\u00e9dico y los programas para apoyar su salud y bienestar y el de su familia.   &nbsp;&nbsp;<\/p>\n\n\n\n<p>El estado de Georgia tiene varios programas y recursos disponibles para ayudar a las familias necesitadas. Solicite cualquiera de los programas estatales a continuaci\u00f3n visitando <a href=\"https:\/\/gateway.ga.gov\/access\/\" target=\"_blank\" rel=\"noreferrer noopener\">Georgia Gateway<\/a>. &nbsp;&nbsp;<\/p>\n\n\n\n<p><strong>Programas estatales de cobertura de salud:&nbsp;<\/strong>&nbsp;<\/p>\n\n\n\n<ul class=\"wp-block-list\">\n<li><a href=\"https:\/\/georgiaaccess.gov\/es\/otros-programas-de-cobertura-de-salud\/medicaid\/\">Medicaid<\/a>\u00a0\u00a0<\/li>\n\n\n\n<li><a href=\"https:\/\/georgiaaccess.gov\/es\/otros-programas-de-cobertura-de-salud\/peachcare-para-ninos\/\">PeachCare para ni\u00f1os\u00ae<\/a>\u00a0\u00a0<\/li>\n\n\n\n<li><a href=\"https:\/\/pathways.georgia.gov\/\" target=\"_blank\" rel=\"noreferrer noopener\">Caminos de Georgia hacia la cobertura<span style=\"text-decoration: underline;\">\u2122<\/span><\/a><\/li>\n<\/ul>\n\n\n\n<p><strong>Otros programas estatales:&nbsp;<\/strong>&nbsp;<\/p>\n\n\n\n<ul class=\"wp-block-list\">\n<li><a href=\"https:\/\/dfcs.georgia.gov\/snap-food-stamps\" target=\"_blank\" rel=\"noreferrer noopener\">Programa de Asistencia Nutricional Suplementaria (SNAP\/Cupones de Alimentos)<\/a>&nbsp;&nbsp;<\/li>\n\n\n\n<li><a href=\"https:\/\/dfcs.georgia.gov\/services\/temporary-assistance-needy-families\" target=\"_blank\" rel=\"noreferrer noopener\">Asistencia Temporal para Familias Necesitadas (TANF, por sus siglas en ingl\u00e9s)<\/a>&nbsp;<\/li>\n\n\n\n<li><a href=\"https:\/\/dph.georgia.gov\/WIC\" target=\"_blank\" rel=\"noreferrer noopener\">Programa Especial de Nutrici\u00f3n Suplementaria para Mujeres, Beb\u00e9s y Ni\u00f1os (WIC)<\/a>&nbsp;<\/li>\n\n\n\n<li><a href=\"https:\/\/georgia.gov\/apply-childcare-and-parent-services-caps-program\" target=\"_blank\" rel=\"noreferrer noopener\">Servicios para el Cuidado de Ni\u00f1os y Padres (CAPS)<\/a>&nbsp;&nbsp;<\/li>\n<\/ul>\n\n\n\n<p><strong>Otras opciones de cobertura de salud:&nbsp;<\/strong>&nbsp;<\/p>\n\n\n\n<ul class=\"wp-block-list\">\n<li><a href=\"https:\/\/georgiaaccess.gov\/es\/otros-programas-de-cobertura-de-salud\/medicare\/\">Medicare<\/a><\/li>\n\n\n\n<li><a href=\"https:\/\/georgiaaccess.gov\/es\/otros-programas-de-cobertura-de-salud\/cobra\/\">Ley \u00d3mnibus Consolidada de Reconciliaci\u00f3n Presupuestaria (COBRA)<\/a><\/li>\n<\/ul>\n\n\n\n<div style=\"height:42px\" aria-hidden=\"true\" class=\"wp-block-spacer\"><\/div>\n","protected":false},"excerpt":{"rendered":"<p>Los georgianos de todas las edades necesitan acceso a programas y servicios de atenci\u00f3n m\u00e9dica asequibles. Aqu\u00ed encontrar\u00e1 informaci\u00f3n sobre las opciones de cobertura de seguro m\u00e9dico y los programas para apoyar su salud y bienestar y el de su familia. &nbsp;&nbsp; El estado de Georgia tiene varios programas y recursos disponibles para ayudar a [&hellip;]<\/p>\n","protected":false},"author":1,"featured_media":6615,"parent":0,"menu_order":0,"comment_status":"closed","ping_status":"closed","template":"sidebar-menu-template.php","meta":{"_acf_changed":false,"inline_featured_image":false,"_uag_custom_page_level_css":"","site-sidebar-layout":"default","site-content-layout":"","ast-site-content-layout":"default","site-content-style":"default","site-sidebar-style":"default","ast-global-header-display":"","ast-banner-title-visibility":"","ast-main-header-display":"","ast-hfb-above-header-display":"","ast-hfb-below-header-display":"","ast-hfb-mobile-header-display":"","site-post-title":"","ast-breadcrumbs-content":"","ast-featured-img":"disabled","footer-sml-layout":"","ast-disable-related-posts":"","theme-transparent-header-meta":"","adv-header-id-meta":"","stick-header-meta":"","header-above-stick-meta":"","header-main-stick-meta":"","header-below-stick-meta":"","astra-migrate-meta-layouts":"set","ast-page-background-enabled":"default","ast-page-background-meta":{"desktop":{"background-color":"var(--ast-global-color-4)","background-image":"","background-repeat":"repeat","background-position":"center center","background-size":"auto","background-attachment":"scroll","background-type":"","background-media":"","overlay-type":"","overlay-color":"","overlay-opacity":"","overlay-gradient":""},"tablet":{"background-color":"","background-image":"","background-repeat":"repeat","background-position":"center center","background-size":"auto","background-attachment":"scroll","background-type":"","background-media":"","overlay-type":"","overlay-color":"","overlay-opacity":"","overlay-gradient":""},"mobile":{"background-color":"","background-image":"","background-repeat":"repeat","background-position":"center center","background-size":"auto","background-attachment":"scroll","background-type":"","background-media":"","overlay-type":"","overlay-color":"","overlay-opacity":"","overlay-gradient":""}},"ast-content-background-meta":{"desktop":{"background-color":"var(--ast-global-color-5)","background-image":"","background-repeat":"repeat","background-position":"center center","background-size":"auto","background-attachment":"scroll","background-type":"","background-media":"","overlay-type":"","overlay-color":"","overlay-opacity":"","overlay-gradient":""},"tablet":{"background-color":"var(--ast-global-color-5)","background-image":"","background-repeat":"repeat","background-position":"center center","background-size":"auto","background-attachment":"scroll","background-type":"","background-media":"","overlay-type":"","overlay-color":"","overlay-opacity":"","overlay-gradient":""},"mobile":{"background-color":"var(--ast-global-color-5)","background-image":"","background-repeat":"repeat","background-position":"center center","background-size":"auto","background-attachment":"scroll","background-type":"","background-media":"","overlay-type":"","overlay-color":"","overlay-opacity":"","overlay-gradient":""}},"footnotes":""},"class_list":["post-3156","page","type-page","status-publish","has-post-thumbnail","hentry"],"acf":[],"yoast_head":"<!-- This site is optimized with the Yoast SEO plugin v26.8 - https:\/\/yoast.com\/product\/yoast-seo-wordpress\/ -->\n<title>Planes de cobertura de salud p\u00fablica | Acceso a Georgia<\/title>\n<meta name=\"description\" content=\"El estado de Georgia tiene varios programas y recursos disponibles para ayudar a las familias necesitadas. Solicite programas estatales y obtenga m\u00e1s informaci\u00f3n.\" \/>\n<meta name=\"robots\" content=\"index, follow, max-snippet:-1, max-image-preview:large, max-video-preview:-1\" \/>\n<link rel=\"canonical\" href=\"https:\/\/georgiaaccess.gov\/es\/planes-de-cobertura-de-salud-publica\/\" \/>\n<meta property=\"og:locale\" content=\"es_ES\" \/>\n<meta property=\"og:type\" content=\"article\" \/>\n<meta property=\"og:title\" content=\"Otros programas de cobertura de salud | Acceso a Georgia\" \/>\n<meta property=\"og:description\" content=\"El estado de Georgia tiene varios programas y recursos disponibles para ayudar a las familias necesitadas. Aplicar a cualquiera de los programas estatales. Aprende m\u00e1s.\" \/>\n<meta property=\"og:url\" content=\"https:\/\/georgiaaccess.gov\/es\/planes-de-cobertura-de-salud-publica\/\" \/>\n<meta property=\"og:site_name\" content=\"Georgia Access\" \/>\n<meta property=\"article:modified_time\" content=\"2026-03-04T00:59:46+00:00\" \/>\n<meta property=\"og:image\" content=\"https:\/\/georgiaaccess.gov\/wp-content\/uploads\/2025\/09\/individuals-and-families-header-scaled.jpg\" \/>\n\t<meta property=\"og:image:width\" content=\"2560\" \/>\n\t<meta property=\"og:image:height\" content=\"356\" \/>\n\t<meta property=\"og:image:type\" content=\"image\/jpeg\" \/>\n<meta name=\"twitter:card\" content=\"summary_large_image\" \/>\n<meta name=\"twitter:label1\" content=\"Tiempo de lectura\" \/>\n\t<meta name=\"twitter:data1\" content=\"1 minuto\" \/>\n<script type=\"application\/ld+json\" class=\"yoast-schema-graph\">{\"@context\":\"https:\/\/schema.org\",\"@graph\":[{\"@type\":\"WebPage\",\"@id\":\"https:\/\/georgiaaccess.gov\/es\/planes-de-cobertura-de-salud-publica\/\",\"url\":\"https:\/\/georgiaaccess.gov\/es\/planes-de-cobertura-de-salud-publica\/\",\"name\":\"Planes de cobertura de salud p\u00fablica | Acceso a Georgia\",\"isPartOf\":{\"@id\":\"https:\/\/georgiaaccess.gov\/es\/#website\"},\"primaryImageOfPage\":{\"@id\":\"https:\/\/georgiaaccess.gov\/es\/planes-de-cobertura-de-salud-publica\/#primaryimage\"},\"image\":{\"@id\":\"https:\/\/georgiaaccess.gov\/es\/planes-de-cobertura-de-salud-publica\/#primaryimage\"},\"thumbnailUrl\":\"https:\/\/georgiaaccess.gov\/wp-content\/uploads\/2025\/09\/individuals-and-families-header-scaled.jpg\",\"datePublished\":\"2023-10-17T01:54:16+00:00\",\"dateModified\":\"2026-03-04T00:59:46+00:00\",\"description\":\"El estado de Georgia tiene varios programas y recursos disponibles para ayudar a las familias necesitadas. Solicite programas estatales y obtenga m\u00e1s informaci\u00f3n.\",\"breadcrumb\":{\"@id\":\"https:\/\/georgiaaccess.gov\/es\/planes-de-cobertura-de-salud-publica\/#breadcrumb\"},\"inLanguage\":\"es\",\"potentialAction\":[{\"@type\":\"ReadAction\",\"target\":[\"https:\/\/georgiaaccess.gov\/es\/planes-de-cobertura-de-salud-publica\/\"]}]},{\"@type\":\"ImageObject\",\"inLanguage\":\"es\",\"@id\":\"https:\/\/georgiaaccess.gov\/es\/planes-de-cobertura-de-salud-publica\/#primaryimage\",\"url\":\"https:\/\/georgiaaccess.gov\/wp-content\/uploads\/2025\/09\/individuals-and-families-header-scaled.jpg\",\"contentUrl\":\"https:\/\/georgiaaccess.gov\/wp-content\/uploads\/2025\/09\/individuals-and-families-header-scaled.jpg\",\"width\":2560,\"height\":356,\"caption\":\"A man and two young boys smiling and hugging.\"},{\"@type\":\"BreadcrumbList\",\"@id\":\"https:\/\/georgiaaccess.gov\/es\/planes-de-cobertura-de-salud-publica\/#breadcrumb\",\"itemListElement\":[{\"@type\":\"ListItem\",\"position\":1,\"name\":\"Home\",\"item\":\"https:\/\/georgiaaccess.gov\/es\/\"},{\"@type\":\"ListItem\",\"position\":2,\"name\":\"Planes de cobertura de salud p\u00fablica\"}]},{\"@type\":\"WebSite\",\"@id\":\"https:\/\/georgiaaccess.gov\/es\/#website\",\"url\":\"https:\/\/georgiaaccess.gov\/es\/\",\"name\":\"Georgia Access\",\"description\":\"\",\"publisher\":{\"@id\":\"https:\/\/georgiaaccess.gov\/es\/#organization\"},\"potentialAction\":[{\"@type\":\"SearchAction\",\"target\":{\"@type\":\"EntryPoint\",\"urlTemplate\":\"https:\/\/georgiaaccess.gov\/es\/?s={search_term_string}\"},\"query-input\":{\"@type\":\"PropertyValueSpecification\",\"valueRequired\":true,\"valueName\":\"search_term_string\"}}],\"inLanguage\":\"es\"},{\"@type\":\"Organization\",\"@id\":\"https:\/\/georgiaaccess.gov\/es\/#organization\",\"name\":\"Georgia Access\",\"url\":\"https:\/\/georgiaaccess.gov\/es\/\",\"logo\":{\"@type\":\"ImageObject\",\"inLanguage\":\"es\",\"@id\":\"https:\/\/georgiaaccess.gov\/es\/#\/schema\/logo\/image\/\",\"url\":\"https:\/\/georgiaaccess.gov\/wp-content\/uploads\/2022\/10\/georgia-access-logo-stacked.svg\",\"contentUrl\":\"https:\/\/georgiaaccess.gov\/wp-content\/uploads\/2022\/10\/georgia-access-logo-stacked.svg\",\"width\":180,\"height\":56,\"caption\":\"Georgia Access\"},\"image\":{\"@id\":\"https:\/\/georgiaaccess.gov\/es\/#\/schema\/logo\/image\/\"}}]}<\/script>\n<!-- \/ Yoast SEO plugin. -->","yoast_head_json":{"title":"Planes de cobertura de salud p\u00fablica | Acceso a Georgia","description":"El estado de Georgia tiene varios programas y recursos disponibles para ayudar a las familias necesitadas. Solicite programas estatales y obtenga m\u00e1s informaci\u00f3n.","robots":{"index":"index","follow":"follow","max-snippet":"max-snippet:-1","max-image-preview":"max-image-preview:large","max-video-preview":"max-video-preview:-1"},"canonical":"https:\/\/georgiaaccess.gov\/es\/planes-de-cobertura-de-salud-publica\/","og_locale":"es_ES","og_type":"article","og_title":"Otros programas de cobertura de salud | Acceso a Georgia","og_description":"El estado de Georgia tiene varios programas y recursos disponibles para ayudar a las familias necesitadas. Aplicar a cualquiera de los programas estatales. Aprende m\u00e1s.","og_url":"https:\/\/georgiaaccess.gov\/es\/planes-de-cobertura-de-salud-publica\/","og_site_name":"Georgia Access","article_modified_time":"2026-03-04T00:59:46+00:00","og_image":[{"width":2560,"height":356,"url":"https:\/\/georgiaaccess.gov\/wp-content\/uploads\/2025\/09\/individuals-and-families-header-scaled.jpg","type":"image\/jpeg"}],"twitter_card":"summary_large_image","twitter_misc":{"Tiempo de lectura":"1 minuto"},"schema":{"@context":"https:\/\/schema.org","@graph":[{"@type":"WebPage","@id":"https:\/\/georgiaaccess.gov\/es\/planes-de-cobertura-de-salud-publica\/","url":"https:\/\/georgiaaccess.gov\/es\/planes-de-cobertura-de-salud-publica\/","name":"Planes de cobertura de salud p\u00fablica | Acceso a Georgia","isPartOf":{"@id":"https:\/\/georgiaaccess.gov\/es\/#website"},"primaryImageOfPage":{"@id":"https:\/\/georgiaaccess.gov\/es\/planes-de-cobertura-de-salud-publica\/#primaryimage"},"image":{"@id":"https:\/\/georgiaaccess.gov\/es\/planes-de-cobertura-de-salud-publica\/#primaryimage"},"thumbnailUrl":"https:\/\/georgiaaccess.gov\/wp-content\/uploads\/2025\/09\/individuals-and-families-header-scaled.jpg","datePublished":"2023-10-17T01:54:16+00:00","dateModified":"2026-03-04T00:59:46+00:00","description":"El estado de Georgia tiene varios programas y recursos disponibles para ayudar a las familias necesitadas. Solicite programas estatales y obtenga m\u00e1s informaci\u00f3n.","breadcrumb":{"@id":"https:\/\/georgiaaccess.gov\/es\/planes-de-cobertura-de-salud-publica\/#breadcrumb"},"inLanguage":"es","potentialAction":[{"@type":"ReadAction","target":["https:\/\/georgiaaccess.gov\/es\/planes-de-cobertura-de-salud-publica\/"]}]},{"@type":"ImageObject","inLanguage":"es","@id":"https:\/\/georgiaaccess.gov\/es\/planes-de-cobertura-de-salud-publica\/#primaryimage","url":"https:\/\/georgiaaccess.gov\/wp-content\/uploads\/2025\/09\/individuals-and-families-header-scaled.jpg","contentUrl":"https:\/\/georgiaaccess.gov\/wp-content\/uploads\/2025\/09\/individuals-and-families-header-scaled.jpg","width":2560,"height":356,"caption":"A man and two young boys smiling and hugging."},{"@type":"BreadcrumbList","@id":"https:\/\/georgiaaccess.gov\/es\/planes-de-cobertura-de-salud-publica\/#breadcrumb","itemListElement":[{"@type":"ListItem","position":1,"name":"Home","item":"https:\/\/georgiaaccess.gov\/es\/"},{"@type":"ListItem","position":2,"name":"Planes de cobertura de salud p\u00fablica"}]},{"@type":"WebSite","@id":"https:\/\/georgiaaccess.gov\/es\/#website","url":"https:\/\/georgiaaccess.gov\/es\/","name":"Georgia Access","description":"","publisher":{"@id":"https:\/\/georgiaaccess.gov\/es\/#organization"},"potentialAction":[{"@type":"SearchAction","target":{"@type":"EntryPoint","urlTemplate":"https:\/\/georgiaaccess.gov\/es\/?s={search_term_string}"},"query-input":{"@type":"PropertyValueSpecification","valueRequired":true,"valueName":"search_term_string"}}],"inLanguage":"es"},{"@type":"Organization","@id":"https:\/\/georgiaaccess.gov\/es\/#organization","name":"Georgia Access","url":"https:\/\/georgiaaccess.gov\/es\/","logo":{"@type":"ImageObject","inLanguage":"es","@id":"https:\/\/georgiaaccess.gov\/es\/#\/schema\/logo\/image\/","url":"https:\/\/georgiaaccess.gov\/wp-content\/uploads\/2022\/10\/georgia-access-logo-stacked.svg","contentUrl":"https:\/\/georgiaaccess.gov\/wp-content\/uploads\/2022\/10\/georgia-access-logo-stacked.svg","width":180,"height":56,"caption":"Georgia Access"},"image":{"@id":"https:\/\/georgiaaccess.gov\/es\/#\/schema\/logo\/image\/"}}]}},"uagb_featured_image_src":{"full":["https:\/\/georgiaaccess.gov\/wp-content\/uploads\/2025\/09\/individuals-and-families-header-scaled.jpg",2560,356,false],"thumbnail":["https:\/\/georgiaaccess.gov\/wp-content\/uploads\/2025\/09\/individuals-and-families-header-150x150.jpg",150,150,true],"medium":["https:\/\/georgiaaccess.gov\/wp-content\/uploads\/2025\/09\/individuals-and-families-header-300x42.jpg",300,42,true],"medium_large":["https:\/\/georgiaaccess.gov\/wp-content\/uploads\/2025\/09\/individuals-and-families-header-768x107.jpg",768,107,true],"large":["https:\/\/georgiaaccess.gov\/wp-content\/uploads\/2025\/09\/individuals-and-families-header-1024x142.jpg",1024,142,true],"1536x1536":["https:\/\/georgiaaccess.gov\/wp-content\/uploads\/2025\/09\/individuals-and-families-header-1536x213.jpg",1536,213,true],"2048x2048":["https:\/\/georgiaaccess.gov\/wp-content\/uploads\/2025\/09\/individuals-and-families-header-2048x284.jpg",2048,284,true]},"uagb_author_info":{"display_name":"notadmin","author_link":"https:\/\/georgiaaccess.gov\/es\/author\/notadmin\/"},"uagb_comment_info":0,"uagb_excerpt":"Los georgianos de todas las edades necesitan acceso a programas y servicios de atenci\u00f3n m\u00e9dica asequibles. Aqu\u00ed encontrar\u00e1 informaci\u00f3n sobre las opciones de cobertura de seguro m\u00e9dico y los programas para apoyar su salud y bienestar y el de su familia. &nbsp;&nbsp; El estado de Georgia tiene varios programas y recursos disponibles para ayudar a&hellip;","_links":{"self":[{"href":"https:\/\/georgiaaccess.gov\/es\/wp-json\/wp\/v2\/pages\/3156","targetHints":{"allow":["GET"]}}],"collection":[{"href":"https:\/\/georgiaaccess.gov\/es\/wp-json\/wp\/v2\/pages"}],"about":[{"href":"https:\/\/georgiaaccess.gov\/es\/wp-json\/wp\/v2\/types\/page"}],"author":[{"embeddable":true,"href":"https:\/\/georgiaaccess.gov\/es\/wp-json\/wp\/v2\/users\/1"}],"replies":[{"embeddable":true,"href":"https:\/\/georgiaaccess.gov\/es\/wp-json\/wp\/v2\/comments?post=3156"}],"version-history":[{"count":13,"href":"https:\/\/georgiaaccess.gov\/es\/wp-json\/wp\/v2\/pages\/3156\/revisions"}],"predecessor-version":[{"id":9777,"href":"https:\/\/georgiaaccess.gov\/es\/wp-json\/wp\/v2\/pages\/3156\/revisions\/9777"}],"wp:featuredmedia":[{"embeddable":true,"href":"https:\/\/georgiaaccess.gov\/es\/wp-json\/wp\/v2\/media\/6615"}],"wp:attachment":[{"href":"https:\/\/georgiaaccess.gov\/es\/wp-json\/wp\/v2\/media?parent=3156"}],"curies":[{"name":"wp","href":"https:\/\/api.w.org\/{rel}","templated":true}]}}