{"id":3146,"date":"2024-09-27T19:49:41","date_gmt":"2024-09-27T23:49:41","guid":{"rendered":"https:\/\/georgiaaccess.gov\/acerca-de-georgia-access\/politicas\/"},"modified":"2025-12-08T14:02:10","modified_gmt":"2025-12-08T18:02:10","slug":"politicas","status":"publish","type":"page","link":"https:\/\/georgiaaccess.gov\/es\/politicas\/","title":{"rendered":"Pol\u00edticas"},"content":{"rendered":"\n<p>Revise las pol\u00edticas oficiales de Georgia Access, incluido el compromiso con la privacidad del usuario y la no discriminaci\u00f3n. Los consumidores, socios y peque\u00f1as empresas tambi\u00e9n pueden encontrar acceso a manuales de pol\u00edticas detallados. <\/p>\n\n\n\n<h2 class=\"wp-block-heading h2-heading\">Pol\u00edtica general de privacidad<\/h2>\n\n\n\n<p>La privacidad y seguridad de la informaci\u00f3n del consumidor es una prioridad para Georgia Access. Nuestros sistemas, personal y socios certificados cumplen con las leyes federales y estatales que protegen la informaci\u00f3n de identificaci\u00f3n personal (PII) y la informaci\u00f3n de salud personal (PHI). <\/p>\n\n\n\n<p>A medida que navega por este sitio web, podemos recopilar datos \u00fanicos del sitio para ayudar a mejorar la eficacia de nuestro sitio web. La informaci\u00f3n NO es identificable por persona y solo se utiliza de forma acumulativa con fines estad\u00edsticos para ayudar a que nuestros sitios web sean m\u00e1s f\u00e1ciles de usar. Para simplificarlo, GeorgiaAccess.gov:  <\/p>\n\n\n\n<ul class=\"wp-block-list\">\n<li>No recopilar\u00e1 ninguna PII de usted sin su conocimiento o consentimiento.<\/li>\n\n\n\n<li>No divulgar\u00e1 su informaci\u00f3n personal a un tercero a sabiendas, excepto como se indica en la Pol\u00edtica de privacidad.<\/li>\n\n\n\n<li>Le notificaremos si alguna vez sospechamos que la privacidad de cualquier informaci\u00f3n personal que proporcione puede haberse visto comprometida.<\/li>\n<\/ul>\n\n\n\n<p>Para saber qu\u00e9 tipo de informaci\u00f3n personal recopilamos en el sitio web, c\u00f3mo la usamos y c\u00f3mo la protegemos, revise la Pol\u00edtica de <a href=\"https:\/\/georgiaaccess.gov\/es\/politica-de-privacidad\/\">privacidad del sitio web de Georgia Access<\/a>.<\/p>\n\n\n\n<p><strong>Nota: <\/strong>Esta pol\u00edtica de privacidad es para GeorgiaAccess.gov y fue creada de acuerdo con el Centro de Servicios de Medicaid <ins>(<\/ins>CMS<ins>)<\/ins> y la Pol\u00edtica de privacidad del estado de Georgia.<\/p>\n\n\n\n<div class=\"custom-css-block\"><style>.aagb_accordion_2ed40341-6510-440a-a953-9472d2c67f09 {   }<\/style><\/div><style>\n        .aagb_accordion_2ed40341-6510-440a-a953-9472d2c67f09 .aagb__accordion_active .aagb__accordion_body {\n            border-top: 1px solid #ebebeb;\n        }\n        .aagb_accordion_2ed40341-6510-440a-a953-9472d2c67f09 .aagb__accordion_container.wp-block-aab-accordion-item .aagb__accordion_head {\n          background-color: #bcb6b638;\n          \n          border-top: none; border-right: none; border-bottom: none; border-left: none;\n          \n        }\n        .aagb_accordion_2ed40341-6510-440a-a953-9472d2c67f09 .aagb__accordion_container.wp-block-aab-accordion-item .aagb__accordion_body {\n          \n          \n          \n          border-top: 1px solid #bcb6b638; border-right: none; border-bottom: none; border-left: none;\n          \n        }\n        \n        .aagb_accordion_2ed40341-6510-440a-a953-9472d2c67f09 .wp-block-aab-accordion-item .aagb__accordion_subheading {\n          margin: 5px 0 0 0;\n          \n        }\n        .aagb_accordion_2ed40341-6510-440a-a953-9472d2c67f09 .wp-block-aab-accordion-item .aagb__accordion_icon {\n          \n          \n        }\n        .aagb_accordion_2ed40341-6510-440a-a953-9472d2c67f09 .wp-block-aab-accordion-item .aagb__icon {\n          font-size: 23px;\n        }\n        .aagb_accordion_2ed40341-6510-440a-a953-9472d2c67f09 .aagb__accordion_title {\n          margin: 0;\n          \n        }\n        .aagb_accordion_2ed40341-6510-440a-a953-9472d2c67f09 .aagb__accordion_container {\n          border: 1px solid #bcb6b638;\n          margin-top: 0px;\n          margin-bottom: 15px;\n          \n        }\n          .aagb_accordion_2ed40341-6510-440a-a953-9472d2c67f09 .aagb__accordion_number{\n            \n        }\n        .aagb_accordion_2ed40341-6510-440a-a953-9472d2c67f09 .wp-block-aab-accordion-item .aagb__accordion_subheading{\n           false\n        }\n\n        .aagb_accordion_2ed40341-6510-440a-a953-9472d2c67f09 .aab-step-progress{\n          background-color: #dfd2d2;\n        }\n            \n        .aagb_accordion_2ed40341-6510-440a-a953-9472d2c67f09 .aab-step-progress-bar {\n          background-color: #1570ec;\n        }\n\n        .aagb_accordion_2ed40341-6510-440a-a953-9472d2c67f09 .aagb__accordion_number{\n          \n        }\n        .aagb_accordion_2ed40341-6510-440a-a953-9472d2c67f09 .aab-progress-bar-container{\n          background-color: #f0f0f0;\n        }\n        .aagb_accordion_2ed40341-6510-440a-a953-9472d2c67f09 .aab-progress-bar {\n            background-color: #0866ff;\n        }\n        \n       .aagb__group_accordion_container.has_img {\n            \n            flex-direction: row;\n        }\n      \n          .aagb_accordion_2ed40341-6510-440a-a953-9472d2c67f09 .aagb__accordion_container {\n            transition-duration: 0ms !important;\n            outline: 2px solid #00000000;\n          }\n          .aagb_accordion_2ed40341-6510-440a-a953-9472d2c67f09 .aagb__accordion_container:focus-visible {\n            outline: 2px solid #C2DBFE;\n          }\n        <\/style><div class=\"wp-block-aab-group-accordion searchable aagb_accordion_2ed40341-6510-440a-a953-9472d2c67f09 click false\" id=\"group-accordion-2ed40341-6510-440a-a953-9472d2c67f09\">\n<div class=\"wp-block-aab-accordion-item aagb__accordion_container panel\" data-autoplay=\"false\" data-duration=\"3000\" data-progress-bar-direction=\"horizontal\" data-feature-image-url=\"\" data-auto-numbering=\"false\" data-progress-bar-on=\"false\" tabindex=\"0\"><div class=\"aagb__accordion_head aab_right_icon  \" data-active=\"false\"><div class=\"aagb__accordion_heading aab_right_icon aagb_right_link\"><div class=\"head_content_wrapper\"><div class=\"title_wrapper\"><h3 class=\"aagb__accordion_title\">Pol\u00edtica de no discriminaci\u00f3n<\/h3><\/div><\/div><\/div><div class=\"aagb__accordion_icon\"><div class=\"aagb__icon_dashicons_box\"><span class=\"aagb__icon dashicons dashicons-arrow-down-alt2\"><\/span><\/div><\/div><\/div><div class=\"aagb__accordion_body   \" role=\"region\"><div class=\"aagb__accordion_component \">\n<p>Georgia Access cumple con las leyes federales de derechos civiles aplicables y no discrimina por motivos de raza, color, nacionalidad, edad, discapacidad, religi\u00f3n o sexo (incluido el embarazo, la orientaci\u00f3n sexual y la identidad de g\u00e9nero). Georgia Access no excluye a las personas ni las trata de manera diferente debido a su raza, color, nacionalidad, edad, discapacidad o sexo (incluido el embarazo, la orientaci\u00f3n sexual y la identidad de g\u00e9nero). <\/p>\n\n\n\n<p>Acceso a Georgia:<\/p>\n\n\n\n<ul class=\"wp-block-list\">\n<li>Proporciona ayudas y servicios gratuitos a las personas con discapacidades para que se comuniquen eficazmente con nosotros, tales como:<ul><li>Int\u00e9rpretes calificados de lenguaje de se\u00f1as<\/li><\/ul><\/li>\n\n\n\n<li>Proporciona servicios ling\u00fc\u00edsticos gratuitos a personas cuya lengua materna no es el ingl\u00e9s, tales como:<ul><li>Int\u00e9rpretes cualificados<\/li><\/ul><\/li>\n<\/ul>\n\n\n\n<p>Si necesita estos servicios, comun\u00edquese con el centro de contacto de Georgia Access al <a href=\"tel:1-888-687-1503\">1-888-687-1503<\/a> (l\u00ednea TTY 711).<\/p>\n\n\n\n<p>Si cree que Georgia Access no ha proporcionado estos servicios o los ha discriminado de otra manera por motivos de raza, color, nacionalidad, edad, discapacidad o sexo (incluido el embarazo, la orientaci\u00f3n sexual y la identidad de g\u00e9nero), puede presentar una queja del consumidor ante la Oficina del Comisionado de Seguros y Seguridad contra Incendios visitando <a href=\"https:\/\/oci.georgia.gov\/file-consumer-insurance-complaint\" target=\"_blank\" rel=\"noreferrer noopener\">https:\/\/oci.georgia.gov\/file-consumer-insurance-complaint<\/a>, o por correo o tel\u00e9fono al centro de contacto de Georgia Access:<\/p>\n\n\n\n<p>Centro de contacto de acceso a Georgia<br>Apartado de correos 12264<br>Birmingham, AL 35202 <a href=\"tel:1-888-687-1503\">1-888-687-1503<\/a><\/p>\n\n\n\n<div style=\"height:20px\" aria-hidden=\"true\" class=\"wp-block-spacer\"><\/div>\n<\/div><\/div><\/div>\n\n\n\n<div class=\"wp-block-aab-accordion-item aagb__accordion_container panel\" data-autoplay=\"false\" data-duration=\"3000\" data-progress-bar-direction=\"horizontal\" data-feature-image-url=\"\" data-auto-numbering=\"false\" data-progress-bar-on=\"false\" tabindex=\"0\"><div class=\"aagb__accordion_head aab_right_icon  \" data-active=\"false\"><div class=\"aagb__accordion_heading aab_right_icon aagb_right_link\"><div class=\"head_content_wrapper\"><div class=\"title_wrapper\"><h3 class=\"aagb__accordion_title\">Manuales de pol\u00edticas de acceso de Georgia<\/h3><\/div><\/div><\/div><div class=\"aagb__accordion_icon\"><div class=\"aagb__icon_dashicons_box\"><span class=\"aagb__icon dashicons dashicons-arrow-down-alt2\"><\/span><\/div><\/div><\/div><div class=\"aagb__accordion_body   \" role=\"region\"><div class=\"aagb__accordion_component \">\n<p>Consulte a continuaci\u00f3n para obtener m\u00e1s informaci\u00f3n sobre las pol\u00edticas que pueden afectarle a usted o a su organizaci\u00f3n.&nbsp;&nbsp;<\/p>\n\n\n\n<ul class=\"wp-block-list\">\n<li>Para los consumidores:\n<ul class=\"wp-block-list\">\n<li><a href=\"\/wp-content\/uploads\/2025\/08\/Consumer-Eligibility-Enrollment-and-Support-Policies-PY2025-11.14.2024-FINAL.pdf\" target=\"_blank\" rel=\"noreferrer noopener\">Pol\u00edticas de Elegibilidad del Consumidor, Inscripci\u00f3n y Apoyo<\/a><\/li>\n<\/ul>\n<\/li>\n\n\n\n<li>Para corredores web y compa\u00f1\u00edas de seguros:&nbsp;\n<ul class=\"wp-block-list\">\n<li><a href=\"\/wp-content\/uploads\/2025\/12\/Enhanced-Direct-Enrollment-EDE-Partner-and-Insurance-Company-Policies_12.5.2025-FINAL.docx\" target=\"_blank\" rel=\"noreferrer noopener\">P\u00f3lizas de socios y compa\u00f1\u00edas de seguros de inscripci\u00f3n directa mejorada (EDE)<\/a><\/li>\n<\/ul>\n<\/li>\n\n\n\n<li>Para los asistentes:&nbsp;\n<ul class=\"wp-block-list\">\n<li><a href=\"\/wp-content\/uploads\/2024\/12\/Assisters-Policies-PY-2025_11.12.2024.pdf\" target=\"_blank\" rel=\"noreferrer noopener\">Pol\u00edticas de asistente<\/a><\/li>\n<\/ul>\n<\/li>\n\n\n\n<li>Para agentes y gestores de agencias:&nbsp;\n<ul class=\"wp-block-list\">\n<li><a href=\"\/wp-content\/uploads\/2025\/07\/Agent-and-Agency-Manager-Policy-Manual-Approved-PY26.pdf\" target=\"_blank\" rel=\"noreferrer noopener\">Pol\u00edticas de Agentes y Gerentes de Agencia<\/a><\/li>\n<\/ul>\n<\/li>\n\n\n\n<li>Para administradores de agencias\n<ul class=\"wp-block-list\">\n<li><a href=\"\/wp-content\/uploads\/2025\/07\/Admin-Policy-Manual-Approved-PY26.pdf\" target=\"_blank\" rel=\"noreferrer noopener\">Pol\u00edticas de administraci\u00f3n<\/a><\/li>\n<\/ul>\n<\/li>\n\n\n\n<li>Para el Programa de Opciones de Salud para Peque\u00f1as Empresas (SHOP):&nbsp;\n<ul class=\"wp-block-list\">\n<li><a href=\"\/wp-content\/uploads\/2024\/10\/SHOP-Policies_10.1.2024.pdf\" target=\"_blank\" rel=\"noreferrer noopener\">Pol\u00edticas de SHOP<\/a><\/li>\n<\/ul>\n<\/li>\n<\/ul>\n\n\n\n<p><\/p>\n<\/div><\/div><\/div>\n<\/div>\n\n\n\n<div style=\"height:72px\" aria-hidden=\"true\" class=\"wp-block-spacer\"><\/div>\n","protected":false},"excerpt":{"rendered":"<p>Revise las pol\u00edticas oficiales de Georgia Access, incluido el compromiso con la privacidad del usuario y la no discriminaci\u00f3n. Los consumidores, socios y peque\u00f1as empresas tambi\u00e9n pueden encontrar acceso a manuales de pol\u00edticas detallados. Pol\u00edtica general de privacidad La privacidad y seguridad de la informaci\u00f3n del consumidor es una prioridad para Georgia Access. Nuestros sistemas, [&hellip;]<\/p>\n","protected":false},"author":18,"featured_media":6611,"parent":0,"menu_order":0,"comment_status":"closed","ping_status":"closed","template":"sidebar-menu-template.php","meta":{"_acf_changed":false,"inline_featured_image":false,"_uag_custom_page_level_css":"","site-sidebar-layout":"default","site-content-layout":"","ast-site-content-layout":"default","site-content-style":"default","site-sidebar-style":"default","ast-global-header-display":"","ast-banner-title-visibility":"","ast-main-header-display":"","ast-hfb-above-header-display":"","ast-hfb-below-header-display":"","ast-hfb-mobile-header-display":"","site-post-title":"","ast-breadcrumbs-content":"","ast-featured-img":"","footer-sml-layout":"","ast-disable-related-posts":"","theme-transparent-header-meta":"","adv-header-id-meta":"","stick-header-meta":"","header-above-stick-meta":"","header-main-stick-meta":"","header-below-stick-meta":"","astra-migrate-meta-layouts":"set","ast-page-background-enabled":"default","ast-page-background-meta":{"desktop":{"background-color":"var(--ast-global-color-4)","background-image":"","background-repeat":"repeat","background-position":"center center","background-size":"auto","background-attachment":"scroll","background-type":"","background-media":"","overlay-type":"","overlay-color":"","overlay-opacity":"","overlay-gradient":""},"tablet":{"background-color":"","background-image":"","background-repeat":"repeat","background-position":"center center","background-size":"auto","background-attachment":"scroll","background-type":"","background-media":"","overlay-type":"","overlay-color":"","overlay-opacity":"","overlay-gradient":""},"mobile":{"background-color":"","background-image":"","background-repeat":"repeat","background-position":"center center","background-size":"auto","background-attachment":"scroll","background-type":"","background-media":"","overlay-type":"","overlay-color":"","overlay-opacity":"","overlay-gradient":""}},"ast-content-background-meta":{"desktop":{"background-color":"var(--ast-global-color-5)","background-image":"","background-repeat":"repeat","background-position":"center center","background-size":"auto","background-attachment":"scroll","background-type":"","background-media":"","overlay-type":"","overlay-color":"","overlay-opacity":"","overlay-gradient":""},"tablet":{"background-color":"var(--ast-global-color-5)","background-image":"","background-repeat":"repeat","background-position":"center center","background-size":"auto","background-attachment":"scroll","background-type":"","background-media":"","overlay-type":"","overlay-color":"","overlay-opacity":"","overlay-gradient":""},"mobile":{"background-color":"var(--ast-global-color-5)","background-image":"","background-repeat":"repeat","background-position":"center center","background-size":"auto","background-attachment":"scroll","background-type":"","background-media":"","overlay-type":"","overlay-color":"","overlay-opacity":"","overlay-gradient":""}},"footnotes":""},"class_list":["post-3146","page","type-page","status-publish","has-post-thumbnail","hentry"],"acf":[],"yoast_head":"<!-- This site is optimized with the Yoast SEO plugin v26.8 - https:\/\/yoast.com\/product\/yoast-seo-wordpress\/ -->\n<title>Pol\u00edticas | Acceso a Georgia<\/title>\n<meta name=\"description\" content=\"El Intercambio de Seguros M\u00e9dicos de Georgia Access, tambi\u00e9n conocido como Georgia Access, se toma muy en serio su privacidad. A continuaci\u00f3n, un resumen de nuestras Pol\u00edticas.\" \/>\n<meta name=\"robots\" content=\"index, follow, max-snippet:-1, max-image-preview:large, max-video-preview:-1\" \/>\n<link rel=\"canonical\" href=\"https:\/\/georgiaaccess.gov\/es\/politicas\/\" \/>\n<meta property=\"og:locale\" content=\"es_ES\" \/>\n<meta property=\"og:type\" content=\"article\" \/>\n<meta property=\"og:title\" content=\"Pol\u00edticas | Acceso a Georgia\" \/>\n<meta property=\"og:description\" content=\"El Intercambio de Seguros M\u00e9dicos de Georgia Access, tambi\u00e9n conocido como Georgia Access, se toma muy en serio su privacidad. A continuaci\u00f3n, un resumen de nuestras Pol\u00edticas.\" \/>\n<meta property=\"og:url\" content=\"https:\/\/georgiaaccess.gov\/es\/politicas\/\" \/>\n<meta property=\"og:site_name\" content=\"Georgia Access\" \/>\n<meta property=\"article:modified_time\" content=\"2025-12-08T18:02:10+00:00\" \/>\n<meta property=\"og:image\" content=\"https:\/\/georgiaaccess.gov\/wp-content\/uploads\/2025\/09\/about-georgia-access-header-scaled.jpg\" \/>\n\t<meta property=\"og:image:width\" content=\"2560\" \/>\n\t<meta property=\"og:image:height\" content=\"356\" \/>\n\t<meta property=\"og:image:type\" content=\"image\/jpeg\" \/>\n<meta name=\"twitter:card\" content=\"summary_large_image\" \/>\n<meta name=\"twitter:label1\" content=\"Tiempo de lectura\" \/>\n\t<meta name=\"twitter:data1\" content=\"3 minutos\" \/>\n<script type=\"application\/ld+json\" class=\"yoast-schema-graph\">{\"@context\":\"https:\/\/schema.org\",\"@graph\":[{\"@type\":\"WebPage\",\"@id\":\"https:\/\/georgiaaccess.gov\/es\/politicas\/\",\"url\":\"https:\/\/georgiaaccess.gov\/es\/politicas\/\",\"name\":\"Pol\u00edticas | Acceso a Georgia\",\"isPartOf\":{\"@id\":\"https:\/\/georgiaaccess.gov\/es\/#website\"},\"primaryImageOfPage\":{\"@id\":\"https:\/\/georgiaaccess.gov\/es\/politicas\/#primaryimage\"},\"image\":{\"@id\":\"https:\/\/georgiaaccess.gov\/es\/politicas\/#primaryimage\"},\"thumbnailUrl\":\"https:\/\/georgiaaccess.gov\/wp-content\/uploads\/2025\/09\/about-georgia-access-header-scaled.jpg\",\"datePublished\":\"2024-09-27T23:49:41+00:00\",\"dateModified\":\"2025-12-08T18:02:10+00:00\",\"description\":\"El Intercambio de Seguros M\u00e9dicos de Georgia Access, tambi\u00e9n conocido como Georgia Access, se toma muy en serio su privacidad. A continuaci\u00f3n, un resumen de nuestras Pol\u00edticas.\",\"breadcrumb\":{\"@id\":\"https:\/\/georgiaaccess.gov\/es\/politicas\/#breadcrumb\"},\"inLanguage\":\"es\",\"potentialAction\":[{\"@type\":\"ReadAction\",\"target\":[\"https:\/\/georgiaaccess.gov\/es\/politicas\/\"]}]},{\"@type\":\"ImageObject\",\"inLanguage\":\"es\",\"@id\":\"https:\/\/georgiaaccess.gov\/es\/politicas\/#primaryimage\",\"url\":\"https:\/\/georgiaaccess.gov\/wp-content\/uploads\/2025\/09\/about-georgia-access-header-scaled.jpg\",\"contentUrl\":\"https:\/\/georgiaaccess.gov\/wp-content\/uploads\/2025\/09\/about-georgia-access-header-scaled.jpg\",\"width\":2560,\"height\":356,\"caption\":\"Two men smiling.\"},{\"@type\":\"BreadcrumbList\",\"@id\":\"https:\/\/georgiaaccess.gov\/es\/politicas\/#breadcrumb\",\"itemListElement\":[{\"@type\":\"ListItem\",\"position\":1,\"name\":\"Home\",\"item\":\"https:\/\/georgiaaccess.gov\/es\/\"},{\"@type\":\"ListItem\",\"position\":2,\"name\":\"Pol\u00edticas\"}]},{\"@type\":\"WebSite\",\"@id\":\"https:\/\/georgiaaccess.gov\/es\/#website\",\"url\":\"https:\/\/georgiaaccess.gov\/es\/\",\"name\":\"Georgia Access\",\"description\":\"\",\"publisher\":{\"@id\":\"https:\/\/georgiaaccess.gov\/es\/#organization\"},\"potentialAction\":[{\"@type\":\"SearchAction\",\"target\":{\"@type\":\"EntryPoint\",\"urlTemplate\":\"https:\/\/georgiaaccess.gov\/es\/?s={search_term_string}\"},\"query-input\":{\"@type\":\"PropertyValueSpecification\",\"valueRequired\":true,\"valueName\":\"search_term_string\"}}],\"inLanguage\":\"es\"},{\"@type\":\"Organization\",\"@id\":\"https:\/\/georgiaaccess.gov\/es\/#organization\",\"name\":\"Georgia Access\",\"url\":\"https:\/\/georgiaaccess.gov\/es\/\",\"logo\":{\"@type\":\"ImageObject\",\"inLanguage\":\"es\",\"@id\":\"https:\/\/georgiaaccess.gov\/es\/#\/schema\/logo\/image\/\",\"url\":\"https:\/\/georgiaaccess.gov\/wp-content\/uploads\/2022\/10\/georgia-access-logo-stacked.svg\",\"contentUrl\":\"https:\/\/georgiaaccess.gov\/wp-content\/uploads\/2022\/10\/georgia-access-logo-stacked.svg\",\"width\":180,\"height\":56,\"caption\":\"Georgia Access\"},\"image\":{\"@id\":\"https:\/\/georgiaaccess.gov\/es\/#\/schema\/logo\/image\/\"}}]}<\/script>\n<!-- \/ Yoast SEO plugin. -->","yoast_head_json":{"title":"Pol\u00edticas | Acceso a Georgia","description":"El Intercambio de Seguros M\u00e9dicos de Georgia Access, tambi\u00e9n conocido como Georgia Access, se toma muy en serio su privacidad. A continuaci\u00f3n, un resumen de nuestras Pol\u00edticas.","robots":{"index":"index","follow":"follow","max-snippet":"max-snippet:-1","max-image-preview":"max-image-preview:large","max-video-preview":"max-video-preview:-1"},"canonical":"https:\/\/georgiaaccess.gov\/es\/politicas\/","og_locale":"es_ES","og_type":"article","og_title":"Pol\u00edticas | Acceso a Georgia","og_description":"El Intercambio de Seguros M\u00e9dicos de Georgia Access, tambi\u00e9n conocido como Georgia Access, se toma muy en serio su privacidad. A continuaci\u00f3n, un resumen de nuestras Pol\u00edticas.","og_url":"https:\/\/georgiaaccess.gov\/es\/politicas\/","og_site_name":"Georgia Access","article_modified_time":"2025-12-08T18:02:10+00:00","og_image":[{"width":2560,"height":356,"url":"https:\/\/georgiaaccess.gov\/wp-content\/uploads\/2025\/09\/about-georgia-access-header-scaled.jpg","type":"image\/jpeg"}],"twitter_card":"summary_large_image","twitter_misc":{"Tiempo de lectura":"3 minutos"},"schema":{"@context":"https:\/\/schema.org","@graph":[{"@type":"WebPage","@id":"https:\/\/georgiaaccess.gov\/es\/politicas\/","url":"https:\/\/georgiaaccess.gov\/es\/politicas\/","name":"Pol\u00edticas | Acceso a Georgia","isPartOf":{"@id":"https:\/\/georgiaaccess.gov\/es\/#website"},"primaryImageOfPage":{"@id":"https:\/\/georgiaaccess.gov\/es\/politicas\/#primaryimage"},"image":{"@id":"https:\/\/georgiaaccess.gov\/es\/politicas\/#primaryimage"},"thumbnailUrl":"https:\/\/georgiaaccess.gov\/wp-content\/uploads\/2025\/09\/about-georgia-access-header-scaled.jpg","datePublished":"2024-09-27T23:49:41+00:00","dateModified":"2025-12-08T18:02:10+00:00","description":"El Intercambio de Seguros M\u00e9dicos de Georgia Access, tambi\u00e9n conocido como Georgia Access, se toma muy en serio su privacidad. A continuaci\u00f3n, un resumen de nuestras Pol\u00edticas.","breadcrumb":{"@id":"https:\/\/georgiaaccess.gov\/es\/politicas\/#breadcrumb"},"inLanguage":"es","potentialAction":[{"@type":"ReadAction","target":["https:\/\/georgiaaccess.gov\/es\/politicas\/"]}]},{"@type":"ImageObject","inLanguage":"es","@id":"https:\/\/georgiaaccess.gov\/es\/politicas\/#primaryimage","url":"https:\/\/georgiaaccess.gov\/wp-content\/uploads\/2025\/09\/about-georgia-access-header-scaled.jpg","contentUrl":"https:\/\/georgiaaccess.gov\/wp-content\/uploads\/2025\/09\/about-georgia-access-header-scaled.jpg","width":2560,"height":356,"caption":"Two men smiling."},{"@type":"BreadcrumbList","@id":"https:\/\/georgiaaccess.gov\/es\/politicas\/#breadcrumb","itemListElement":[{"@type":"ListItem","position":1,"name":"Home","item":"https:\/\/georgiaaccess.gov\/es\/"},{"@type":"ListItem","position":2,"name":"Pol\u00edticas"}]},{"@type":"WebSite","@id":"https:\/\/georgiaaccess.gov\/es\/#website","url":"https:\/\/georgiaaccess.gov\/es\/","name":"Georgia Access","description":"","publisher":{"@id":"https:\/\/georgiaaccess.gov\/es\/#organization"},"potentialAction":[{"@type":"SearchAction","target":{"@type":"EntryPoint","urlTemplate":"https:\/\/georgiaaccess.gov\/es\/?s={search_term_string}"},"query-input":{"@type":"PropertyValueSpecification","valueRequired":true,"valueName":"search_term_string"}}],"inLanguage":"es"},{"@type":"Organization","@id":"https:\/\/georgiaaccess.gov\/es\/#organization","name":"Georgia Access","url":"https:\/\/georgiaaccess.gov\/es\/","logo":{"@type":"ImageObject","inLanguage":"es","@id":"https:\/\/georgiaaccess.gov\/es\/#\/schema\/logo\/image\/","url":"https:\/\/georgiaaccess.gov\/wp-content\/uploads\/2022\/10\/georgia-access-logo-stacked.svg","contentUrl":"https:\/\/georgiaaccess.gov\/wp-content\/uploads\/2022\/10\/georgia-access-logo-stacked.svg","width":180,"height":56,"caption":"Georgia Access"},"image":{"@id":"https:\/\/georgiaaccess.gov\/es\/#\/schema\/logo\/image\/"}}]}},"uagb_featured_image_src":{"full":["https:\/\/georgiaaccess.gov\/wp-content\/uploads\/2025\/09\/about-georgia-access-header-scaled.jpg",2560,356,false],"thumbnail":["https:\/\/georgiaaccess.gov\/wp-content\/uploads\/2025\/09\/about-georgia-access-header-150x150.jpg",150,150,true],"medium":["https:\/\/georgiaaccess.gov\/wp-content\/uploads\/2025\/09\/about-georgia-access-header-300x42.jpg",300,42,true],"medium_large":["https:\/\/georgiaaccess.gov\/wp-content\/uploads\/2025\/09\/about-georgia-access-header-768x107.jpg",768,107,true],"large":["https:\/\/georgiaaccess.gov\/wp-content\/uploads\/2025\/09\/about-georgia-access-header-1024x142.jpg",1024,142,true],"1536x1536":["https:\/\/georgiaaccess.gov\/wp-content\/uploads\/2025\/09\/about-georgia-access-header-1536x213.jpg",1536,213,true],"2048x2048":["https:\/\/georgiaaccess.gov\/wp-content\/uploads\/2025\/09\/about-georgia-access-header-2048x284.jpg",2048,284,true]},"uagb_author_info":{"display_name":"Puloma De","author_link":"https:\/\/georgiaaccess.gov\/es\/author\/pde\/"},"uagb_comment_info":0,"uagb_excerpt":"Revise las pol\u00edticas oficiales de Georgia Access, incluido el compromiso con la privacidad del usuario y la no discriminaci\u00f3n. Los consumidores, socios y peque\u00f1as empresas tambi\u00e9n pueden encontrar acceso a manuales de pol\u00edticas detallados. Pol\u00edtica general de privacidad La privacidad y seguridad de la informaci\u00f3n del consumidor es una prioridad para Georgia Access. Nuestros sistemas,&hellip;","_links":{"self":[{"href":"https:\/\/georgiaaccess.gov\/es\/wp-json\/wp\/v2\/pages\/3146","targetHints":{"allow":["GET"]}}],"collection":[{"href":"https:\/\/georgiaaccess.gov\/es\/wp-json\/wp\/v2\/pages"}],"about":[{"href":"https:\/\/georgiaaccess.gov\/es\/wp-json\/wp\/v2\/types\/page"}],"author":[{"embeddable":true,"href":"https:\/\/georgiaaccess.gov\/es\/wp-json\/wp\/v2\/users\/18"}],"replies":[{"embeddable":true,"href":"https:\/\/georgiaaccess.gov\/es\/wp-json\/wp\/v2\/comments?post=3146"}],"version-history":[{"count":27,"href":"https:\/\/georgiaaccess.gov\/es\/wp-json\/wp\/v2\/pages\/3146\/revisions"}],"predecessor-version":[{"id":9464,"href":"https:\/\/georgiaaccess.gov\/es\/wp-json\/wp\/v2\/pages\/3146\/revisions\/9464"}],"wp:featuredmedia":[{"embeddable":true,"href":"https:\/\/georgiaaccess.gov\/es\/wp-json\/wp\/v2\/media\/6611"}],"wp:attachment":[{"href":"https:\/\/georgiaaccess.gov\/es\/wp-json\/wp\/v2\/media?parent=3146"}],"curies":[{"name":"wp","href":"https:\/\/api.w.org\/{rel}","templated":true}]}}