{"id":3145,"date":"2024-09-27T19:19:38","date_gmt":"2024-09-27T23:19:38","guid":{"rendered":"https:\/\/georgiaaccess.gov\/recursos-y-apoyo\/aviso-de-no-discriminacion-de-georgia-access\/"},"modified":"2025-09-29T09:11:27","modified_gmt":"2025-09-29T13:11:27","slug":"aviso-de-no-discriminacion","status":"publish","type":"page","link":"https:\/\/georgiaaccess.gov\/es\/aviso-de-no-discriminacion\/","title":{"rendered":"Aviso de no discriminaci\u00f3n"},"content":{"rendered":"\n<p>Georgia Access cumple con las leyes federales de derechos civiles aplicables y no discrimina por motivos de raza, color, nacionalidad, edad, discapacidad, religi\u00f3n o sexo (incluido el embarazo, la orientaci\u00f3n sexual y la identidad de g\u00e9nero). Georgia Access no excluye a las personas ni las trata de manera diferente debido a su raza, color, origen nacional, edad, discapacidad, religi\u00f3n o sexo (incluido el embarazo, la orientaci\u00f3n sexual y la identidad de g\u00e9nero).<\/p>\n\n\n\n<h2 class=\"wp-block-heading h2-heading\">Acceso a Georgia:<\/h2>\n\n\n\n<ul class=\"wp-block-list\">\n<li>Proporciona ayudas y servicios gratuitos a las personas con discapacidades para que se comuniquen eficazmente con nosotros, tales como:&nbsp;\n<ul class=\"wp-block-list\">\n<li>Int\u00e9rpretes calificados de lenguaje de se\u00f1as.<\/li>\n\n\n\n<li>Informaci\u00f3n escrita en otros formatos (letra grande, audio, formatos electr\u00f3nicos accesibles, otros formatos).&nbsp;<\/li>\n<\/ul>\n<\/li>\n<\/ul>\n\n\n\n<ul class=\"wp-block-list\">\n<li>Proporciona servicios ling\u00fc\u00edsticos gratuitos a personas cuya lengua materna no es el ingl\u00e9s, tales como:&nbsp;\n<ul class=\"wp-block-list\">\n<li>Int\u00e9rpretes cualificados.<\/li>\n\n\n\n<li>Informaci\u00f3n escrita en otros idiomas.&nbsp;<\/li>\n<\/ul>\n<\/li>\n<\/ul>\n\n\n\n<p>Si necesita estos servicios, comun\u00edquese con el centro de contacto de Georgia Access al <a href=\"tel:1-888-687-1503\">1-888-687-1503<\/a> (l\u00ednea TTY 711).  <\/p>\n\n\n\n<p>Si cree que Georgia Access no ha brindado estos servicios o lo ha discriminado de otra manera por motivos de raza, color, origen nacional, edad, discapacidad, religi\u00f3n o sexo (incluido el embarazo, la orientaci\u00f3n sexual y la identidad de g\u00e9nero), puede presentar una queja del consumidor ante la Oficina del Comisionado de Seguros y Seguridad contra Incendios (OCI) visitando <a href=\"https:\/\/oci.georgia.gov\/file-consumer-insurance-complaint\" target=\"_blank\" rel=\"noreferrer noopener\">https:\/\/oci.georgia.gov\/file-consumer-insurance-complaint<\/a>,  o por correo o tel\u00e9fono al centro de contacto de Georgia Access:  <\/p>\n\n\n\n<p>Centro de contacto de acceso de Georgia&nbsp;&nbsp;<br>Apartado de correos 12264&nbsp;&nbsp;<br>Birmingham, AL 35202&nbsp;<br>888-687-1503<\/p>\n\n\n\n<div style=\"height:40px\" aria-hidden=\"true\" class=\"wp-block-spacer\"><\/div>\n","protected":false},"excerpt":{"rendered":"<p>Georgia Access cumple con las leyes federales de derechos civiles aplicables y no discrimina por motivos de raza, color, nacionalidad, edad, discapacidad, religi\u00f3n o sexo (incluido el embarazo, la orientaci\u00f3n sexual y la identidad de g\u00e9nero). Georgia Access no excluye a las personas ni las trata de manera diferente debido a su raza, color, origen [&hellip;]<\/p>\n","protected":false},"author":18,"featured_media":6611,"parent":0,"menu_order":0,"comment_status":"closed","ping_status":"closed","template":"sidebar-menu-template.php","meta":{"_acf_changed":false,"inline_featured_image":false,"_uag_custom_page_level_css":"","site-sidebar-layout":"default","site-content-layout":"","ast-site-content-layout":"default","site-content-style":"default","site-sidebar-style":"default","ast-global-header-display":"","ast-banner-title-visibility":"","ast-main-header-display":"","ast-hfb-above-header-display":"","ast-hfb-below-header-display":"","ast-hfb-mobile-header-display":"","site-post-title":"","ast-breadcrumbs-content":"","ast-featured-img":"","footer-sml-layout":"","ast-disable-related-posts":"","theme-transparent-header-meta":"","adv-header-id-meta":"","stick-header-meta":"","header-above-stick-meta":"","header-main-stick-meta":"","header-below-stick-meta":"","astra-migrate-meta-layouts":"set","ast-page-background-enabled":"default","ast-page-background-meta":{"desktop":{"background-color":"var(--ast-global-color-4)","background-image":"","background-repeat":"repeat","background-position":"center center","background-size":"auto","background-attachment":"scroll","background-type":"","background-media":"","overlay-type":"","overlay-color":"","overlay-opacity":"","overlay-gradient":""},"tablet":{"background-color":"","background-image":"","background-repeat":"repeat","background-position":"center center","background-size":"auto","background-attachment":"scroll","background-type":"","background-media":"","overlay-type":"","overlay-color":"","overlay-opacity":"","overlay-gradient":""},"mobile":{"background-color":"","background-image":"","background-repeat":"repeat","background-position":"center center","background-size":"auto","background-attachment":"scroll","background-type":"","background-media":"","overlay-type":"","overlay-color":"","overlay-opacity":"","overlay-gradient":""}},"ast-content-background-meta":{"desktop":{"background-color":"var(--ast-global-color-5)","background-image":"","background-repeat":"repeat","background-position":"center center","background-size":"auto","background-attachment":"scroll","background-type":"","background-media":"","overlay-type":"","overlay-color":"","overlay-opacity":"","overlay-gradient":""},"tablet":{"background-color":"var(--ast-global-color-5)","background-image":"","background-repeat":"repeat","background-position":"center center","background-size":"auto","background-attachment":"scroll","background-type":"","background-media":"","overlay-type":"","overlay-color":"","overlay-opacity":"","overlay-gradient":""},"mobile":{"background-color":"var(--ast-global-color-5)","background-image":"","background-repeat":"repeat","background-position":"center center","background-size":"auto","background-attachment":"scroll","background-type":"","background-media":"","overlay-type":"","overlay-color":"","overlay-opacity":"","overlay-gradient":""}},"footnotes":""},"class_list":["post-3145","page","type-page","status-publish","has-post-thumbnail","hentry"],"acf":[],"yoast_head":"<!-- This site is optimized with the Yoast SEO plugin v26.8 - https:\/\/yoast.com\/product\/yoast-seo-wordpress\/ -->\n<title>Aviso de no discriminaci\u00f3n de Georgia Access | Acceso a Georgia<\/title>\n<meta name=\"description\" content=\"Georgia Access cumple con las leyes federales de derechos civiles aplicables y no discrimina por motivos de raza, color, nacionalidad, edad, discapacidad, religi\u00f3n o sexo (incluido el embarazo, la orientaci\u00f3n sexual y la identidad de g\u00e9nero).\" \/>\n<meta name=\"robots\" content=\"index, follow, max-snippet:-1, max-image-preview:large, max-video-preview:-1\" \/>\n<link rel=\"canonical\" href=\"https:\/\/georgiaaccess.gov\/es\/aviso-de-no-discriminacion\/\" \/>\n<meta property=\"og:locale\" content=\"es_ES\" \/>\n<meta property=\"og:type\" content=\"article\" \/>\n<meta property=\"og:title\" content=\"Aviso de no discriminaci\u00f3n de Georgia Access | Acceso a Georgia\" \/>\n<meta property=\"og:description\" content=\"Georgia Access cumple con las leyes federales de derechos civiles aplicables y no discrimina por motivos de raza, color, nacionalidad, edad, discapacidad, religi\u00f3n o sexo (incluido el embarazo, la orientaci\u00f3n sexual y la identidad de g\u00e9nero)\" \/>\n<meta property=\"og:url\" content=\"https:\/\/georgiaaccess.gov\/es\/aviso-de-no-discriminacion\/\" \/>\n<meta property=\"og:site_name\" content=\"Georgia Access\" \/>\n<meta property=\"article:modified_time\" content=\"2025-09-29T13:11:27+00:00\" \/>\n<meta property=\"og:image\" content=\"https:\/\/georgiaaccessprodbeta.disclosuresai.com\/wp-content\/uploads\/2025\/09\/about-georgia-access-header-scaled.jpg\" \/>\n\t<meta property=\"og:image:width\" content=\"2560\" \/>\n\t<meta property=\"og:image:height\" content=\"356\" \/>\n\t<meta property=\"og:image:type\" content=\"image\/jpeg\" \/>\n<meta name=\"twitter:card\" content=\"summary_large_image\" \/>\n<meta name=\"twitter:label1\" content=\"Tiempo de lectura\" \/>\n\t<meta name=\"twitter:data1\" content=\"2 minutos\" \/>\n<script type=\"application\/ld+json\" class=\"yoast-schema-graph\">{\"@context\":\"https:\/\/schema.org\",\"@graph\":[{\"@type\":\"WebPage\",\"@id\":\"https:\/\/georgiaaccess.gov\/es\/aviso-de-no-discriminacion\/\",\"url\":\"https:\/\/georgiaaccess.gov\/es\/aviso-de-no-discriminacion\/\",\"name\":\"Aviso de no discriminaci\u00f3n de Georgia Access | Acceso a Georgia\",\"isPartOf\":{\"@id\":\"https:\/\/georgiaaccess.gov\/es\/#website\"},\"primaryImageOfPage\":{\"@id\":\"https:\/\/georgiaaccess.gov\/es\/aviso-de-no-discriminacion\/#primaryimage\"},\"image\":{\"@id\":\"https:\/\/georgiaaccess.gov\/es\/aviso-de-no-discriminacion\/#primaryimage\"},\"thumbnailUrl\":\"https:\/\/georgiaaccess.gov\/wp-content\/uploads\/2025\/09\/about-georgia-access-header-scaled.jpg\",\"datePublished\":\"2024-09-27T23:19:38+00:00\",\"dateModified\":\"2025-09-29T13:11:27+00:00\",\"description\":\"Georgia Access cumple con las leyes federales de derechos civiles aplicables y no discrimina por motivos de raza, color, nacionalidad, edad, discapacidad, religi\u00f3n o sexo (incluido el embarazo, la orientaci\u00f3n sexual y la identidad de g\u00e9nero).\",\"breadcrumb\":{\"@id\":\"https:\/\/georgiaaccess.gov\/es\/aviso-de-no-discriminacion\/#breadcrumb\"},\"inLanguage\":\"es\",\"potentialAction\":[{\"@type\":\"ReadAction\",\"target\":[\"https:\/\/georgiaaccess.gov\/es\/aviso-de-no-discriminacion\/\"]}]},{\"@type\":\"ImageObject\",\"inLanguage\":\"es\",\"@id\":\"https:\/\/georgiaaccess.gov\/es\/aviso-de-no-discriminacion\/#primaryimage\",\"url\":\"https:\/\/georgiaaccess.gov\/wp-content\/uploads\/2025\/09\/about-georgia-access-header-scaled.jpg\",\"contentUrl\":\"https:\/\/georgiaaccess.gov\/wp-content\/uploads\/2025\/09\/about-georgia-access-header-scaled.jpg\",\"width\":2560,\"height\":356,\"caption\":\"Two men smiling.\"},{\"@type\":\"BreadcrumbList\",\"@id\":\"https:\/\/georgiaaccess.gov\/es\/aviso-de-no-discriminacion\/#breadcrumb\",\"itemListElement\":[{\"@type\":\"ListItem\",\"position\":1,\"name\":\"Home\",\"item\":\"https:\/\/georgiaaccess.gov\/es\/\"},{\"@type\":\"ListItem\",\"position\":2,\"name\":\"Aviso de no discriminaci\u00f3n\"}]},{\"@type\":\"WebSite\",\"@id\":\"https:\/\/georgiaaccess.gov\/es\/#website\",\"url\":\"https:\/\/georgiaaccess.gov\/es\/\",\"name\":\"Georgia Access\",\"description\":\"\",\"publisher\":{\"@id\":\"https:\/\/georgiaaccess.gov\/es\/#organization\"},\"potentialAction\":[{\"@type\":\"SearchAction\",\"target\":{\"@type\":\"EntryPoint\",\"urlTemplate\":\"https:\/\/georgiaaccess.gov\/es\/?s={search_term_string}\"},\"query-input\":{\"@type\":\"PropertyValueSpecification\",\"valueRequired\":true,\"valueName\":\"search_term_string\"}}],\"inLanguage\":\"es\"},{\"@type\":\"Organization\",\"@id\":\"https:\/\/georgiaaccess.gov\/es\/#organization\",\"name\":\"Georgia Access\",\"url\":\"https:\/\/georgiaaccess.gov\/es\/\",\"logo\":{\"@type\":\"ImageObject\",\"inLanguage\":\"es\",\"@id\":\"https:\/\/georgiaaccess.gov\/es\/#\/schema\/logo\/image\/\",\"url\":\"https:\/\/georgiaaccess.gov\/wp-content\/uploads\/2022\/10\/georgia-access-logo-stacked.svg\",\"contentUrl\":\"https:\/\/georgiaaccess.gov\/wp-content\/uploads\/2022\/10\/georgia-access-logo-stacked.svg\",\"width\":180,\"height\":56,\"caption\":\"Georgia Access\"},\"image\":{\"@id\":\"https:\/\/georgiaaccess.gov\/es\/#\/schema\/logo\/image\/\"}}]}<\/script>\n<!-- \/ Yoast SEO plugin. -->","yoast_head_json":{"title":"Aviso de no discriminaci\u00f3n de Georgia Access | Acceso a Georgia","description":"Georgia Access cumple con las leyes federales de derechos civiles aplicables y no discrimina por motivos de raza, color, nacionalidad, edad, discapacidad, religi\u00f3n o sexo (incluido el embarazo, la orientaci\u00f3n sexual y la identidad de g\u00e9nero).","robots":{"index":"index","follow":"follow","max-snippet":"max-snippet:-1","max-image-preview":"max-image-preview:large","max-video-preview":"max-video-preview:-1"},"canonical":"https:\/\/georgiaaccess.gov\/es\/aviso-de-no-discriminacion\/","og_locale":"es_ES","og_type":"article","og_title":"Aviso de no discriminaci\u00f3n de Georgia Access | Acceso a Georgia","og_description":"Georgia Access cumple con las leyes federales de derechos civiles aplicables y no discrimina por motivos de raza, color, nacionalidad, edad, discapacidad, religi\u00f3n o sexo (incluido el embarazo, la orientaci\u00f3n sexual y la identidad de g\u00e9nero)","og_url":"https:\/\/georgiaaccess.gov\/es\/aviso-de-no-discriminacion\/","og_site_name":"Georgia Access","article_modified_time":"2025-09-29T13:11:27+00:00","og_image":[{"width":2560,"height":356,"url":"https:\/\/georgiaaccessprodbeta.disclosuresai.com\/wp-content\/uploads\/2025\/09\/about-georgia-access-header-scaled.jpg","type":"image\/jpeg"}],"twitter_card":"summary_large_image","twitter_misc":{"Tiempo de lectura":"2 minutos"},"schema":{"@context":"https:\/\/schema.org","@graph":[{"@type":"WebPage","@id":"https:\/\/georgiaaccess.gov\/es\/aviso-de-no-discriminacion\/","url":"https:\/\/georgiaaccess.gov\/es\/aviso-de-no-discriminacion\/","name":"Aviso de no discriminaci\u00f3n de Georgia Access | Acceso a Georgia","isPartOf":{"@id":"https:\/\/georgiaaccess.gov\/es\/#website"},"primaryImageOfPage":{"@id":"https:\/\/georgiaaccess.gov\/es\/aviso-de-no-discriminacion\/#primaryimage"},"image":{"@id":"https:\/\/georgiaaccess.gov\/es\/aviso-de-no-discriminacion\/#primaryimage"},"thumbnailUrl":"https:\/\/georgiaaccess.gov\/wp-content\/uploads\/2025\/09\/about-georgia-access-header-scaled.jpg","datePublished":"2024-09-27T23:19:38+00:00","dateModified":"2025-09-29T13:11:27+00:00","description":"Georgia Access cumple con las leyes federales de derechos civiles aplicables y no discrimina por motivos de raza, color, nacionalidad, edad, discapacidad, religi\u00f3n o sexo (incluido el embarazo, la orientaci\u00f3n sexual y la identidad de g\u00e9nero).","breadcrumb":{"@id":"https:\/\/georgiaaccess.gov\/es\/aviso-de-no-discriminacion\/#breadcrumb"},"inLanguage":"es","potentialAction":[{"@type":"ReadAction","target":["https:\/\/georgiaaccess.gov\/es\/aviso-de-no-discriminacion\/"]}]},{"@type":"ImageObject","inLanguage":"es","@id":"https:\/\/georgiaaccess.gov\/es\/aviso-de-no-discriminacion\/#primaryimage","url":"https:\/\/georgiaaccess.gov\/wp-content\/uploads\/2025\/09\/about-georgia-access-header-scaled.jpg","contentUrl":"https:\/\/georgiaaccess.gov\/wp-content\/uploads\/2025\/09\/about-georgia-access-header-scaled.jpg","width":2560,"height":356,"caption":"Two men smiling."},{"@type":"BreadcrumbList","@id":"https:\/\/georgiaaccess.gov\/es\/aviso-de-no-discriminacion\/#breadcrumb","itemListElement":[{"@type":"ListItem","position":1,"name":"Home","item":"https:\/\/georgiaaccess.gov\/es\/"},{"@type":"ListItem","position":2,"name":"Aviso de no discriminaci\u00f3n"}]},{"@type":"WebSite","@id":"https:\/\/georgiaaccess.gov\/es\/#website","url":"https:\/\/georgiaaccess.gov\/es\/","name":"Georgia Access","description":"","publisher":{"@id":"https:\/\/georgiaaccess.gov\/es\/#organization"},"potentialAction":[{"@type":"SearchAction","target":{"@type":"EntryPoint","urlTemplate":"https:\/\/georgiaaccess.gov\/es\/?s={search_term_string}"},"query-input":{"@type":"PropertyValueSpecification","valueRequired":true,"valueName":"search_term_string"}}],"inLanguage":"es"},{"@type":"Organization","@id":"https:\/\/georgiaaccess.gov\/es\/#organization","name":"Georgia Access","url":"https:\/\/georgiaaccess.gov\/es\/","logo":{"@type":"ImageObject","inLanguage":"es","@id":"https:\/\/georgiaaccess.gov\/es\/#\/schema\/logo\/image\/","url":"https:\/\/georgiaaccess.gov\/wp-content\/uploads\/2022\/10\/georgia-access-logo-stacked.svg","contentUrl":"https:\/\/georgiaaccess.gov\/wp-content\/uploads\/2022\/10\/georgia-access-logo-stacked.svg","width":180,"height":56,"caption":"Georgia Access"},"image":{"@id":"https:\/\/georgiaaccess.gov\/es\/#\/schema\/logo\/image\/"}}]}},"uagb_featured_image_src":{"full":["https:\/\/georgiaaccess.gov\/wp-content\/uploads\/2025\/09\/about-georgia-access-header-scaled.jpg",2560,356,false],"thumbnail":["https:\/\/georgiaaccess.gov\/wp-content\/uploads\/2025\/09\/about-georgia-access-header-150x150.jpg",150,150,true],"medium":["https:\/\/georgiaaccess.gov\/wp-content\/uploads\/2025\/09\/about-georgia-access-header-300x42.jpg",300,42,true],"medium_large":["https:\/\/georgiaaccess.gov\/wp-content\/uploads\/2025\/09\/about-georgia-access-header-768x107.jpg",768,107,true],"large":["https:\/\/georgiaaccess.gov\/wp-content\/uploads\/2025\/09\/about-georgia-access-header-1024x142.jpg",1024,142,true],"1536x1536":["https:\/\/georgiaaccess.gov\/wp-content\/uploads\/2025\/09\/about-georgia-access-header-1536x213.jpg",1536,213,true],"2048x2048":["https:\/\/georgiaaccess.gov\/wp-content\/uploads\/2025\/09\/about-georgia-access-header-2048x284.jpg",2048,284,true]},"uagb_author_info":{"display_name":"Puloma De","author_link":"https:\/\/georgiaaccess.gov\/es\/author\/pde\/"},"uagb_comment_info":0,"uagb_excerpt":"Georgia Access cumple con las leyes federales de derechos civiles aplicables y no discrimina por motivos de raza, color, nacionalidad, edad, discapacidad, religi\u00f3n o sexo (incluido el embarazo, la orientaci\u00f3n sexual y la identidad de g\u00e9nero). Georgia Access no excluye a las personas ni las trata de manera diferente debido a su raza, color, origen&hellip;","_links":{"self":[{"href":"https:\/\/georgiaaccess.gov\/es\/wp-json\/wp\/v2\/pages\/3145","targetHints":{"allow":["GET"]}}],"collection":[{"href":"https:\/\/georgiaaccess.gov\/es\/wp-json\/wp\/v2\/pages"}],"about":[{"href":"https:\/\/georgiaaccess.gov\/es\/wp-json\/wp\/v2\/types\/page"}],"author":[{"embeddable":true,"href":"https:\/\/georgiaaccess.gov\/es\/wp-json\/wp\/v2\/users\/18"}],"replies":[{"embeddable":true,"href":"https:\/\/georgiaaccess.gov\/es\/wp-json\/wp\/v2\/comments?post=3145"}],"version-history":[{"count":5,"href":"https:\/\/georgiaaccess.gov\/es\/wp-json\/wp\/v2\/pages\/3145\/revisions"}],"predecessor-version":[{"id":8601,"href":"https:\/\/georgiaaccess.gov\/es\/wp-json\/wp\/v2\/pages\/3145\/revisions\/8601"}],"wp:featuredmedia":[{"embeddable":true,"href":"https:\/\/georgiaaccess.gov\/es\/wp-json\/wp\/v2\/media\/6611"}],"wp:attachment":[{"href":"https:\/\/georgiaaccess.gov\/es\/wp-json\/wp\/v2\/media?parent=3145"}],"curies":[{"name":"wp","href":"https:\/\/api.w.org\/{rel}","templated":true}]}}