{"id":3143,"date":"2023-10-17T14:39:33","date_gmt":"2023-10-17T18:39:33","guid":{"rendered":"https:\/\/georgiaaccess.gov\/acerca-de-georgia-access\/eventos\/"},"modified":"2025-11-01T16:27:24","modified_gmt":"2025-11-01T20:27:24","slug":"proximos-eventos","status":"publish","type":"page","link":"https:\/\/georgiaaccess.gov\/es\/proximos-eventos\/","title":{"rendered":"Eventos"},"content":{"rendered":"\n<p>Georgia Access est\u00e1 visitando comunidades de todo el estado para conseguir que m\u00e1s georgianos tengan cobertura. Echa un vistazo a nuestros pr\u00f3ximos eventos en los que podr\u00e1s saber m\u00e1s sobre Georgia Access en persona. Si est\u00e1s interesado en asociarte con Georgia Access para un evento futuro, ponte en contacto con <a href=\"mailto:outreach@georgiaaccess.ga.gov\">outreach@georgiaaccess.ga.gov.<\/a>  <\/p>\n\n\n\n<div style=\"height:8px\" aria-hidden=\"true\" class=\"wp-block-spacer\"><\/div>\n\n\n\n<div class='gah-full-events-list'>\n\t<div class=\"gah-full-events-list--inner\">\n\t\t<div class=\"gah-full-events-list--inner--list\">\n\t\t\t\t\t\t\t<ol>\n\t\t\t\t\t\t\t\t\t\t\t<li class=\"gah-event-countable\">\n\t\t\t\t\t\t\t\n<a href=\"https:\/\/georgiaaccess.gov\/es\/events\/gwinnett-multicultural-festival\/\" class=\"gah-event gah-event--teaser gah-event--link-wrapper\">\n\t<article>\n\t\t<time datetime=\"2026-05-02T12:00:00-04:00\">\n\t\t\t<span class=\"month\">May<\/span>\n\t\t\t<span class=\"day\">02<\/span>\n\t\t<\/time>\n\t\t<div class=\"gah-event--info\">\n\t\t\t<h3>Festival Multicultural de Gwinnett<\/h3>\n\t\t\t\t\t\t\t<span class=\"date-location\">\n\t\t\t\t\t\tMay 2, 2026 &#183; Lawrenceville, GA 30043 \n\t\t\t\t\t<\/span>\n\t\t\t\t<!--<address>\n\t\t\t\t\t\t\t\t\t\t\t<span class=\"location-name\">\n\t\t\t\t\t\t\tSugarloaf Mills\t\t\t\t\t\t<\/span>\n\t\t\t\t\t\t\t\t\t\t<span class=\"location-street\">\n\t\t\t\t\t\t5900 Sugarloaf Pkwy\t\t\t\t\t<\/span>\n\t\t\t\t\t<span class=\"location-city-state-zip\">\n\t\t\t\t\t\tLawrenceville, GA 30043\t\t\t\t\t<\/span>\n\t\t\t\t<\/address>-->\n\t\t\t\t\t\t<div class=\"gah-event--description\">\n\t\t\t\u00danete a Georgia Access en el Festival Multicultural y la jornada de puertas abiertas del Gobierno del Condado el s\u00e1bado 2 de mayo en Sugarloaf&#8230;\t\t\t<\/div>\n\t\t<\/div>\n\t<\/article>\n<\/a>\t\t\t\t\t\t<\/li>\n\t\t\t\t\t\t\t\t\t\t\t<li class=\"gah-event-countable\">\n\t\t\t\t\t\t\t\n<a href=\"https:\/\/georgiaaccess.gov\/es\/events\/beisbol-duke-vs-georgia-tech\/\" class=\"gah-event gah-event--teaser gah-event--link-wrapper\">\n\t<article>\n\t\t<time datetime=\"2026-05-09T15:00:00-04:00\">\n\t\t\t<span class=\"month\">May<\/span>\n\t\t\t<span class=\"day\">09<\/span>\n\t\t<\/time>\n\t\t<div class=\"gah-event--info\">\n\t\t\t<h3>Duke vs. B\u00e9isbol de Georgia Tech<\/h3>\n\t\t\t\t\t\t\t<span class=\"date-location\">\n\t\t\t\t\t\tMay 9, 2026 &#183; Atlanta, GA 30332 \n\t\t\t\t\t<\/span>\n\t\t\t\t<!--<address>\n\t\t\t\t\t\t\t\t\t\t\t<span class=\"location-name\">\n\t\t\t\t\t\t\tRuss Chandler Stadium\t\t\t\t\t\t<\/span>\n\t\t\t\t\t\t\t\t\t\t<span class=\"location-street\">\n\t\t\t\t\t\t255 Fifth Street NW\t\t\t\t\t<\/span>\n\t\t\t\t\t<span class=\"location-city-state-zip\">\n\t\t\t\t\t\tAtlanta, GA 30332\t\t\t\t\t<\/span>\n\t\t\t\t<\/address>-->\n\t\t\t\t\t\t<div class=\"gah-event--description\">\n\t\t\t\u00a1Pasa por el puesto de Georgia Access en el Russ Chandler Stadium y descubre lo f\u00e1cil que es cubrirse!\t\t\t<\/div>\n\t\t<\/div>\n\t<\/article>\n<\/a>\t\t\t\t\t\t<\/li>\n\t\t\t\t\t\t\t\t\t\t\t<li class=\"gah-event-countable\">\n\t\t\t\t\t\t\t\n<a href=\"https:\/\/georgiaaccess.gov\/es\/events\/festival-artistico-de-primavera-de-duluth\/\" class=\"gah-event gah-event--teaser gah-event--link-wrapper\">\n\t<article>\n\t\t<time datetime=\"2026-05-16T10:00:00-04:00\">\n\t\t\t<span class=\"month\">May<\/span>\n\t\t\t<span class=\"day\">16<\/span>\n\t\t<\/time>\n\t\t<div class=\"gah-event--info\">\n\t\t\t<h3>Festival Art\u00edstico de Primavera de Duluth<\/h3>\n\t\t\t\t\t\t\t<span class=\"date-location\">\n\t\t\t\t\t\tMay 16, 2026 &#183; Duluth, GA 30096 \n\t\t\t\t\t<\/span>\n\t\t\t\t<!--<address>\n\t\t\t\t\t\t\t\t\t\t\t<span class=\"location-name\">\n\t\t\t\t\t\t\t Duluth Town Center\t\t\t\t\t\t<\/span>\n\t\t\t\t\t\t\t\t\t\t<span class=\"location-street\">\n\t\t\t\t\t\t3142 Hill St\t\t\t\t\t<\/span>\n\t\t\t\t\t<span class=\"location-city-state-zip\">\n\t\t\t\t\t\tDuluth, GA 30096\t\t\t\t\t<\/span>\n\t\t\t\t<\/address>-->\n\t\t\t\t\t\t<div class=\"gah-event--description\">\n\t\t\tVisita el stand de Georgia Access en el Duluth Spring Arts Festival para explorar opciones de cobertura sanitaria asequibles y recursos comunitarios \u00fatiles. Pasa a&#8230;\t\t\t<\/div>\n\t\t<\/div>\n\t<\/article>\n<\/a>\t\t\t\t\t\t<\/li>\n\t\t\t\t\t\t\t\t\t\t\t<li class=\"gah-event-countable\">\n\t\t\t\t\t\t\t\n<a href=\"https:\/\/georgiaaccess.gov\/es\/events\/mental-health-action-day-2026-community-carnival\/\" class=\"gah-event gah-event--teaser gah-event--link-wrapper\">\n\t<article>\n\t\t<time datetime=\"2026-05-16T11:00:00-04:00\">\n\t\t\t<span class=\"month\">May<\/span>\n\t\t\t<span class=\"day\">16<\/span>\n\t\t<\/time>\n\t\t<div class=\"gah-event--info\">\n\t\t\t<h3>Carnaval comunitario del D\u00eda de Acci\u00f3n por la Salud Mental 2026<\/h3>\n\t\t\t\t\t\t\t<span class=\"date-location\">\n\t\t\t\t\t\tMay 16, 2026 &#183; Atlanta, GA 30318 \n\t\t\t\t\t<\/span>\n\t\t\t\t<!--<address>\n\t\t\t\t\t\t\t\t\t\t\t<span class=\"location-name\">\n\t\t\t\t\t\t\t\t\t\t\t\t\t<\/span>\n\t\t\t\t\t\t\t\t\t\t<span class=\"location-street\">\n\t\t\t\t\t\t2117 Bolton Road NW\t\t\t\t\t<\/span>\n\t\t\t\t\t<span class=\"location-city-state-zip\">\n\t\t\t\t\t\tAtlanta, GA 30318\t\t\t\t\t<\/span>\n\t\t\t\t<\/address>-->\n\t\t\t\t\t\t<div class=\"gah-event--description\">\n\t\t\tVisite el stand de Georgia Access en el evento 3D Girls 2026 para conocer opciones de cobertura de salud asequibles y recursos \u00fatiles. Ac\u00e9rquese para&#8230;\t\t\t<\/div>\n\t\t<\/div>\n\t<\/article>\n<\/a>\t\t\t\t\t\t<\/li>\n\t\t\t\t\t\t\t\t\t\t\t<li class=\"gah-event-countable\">\n\t\t\t\t\t\t\t\n<a href=\"https:\/\/georgiaaccess.gov\/es\/events\/festival-artistico-de-primavera-de-duluth-2\/\" class=\"gah-event gah-event--teaser gah-event--link-wrapper\">\n\t<article>\n\t\t<time datetime=\"2026-05-17T11:00:00-04:00\">\n\t\t\t<span class=\"month\">May<\/span>\n\t\t\t<span class=\"day\">17<\/span>\n\t\t<\/time>\n\t\t<div class=\"gah-event--info\">\n\t\t\t<h3>Festival Art\u00edstico de Primavera de Duluth<\/h3>\n\t\t\t\t\t\t\t<span class=\"date-location\">\n\t\t\t\t\t\tMay 17, 2026 &#183; Duluth, GA 30096 \n\t\t\t\t\t<\/span>\n\t\t\t\t<!--<address>\n\t\t\t\t\t\t\t\t\t\t\t<span class=\"location-name\">\n\t\t\t\t\t\t\tDuluth Town Center\t\t\t\t\t\t<\/span>\n\t\t\t\t\t\t\t\t\t\t<span class=\"location-street\">\n\t\t\t\t\t\t3142 Hill St\t\t\t\t\t<\/span>\n\t\t\t\t\t<span class=\"location-city-state-zip\">\n\t\t\t\t\t\tDuluth, GA 30096\t\t\t\t\t<\/span>\n\t\t\t\t<\/address>-->\n\t\t\t\t\t\t<div class=\"gah-event--description\">\n\t\t\tVisita el stand de Georgia Access en el Duluth Spring Arts Festival para explorar opciones de cobertura sanitaria asequibles y recursos comunitarios \u00fatiles. Pasa a&#8230;\t\t\t<\/div>\n\t\t<\/div>\n\t<\/article>\n<\/a>\t\t\t\t\t\t<\/li>\n\t\t\t\t\t\t\t\t\t\t\t<li class=\"gah-event-countable\">\n\t\t\t\t\t\t\t\n<a href=\"https:\/\/georgiaaccess.gov\/es\/events\/feria-de-salud-para-empleados-de-la-junta-de-salud-del-condado-de-fulton\/\" class=\"gah-event gah-event--teaser gah-event--link-wrapper\">\n\t<article>\n\t\t<time datetime=\"2026-05-19T13:00:00-04:00\">\n\t\t\t<span class=\"month\">May<\/span>\n\t\t\t<span class=\"day\">19<\/span>\n\t\t<\/time>\n\t\t<div class=\"gah-event--info\">\n\t\t\t<h3>Feria de Salud para Empleados de la Junta de Salud del Condado de Fulton<\/h3>\n\t\t\t\t\t\t\t<span class=\"date-location\">\n\t\t\t\t\t\tMay 19, 2026 &#183; Atlanta, GA 30337 \n\t\t\t\t\t<\/span>\n\t\t\t\t<!--<address>\n\t\t\t\t\t\t\t\t\t\t\t<span class=\"location-name\">\n\t\t\t\t\t\t\tCollege Park Regional Health Center\t\t\t\t\t\t<\/span>\n\t\t\t\t\t\t\t\t\t\t<span class=\"location-street\">\n\t\t\t\t\t\t1920 John Wesley Ave\t\t\t\t\t<\/span>\n\t\t\t\t\t<span class=\"location-city-state-zip\">\n\t\t\t\t\t\tAtlanta, GA 30337\t\t\t\t\t<\/span>\n\t\t\t\t<\/address>-->\n\t\t\t\t\t\t<div class=\"gah-event--description\">\n\t\t\t\u00danete a Georgia Access en la Feria de Salud para Empleados de la Junta de Salud del Condado de Fulton. Visita nuestro stand para conocer&#8230;\t\t\t<\/div>\n\t\t<\/div>\n\t<\/article>\n<\/a>\t\t\t\t\t\t<\/li>\n\t\t\t\t\t\t\t\t\t\t\t<li class=\"gah-event-countable\">\n\t\t\t\t\t\t\t\n<a href=\"https:\/\/georgiaaccess.gov\/es\/events\/gwinnett-stripers-vs-charlotte-knights\/\" class=\"gah-event gah-event--teaser gah-event--link-wrapper\">\n\t<article>\n\t\t<time datetime=\"2026-05-23T15:45:00-04:00\">\n\t\t\t<span class=\"month\">May<\/span>\n\t\t\t<span class=\"day\">23<\/span>\n\t\t<\/time>\n\t\t<div class=\"gah-event--info\">\n\t\t\t<h3>Gwinnett Stripers vs. Charlotte Knights<\/h3>\n\t\t\t\t\t\t\t<span class=\"date-location\">\n\t\t\t\t\t\tMay 23, 2026 &#183; Lawrenceville, GA 30043 \n\t\t\t\t\t<\/span>\n\t\t\t\t<!--<address>\n\t\t\t\t\t\t\t\t\t\t\t<span class=\"location-name\">\n\t\t\t\t\t\t\tGwinnett Field\t\t\t\t\t\t<\/span>\n\t\t\t\t\t\t\t\t\t\t<span class=\"location-street\">\n\t\t\t\t\t\t2500 Buford Drive\t\t\t\t\t<\/span>\n\t\t\t\t\t<span class=\"location-city-state-zip\">\n\t\t\t\t\t\tLawrenceville, GA 30043\t\t\t\t\t<\/span>\n\t\t\t\t<\/address>-->\n\t\t\t\t\t\t<div class=\"gah-event--description\">\n\t\t\tP\u00e1sate por el stand de Georgia Access durante el partido Gwinnett Stripers vs. Charlotte Knights para informarte sobre opciones asequibles de cobertura sanitaria y recursos&#8230;\t\t\t<\/div>\n\t\t<\/div>\n\t<\/article>\n<\/a>\t\t\t\t\t\t<\/li>\n\t\t\t\t\t\t\t\t\t\t\t<li class=\"gah-event-countable\">\n\t\t\t\t\t\t\t\n<a href=\"https:\/\/georgiaaccess.gov\/es\/events\/festival-de-la-abeja-melifera\/\" class=\"gah-event gah-event--teaser gah-event--link-wrapper\">\n\t<article>\n\t\t<time datetime=\"2026-05-30T09:00:00-04:00\">\n\t\t\t<span class=\"month\">May<\/span>\n\t\t\t<span class=\"day\">30<\/span>\n\t\t<\/time>\n\t\t<div class=\"gah-event--info\">\n\t\t\t<h3>Festival de la Abeja Mel\u00edfera<\/h3>\n\t\t\t\t\t\t\t<span class=\"date-location\">\n\t\t\t\t\t\tMay 30, 2026 &#183; LaFayette,, GA 30728 \n\t\t\t\t\t<\/span>\n\t\t\t\t<!--<address>\n\t\t\t\t\t\t\t\t\t\t\t<span class=\"location-name\">\n\t\t\t\t\t\t\tDowntown LaFayette Georgia\t\t\t\t\t\t<\/span>\n\t\t\t\t\t\t\t\t\t\t<span class=\"location-street\">\n\t\t\t\t\t\t107 E. Patton St\t\t\t\t\t<\/span>\n\t\t\t\t\t<span class=\"location-city-state-zip\">\n\t\t\t\t\t\tLaFayette,, GA 30728\t\t\t\t\t<\/span>\n\t\t\t\t<\/address>-->\n\t\t\t\t\t\t<div class=\"gah-event--description\">\n\t\t\tCelebra con Georgia Access mientras el Festival de las Abejas llena el centro de LaFayette de m\u00fasica, comida y diversi\u00f3n comunitaria. Este evento anual re\u00fane&#8230;\t\t\t<\/div>\n\t\t<\/div>\n\t<\/article>\n<\/a>\t\t\t\t\t\t<\/li>\n\t\t\t\t\t\t\t\t\t<\/ol>\n\t\t\t\t\t\t\n\t\t<\/div>\n\t\t<div class=\"pagination\">\n\t\t\t\t\t<\/div>\n\t<\/div>\n\t<\/div>\n\n\n\n<div style=\"height:120px\" aria-hidden=\"true\" class=\"wp-block-spacer\"><\/div>\n","protected":false},"excerpt":{"rendered":"<p>Georgia Access est\u00e1 visitando comunidades de todo el estado para conseguir que m\u00e1s georgianos tengan cobertura. Echa un vistazo a nuestros pr\u00f3ximos eventos en los que podr\u00e1s saber m\u00e1s sobre Georgia Access en persona. Si est\u00e1s interesado en asociarte con Georgia Access para un evento futuro, ponte en contacto con outreach@georgiaaccess.ga.gov.<\/p>\n","protected":false},"author":1,"featured_media":6611,"parent":0,"menu_order":0,"comment_status":"closed","ping_status":"closed","template":"sidebar-menu-template.php","meta":{"_acf_changed":false,"inline_featured_image":false,"_uag_custom_page_level_css":"","site-sidebar-layout":"default","site-content-layout":"","ast-site-content-layout":"default","site-content-style":"default","site-sidebar-style":"default","ast-global-header-display":"","ast-banner-title-visibility":"","ast-main-header-display":"","ast-hfb-above-header-display":"","ast-hfb-below-header-display":"","ast-hfb-mobile-header-display":"","site-post-title":"","ast-breadcrumbs-content":"","ast-featured-img":"","footer-sml-layout":"","ast-disable-related-posts":"","theme-transparent-header-meta":"","adv-header-id-meta":"","stick-header-meta":"","header-above-stick-meta":"","header-main-stick-meta":"","header-below-stick-meta":"","astra-migrate-meta-layouts":"set","ast-page-background-enabled":"default","ast-page-background-meta":{"desktop":{"background-color":"var(--ast-global-color-4)","background-image":"","background-repeat":"repeat","background-position":"center center","background-size":"auto","background-attachment":"scroll","background-type":"","background-media":"","overlay-type":"","overlay-color":"","overlay-opacity":"","overlay-gradient":""},"tablet":{"background-color":"","background-image":"","background-repeat":"repeat","background-position":"center center","background-size":"auto","background-attachment":"scroll","background-type":"","background-media":"","overlay-type":"","overlay-color":"","overlay-opacity":"","overlay-gradient":""},"mobile":{"background-color":"","background-image":"","background-repeat":"repeat","background-position":"center center","background-size":"auto","background-attachment":"scroll","background-type":"","background-media":"","overlay-type":"","overlay-color":"","overlay-opacity":"","overlay-gradient":""}},"ast-content-background-meta":{"desktop":{"background-color":"var(--ast-global-color-5)","background-image":"","background-repeat":"repeat","background-position":"center center","background-size":"auto","background-attachment":"scroll","background-type":"","background-media":"","overlay-type":"","overlay-color":"","overlay-opacity":"","overlay-gradient":""},"tablet":{"background-color":"var(--ast-global-color-5)","background-image":"","background-repeat":"repeat","background-position":"center center","background-size":"auto","background-attachment":"scroll","background-type":"","background-media":"","overlay-type":"","overlay-color":"","overlay-opacity":"","overlay-gradient":""},"mobile":{"background-color":"var(--ast-global-color-5)","background-image":"","background-repeat":"repeat","background-position":"center center","background-size":"auto","background-attachment":"scroll","background-type":"","background-media":"","overlay-type":"","overlay-color":"","overlay-opacity":"","overlay-gradient":""}},"footnotes":""},"class_list":["post-3143","page","type-page","status-publish","has-post-thumbnail","hentry"],"acf":[],"yoast_head":"<!-- This site is optimized with the Yoast SEO plugin v26.8 - https:\/\/yoast.com\/product\/yoast-seo-wordpress\/ -->\n<title>Pr\u00f3ximos eventos | Acceso a Georgia<\/title>\n<meta name=\"description\" content=\"Estamos visitando comunidades en todo el estado para cubrir a m\u00e1s georgianos. Consulte nuestros pr\u00f3ximos eventos para obtener m\u00e1s informaci\u00f3n sobre Georgia Access en persona.\" \/>\n<meta name=\"robots\" content=\"index, follow, max-snippet:-1, max-image-preview:large, max-video-preview:-1\" \/>\n<link rel=\"canonical\" href=\"https:\/\/georgiaaccess.gov\/es\/proximos-eventos\/\" \/>\n<meta property=\"og:locale\" content=\"es_ES\" \/>\n<meta property=\"og:type\" content=\"article\" \/>\n<meta property=\"og:title\" content=\"Pr\u00f3ximos eventos | Acceso a Georgia\" \/>\n<meta property=\"og:description\" content=\"\u00a1Estamos visitando comunidades en todo el estado para cubrir a m\u00e1s georgianos! Consulte nuestros pr\u00f3ximos eventos para obtener m\u00e1s informaci\u00f3n sobre Georgia Access en persona.\" \/>\n<meta property=\"og:url\" content=\"https:\/\/georgiaaccess.gov\/es\/proximos-eventos\/\" \/>\n<meta property=\"og:site_name\" content=\"Georgia Access\" \/>\n<meta property=\"article:modified_time\" content=\"2025-11-01T20:27:24+00:00\" \/>\n<meta property=\"og:image\" content=\"https:\/\/georgiaaccessprodbeta.disclosuresai.com\/wp-content\/uploads\/2025\/09\/about-georgia-access-header-scaled.jpg\" \/>\n\t<meta property=\"og:image:width\" content=\"2560\" \/>\n\t<meta property=\"og:image:height\" content=\"356\" \/>\n\t<meta property=\"og:image:type\" content=\"image\/jpeg\" \/>\n<meta name=\"twitter:card\" content=\"summary_large_image\" \/>\n<meta name=\"twitter:label1\" content=\"Tiempo de lectura\" \/>\n\t<meta name=\"twitter:data1\" content=\"1 minuto\" \/>\n<script type=\"application\/ld+json\" class=\"yoast-schema-graph\">{\"@context\":\"https:\/\/schema.org\",\"@graph\":[{\"@type\":\"WebPage\",\"@id\":\"https:\/\/georgiaaccess.gov\/es\/proximos-eventos\/\",\"url\":\"https:\/\/georgiaaccess.gov\/es\/proximos-eventos\/\",\"name\":\"Pr\u00f3ximos eventos | Acceso a Georgia\",\"isPartOf\":{\"@id\":\"https:\/\/georgiaaccess.gov\/es\/#website\"},\"primaryImageOfPage\":{\"@id\":\"https:\/\/georgiaaccess.gov\/es\/proximos-eventos\/#primaryimage\"},\"image\":{\"@id\":\"https:\/\/georgiaaccess.gov\/es\/proximos-eventos\/#primaryimage\"},\"thumbnailUrl\":\"https:\/\/georgiaaccess.gov\/wp-content\/uploads\/2025\/09\/about-georgia-access-header-scaled.jpg\",\"datePublished\":\"2023-10-17T18:39:33+00:00\",\"dateModified\":\"2025-11-01T20:27:24+00:00\",\"description\":\"Estamos visitando comunidades en todo el estado para cubrir a m\u00e1s georgianos. Consulte nuestros pr\u00f3ximos eventos para obtener m\u00e1s informaci\u00f3n sobre Georgia Access en persona.\",\"breadcrumb\":{\"@id\":\"https:\/\/georgiaaccess.gov\/es\/proximos-eventos\/#breadcrumb\"},\"inLanguage\":\"es\",\"potentialAction\":[{\"@type\":\"ReadAction\",\"target\":[\"https:\/\/georgiaaccess.gov\/es\/proximos-eventos\/\"]}]},{\"@type\":\"ImageObject\",\"inLanguage\":\"es\",\"@id\":\"https:\/\/georgiaaccess.gov\/es\/proximos-eventos\/#primaryimage\",\"url\":\"https:\/\/georgiaaccess.gov\/wp-content\/uploads\/2025\/09\/about-georgia-access-header-scaled.jpg\",\"contentUrl\":\"https:\/\/georgiaaccess.gov\/wp-content\/uploads\/2025\/09\/about-georgia-access-header-scaled.jpg\",\"width\":2560,\"height\":356,\"caption\":\"Two men smiling.\"},{\"@type\":\"BreadcrumbList\",\"@id\":\"https:\/\/georgiaaccess.gov\/es\/proximos-eventos\/#breadcrumb\",\"itemListElement\":[{\"@type\":\"ListItem\",\"position\":1,\"name\":\"Home\",\"item\":\"https:\/\/georgiaaccess.gov\/es\/\"},{\"@type\":\"ListItem\",\"position\":2,\"name\":\"Eventos\"}]},{\"@type\":\"WebSite\",\"@id\":\"https:\/\/georgiaaccess.gov\/es\/#website\",\"url\":\"https:\/\/georgiaaccess.gov\/es\/\",\"name\":\"Georgia Access\",\"description\":\"\",\"publisher\":{\"@id\":\"https:\/\/georgiaaccess.gov\/es\/#organization\"},\"potentialAction\":[{\"@type\":\"SearchAction\",\"target\":{\"@type\":\"EntryPoint\",\"urlTemplate\":\"https:\/\/georgiaaccess.gov\/es\/?s={search_term_string}\"},\"query-input\":{\"@type\":\"PropertyValueSpecification\",\"valueRequired\":true,\"valueName\":\"search_term_string\"}}],\"inLanguage\":\"es\"},{\"@type\":\"Organization\",\"@id\":\"https:\/\/georgiaaccess.gov\/es\/#organization\",\"name\":\"Georgia Access\",\"url\":\"https:\/\/georgiaaccess.gov\/es\/\",\"logo\":{\"@type\":\"ImageObject\",\"inLanguage\":\"es\",\"@id\":\"https:\/\/georgiaaccess.gov\/es\/#\/schema\/logo\/image\/\",\"url\":\"https:\/\/georgiaaccess.gov\/wp-content\/uploads\/2022\/10\/georgia-access-logo-stacked.svg\",\"contentUrl\":\"https:\/\/georgiaaccess.gov\/wp-content\/uploads\/2022\/10\/georgia-access-logo-stacked.svg\",\"width\":180,\"height\":56,\"caption\":\"Georgia Access\"},\"image\":{\"@id\":\"https:\/\/georgiaaccess.gov\/es\/#\/schema\/logo\/image\/\"}}]}<\/script>\n<!-- \/ Yoast SEO plugin. -->","yoast_head_json":{"title":"Pr\u00f3ximos eventos | Acceso a Georgia","description":"Estamos visitando comunidades en todo el estado para cubrir a m\u00e1s georgianos. Consulte nuestros pr\u00f3ximos eventos para obtener m\u00e1s informaci\u00f3n sobre Georgia Access en persona.","robots":{"index":"index","follow":"follow","max-snippet":"max-snippet:-1","max-image-preview":"max-image-preview:large","max-video-preview":"max-video-preview:-1"},"canonical":"https:\/\/georgiaaccess.gov\/es\/proximos-eventos\/","og_locale":"es_ES","og_type":"article","og_title":"Pr\u00f3ximos eventos | Acceso a Georgia","og_description":"\u00a1Estamos visitando comunidades en todo el estado para cubrir a m\u00e1s georgianos! Consulte nuestros pr\u00f3ximos eventos para obtener m\u00e1s informaci\u00f3n sobre Georgia Access en persona.","og_url":"https:\/\/georgiaaccess.gov\/es\/proximos-eventos\/","og_site_name":"Georgia Access","article_modified_time":"2025-11-01T20:27:24+00:00","og_image":[{"width":2560,"height":356,"url":"https:\/\/georgiaaccessprodbeta.disclosuresai.com\/wp-content\/uploads\/2025\/09\/about-georgia-access-header-scaled.jpg","type":"image\/jpeg"}],"twitter_card":"summary_large_image","twitter_misc":{"Tiempo de lectura":"1 minuto"},"schema":{"@context":"https:\/\/schema.org","@graph":[{"@type":"WebPage","@id":"https:\/\/georgiaaccess.gov\/es\/proximos-eventos\/","url":"https:\/\/georgiaaccess.gov\/es\/proximos-eventos\/","name":"Pr\u00f3ximos eventos | Acceso a Georgia","isPartOf":{"@id":"https:\/\/georgiaaccess.gov\/es\/#website"},"primaryImageOfPage":{"@id":"https:\/\/georgiaaccess.gov\/es\/proximos-eventos\/#primaryimage"},"image":{"@id":"https:\/\/georgiaaccess.gov\/es\/proximos-eventos\/#primaryimage"},"thumbnailUrl":"https:\/\/georgiaaccess.gov\/wp-content\/uploads\/2025\/09\/about-georgia-access-header-scaled.jpg","datePublished":"2023-10-17T18:39:33+00:00","dateModified":"2025-11-01T20:27:24+00:00","description":"Estamos visitando comunidades en todo el estado para cubrir a m\u00e1s georgianos. Consulte nuestros pr\u00f3ximos eventos para obtener m\u00e1s informaci\u00f3n sobre Georgia Access en persona.","breadcrumb":{"@id":"https:\/\/georgiaaccess.gov\/es\/proximos-eventos\/#breadcrumb"},"inLanguage":"es","potentialAction":[{"@type":"ReadAction","target":["https:\/\/georgiaaccess.gov\/es\/proximos-eventos\/"]}]},{"@type":"ImageObject","inLanguage":"es","@id":"https:\/\/georgiaaccess.gov\/es\/proximos-eventos\/#primaryimage","url":"https:\/\/georgiaaccess.gov\/wp-content\/uploads\/2025\/09\/about-georgia-access-header-scaled.jpg","contentUrl":"https:\/\/georgiaaccess.gov\/wp-content\/uploads\/2025\/09\/about-georgia-access-header-scaled.jpg","width":2560,"height":356,"caption":"Two men smiling."},{"@type":"BreadcrumbList","@id":"https:\/\/georgiaaccess.gov\/es\/proximos-eventos\/#breadcrumb","itemListElement":[{"@type":"ListItem","position":1,"name":"Home","item":"https:\/\/georgiaaccess.gov\/es\/"},{"@type":"ListItem","position":2,"name":"Eventos"}]},{"@type":"WebSite","@id":"https:\/\/georgiaaccess.gov\/es\/#website","url":"https:\/\/georgiaaccess.gov\/es\/","name":"Georgia Access","description":"","publisher":{"@id":"https:\/\/georgiaaccess.gov\/es\/#organization"},"potentialAction":[{"@type":"SearchAction","target":{"@type":"EntryPoint","urlTemplate":"https:\/\/georgiaaccess.gov\/es\/?s={search_term_string}"},"query-input":{"@type":"PropertyValueSpecification","valueRequired":true,"valueName":"search_term_string"}}],"inLanguage":"es"},{"@type":"Organization","@id":"https:\/\/georgiaaccess.gov\/es\/#organization","name":"Georgia Access","url":"https:\/\/georgiaaccess.gov\/es\/","logo":{"@type":"ImageObject","inLanguage":"es","@id":"https:\/\/georgiaaccess.gov\/es\/#\/schema\/logo\/image\/","url":"https:\/\/georgiaaccess.gov\/wp-content\/uploads\/2022\/10\/georgia-access-logo-stacked.svg","contentUrl":"https:\/\/georgiaaccess.gov\/wp-content\/uploads\/2022\/10\/georgia-access-logo-stacked.svg","width":180,"height":56,"caption":"Georgia Access"},"image":{"@id":"https:\/\/georgiaaccess.gov\/es\/#\/schema\/logo\/image\/"}}]}},"uagb_featured_image_src":{"full":["https:\/\/georgiaaccess.gov\/wp-content\/uploads\/2025\/09\/about-georgia-access-header-scaled.jpg",2560,356,false],"thumbnail":["https:\/\/georgiaaccess.gov\/wp-content\/uploads\/2025\/09\/about-georgia-access-header-150x150.jpg",150,150,true],"medium":["https:\/\/georgiaaccess.gov\/wp-content\/uploads\/2025\/09\/about-georgia-access-header-300x42.jpg",300,42,true],"medium_large":["https:\/\/georgiaaccess.gov\/wp-content\/uploads\/2025\/09\/about-georgia-access-header-768x107.jpg",768,107,true],"large":["https:\/\/georgiaaccess.gov\/wp-content\/uploads\/2025\/09\/about-georgia-access-header-1024x142.jpg",1024,142,true],"1536x1536":["https:\/\/georgiaaccess.gov\/wp-content\/uploads\/2025\/09\/about-georgia-access-header-1536x213.jpg",1536,213,true],"2048x2048":["https:\/\/georgiaaccess.gov\/wp-content\/uploads\/2025\/09\/about-georgia-access-header-2048x284.jpg",2048,284,true]},"uagb_author_info":{"display_name":"notadmin","author_link":"https:\/\/georgiaaccess.gov\/es\/author\/notadmin\/"},"uagb_comment_info":0,"uagb_excerpt":"Georgia Access est\u00e1 visitando comunidades de todo el estado para conseguir que m\u00e1s georgianos tengan cobertura. Echa un vistazo a nuestros pr\u00f3ximos eventos en los que podr\u00e1s saber m\u00e1s sobre Georgia Access en persona. Si est\u00e1s interesado en asociarte con Georgia Access para un evento futuro, ponte en contacto con outreach@georgiaaccess.ga.gov.","_links":{"self":[{"href":"https:\/\/georgiaaccess.gov\/es\/wp-json\/wp\/v2\/pages\/3143","targetHints":{"allow":["GET"]}}],"collection":[{"href":"https:\/\/georgiaaccess.gov\/es\/wp-json\/wp\/v2\/pages"}],"about":[{"href":"https:\/\/georgiaaccess.gov\/es\/wp-json\/wp\/v2\/types\/page"}],"author":[{"embeddable":true,"href":"https:\/\/georgiaaccess.gov\/es\/wp-json\/wp\/v2\/users\/1"}],"replies":[{"embeddable":true,"href":"https:\/\/georgiaaccess.gov\/es\/wp-json\/wp\/v2\/comments?post=3143"}],"version-history":[{"count":27,"href":"https:\/\/georgiaaccess.gov\/es\/wp-json\/wp\/v2\/pages\/3143\/revisions"}],"predecessor-version":[{"id":9096,"href":"https:\/\/georgiaaccess.gov\/es\/wp-json\/wp\/v2\/pages\/3143\/revisions\/9096"}],"wp:featuredmedia":[{"embeddable":true,"href":"https:\/\/georgiaaccess.gov\/es\/wp-json\/wp\/v2\/media\/6611"}],"wp:attachment":[{"href":"https:\/\/georgiaaccess.gov\/es\/wp-json\/wp\/v2\/media?parent=3143"}],"curies":[{"name":"wp","href":"https:\/\/api.w.org\/{rel}","templated":true}]}}