{"id":3141,"date":"2023-10-16T22:00:32","date_gmt":"2023-10-17T02:00:32","guid":{"rendered":"https:\/\/georgiaaccess.gov\/recursos-y-apoyo\/encuentre-un-asistente-local\/"},"modified":"2023-10-16T22:00:32","modified_gmt":"2023-10-17T02:00:32","slug":"encuentre-un-asistente-local","status":"publish","type":"page","link":"https:\/\/georgiaaccess.gov\/es\/preguntas-frecuentes-y-contacto\/encuentre-un-asistente-local\/","title":{"rendered":"Encuentre un asistente local"},"content":{"rendered":"\n<p>\u00bfNecesita ayuda para solicitar cobertura de seguro m\u00e9dico o asistencia financiera?\nBusque por condado para encontrar Consejeros de Solicitud Certificados (CAC, por sus siglas en ingl\u00e9s) y Navegadores locales que est\u00e9n capacitados para ayudarlo a explorar sus opciones.\nSu asistencia es gratuita para usted.  <\/p>\n\n\n\n<p><strong>El 15 de octubre<\/strong>, esta informaci\u00f3n se trasladar\u00e1 al Portal de Acceso de Georgia.\nProporcionaremos un enlace en esta p\u00e1gina.   <br><br><\/p>\n","protected":false},"excerpt":{"rendered":"<p>\u00bfNecesita ayuda para solicitar cobertura de seguro m\u00e9dico o asistencia financiera? Busque por condado para encontrar Consejeros de Solicitud Certificados (CAC, por sus siglas en ingl\u00e9s) y Navegadores locales que est\u00e9n capacitados para ayudarlo a explorar sus opciones. Su asistencia es gratuita para usted. El 15 de octubre, esta informaci\u00f3n se trasladar\u00e1 al Portal de [&hellip;]<\/p>\n","protected":false},"author":15,"featured_media":0,"parent":3126,"menu_order":0,"comment_status":"closed","ping_status":"closed","template":"gah-assister-search.php","meta":{"_acf_changed":false,"inline_featured_image":false,"_uag_custom_page_level_css":"","site-sidebar-layout":"default","site-content-layout":"","ast-site-content-layout":"default","site-content-style":"default","site-sidebar-style":"default","ast-global-header-display":"","ast-banner-title-visibility":"","ast-main-header-display":"","ast-hfb-above-header-display":"","ast-hfb-below-header-display":"","ast-hfb-mobile-header-display":"","site-post-title":"","ast-breadcrumbs-content":"","ast-featured-img":"","footer-sml-layout":"","ast-disable-related-posts":"","theme-transparent-header-meta":"","adv-header-id-meta":"","stick-header-meta":"","header-above-stick-meta":"","header-main-stick-meta":"","header-below-stick-meta":"","astra-migrate-meta-layouts":"default","ast-page-background-enabled":"default","ast-page-background-meta":{"desktop":{"background-color":"var(--ast-global-color-4)","background-image":"","background-repeat":"repeat","background-position":"center center","background-size":"auto","background-attachment":"scroll","background-type":"","background-media":"","overlay-type":"","overlay-color":"","overlay-opacity":"","overlay-gradient":""},"tablet":{"background-color":"","background-image":"","background-repeat":"repeat","background-position":"center center","background-size":"auto","background-attachment":"scroll","background-type":"","background-media":"","overlay-type":"","overlay-color":"","overlay-opacity":"","overlay-gradient":""},"mobile":{"background-color":"","background-image":"","background-repeat":"repeat","background-position":"center center","background-size":"auto","background-attachment":"scroll","background-type":"","background-media":"","overlay-type":"","overlay-color":"","overlay-opacity":"","overlay-gradient":""}},"ast-content-background-meta":{"desktop":{"background-color":"var(--ast-global-color-5)","background-image":"","background-repeat":"repeat","background-position":"center center","background-size":"auto","background-attachment":"scroll","background-type":"","background-media":"","overlay-type":"","overlay-color":"","overlay-opacity":"","overlay-gradient":""},"tablet":{"background-color":"var(--ast-global-color-5)","background-image":"","background-repeat":"repeat","background-position":"center center","background-size":"auto","background-attachment":"scroll","background-type":"","background-media":"","overlay-type":"","overlay-color":"","overlay-opacity":"","overlay-gradient":""},"mobile":{"background-color":"var(--ast-global-color-5)","background-image":"","background-repeat":"repeat","background-position":"center center","background-size":"auto","background-attachment":"scroll","background-type":"","background-media":"","overlay-type":"","overlay-color":"","overlay-opacity":"","overlay-gradient":""}},"footnotes":""},"class_list":["post-3141","page","type-page","status-publish","hentry"],"acf":[],"yoast_head":"<!-- This site is optimized with the Yoast SEO plugin v26.8 - https:\/\/yoast.com\/product\/yoast-seo-wordpress\/ -->\n<title>Encuentre un asistente local | Georgia Access<\/title>\n<meta name=\"description\" content=\"\u00bfNecesita ayuda para solicitar cobertura de seguro m\u00e9dico o asistencia financiera? Busque por c\u00f3digo postal o condado para encontrar asistentes locales que est\u00e9n capacitados para ayudarlo a explorar sus opciones.\" \/>\n<meta name=\"robots\" content=\"index, follow, max-snippet:-1, max-image-preview:large, max-video-preview:-1\" \/>\n<link rel=\"canonical\" href=\"https:\/\/georgiaaccess.gov\/es\/preguntas-frecuentes-y-contacto\/encuentre-un-asistente-local\/\" \/>\n<meta property=\"og:locale\" content=\"es_ES\" \/>\n<meta property=\"og:type\" content=\"article\" \/>\n<meta property=\"og:title\" content=\"Encuentre un asistente local | Georgia Access\" \/>\n<meta property=\"og:description\" content=\"\u00bfNecesita ayuda para solicitar cobertura de seguro m\u00e9dico o asistencia financiera? Busque por c\u00f3digo postal o condado para encontrar asistentes locales que est\u00e9n capacitados para ayudarlo a explorar sus opciones.\" \/>\n<meta property=\"og:url\" content=\"https:\/\/georgiaaccess.gov\/es\/preguntas-frecuentes-y-contacto\/encuentre-un-asistente-local\/\" \/>\n<meta property=\"og:site_name\" content=\"Georgia Access\" \/>\n<meta name=\"twitter:card\" content=\"summary_large_image\" \/>\n<script type=\"application\/ld+json\" class=\"yoast-schema-graph\">{\"@context\":\"https:\/\/schema.org\",\"@graph\":[{\"@type\":\"WebPage\",\"@id\":\"https:\/\/georgiaaccess.gov\/es\/preguntas-frecuentes-y-contacto\/encuentre-un-asistente-local\/\",\"url\":\"https:\/\/georgiaaccess.gov\/es\/preguntas-frecuentes-y-contacto\/encuentre-un-asistente-local\/\",\"name\":\"Encuentre un asistente local | Georgia Access\",\"isPartOf\":{\"@id\":\"https:\/\/georgiaaccess.gov\/es\/#website\"},\"datePublished\":\"2023-10-17T02:00:32+00:00\",\"description\":\"\u00bfNecesita ayuda para solicitar cobertura de seguro m\u00e9dico o asistencia financiera? Busque por c\u00f3digo postal o condado para encontrar asistentes locales que est\u00e9n capacitados para ayudarlo a explorar sus opciones.\",\"breadcrumb\":{\"@id\":\"https:\/\/georgiaaccess.gov\/es\/preguntas-frecuentes-y-contacto\/encuentre-un-asistente-local\/#breadcrumb\"},\"inLanguage\":\"es\",\"potentialAction\":[{\"@type\":\"ReadAction\",\"target\":[\"https:\/\/georgiaaccess.gov\/es\/preguntas-frecuentes-y-contacto\/encuentre-un-asistente-local\/\"]}]},{\"@type\":\"BreadcrumbList\",\"@id\":\"https:\/\/georgiaaccess.gov\/es\/preguntas-frecuentes-y-contacto\/encuentre-un-asistente-local\/#breadcrumb\",\"itemListElement\":[{\"@type\":\"ListItem\",\"position\":1,\"name\":\"Home\",\"item\":\"https:\/\/georgiaaccess.gov\/es\/\"},{\"@type\":\"ListItem\",\"position\":2,\"name\":\"Preguntas frecuentes y contacto\",\"item\":\"https:\/\/git.emircangitlab.online\/es\/preguntas-frecuentes-y-contacto\/\"},{\"@type\":\"ListItem\",\"position\":3,\"name\":\"Encuentre un asistente local\"}]},{\"@type\":\"WebSite\",\"@id\":\"https:\/\/georgiaaccess.gov\/es\/#website\",\"url\":\"https:\/\/georgiaaccess.gov\/es\/\",\"name\":\"Georgia Access\",\"description\":\"\",\"publisher\":{\"@id\":\"https:\/\/georgiaaccess.gov\/es\/#organization\"},\"potentialAction\":[{\"@type\":\"SearchAction\",\"target\":{\"@type\":\"EntryPoint\",\"urlTemplate\":\"https:\/\/georgiaaccess.gov\/es\/?s={search_term_string}\"},\"query-input\":{\"@type\":\"PropertyValueSpecification\",\"valueRequired\":true,\"valueName\":\"search_term_string\"}}],\"inLanguage\":\"es\"},{\"@type\":\"Organization\",\"@id\":\"https:\/\/georgiaaccess.gov\/es\/#organization\",\"name\":\"Georgia Access\",\"url\":\"https:\/\/georgiaaccess.gov\/es\/\",\"logo\":{\"@type\":\"ImageObject\",\"inLanguage\":\"es\",\"@id\":\"https:\/\/georgiaaccess.gov\/es\/#\/schema\/logo\/image\/\",\"url\":\"https:\/\/georgiaaccess.gov\/wp-content\/uploads\/2022\/10\/georgia-access-logo-stacked.svg\",\"contentUrl\":\"https:\/\/georgiaaccess.gov\/wp-content\/uploads\/2022\/10\/georgia-access-logo-stacked.svg\",\"width\":180,\"height\":56,\"caption\":\"Georgia Access\"},\"image\":{\"@id\":\"https:\/\/georgiaaccess.gov\/es\/#\/schema\/logo\/image\/\"}}]}<\/script>\n<!-- \/ Yoast SEO plugin. -->","yoast_head_json":{"title":"Encuentre un asistente local | Georgia Access","description":"\u00bfNecesita ayuda para solicitar cobertura de seguro m\u00e9dico o asistencia financiera? Busque por c\u00f3digo postal o condado para encontrar asistentes locales que est\u00e9n capacitados para ayudarlo a explorar sus opciones.","robots":{"index":"index","follow":"follow","max-snippet":"max-snippet:-1","max-image-preview":"max-image-preview:large","max-video-preview":"max-video-preview:-1"},"canonical":"https:\/\/georgiaaccess.gov\/es\/preguntas-frecuentes-y-contacto\/encuentre-un-asistente-local\/","og_locale":"es_ES","og_type":"article","og_title":"Encuentre un asistente local | Georgia Access","og_description":"\u00bfNecesita ayuda para solicitar cobertura de seguro m\u00e9dico o asistencia financiera? Busque por c\u00f3digo postal o condado para encontrar asistentes locales que est\u00e9n capacitados para ayudarlo a explorar sus opciones.","og_url":"https:\/\/georgiaaccess.gov\/es\/preguntas-frecuentes-y-contacto\/encuentre-un-asistente-local\/","og_site_name":"Georgia Access","twitter_card":"summary_large_image","schema":{"@context":"https:\/\/schema.org","@graph":[{"@type":"WebPage","@id":"https:\/\/georgiaaccess.gov\/es\/preguntas-frecuentes-y-contacto\/encuentre-un-asistente-local\/","url":"https:\/\/georgiaaccess.gov\/es\/preguntas-frecuentes-y-contacto\/encuentre-un-asistente-local\/","name":"Encuentre un asistente local | Georgia Access","isPartOf":{"@id":"https:\/\/georgiaaccess.gov\/es\/#website"},"datePublished":"2023-10-17T02:00:32+00:00","description":"\u00bfNecesita ayuda para solicitar cobertura de seguro m\u00e9dico o asistencia financiera? Busque por c\u00f3digo postal o condado para encontrar asistentes locales que est\u00e9n capacitados para ayudarlo a explorar sus opciones.","breadcrumb":{"@id":"https:\/\/georgiaaccess.gov\/es\/preguntas-frecuentes-y-contacto\/encuentre-un-asistente-local\/#breadcrumb"},"inLanguage":"es","potentialAction":[{"@type":"ReadAction","target":["https:\/\/georgiaaccess.gov\/es\/preguntas-frecuentes-y-contacto\/encuentre-un-asistente-local\/"]}]},{"@type":"BreadcrumbList","@id":"https:\/\/georgiaaccess.gov\/es\/preguntas-frecuentes-y-contacto\/encuentre-un-asistente-local\/#breadcrumb","itemListElement":[{"@type":"ListItem","position":1,"name":"Home","item":"https:\/\/georgiaaccess.gov\/es\/"},{"@type":"ListItem","position":2,"name":"Preguntas frecuentes y contacto","item":"https:\/\/git.emircangitlab.online\/es\/preguntas-frecuentes-y-contacto\/"},{"@type":"ListItem","position":3,"name":"Encuentre un asistente local"}]},{"@type":"WebSite","@id":"https:\/\/georgiaaccess.gov\/es\/#website","url":"https:\/\/georgiaaccess.gov\/es\/","name":"Georgia Access","description":"","publisher":{"@id":"https:\/\/georgiaaccess.gov\/es\/#organization"},"potentialAction":[{"@type":"SearchAction","target":{"@type":"EntryPoint","urlTemplate":"https:\/\/georgiaaccess.gov\/es\/?s={search_term_string}"},"query-input":{"@type":"PropertyValueSpecification","valueRequired":true,"valueName":"search_term_string"}}],"inLanguage":"es"},{"@type":"Organization","@id":"https:\/\/georgiaaccess.gov\/es\/#organization","name":"Georgia Access","url":"https:\/\/georgiaaccess.gov\/es\/","logo":{"@type":"ImageObject","inLanguage":"es","@id":"https:\/\/georgiaaccess.gov\/es\/#\/schema\/logo\/image\/","url":"https:\/\/georgiaaccess.gov\/wp-content\/uploads\/2022\/10\/georgia-access-logo-stacked.svg","contentUrl":"https:\/\/georgiaaccess.gov\/wp-content\/uploads\/2022\/10\/georgia-access-logo-stacked.svg","width":180,"height":56,"caption":"Georgia Access"},"image":{"@id":"https:\/\/georgiaaccess.gov\/es\/#\/schema\/logo\/image\/"}}]}},"uagb_featured_image_src":{"full":false,"thumbnail":false,"medium":false,"medium_large":false,"large":false,"1536x1536":false,"2048x2048":false},"uagb_author_info":{"display_name":"tsolomon","author_link":"https:\/\/georgiaaccess.gov\/es\/author\/tsolomon\/"},"uagb_comment_info":0,"uagb_excerpt":"\u00bfNecesita ayuda para solicitar cobertura de seguro m\u00e9dico o asistencia financiera? Busque por condado para encontrar Consejeros de Solicitud Certificados (CAC, por sus siglas en ingl\u00e9s) y Navegadores locales que est\u00e9n capacitados para ayudarlo a explorar sus opciones. Su asistencia es gratuita para usted. El 15 de octubre, esta informaci\u00f3n se trasladar\u00e1 al Portal de&hellip;","_links":{"self":[{"href":"https:\/\/georgiaaccess.gov\/es\/wp-json\/wp\/v2\/pages\/3141","targetHints":{"allow":["GET"]}}],"collection":[{"href":"https:\/\/georgiaaccess.gov\/es\/wp-json\/wp\/v2\/pages"}],"about":[{"href":"https:\/\/georgiaaccess.gov\/es\/wp-json\/wp\/v2\/types\/page"}],"author":[{"embeddable":true,"href":"https:\/\/georgiaaccess.gov\/es\/wp-json\/wp\/v2\/users\/15"}],"replies":[{"embeddable":true,"href":"https:\/\/georgiaaccess.gov\/es\/wp-json\/wp\/v2\/comments?post=3141"}],"version-history":[{"count":1,"href":"https:\/\/georgiaaccess.gov\/es\/wp-json\/wp\/v2\/pages\/3141\/revisions"}],"predecessor-version":[{"id":3311,"href":"https:\/\/georgiaaccess.gov\/es\/wp-json\/wp\/v2\/pages\/3141\/revisions\/3311"}],"up":[{"embeddable":true,"href":"https:\/\/georgiaaccess.gov\/es\/wp-json\/wp\/v2\/pages\/3126"}],"wp:attachment":[{"href":"https:\/\/georgiaaccess.gov\/es\/wp-json\/wp\/v2\/media?parent=3141"}],"curies":[{"name":"wp","href":"https:\/\/api.w.org\/{rel}","templated":true}]}}