{"id":3139,"date":"2023-10-16T21:39:42","date_gmt":"2023-10-17T01:39:42","guid":{"rendered":"https:\/\/georgiaaccess.gov\/acerca-de-georgia-access\/comisionado-john-f-king\/"},"modified":"2025-09-29T09:09:12","modified_gmt":"2025-09-29T13:09:12","slug":"nuestro-comisionado","status":"publish","type":"page","link":"https:\/\/georgiaaccess.gov\/es\/nuestro-comisionado\/","title":{"rendered":"Nuestro Comisionado"},"content":{"rendered":"\n<h1 class=\"wp-block-heading\">Nuestro Comisionado<\/h1>\n\n\n\n<div class=\"wp-block-uagb-container uagb-block-dd9956ce alignwide uagb-is-root-container\">\n<div class=\"wp-block-uagb-container uagb-block-c6cff6f7\">\n<figure class=\"wp-block-image aligncenter size-full is-resized has-custom-border is-style-rounded portrait-figure\"><img loading=\"lazy\" decoding=\"async\" width=\"250\" height=\"250\" src=\"https:\/\/georgiaaccess.gov\/wp-content\/uploads\/2025\/09\/John_F_King.png\" alt=\"John F. Rey\" class=\"has-border-color has-ast-global-color-2-border-color wp-image-6606\" style=\"border-width:10px;object-fit:cover;width:145px;height:145px\" srcset=\"https:\/\/georgiaaccess.gov\/wp-content\/uploads\/2025\/09\/John_F_King.png 250w, https:\/\/georgiaaccess.gov\/wp-content\/uploads\/2025\/09\/John_F_King-150x150.png 150w\" sizes=\"auto, (max-width: 250px) 100vw, 250px\" \/><\/figure>\n<\/div>\n\n\n\n<div class=\"wp-block-uagb-container uagb-block-2a7d12f8\">\n<p style=\"margin-top:0;margin-right:0;margin-bottom:0;margin-left:0\"><strong>John F. Rey<\/strong><\/p>\n\n\n\n<p style=\"margin-top:0;margin-right:0;margin-bottom:0;margin-left:0\"><strong>Comisionado de Seguros y Seguridad contra Incendios de Georigia<\/strong><\/p>\n\n\n\n<p style=\"margin-top:0;margin-right:0;margin-bottom:0;margin-left:0\"><\/p>\n<\/div>\n<\/div>\n\n\n\n<p>John F. King fue juramentado como Comisionado de Seguros y Seguridad de Georgia por el gobernador Brian Kemp el 1 de julio de 2019, convirti\u00e9ndose en el primer funcionario estatal hispano en la historia del estado. Fue elegido para un mandato completo de cuatro a\u00f1os el 8 de noviembre de 2022. <\/p>\n\n\n\n<p>Antes de convertirse en Comisionado, King pas\u00f3 su carrera en la aplicaci\u00f3n de la ley, comenzando como oficial de polic\u00eda de Atlanta en 1985 y culminando como Jefe de Polic\u00eda de la Ciudad de Doraville. Mientras estuvo en el Departamento de Polic\u00eda de Atlanta, trabaj\u00f3 en varias asignaciones, incluidas Red Dog, Crimen Organizado \/ Inteligencia, y recibi\u00f3 la Estrella Azul del Jefe en 1987 por resultar herido en el cumplimiento del deber como resultado de un ataque criminal con un arma de fuego. Su carrera tambi\u00e9n incluye asignaciones tanto al FBI como a la DEA como agente de la Fuerza de Tarea.  <\/p>\n\n\n\n<p>Nativo de M\u00e9xico, King tuvo un impacto significativo al construir puentes entre las diversas poblaciones de Doraville e implementar programas de educaci\u00f3n juvenil y prevenci\u00f3n del delito en su papel como Jefe de Polic\u00eda. Reconociendo la composici\u00f3n internacional de la comunidad de Doraville, King hizo una prioridad contratar oficiales de polic\u00eda biling\u00fces, colocar varios idiomas en los autos de polic\u00eda y garantizar que se emplearan traductores y defensores p\u00fablicos efectivos en el Palacio de Justicia de la Ciudad. Las iniciativas del Comisionado King incluyen programas educativos antipandillas para estudiantes de primaria y padres. Trabaj\u00f3 con la C\u00e1mara de Comercio Hispana para establecer un programa educativo para posibles empresarios de peque\u00f1as empresas y trabaj\u00f3 con l\u00edderes estatales, del condado y locales para implementar un programa de reducci\u00f3n de seguridad y velocidad dirigido a Buford Highway para reducir el n\u00famero de muertes de peatones. El Comisionado King tambi\u00e9n es miembro de Leadership DeKalb.    <\/p>\n\n\n\n<p>Adem\u00e1s de sus funciones anteriores en los Departamentos de Polic\u00eda de Atlanta y Doraville, King se retir\u00f3 como General de Divisi\u00f3n en el Ej\u00e9rcito de los EE. UU. luego de su asignaci\u00f3n final al NORAD y al Comando Norte de los EE. UU. King fue el ex comandante del Equipo de Combate de la 48\u00aa Brigada de Infanter\u00eda y se ha desplegado en Bosnia-Herzegovina, Irak, Afganist\u00e1n y \u00c1frica. Se desempe\u00f1\u00f3 como asesor militar del viceministro del Interior para la seguridad de Afganist\u00e1n, quien supervis\u00f3 una agencia de m\u00e1s de 96,000 oficiales de polic\u00eda.  <\/p>\n\n\n\n<p>Mientras serv\u00eda en servicio activo y en la Guardia Nacional, King gan\u00f3 numerosos premios por sus logros. King recibi\u00f3 la Insignia de Acci\u00f3n de Combate por su servicio en Irak y la Insignia de Infanter\u00eda de Combate por su servicio en Afganist\u00e1n. Otros premios y condecoraciones incluyen la Legi\u00f3n del M\u00e9rito, el Premio de la Estrella de Bronce (2), la Medalla al Servicio Meritorio, el Premio a la Unidad Meritoria Conjunta, la Medalla de la Campa\u00f1a de Afganist\u00e1n, la Medalla de la Campa\u00f1a de Irak, la Medalla de Oro de El Salvador por Logros y la Medalla de 2\u00ba Grado de Afganist\u00e1n.  <\/p>\n\n\n\n<p>King recibi\u00f3 su licenciatura en justicia penal y administraci\u00f3n p\u00fablica de la Universidad de Brenau y una maestr\u00eda en Estudios Estrat\u00e9gicos de la Escuela de Guerra del Ej\u00e9rcito de los EE. UU. Se gradu\u00f3 de la Universidad de Harvard como Alto Ejecutivo en Seguridad Nacional y del Curso de Toma de Decisiones de Seguridad Nacional de la Universidad de Syracuse. El Comisionado King se gradu\u00f3 de la clase # 229 en la Academia Nacional del FBI en Quantico, VA, y tambi\u00e9n se gradu\u00f3 del programa de Intercambio Internacional de Aplicaci\u00f3n de la Ley de Georgia a Israel (GILEE).  <\/p>\n\n\n\n<p>El comisionado King tambi\u00e9n habla espa\u00f1ol con fluidez.<\/p>\n\n\n\n<div style=\"height:69px\" aria-hidden=\"true\" class=\"wp-block-spacer\"><\/div>\n","protected":false},"excerpt":{"rendered":"<p>Nuestro Comisionado John F. Rey Comisionado de Seguros y Seguridad contra Incendios de Georigia John F. King fue juramentado como Comisionado de Seguros y Seguridad de Georgia por el gobernador Brian Kemp el 1 de julio de 2019, convirti\u00e9ndose en el primer funcionario estatal hispano en la historia del estado. Fue elegido para un mandato [&hellip;]<\/p>\n","protected":false},"author":15,"featured_media":6611,"parent":0,"menu_order":0,"comment_status":"closed","ping_status":"closed","template":"sidebar-menu-template.php","meta":{"_acf_changed":false,"inline_featured_image":false,"_uag_custom_page_level_css":"","site-sidebar-layout":"default","site-content-layout":"","ast-site-content-layout":"default","site-content-style":"default","site-sidebar-style":"default","ast-global-header-display":"","ast-banner-title-visibility":"","ast-main-header-display":"","ast-hfb-above-header-display":"","ast-hfb-below-header-display":"","ast-hfb-mobile-header-display":"","site-post-title":"disabled","ast-breadcrumbs-content":"","ast-featured-img":"","footer-sml-layout":"","ast-disable-related-posts":"","theme-transparent-header-meta":"","adv-header-id-meta":"","stick-header-meta":"","header-above-stick-meta":"","header-main-stick-meta":"","header-below-stick-meta":"","astra-migrate-meta-layouts":"set","ast-page-background-enabled":"default","ast-page-background-meta":{"desktop":{"background-color":"var(--ast-global-color-4)","background-image":"","background-repeat":"repeat","background-position":"center center","background-size":"auto","background-attachment":"scroll","background-type":"","background-media":"","overlay-type":"","overlay-color":"","overlay-opacity":"","overlay-gradient":""},"tablet":{"background-color":"","background-image":"","background-repeat":"repeat","background-position":"center center","background-size":"auto","background-attachment":"scroll","background-type":"","background-media":"","overlay-type":"","overlay-color":"","overlay-opacity":"","overlay-gradient":""},"mobile":{"background-color":"","background-image":"","background-repeat":"repeat","background-position":"center center","background-size":"auto","background-attachment":"scroll","background-type":"","background-media":"","overlay-type":"","overlay-color":"","overlay-opacity":"","overlay-gradient":""}},"ast-content-background-meta":{"desktop":{"background-color":"var(--ast-global-color-5)","background-image":"","background-repeat":"repeat","background-position":"center center","background-size":"auto","background-attachment":"scroll","background-type":"","background-media":"","overlay-type":"","overlay-color":"","overlay-opacity":"","overlay-gradient":""},"tablet":{"background-color":"var(--ast-global-color-5)","background-image":"","background-repeat":"repeat","background-position":"center center","background-size":"auto","background-attachment":"scroll","background-type":"","background-media":"","overlay-type":"","overlay-color":"","overlay-opacity":"","overlay-gradient":""},"mobile":{"background-color":"var(--ast-global-color-5)","background-image":"","background-repeat":"repeat","background-position":"center center","background-size":"auto","background-attachment":"scroll","background-type":"","background-media":"","overlay-type":"","overlay-color":"","overlay-opacity":"","overlay-gradient":""}},"footnotes":""},"class_list":["post-3139","page","type-page","status-publish","has-post-thumbnail","hentry"],"acf":[],"yoast_head":"<!-- This site is optimized with the Yoast SEO plugin v26.8 - https:\/\/yoast.com\/product\/yoast-seo-wordpress\/ -->\n<title>Nuestro Comisario | Acceso a Georgia<\/title>\n<meta name=\"description\" content=\"John F. King fue juramentado como Comisionado de Seguros y Seguridad de Georgia por el gobernador Brian Kemp el 1 de julio de 2019, convirti\u00e9ndose en el primer funcionario estatal hispano en la historia del estado.\" \/>\n<meta name=\"robots\" content=\"index, follow, max-snippet:-1, max-image-preview:large, max-video-preview:-1\" \/>\n<link rel=\"canonical\" href=\"https:\/\/georgiaaccess.gov\/es\/nuestro-comisionado\/\" \/>\n<meta property=\"og:locale\" content=\"es_ES\" \/>\n<meta property=\"og:type\" content=\"article\" \/>\n<meta property=\"og:title\" content=\"Comisionado John F. King | Acceso a Georgia\" \/>\n<meta property=\"og:description\" content=\"John F. King fue juramentado como Comisionado de Seguros y Seguridad de Georgia por el gobernador Brian Kemp el 1 de julio de 2019, convirti\u00e9ndose en el primer funcionario estatal hispano en la historia del estado.\" \/>\n<meta property=\"og:url\" content=\"https:\/\/georgiaaccess.gov\/es\/nuestro-comisionado\/\" \/>\n<meta property=\"og:site_name\" content=\"Georgia Access\" \/>\n<meta property=\"article:modified_time\" content=\"2025-09-29T13:09:12+00:00\" \/>\n<meta property=\"og:image\" content=\"https:\/\/georgiaaccess.gov\/wp-content\/uploads\/2025\/09\/about-georgia-access-header-scaled.jpg\" \/>\n\t<meta property=\"og:image:width\" content=\"2560\" \/>\n\t<meta property=\"og:image:height\" content=\"356\" \/>\n\t<meta property=\"og:image:type\" content=\"image\/jpeg\" \/>\n<meta name=\"twitter:card\" content=\"summary_large_image\" \/>\n<meta name=\"twitter:label1\" content=\"Tiempo de lectura\" \/>\n\t<meta name=\"twitter:data1\" content=\"4 minutos\" \/>\n<script type=\"application\/ld+json\" class=\"yoast-schema-graph\">{\"@context\":\"https:\/\/schema.org\",\"@graph\":[{\"@type\":\"WebPage\",\"@id\":\"https:\/\/georgiaaccess.gov\/es\/nuestro-comisionado\/\",\"url\":\"https:\/\/georgiaaccess.gov\/es\/nuestro-comisionado\/\",\"name\":\"Nuestro Comisario | Acceso a Georgia\",\"isPartOf\":{\"@id\":\"https:\/\/georgiaaccess.gov\/es\/#website\"},\"primaryImageOfPage\":{\"@id\":\"https:\/\/georgiaaccess.gov\/es\/nuestro-comisionado\/#primaryimage\"},\"image\":{\"@id\":\"https:\/\/georgiaaccess.gov\/es\/nuestro-comisionado\/#primaryimage\"},\"thumbnailUrl\":\"https:\/\/georgiaaccess.gov\/wp-content\/uploads\/2025\/09\/about-georgia-access-header-scaled.jpg\",\"datePublished\":\"2023-10-17T01:39:42+00:00\",\"dateModified\":\"2025-09-29T13:09:12+00:00\",\"description\":\"John F. King fue juramentado como Comisionado de Seguros y Seguridad de Georgia por el gobernador Brian Kemp el 1 de julio de 2019, convirti\u00e9ndose en el primer funcionario estatal hispano en la historia del estado.\",\"breadcrumb\":{\"@id\":\"https:\/\/georgiaaccess.gov\/es\/nuestro-comisionado\/#breadcrumb\"},\"inLanguage\":\"es\",\"potentialAction\":[{\"@type\":\"ReadAction\",\"target\":[\"https:\/\/georgiaaccess.gov\/es\/nuestro-comisionado\/\"]}]},{\"@type\":\"ImageObject\",\"inLanguage\":\"es\",\"@id\":\"https:\/\/georgiaaccess.gov\/es\/nuestro-comisionado\/#primaryimage\",\"url\":\"https:\/\/georgiaaccess.gov\/wp-content\/uploads\/2025\/09\/about-georgia-access-header-scaled.jpg\",\"contentUrl\":\"https:\/\/georgiaaccess.gov\/wp-content\/uploads\/2025\/09\/about-georgia-access-header-scaled.jpg\",\"width\":2560,\"height\":356,\"caption\":\"Two men smiling.\"},{\"@type\":\"BreadcrumbList\",\"@id\":\"https:\/\/georgiaaccess.gov\/es\/nuestro-comisionado\/#breadcrumb\",\"itemListElement\":[{\"@type\":\"ListItem\",\"position\":1,\"name\":\"Home\",\"item\":\"https:\/\/georgiaaccess.gov\/es\/\"},{\"@type\":\"ListItem\",\"position\":2,\"name\":\"Nuestro Comisionado\"}]},{\"@type\":\"WebSite\",\"@id\":\"https:\/\/georgiaaccess.gov\/es\/#website\",\"url\":\"https:\/\/georgiaaccess.gov\/es\/\",\"name\":\"Georgia Access\",\"description\":\"\",\"publisher\":{\"@id\":\"https:\/\/georgiaaccess.gov\/es\/#organization\"},\"potentialAction\":[{\"@type\":\"SearchAction\",\"target\":{\"@type\":\"EntryPoint\",\"urlTemplate\":\"https:\/\/georgiaaccess.gov\/es\/?s={search_term_string}\"},\"query-input\":{\"@type\":\"PropertyValueSpecification\",\"valueRequired\":true,\"valueName\":\"search_term_string\"}}],\"inLanguage\":\"es\"},{\"@type\":\"Organization\",\"@id\":\"https:\/\/georgiaaccess.gov\/es\/#organization\",\"name\":\"Georgia Access\",\"url\":\"https:\/\/georgiaaccess.gov\/es\/\",\"logo\":{\"@type\":\"ImageObject\",\"inLanguage\":\"es\",\"@id\":\"https:\/\/georgiaaccess.gov\/es\/#\/schema\/logo\/image\/\",\"url\":\"https:\/\/georgiaaccess.gov\/wp-content\/uploads\/2022\/10\/georgia-access-logo-stacked.svg\",\"contentUrl\":\"https:\/\/georgiaaccess.gov\/wp-content\/uploads\/2022\/10\/georgia-access-logo-stacked.svg\",\"width\":180,\"height\":56,\"caption\":\"Georgia Access\"},\"image\":{\"@id\":\"https:\/\/georgiaaccess.gov\/es\/#\/schema\/logo\/image\/\"}}]}<\/script>\n<!-- \/ Yoast SEO plugin. -->","yoast_head_json":{"title":"Nuestro Comisario | Acceso a Georgia","description":"John F. King fue juramentado como Comisionado de Seguros y Seguridad de Georgia por el gobernador Brian Kemp el 1 de julio de 2019, convirti\u00e9ndose en el primer funcionario estatal hispano en la historia del estado.","robots":{"index":"index","follow":"follow","max-snippet":"max-snippet:-1","max-image-preview":"max-image-preview:large","max-video-preview":"max-video-preview:-1"},"canonical":"https:\/\/georgiaaccess.gov\/es\/nuestro-comisionado\/","og_locale":"es_ES","og_type":"article","og_title":"Comisionado John F. King | Acceso a Georgia","og_description":"John F. King fue juramentado como Comisionado de Seguros y Seguridad de Georgia por el gobernador Brian Kemp el 1 de julio de 2019, convirti\u00e9ndose en el primer funcionario estatal hispano en la historia del estado.","og_url":"https:\/\/georgiaaccess.gov\/es\/nuestro-comisionado\/","og_site_name":"Georgia Access","article_modified_time":"2025-09-29T13:09:12+00:00","og_image":[{"width":2560,"height":356,"url":"https:\/\/georgiaaccess.gov\/wp-content\/uploads\/2025\/09\/about-georgia-access-header-scaled.jpg","type":"image\/jpeg"}],"twitter_card":"summary_large_image","twitter_misc":{"Tiempo de lectura":"4 minutos"},"schema":{"@context":"https:\/\/schema.org","@graph":[{"@type":"WebPage","@id":"https:\/\/georgiaaccess.gov\/es\/nuestro-comisionado\/","url":"https:\/\/georgiaaccess.gov\/es\/nuestro-comisionado\/","name":"Nuestro Comisario | Acceso a Georgia","isPartOf":{"@id":"https:\/\/georgiaaccess.gov\/es\/#website"},"primaryImageOfPage":{"@id":"https:\/\/georgiaaccess.gov\/es\/nuestro-comisionado\/#primaryimage"},"image":{"@id":"https:\/\/georgiaaccess.gov\/es\/nuestro-comisionado\/#primaryimage"},"thumbnailUrl":"https:\/\/georgiaaccess.gov\/wp-content\/uploads\/2025\/09\/about-georgia-access-header-scaled.jpg","datePublished":"2023-10-17T01:39:42+00:00","dateModified":"2025-09-29T13:09:12+00:00","description":"John F. King fue juramentado como Comisionado de Seguros y Seguridad de Georgia por el gobernador Brian Kemp el 1 de julio de 2019, convirti\u00e9ndose en el primer funcionario estatal hispano en la historia del estado.","breadcrumb":{"@id":"https:\/\/georgiaaccess.gov\/es\/nuestro-comisionado\/#breadcrumb"},"inLanguage":"es","potentialAction":[{"@type":"ReadAction","target":["https:\/\/georgiaaccess.gov\/es\/nuestro-comisionado\/"]}]},{"@type":"ImageObject","inLanguage":"es","@id":"https:\/\/georgiaaccess.gov\/es\/nuestro-comisionado\/#primaryimage","url":"https:\/\/georgiaaccess.gov\/wp-content\/uploads\/2025\/09\/about-georgia-access-header-scaled.jpg","contentUrl":"https:\/\/georgiaaccess.gov\/wp-content\/uploads\/2025\/09\/about-georgia-access-header-scaled.jpg","width":2560,"height":356,"caption":"Two men smiling."},{"@type":"BreadcrumbList","@id":"https:\/\/georgiaaccess.gov\/es\/nuestro-comisionado\/#breadcrumb","itemListElement":[{"@type":"ListItem","position":1,"name":"Home","item":"https:\/\/georgiaaccess.gov\/es\/"},{"@type":"ListItem","position":2,"name":"Nuestro Comisionado"}]},{"@type":"WebSite","@id":"https:\/\/georgiaaccess.gov\/es\/#website","url":"https:\/\/georgiaaccess.gov\/es\/","name":"Georgia Access","description":"","publisher":{"@id":"https:\/\/georgiaaccess.gov\/es\/#organization"},"potentialAction":[{"@type":"SearchAction","target":{"@type":"EntryPoint","urlTemplate":"https:\/\/georgiaaccess.gov\/es\/?s={search_term_string}"},"query-input":{"@type":"PropertyValueSpecification","valueRequired":true,"valueName":"search_term_string"}}],"inLanguage":"es"},{"@type":"Organization","@id":"https:\/\/georgiaaccess.gov\/es\/#organization","name":"Georgia Access","url":"https:\/\/georgiaaccess.gov\/es\/","logo":{"@type":"ImageObject","inLanguage":"es","@id":"https:\/\/georgiaaccess.gov\/es\/#\/schema\/logo\/image\/","url":"https:\/\/georgiaaccess.gov\/wp-content\/uploads\/2022\/10\/georgia-access-logo-stacked.svg","contentUrl":"https:\/\/georgiaaccess.gov\/wp-content\/uploads\/2022\/10\/georgia-access-logo-stacked.svg","width":180,"height":56,"caption":"Georgia Access"},"image":{"@id":"https:\/\/georgiaaccess.gov\/es\/#\/schema\/logo\/image\/"}}]}},"uagb_featured_image_src":{"full":["https:\/\/georgiaaccess.gov\/wp-content\/uploads\/2025\/09\/about-georgia-access-header-scaled.jpg",2560,356,false],"thumbnail":["https:\/\/georgiaaccess.gov\/wp-content\/uploads\/2025\/09\/about-georgia-access-header-150x150.jpg",150,150,true],"medium":["https:\/\/georgiaaccess.gov\/wp-content\/uploads\/2025\/09\/about-georgia-access-header-300x42.jpg",300,42,true],"medium_large":["https:\/\/georgiaaccess.gov\/wp-content\/uploads\/2025\/09\/about-georgia-access-header-768x107.jpg",768,107,true],"large":["https:\/\/georgiaaccess.gov\/wp-content\/uploads\/2025\/09\/about-georgia-access-header-1024x142.jpg",1024,142,true],"1536x1536":["https:\/\/georgiaaccess.gov\/wp-content\/uploads\/2025\/09\/about-georgia-access-header-1536x213.jpg",1536,213,true],"2048x2048":["https:\/\/georgiaaccess.gov\/wp-content\/uploads\/2025\/09\/about-georgia-access-header-2048x284.jpg",2048,284,true]},"uagb_author_info":{"display_name":"tsolomon","author_link":"https:\/\/georgiaaccess.gov\/es\/author\/tsolomon\/"},"uagb_comment_info":0,"uagb_excerpt":"Nuestro Comisionado John F. Rey Comisionado de Seguros y Seguridad contra Incendios de Georigia John F. King fue juramentado como Comisionado de Seguros y Seguridad de Georgia por el gobernador Brian Kemp el 1 de julio de 2019, convirti\u00e9ndose en el primer funcionario estatal hispano en la historia del estado. Fue elegido para un mandato&hellip;","_links":{"self":[{"href":"https:\/\/georgiaaccess.gov\/es\/wp-json\/wp\/v2\/pages\/3139","targetHints":{"allow":["GET"]}}],"collection":[{"href":"https:\/\/georgiaaccess.gov\/es\/wp-json\/wp\/v2\/pages"}],"about":[{"href":"https:\/\/georgiaaccess.gov\/es\/wp-json\/wp\/v2\/types\/page"}],"author":[{"embeddable":true,"href":"https:\/\/georgiaaccess.gov\/es\/wp-json\/wp\/v2\/users\/15"}],"replies":[{"embeddable":true,"href":"https:\/\/georgiaaccess.gov\/es\/wp-json\/wp\/v2\/comments?post=3139"}],"version-history":[{"count":8,"href":"https:\/\/georgiaaccess.gov\/es\/wp-json\/wp\/v2\/pages\/3139\/revisions"}],"predecessor-version":[{"id":8595,"href":"https:\/\/georgiaaccess.gov\/es\/wp-json\/wp\/v2\/pages\/3139\/revisions\/8595"}],"wp:featuredmedia":[{"embeddable":true,"href":"https:\/\/georgiaaccess.gov\/es\/wp-json\/wp\/v2\/media\/6611"}],"wp:attachment":[{"href":"https:\/\/georgiaaccess.gov\/es\/wp-json\/wp\/v2\/media?parent=3139"}],"curies":[{"name":"wp","href":"https:\/\/api.w.org\/{rel}","templated":true}]}}