{"id":3138,"date":"2023-10-17T20:46:22","date_gmt":"2023-10-18T00:46:22","guid":{"rendered":"https:\/\/georgiaaccess.gov\/inscribase-a-traves-del-portal-del-consumidor-de-georgia-access\/"},"modified":"2025-09-30T20:03:02","modified_gmt":"2025-10-01T00:03:02","slug":"inscribase-a-traves-del-portal-del-consumidor-de-georgia-access","status":"publish","type":"page","link":"https:\/\/georgiaaccess.gov\/es\/explore-las-opciones-de-inscripcion\/inscribase-a-traves-del-portal-del-consumidor-de-georgia-access\/","title":{"rendered":"Inscr\u00edbase a trav\u00e9s del Portal del Consumidor de Georgia Access"},"content":{"rendered":"\n<p>El portal del consumidor de Georgia Access proporciona a los georgianos los recursos y la informaci\u00f3n que necesitan para comprar e inscribirse en un seguro de salud de alta calidad, integral y asequible. Si desea inscribirse en l\u00ednea y tiene un buen conocimiento de los diferentes tipos de planes y asistencia financiera disponibles, usar el portal del consumidor del estado puede ser una buena opci\u00f3n. <\/p>\n\n\n\n<div class=\"wp-block-uagb-buttons uagb-buttons__outer-wrap uagb-btn__default-btn uagb-btn-tablet__default-btn uagb-btn-mobile__default-btn uagb-block-cf889f69\"><div class=\"uagb-buttons__wrap uagb-buttons-layout-wrap \">\n<div class=\"wp-block-uagb-buttons-child uagb-buttons__outer-wrap uagb-block-729f229b wp-block-button secondary-cta-button\"><div class=\"uagb-button__wrapper\"><a class=\"uagb-buttons-repeater wp-block-button__link\" aria-label=\"\" href=\"https:\/\/enroll.georgiaaccess.gov\/hix\/\" rel=\"follow noopener\" target=\"_blank\" role=\"button\"><div class=\"uagb-button__link\">Inscr\u00edbete ahora<\/div><span class=\"uagb-button__icon uagb-button__icon-position-after\"><svg xmlns=\"https:\/\/www.w3.org\/2000\/svg\" viewBox=\"0 0 448 512\" aria-hidden=\"true\" focussable=\"false\"><path d=\"M256 64C256 46.33 270.3 32 288 32H415.1C415.1 32 415.1 32 415.1 32C420.3 32 424.5 32.86 428.2 34.43C431.1 35.98 435.5 38.27 438.6 41.3C438.6 41.35 438.6 41.4 438.7 41.44C444.9 47.66 447.1 55.78 448 63.9C448 63.94 448 63.97 448 64V192C448 209.7 433.7 224 416 224C398.3 224 384 209.7 384 192V141.3L214.6 310.6C202.1 323.1 181.9 323.1 169.4 310.6C156.9 298.1 156.9 277.9 169.4 265.4L338.7 96H288C270.3 96 256 81.67 256 64V64zM0 128C0 92.65 28.65 64 64 64H160C177.7 64 192 78.33 192 96C192 113.7 177.7 128 160 128H64V416H352V320C352 302.3 366.3 288 384 288C401.7 288 416 302.3 416 320V416C416 451.3 387.3 480 352 480H64C28.65 480 0 451.3 0 416V128z\"><\/path><\/svg><\/span><\/a><\/div><\/div>\n<\/div><\/div>\n\n\n\n<div style=\"height:520px\" aria-hidden=\"true\" class=\"wp-block-spacer\"><\/div>\n\n\n\n<div class=\"wp-block-uagb-container uagb-block-98a7e2ea alignfull uagb-is-root-container\"><div class=\"uagb-container-inner-blocks-wrap\">\n<div class=\"wp-block-uagb-container uagb-block-7078ec9d\">\n<div class=\"wp-block-uagb-image uagb-block-80f58a30 wp-block-uagb-image--layout-default wp-block-uagb-image--effect-static wp-block-uagb-image--align-none\"><figure class=\"wp-block-uagb-image__figure\"><img decoding=\"async\" srcset=\"https:\/\/georgiaaccess.gov\/wp-content\/uploads\/2025\/09\/Enrollment.svg ,https:\/\/georgiaaccess.gov\/wp-content\/uploads\/2025\/09\/Enrollment.svg 780w, https:\/\/georgiaaccess.gov\/wp-content\/uploads\/2025\/09\/Enrollment.svg 360w\" sizes=\"auto, (max-width: 480px) 150px\" src=\"https:\/\/georgiaaccess.gov\/wp-content\/uploads\/2025\/09\/Enrollment.svg\" alt=\"\" class=\"uag-image-6626\" width=\"270\" height=\"271\" title=\"Enrollment\" loading=\"lazy\" role=\"img\"\/><\/figure><\/div>\n<\/div>\n\n\n\n<div class=\"wp-block-uagb-container uagb-block-2e011272\">\n<div class=\"wp-block-uagb-advanced-heading uagb-block-136059fb\"><h2 class=\"uagb-heading-text\">\u00bfNo est\u00e1 seguro de qu\u00e9 opci\u00f3n de inscripci\u00f3n es la adecuada para usted?<\/h2><\/div>\n\n\n\n<p>Responda algunas preguntas breves para ayudar a determinar el mejor m\u00e9todo para comprar e inscribirse en una cobertura de seguro de salud.<\/p>\n\n\n\n<div class=\"wp-block-uagb-buttons uagb-buttons__outer-wrap uagb-btn__default-btn uagb-btn-tablet__default-btn uagb-btn-mobile__default-btn uagb-block-cdbcfb4d\"><div class=\"uagb-buttons__wrap uagb-buttons-layout-wrap \">\n<div class=\"wp-block-uagb-buttons-child uagb-buttons__outer-wrap uagb-block-9b8cf6dd wp-block-button primary-cta-button\"><div class=\"uagb-button__wrapper\"><a class=\"uagb-buttons-repeater wp-block-button__link\" aria-label=\"\" href=\"\/es\/explore-las-opciones-de-inscripcion\/ayudame-a-elegir-como-inscribirme\/\" rel=\"follow noopener\" target=\"_self\" role=\"button\"><div class=\"uagb-button__link\">Ay\u00fadame a elegir c\u00f3mo inscribirme<\/div><\/a><\/div><\/div>\n<\/div><\/div>\n<\/div>\n<\/div><\/div>\n","protected":false},"excerpt":{"rendered":"<p>El portal del consumidor de Georgia Access proporciona a los georgianos los recursos y la informaci\u00f3n que necesitan para comprar e inscribirse en un seguro de salud de alta calidad, integral y asequible. Si desea inscribirse en l\u00ednea y tiene un buen conocimiento de los diferentes tipos de planes y asistencia financiera disponibles, usar el [&hellip;]<\/p>\n","protected":false},"author":1,"featured_media":0,"parent":8090,"menu_order":0,"comment_status":"closed","ping_status":"closed","template":"sidebar-menu-template.php","meta":{"_acf_changed":false,"inline_featured_image":false,"_uag_custom_page_level_css":"","site-sidebar-layout":"default","site-content-layout":"","ast-site-content-layout":"default","site-content-style":"default","site-sidebar-style":"default","ast-global-header-display":"","ast-banner-title-visibility":"","ast-main-header-display":"","ast-hfb-above-header-display":"","ast-hfb-below-header-display":"","ast-hfb-mobile-header-display":"","site-post-title":"","ast-breadcrumbs-content":"","ast-featured-img":"","footer-sml-layout":"","ast-disable-related-posts":"","theme-transparent-header-meta":"","adv-header-id-meta":"","stick-header-meta":"","header-above-stick-meta":"","header-main-stick-meta":"","header-below-stick-meta":"","astra-migrate-meta-layouts":"set","ast-page-background-enabled":"default","ast-page-background-meta":{"desktop":{"background-color":"var(--ast-global-color-4)","background-image":"","background-repeat":"repeat","background-position":"center center","background-size":"auto","background-attachment":"scroll","background-type":"","background-media":"","overlay-type":"","overlay-color":"","overlay-opacity":"","overlay-gradient":""},"tablet":{"background-color":"","background-image":"","background-repeat":"repeat","background-position":"center center","background-size":"auto","background-attachment":"scroll","background-type":"","background-media":"","overlay-type":"","overlay-color":"","overlay-opacity":"","overlay-gradient":""},"mobile":{"background-color":"","background-image":"","background-repeat":"repeat","background-position":"center center","background-size":"auto","background-attachment":"scroll","background-type":"","background-media":"","overlay-type":"","overlay-color":"","overlay-opacity":"","overlay-gradient":""}},"ast-content-background-meta":{"desktop":{"background-color":"var(--ast-global-color-5)","background-image":"","background-repeat":"repeat","background-position":"center center","background-size":"auto","background-attachment":"scroll","background-type":"","background-media":"","overlay-type":"","overlay-color":"","overlay-opacity":"","overlay-gradient":""},"tablet":{"background-color":"var(--ast-global-color-5)","background-image":"","background-repeat":"repeat","background-position":"center center","background-size":"auto","background-attachment":"scroll","background-type":"","background-media":"","overlay-type":"","overlay-color":"","overlay-opacity":"","overlay-gradient":""},"mobile":{"background-color":"var(--ast-global-color-5)","background-image":"","background-repeat":"repeat","background-position":"center center","background-size":"auto","background-attachment":"scroll","background-type":"","background-media":"","overlay-type":"","overlay-color":"","overlay-opacity":"","overlay-gradient":""}},"footnotes":""},"class_list":["post-3138","page","type-page","status-publish","hentry"],"acf":[],"yoast_head":"<!-- This site is optimized with the Yoast SEO plugin v26.8 - https:\/\/yoast.com\/product\/yoast-seo-wordpress\/ -->\n<title>Portal del consumidor de Georgia Access | Inscr\u00edbete en un seguro de salud<\/title>\n<meta name=\"description\" content=\"Inscr\u00edbase f\u00e1cilmente en un seguro de salud asequible a trav\u00e9s del Portal del Consumidor de Georgia Access. Encuentre diferentes tipos de cobertura y obtenga cobertura en l\u00ednea.\" \/>\n<meta name=\"robots\" content=\"index, follow, max-snippet:-1, max-image-preview:large, max-video-preview:-1\" \/>\n<link rel=\"canonical\" href=\"https:\/\/georgiaaccess.gov\/es\/explore-las-opciones-de-inscripcion\/inscribase-a-traves-del-portal-del-consumidor-de-georgia-access\/\" \/>\n<meta property=\"og:locale\" content=\"es_ES\" \/>\n<meta property=\"og:type\" content=\"article\" \/>\n<meta property=\"og:title\" content=\"Portal del consumidor de Georgia Access | Inscr\u00edbete en un seguro de salud\" \/>\n<meta property=\"og:description\" content=\"Inscr\u00edbase f\u00e1cilmente en un seguro de salud asequible a trav\u00e9s del Portal del Consumidor de Georgia Access. Encuentre diferentes tipos de cobertura y obtenga cobertura en l\u00ednea.\" \/>\n<meta property=\"og:url\" content=\"https:\/\/georgiaaccess.gov\/es\/explore-las-opciones-de-inscripcion\/inscribase-a-traves-del-portal-del-consumidor-de-georgia-access\/\" \/>\n<meta property=\"og:site_name\" content=\"Georgia Access\" \/>\n<meta property=\"article:modified_time\" content=\"2025-10-01T00:03:02+00:00\" \/>\n<meta name=\"twitter:card\" content=\"summary_large_image\" \/>\n<meta name=\"twitter:label1\" content=\"Tiempo de lectura\" \/>\n\t<meta name=\"twitter:data1\" content=\"1 minuto\" \/>\n<script type=\"application\/ld+json\" class=\"yoast-schema-graph\">{\"@context\":\"https:\/\/schema.org\",\"@graph\":[{\"@type\":\"WebPage\",\"@id\":\"https:\/\/georgiaaccess.gov\/es\/explore-las-opciones-de-inscripcion\/inscribase-a-traves-del-portal-del-consumidor-de-georgia-access\/\",\"url\":\"https:\/\/georgiaaccess.gov\/es\/explore-las-opciones-de-inscripcion\/inscribase-a-traves-del-portal-del-consumidor-de-georgia-access\/\",\"name\":\"Portal del consumidor de Georgia Access | Inscr\u00edbete en un seguro de salud\",\"isPartOf\":{\"@id\":\"https:\/\/georgiaaccess.gov\/es\/#website\"},\"datePublished\":\"2023-10-18T00:46:22+00:00\",\"dateModified\":\"2025-10-01T00:03:02+00:00\",\"description\":\"Inscr\u00edbase f\u00e1cilmente en un seguro de salud asequible a trav\u00e9s del Portal del Consumidor de Georgia Access. Encuentre diferentes tipos de cobertura y obtenga cobertura en l\u00ednea.\",\"breadcrumb\":{\"@id\":\"https:\/\/georgiaaccess.gov\/es\/explore-las-opciones-de-inscripcion\/inscribase-a-traves-del-portal-del-consumidor-de-georgia-access\/#breadcrumb\"},\"inLanguage\":\"es\",\"potentialAction\":[{\"@type\":\"ReadAction\",\"target\":[\"https:\/\/georgiaaccess.gov\/es\/explore-las-opciones-de-inscripcion\/inscribase-a-traves-del-portal-del-consumidor-de-georgia-access\/\"]}]},{\"@type\":\"BreadcrumbList\",\"@id\":\"https:\/\/georgiaaccess.gov\/es\/explore-las-opciones-de-inscripcion\/inscribase-a-traves-del-portal-del-consumidor-de-georgia-access\/#breadcrumb\",\"itemListElement\":[{\"@type\":\"ListItem\",\"position\":1,\"name\":\"Home\",\"item\":\"https:\/\/georgiaaccess.gov\/es\/\"},{\"@type\":\"ListItem\",\"position\":2,\"name\":\"Explore las opciones de inscripci\u00f3n\",\"item\":\"https:\/\/georgiaaccess.gov\/es\/explore-las-opciones-de-inscripcion\/\"},{\"@type\":\"ListItem\",\"position\":3,\"name\":\"Inscr\u00edbase a trav\u00e9s del Portal del Consumidor de Georgia Access\"}]},{\"@type\":\"WebSite\",\"@id\":\"https:\/\/georgiaaccess.gov\/es\/#website\",\"url\":\"https:\/\/georgiaaccess.gov\/es\/\",\"name\":\"Georgia Access\",\"description\":\"\",\"publisher\":{\"@id\":\"https:\/\/georgiaaccess.gov\/es\/#organization\"},\"potentialAction\":[{\"@type\":\"SearchAction\",\"target\":{\"@type\":\"EntryPoint\",\"urlTemplate\":\"https:\/\/georgiaaccess.gov\/es\/?s={search_term_string}\"},\"query-input\":{\"@type\":\"PropertyValueSpecification\",\"valueRequired\":true,\"valueName\":\"search_term_string\"}}],\"inLanguage\":\"es\"},{\"@type\":\"Organization\",\"@id\":\"https:\/\/georgiaaccess.gov\/es\/#organization\",\"name\":\"Georgia Access\",\"url\":\"https:\/\/georgiaaccess.gov\/es\/\",\"logo\":{\"@type\":\"ImageObject\",\"inLanguage\":\"es\",\"@id\":\"https:\/\/georgiaaccess.gov\/es\/#\/schema\/logo\/image\/\",\"url\":\"https:\/\/georgiaaccess.gov\/wp-content\/uploads\/2022\/10\/georgia-access-logo-stacked.svg\",\"contentUrl\":\"https:\/\/georgiaaccess.gov\/wp-content\/uploads\/2022\/10\/georgia-access-logo-stacked.svg\",\"width\":180,\"height\":56,\"caption\":\"Georgia Access\"},\"image\":{\"@id\":\"https:\/\/georgiaaccess.gov\/es\/#\/schema\/logo\/image\/\"}}]}<\/script>\n<!-- \/ Yoast SEO plugin. -->","yoast_head_json":{"title":"Portal del consumidor de Georgia Access | Inscr\u00edbete en un seguro de salud","description":"Inscr\u00edbase f\u00e1cilmente en un seguro de salud asequible a trav\u00e9s del Portal del Consumidor de Georgia Access. Encuentre diferentes tipos de cobertura y obtenga cobertura en l\u00ednea.","robots":{"index":"index","follow":"follow","max-snippet":"max-snippet:-1","max-image-preview":"max-image-preview:large","max-video-preview":"max-video-preview:-1"},"canonical":"https:\/\/georgiaaccess.gov\/es\/explore-las-opciones-de-inscripcion\/inscribase-a-traves-del-portal-del-consumidor-de-georgia-access\/","og_locale":"es_ES","og_type":"article","og_title":"Portal del consumidor de Georgia Access | Inscr\u00edbete en un seguro de salud","og_description":"Inscr\u00edbase f\u00e1cilmente en un seguro de salud asequible a trav\u00e9s del Portal del Consumidor de Georgia Access. Encuentre diferentes tipos de cobertura y obtenga cobertura en l\u00ednea.","og_url":"https:\/\/georgiaaccess.gov\/es\/explore-las-opciones-de-inscripcion\/inscribase-a-traves-del-portal-del-consumidor-de-georgia-access\/","og_site_name":"Georgia Access","article_modified_time":"2025-10-01T00:03:02+00:00","twitter_card":"summary_large_image","twitter_misc":{"Tiempo de lectura":"1 minuto"},"schema":{"@context":"https:\/\/schema.org","@graph":[{"@type":"WebPage","@id":"https:\/\/georgiaaccess.gov\/es\/explore-las-opciones-de-inscripcion\/inscribase-a-traves-del-portal-del-consumidor-de-georgia-access\/","url":"https:\/\/georgiaaccess.gov\/es\/explore-las-opciones-de-inscripcion\/inscribase-a-traves-del-portal-del-consumidor-de-georgia-access\/","name":"Portal del consumidor de Georgia Access | Inscr\u00edbete en un seguro de salud","isPartOf":{"@id":"https:\/\/georgiaaccess.gov\/es\/#website"},"datePublished":"2023-10-18T00:46:22+00:00","dateModified":"2025-10-01T00:03:02+00:00","description":"Inscr\u00edbase f\u00e1cilmente en un seguro de salud asequible a trav\u00e9s del Portal del Consumidor de Georgia Access. Encuentre diferentes tipos de cobertura y obtenga cobertura en l\u00ednea.","breadcrumb":{"@id":"https:\/\/georgiaaccess.gov\/es\/explore-las-opciones-de-inscripcion\/inscribase-a-traves-del-portal-del-consumidor-de-georgia-access\/#breadcrumb"},"inLanguage":"es","potentialAction":[{"@type":"ReadAction","target":["https:\/\/georgiaaccess.gov\/es\/explore-las-opciones-de-inscripcion\/inscribase-a-traves-del-portal-del-consumidor-de-georgia-access\/"]}]},{"@type":"BreadcrumbList","@id":"https:\/\/georgiaaccess.gov\/es\/explore-las-opciones-de-inscripcion\/inscribase-a-traves-del-portal-del-consumidor-de-georgia-access\/#breadcrumb","itemListElement":[{"@type":"ListItem","position":1,"name":"Home","item":"https:\/\/georgiaaccess.gov\/es\/"},{"@type":"ListItem","position":2,"name":"Explore las opciones de inscripci\u00f3n","item":"https:\/\/georgiaaccess.gov\/es\/explore-las-opciones-de-inscripcion\/"},{"@type":"ListItem","position":3,"name":"Inscr\u00edbase a trav\u00e9s del Portal del Consumidor de Georgia Access"}]},{"@type":"WebSite","@id":"https:\/\/georgiaaccess.gov\/es\/#website","url":"https:\/\/georgiaaccess.gov\/es\/","name":"Georgia Access","description":"","publisher":{"@id":"https:\/\/georgiaaccess.gov\/es\/#organization"},"potentialAction":[{"@type":"SearchAction","target":{"@type":"EntryPoint","urlTemplate":"https:\/\/georgiaaccess.gov\/es\/?s={search_term_string}"},"query-input":{"@type":"PropertyValueSpecification","valueRequired":true,"valueName":"search_term_string"}}],"inLanguage":"es"},{"@type":"Organization","@id":"https:\/\/georgiaaccess.gov\/es\/#organization","name":"Georgia Access","url":"https:\/\/georgiaaccess.gov\/es\/","logo":{"@type":"ImageObject","inLanguage":"es","@id":"https:\/\/georgiaaccess.gov\/es\/#\/schema\/logo\/image\/","url":"https:\/\/georgiaaccess.gov\/wp-content\/uploads\/2022\/10\/georgia-access-logo-stacked.svg","contentUrl":"https:\/\/georgiaaccess.gov\/wp-content\/uploads\/2022\/10\/georgia-access-logo-stacked.svg","width":180,"height":56,"caption":"Georgia Access"},"image":{"@id":"https:\/\/georgiaaccess.gov\/es\/#\/schema\/logo\/image\/"}}]}},"uagb_featured_image_src":{"full":false,"thumbnail":false,"medium":false,"medium_large":false,"large":false,"1536x1536":false,"2048x2048":false},"uagb_author_info":{"display_name":"notadmin","author_link":"https:\/\/georgiaaccess.gov\/es\/author\/notadmin\/"},"uagb_comment_info":0,"uagb_excerpt":"El portal del consumidor de Georgia Access proporciona a los georgianos los recursos y la informaci\u00f3n que necesitan para comprar e inscribirse en un seguro de salud de alta calidad, integral y asequible. Si desea inscribirse en l\u00ednea y tiene un buen conocimiento de los diferentes tipos de planes y asistencia financiera disponibles, usar el&hellip;","_links":{"self":[{"href":"https:\/\/georgiaaccess.gov\/es\/wp-json\/wp\/v2\/pages\/3138","targetHints":{"allow":["GET"]}}],"collection":[{"href":"https:\/\/georgiaaccess.gov\/es\/wp-json\/wp\/v2\/pages"}],"about":[{"href":"https:\/\/georgiaaccess.gov\/es\/wp-json\/wp\/v2\/types\/page"}],"author":[{"embeddable":true,"href":"https:\/\/georgiaaccess.gov\/es\/wp-json\/wp\/v2\/users\/1"}],"replies":[{"embeddable":true,"href":"https:\/\/georgiaaccess.gov\/es\/wp-json\/wp\/v2\/comments?post=3138"}],"version-history":[{"count":16,"href":"https:\/\/georgiaaccess.gov\/es\/wp-json\/wp\/v2\/pages\/3138\/revisions"}],"predecessor-version":[{"id":8759,"href":"https:\/\/georgiaaccess.gov\/es\/wp-json\/wp\/v2\/pages\/3138\/revisions\/8759"}],"up":[{"embeddable":true,"href":"https:\/\/georgiaaccess.gov\/es\/wp-json\/wp\/v2\/pages\/8090"}],"wp:attachment":[{"href":"https:\/\/georgiaaccess.gov\/es\/wp-json\/wp\/v2\/media?parent=3138"}],"curies":[{"name":"wp","href":"https:\/\/api.w.org\/{rel}","templated":true}]}}