{"id":3135,"date":"2023-10-17T14:57:05","date_gmt":"2023-10-17T18:57:05","guid":{"rendered":"https:\/\/georgiaaccess.gov\/obtenga-ayuda-para-elegir-la-mejor-opcion-para-usted\/"},"modified":"2025-09-26T22:00:49","modified_gmt":"2025-09-27T02:00:49","slug":"ayudame-a-elegir-como-inscribirme","status":"publish","type":"page","link":"https:\/\/georgiaaccess.gov\/es\/explore-las-opciones-de-inscripcion\/ayudame-a-elegir-como-inscribirme\/","title":{"rendered":"Ay\u00fadame a elegir c\u00f3mo inscribirme"},"content":{"rendered":"\n<h1 class=\"wp-block-heading\">Ay\u00fadame a elegir c\u00f3mo inscribirme<\/h1>\n\n\n\n<p>Responda algunas preguntas breves para ayudar a determinar el mejor m\u00e9todo para comprar e inscribirse en la cobertura de seguro m\u00e9dico. Independientemente de c\u00f3mo elija solicitar e inscribirse en la cobertura de seguro m\u00e9dico, su elegibilidad, asistencia financiera y costos seguir\u00e1n siendo los mismos. <\/p>\n\n\n\n<p><\/p>\n\n\n<script type='text\/javascript'>GAAccessProviderData = []<\/script><div id=\"gah-guided-walkthrough-root\" class=\"original-recipe\"><\/div>\n\n\n<div style=\"height:100px\" aria-hidden=\"true\" class=\"wp-block-spacer uag-hide-mob\"><\/div>\n","protected":false},"excerpt":{"rendered":"<p>Ay\u00fadame a elegir c\u00f3mo inscribirme Responda algunas preguntas breves para ayudar a determinar el mejor m\u00e9todo para comprar e inscribirse en la cobertura de seguro m\u00e9dico. Independientemente de c\u00f3mo elija solicitar e inscribirse en la cobertura de seguro m\u00e9dico, su elegibilidad, asistencia financiera y costos seguir\u00e1n siendo los mismos.<\/p>\n","protected":false},"author":1,"featured_media":0,"parent":8090,"menu_order":0,"comment_status":"closed","ping_status":"closed","template":"sidebar-menu-template.php","meta":{"_acf_changed":false,"inline_featured_image":false,"_uag_custom_page_level_css":"","site-sidebar-layout":"default","site-content-layout":"","ast-site-content-layout":"default","site-content-style":"default","site-sidebar-style":"default","ast-global-header-display":"","ast-banner-title-visibility":"","ast-main-header-display":"","ast-hfb-above-header-display":"","ast-hfb-below-header-display":"","ast-hfb-mobile-header-display":"","site-post-title":"disabled","ast-breadcrumbs-content":"","ast-featured-img":"","footer-sml-layout":"","ast-disable-related-posts":"","theme-transparent-header-meta":"","adv-header-id-meta":"","stick-header-meta":"","header-above-stick-meta":"","header-main-stick-meta":"","header-below-stick-meta":"","astra-migrate-meta-layouts":"set","ast-page-background-enabled":"default","ast-page-background-meta":{"desktop":{"background-color":"var(--ast-global-color-4)","background-image":"","background-repeat":"repeat","background-position":"center center","background-size":"auto","background-attachment":"scroll","background-type":"","background-media":"","overlay-type":"","overlay-color":"","overlay-opacity":"","overlay-gradient":""},"tablet":{"background-color":"","background-image":"","background-repeat":"repeat","background-position":"center center","background-size":"auto","background-attachment":"scroll","background-type":"","background-media":"","overlay-type":"","overlay-color":"","overlay-opacity":"","overlay-gradient":""},"mobile":{"background-color":"","background-image":"","background-repeat":"repeat","background-position":"center center","background-size":"auto","background-attachment":"scroll","background-type":"","background-media":"","overlay-type":"","overlay-color":"","overlay-opacity":"","overlay-gradient":""}},"ast-content-background-meta":{"desktop":{"background-color":"var(--ast-global-color-5)","background-image":"","background-repeat":"repeat","background-position":"center center","background-size":"auto","background-attachment":"scroll","background-type":"","background-media":"","overlay-type":"","overlay-color":"","overlay-opacity":"","overlay-gradient":""},"tablet":{"background-color":"var(--ast-global-color-5)","background-image":"","background-repeat":"repeat","background-position":"center center","background-size":"auto","background-attachment":"scroll","background-type":"","background-media":"","overlay-type":"","overlay-color":"","overlay-opacity":"","overlay-gradient":""},"mobile":{"background-color":"var(--ast-global-color-5)","background-image":"","background-repeat":"repeat","background-position":"center center","background-size":"auto","background-attachment":"scroll","background-type":"","background-media":"","overlay-type":"","overlay-color":"","overlay-opacity":"","overlay-gradient":""}},"footnotes":""},"class_list":["post-3135","page","type-page","status-publish","hentry"],"acf":[],"yoast_head":"<!-- This site is optimized with the Yoast SEO plugin v26.8 - https:\/\/yoast.com\/product\/yoast-seo-wordpress\/ -->\n<title>Ay\u00fadame a elegir c\u00f3mo inscribirme | Acceso a Georgia<\/title>\n<meta name=\"description\" content=\"\u00bfNo est\u00e1 seguro de c\u00f3mo inscribirse en un seguro m\u00e9dico? Georgia Access te ayuda a comparar opciones, elegir cobertura y encontrar apoyo para obtener un seguro de calidad en Georgia.\" \/>\n<meta name=\"robots\" content=\"index, follow, max-snippet:-1, max-image-preview:large, max-video-preview:-1\" \/>\n<link rel=\"canonical\" href=\"https:\/\/georgiaaccess.gov\/es\/explore-las-opciones-de-inscripcion\/ayudame-a-elegir-como-inscribirme\/\" \/>\n<meta property=\"og:locale\" content=\"es_ES\" \/>\n<meta property=\"og:type\" content=\"article\" \/>\n<meta property=\"og:title\" content=\"Obtenga ayuda para elegir la cobertura de seguro m\u00e9dico | Acceso a Georgia\" \/>\n<meta property=\"og:description\" content=\"\u00bfNo est\u00e1s seguro de por d\u00f3nde empezar? Responda algunas preguntas breves para ayudar a determinar el mejor m\u00e9todo para comprar e inscribirse en la cobertura de seguro m\u00e9dico.\" \/>\n<meta property=\"og:url\" content=\"https:\/\/georgiaaccess.gov\/es\/explore-las-opciones-de-inscripcion\/ayudame-a-elegir-como-inscribirme\/\" \/>\n<meta property=\"og:site_name\" content=\"Georgia Access\" \/>\n<meta property=\"article:modified_time\" content=\"2025-09-27T02:00:49+00:00\" \/>\n<meta name=\"twitter:card\" content=\"summary_large_image\" \/>\n<meta name=\"twitter:label1\" content=\"Tiempo de lectura\" \/>\n\t<meta name=\"twitter:data1\" content=\"1 minuto\" \/>\n<script type=\"application\/ld+json\" class=\"yoast-schema-graph\">{\"@context\":\"https:\/\/schema.org\",\"@graph\":[{\"@type\":\"WebPage\",\"@id\":\"https:\/\/georgiaaccess.gov\/es\/explore-las-opciones-de-inscripcion\/ayudame-a-elegir-como-inscribirme\/\",\"url\":\"https:\/\/georgiaaccess.gov\/es\/explore-las-opciones-de-inscripcion\/ayudame-a-elegir-como-inscribirme\/\",\"name\":\"Ay\u00fadame a elegir c\u00f3mo inscribirme | Acceso a Georgia\",\"isPartOf\":{\"@id\":\"https:\/\/georgiaaccess.gov\/es\/#website\"},\"datePublished\":\"2023-10-17T18:57:05+00:00\",\"dateModified\":\"2025-09-27T02:00:49+00:00\",\"description\":\"\u00bfNo est\u00e1 seguro de c\u00f3mo inscribirse en un seguro m\u00e9dico? Georgia Access te ayuda a comparar opciones, elegir cobertura y encontrar apoyo para obtener un seguro de calidad en Georgia.\",\"breadcrumb\":{\"@id\":\"https:\/\/georgiaaccess.gov\/es\/explore-las-opciones-de-inscripcion\/ayudame-a-elegir-como-inscribirme\/#breadcrumb\"},\"inLanguage\":\"es\",\"potentialAction\":[{\"@type\":\"ReadAction\",\"target\":[\"https:\/\/georgiaaccess.gov\/es\/explore-las-opciones-de-inscripcion\/ayudame-a-elegir-como-inscribirme\/\"]}]},{\"@type\":\"BreadcrumbList\",\"@id\":\"https:\/\/georgiaaccess.gov\/es\/explore-las-opciones-de-inscripcion\/ayudame-a-elegir-como-inscribirme\/#breadcrumb\",\"itemListElement\":[{\"@type\":\"ListItem\",\"position\":1,\"name\":\"Home\",\"item\":\"https:\/\/georgiaaccess.gov\/es\/\"},{\"@type\":\"ListItem\",\"position\":2,\"name\":\"Explore las opciones de inscripci\u00f3n\",\"item\":\"https:\/\/georgiaaccess.gov\/es\/explore-las-opciones-de-inscripcion\/\"},{\"@type\":\"ListItem\",\"position\":3,\"name\":\"Ay\u00fadame a elegir c\u00f3mo inscribirme\"}]},{\"@type\":\"WebSite\",\"@id\":\"https:\/\/georgiaaccess.gov\/es\/#website\",\"url\":\"https:\/\/georgiaaccess.gov\/es\/\",\"name\":\"Georgia Access\",\"description\":\"\",\"publisher\":{\"@id\":\"https:\/\/georgiaaccess.gov\/es\/#organization\"},\"potentialAction\":[{\"@type\":\"SearchAction\",\"target\":{\"@type\":\"EntryPoint\",\"urlTemplate\":\"https:\/\/georgiaaccess.gov\/es\/?s={search_term_string}\"},\"query-input\":{\"@type\":\"PropertyValueSpecification\",\"valueRequired\":true,\"valueName\":\"search_term_string\"}}],\"inLanguage\":\"es\"},{\"@type\":\"Organization\",\"@id\":\"https:\/\/georgiaaccess.gov\/es\/#organization\",\"name\":\"Georgia Access\",\"url\":\"https:\/\/georgiaaccess.gov\/es\/\",\"logo\":{\"@type\":\"ImageObject\",\"inLanguage\":\"es\",\"@id\":\"https:\/\/georgiaaccess.gov\/es\/#\/schema\/logo\/image\/\",\"url\":\"https:\/\/georgiaaccess.gov\/wp-content\/uploads\/2022\/10\/georgia-access-logo-stacked.svg\",\"contentUrl\":\"https:\/\/georgiaaccess.gov\/wp-content\/uploads\/2022\/10\/georgia-access-logo-stacked.svg\",\"width\":180,\"height\":56,\"caption\":\"Georgia Access\"},\"image\":{\"@id\":\"https:\/\/georgiaaccess.gov\/es\/#\/schema\/logo\/image\/\"}}]}<\/script>\n<!-- \/ Yoast SEO plugin. -->","yoast_head_json":{"title":"Ay\u00fadame a elegir c\u00f3mo inscribirme | Acceso a Georgia","description":"\u00bfNo est\u00e1 seguro de c\u00f3mo inscribirse en un seguro m\u00e9dico? Georgia Access te ayuda a comparar opciones, elegir cobertura y encontrar apoyo para obtener un seguro de calidad en Georgia.","robots":{"index":"index","follow":"follow","max-snippet":"max-snippet:-1","max-image-preview":"max-image-preview:large","max-video-preview":"max-video-preview:-1"},"canonical":"https:\/\/georgiaaccess.gov\/es\/explore-las-opciones-de-inscripcion\/ayudame-a-elegir-como-inscribirme\/","og_locale":"es_ES","og_type":"article","og_title":"Obtenga ayuda para elegir la cobertura de seguro m\u00e9dico | Acceso a Georgia","og_description":"\u00bfNo est\u00e1s seguro de por d\u00f3nde empezar? Responda algunas preguntas breves para ayudar a determinar el mejor m\u00e9todo para comprar e inscribirse en la cobertura de seguro m\u00e9dico.","og_url":"https:\/\/georgiaaccess.gov\/es\/explore-las-opciones-de-inscripcion\/ayudame-a-elegir-como-inscribirme\/","og_site_name":"Georgia Access","article_modified_time":"2025-09-27T02:00:49+00:00","twitter_card":"summary_large_image","twitter_misc":{"Tiempo de lectura":"1 minuto"},"schema":{"@context":"https:\/\/schema.org","@graph":[{"@type":"WebPage","@id":"https:\/\/georgiaaccess.gov\/es\/explore-las-opciones-de-inscripcion\/ayudame-a-elegir-como-inscribirme\/","url":"https:\/\/georgiaaccess.gov\/es\/explore-las-opciones-de-inscripcion\/ayudame-a-elegir-como-inscribirme\/","name":"Ay\u00fadame a elegir c\u00f3mo inscribirme | Acceso a Georgia","isPartOf":{"@id":"https:\/\/georgiaaccess.gov\/es\/#website"},"datePublished":"2023-10-17T18:57:05+00:00","dateModified":"2025-09-27T02:00:49+00:00","description":"\u00bfNo est\u00e1 seguro de c\u00f3mo inscribirse en un seguro m\u00e9dico? Georgia Access te ayuda a comparar opciones, elegir cobertura y encontrar apoyo para obtener un seguro de calidad en Georgia.","breadcrumb":{"@id":"https:\/\/georgiaaccess.gov\/es\/explore-las-opciones-de-inscripcion\/ayudame-a-elegir-como-inscribirme\/#breadcrumb"},"inLanguage":"es","potentialAction":[{"@type":"ReadAction","target":["https:\/\/georgiaaccess.gov\/es\/explore-las-opciones-de-inscripcion\/ayudame-a-elegir-como-inscribirme\/"]}]},{"@type":"BreadcrumbList","@id":"https:\/\/georgiaaccess.gov\/es\/explore-las-opciones-de-inscripcion\/ayudame-a-elegir-como-inscribirme\/#breadcrumb","itemListElement":[{"@type":"ListItem","position":1,"name":"Home","item":"https:\/\/georgiaaccess.gov\/es\/"},{"@type":"ListItem","position":2,"name":"Explore las opciones de inscripci\u00f3n","item":"https:\/\/georgiaaccess.gov\/es\/explore-las-opciones-de-inscripcion\/"},{"@type":"ListItem","position":3,"name":"Ay\u00fadame a elegir c\u00f3mo inscribirme"}]},{"@type":"WebSite","@id":"https:\/\/georgiaaccess.gov\/es\/#website","url":"https:\/\/georgiaaccess.gov\/es\/","name":"Georgia Access","description":"","publisher":{"@id":"https:\/\/georgiaaccess.gov\/es\/#organization"},"potentialAction":[{"@type":"SearchAction","target":{"@type":"EntryPoint","urlTemplate":"https:\/\/georgiaaccess.gov\/es\/?s={search_term_string}"},"query-input":{"@type":"PropertyValueSpecification","valueRequired":true,"valueName":"search_term_string"}}],"inLanguage":"es"},{"@type":"Organization","@id":"https:\/\/georgiaaccess.gov\/es\/#organization","name":"Georgia Access","url":"https:\/\/georgiaaccess.gov\/es\/","logo":{"@type":"ImageObject","inLanguage":"es","@id":"https:\/\/georgiaaccess.gov\/es\/#\/schema\/logo\/image\/","url":"https:\/\/georgiaaccess.gov\/wp-content\/uploads\/2022\/10\/georgia-access-logo-stacked.svg","contentUrl":"https:\/\/georgiaaccess.gov\/wp-content\/uploads\/2022\/10\/georgia-access-logo-stacked.svg","width":180,"height":56,"caption":"Georgia Access"},"image":{"@id":"https:\/\/georgiaaccess.gov\/es\/#\/schema\/logo\/image\/"}}]}},"uagb_featured_image_src":{"full":false,"thumbnail":false,"medium":false,"medium_large":false,"large":false,"1536x1536":false,"2048x2048":false},"uagb_author_info":{"display_name":"notadmin","author_link":"https:\/\/georgiaaccess.gov\/es\/author\/notadmin\/"},"uagb_comment_info":0,"uagb_excerpt":"Ay\u00fadame a elegir c\u00f3mo inscribirme Responda algunas preguntas breves para ayudar a determinar el mejor m\u00e9todo para comprar e inscribirse en la cobertura de seguro m\u00e9dico. Independientemente de c\u00f3mo elija solicitar e inscribirse en la cobertura de seguro m\u00e9dico, su elegibilidad, asistencia financiera y costos seguir\u00e1n siendo los mismos.","_links":{"self":[{"href":"https:\/\/georgiaaccess.gov\/es\/wp-json\/wp\/v2\/pages\/3135","targetHints":{"allow":["GET"]}}],"collection":[{"href":"https:\/\/georgiaaccess.gov\/es\/wp-json\/wp\/v2\/pages"}],"about":[{"href":"https:\/\/georgiaaccess.gov\/es\/wp-json\/wp\/v2\/types\/page"}],"author":[{"embeddable":true,"href":"https:\/\/georgiaaccess.gov\/es\/wp-json\/wp\/v2\/users\/1"}],"replies":[{"embeddable":true,"href":"https:\/\/georgiaaccess.gov\/es\/wp-json\/wp\/v2\/comments?post=3135"}],"version-history":[{"count":3,"href":"https:\/\/georgiaaccess.gov\/es\/wp-json\/wp\/v2\/pages\/3135\/revisions"}],"predecessor-version":[{"id":8210,"href":"https:\/\/georgiaaccess.gov\/es\/wp-json\/wp\/v2\/pages\/3135\/revisions\/8210"}],"up":[{"embeddable":true,"href":"https:\/\/georgiaaccess.gov\/es\/wp-json\/wp\/v2\/pages\/8090"}],"wp:attachment":[{"href":"https:\/\/georgiaaccess.gov\/es\/wp-json\/wp\/v2\/media?parent=3135"}],"curies":[{"name":"wp","href":"https:\/\/api.w.org\/{rel}","templated":true}]}}