{"id":3133,"date":"2024-02-16T17:18:36","date_gmt":"2024-02-16T21:18:36","guid":{"rendered":"https:\/\/georgiaaccess.gov\/companias-de-seguros\/"},"modified":"2026-03-30T13:03:33","modified_gmt":"2026-03-30T17:03:33","slug":"companias-de-seguros","status":"publish","type":"page","link":"https:\/\/georgiaaccess.gov\/es\/companias-de-seguros\/","title":{"rendered":"Compa\u00f1\u00edas de Seguros"},"content":{"rendered":"\n<p>Las compa\u00f1\u00edas de seguros, tambi\u00e9n conocidas como \u00abemisores\u00bb, pueden usar la informaci\u00f3n y los recursos a continuaci\u00f3n para prepararse para la Inscripci\u00f3n Abierta (OE) y ayudar a atender a los residentes de Georgia durante todo el a\u00f1o del plan (PY).<\/p>\n\n\n\n<p>Georgia Access trabaja con compa\u00f1\u00edas de seguros para ofrecer Planes de Salud Calificados (QHP), incluidos los planes dentales independientes (SADP), a los consumidores en los mercados individuales y de grupos peque\u00f1os. Las compa\u00f1\u00edas de seguros que participan en Georgia Access est\u00e1n autorizadas por la Oficina del Comisionado de Seguros y Seguridad contra Incendios (OCI, por sus siglas en ingl\u00e9s) y tienen responsabilidades de administraci\u00f3n del plan e inscripci\u00f3n de back-end. <\/p>\n\n\n\n<p>Las compa\u00f1\u00edas de seguros tambi\u00e9n pueden desempe\u00f1ar un papel como socios de Inscripci\u00f3n Directa Mejorada (EDE), facilitando la inscripci\u00f3n de los consumidores en QHP. Puede encontrar m\u00e1s informaci\u00f3n sobre los socios de EDE <a href=\"https:\/\/georgiaaccess.gov\/es\/socios-de-inscripcion-directa-mejorados\/\">aqu\u00ed: Socios de inscripci\u00f3n directa mejorada<\/a>.  <\/p>\n\n\n\n<h2 class=\"wp-block-heading h2-heading\">Recursos<\/h2>\n\n\n\n<p><a href=\"\/wp-content\/uploads\/2026\/03\/Georgia-Access-PY-2027-QHP-Application-Instructions-for-Issuers-3.30.2026.pdf\" target=\"_blank\" rel=\"noreferrer noopener\">Instrucciones de solicitud de QHP para el A\u00f1o del Plan 2027 de Georgia Access dirigidas a los emisores<\/a> (Actualizado el 30 de marzo de 2026)<\/p>\n\n\n\n<ul class=\"wp-block-list\">\n<li>Este recurso proporciona el cronograma y las instrucciones para los emisores que tengan la intenci\u00f3n de vender planes que cumplan con la Ley del Cuidado de Salud a Bajo Precio (ACA) a trav\u00e9s de Georgia Access para el A\u00f1o del Plan 2027, incluyendo:\n<ul class=\"wp-block-list\">\n<li>Planes de salud del mercado individual y SADP que solicitan la certificaci\u00f3n QHP en el Mercado.<\/li>\n\n\n\n<li>Planes para grupos peque\u00f1os que solicitan la certificaci\u00f3n QHP en el Exchange, conocidos como planes del Programa de Opciones de Salud para Peque\u00f1as Empresas (SHOP).<\/li>\n<\/ul>\n<\/li>\n<\/ul>\n\n\n\n<h2 class=\"wp-block-heading h2-heading\">Enlaces externos<\/h2>\n\n\n\n<ul class=\"wp-block-list\">\n<li><a href=\"https:\/\/www.serff.com\/\" target=\"_blank\" rel=\"noreferrer noopener\">Sistema de Presentaci\u00f3n Electr\u00f3nica de Tarifas y Formularios (SERFF):<\/a> Todas las compa\u00f1\u00edas de seguros deben tener acceso a este sistema para enviar y revisar los datos del plan. Las decisiones de certificaci\u00f3n del plan tambi\u00e9n se registran en el SERFF. <\/li>\n\n\n\n<li><a href=\"https:\/\/oci.georgia.gov\/regulatory-filings\" target=\"_blank\" rel=\"noreferrer noopener\">Sitio web de presentaciones regulatorias de OCI<\/a>: todas las compa\u00f1\u00edas de seguros y sus productos est\u00e1n regulados y revisados por OCI. M\u00e1s informaci\u00f3n sobre los formularios y procesos para la presentaci\u00f3n se encuentra en este sitio. <\/li>\n\n\n\n<li>El p\u00fablico puede buscar los formularios enviados a Georgia Access, incluidas las plantillas de transparencia en la cobertura, en la <a href=\"https:\/\/oci.georgia.gov\/regulatory-filings\/insurance-product-filings\/serff\" target=\"_blank\" rel=\"noreferrer noopener\">p\u00e1gina web de SERFF Public Access<\/a>.<a id=\"_msocom_1\"><\/a><\/li>\n<\/ul>\n\n\n\n<h2 class=\"wp-block-heading h2-heading\">Utilice la informaci\u00f3n de tarifas para el a\u00f1o fiscal 2026<\/h2>\n\n\n\n<p>Georgia finaliz\u00f3 una tasa de tarifa de usuario del 3,25% de la prima para el a\u00f1o fiscal 2026.<\/p>\n\n\n\n<h2 class=\"wp-block-heading h2-heading\">Pagos de tarifas de uso<\/h2>\n\n\n\n<p>Las compa\u00f1\u00edas de seguros pueden seguir los pasos que se indican a continuaci\u00f3n para recuperar sus facturas de tasas de usuario y enviar los pagos.<\/p>\n\n\n\n<ul class=\"wp-block-list\">\n<li>Inicie sesi\u00f3n en <a href=\"https:\/\/www.sircon.com\/login.jsp?accountType=business\" target=\"_blank\" rel=\"noreferrer noopener\">la factura de estado de pago de Vertafore<\/a> con su ID de cuenta comercial # (es decir, n\u00famero de suscriptor de Sircon) y correo electr\u00f3nico \/ nombre de usuario.\n<ul class=\"wp-block-list\">\n<li>Selecciona \u00abObtener ayuda para iniciar sesi\u00f3n\u00bb para obtener ayuda para acceder a tu cuenta.<\/li>\n<\/ul>\n<\/li>\n\n\n\n<li>Organice el pago a trav\u00e9s de la C\u00e1mara de Compensaci\u00f3n Automatizada (ACH) proporcionando a su banco el Procesador de pagos y el ID de pago ACH (ubicado en la carta de factura de tarifa de usuario de Georgia Access).<\/li>\n\n\n\n<li>Si hay un estado de factura abierta, seleccione \u00abPagar facturas de estado\u00bb para procesar el pago.<ul><li>El pago en l\u00ednea es el \u00fanico m\u00e9todo de pago aceptado.<\/li><\/ul>\n<ul class=\"wp-block-list\">\n<li>Las facturas deben pagarse en su totalidad a trav\u00e9s del servicio Pay State Invoice de Vertafore.<\/li>\n<\/ul>\n<\/li>\n<\/ul>\n\n\n\n<p>Para preguntas sobre las cuentas Sircon o el servicio de pago:<\/p>\n\n\n\n<ul class=\"wp-block-list\">\n<li>Rellene un formulario de contacto con el servicio de asistencia en <a href=\"https:\/\/sirconwalkup.vertafore.com\/apex\/sc_ContactSupport\" target=\"_blank\" rel=\"noreferrer noopener\">https:\/\/sirconwalkup.vertafore.com\/apex\/sc_ContactSupport<\/a>.<\/li>\n\n\n\n<li>Llame al <a href=\"tel:1-877-876-4430\">1-877-876-4430<\/a>.<\/li>\n<\/ul>\n\n\n\n<p>Si tiene preguntas sobre las facturas de Georgia Access:<\/p>\n\n\n\n<ul class=\"wp-block-list\">\n<li>Llame al <a href=\"tel:1-404-656-2070\">1-404-656-2070<\/a> o <a href=\"tel:1-800-656-2298\">al 1-800-656-2298<\/a>.<\/li>\n\n\n\n<li>Env\u00ede un correo electr\u00f3nico <a href=\"mailto:intake@georgiaaccess.ga.gov\" target=\"_blank\" rel=\"noreferrer noopener\">intake@georgiaaccess.ga.gov<\/a>.<\/li>\n<\/ul>\n\n\n\n<div style=\"height:39px\" aria-hidden=\"true\" class=\"wp-block-spacer\"><\/div>\n","protected":false},"excerpt":{"rendered":"<p>Las compa\u00f1\u00edas de seguros, tambi\u00e9n conocidas como \u00abemisores\u00bb, pueden usar la informaci\u00f3n y los recursos a continuaci\u00f3n para prepararse para la Inscripci\u00f3n Abierta (OE) y ayudar a atender a los residentes de Georgia durante todo el a\u00f1o del plan (PY). Georgia Access trabaja con compa\u00f1\u00edas de seguros para ofrecer Planes de Salud Calificados (QHP), incluidos [&hellip;]<\/p>\n","protected":false},"author":1,"featured_media":6617,"parent":0,"menu_order":0,"comment_status":"closed","ping_status":"closed","template":"sidebar-menu-template.php","meta":{"_acf_changed":false,"inline_featured_image":false,"_uag_custom_page_level_css":"","site-sidebar-layout":"default","site-content-layout":"","ast-site-content-layout":"default","site-content-style":"default","site-sidebar-style":"default","ast-global-header-display":"","ast-banner-title-visibility":"","ast-main-header-display":"","ast-hfb-above-header-display":"","ast-hfb-below-header-display":"","ast-hfb-mobile-header-display":"","site-post-title":"","ast-breadcrumbs-content":"","ast-featured-img":"disabled","footer-sml-layout":"","ast-disable-related-posts":"","theme-transparent-header-meta":"","adv-header-id-meta":"","stick-header-meta":"","header-above-stick-meta":"","header-main-stick-meta":"","header-below-stick-meta":"","astra-migrate-meta-layouts":"set","ast-page-background-enabled":"default","ast-page-background-meta":{"desktop":{"background-color":"var(--ast-global-color-4)","background-image":"","background-repeat":"repeat","background-position":"center center","background-size":"auto","background-attachment":"scroll","background-type":"","background-media":"","overlay-type":"","overlay-color":"","overlay-opacity":"","overlay-gradient":""},"tablet":{"background-color":"","background-image":"","background-repeat":"repeat","background-position":"center center","background-size":"auto","background-attachment":"scroll","background-type":"","background-media":"","overlay-type":"","overlay-color":"","overlay-opacity":"","overlay-gradient":""},"mobile":{"background-color":"","background-image":"","background-repeat":"repeat","background-position":"center center","background-size":"auto","background-attachment":"scroll","background-type":"","background-media":"","overlay-type":"","overlay-color":"","overlay-opacity":"","overlay-gradient":""}},"ast-content-background-meta":{"desktop":{"background-color":"var(--ast-global-color-5)","background-image":"","background-repeat":"repeat","background-position":"center center","background-size":"auto","background-attachment":"scroll","background-type":"","background-media":"","overlay-type":"","overlay-color":"","overlay-opacity":"","overlay-gradient":""},"tablet":{"background-color":"var(--ast-global-color-5)","background-image":"","background-repeat":"repeat","background-position":"center center","background-size":"auto","background-attachment":"scroll","background-type":"","background-media":"","overlay-type":"","overlay-color":"","overlay-opacity":"","overlay-gradient":""},"mobile":{"background-color":"var(--ast-global-color-5)","background-image":"","background-repeat":"repeat","background-position":"center center","background-size":"auto","background-attachment":"scroll","background-type":"","background-media":"","overlay-type":"","overlay-color":"","overlay-opacity":"","overlay-gradient":""}},"footnotes":""},"class_list":["post-3133","page","type-page","status-publish","has-post-thumbnail","hentry"],"acf":[],"yoast_head":"<!-- This site is optimized with the Yoast SEO plugin v26.8 - https:\/\/yoast.com\/product\/yoast-seo-wordpress\/ -->\n<title>Compa\u00f1\u00edas de Seguros | Acceso a Georgia<\/title>\n<meta name=\"description\" content=\"Conozca c\u00f3mo las compa\u00f1\u00edas de seguros en Georgia pueden prepararse para la Inscripci\u00f3n Abierta (OE) y ayudar a los georgianos a encontrar atenci\u00f3n de calidad.\" \/>\n<meta name=\"robots\" content=\"index, follow, max-snippet:-1, max-image-preview:large, max-video-preview:-1\" \/>\n<link rel=\"canonical\" href=\"https:\/\/georgiaaccess.gov\/es\/companias-de-seguros\/\" \/>\n<meta property=\"og:locale\" content=\"es_ES\" \/>\n<meta property=\"og:type\" content=\"article\" \/>\n<meta property=\"og:title\" content=\"Compa\u00f1\u00edas de Seguros | Acceso a Georgia\" \/>\n<meta property=\"og:description\" content=\"Conozca c\u00f3mo la compa\u00f1\u00eda de seguros en Georgia puede usar la informaci\u00f3n y los recursos a continuaci\u00f3n para prepararse para la Inscripci\u00f3n Abierta (OE) para ayudar a servir a los georgianos.\" \/>\n<meta property=\"og:url\" content=\"https:\/\/georgiaaccess.gov\/es\/companias-de-seguros\/\" \/>\n<meta property=\"og:site_name\" content=\"Georgia Access\" \/>\n<meta property=\"article:modified_time\" content=\"2026-03-30T17:03:33+00:00\" \/>\n<meta property=\"og:image\" content=\"https:\/\/georgiaaccess.gov\/wp-content\/uploads\/2025\/09\/partners-header-scaled.jpg\" \/>\n\t<meta property=\"og:image:width\" content=\"2560\" \/>\n\t<meta property=\"og:image:height\" content=\"356\" \/>\n\t<meta property=\"og:image:type\" content=\"image\/jpeg\" \/>\n<meta name=\"twitter:card\" content=\"summary_large_image\" \/>\n<meta name=\"twitter:label1\" content=\"Tiempo de lectura\" \/>\n\t<meta name=\"twitter:data1\" content=\"3 minutos\" \/>\n<script type=\"application\/ld+json\" class=\"yoast-schema-graph\">{\"@context\":\"https:\/\/schema.org\",\"@graph\":[{\"@type\":\"WebPage\",\"@id\":\"https:\/\/georgiaaccess.gov\/es\/companias-de-seguros\/\",\"url\":\"https:\/\/georgiaaccess.gov\/es\/companias-de-seguros\/\",\"name\":\"Compa\u00f1\u00edas de Seguros | Acceso a Georgia\",\"isPartOf\":{\"@id\":\"https:\/\/georgiaaccess.gov\/es\/#website\"},\"primaryImageOfPage\":{\"@id\":\"https:\/\/georgiaaccess.gov\/es\/companias-de-seguros\/#primaryimage\"},\"image\":{\"@id\":\"https:\/\/georgiaaccess.gov\/es\/companias-de-seguros\/#primaryimage\"},\"thumbnailUrl\":\"https:\/\/georgiaaccess.gov\/wp-content\/uploads\/2025\/09\/partners-header-scaled.jpg\",\"datePublished\":\"2024-02-16T21:18:36+00:00\",\"dateModified\":\"2026-03-30T17:03:33+00:00\",\"description\":\"Conozca c\u00f3mo las compa\u00f1\u00edas de seguros en Georgia pueden prepararse para la Inscripci\u00f3n Abierta (OE) y ayudar a los georgianos a encontrar atenci\u00f3n de calidad.\",\"breadcrumb\":{\"@id\":\"https:\/\/georgiaaccess.gov\/es\/companias-de-seguros\/#breadcrumb\"},\"inLanguage\":\"es\",\"potentialAction\":[{\"@type\":\"ReadAction\",\"target\":[\"https:\/\/georgiaaccess.gov\/es\/companias-de-seguros\/\"]}]},{\"@type\":\"ImageObject\",\"inLanguage\":\"es\",\"@id\":\"https:\/\/georgiaaccess.gov\/es\/companias-de-seguros\/#primaryimage\",\"url\":\"https:\/\/georgiaaccess.gov\/wp-content\/uploads\/2025\/09\/partners-header-scaled.jpg\",\"contentUrl\":\"https:\/\/georgiaaccess.gov\/wp-content\/uploads\/2025\/09\/partners-header-scaled.jpg\",\"width\":2560,\"height\":356,\"caption\":\"Woman smiling and holding documents.\"},{\"@type\":\"BreadcrumbList\",\"@id\":\"https:\/\/georgiaaccess.gov\/es\/companias-de-seguros\/#breadcrumb\",\"itemListElement\":[{\"@type\":\"ListItem\",\"position\":1,\"name\":\"Home\",\"item\":\"https:\/\/georgiaaccess.gov\/es\/\"},{\"@type\":\"ListItem\",\"position\":2,\"name\":\"Compa\u00f1\u00edas de Seguros\"}]},{\"@type\":\"WebSite\",\"@id\":\"https:\/\/georgiaaccess.gov\/es\/#website\",\"url\":\"https:\/\/georgiaaccess.gov\/es\/\",\"name\":\"Georgia Access\",\"description\":\"\",\"publisher\":{\"@id\":\"https:\/\/georgiaaccess.gov\/es\/#organization\"},\"potentialAction\":[{\"@type\":\"SearchAction\",\"target\":{\"@type\":\"EntryPoint\",\"urlTemplate\":\"https:\/\/georgiaaccess.gov\/es\/?s={search_term_string}\"},\"query-input\":{\"@type\":\"PropertyValueSpecification\",\"valueRequired\":true,\"valueName\":\"search_term_string\"}}],\"inLanguage\":\"es\"},{\"@type\":\"Organization\",\"@id\":\"https:\/\/georgiaaccess.gov\/es\/#organization\",\"name\":\"Georgia Access\",\"url\":\"https:\/\/georgiaaccess.gov\/es\/\",\"logo\":{\"@type\":\"ImageObject\",\"inLanguage\":\"es\",\"@id\":\"https:\/\/georgiaaccess.gov\/es\/#\/schema\/logo\/image\/\",\"url\":\"https:\/\/georgiaaccess.gov\/wp-content\/uploads\/2022\/10\/georgia-access-logo-stacked.svg\",\"contentUrl\":\"https:\/\/georgiaaccess.gov\/wp-content\/uploads\/2022\/10\/georgia-access-logo-stacked.svg\",\"width\":180,\"height\":56,\"caption\":\"Georgia Access\"},\"image\":{\"@id\":\"https:\/\/georgiaaccess.gov\/es\/#\/schema\/logo\/image\/\"}}]}<\/script>\n<!-- \/ Yoast SEO plugin. -->","yoast_head_json":{"title":"Compa\u00f1\u00edas de Seguros | Acceso a Georgia","description":"Conozca c\u00f3mo las compa\u00f1\u00edas de seguros en Georgia pueden prepararse para la Inscripci\u00f3n Abierta (OE) y ayudar a los georgianos a encontrar atenci\u00f3n de calidad.","robots":{"index":"index","follow":"follow","max-snippet":"max-snippet:-1","max-image-preview":"max-image-preview:large","max-video-preview":"max-video-preview:-1"},"canonical":"https:\/\/georgiaaccess.gov\/es\/companias-de-seguros\/","og_locale":"es_ES","og_type":"article","og_title":"Compa\u00f1\u00edas de Seguros | Acceso a Georgia","og_description":"Conozca c\u00f3mo la compa\u00f1\u00eda de seguros en Georgia puede usar la informaci\u00f3n y los recursos a continuaci\u00f3n para prepararse para la Inscripci\u00f3n Abierta (OE) para ayudar a servir a los georgianos.","og_url":"https:\/\/georgiaaccess.gov\/es\/companias-de-seguros\/","og_site_name":"Georgia Access","article_modified_time":"2026-03-30T17:03:33+00:00","og_image":[{"width":2560,"height":356,"url":"https:\/\/georgiaaccess.gov\/wp-content\/uploads\/2025\/09\/partners-header-scaled.jpg","type":"image\/jpeg"}],"twitter_card":"summary_large_image","twitter_misc":{"Tiempo de lectura":"3 minutos"},"schema":{"@context":"https:\/\/schema.org","@graph":[{"@type":"WebPage","@id":"https:\/\/georgiaaccess.gov\/es\/companias-de-seguros\/","url":"https:\/\/georgiaaccess.gov\/es\/companias-de-seguros\/","name":"Compa\u00f1\u00edas de Seguros | Acceso a Georgia","isPartOf":{"@id":"https:\/\/georgiaaccess.gov\/es\/#website"},"primaryImageOfPage":{"@id":"https:\/\/georgiaaccess.gov\/es\/companias-de-seguros\/#primaryimage"},"image":{"@id":"https:\/\/georgiaaccess.gov\/es\/companias-de-seguros\/#primaryimage"},"thumbnailUrl":"https:\/\/georgiaaccess.gov\/wp-content\/uploads\/2025\/09\/partners-header-scaled.jpg","datePublished":"2024-02-16T21:18:36+00:00","dateModified":"2026-03-30T17:03:33+00:00","description":"Conozca c\u00f3mo las compa\u00f1\u00edas de seguros en Georgia pueden prepararse para la Inscripci\u00f3n Abierta (OE) y ayudar a los georgianos a encontrar atenci\u00f3n de calidad.","breadcrumb":{"@id":"https:\/\/georgiaaccess.gov\/es\/companias-de-seguros\/#breadcrumb"},"inLanguage":"es","potentialAction":[{"@type":"ReadAction","target":["https:\/\/georgiaaccess.gov\/es\/companias-de-seguros\/"]}]},{"@type":"ImageObject","inLanguage":"es","@id":"https:\/\/georgiaaccess.gov\/es\/companias-de-seguros\/#primaryimage","url":"https:\/\/georgiaaccess.gov\/wp-content\/uploads\/2025\/09\/partners-header-scaled.jpg","contentUrl":"https:\/\/georgiaaccess.gov\/wp-content\/uploads\/2025\/09\/partners-header-scaled.jpg","width":2560,"height":356,"caption":"Woman smiling and holding documents."},{"@type":"BreadcrumbList","@id":"https:\/\/georgiaaccess.gov\/es\/companias-de-seguros\/#breadcrumb","itemListElement":[{"@type":"ListItem","position":1,"name":"Home","item":"https:\/\/georgiaaccess.gov\/es\/"},{"@type":"ListItem","position":2,"name":"Compa\u00f1\u00edas de Seguros"}]},{"@type":"WebSite","@id":"https:\/\/georgiaaccess.gov\/es\/#website","url":"https:\/\/georgiaaccess.gov\/es\/","name":"Georgia Access","description":"","publisher":{"@id":"https:\/\/georgiaaccess.gov\/es\/#organization"},"potentialAction":[{"@type":"SearchAction","target":{"@type":"EntryPoint","urlTemplate":"https:\/\/georgiaaccess.gov\/es\/?s={search_term_string}"},"query-input":{"@type":"PropertyValueSpecification","valueRequired":true,"valueName":"search_term_string"}}],"inLanguage":"es"},{"@type":"Organization","@id":"https:\/\/georgiaaccess.gov\/es\/#organization","name":"Georgia Access","url":"https:\/\/georgiaaccess.gov\/es\/","logo":{"@type":"ImageObject","inLanguage":"es","@id":"https:\/\/georgiaaccess.gov\/es\/#\/schema\/logo\/image\/","url":"https:\/\/georgiaaccess.gov\/wp-content\/uploads\/2022\/10\/georgia-access-logo-stacked.svg","contentUrl":"https:\/\/georgiaaccess.gov\/wp-content\/uploads\/2022\/10\/georgia-access-logo-stacked.svg","width":180,"height":56,"caption":"Georgia Access"},"image":{"@id":"https:\/\/georgiaaccess.gov\/es\/#\/schema\/logo\/image\/"}}]}},"uagb_featured_image_src":{"full":["https:\/\/georgiaaccess.gov\/wp-content\/uploads\/2025\/09\/partners-header-scaled.jpg",2560,356,false],"thumbnail":["https:\/\/georgiaaccess.gov\/wp-content\/uploads\/2025\/09\/partners-header-150x150.jpg",150,150,true],"medium":["https:\/\/georgiaaccess.gov\/wp-content\/uploads\/2025\/09\/partners-header-300x42.jpg",300,42,true],"medium_large":["https:\/\/georgiaaccess.gov\/wp-content\/uploads\/2025\/09\/partners-header-768x107.jpg",768,107,true],"large":["https:\/\/georgiaaccess.gov\/wp-content\/uploads\/2025\/09\/partners-header-1024x142.jpg",1024,142,true],"1536x1536":["https:\/\/georgiaaccess.gov\/wp-content\/uploads\/2025\/09\/partners-header-1536x213.jpg",1536,213,true],"2048x2048":["https:\/\/georgiaaccess.gov\/wp-content\/uploads\/2025\/09\/partners-header-2048x284.jpg",2048,284,true]},"uagb_author_info":{"display_name":"notadmin","author_link":"https:\/\/georgiaaccess.gov\/es\/author\/notadmin\/"},"uagb_comment_info":0,"uagb_excerpt":"Las compa\u00f1\u00edas de seguros, tambi\u00e9n conocidas como \u00abemisores\u00bb, pueden usar la informaci\u00f3n y los recursos a continuaci\u00f3n para prepararse para la Inscripci\u00f3n Abierta (OE) y ayudar a atender a los residentes de Georgia durante todo el a\u00f1o del plan (PY). Georgia Access trabaja con compa\u00f1\u00edas de seguros para ofrecer Planes de Salud Calificados (QHP), incluidos&hellip;","_links":{"self":[{"href":"https:\/\/georgiaaccess.gov\/es\/wp-json\/wp\/v2\/pages\/3133","targetHints":{"allow":["GET"]}}],"collection":[{"href":"https:\/\/georgiaaccess.gov\/es\/wp-json\/wp\/v2\/pages"}],"about":[{"href":"https:\/\/georgiaaccess.gov\/es\/wp-json\/wp\/v2\/types\/page"}],"author":[{"embeddable":true,"href":"https:\/\/georgiaaccess.gov\/es\/wp-json\/wp\/v2\/users\/1"}],"replies":[{"embeddable":true,"href":"https:\/\/georgiaaccess.gov\/es\/wp-json\/wp\/v2\/comments?post=3133"}],"version-history":[{"count":24,"href":"https:\/\/georgiaaccess.gov\/es\/wp-json\/wp\/v2\/pages\/3133\/revisions"}],"predecessor-version":[{"id":9823,"href":"https:\/\/georgiaaccess.gov\/es\/wp-json\/wp\/v2\/pages\/3133\/revisions\/9823"}],"wp:featuredmedia":[{"embeddable":true,"href":"https:\/\/georgiaaccess.gov\/es\/wp-json\/wp\/v2\/media\/6617"}],"wp:attachment":[{"href":"https:\/\/georgiaaccess.gov\/es\/wp-json\/wp\/v2\/media?parent=3133"}],"curies":[{"name":"wp","href":"https:\/\/api.w.org\/{rel}","templated":true}]}}