{"id":3132,"date":"2023-11-13T15:39:51","date_gmt":"2023-11-13T19:39:51","guid":{"rendered":"https:\/\/georgiaaccess.gov\/recursos-y-apoyo\/proteccion-contra-el-fraude-el-despilfarro-y-el-abuso\/"},"modified":"2025-09-29T09:05:23","modified_gmt":"2025-09-29T13:05:23","slug":"proteccion-contra-el-fraude-el-despilfarro-y-el-abuso","status":"publish","type":"page","link":"https:\/\/georgiaaccess.gov\/es\/proteccion-contra-el-fraude-el-despilfarro-y-el-abuso\/","title":{"rendered":"Protecci\u00f3n contra el fraude, el despilfarro y el abuso"},"content":{"rendered":"\n<p>Georgia Access se enfoca en proteger a los consumidores, agentes, compa\u00f1\u00edas de seguros, corredores web y al estado de Georgia de casos de fraude, despilfarro y abuso. Georgia Access coordina con la Divisi\u00f3n de Investigaciones Criminales (CID) de la Oficina del Comisionado de Seguros y Seguridad contra Incendios (OCI) para prevenir, identificar, corregir y denunciar casos de fraude, despilfarro y abuso. <\/p>\n\n\n\n<h2 class=\"wp-block-heading h2-heading\">Definiciones y ejemplos de fraude, despilfarro y abuso<\/h2>\n\n\n\n<p><strong>Fraude:<\/strong> El fraude ocurre cuando cualquier persona tergiversa o tergiversa informaci\u00f3n a sabiendas para enga\u00f1ar intencionalmente a un individuo o sistema con fines de lucro o proporciona a sabiendas informaci\u00f3n falsa para obtener ganancias u obtener acceso a un servicio o pago no autorizado. Los ejemplos de fraude pueden incluir, entre otros: <\/p>\n\n\n\n<ul class=\"wp-block-list\">\n<li>Consumidores que proporcionan informaci\u00f3n falsa para calificar para la cobertura.<\/li>\n\n\n\n<li>Una persona que a sabiendas se presenta falsamente para obtener acceso a la informaci\u00f3n financiera u otra informaci\u00f3n personal de un consumidor.<\/li>\n\n\n\n<li>Compa\u00f1\u00edas de seguros que proporcionan informaci\u00f3n falsa con la intenci\u00f3n de convencer a los consumidores de que se inscriban en un plan de salud.<\/li>\n\n\n\n<li>Agentes que inscriben a sabiendas a un consumidor en un plan de salud sin el conocimiento o consentimiento del consumidor.<\/li>\n<\/ul>\n\n\n\n<p><strong>Desperdiciar:<\/strong> El desperdicio es el gasto innecesario o el uso descuidado de los recursos, ya sea intencional o no. Los ejemplos de desperdicio pueden incluir, entre otros: <\/p>\n\n\n\n<ul class=\"wp-block-list\">\n<li>Compra de art\u00edculos con fondos estatales que no son necesarios ni se utilizan para fines comerciales.<\/li>\n\n\n\n<li>Facturar a los consumidores por un servicio que no recibieron.<\/li>\n<\/ul>\n\n\n\n<p><strong>Abuso:<\/strong> El abuso es la destrucci\u00f3n, manipulaci\u00f3n, maltrato o mal uso intencional de los recursos o el uso excesivo de la posici\u00f3n o autoridad de una persona. El abuso puede ocurrir en entornos financieros y no financieros y puede incluir, entre otros: <\/p>\n\n\n\n<ul class=\"wp-block-list\">\n<li>Un proveedor tergiversa a sabiendas o intencionalmente los servicios m\u00e9dicos prestados para obtener el pago.<\/li>\n\n\n\n<li>Un empleado que registra las horas incorrectas trabajadas.<\/li>\n\n\n\n<li>Una persona o entidad que utiliza fondos de subvenci\u00f3n fuera del \u00e1mbito de uso autorizado.<\/li>\n<\/ul>\n\n\n\n<h2 class=\"wp-block-heading h2-heading\">\u00bfC\u00f3mo denuncio fraude, despilfarro o abuso?<\/h2>\n\n\n\n<p>Si sospechas o sufres fraude, despilfarro o abuso de seguros, puedes denunciar el incidente a trav\u00e9s del <a href=\"https:\/\/secure.coplogic.com\/dors\/startreport\/300007605\" target=\"_blank\" rel=\"noreferrer noopener\">portal en l\u00ednea<\/a> CID de OCI.<\/p>\n\n\n\n<p>Para obtener m\u00e1s informaci\u00f3n sobre c\u00f3mo denunciar sospechas de fraude de seguros al CID, visite el <a href=\"https:\/\/oci.georgia.gov\/report-suspected-fraud\" target=\"_blank\" rel=\"noreferrer noopener\">sitio web de OCI<\/a>.<\/p>\n\n\n\n<p>Si sospecha de fraude, despilfarro o abuso dentro de Georgia Access, como parte del Poder Ejecutivo del Estado de Georgia, puede denunciar el incidente a trav\u00e9s de la Oficina del Inspector General (OIG) del Estado de Georgia. Para obtener m\u00e1s informaci\u00f3n sobre c\u00f3mo denunciar fraude, despilfarro o abuso dentro de la Rama Ejecutiva del gobierno estatal, visite el <a href=\"https:\/\/oig.georgia.gov\/report-fraud-waste-abuse-0\" target=\"_blank\" rel=\"noreferrer noopener\">sitio web de la OIG<\/a>. <\/p>\n\n\n\n<h2 class=\"wp-block-heading h2-heading\">\u00bfC\u00f3mo maneja Georgia Access las quejas y reportes de fraude, despilfarro y abuso?<\/h2>\n\n\n\n<p>Como divisi\u00f3n de OCI, Georgia Access sigue los protocolos de presentaci\u00f3n de informes establecidos por OCI en coordinaci\u00f3n con la Asociaci\u00f3n Nacional de Comisionados de Seguros (NAIC). Tras la notificaci\u00f3n de una actividad fraudulenta, OCI puede emprender acciones legales contra las entidades sospechosas. La investigaci\u00f3n de las reclamaciones de fraude est\u00e1 a cargo del OCI CID.  <\/p>\n\n\n\n<h2 class=\"wp-block-heading h2-heading\">Preguntas Frecuentes sobre Fraude de Seguros<\/h2>\n\n\n\n<p>Visite el sitio web de OCI para obtener m\u00e1s informaci\u00f3n sobre las <a href=\"https:\/\/oci.georgia.gov\/insurance-resources\/complaints-fraud\/insurance-fraud-faq\" target=\"_blank\" rel=\"noreferrer noopener\">preguntas frecuentes sobre el fraude de seguros<\/a>.<\/p>\n\n\n\n<div style=\"height:42px\" aria-hidden=\"true\" class=\"wp-block-spacer\"><\/div>\n","protected":false},"excerpt":{"rendered":"<p>Georgia Access se enfoca en proteger a los consumidores, agentes, compa\u00f1\u00edas de seguros, corredores web y al estado de Georgia de casos de fraude, despilfarro y abuso. Georgia Access coordina con la Divisi\u00f3n de Investigaciones Criminales (CID) de la Oficina del Comisionado de Seguros y Seguridad contra Incendios (OCI) para prevenir, identificar, corregir y denunciar [&hellip;]<\/p>\n","protected":false},"author":1,"featured_media":6613,"parent":0,"menu_order":4,"comment_status":"closed","ping_status":"closed","template":"sidebar-menu-template.php","meta":{"_acf_changed":false,"inline_featured_image":false,"_uag_custom_page_level_css":"","site-sidebar-layout":"default","site-content-layout":"","ast-site-content-layout":"default","site-content-style":"default","site-sidebar-style":"default","ast-global-header-display":"","ast-banner-title-visibility":"","ast-main-header-display":"","ast-hfb-above-header-display":"","ast-hfb-below-header-display":"","ast-hfb-mobile-header-display":"","site-post-title":"","ast-breadcrumbs-content":"","ast-featured-img":"disabled","footer-sml-layout":"","ast-disable-related-posts":"","theme-transparent-header-meta":"","adv-header-id-meta":"","stick-header-meta":"","header-above-stick-meta":"","header-main-stick-meta":"","header-below-stick-meta":"","astra-migrate-meta-layouts":"set","ast-page-background-enabled":"default","ast-page-background-meta":{"desktop":{"background-color":"var(--ast-global-color-4)","background-image":"","background-repeat":"repeat","background-position":"center center","background-size":"auto","background-attachment":"scroll","background-type":"","background-media":"","overlay-type":"","overlay-color":"","overlay-opacity":"","overlay-gradient":""},"tablet":{"background-color":"","background-image":"","background-repeat":"repeat","background-position":"center center","background-size":"auto","background-attachment":"scroll","background-type":"","background-media":"","overlay-type":"","overlay-color":"","overlay-opacity":"","overlay-gradient":""},"mobile":{"background-color":"","background-image":"","background-repeat":"repeat","background-position":"center center","background-size":"auto","background-attachment":"scroll","background-type":"","background-media":"","overlay-type":"","overlay-color":"","overlay-opacity":"","overlay-gradient":""}},"ast-content-background-meta":{"desktop":{"background-color":"var(--ast-global-color-5)","background-image":"","background-repeat":"repeat","background-position":"center center","background-size":"auto","background-attachment":"scroll","background-type":"","background-media":"","overlay-type":"","overlay-color":"","overlay-opacity":"","overlay-gradient":""},"tablet":{"background-color":"var(--ast-global-color-5)","background-image":"","background-repeat":"repeat","background-position":"center center","background-size":"auto","background-attachment":"scroll","background-type":"","background-media":"","overlay-type":"","overlay-color":"","overlay-opacity":"","overlay-gradient":""},"mobile":{"background-color":"var(--ast-global-color-5)","background-image":"","background-repeat":"repeat","background-position":"center center","background-size":"auto","background-attachment":"scroll","background-type":"","background-media":"","overlay-type":"","overlay-color":"","overlay-opacity":"","overlay-gradient":""}},"footnotes":""},"class_list":["post-3132","page","type-page","status-publish","has-post-thumbnail","hentry"],"acf":[],"yoast_head":"<!-- This site is optimized with the Yoast SEO plugin v26.8 - https:\/\/yoast.com\/product\/yoast-seo-wordpress\/ -->\n<title>Protecci\u00f3n contra el fraude, el despilfarro y el abuso | Acceso a Georgia<\/title>\n<meta name=\"description\" content=\"Georgia Access se compromete a proteger a los consumidores, agentes, compa\u00f1\u00edas de seguros, corredores web y al estado de Georgia de casos de fraude, despilfarro y abuso.\" \/>\n<meta name=\"robots\" content=\"index, follow, max-snippet:-1, max-image-preview:large, max-video-preview:-1\" \/>\n<link rel=\"canonical\" href=\"https:\/\/georgiaaccess.gov\/es\/proteccion-contra-el-fraude-el-despilfarro-y-el-abuso\/\" \/>\n<meta property=\"og:locale\" content=\"es_ES\" \/>\n<meta property=\"og:type\" content=\"article\" \/>\n<meta property=\"og:title\" content=\"Protecci\u00f3n contra el fraude, el despilfarro y el abuso | Acceso a Georgia\" \/>\n<meta property=\"og:description\" content=\"Georgia Access se compromete a proteger a los consumidores, agentes, compa\u00f1\u00edas de seguros, corredores web y al estado de Georgia de casos de fraude, despilfarro y abuso.\" \/>\n<meta property=\"og:url\" content=\"https:\/\/georgiaaccess.gov\/es\/proteccion-contra-el-fraude-el-despilfarro-y-el-abuso\/\" \/>\n<meta property=\"og:site_name\" content=\"Georgia Access\" \/>\n<meta property=\"article:modified_time\" content=\"2025-09-29T13:05:23+00:00\" \/>\n<meta property=\"og:image\" content=\"https:\/\/georgiaaccess.gov\/wp-content\/uploads\/2025\/09\/help-and-support-header-scaled.jpg\" \/>\n\t<meta property=\"og:image:width\" content=\"2560\" \/>\n\t<meta property=\"og:image:height\" content=\"348\" \/>\n\t<meta property=\"og:image:type\" content=\"image\/jpeg\" \/>\n<meta name=\"twitter:card\" content=\"summary_large_image\" \/>\n<meta name=\"twitter:label1\" content=\"Tiempo de lectura\" \/>\n\t<meta name=\"twitter:data1\" content=\"3 minutos\" \/>\n<script type=\"application\/ld+json\" class=\"yoast-schema-graph\">{\"@context\":\"https:\/\/schema.org\",\"@graph\":[{\"@type\":\"WebPage\",\"@id\":\"https:\/\/georgiaaccess.gov\/es\/proteccion-contra-el-fraude-el-despilfarro-y-el-abuso\/\",\"url\":\"https:\/\/georgiaaccess.gov\/es\/proteccion-contra-el-fraude-el-despilfarro-y-el-abuso\/\",\"name\":\"Protecci\u00f3n contra el fraude, el despilfarro y el abuso | Acceso a Georgia\",\"isPartOf\":{\"@id\":\"https:\/\/georgiaaccess.gov\/es\/#website\"},\"primaryImageOfPage\":{\"@id\":\"https:\/\/georgiaaccess.gov\/es\/proteccion-contra-el-fraude-el-despilfarro-y-el-abuso\/#primaryimage\"},\"image\":{\"@id\":\"https:\/\/georgiaaccess.gov\/es\/proteccion-contra-el-fraude-el-despilfarro-y-el-abuso\/#primaryimage\"},\"thumbnailUrl\":\"https:\/\/georgiaaccess.gov\/wp-content\/uploads\/2025\/09\/help-and-support-header-scaled.jpg\",\"datePublished\":\"2023-11-13T19:39:51+00:00\",\"dateModified\":\"2025-09-29T13:05:23+00:00\",\"description\":\"Georgia Access se compromete a proteger a los consumidores, agentes, compa\u00f1\u00edas de seguros, corredores web y al estado de Georgia de casos de fraude, despilfarro y abuso.\",\"breadcrumb\":{\"@id\":\"https:\/\/georgiaaccess.gov\/es\/proteccion-contra-el-fraude-el-despilfarro-y-el-abuso\/#breadcrumb\"},\"inLanguage\":\"es\",\"potentialAction\":[{\"@type\":\"ReadAction\",\"target\":[\"https:\/\/georgiaaccess.gov\/es\/proteccion-contra-el-fraude-el-despilfarro-y-el-abuso\/\"]}]},{\"@type\":\"ImageObject\",\"inLanguage\":\"es\",\"@id\":\"https:\/\/georgiaaccess.gov\/es\/proteccion-contra-el-fraude-el-despilfarro-y-el-abuso\/#primaryimage\",\"url\":\"https:\/\/georgiaaccess.gov\/wp-content\/uploads\/2025\/09\/help-and-support-header-scaled.jpg\",\"contentUrl\":\"https:\/\/georgiaaccess.gov\/wp-content\/uploads\/2025\/09\/help-and-support-header-scaled.jpg\",\"width\":2560,\"height\":348,\"caption\":\"Female doctor providing help and support to her female patient.\"},{\"@type\":\"BreadcrumbList\",\"@id\":\"https:\/\/georgiaaccess.gov\/es\/proteccion-contra-el-fraude-el-despilfarro-y-el-abuso\/#breadcrumb\",\"itemListElement\":[{\"@type\":\"ListItem\",\"position\":1,\"name\":\"Home\",\"item\":\"https:\/\/georgiaaccess.gov\/es\/\"},{\"@type\":\"ListItem\",\"position\":2,\"name\":\"Protecci\u00f3n contra el fraude, el despilfarro y el abuso\"}]},{\"@type\":\"WebSite\",\"@id\":\"https:\/\/georgiaaccess.gov\/es\/#website\",\"url\":\"https:\/\/georgiaaccess.gov\/es\/\",\"name\":\"Georgia Access\",\"description\":\"\",\"publisher\":{\"@id\":\"https:\/\/georgiaaccess.gov\/es\/#organization\"},\"potentialAction\":[{\"@type\":\"SearchAction\",\"target\":{\"@type\":\"EntryPoint\",\"urlTemplate\":\"https:\/\/georgiaaccess.gov\/es\/?s={search_term_string}\"},\"query-input\":{\"@type\":\"PropertyValueSpecification\",\"valueRequired\":true,\"valueName\":\"search_term_string\"}}],\"inLanguage\":\"es\"},{\"@type\":\"Organization\",\"@id\":\"https:\/\/georgiaaccess.gov\/es\/#organization\",\"name\":\"Georgia Access\",\"url\":\"https:\/\/georgiaaccess.gov\/es\/\",\"logo\":{\"@type\":\"ImageObject\",\"inLanguage\":\"es\",\"@id\":\"https:\/\/georgiaaccess.gov\/es\/#\/schema\/logo\/image\/\",\"url\":\"https:\/\/georgiaaccess.gov\/wp-content\/uploads\/2022\/10\/georgia-access-logo-stacked.svg\",\"contentUrl\":\"https:\/\/georgiaaccess.gov\/wp-content\/uploads\/2022\/10\/georgia-access-logo-stacked.svg\",\"width\":180,\"height\":56,\"caption\":\"Georgia Access\"},\"image\":{\"@id\":\"https:\/\/georgiaaccess.gov\/es\/#\/schema\/logo\/image\/\"}}]}<\/script>\n<!-- \/ Yoast SEO plugin. -->","yoast_head_json":{"title":"Protecci\u00f3n contra el fraude, el despilfarro y el abuso | Acceso a Georgia","description":"Georgia Access se compromete a proteger a los consumidores, agentes, compa\u00f1\u00edas de seguros, corredores web y al estado de Georgia de casos de fraude, despilfarro y abuso.","robots":{"index":"index","follow":"follow","max-snippet":"max-snippet:-1","max-image-preview":"max-image-preview:large","max-video-preview":"max-video-preview:-1"},"canonical":"https:\/\/georgiaaccess.gov\/es\/proteccion-contra-el-fraude-el-despilfarro-y-el-abuso\/","og_locale":"es_ES","og_type":"article","og_title":"Protecci\u00f3n contra el fraude, el despilfarro y el abuso | Acceso a Georgia","og_description":"Georgia Access se compromete a proteger a los consumidores, agentes, compa\u00f1\u00edas de seguros, corredores web y al estado de Georgia de casos de fraude, despilfarro y abuso.","og_url":"https:\/\/georgiaaccess.gov\/es\/proteccion-contra-el-fraude-el-despilfarro-y-el-abuso\/","og_site_name":"Georgia Access","article_modified_time":"2025-09-29T13:05:23+00:00","og_image":[{"width":2560,"height":348,"url":"https:\/\/georgiaaccess.gov\/wp-content\/uploads\/2025\/09\/help-and-support-header-scaled.jpg","type":"image\/jpeg"}],"twitter_card":"summary_large_image","twitter_misc":{"Tiempo de lectura":"3 minutos"},"schema":{"@context":"https:\/\/schema.org","@graph":[{"@type":"WebPage","@id":"https:\/\/georgiaaccess.gov\/es\/proteccion-contra-el-fraude-el-despilfarro-y-el-abuso\/","url":"https:\/\/georgiaaccess.gov\/es\/proteccion-contra-el-fraude-el-despilfarro-y-el-abuso\/","name":"Protecci\u00f3n contra el fraude, el despilfarro y el abuso | Acceso a Georgia","isPartOf":{"@id":"https:\/\/georgiaaccess.gov\/es\/#website"},"primaryImageOfPage":{"@id":"https:\/\/georgiaaccess.gov\/es\/proteccion-contra-el-fraude-el-despilfarro-y-el-abuso\/#primaryimage"},"image":{"@id":"https:\/\/georgiaaccess.gov\/es\/proteccion-contra-el-fraude-el-despilfarro-y-el-abuso\/#primaryimage"},"thumbnailUrl":"https:\/\/georgiaaccess.gov\/wp-content\/uploads\/2025\/09\/help-and-support-header-scaled.jpg","datePublished":"2023-11-13T19:39:51+00:00","dateModified":"2025-09-29T13:05:23+00:00","description":"Georgia Access se compromete a proteger a los consumidores, agentes, compa\u00f1\u00edas de seguros, corredores web y al estado de Georgia de casos de fraude, despilfarro y abuso.","breadcrumb":{"@id":"https:\/\/georgiaaccess.gov\/es\/proteccion-contra-el-fraude-el-despilfarro-y-el-abuso\/#breadcrumb"},"inLanguage":"es","potentialAction":[{"@type":"ReadAction","target":["https:\/\/georgiaaccess.gov\/es\/proteccion-contra-el-fraude-el-despilfarro-y-el-abuso\/"]}]},{"@type":"ImageObject","inLanguage":"es","@id":"https:\/\/georgiaaccess.gov\/es\/proteccion-contra-el-fraude-el-despilfarro-y-el-abuso\/#primaryimage","url":"https:\/\/georgiaaccess.gov\/wp-content\/uploads\/2025\/09\/help-and-support-header-scaled.jpg","contentUrl":"https:\/\/georgiaaccess.gov\/wp-content\/uploads\/2025\/09\/help-and-support-header-scaled.jpg","width":2560,"height":348,"caption":"Female doctor providing help and support to her female patient."},{"@type":"BreadcrumbList","@id":"https:\/\/georgiaaccess.gov\/es\/proteccion-contra-el-fraude-el-despilfarro-y-el-abuso\/#breadcrumb","itemListElement":[{"@type":"ListItem","position":1,"name":"Home","item":"https:\/\/georgiaaccess.gov\/es\/"},{"@type":"ListItem","position":2,"name":"Protecci\u00f3n contra el fraude, el despilfarro y el abuso"}]},{"@type":"WebSite","@id":"https:\/\/georgiaaccess.gov\/es\/#website","url":"https:\/\/georgiaaccess.gov\/es\/","name":"Georgia Access","description":"","publisher":{"@id":"https:\/\/georgiaaccess.gov\/es\/#organization"},"potentialAction":[{"@type":"SearchAction","target":{"@type":"EntryPoint","urlTemplate":"https:\/\/georgiaaccess.gov\/es\/?s={search_term_string}"},"query-input":{"@type":"PropertyValueSpecification","valueRequired":true,"valueName":"search_term_string"}}],"inLanguage":"es"},{"@type":"Organization","@id":"https:\/\/georgiaaccess.gov\/es\/#organization","name":"Georgia Access","url":"https:\/\/georgiaaccess.gov\/es\/","logo":{"@type":"ImageObject","inLanguage":"es","@id":"https:\/\/georgiaaccess.gov\/es\/#\/schema\/logo\/image\/","url":"https:\/\/georgiaaccess.gov\/wp-content\/uploads\/2022\/10\/georgia-access-logo-stacked.svg","contentUrl":"https:\/\/georgiaaccess.gov\/wp-content\/uploads\/2022\/10\/georgia-access-logo-stacked.svg","width":180,"height":56,"caption":"Georgia Access"},"image":{"@id":"https:\/\/georgiaaccess.gov\/es\/#\/schema\/logo\/image\/"}}]}},"uagb_featured_image_src":{"full":["https:\/\/georgiaaccess.gov\/wp-content\/uploads\/2025\/09\/help-and-support-header-scaled.jpg",2560,348,false],"thumbnail":["https:\/\/georgiaaccess.gov\/wp-content\/uploads\/2025\/09\/help-and-support-header-150x150.jpg",150,150,true],"medium":["https:\/\/georgiaaccess.gov\/wp-content\/uploads\/2025\/09\/help-and-support-header-300x41.jpg",300,41,true],"medium_large":["https:\/\/georgiaaccess.gov\/wp-content\/uploads\/2025\/09\/help-and-support-header-768x105.jpg",768,105,true],"large":["https:\/\/georgiaaccess.gov\/wp-content\/uploads\/2025\/09\/help-and-support-header-1024x139.jpg",1024,139,true],"1536x1536":["https:\/\/georgiaaccess.gov\/wp-content\/uploads\/2025\/09\/help-and-support-header-1536x209.jpg",1536,209,true],"2048x2048":["https:\/\/georgiaaccess.gov\/wp-content\/uploads\/2025\/09\/help-and-support-header-2048x279.jpg",2048,279,true]},"uagb_author_info":{"display_name":"notadmin","author_link":"https:\/\/georgiaaccess.gov\/es\/author\/notadmin\/"},"uagb_comment_info":0,"uagb_excerpt":"Georgia Access se enfoca en proteger a los consumidores, agentes, compa\u00f1\u00edas de seguros, corredores web y al estado de Georgia de casos de fraude, despilfarro y abuso. Georgia Access coordina con la Divisi\u00f3n de Investigaciones Criminales (CID) de la Oficina del Comisionado de Seguros y Seguridad contra Incendios (OCI) para prevenir, identificar, corregir y denunciar&hellip;","_links":{"self":[{"href":"https:\/\/georgiaaccess.gov\/es\/wp-json\/wp\/v2\/pages\/3132","targetHints":{"allow":["GET"]}}],"collection":[{"href":"https:\/\/georgiaaccess.gov\/es\/wp-json\/wp\/v2\/pages"}],"about":[{"href":"https:\/\/georgiaaccess.gov\/es\/wp-json\/wp\/v2\/types\/page"}],"author":[{"embeddable":true,"href":"https:\/\/georgiaaccess.gov\/es\/wp-json\/wp\/v2\/users\/1"}],"replies":[{"embeddable":true,"href":"https:\/\/georgiaaccess.gov\/es\/wp-json\/wp\/v2\/comments?post=3132"}],"version-history":[{"count":6,"href":"https:\/\/georgiaaccess.gov\/es\/wp-json\/wp\/v2\/pages\/3132\/revisions"}],"predecessor-version":[{"id":8591,"href":"https:\/\/georgiaaccess.gov\/es\/wp-json\/wp\/v2\/pages\/3132\/revisions\/8591"}],"wp:featuredmedia":[{"embeddable":true,"href":"https:\/\/georgiaaccess.gov\/es\/wp-json\/wp\/v2\/media\/6613"}],"wp:attachment":[{"href":"https:\/\/georgiaaccess.gov\/es\/wp-json\/wp\/v2\/media?parent=3132"}],"curies":[{"name":"wp","href":"https:\/\/api.w.org\/{rel}","templated":true}]}}