{"id":3123,"date":"2024-09-27T18:55:26","date_gmt":"2024-09-27T22:55:26","guid":{"rendered":"https:\/\/georgiaaccess.gov\/aprende-mas\/representantes-autorizados\/"},"modified":"2026-03-27T17:03:39","modified_gmt":"2026-03-27T21:03:39","slug":"representantes-autorizados","status":"publish","type":"page","link":"https:\/\/georgiaaccess.gov\/es\/representantes-autorizados\/","title":{"rendered":"Representantes Autorizados"},"content":{"rendered":"\n<p>Puede designar a un representante autorizado para que lo ayude con su solicitud, tome decisiones de inscripci\u00f3n en su nombre y lo represente para todas las consultas y actividades relacionadas con su cobertura de salud en Georgia Access.<\/p>\n\n\n\n<p>Si designa a alguien como su representante autorizado, todos los avisos y comunicaciones sobre su solicitud y elegibilidad ir\u00e1n a su representante autorizado en lugar de a usted. Tanto usted como la persona que designe deben estar de acuerdo y proporcionar documentaci\u00f3n que acredite esta designaci\u00f3n. <\/p>\n\n\n\n<h2 class=\"wp-block-heading h2-heading\">\u00bfQui\u00e9n puede ser un representante autorizado?<\/h2>\n\n\n\n<p>Un representante autorizado puede ser un amigo, un familiar u otra persona de confianza.  <\/p>\n\n\n\n<p><em>Nota: Designar a un Navegador certificado o a un Consejero de Solicitudes Certificado (CAC) como su representante autorizado les proh\u00edbe operar en su capacidad oficial como asistentes.<\/em><\/p>\n\n\n\n<h2 class=\"wp-block-heading h2-heading\">\u00bfC\u00f3mo puedo designar a alguien como mi representante autorizado?<\/h2>\n\n\n\n<p>Puede designar a un representante autorizado en l\u00ednea en su solicitud de Georgia Access o completando y enviando por correo el Ap\u00e9ndice C de la Solicitud impresa de Georgia Access o completando la secci\u00f3n correspondiente en el Formulario de Solicitud de Apelaci\u00f3n del Consumidor de Georgia Access. Consulte los enlaces a continuaci\u00f3n.<\/p>\n\n\n\n<ul class=\"wp-block-list\">\n<li><a href=\"\/wp-content\/uploads\/2026\/03\/Georgia-Access-Consumer-Paper-Application_PY2026.pdf\" target=\"_blank\" rel=\"noreferrer noopener\">Solicitud de Documento para el Consumidor de Georgia Access (Ingl\u00e9s)<\/a> &#8211; Ap\u00e9ndice C solamente<\/li>\n\n\n\n<li><a href=\"\/wp-content\/uploads\/2026\/03\/Georgia-Access-Consumer-Paper-Application_PY2026_Spanish.pdf\" target=\"_blank\" rel=\"noreferrer noopener\">Solicitud de Papel para el Consumidor de Georgia Access (Espa\u00f1ol)<\/a> &#8211; Ap\u00e9ndice C solamente<\/li>\n<\/ul>\n\n\n\n<p><\/p>\n\n\n\n<ul class=\"wp-block-list\">\n<li><a href=\"\/wp-content\/uploads\/2024\/09\/Georgia-Access-Consumer-Appeal-Request-Form_PY2025.pdf\" target=\"_blank\" rel=\"noreferrer noopener\">Formulario de solicitud de apelaci\u00f3n del consumidor de Georgia Access (ingl\u00e9s)  <\/a><\/li>\n\n\n\n<li><a href=\"https:\/\/georgiaaccess.gov\/wp-content\/uploads\/2024\/09\/Georgia-Access-Consumer-Appeal-Request-Form_PY2025_Spanish.pdf\" target=\"_blank\" rel=\"noreferrer noopener\">Formulario de solicitud de apelaci\u00f3n del consumidor de Georgia Access (espa\u00f1ol)<\/a> <\/li>\n<\/ul>\n\n\n\n<h2 class=\"wp-block-heading h2-heading\">\u00bfC\u00f3mo elimino a mi representante autorizado?<\/h2>\n\n\n\n<p>Si necesita cambiar o eliminar a su representante autorizado, puede comunicarse con el centro de contacto de Georgia Access al <a href=\"tel:1-888-687-1503\">1-888-687-1503<\/a> (l\u00ednea TTY 711).<\/p>\n\n\n\n<div style=\"height:40px\" aria-hidden=\"true\" class=\"wp-block-spacer\"><\/div>\n","protected":false},"excerpt":{"rendered":"<p>Puede designar a un representante autorizado para que lo ayude con su solicitud, tome decisiones de inscripci\u00f3n en su nombre y lo represente para todas las consultas y actividades relacionadas con su cobertura de salud en Georgia Access. Si designa a alguien como su representante autorizado, todos los avisos y comunicaciones sobre su solicitud y [&hellip;]<\/p>\n","protected":false},"author":18,"featured_media":6613,"parent":0,"menu_order":0,"comment_status":"closed","ping_status":"closed","template":"sidebar-menu-template.php","meta":{"_acf_changed":false,"inline_featured_image":false,"_uag_custom_page_level_css":"","site-sidebar-layout":"default","site-content-layout":"","ast-site-content-layout":"default","site-content-style":"default","site-sidebar-style":"default","ast-global-header-display":"","ast-banner-title-visibility":"","ast-main-header-display":"","ast-hfb-above-header-display":"","ast-hfb-below-header-display":"","ast-hfb-mobile-header-display":"","site-post-title":"","ast-breadcrumbs-content":"","ast-featured-img":"disabled","footer-sml-layout":"","ast-disable-related-posts":"","theme-transparent-header-meta":"","adv-header-id-meta":"","stick-header-meta":"","header-above-stick-meta":"","header-main-stick-meta":"","header-below-stick-meta":"","astra-migrate-meta-layouts":"set","ast-page-background-enabled":"default","ast-page-background-meta":{"desktop":{"background-color":"var(--ast-global-color-4)","background-image":"","background-repeat":"repeat","background-position":"center center","background-size":"auto","background-attachment":"scroll","background-type":"","background-media":"","overlay-type":"","overlay-color":"","overlay-opacity":"","overlay-gradient":""},"tablet":{"background-color":"","background-image":"","background-repeat":"repeat","background-position":"center center","background-size":"auto","background-attachment":"scroll","background-type":"","background-media":"","overlay-type":"","overlay-color":"","overlay-opacity":"","overlay-gradient":""},"mobile":{"background-color":"","background-image":"","background-repeat":"repeat","background-position":"center center","background-size":"auto","background-attachment":"scroll","background-type":"","background-media":"","overlay-type":"","overlay-color":"","overlay-opacity":"","overlay-gradient":""}},"ast-content-background-meta":{"desktop":{"background-color":"var(--ast-global-color-5)","background-image":"","background-repeat":"repeat","background-position":"center center","background-size":"auto","background-attachment":"scroll","background-type":"","background-media":"","overlay-type":"","overlay-color":"","overlay-opacity":"","overlay-gradient":""},"tablet":{"background-color":"var(--ast-global-color-5)","background-image":"","background-repeat":"repeat","background-position":"center center","background-size":"auto","background-attachment":"scroll","background-type":"","background-media":"","overlay-type":"","overlay-color":"","overlay-opacity":"","overlay-gradient":""},"mobile":{"background-color":"var(--ast-global-color-5)","background-image":"","background-repeat":"repeat","background-position":"center center","background-size":"auto","background-attachment":"scroll","background-type":"","background-media":"","overlay-type":"","overlay-color":"","overlay-opacity":"","overlay-gradient":""}},"footnotes":""},"class_list":["post-3123","page","type-page","status-publish","has-post-thumbnail","hentry"],"acf":[],"yoast_head":"<!-- This site is optimized with the Yoast SEO plugin v26.8 - https:\/\/yoast.com\/product\/yoast-seo-wordpress\/ -->\n<title>Representantes Autorizados | Acceso a Georgia<\/title>\n<meta name=\"description\" content=\"Aprenda c\u00f3mo designar a un representante autorizado para administrar la cobertura. Georgia Access proporciona orientaci\u00f3n sobre c\u00f3mo elegir y designar a un representante.\" \/>\n<meta name=\"robots\" content=\"index, follow, max-snippet:-1, max-image-preview:large, max-video-preview:-1\" \/>\n<link rel=\"canonical\" href=\"https:\/\/georgiaaccess.gov\/es\/representantes-autorizados\/\" \/>\n<meta property=\"og:locale\" content=\"es_ES\" \/>\n<meta property=\"og:type\" content=\"article\" \/>\n<meta property=\"og:title\" content=\"Representantes Autorizados | Acceso a Georgia\" \/>\n<meta property=\"og:description\" content=\"Aprenda c\u00f3mo designar a un representante autorizado para administrar la cobertura. Georgia Access proporciona orientaci\u00f3n sobre c\u00f3mo elegir y designar a un representante.\" \/>\n<meta property=\"og:url\" content=\"https:\/\/georgiaaccess.gov\/es\/representantes-autorizados\/\" \/>\n<meta property=\"og:site_name\" content=\"Georgia Access\" \/>\n<meta property=\"article:modified_time\" content=\"2026-03-27T21:03:39+00:00\" \/>\n<meta property=\"og:image\" content=\"https:\/\/georgiaaccess.gov\/wp-content\/uploads\/2025\/09\/help-and-support-header-scaled.jpg\" \/>\n\t<meta property=\"og:image:width\" content=\"2560\" \/>\n\t<meta property=\"og:image:height\" content=\"348\" \/>\n\t<meta property=\"og:image:type\" content=\"image\/jpeg\" \/>\n<meta name=\"twitter:card\" content=\"summary_large_image\" \/>\n<meta name=\"twitter:label1\" content=\"Tiempo de lectura\" \/>\n\t<meta name=\"twitter:data1\" content=\"2 minutos\" \/>\n<script type=\"application\/ld+json\" class=\"yoast-schema-graph\">{\"@context\":\"https:\/\/schema.org\",\"@graph\":[{\"@type\":\"WebPage\",\"@id\":\"https:\/\/georgiaaccess.gov\/es\/representantes-autorizados\/\",\"url\":\"https:\/\/georgiaaccess.gov\/es\/representantes-autorizados\/\",\"name\":\"Representantes Autorizados | Acceso a Georgia\",\"isPartOf\":{\"@id\":\"https:\/\/georgiaaccess.gov\/es\/#website\"},\"primaryImageOfPage\":{\"@id\":\"https:\/\/georgiaaccess.gov\/es\/representantes-autorizados\/#primaryimage\"},\"image\":{\"@id\":\"https:\/\/georgiaaccess.gov\/es\/representantes-autorizados\/#primaryimage\"},\"thumbnailUrl\":\"https:\/\/georgiaaccess.gov\/wp-content\/uploads\/2025\/09\/help-and-support-header-scaled.jpg\",\"datePublished\":\"2024-09-27T22:55:26+00:00\",\"dateModified\":\"2026-03-27T21:03:39+00:00\",\"description\":\"Aprenda c\u00f3mo designar a un representante autorizado para administrar la cobertura. Georgia Access proporciona orientaci\u00f3n sobre c\u00f3mo elegir y designar a un representante.\",\"breadcrumb\":{\"@id\":\"https:\/\/georgiaaccess.gov\/es\/representantes-autorizados\/#breadcrumb\"},\"inLanguage\":\"es\",\"potentialAction\":[{\"@type\":\"ReadAction\",\"target\":[\"https:\/\/georgiaaccess.gov\/es\/representantes-autorizados\/\"]}]},{\"@type\":\"ImageObject\",\"inLanguage\":\"es\",\"@id\":\"https:\/\/georgiaaccess.gov\/es\/representantes-autorizados\/#primaryimage\",\"url\":\"https:\/\/georgiaaccess.gov\/wp-content\/uploads\/2025\/09\/help-and-support-header-scaled.jpg\",\"contentUrl\":\"https:\/\/georgiaaccess.gov\/wp-content\/uploads\/2025\/09\/help-and-support-header-scaled.jpg\",\"width\":2560,\"height\":348,\"caption\":\"Female doctor providing help and support to her female patient.\"},{\"@type\":\"BreadcrumbList\",\"@id\":\"https:\/\/georgiaaccess.gov\/es\/representantes-autorizados\/#breadcrumb\",\"itemListElement\":[{\"@type\":\"ListItem\",\"position\":1,\"name\":\"Home\",\"item\":\"https:\/\/georgiaaccess.gov\/es\/\"},{\"@type\":\"ListItem\",\"position\":2,\"name\":\"Representantes Autorizados\"}]},{\"@type\":\"WebSite\",\"@id\":\"https:\/\/georgiaaccess.gov\/es\/#website\",\"url\":\"https:\/\/georgiaaccess.gov\/es\/\",\"name\":\"Georgia Access\",\"description\":\"\",\"publisher\":{\"@id\":\"https:\/\/georgiaaccess.gov\/es\/#organization\"},\"potentialAction\":[{\"@type\":\"SearchAction\",\"target\":{\"@type\":\"EntryPoint\",\"urlTemplate\":\"https:\/\/georgiaaccess.gov\/es\/?s={search_term_string}\"},\"query-input\":{\"@type\":\"PropertyValueSpecification\",\"valueRequired\":true,\"valueName\":\"search_term_string\"}}],\"inLanguage\":\"es\"},{\"@type\":\"Organization\",\"@id\":\"https:\/\/georgiaaccess.gov\/es\/#organization\",\"name\":\"Georgia Access\",\"url\":\"https:\/\/georgiaaccess.gov\/es\/\",\"logo\":{\"@type\":\"ImageObject\",\"inLanguage\":\"es\",\"@id\":\"https:\/\/georgiaaccess.gov\/es\/#\/schema\/logo\/image\/\",\"url\":\"https:\/\/georgiaaccess.gov\/wp-content\/uploads\/2022\/10\/georgia-access-logo-stacked.svg\",\"contentUrl\":\"https:\/\/georgiaaccess.gov\/wp-content\/uploads\/2022\/10\/georgia-access-logo-stacked.svg\",\"width\":180,\"height\":56,\"caption\":\"Georgia Access\"},\"image\":{\"@id\":\"https:\/\/georgiaaccess.gov\/es\/#\/schema\/logo\/image\/\"}}]}<\/script>\n<!-- \/ Yoast SEO plugin. -->","yoast_head_json":{"title":"Representantes Autorizados | Acceso a Georgia","description":"Aprenda c\u00f3mo designar a un representante autorizado para administrar la cobertura. Georgia Access proporciona orientaci\u00f3n sobre c\u00f3mo elegir y designar a un representante.","robots":{"index":"index","follow":"follow","max-snippet":"max-snippet:-1","max-image-preview":"max-image-preview:large","max-video-preview":"max-video-preview:-1"},"canonical":"https:\/\/georgiaaccess.gov\/es\/representantes-autorizados\/","og_locale":"es_ES","og_type":"article","og_title":"Representantes Autorizados | Acceso a Georgia","og_description":"Aprenda c\u00f3mo designar a un representante autorizado para administrar la cobertura. Georgia Access proporciona orientaci\u00f3n sobre c\u00f3mo elegir y designar a un representante.","og_url":"https:\/\/georgiaaccess.gov\/es\/representantes-autorizados\/","og_site_name":"Georgia Access","article_modified_time":"2026-03-27T21:03:39+00:00","og_image":[{"width":2560,"height":348,"url":"https:\/\/georgiaaccess.gov\/wp-content\/uploads\/2025\/09\/help-and-support-header-scaled.jpg","type":"image\/jpeg"}],"twitter_card":"summary_large_image","twitter_misc":{"Tiempo de lectura":"2 minutos"},"schema":{"@context":"https:\/\/schema.org","@graph":[{"@type":"WebPage","@id":"https:\/\/georgiaaccess.gov\/es\/representantes-autorizados\/","url":"https:\/\/georgiaaccess.gov\/es\/representantes-autorizados\/","name":"Representantes Autorizados | Acceso a Georgia","isPartOf":{"@id":"https:\/\/georgiaaccess.gov\/es\/#website"},"primaryImageOfPage":{"@id":"https:\/\/georgiaaccess.gov\/es\/representantes-autorizados\/#primaryimage"},"image":{"@id":"https:\/\/georgiaaccess.gov\/es\/representantes-autorizados\/#primaryimage"},"thumbnailUrl":"https:\/\/georgiaaccess.gov\/wp-content\/uploads\/2025\/09\/help-and-support-header-scaled.jpg","datePublished":"2024-09-27T22:55:26+00:00","dateModified":"2026-03-27T21:03:39+00:00","description":"Aprenda c\u00f3mo designar a un representante autorizado para administrar la cobertura. Georgia Access proporciona orientaci\u00f3n sobre c\u00f3mo elegir y designar a un representante.","breadcrumb":{"@id":"https:\/\/georgiaaccess.gov\/es\/representantes-autorizados\/#breadcrumb"},"inLanguage":"es","potentialAction":[{"@type":"ReadAction","target":["https:\/\/georgiaaccess.gov\/es\/representantes-autorizados\/"]}]},{"@type":"ImageObject","inLanguage":"es","@id":"https:\/\/georgiaaccess.gov\/es\/representantes-autorizados\/#primaryimage","url":"https:\/\/georgiaaccess.gov\/wp-content\/uploads\/2025\/09\/help-and-support-header-scaled.jpg","contentUrl":"https:\/\/georgiaaccess.gov\/wp-content\/uploads\/2025\/09\/help-and-support-header-scaled.jpg","width":2560,"height":348,"caption":"Female doctor providing help and support to her female patient."},{"@type":"BreadcrumbList","@id":"https:\/\/georgiaaccess.gov\/es\/representantes-autorizados\/#breadcrumb","itemListElement":[{"@type":"ListItem","position":1,"name":"Home","item":"https:\/\/georgiaaccess.gov\/es\/"},{"@type":"ListItem","position":2,"name":"Representantes Autorizados"}]},{"@type":"WebSite","@id":"https:\/\/georgiaaccess.gov\/es\/#website","url":"https:\/\/georgiaaccess.gov\/es\/","name":"Georgia Access","description":"","publisher":{"@id":"https:\/\/georgiaaccess.gov\/es\/#organization"},"potentialAction":[{"@type":"SearchAction","target":{"@type":"EntryPoint","urlTemplate":"https:\/\/georgiaaccess.gov\/es\/?s={search_term_string}"},"query-input":{"@type":"PropertyValueSpecification","valueRequired":true,"valueName":"search_term_string"}}],"inLanguage":"es"},{"@type":"Organization","@id":"https:\/\/georgiaaccess.gov\/es\/#organization","name":"Georgia Access","url":"https:\/\/georgiaaccess.gov\/es\/","logo":{"@type":"ImageObject","inLanguage":"es","@id":"https:\/\/georgiaaccess.gov\/es\/#\/schema\/logo\/image\/","url":"https:\/\/georgiaaccess.gov\/wp-content\/uploads\/2022\/10\/georgia-access-logo-stacked.svg","contentUrl":"https:\/\/georgiaaccess.gov\/wp-content\/uploads\/2022\/10\/georgia-access-logo-stacked.svg","width":180,"height":56,"caption":"Georgia Access"},"image":{"@id":"https:\/\/georgiaaccess.gov\/es\/#\/schema\/logo\/image\/"}}]}},"uagb_featured_image_src":{"full":["https:\/\/georgiaaccess.gov\/wp-content\/uploads\/2025\/09\/help-and-support-header-scaled.jpg",2560,348,false],"thumbnail":["https:\/\/georgiaaccess.gov\/wp-content\/uploads\/2025\/09\/help-and-support-header-150x150.jpg",150,150,true],"medium":["https:\/\/georgiaaccess.gov\/wp-content\/uploads\/2025\/09\/help-and-support-header-300x41.jpg",300,41,true],"medium_large":["https:\/\/georgiaaccess.gov\/wp-content\/uploads\/2025\/09\/help-and-support-header-768x105.jpg",768,105,true],"large":["https:\/\/georgiaaccess.gov\/wp-content\/uploads\/2025\/09\/help-and-support-header-1024x139.jpg",1024,139,true],"1536x1536":["https:\/\/georgiaaccess.gov\/wp-content\/uploads\/2025\/09\/help-and-support-header-1536x209.jpg",1536,209,true],"2048x2048":["https:\/\/georgiaaccess.gov\/wp-content\/uploads\/2025\/09\/help-and-support-header-2048x279.jpg",2048,279,true]},"uagb_author_info":{"display_name":"Puloma De","author_link":"https:\/\/georgiaaccess.gov\/es\/author\/pde\/"},"uagb_comment_info":0,"uagb_excerpt":"Puede designar a un representante autorizado para que lo ayude con su solicitud, tome decisiones de inscripci\u00f3n en su nombre y lo represente para todas las consultas y actividades relacionadas con su cobertura de salud en Georgia Access. Si designa a alguien como su representante autorizado, todos los avisos y comunicaciones sobre su solicitud y&hellip;","_links":{"self":[{"href":"https:\/\/georgiaaccess.gov\/es\/wp-json\/wp\/v2\/pages\/3123","targetHints":{"allow":["GET"]}}],"collection":[{"href":"https:\/\/georgiaaccess.gov\/es\/wp-json\/wp\/v2\/pages"}],"about":[{"href":"https:\/\/georgiaaccess.gov\/es\/wp-json\/wp\/v2\/types\/page"}],"author":[{"embeddable":true,"href":"https:\/\/georgiaaccess.gov\/es\/wp-json\/wp\/v2\/users\/18"}],"replies":[{"embeddable":true,"href":"https:\/\/georgiaaccess.gov\/es\/wp-json\/wp\/v2\/comments?post=3123"}],"version-history":[{"count":11,"href":"https:\/\/georgiaaccess.gov\/es\/wp-json\/wp\/v2\/pages\/3123\/revisions"}],"predecessor-version":[{"id":9817,"href":"https:\/\/georgiaaccess.gov\/es\/wp-json\/wp\/v2\/pages\/3123\/revisions\/9817"}],"wp:featuredmedia":[{"embeddable":true,"href":"https:\/\/georgiaaccess.gov\/es\/wp-json\/wp\/v2\/media\/6613"}],"wp:attachment":[{"href":"https:\/\/georgiaaccess.gov\/es\/wp-json\/wp\/v2\/media?parent=3123"}],"curies":[{"name":"wp","href":"https:\/\/api.w.org\/{rel}","templated":true}]}}