{"id":3120,"date":"2024-09-27T17:51:13","date_gmt":"2024-09-27T21:51:13","guid":{"rendered":"https:\/\/georgiaaccess.gov\/cambiar-o-cancelar-cobertura\/"},"modified":"2025-09-30T20:57:56","modified_gmt":"2025-10-01T00:57:56","slug":"cambiar-el-plan-o-cancelar-la-cobertura","status":"publish","type":"page","link":"https:\/\/georgiaaccess.gov\/es\/cambiar-el-plan-o-cancelar-la-cobertura\/","title":{"rendered":"Cambiar el plan o cancelar la cobertura"},"content":{"rendered":"\n<p>Si su cobertura de seguro de salud ya no se ajusta a sus necesidades, si su empleador le ofreci\u00f3 un nuevo plan o si experimenta un cambio en las circunstancias de su vida, puede ser elegible para cambiar o cancelar su cobertura en Georgia Access. Para obtener detalles adicionales sobre si puede modificar su cobertura fuera de la Inscripci\u00f3n Abierta, obtenga m\u00e1s informaci\u00f3n sobre los <a href=\"\/es\/aprende-mas\/periodos-especiales-de-inscripcion\/\">Per\u00edodos Especiales de Inscripci\u00f3n (SEP).<\/a><\/p>\n\n\n\n<h2 class=\"wp-block-heading h2-heading\">\u00bfCu\u00e1ndo puedo cambiar mi plan?<\/h2>\n\n\n\n<p>Puede cambiar su plan para el pr\u00f3ximo a\u00f1o durante el per\u00edodo de inscripci\u00f3n abierta (OE). Si se inscribe en un plan durante OE y decide que no se ajusta a sus necesidades, puede cambiar su plan antes de que finalice OE. Puede ser elegible para cambiar de plan a mitad de a\u00f1o durante un Per\u00edodo Especial de Inscripci\u00f3n (SEP) si experimenta un Evento de Vida Calificado (QLE).  <\/p>\n\n\n\n<div class=\"wp-block-uagb-buttons uagb-buttons__outer-wrap uagb-btn__default-btn uagb-btn-tablet__default-btn uagb-btn-mobile__default-btn uagb-block-32ec6de3\"><div class=\"uagb-buttons__wrap uagb-buttons-layout-wrap \">\n<div class=\"wp-block-uagb-buttons-child uagb-buttons__outer-wrap uagb-block-6a42ac79 wp-block-button secondary-cta-button\"><div class=\"uagb-button__wrapper\"><a class=\"uagb-buttons-repeater wp-block-button__link\" aria-label=\"\" href=\"https:\/\/georgiaaccess.gov\/es\/soy-elegible\/periodos-especiales-de-inscripcion\/\" rel=\"follow noopener\" target=\"_self\" role=\"button\"><div class=\"uagb-button__link\">Obtenga m\u00e1s informaci\u00f3n sobre las inscripciones especiales<\/div><\/a><\/div><\/div>\n<\/div><\/div>\n\n\n\n<h2 class=\"wp-block-heading h2-heading\"><strong>\u00bfCu\u00e1ndo puedo cancelar mi cobertura de seguro m\u00e9dico?<\/strong><\/h2>\n\n\n\n<p>Puede cancelar su cobertura en cualquier momento durante el a\u00f1o.<\/p>\n\n\n\n<p>Para cancelar, actualice su solicitud e informaci\u00f3n de inscripci\u00f3n en Georgia Access, o comun\u00edquese con su agente certificado, corredor web o compa\u00f1\u00eda de seguros.<\/p>\n\n\n\n<p>Es posible que desee cancelar su cobertura si obtiene un seguro m\u00e9dico de su trabajo o si califica para otro programa gubernamental, como Medicaid o Asuntos de Veteranos.<\/p>\n\n\n\n<h2 class=\"wp-block-heading h2-heading\">\u00bfNecesitas informar de un cambio?<\/h2>\n\n\n\n<p>Si su direcci\u00f3n, trabajo o tama\u00f1o de la familia cambia, debe informarnos lo antes posible. Esto ayuda a asegurarse de que tenga la cobertura de salud adecuada y pague la cantidad correcta. Informar los cambios r\u00e1pidamente puede ayudarlo a evitar perder la cobertura o tener costos inesperados.  <\/p>\n\n\n\n<p>Si su inscripci\u00f3n abierta ha terminado, a\u00fan podr\u00eda calificar para la cobertura.<br><a href=\"https:\/\/georgiaaccess.gov\/es\/soy-elegible\/periodos-especiales-de-inscripcion\/\">Visite nuestra p\u00e1gina de Per\u00edodo Especial de Inscripci\u00f3n para obtener m\u00e1s informaci\u00f3n<\/a>.<\/p>\n\n\n\n<div class=\"wp-block-uagb-buttons uagb-buttons__outer-wrap uagb-btn__default-btn uagb-btn-tablet__default-btn uagb-btn-mobile__default-btn uagb-block-321118b5\"><div class=\"uagb-buttons__wrap uagb-buttons-layout-wrap \">\n<div class=\"wp-block-uagb-buttons-child uagb-buttons__outer-wrap uagb-block-55cd961b wp-block-button secondary-cta-button\"><div class=\"uagb-button__wrapper\"><a class=\"uagb-buttons-repeater wp-block-button__link\" aria-label=\"\" href=\"https:\/\/enroll.georgiaaccess.gov\/hix\/account\/user\/login\" rel=\"follow noopener\" target=\"_blank\" role=\"button\"><div class=\"uagb-button__link\">Inicie sesi\u00f3n en su cuenta para informar un cambio<\/div><span class=\"uagb-button__icon uagb-button__icon-position-after\"><svg xmlns=\"https:\/\/www.w3.org\/2000\/svg\" viewBox=\"0 0 448 512\" aria-hidden=\"true\" focussable=\"false\"><path d=\"M256 64C256 46.33 270.3 32 288 32H415.1C415.1 32 415.1 32 415.1 32C420.3 32 424.5 32.86 428.2 34.43C431.1 35.98 435.5 38.27 438.6 41.3C438.6 41.35 438.6 41.4 438.7 41.44C444.9 47.66 447.1 55.78 448 63.9C448 63.94 448 63.97 448 64V192C448 209.7 433.7 224 416 224C398.3 224 384 209.7 384 192V141.3L214.6 310.6C202.1 323.1 181.9 323.1 169.4 310.6C156.9 298.1 156.9 277.9 169.4 265.4L338.7 96H288C270.3 96 256 81.67 256 64V64zM0 128C0 92.65 28.65 64 64 64H160C177.7 64 192 78.33 192 96C192 113.7 177.7 128 160 128H64V416H352V320C352 302.3 366.3 288 384 288C401.7 288 416 302.3 416 320V416C416 451.3 387.3 480 352 480H64C28.65 480 0 451.3 0 416V128z\"><\/path><\/svg><\/span><\/a><\/div><\/div>\n<\/div><\/div>\n\n\n\n<div style=\"height:39px\" aria-hidden=\"true\" class=\"wp-block-spacer\"><\/div>\n","protected":false},"excerpt":{"rendered":"<p>Si su cobertura de seguro de salud ya no se ajusta a sus necesidades, si su empleador le ofreci\u00f3 un nuevo plan o si experimenta un cambio en las circunstancias de su vida, puede ser elegible para cambiar o cancelar su cobertura en Georgia Access. Para obtener detalles adicionales sobre si puede modificar su cobertura [&hellip;]<\/p>\n","protected":false},"author":18,"featured_media":6615,"parent":0,"menu_order":0,"comment_status":"closed","ping_status":"closed","template":"sidebar-menu-template.php","meta":{"_acf_changed":false,"inline_featured_image":false,"_uag_custom_page_level_css":"","site-sidebar-layout":"default","site-content-layout":"","ast-site-content-layout":"default","site-content-style":"default","site-sidebar-style":"default","ast-global-header-display":"","ast-banner-title-visibility":"","ast-main-header-display":"","ast-hfb-above-header-display":"","ast-hfb-below-header-display":"","ast-hfb-mobile-header-display":"","site-post-title":"","ast-breadcrumbs-content":"","ast-featured-img":"disabled","footer-sml-layout":"","ast-disable-related-posts":"","theme-transparent-header-meta":"","adv-header-id-meta":"","stick-header-meta":"","header-above-stick-meta":"","header-main-stick-meta":"","header-below-stick-meta":"","astra-migrate-meta-layouts":"set","ast-page-background-enabled":"default","ast-page-background-meta":{"desktop":{"background-color":"var(--ast-global-color-4)","background-image":"","background-repeat":"repeat","background-position":"center center","background-size":"auto","background-attachment":"scroll","background-type":"","background-media":"","overlay-type":"","overlay-color":"","overlay-opacity":"","overlay-gradient":""},"tablet":{"background-color":"","background-image":"","background-repeat":"repeat","background-position":"center center","background-size":"auto","background-attachment":"scroll","background-type":"","background-media":"","overlay-type":"","overlay-color":"","overlay-opacity":"","overlay-gradient":""},"mobile":{"background-color":"","background-image":"","background-repeat":"repeat","background-position":"center center","background-size":"auto","background-attachment":"scroll","background-type":"","background-media":"","overlay-type":"","overlay-color":"","overlay-opacity":"","overlay-gradient":""}},"ast-content-background-meta":{"desktop":{"background-color":"var(--ast-global-color-5)","background-image":"","background-repeat":"repeat","background-position":"center center","background-size":"auto","background-attachment":"scroll","background-type":"","background-media":"","overlay-type":"","overlay-color":"","overlay-opacity":"","overlay-gradient":""},"tablet":{"background-color":"var(--ast-global-color-5)","background-image":"","background-repeat":"repeat","background-position":"center center","background-size":"auto","background-attachment":"scroll","background-type":"","background-media":"","overlay-type":"","overlay-color":"","overlay-opacity":"","overlay-gradient":""},"mobile":{"background-color":"var(--ast-global-color-5)","background-image":"","background-repeat":"repeat","background-position":"center center","background-size":"auto","background-attachment":"scroll","background-type":"","background-media":"","overlay-type":"","overlay-color":"","overlay-opacity":"","overlay-gradient":""}},"footnotes":""},"class_list":["post-3120","page","type-page","status-publish","has-post-thumbnail","hentry"],"acf":[],"yoast_head":"<!-- This site is optimized with the Yoast SEO plugin v26.8 - https:\/\/yoast.com\/product\/yoast-seo-wordpress\/ -->\n<title>Cambiar el plan o cancelar la cobertura | Acceso a Georgia<\/title>\n<meta name=\"description\" content=\"Conozca c\u00f3mo puede cambiar o cancelar su cobertura de seguro m\u00e9dico en cualquier momento. Descubre c\u00f3mo actualizar o detener tu plan de forma r\u00e1pida, sencilla y segura.\" \/>\n<meta name=\"robots\" content=\"index, follow, max-snippet:-1, max-image-preview:large, max-video-preview:-1\" \/>\n<link rel=\"canonical\" href=\"https:\/\/georgiaaccess.gov\/es\/cambiar-el-plan-o-cancelar-la-cobertura\/\" \/>\n<meta property=\"og:locale\" content=\"es_ES\" \/>\n<meta property=\"og:type\" content=\"article\" \/>\n<meta property=\"og:title\" content=\"C\u00f3mo cambiar o cancelar la cobertura | Acceso a Georgia\" \/>\n<meta property=\"og:description\" content=\"Aprenda c\u00f3mo cambiar o cancelar su cobertura de seguro m\u00e9dico a trav\u00e9s de Georgia Access.\" \/>\n<meta property=\"og:url\" content=\"https:\/\/georgiaaccess.gov\/es\/cambiar-el-plan-o-cancelar-la-cobertura\/\" \/>\n<meta property=\"og:site_name\" content=\"Georgia Access\" \/>\n<meta property=\"article:modified_time\" content=\"2025-10-01T00:57:56+00:00\" \/>\n<meta property=\"og:image\" content=\"https:\/\/georgiaaccess.gov\/wp-content\/uploads\/2025\/09\/individuals-and-families-header-scaled.jpg\" \/>\n\t<meta property=\"og:image:width\" content=\"2560\" \/>\n\t<meta property=\"og:image:height\" content=\"356\" \/>\n\t<meta property=\"og:image:type\" content=\"image\/jpeg\" \/>\n<meta name=\"twitter:card\" content=\"summary_large_image\" \/>\n<meta name=\"twitter:label1\" content=\"Tiempo de lectura\" \/>\n\t<meta name=\"twitter:data1\" content=\"2 minutos\" \/>\n<script type=\"application\/ld+json\" class=\"yoast-schema-graph\">{\"@context\":\"https:\/\/schema.org\",\"@graph\":[{\"@type\":\"WebPage\",\"@id\":\"https:\/\/georgiaaccess.gov\/es\/cambiar-el-plan-o-cancelar-la-cobertura\/\",\"url\":\"https:\/\/georgiaaccess.gov\/es\/cambiar-el-plan-o-cancelar-la-cobertura\/\",\"name\":\"Cambiar el plan o cancelar la cobertura | Acceso a Georgia\",\"isPartOf\":{\"@id\":\"https:\/\/georgiaaccess.gov\/es\/#website\"},\"primaryImageOfPage\":{\"@id\":\"https:\/\/georgiaaccess.gov\/es\/cambiar-el-plan-o-cancelar-la-cobertura\/#primaryimage\"},\"image\":{\"@id\":\"https:\/\/georgiaaccess.gov\/es\/cambiar-el-plan-o-cancelar-la-cobertura\/#primaryimage\"},\"thumbnailUrl\":\"https:\/\/georgiaaccess.gov\/wp-content\/uploads\/2025\/09\/individuals-and-families-header-scaled.jpg\",\"datePublished\":\"2024-09-27T21:51:13+00:00\",\"dateModified\":\"2025-10-01T00:57:56+00:00\",\"description\":\"Conozca c\u00f3mo puede cambiar o cancelar su cobertura de seguro m\u00e9dico en cualquier momento. Descubre c\u00f3mo actualizar o detener tu plan de forma r\u00e1pida, sencilla y segura.\",\"breadcrumb\":{\"@id\":\"https:\/\/georgiaaccess.gov\/es\/cambiar-el-plan-o-cancelar-la-cobertura\/#breadcrumb\"},\"inLanguage\":\"es\",\"potentialAction\":[{\"@type\":\"ReadAction\",\"target\":[\"https:\/\/georgiaaccess.gov\/es\/cambiar-el-plan-o-cancelar-la-cobertura\/\"]}]},{\"@type\":\"ImageObject\",\"inLanguage\":\"es\",\"@id\":\"https:\/\/georgiaaccess.gov\/es\/cambiar-el-plan-o-cancelar-la-cobertura\/#primaryimage\",\"url\":\"https:\/\/georgiaaccess.gov\/wp-content\/uploads\/2025\/09\/individuals-and-families-header-scaled.jpg\",\"contentUrl\":\"https:\/\/georgiaaccess.gov\/wp-content\/uploads\/2025\/09\/individuals-and-families-header-scaled.jpg\",\"width\":2560,\"height\":356,\"caption\":\"A man and two young boys smiling and hugging.\"},{\"@type\":\"BreadcrumbList\",\"@id\":\"https:\/\/georgiaaccess.gov\/es\/cambiar-el-plan-o-cancelar-la-cobertura\/#breadcrumb\",\"itemListElement\":[{\"@type\":\"ListItem\",\"position\":1,\"name\":\"Home\",\"item\":\"https:\/\/georgiaaccess.gov\/es\/\"},{\"@type\":\"ListItem\",\"position\":2,\"name\":\"Cambiar el plan o cancelar la cobertura\"}]},{\"@type\":\"WebSite\",\"@id\":\"https:\/\/georgiaaccess.gov\/es\/#website\",\"url\":\"https:\/\/georgiaaccess.gov\/es\/\",\"name\":\"Georgia Access\",\"description\":\"\",\"publisher\":{\"@id\":\"https:\/\/georgiaaccess.gov\/es\/#organization\"},\"potentialAction\":[{\"@type\":\"SearchAction\",\"target\":{\"@type\":\"EntryPoint\",\"urlTemplate\":\"https:\/\/georgiaaccess.gov\/es\/?s={search_term_string}\"},\"query-input\":{\"@type\":\"PropertyValueSpecification\",\"valueRequired\":true,\"valueName\":\"search_term_string\"}}],\"inLanguage\":\"es\"},{\"@type\":\"Organization\",\"@id\":\"https:\/\/georgiaaccess.gov\/es\/#organization\",\"name\":\"Georgia Access\",\"url\":\"https:\/\/georgiaaccess.gov\/es\/\",\"logo\":{\"@type\":\"ImageObject\",\"inLanguage\":\"es\",\"@id\":\"https:\/\/georgiaaccess.gov\/es\/#\/schema\/logo\/image\/\",\"url\":\"https:\/\/georgiaaccess.gov\/wp-content\/uploads\/2022\/10\/georgia-access-logo-stacked.svg\",\"contentUrl\":\"https:\/\/georgiaaccess.gov\/wp-content\/uploads\/2022\/10\/georgia-access-logo-stacked.svg\",\"width\":180,\"height\":56,\"caption\":\"Georgia Access\"},\"image\":{\"@id\":\"https:\/\/georgiaaccess.gov\/es\/#\/schema\/logo\/image\/\"}}]}<\/script>\n<!-- \/ Yoast SEO plugin. -->","yoast_head_json":{"title":"Cambiar el plan o cancelar la cobertura | Acceso a Georgia","description":"Conozca c\u00f3mo puede cambiar o cancelar su cobertura de seguro m\u00e9dico en cualquier momento. Descubre c\u00f3mo actualizar o detener tu plan de forma r\u00e1pida, sencilla y segura.","robots":{"index":"index","follow":"follow","max-snippet":"max-snippet:-1","max-image-preview":"max-image-preview:large","max-video-preview":"max-video-preview:-1"},"canonical":"https:\/\/georgiaaccess.gov\/es\/cambiar-el-plan-o-cancelar-la-cobertura\/","og_locale":"es_ES","og_type":"article","og_title":"C\u00f3mo cambiar o cancelar la cobertura | Acceso a Georgia","og_description":"Aprenda c\u00f3mo cambiar o cancelar su cobertura de seguro m\u00e9dico a trav\u00e9s de Georgia Access.","og_url":"https:\/\/georgiaaccess.gov\/es\/cambiar-el-plan-o-cancelar-la-cobertura\/","og_site_name":"Georgia Access","article_modified_time":"2025-10-01T00:57:56+00:00","og_image":[{"width":2560,"height":356,"url":"https:\/\/georgiaaccess.gov\/wp-content\/uploads\/2025\/09\/individuals-and-families-header-scaled.jpg","type":"image\/jpeg"}],"twitter_card":"summary_large_image","twitter_misc":{"Tiempo de lectura":"2 minutos"},"schema":{"@context":"https:\/\/schema.org","@graph":[{"@type":"WebPage","@id":"https:\/\/georgiaaccess.gov\/es\/cambiar-el-plan-o-cancelar-la-cobertura\/","url":"https:\/\/georgiaaccess.gov\/es\/cambiar-el-plan-o-cancelar-la-cobertura\/","name":"Cambiar el plan o cancelar la cobertura | Acceso a Georgia","isPartOf":{"@id":"https:\/\/georgiaaccess.gov\/es\/#website"},"primaryImageOfPage":{"@id":"https:\/\/georgiaaccess.gov\/es\/cambiar-el-plan-o-cancelar-la-cobertura\/#primaryimage"},"image":{"@id":"https:\/\/georgiaaccess.gov\/es\/cambiar-el-plan-o-cancelar-la-cobertura\/#primaryimage"},"thumbnailUrl":"https:\/\/georgiaaccess.gov\/wp-content\/uploads\/2025\/09\/individuals-and-families-header-scaled.jpg","datePublished":"2024-09-27T21:51:13+00:00","dateModified":"2025-10-01T00:57:56+00:00","description":"Conozca c\u00f3mo puede cambiar o cancelar su cobertura de seguro m\u00e9dico en cualquier momento. Descubre c\u00f3mo actualizar o detener tu plan de forma r\u00e1pida, sencilla y segura.","breadcrumb":{"@id":"https:\/\/georgiaaccess.gov\/es\/cambiar-el-plan-o-cancelar-la-cobertura\/#breadcrumb"},"inLanguage":"es","potentialAction":[{"@type":"ReadAction","target":["https:\/\/georgiaaccess.gov\/es\/cambiar-el-plan-o-cancelar-la-cobertura\/"]}]},{"@type":"ImageObject","inLanguage":"es","@id":"https:\/\/georgiaaccess.gov\/es\/cambiar-el-plan-o-cancelar-la-cobertura\/#primaryimage","url":"https:\/\/georgiaaccess.gov\/wp-content\/uploads\/2025\/09\/individuals-and-families-header-scaled.jpg","contentUrl":"https:\/\/georgiaaccess.gov\/wp-content\/uploads\/2025\/09\/individuals-and-families-header-scaled.jpg","width":2560,"height":356,"caption":"A man and two young boys smiling and hugging."},{"@type":"BreadcrumbList","@id":"https:\/\/georgiaaccess.gov\/es\/cambiar-el-plan-o-cancelar-la-cobertura\/#breadcrumb","itemListElement":[{"@type":"ListItem","position":1,"name":"Home","item":"https:\/\/georgiaaccess.gov\/es\/"},{"@type":"ListItem","position":2,"name":"Cambiar el plan o cancelar la cobertura"}]},{"@type":"WebSite","@id":"https:\/\/georgiaaccess.gov\/es\/#website","url":"https:\/\/georgiaaccess.gov\/es\/","name":"Georgia Access","description":"","publisher":{"@id":"https:\/\/georgiaaccess.gov\/es\/#organization"},"potentialAction":[{"@type":"SearchAction","target":{"@type":"EntryPoint","urlTemplate":"https:\/\/georgiaaccess.gov\/es\/?s={search_term_string}"},"query-input":{"@type":"PropertyValueSpecification","valueRequired":true,"valueName":"search_term_string"}}],"inLanguage":"es"},{"@type":"Organization","@id":"https:\/\/georgiaaccess.gov\/es\/#organization","name":"Georgia Access","url":"https:\/\/georgiaaccess.gov\/es\/","logo":{"@type":"ImageObject","inLanguage":"es","@id":"https:\/\/georgiaaccess.gov\/es\/#\/schema\/logo\/image\/","url":"https:\/\/georgiaaccess.gov\/wp-content\/uploads\/2022\/10\/georgia-access-logo-stacked.svg","contentUrl":"https:\/\/georgiaaccess.gov\/wp-content\/uploads\/2022\/10\/georgia-access-logo-stacked.svg","width":180,"height":56,"caption":"Georgia Access"},"image":{"@id":"https:\/\/georgiaaccess.gov\/es\/#\/schema\/logo\/image\/"}}]}},"uagb_featured_image_src":{"full":["https:\/\/georgiaaccess.gov\/wp-content\/uploads\/2025\/09\/individuals-and-families-header-scaled.jpg",2560,356,false],"thumbnail":["https:\/\/georgiaaccess.gov\/wp-content\/uploads\/2025\/09\/individuals-and-families-header-150x150.jpg",150,150,true],"medium":["https:\/\/georgiaaccess.gov\/wp-content\/uploads\/2025\/09\/individuals-and-families-header-300x42.jpg",300,42,true],"medium_large":["https:\/\/georgiaaccess.gov\/wp-content\/uploads\/2025\/09\/individuals-and-families-header-768x107.jpg",768,107,true],"large":["https:\/\/georgiaaccess.gov\/wp-content\/uploads\/2025\/09\/individuals-and-families-header-1024x142.jpg",1024,142,true],"1536x1536":["https:\/\/georgiaaccess.gov\/wp-content\/uploads\/2025\/09\/individuals-and-families-header-1536x213.jpg",1536,213,true],"2048x2048":["https:\/\/georgiaaccess.gov\/wp-content\/uploads\/2025\/09\/individuals-and-families-header-2048x284.jpg",2048,284,true]},"uagb_author_info":{"display_name":"Puloma De","author_link":"https:\/\/georgiaaccess.gov\/es\/author\/pde\/"},"uagb_comment_info":0,"uagb_excerpt":"Si su cobertura de seguro de salud ya no se ajusta a sus necesidades, si su empleador le ofreci\u00f3 un nuevo plan o si experimenta un cambio en las circunstancias de su vida, puede ser elegible para cambiar o cancelar su cobertura en Georgia Access. Para obtener detalles adicionales sobre si puede modificar su cobertura&hellip;","_links":{"self":[{"href":"https:\/\/georgiaaccess.gov\/es\/wp-json\/wp\/v2\/pages\/3120","targetHints":{"allow":["GET"]}}],"collection":[{"href":"https:\/\/georgiaaccess.gov\/es\/wp-json\/wp\/v2\/pages"}],"about":[{"href":"https:\/\/georgiaaccess.gov\/es\/wp-json\/wp\/v2\/types\/page"}],"author":[{"embeddable":true,"href":"https:\/\/georgiaaccess.gov\/es\/wp-json\/wp\/v2\/users\/18"}],"replies":[{"embeddable":true,"href":"https:\/\/georgiaaccess.gov\/es\/wp-json\/wp\/v2\/comments?post=3120"}],"version-history":[{"count":16,"href":"https:\/\/georgiaaccess.gov\/es\/wp-json\/wp\/v2\/pages\/3120\/revisions"}],"predecessor-version":[{"id":8775,"href":"https:\/\/georgiaaccess.gov\/es\/wp-json\/wp\/v2\/pages\/3120\/revisions\/8775"}],"wp:featuredmedia":[{"embeddable":true,"href":"https:\/\/georgiaaccess.gov\/es\/wp-json\/wp\/v2\/media\/6615"}],"wp:attachment":[{"href":"https:\/\/georgiaaccess.gov\/es\/wp-json\/wp\/v2\/media?parent=3120"}],"curies":[{"name":"wp","href":"https:\/\/api.w.org\/{rel}","templated":true}]}}