{"id":3118,"date":"2024-09-27T17:38:28","date_gmt":"2024-09-27T21:38:28","guid":{"rendered":"https:\/\/georgiaaccess.gov\/elegibilidad-y-seguro-del-empleador\/"},"modified":"2026-04-07T13:08:49","modified_gmt":"2026-04-07T17:08:49","slug":"elegibilidad-con-cobertura-del-empleador","status":"publish","type":"page","link":"https:\/\/georgiaaccess.gov\/es\/soy-elegible\/elegibilidad-con-cobertura-del-empleador\/","title":{"rendered":"Elegibilidad con cobertura del empleador"},"content":{"rendered":"\n<p>Ya sea que sea empleado de una empresa o trabaje por cuenta propia, es posible que no sea elegible para recibir asistencia financiera a trav\u00e9s de Georgia Access si su cobertura de seguro m\u00e9dico cumple con los est\u00e1ndares de asequibilidad del IRS. Si no es elegible para recibir asistencia financiera, puede haber opciones alternativas disponibles para usted. <\/p>\n\n\n\n<h2 class=\"wp-block-heading h2-heading\">Seguro Patrocinado por el Empleador (ESI)<\/h2>\n\n\n\n<p>Todos los grandes empleadores est\u00e1n obligados a ofrecer a sus empleados de tiempo completo cobertura de atenci\u00f3n m\u00e9dica. Usted no es elegible para recibir asistencia financiera en Georgia Access si su empleador ofrece una cobertura asequible. <\/p>\n\n\n\n<p>Si el seguro patrocinado por el empleador (ESI, por sus siglas en ingl\u00e9s) ofrecido por su empleador no cumple con el umbral de asequibilidad establecido por el Servicio de Impuestos Internos (IRS, por sus siglas en ingl\u00e9s) en funci\u00f3n de sus ingresos y el tama\u00f1o de su hogar, usted es elegible para inscribirse en un plan en Georgia Access con asistencia financiera.<\/p>\n\n\n\n<p>Para identificar si la cobertura de su empleador se considera asequible, puede usar los siguientes formularios:<\/p>\n\n\n\n<ul class=\"wp-block-list\">\n<li><a href=\"https:\/\/georgiaaccess.gov\/wp-content\/uploads\/2024\/11\/Georgia-Access-Employer-Sponsored-Insurance-ESI-Coverage-Tool_PY2025.pdf\" target=\"_blank\" rel=\"noreferrer noopener\">Herramienta de cobertura de seguro patrocinado por el empleador (ESI) (ingl\u00e9s)<\/a><\/li>\n\n\n\n<li><a href=\"\/wp-content\/uploads\/2024\/11\/Georgia-Access-Employer-Sponsored-Insurance-ESI-Coverage-Tool_PY2025_Spanish.pdf\">Herramienta de Cobertura de Seguro Patrocinado por el Empleador (ESI) (Espa\u00f1ol)<\/a><\/li>\n<\/ul>\n\n\n\n<h2 class=\"wp-block-heading h2-heading\">Acuerdos de reembolso de salud (HRA)<\/h2>\n\n\n\n<p>Algunos empleadores pueden ofrecer a sus empleados ciertos Acuerdos de Reembolso de Salud (HRA, por sus siglas en ingl\u00e9s) para ayudar a compensar el costo del seguro de salud. Estos planes, conocidos como Arreglos de Salud de Reembolso de Salud de Cobertura Individual (ICHRA, por sus siglas en ingl\u00e9s) o Acuerdos de Reembolso de Salud para Peque\u00f1os Empleadores Calificados (QSEHRA, por sus siglas en ingl\u00e9s), generalmente implican que el empleador contribuya al costo del seguro de salud en nombre de sus empleados, sin ofrecer seguro de salud grupal. <\/p>\n\n\n\n<div class=\"custom-css-block\"><style>.aagb_accordion_3d910f36-088d-4a17-9e9e-20d9429338ec {   }<\/style><\/div><style>\n        .aagb_accordion_3d910f36-088d-4a17-9e9e-20d9429338ec .aagb__accordion_active .aagb__accordion_body {\n            border-top: 1px solid #ebebeb;\n        }\n        .aagb_accordion_3d910f36-088d-4a17-9e9e-20d9429338ec .aagb__accordion_container.wp-block-aab-accordion-item .aagb__accordion_head {\n          background-color: #bcb6b638;\n          \n          border-top: none; border-right: none; border-bottom: none; border-left: none;\n          \n        }\n        .aagb_accordion_3d910f36-088d-4a17-9e9e-20d9429338ec .aagb__accordion_container.wp-block-aab-accordion-item .aagb__accordion_body {\n          \n          \n          \n          border-top: 1px solid #bcb6b638; border-right: none; border-bottom: none; border-left: none;\n          \n        }\n        \n        .aagb_accordion_3d910f36-088d-4a17-9e9e-20d9429338ec .wp-block-aab-accordion-item .aagb__accordion_subheading {\n          margin: 5px 0 0 0;\n          \n        }\n        .aagb_accordion_3d910f36-088d-4a17-9e9e-20d9429338ec .wp-block-aab-accordion-item .aagb__accordion_icon {\n          \n          \n        }\n        .aagb_accordion_3d910f36-088d-4a17-9e9e-20d9429338ec .wp-block-aab-accordion-item .aagb__icon {\n          font-size: 23px;\n        }\n        .aagb_accordion_3d910f36-088d-4a17-9e9e-20d9429338ec .aagb__accordion_title {\n          margin: 0;\n          \n        }\n        .aagb_accordion_3d910f36-088d-4a17-9e9e-20d9429338ec .aagb__accordion_container {\n          border: 1px solid #bcb6b638;\n          margin-top: 0px;\n          margin-bottom: 15px;\n          \n        }\n          .aagb_accordion_3d910f36-088d-4a17-9e9e-20d9429338ec .aagb__accordion_number{\n            \n        }\n        .aagb_accordion_3d910f36-088d-4a17-9e9e-20d9429338ec .wp-block-aab-accordion-item .aagb__accordion_subheading{\n           false\n        }\n\n        .aagb_accordion_3d910f36-088d-4a17-9e9e-20d9429338ec .aab-step-progress{\n          background-color: #dfd2d2;\n        }\n            \n        .aagb_accordion_3d910f36-088d-4a17-9e9e-20d9429338ec .aab-step-progress-bar {\n          background-color: #1570ec;\n        }\n\n        .aagb_accordion_3d910f36-088d-4a17-9e9e-20d9429338ec .aagb__accordion_number{\n          \n        }\n        .aagb_accordion_3d910f36-088d-4a17-9e9e-20d9429338ec .aab-progress-bar-container{\n          background-color: #f0f0f0;\n        }\n        .aagb_accordion_3d910f36-088d-4a17-9e9e-20d9429338ec .aab-progress-bar {\n            background-color: #0866ff;\n        }\n        \n       .aagb__group_accordion_container.has_img {\n            \n            flex-direction: row;\n        }\n         .aagb_accordion_3d910f36-088d-4a17-9e9e-20d9429338ec.wp-block-aab-group-accordion.aab-next-previous-enabled{\n          padding-left: 50px !important;\n            \n            \n            \n        }\n        .aagb_accordion_3d910f36-088d-4a17-9e9e-20d9429338ec .aagb-accordion-next-previous{\n          left: 0; top: 50%; transform: translateY(-50%); position: absolute;\n            \n            \n            \n        }\n        .aagb_accordion_3d910f36-088d-4a17-9e9e-20d9429338ec .aagb-accordion-previous-icon,.aagb_accordion_3d910f36-088d-4a17-9e9e-20d9429338ec .aagb-accordion-next-icon {\n          background-color: #010101;\n          svg{\n            fill: #ffffff;\n          }\n        }\n         \n          .aagb__group_accordion_container.has_img{\n          \n          \n          \n          .aab-next-previous-enabled{\n            \n            \n          }\n\n        }\n      \n          .aagb_accordion_3d910f36-088d-4a17-9e9e-20d9429338ec .aagb__accordion_container {\n            transition-duration: 0ms !important;\n            outline: 2px solid #00000000;\n          }\n          .aagb_accordion_3d910f36-088d-4a17-9e9e-20d9429338ec .aagb__accordion_container:focus-visible {\n            outline: 2px solid #C2DBFE;\n          }\n        <\/style><div class=\"wp-block-aab-group-accordion searchable aagb_accordion_3d910f36-088d-4a17-9e9e-20d9429338ec click false\" id=\"group-accordion-3d910f36-088d-4a17-9e9e-20d9429338ec\">\n<div class=\"wp-block-aab-accordion-item aagb__accordion_container panel\" data-autoplay=\"false\" data-duration=\"3000\" data-progress-bar-direction=\"horizontal\" data-feature-image-url=\"\" data-auto-numbering=\"false\" data-progress-bar-on=\"false\" tabindex=\"0\"><div class=\"aagb__accordion_head aab_right_icon  \" data-active=\"false\"><div class=\"aagb__accordion_heading aab_right_icon aagb_right_link\"><div class=\"head_content_wrapper\"><div class=\"title_wrapper\"><h3 class=\"aagb__accordion_title\">Acuerdos de reembolso de gastos m\u00e9dicos de cobertura individual (ICHRA)<\/h3><\/div><\/div><\/div><div class=\"aagb__accordion_icon\"><div class=\"aagb__icon_dashicons_box\"><span class=\"aagb__icon dashicons dashicons-arrow-down-alt2\"><\/span><\/div><\/div><\/div><div class=\"aagb__accordion_body   \" role=\"region\"><div class=\"aagb__accordion_component \">\n<p>Su empleador puede ofrecerle una ICHRA en lugar de la ESI tradicional. Una ICHRA es una cuenta de ahorros para la salud en la que puede tomar fondos de su empleador para comprar un seguro de salud en Georgia Access. Los fondos restantes se pueden usar para pagar gastos m\u00e9dicos calificados. Si tiene una ICHRA, no es elegible para recibir Cr\u00e9ditos Fiscales para la Prima (PTC) a menos que la ICHRA no sea asequible seg\u00fan los umbrales establecidos por el IRS.   <\/p>\n\n\n\n<p>Las personas a las que se les ofrece una ICHRA deben determinar si la ICHRA cumple con el est\u00e1ndar federal de asequibilidad. Para averiguar si la ICHRA de su empleador se considera asequible, use las hojas de trabajo a continuaci\u00f3n. <\/p>\n\n\n\n<ul class=\"wp-block-list\">\n<li><a href=\"\/wp-content\/uploads\/2024\/11\/Georgia-Access-ICHRA-Worksheet_PY-2025_11.1.2024_vF.pdf\" target=\"_blank\" rel=\"noreferrer noopener\">Hoja de trabajo de ICHRA (ingl\u00e9s)<\/a><\/li>\n\n\n\n<li><a href=\"\/wp-content\/uploads\/2024\/11\/Georgia-Access-ICHRA-Worksheet_PY-2025_11.1.2024_vF_Spanish.pdf\" target=\"_blank\" rel=\"noreferrer noopener\">Hoja de trabajo de ICHRA (espa\u00f1ol)<\/a><\/li>\n<\/ul>\n\n\n\n<p>Puede inscribirse en la cobertura de atenci\u00f3n m\u00e9dica utilizando fondos de una ICHRA en el Per\u00edodo de Inscripci\u00f3n Abierta. Si su empleador le ofrece una ICHRA a mediados de a\u00f1o, puede inscribirse en la cobertura de atenci\u00f3n m\u00e9dica con un Per\u00edodo de Inscripci\u00f3n Especial (SEP). <\/p>\n\n\n\n<div style=\"height:20px\" aria-hidden=\"true\" class=\"wp-block-spacer\"><\/div>\n<\/div><\/div><\/div>\n\n\n\n<div class=\"wp-block-aab-accordion-item aagb__accordion_container panel\" data-autoplay=\"false\" data-duration=\"3000\" data-progress-bar-direction=\"horizontal\" data-feature-image-url=\"\" data-auto-numbering=\"false\" data-progress-bar-on=\"false\" tabindex=\"0\"><div class=\"aagb__accordion_head aab_right_icon  \" data-active=\"false\"><div class=\"aagb__accordion_heading aab_right_icon aagb_right_link\"><div class=\"head_content_wrapper\"><div class=\"title_wrapper\"><h3 class=\"aagb__accordion_title\">Acuerdos de reembolso de gastos m\u00e9dicos para peque\u00f1os empleadores calificados (QSEHRA)<\/h3><\/div><\/div><\/div><div class=\"aagb__accordion_icon\"><div class=\"aagb__icon_dashicons_box\"><span class=\"aagb__icon dashicons dashicons-arrow-down-alt2\"><\/span><\/div><\/div><\/div><div class=\"aagb__accordion_body   \" role=\"region\"><div class=\"aagb__accordion_component \">\n<p>Su empleador puede ofrecerle un QSEHRA en lugar del ESI tradicional. Una QSEHRA es una cuenta de ahorros para la salud proporcionada por peque\u00f1as empresas (menos de 50 empleados a tiempo completo) que se utiliza para comprar un seguro de salud en Georgia Access. Los fondos restantes se pueden usar para pagar gastos m\u00e9dicos calificados. Si tiene un QSEHRA, tambi\u00e9n puede ser elegible para recibir PTC dependiendo de las contribuciones de su empleador. Puede inscribirse en la cobertura de atenci\u00f3n m\u00e9dica utilizando fondos de un QSEHRA en Inscripci\u00f3n Abierta. Si su empleador le ofrece una QSEHRA a mediados de a\u00f1o, puede inscribirse en la cobertura de atenci\u00f3n m\u00e9dica con un SEP.     <\/p>\n\n\n\n<p>Las personas a las que se les ofrece un QSEHRA deben determinar si el QSEHRA cumple con el est\u00e1ndar federal de asequibilidad. Para averiguar si el QSEHRA de su empleador se considera asequible, use las hojas de trabajo a continuaci\u00f3n. <\/p>\n\n\n\n<ul class=\"wp-block-list\">\n<li><a href=\"\/wp-content\/uploads\/2026\/04\/Georgia-Access-QESHRA-Worksheet_PY-2026-04.01.2026_English.pdf\" target=\"_blank\" rel=\"noreferrer noopener\">Hoja de trabajo de QSEHRA (ingl\u00e9s)<\/a><\/li>\n\n\n\n<li><a href=\"\/wp-content\/uploads\/2026\/04\/Georgia-Access-QESHRA-Worksheet_PY-2026_Spanish.pdf\" target=\"_blank\" rel=\"noreferrer noopener\">Hoja de trabajo de QSEHRA (espa\u00f1ol)<\/a><\/li>\n<\/ul>\n<\/div><\/div><\/div>\n<\/div>\n\n\n\n<div style=\"height:80px\" aria-hidden=\"true\" class=\"wp-block-spacer\"><\/div>\n","protected":false},"excerpt":{"rendered":"<p>Ya sea que sea empleado de una empresa o trabaje por cuenta propia, es posible que no sea elegible para recibir asistencia financiera a trav\u00e9s de Georgia Access si su cobertura de seguro m\u00e9dico cumple con los est\u00e1ndares de asequibilidad del IRS. Si no es elegible para recibir asistencia financiera, puede haber opciones alternativas disponibles [&hellip;]<\/p>\n","protected":false},"author":18,"featured_media":0,"parent":7874,"menu_order":0,"comment_status":"closed","ping_status":"closed","template":"sidebar-menu-template.php","meta":{"_acf_changed":false,"inline_featured_image":false,"_uag_custom_page_level_css":"","site-sidebar-layout":"default","site-content-layout":"","ast-site-content-layout":"default","site-content-style":"default","site-sidebar-style":"default","ast-global-header-display":"","ast-banner-title-visibility":"","ast-main-header-display":"","ast-hfb-above-header-display":"","ast-hfb-below-header-display":"","ast-hfb-mobile-header-display":"","site-post-title":"","ast-breadcrumbs-content":"","ast-featured-img":"","footer-sml-layout":"","ast-disable-related-posts":"","theme-transparent-header-meta":"","adv-header-id-meta":"","stick-header-meta":"","header-above-stick-meta":"","header-main-stick-meta":"","header-below-stick-meta":"","astra-migrate-meta-layouts":"set","ast-page-background-enabled":"default","ast-page-background-meta":{"desktop":{"background-color":"var(--ast-global-color-4)","background-image":"","background-repeat":"repeat","background-position":"center center","background-size":"auto","background-attachment":"scroll","background-type":"","background-media":"","overlay-type":"","overlay-color":"","overlay-opacity":"","overlay-gradient":""},"tablet":{"background-color":"","background-image":"","background-repeat":"repeat","background-position":"center center","background-size":"auto","background-attachment":"scroll","background-type":"","background-media":"","overlay-type":"","overlay-color":"","overlay-opacity":"","overlay-gradient":""},"mobile":{"background-color":"","background-image":"","background-repeat":"repeat","background-position":"center center","background-size":"auto","background-attachment":"scroll","background-type":"","background-media":"","overlay-type":"","overlay-color":"","overlay-opacity":"","overlay-gradient":""}},"ast-content-background-meta":{"desktop":{"background-color":"var(--ast-global-color-5)","background-image":"","background-repeat":"repeat","background-position":"center center","background-size":"auto","background-attachment":"scroll","background-type":"","background-media":"","overlay-type":"","overlay-color":"","overlay-opacity":"","overlay-gradient":""},"tablet":{"background-color":"var(--ast-global-color-5)","background-image":"","background-repeat":"repeat","background-position":"center center","background-size":"auto","background-attachment":"scroll","background-type":"","background-media":"","overlay-type":"","overlay-color":"","overlay-opacity":"","overlay-gradient":""},"mobile":{"background-color":"var(--ast-global-color-5)","background-image":"","background-repeat":"repeat","background-position":"center center","background-size":"auto","background-attachment":"scroll","background-type":"","background-media":"","overlay-type":"","overlay-color":"","overlay-opacity":"","overlay-gradient":""}},"footnotes":""},"class_list":["post-3118","page","type-page","status-publish","hentry"],"acf":[],"yoast_head":"<!-- This site is optimized with the Yoast SEO plugin v26.8 - https:\/\/yoast.com\/product\/yoast-seo-wordpress\/ -->\n<title>Elegibilidad con cobertura del empleador | Acceso a Georgia<\/title>\n<meta name=\"description\" content=\"Conozca c\u00f3mo el seguro m\u00e9dico del empleador afecta su elegibilidad para la cobertura a trav\u00e9s de Georgia Access. Comprenda sus opciones y c\u00f3mo encontrar planes de calidad.\" \/>\n<meta name=\"robots\" content=\"index, follow, max-snippet:-1, max-image-preview:large, max-video-preview:-1\" \/>\n<link rel=\"canonical\" href=\"https:\/\/georgiaaccess.gov\/es\/soy-elegible\/elegibilidad-con-cobertura-del-empleador\/\" \/>\n<meta property=\"og:locale\" content=\"es_ES\" \/>\n<meta property=\"og:type\" content=\"article\" \/>\n<meta property=\"og:title\" content=\"Elegibilidad y Seguro Patrocinado por el Empleador (ESI) | Acceso a Georgia\" \/>\n<meta property=\"og:description\" content=\"Los grandes empleadores deben ofrecer atenci\u00f3n m\u00e9dica a los empleados de tiempo completo. No puede obtener ayuda financiera en Georgia Access si su empleador ofrece una cobertura asequible.\" \/>\n<meta property=\"og:url\" content=\"https:\/\/georgiaaccess.gov\/es\/soy-elegible\/elegibilidad-con-cobertura-del-empleador\/\" \/>\n<meta property=\"og:site_name\" content=\"Georgia Access\" \/>\n<meta property=\"article:modified_time\" content=\"2026-04-07T17:08:49+00:00\" \/>\n<meta name=\"twitter:card\" content=\"summary_large_image\" \/>\n<meta name=\"twitter:label1\" content=\"Tiempo de lectura\" \/>\n\t<meta name=\"twitter:data1\" content=\"3 minutos\" \/>\n<script type=\"application\/ld+json\" class=\"yoast-schema-graph\">{\"@context\":\"https:\/\/schema.org\",\"@graph\":[{\"@type\":\"WebPage\",\"@id\":\"https:\/\/georgiaaccess.gov\/es\/soy-elegible\/elegibilidad-con-cobertura-del-empleador\/\",\"url\":\"https:\/\/georgiaaccess.gov\/es\/soy-elegible\/elegibilidad-con-cobertura-del-empleador\/\",\"name\":\"Elegibilidad con cobertura del empleador | Acceso a Georgia\",\"isPartOf\":{\"@id\":\"https:\/\/georgiaaccess.gov\/es\/#website\"},\"datePublished\":\"2024-09-27T21:38:28+00:00\",\"dateModified\":\"2026-04-07T17:08:49+00:00\",\"description\":\"Conozca c\u00f3mo el seguro m\u00e9dico del empleador afecta su elegibilidad para la cobertura a trav\u00e9s de Georgia Access. Comprenda sus opciones y c\u00f3mo encontrar planes de calidad.\",\"breadcrumb\":{\"@id\":\"https:\/\/georgiaaccess.gov\/es\/soy-elegible\/elegibilidad-con-cobertura-del-empleador\/#breadcrumb\"},\"inLanguage\":\"es\",\"potentialAction\":[{\"@type\":\"ReadAction\",\"target\":[\"https:\/\/georgiaaccess.gov\/es\/soy-elegible\/elegibilidad-con-cobertura-del-empleador\/\"]}]},{\"@type\":\"BreadcrumbList\",\"@id\":\"https:\/\/georgiaaccess.gov\/es\/soy-elegible\/elegibilidad-con-cobertura-del-empleador\/#breadcrumb\",\"itemListElement\":[{\"@type\":\"ListItem\",\"position\":1,\"name\":\"Home\",\"item\":\"https:\/\/georgiaaccess.gov\/es\/\"},{\"@type\":\"ListItem\",\"position\":2,\"name\":\"\u00bfSoy elegible?\",\"item\":\"https:\/\/georgiaaccess.gov\/es\/soy-elegible\/\"},{\"@type\":\"ListItem\",\"position\":3,\"name\":\"Elegibilidad con cobertura del empleador\"}]},{\"@type\":\"WebSite\",\"@id\":\"https:\/\/georgiaaccess.gov\/es\/#website\",\"url\":\"https:\/\/georgiaaccess.gov\/es\/\",\"name\":\"Georgia Access\",\"description\":\"\",\"publisher\":{\"@id\":\"https:\/\/georgiaaccess.gov\/es\/#organization\"},\"potentialAction\":[{\"@type\":\"SearchAction\",\"target\":{\"@type\":\"EntryPoint\",\"urlTemplate\":\"https:\/\/georgiaaccess.gov\/es\/?s={search_term_string}\"},\"query-input\":{\"@type\":\"PropertyValueSpecification\",\"valueRequired\":true,\"valueName\":\"search_term_string\"}}],\"inLanguage\":\"es\"},{\"@type\":\"Organization\",\"@id\":\"https:\/\/georgiaaccess.gov\/es\/#organization\",\"name\":\"Georgia Access\",\"url\":\"https:\/\/georgiaaccess.gov\/es\/\",\"logo\":{\"@type\":\"ImageObject\",\"inLanguage\":\"es\",\"@id\":\"https:\/\/georgiaaccess.gov\/es\/#\/schema\/logo\/image\/\",\"url\":\"https:\/\/georgiaaccess.gov\/wp-content\/uploads\/2022\/10\/georgia-access-logo-stacked.svg\",\"contentUrl\":\"https:\/\/georgiaaccess.gov\/wp-content\/uploads\/2022\/10\/georgia-access-logo-stacked.svg\",\"width\":180,\"height\":56,\"caption\":\"Georgia Access\"},\"image\":{\"@id\":\"https:\/\/georgiaaccess.gov\/es\/#\/schema\/logo\/image\/\"}}]}<\/script>\n<!-- \/ Yoast SEO plugin. -->","yoast_head_json":{"title":"Elegibilidad con cobertura del empleador | Acceso a Georgia","description":"Conozca c\u00f3mo el seguro m\u00e9dico del empleador afecta su elegibilidad para la cobertura a trav\u00e9s de Georgia Access. Comprenda sus opciones y c\u00f3mo encontrar planes de calidad.","robots":{"index":"index","follow":"follow","max-snippet":"max-snippet:-1","max-image-preview":"max-image-preview:large","max-video-preview":"max-video-preview:-1"},"canonical":"https:\/\/georgiaaccess.gov\/es\/soy-elegible\/elegibilidad-con-cobertura-del-empleador\/","og_locale":"es_ES","og_type":"article","og_title":"Elegibilidad y Seguro Patrocinado por el Empleador (ESI) | Acceso a Georgia","og_description":"Los grandes empleadores deben ofrecer atenci\u00f3n m\u00e9dica a los empleados de tiempo completo. No puede obtener ayuda financiera en Georgia Access si su empleador ofrece una cobertura asequible.","og_url":"https:\/\/georgiaaccess.gov\/es\/soy-elegible\/elegibilidad-con-cobertura-del-empleador\/","og_site_name":"Georgia Access","article_modified_time":"2026-04-07T17:08:49+00:00","twitter_card":"summary_large_image","twitter_misc":{"Tiempo de lectura":"3 minutos"},"schema":{"@context":"https:\/\/schema.org","@graph":[{"@type":"WebPage","@id":"https:\/\/georgiaaccess.gov\/es\/soy-elegible\/elegibilidad-con-cobertura-del-empleador\/","url":"https:\/\/georgiaaccess.gov\/es\/soy-elegible\/elegibilidad-con-cobertura-del-empleador\/","name":"Elegibilidad con cobertura del empleador | Acceso a Georgia","isPartOf":{"@id":"https:\/\/georgiaaccess.gov\/es\/#website"},"datePublished":"2024-09-27T21:38:28+00:00","dateModified":"2026-04-07T17:08:49+00:00","description":"Conozca c\u00f3mo el seguro m\u00e9dico del empleador afecta su elegibilidad para la cobertura a trav\u00e9s de Georgia Access. Comprenda sus opciones y c\u00f3mo encontrar planes de calidad.","breadcrumb":{"@id":"https:\/\/georgiaaccess.gov\/es\/soy-elegible\/elegibilidad-con-cobertura-del-empleador\/#breadcrumb"},"inLanguage":"es","potentialAction":[{"@type":"ReadAction","target":["https:\/\/georgiaaccess.gov\/es\/soy-elegible\/elegibilidad-con-cobertura-del-empleador\/"]}]},{"@type":"BreadcrumbList","@id":"https:\/\/georgiaaccess.gov\/es\/soy-elegible\/elegibilidad-con-cobertura-del-empleador\/#breadcrumb","itemListElement":[{"@type":"ListItem","position":1,"name":"Home","item":"https:\/\/georgiaaccess.gov\/es\/"},{"@type":"ListItem","position":2,"name":"\u00bfSoy elegible?","item":"https:\/\/georgiaaccess.gov\/es\/soy-elegible\/"},{"@type":"ListItem","position":3,"name":"Elegibilidad con cobertura del empleador"}]},{"@type":"WebSite","@id":"https:\/\/georgiaaccess.gov\/es\/#website","url":"https:\/\/georgiaaccess.gov\/es\/","name":"Georgia Access","description":"","publisher":{"@id":"https:\/\/georgiaaccess.gov\/es\/#organization"},"potentialAction":[{"@type":"SearchAction","target":{"@type":"EntryPoint","urlTemplate":"https:\/\/georgiaaccess.gov\/es\/?s={search_term_string}"},"query-input":{"@type":"PropertyValueSpecification","valueRequired":true,"valueName":"search_term_string"}}],"inLanguage":"es"},{"@type":"Organization","@id":"https:\/\/georgiaaccess.gov\/es\/#organization","name":"Georgia Access","url":"https:\/\/georgiaaccess.gov\/es\/","logo":{"@type":"ImageObject","inLanguage":"es","@id":"https:\/\/georgiaaccess.gov\/es\/#\/schema\/logo\/image\/","url":"https:\/\/georgiaaccess.gov\/wp-content\/uploads\/2022\/10\/georgia-access-logo-stacked.svg","contentUrl":"https:\/\/georgiaaccess.gov\/wp-content\/uploads\/2022\/10\/georgia-access-logo-stacked.svg","width":180,"height":56,"caption":"Georgia Access"},"image":{"@id":"https:\/\/georgiaaccess.gov\/es\/#\/schema\/logo\/image\/"}}]}},"uagb_featured_image_src":{"full":false,"thumbnail":false,"medium":false,"medium_large":false,"large":false,"1536x1536":false,"2048x2048":false},"uagb_author_info":{"display_name":"Puloma De","author_link":"https:\/\/georgiaaccess.gov\/es\/author\/pde\/"},"uagb_comment_info":0,"uagb_excerpt":"Ya sea que sea empleado de una empresa o trabaje por cuenta propia, es posible que no sea elegible para recibir asistencia financiera a trav\u00e9s de Georgia Access si su cobertura de seguro m\u00e9dico cumple con los est\u00e1ndares de asequibilidad del IRS. Si no es elegible para recibir asistencia financiera, puede haber opciones alternativas disponibles&hellip;","_links":{"self":[{"href":"https:\/\/georgiaaccess.gov\/es\/wp-json\/wp\/v2\/pages\/3118","targetHints":{"allow":["GET"]}}],"collection":[{"href":"https:\/\/georgiaaccess.gov\/es\/wp-json\/wp\/v2\/pages"}],"about":[{"href":"https:\/\/georgiaaccess.gov\/es\/wp-json\/wp\/v2\/types\/page"}],"author":[{"embeddable":true,"href":"https:\/\/georgiaaccess.gov\/es\/wp-json\/wp\/v2\/users\/18"}],"replies":[{"embeddable":true,"href":"https:\/\/georgiaaccess.gov\/es\/wp-json\/wp\/v2\/comments?post=3118"}],"version-history":[{"count":12,"href":"https:\/\/georgiaaccess.gov\/es\/wp-json\/wp\/v2\/pages\/3118\/revisions"}],"predecessor-version":[{"id":9831,"href":"https:\/\/georgiaaccess.gov\/es\/wp-json\/wp\/v2\/pages\/3118\/revisions\/9831"}],"up":[{"embeddable":true,"href":"https:\/\/georgiaaccess.gov\/es\/wp-json\/wp\/v2\/pages\/7874"}],"wp:attachment":[{"href":"https:\/\/georgiaaccess.gov\/es\/wp-json\/wp\/v2\/media?parent=3118"}],"curies":[{"name":"wp","href":"https:\/\/api.w.org\/{rel}","templated":true}]}}