{"id":3115,"date":"2023-10-17T21:12:24","date_gmt":"2023-10-18T01:12:24","guid":{"rendered":"https:\/\/georgiaaccess.gov\/recursos-comunitarios-y-de-salud-mental\/"},"modified":"2025-09-29T09:04:57","modified_gmt":"2025-09-29T13:04:57","slug":"recursos-comunitarios-y-de-salud-mental","status":"publish","type":"page","link":"https:\/\/georgiaaccess.gov\/es\/recursos-comunitarios-y-de-salud-mental\/","title":{"rendered":"Recursos comunitarios y de salud mental"},"content":{"rendered":"\n<p>Desde asistencia de salud mental hasta vacunas gratuitas, Georgia se enorgullece de ofrecer una amplia gama de servicios comunitarios y de salud mental asequibles para sus residentes. Visite los siguientes sitios web de agencias para conocer los programas que brindan para ayudar a los georgianos a estar y mantenerse saludables. &nbsp;<\/p>\n\n\n\n<ul class=\"wp-block-list\">\n<li><a href=\"https:\/\/dbhdd.georgia.gov\/\" target=\"_blank\" rel=\"noreferrer noopener\">El Departamento de Salud Conductual y Discapacidades del Desarrollo de Georgia <\/a> brinda servicios de tratamiento y apoyo a personas con problemas de salud mental y trastornos por uso de sustancias, y ayuda a las personas que viven con discapacidades intelectuales y del desarrollo.  <\/li>\n\n\n\n<li><a href=\"https:\/\/dch.georgia.gov\/\" target=\"_blank\" rel=\"noreferrer noopener\">El Departamento de Salud Comunitaria de Georgia<\/a> brinda acceso a atenci\u00f3n m\u00e9dica asequible y de calidad a millones de georgianos, incluidas algunas de las poblaciones m\u00e1s vulnerables y desatendidas del estado.&nbsp;<\/li>\n\n\n\n<li><a href=\"https:\/\/dhs.georgia.gov\/\" target=\"_blank\" rel=\"noreferrer noopener\">El Departamento de Servicios Humanos de Georgia<\/a> ofrece una amplia gama de servicios humanos dise\u00f1ados para promover la autosuficiencia, la seguridad y el bienestar de todos los georgianos.&nbsp;<\/li>\n\n\n\n<li><a href=\"https:\/\/dph.georgia.gov\/\" target=\"_blank\" rel=\"noreferrer noopener\">El Departamento de Salud P\u00fablica de Georgia<\/a> se esfuerza por prevenir enfermedades, lesiones y discapacidades; promover la salud y el bienestar; y prepararse para los desastres naturales y responder a ellos.&nbsp;<\/li>\n<\/ul>\n\n\n\n<div style=\"height:42px\" aria-hidden=\"true\" class=\"wp-block-spacer\"><\/div>\n","protected":false},"excerpt":{"rendered":"<p>Desde asistencia de salud mental hasta vacunas gratuitas, Georgia se enorgullece de ofrecer una amplia gama de servicios comunitarios y de salud mental asequibles para sus residentes. Visite los siguientes sitios web de agencias para conocer los programas que brindan para ayudar a los georgianos a estar y mantenerse saludables. &nbsp;<\/p>\n","protected":false},"author":1,"featured_media":6613,"parent":0,"menu_order":0,"comment_status":"closed","ping_status":"closed","template":"sidebar-menu-template.php","meta":{"_acf_changed":false,"inline_featured_image":false,"_uag_custom_page_level_css":"","site-sidebar-layout":"default","site-content-layout":"","ast-site-content-layout":"default","site-content-style":"default","site-sidebar-style":"default","ast-global-header-display":"","ast-banner-title-visibility":"","ast-main-header-display":"","ast-hfb-above-header-display":"","ast-hfb-below-header-display":"","ast-hfb-mobile-header-display":"","site-post-title":"","ast-breadcrumbs-content":"","ast-featured-img":"disabled","footer-sml-layout":"","ast-disable-related-posts":"","theme-transparent-header-meta":"","adv-header-id-meta":"","stick-header-meta":"","header-above-stick-meta":"","header-main-stick-meta":"","header-below-stick-meta":"","astra-migrate-meta-layouts":"set","ast-page-background-enabled":"default","ast-page-background-meta":{"desktop":{"background-color":"var(--ast-global-color-4)","background-image":"","background-repeat":"repeat","background-position":"center center","background-size":"auto","background-attachment":"scroll","background-type":"","background-media":"","overlay-type":"","overlay-color":"","overlay-opacity":"","overlay-gradient":""},"tablet":{"background-color":"","background-image":"","background-repeat":"repeat","background-position":"center center","background-size":"auto","background-attachment":"scroll","background-type":"","background-media":"","overlay-type":"","overlay-color":"","overlay-opacity":"","overlay-gradient":""},"mobile":{"background-color":"","background-image":"","background-repeat":"repeat","background-position":"center center","background-size":"auto","background-attachment":"scroll","background-type":"","background-media":"","overlay-type":"","overlay-color":"","overlay-opacity":"","overlay-gradient":""}},"ast-content-background-meta":{"desktop":{"background-color":"var(--ast-global-color-5)","background-image":"","background-repeat":"repeat","background-position":"center center","background-size":"auto","background-attachment":"scroll","background-type":"","background-media":"","overlay-type":"","overlay-color":"","overlay-opacity":"","overlay-gradient":""},"tablet":{"background-color":"var(--ast-global-color-5)","background-image":"","background-repeat":"repeat","background-position":"center center","background-size":"auto","background-attachment":"scroll","background-type":"","background-media":"","overlay-type":"","overlay-color":"","overlay-opacity":"","overlay-gradient":""},"mobile":{"background-color":"var(--ast-global-color-5)","background-image":"","background-repeat":"repeat","background-position":"center center","background-size":"auto","background-attachment":"scroll","background-type":"","background-media":"","overlay-type":"","overlay-color":"","overlay-opacity":"","overlay-gradient":""}},"footnotes":""},"class_list":["post-3115","page","type-page","status-publish","has-post-thumbnail","hentry"],"acf":[],"yoast_head":"<!-- This site is optimized with the Yoast SEO plugin v26.8 - https:\/\/yoast.com\/product\/yoast-seo-wordpress\/ -->\n<title>Recursos comunitarios y de salud mental | Acceso a Georgia<\/title>\n<meta name=\"description\" content=\"Desde asistencia de salud mental hasta vacunas gratuitas, Georgia se enorgullece de ofrecer una amplia gama de servicios comunitarios y de salud mental asequibles para sus residentes.\" \/>\n<meta name=\"robots\" content=\"index, follow, max-snippet:-1, max-image-preview:large, max-video-preview:-1\" \/>\n<link rel=\"canonical\" href=\"https:\/\/georgiaaccess.gov\/es\/recursos-comunitarios-y-de-salud-mental\/\" \/>\n<meta property=\"og:locale\" content=\"es_ES\" \/>\n<meta property=\"og:type\" content=\"article\" \/>\n<meta property=\"og:title\" content=\"Recursos comunitarios y de salud mental | Acceso a Georgia\" \/>\n<meta property=\"og:description\" content=\"Desde asistencia de salud mental hasta vacunas gratuitas, Georgia se enorgullece de ofrecer una amplia gama de servicios comunitarios y de salud mental asequibles para sus residentes.\" \/>\n<meta property=\"og:url\" content=\"https:\/\/georgiaaccess.gov\/es\/recursos-comunitarios-y-de-salud-mental\/\" \/>\n<meta property=\"og:site_name\" content=\"Georgia Access\" \/>\n<meta property=\"article:modified_time\" content=\"2025-09-29T13:04:57+00:00\" \/>\n<meta property=\"og:image\" content=\"https:\/\/georgiaaccess.gov\/wp-content\/uploads\/2025\/09\/help-and-support-header-scaled.jpg\" \/>\n\t<meta property=\"og:image:width\" content=\"2560\" \/>\n\t<meta property=\"og:image:height\" content=\"348\" \/>\n\t<meta property=\"og:image:type\" content=\"image\/jpeg\" \/>\n<meta name=\"twitter:card\" content=\"summary_large_image\" \/>\n<meta name=\"twitter:label1\" content=\"Tiempo de lectura\" \/>\n\t<meta name=\"twitter:data1\" content=\"2 minutos\" \/>\n<script type=\"application\/ld+json\" class=\"yoast-schema-graph\">{\"@context\":\"https:\/\/schema.org\",\"@graph\":[{\"@type\":\"WebPage\",\"@id\":\"https:\/\/georgiaaccess.gov\/es\/recursos-comunitarios-y-de-salud-mental\/\",\"url\":\"https:\/\/georgiaaccess.gov\/es\/recursos-comunitarios-y-de-salud-mental\/\",\"name\":\"Recursos comunitarios y de salud mental | Acceso a Georgia\",\"isPartOf\":{\"@id\":\"https:\/\/georgiaaccess.gov\/es\/#website\"},\"primaryImageOfPage\":{\"@id\":\"https:\/\/georgiaaccess.gov\/es\/recursos-comunitarios-y-de-salud-mental\/#primaryimage\"},\"image\":{\"@id\":\"https:\/\/georgiaaccess.gov\/es\/recursos-comunitarios-y-de-salud-mental\/#primaryimage\"},\"thumbnailUrl\":\"https:\/\/georgiaaccess.gov\/wp-content\/uploads\/2025\/09\/help-and-support-header-scaled.jpg\",\"datePublished\":\"2023-10-18T01:12:24+00:00\",\"dateModified\":\"2025-09-29T13:04:57+00:00\",\"description\":\"Desde asistencia de salud mental hasta vacunas gratuitas, Georgia se enorgullece de ofrecer una amplia gama de servicios comunitarios y de salud mental asequibles para sus residentes.\",\"breadcrumb\":{\"@id\":\"https:\/\/georgiaaccess.gov\/es\/recursos-comunitarios-y-de-salud-mental\/#breadcrumb\"},\"inLanguage\":\"es\",\"potentialAction\":[{\"@type\":\"ReadAction\",\"target\":[\"https:\/\/georgiaaccess.gov\/es\/recursos-comunitarios-y-de-salud-mental\/\"]}]},{\"@type\":\"ImageObject\",\"inLanguage\":\"es\",\"@id\":\"https:\/\/georgiaaccess.gov\/es\/recursos-comunitarios-y-de-salud-mental\/#primaryimage\",\"url\":\"https:\/\/georgiaaccess.gov\/wp-content\/uploads\/2025\/09\/help-and-support-header-scaled.jpg\",\"contentUrl\":\"https:\/\/georgiaaccess.gov\/wp-content\/uploads\/2025\/09\/help-and-support-header-scaled.jpg\",\"width\":2560,\"height\":348,\"caption\":\"Female doctor providing help and support to her female patient.\"},{\"@type\":\"BreadcrumbList\",\"@id\":\"https:\/\/georgiaaccess.gov\/es\/recursos-comunitarios-y-de-salud-mental\/#breadcrumb\",\"itemListElement\":[{\"@type\":\"ListItem\",\"position\":1,\"name\":\"Home\",\"item\":\"https:\/\/georgiaaccess.gov\/es\/\"},{\"@type\":\"ListItem\",\"position\":2,\"name\":\"Recursos comunitarios y de salud mental\"}]},{\"@type\":\"WebSite\",\"@id\":\"https:\/\/georgiaaccess.gov\/es\/#website\",\"url\":\"https:\/\/georgiaaccess.gov\/es\/\",\"name\":\"Georgia Access\",\"description\":\"\",\"publisher\":{\"@id\":\"https:\/\/georgiaaccess.gov\/es\/#organization\"},\"potentialAction\":[{\"@type\":\"SearchAction\",\"target\":{\"@type\":\"EntryPoint\",\"urlTemplate\":\"https:\/\/georgiaaccess.gov\/es\/?s={search_term_string}\"},\"query-input\":{\"@type\":\"PropertyValueSpecification\",\"valueRequired\":true,\"valueName\":\"search_term_string\"}}],\"inLanguage\":\"es\"},{\"@type\":\"Organization\",\"@id\":\"https:\/\/georgiaaccess.gov\/es\/#organization\",\"name\":\"Georgia Access\",\"url\":\"https:\/\/georgiaaccess.gov\/es\/\",\"logo\":{\"@type\":\"ImageObject\",\"inLanguage\":\"es\",\"@id\":\"https:\/\/georgiaaccess.gov\/es\/#\/schema\/logo\/image\/\",\"url\":\"https:\/\/georgiaaccess.gov\/wp-content\/uploads\/2022\/10\/georgia-access-logo-stacked.svg\",\"contentUrl\":\"https:\/\/georgiaaccess.gov\/wp-content\/uploads\/2022\/10\/georgia-access-logo-stacked.svg\",\"width\":180,\"height\":56,\"caption\":\"Georgia Access\"},\"image\":{\"@id\":\"https:\/\/georgiaaccess.gov\/es\/#\/schema\/logo\/image\/\"}}]}<\/script>\n<!-- \/ Yoast SEO plugin. -->","yoast_head_json":{"title":"Recursos comunitarios y de salud mental | Acceso a Georgia","description":"Desde asistencia de salud mental hasta vacunas gratuitas, Georgia se enorgullece de ofrecer una amplia gama de servicios comunitarios y de salud mental asequibles para sus residentes.","robots":{"index":"index","follow":"follow","max-snippet":"max-snippet:-1","max-image-preview":"max-image-preview:large","max-video-preview":"max-video-preview:-1"},"canonical":"https:\/\/georgiaaccess.gov\/es\/recursos-comunitarios-y-de-salud-mental\/","og_locale":"es_ES","og_type":"article","og_title":"Recursos comunitarios y de salud mental | Acceso a Georgia","og_description":"Desde asistencia de salud mental hasta vacunas gratuitas, Georgia se enorgullece de ofrecer una amplia gama de servicios comunitarios y de salud mental asequibles para sus residentes.","og_url":"https:\/\/georgiaaccess.gov\/es\/recursos-comunitarios-y-de-salud-mental\/","og_site_name":"Georgia Access","article_modified_time":"2025-09-29T13:04:57+00:00","og_image":[{"width":2560,"height":348,"url":"https:\/\/georgiaaccess.gov\/wp-content\/uploads\/2025\/09\/help-and-support-header-scaled.jpg","type":"image\/jpeg"}],"twitter_card":"summary_large_image","twitter_misc":{"Tiempo de lectura":"2 minutos"},"schema":{"@context":"https:\/\/schema.org","@graph":[{"@type":"WebPage","@id":"https:\/\/georgiaaccess.gov\/es\/recursos-comunitarios-y-de-salud-mental\/","url":"https:\/\/georgiaaccess.gov\/es\/recursos-comunitarios-y-de-salud-mental\/","name":"Recursos comunitarios y de salud mental | Acceso a Georgia","isPartOf":{"@id":"https:\/\/georgiaaccess.gov\/es\/#website"},"primaryImageOfPage":{"@id":"https:\/\/georgiaaccess.gov\/es\/recursos-comunitarios-y-de-salud-mental\/#primaryimage"},"image":{"@id":"https:\/\/georgiaaccess.gov\/es\/recursos-comunitarios-y-de-salud-mental\/#primaryimage"},"thumbnailUrl":"https:\/\/georgiaaccess.gov\/wp-content\/uploads\/2025\/09\/help-and-support-header-scaled.jpg","datePublished":"2023-10-18T01:12:24+00:00","dateModified":"2025-09-29T13:04:57+00:00","description":"Desde asistencia de salud mental hasta vacunas gratuitas, Georgia se enorgullece de ofrecer una amplia gama de servicios comunitarios y de salud mental asequibles para sus residentes.","breadcrumb":{"@id":"https:\/\/georgiaaccess.gov\/es\/recursos-comunitarios-y-de-salud-mental\/#breadcrumb"},"inLanguage":"es","potentialAction":[{"@type":"ReadAction","target":["https:\/\/georgiaaccess.gov\/es\/recursos-comunitarios-y-de-salud-mental\/"]}]},{"@type":"ImageObject","inLanguage":"es","@id":"https:\/\/georgiaaccess.gov\/es\/recursos-comunitarios-y-de-salud-mental\/#primaryimage","url":"https:\/\/georgiaaccess.gov\/wp-content\/uploads\/2025\/09\/help-and-support-header-scaled.jpg","contentUrl":"https:\/\/georgiaaccess.gov\/wp-content\/uploads\/2025\/09\/help-and-support-header-scaled.jpg","width":2560,"height":348,"caption":"Female doctor providing help and support to her female patient."},{"@type":"BreadcrumbList","@id":"https:\/\/georgiaaccess.gov\/es\/recursos-comunitarios-y-de-salud-mental\/#breadcrumb","itemListElement":[{"@type":"ListItem","position":1,"name":"Home","item":"https:\/\/georgiaaccess.gov\/es\/"},{"@type":"ListItem","position":2,"name":"Recursos comunitarios y de salud mental"}]},{"@type":"WebSite","@id":"https:\/\/georgiaaccess.gov\/es\/#website","url":"https:\/\/georgiaaccess.gov\/es\/","name":"Georgia Access","description":"","publisher":{"@id":"https:\/\/georgiaaccess.gov\/es\/#organization"},"potentialAction":[{"@type":"SearchAction","target":{"@type":"EntryPoint","urlTemplate":"https:\/\/georgiaaccess.gov\/es\/?s={search_term_string}"},"query-input":{"@type":"PropertyValueSpecification","valueRequired":true,"valueName":"search_term_string"}}],"inLanguage":"es"},{"@type":"Organization","@id":"https:\/\/georgiaaccess.gov\/es\/#organization","name":"Georgia Access","url":"https:\/\/georgiaaccess.gov\/es\/","logo":{"@type":"ImageObject","inLanguage":"es","@id":"https:\/\/georgiaaccess.gov\/es\/#\/schema\/logo\/image\/","url":"https:\/\/georgiaaccess.gov\/wp-content\/uploads\/2022\/10\/georgia-access-logo-stacked.svg","contentUrl":"https:\/\/georgiaaccess.gov\/wp-content\/uploads\/2022\/10\/georgia-access-logo-stacked.svg","width":180,"height":56,"caption":"Georgia Access"},"image":{"@id":"https:\/\/georgiaaccess.gov\/es\/#\/schema\/logo\/image\/"}}]}},"uagb_featured_image_src":{"full":["https:\/\/georgiaaccess.gov\/wp-content\/uploads\/2025\/09\/help-and-support-header-scaled.jpg",2560,348,false],"thumbnail":["https:\/\/georgiaaccess.gov\/wp-content\/uploads\/2025\/09\/help-and-support-header-150x150.jpg",150,150,true],"medium":["https:\/\/georgiaaccess.gov\/wp-content\/uploads\/2025\/09\/help-and-support-header-300x41.jpg",300,41,true],"medium_large":["https:\/\/georgiaaccess.gov\/wp-content\/uploads\/2025\/09\/help-and-support-header-768x105.jpg",768,105,true],"large":["https:\/\/georgiaaccess.gov\/wp-content\/uploads\/2025\/09\/help-and-support-header-1024x139.jpg",1024,139,true],"1536x1536":["https:\/\/georgiaaccess.gov\/wp-content\/uploads\/2025\/09\/help-and-support-header-1536x209.jpg",1536,209,true],"2048x2048":["https:\/\/georgiaaccess.gov\/wp-content\/uploads\/2025\/09\/help-and-support-header-2048x279.jpg",2048,279,true]},"uagb_author_info":{"display_name":"notadmin","author_link":"https:\/\/georgiaaccess.gov\/es\/author\/notadmin\/"},"uagb_comment_info":0,"uagb_excerpt":"Desde asistencia de salud mental hasta vacunas gratuitas, Georgia se enorgullece de ofrecer una amplia gama de servicios comunitarios y de salud mental asequibles para sus residentes. Visite los siguientes sitios web de agencias para conocer los programas que brindan para ayudar a los georgianos a estar y mantenerse saludables. &nbsp;","_links":{"self":[{"href":"https:\/\/georgiaaccess.gov\/es\/wp-json\/wp\/v2\/pages\/3115","targetHints":{"allow":["GET"]}}],"collection":[{"href":"https:\/\/georgiaaccess.gov\/es\/wp-json\/wp\/v2\/pages"}],"about":[{"href":"https:\/\/georgiaaccess.gov\/es\/wp-json\/wp\/v2\/types\/page"}],"author":[{"embeddable":true,"href":"https:\/\/georgiaaccess.gov\/es\/wp-json\/wp\/v2\/users\/1"}],"replies":[{"embeddable":true,"href":"https:\/\/georgiaaccess.gov\/es\/wp-json\/wp\/v2\/comments?post=3115"}],"version-history":[{"count":7,"href":"https:\/\/georgiaaccess.gov\/es\/wp-json\/wp\/v2\/pages\/3115\/revisions"}],"predecessor-version":[{"id":8590,"href":"https:\/\/georgiaaccess.gov\/es\/wp-json\/wp\/v2\/pages\/3115\/revisions\/8590"}],"wp:featuredmedia":[{"embeddable":true,"href":"https:\/\/georgiaaccess.gov\/es\/wp-json\/wp\/v2\/media\/6613"}],"wp:attachment":[{"href":"https:\/\/georgiaaccess.gov\/es\/wp-json\/wp\/v2\/media?parent=3115"}],"curies":[{"name":"wp","href":"https:\/\/api.w.org\/{rel}","templated":true}]}}